{"id":1031,"date":"2024-12-19T06:17:09","date_gmt":"2024-12-19T06:17:09","guid":{"rendered":"https:\/\/fmp-components.com\/product\/10023-low-price-double-effect-hydraulic-piston-cylinder-for-trailer\/"},"modified":"2025-03-18T00:47:24","modified_gmt":"2025-03-18T00:47:24","slug":"10023-low-price-double-effect-hydraulic-piston-cylinder-for-trailer","status":"publish","type":"product","link":"https:\/\/fmp-components.com\/sl\/product\/10023-low-price-double-effect-hydraulic-piston-cylinder-for-trailer\/","title":{"rendered":"10023 Nizka cena dvojnega u\u010dinka hidravli\u010dnega bata za prikolico"},"content":{"rendered":"<h2>Predstavljamo izdelek 10023: Hidravli\u010dni batni valj z dvojnim u\u010dinkom po nizki ceni za prikolico<\/h2>\n<p>Izdelek 10023 je visokokakovosten hidravli\u010dni batni cilinder, posebej zasnovan za prikolice. Ta cilinder se pona\u0161a z edinstvenim mehanizmom dvojnega u\u010dinka, ki omogo\u010da gladko in u\u010dinkovito delovanje.<\/p>\n<p>Z robustno konstrukcijo in odli\u010dnimi zmogljivostmi je izdelek 10023 idealen za \u0161iroko paleto uporabe priklopnikov. Ne glede na to, ali morate dvigovati te\u017eke tovore ali zagotavljati natan\u010dno gibanje, ta hidravli\u010dni batni valj zagotavlja izjemne rezultate.<\/p>\n<p>Klju\u010dne lastnosti:<br \/>\n1. Mehanizem z dvojnim u\u010dinkom: Zasnova z dvojnim u\u010dinkom omogo\u010da tako iztegovanje kot vle\u010denje bata, kar zagotavlja optimalno u\u010dinkovitost in vsestranskost.<br \/>\n2. Vzdr\u017eljivost: Ta hidravli\u010dni cilinder je izdelan iz vrhunskih materialov in je zasnovan tako, da prenese velike obremenitve in zahtevna okolja, kar zagotavlja dolgotrajno delovanje.<br \/>\n3. Gladko delovanje: Napredni hidravli\u010dni sistem zagotavlja gladko in natan\u010dno upravljanje, kar upravljavcem zagotavlja samozavest in enostavno uporabo.<br \/>\n4. Enostavna namestitev: Izdelek 10023 je zasnovan za enostavno namestitev, kar zmanj\u0161uje \u010das izpada in pove\u010duje produktivnost.<\/p>\n<p><img decoding=\"async\" src=\"https:\/\/hzpt.com\/wp-content\/uploads\/2023\/12\/insert-4.webp?v=1694163707\" alt=\"\" title=\"\"><\/p>\n<p>Uporaba:<br \/>\n1. Prikolice: Ta hidravli\u010dni batni cilinder je idealen za razli\u010dne vrste priklopnikov, vklju\u010dno s priklopniki s plo\u0161\u010dadjo, prekucniki in delovnimi priklopniki.<br \/>\n2. Gradbena oprema: Izdelek 10023 se lahko uporablja v gradbenih strojih, kot so \u017eerjavi in \u200b\u200bbagri, za izbolj\u0161anje njihovih zmogljivosti dvigovanja in pozicioniranja.<br \/>\n3. Kmetijska mehanizacija: Zaradi zanesljivega delovanja je ta valj primeren za kmetijsko mehanizacijo, kot so kombajni in \u0161kropilnice.<\/p>\n<p>\u010ce i\u0161\u010dete cenovno ugoden hidravli\u010dni batni valj, ki ponuja dvojno delovanje in izjemno zmogljivost, je izdelek 10023 odli\u010dna izbira. Zaradi svoje vzdr\u017eljivosti, gladkega delovanja in enostavne namestitve je odli\u010dna re\u0161itev za prikolice in razli\u010dne druge aplikacije. FMP je vodilni ponudnik hidravli\u010dnih batnih valjev s sede\u017eem v Italiji. Na\u0161e podjetje je specializirano za proizvodnjo visokokakovostnih hidravli\u010dnih batnih valjev, ki ponujajo u\u010dinkovitost, vzdr\u017eljivost in cenovno dostopnost.<\/p>\n<h2>Prednosti varjenega cilindra s kle\u0161\u010dami<\/h2>\n<p>Varjeni cilindri z vidno glavo so zaradi svojih edinstvenih prednosti in koristi priljubljena izbira za \u0161tevilne industrijske aplikacije. Tukaj je nekaj klju\u010dnih prednosti varjenih cilindrov z vidno glavo:<\/p>\n<h3>1. Pove\u010dana trdnost in vzdr\u017eljivost<\/h3>\n<p>Varjeni cilindri z vidno glavo so izdelani z varjenim kon\u010dnim pokrovom, ki zagotavlja ve\u010djo trdnost in vzdr\u017eljivost v primerjavi z drugimi vrstami cilindrov. Zaradi tega so idealni za te\u017eke aplikacije, ki zahtevajo visoko stopnjo trdnosti in vzdr\u017eljivosti.<\/p>\n<p>Poleg tega varjena zasnova teh jeklenk pomeni, da je manj verjetno, da bodo pu\u0161\u010dale ali odpovedale, kar lahko pomaga zmanj\u0161ati izpade in stro\u0161ke vzdr\u017eevanja.<\/p>\n<h3>2. Sposobnost obvladovanja visokega pritiska<\/h3>\n<p>Varjeni cilindri z vidno glavo so primerni tudi za visokotla\u010dne aplikacije, zaradi \u010desar so priljubljena izbira v panogah, kot so gradbeni\u0161tvo, rudarstvo ter naftna in plinska industrija. Njihova sposobnost obvladovanja visokega tlaka zagotavlja zanesljivo delovanje v zahtevnih okoljih.<\/p>\n<h3>3. Prilagodljiva oblika<\/h3>\n<p>Varjene cilindre z vidno glavo je mogo\u010de oblikovati po meri, da ustrezajo specifi\u010dnim potrebam aplikacije. To pomeni, da jih je mogo\u010de prilagoditi dolo\u010deni velikosti, obliki ali zahtevam glede zmogljivosti. Prilagodljiva zasnova omogo\u010da tudi ve\u010djo fleksibilnost v proizvodnem procesu, kar lahko privede do prihranka stro\u0161kov.<\/p>\n<h3>4. Enostavna namestitev<\/h3>\n<p>Varjeni cilindri z vidno glavo so zasnovani za enostavno namestitev, kar pomaga skraj\u0161ati \u010das nastavitve in stro\u0161ke dela. Obi\u010dajno so vnaprej sestavljeni in pripravljeni za uporabo takoj po razpakiranju, kar zmanj\u0161a potrebo po dodatnih delih ali komponentah.<\/p>\n<h3>5. Izbolj\u0161ana zmogljivost<\/h3>\n<p>Zasnova varjenih cilindrov z vidno glavo omogo\u010da bolj\u0161o zmogljivost v primerjavi z drugimi vrstami cilindrov. Sposobni so ustvariti ve\u010djo silo na enoto tlaka, kar lahko pomaga izbolj\u0161ati u\u010dinkovitost in produktivnost v industrijskih aplikacijah.<\/p>\n<p>Na splo\u0161no varjeni cilindri z vidno glavo ponujajo vrsto prednosti in koristi, zaradi katerih so priljubljena izbira za \u0161tevilne industrijske aplikacije. Zaradi ve\u010dje trdnosti in vzdr\u017eljivosti, sposobnosti prena\u0161anja visokega tlaka, prilagodljive zasnove, enostavne namestitve in izbolj\u0161ane zmogljivosti so idealna izbira za zahtevna okolja, kjer sta zanesljivost in zmogljivost klju\u010dnega pomena.<\/p>\n<h2>Uporaba varjenega cilindra tipa Clevis<\/h2>\n<ul>\n<li><strong>Industrijski stroji:<\/strong> Varjeni cilindri z vidno glavo se pogosto uporabljajo v razli\u010dnih industrijskih strojih za te\u017eke aplikacije. Ti cilindri so sposobni ustvariti veliko silo za dvigovanje in stiskanje komponent v strojih. Varjena zasnova z vidno glavo omogo\u010da enostavno namestitev in u\u010dinkovito delovanje, zaradi \u010desar so priljubljena izbira med proizvajalci.\n<ul>\n<li>V predelovalni industriji se varjeni cilindri s \u010depnim zglobom uporabljajo v hidravli\u010dnih stiskalnicah, strojih za brizganje plastike in opremi za vtiskovanje kovin, da zagotovijo potrebno silo za oblikovanje kovinskih plo\u0161\u010d.<\/li>\n<li>V avtomobilski industriji se ti cilindri uporabljajo v avtomobilskih dvigalkah, dvigalih in monta\u017enih strojih za dvigovanje te\u017ekih komponent med proizvodnim procesom.<\/li>\n<li>V gradbeni industriji se varjeni cilindri tipa Clevis uporabljajo v \u017eerjavih, bagrih in buldo\u017eerjih za pogon hidravli\u010dnih sistemov, ki dvigujejo in premikajo te\u017eke tovore.<\/li>\n<\/ul>\n<\/li>\n<li><strong>Kmetijska mehanizacija:<\/strong> Kmetijska mehanizacija je eno najpomembnej\u0161ih podro\u010dij, kjer se uporabljajo varjeni cilindri z vidno glavo. Ti cilindri se uporabljajo v razli\u010dnih kmetijskih strojih, vklju\u010dno s traktorji, \u017eetvenimi stroji in plugi, da zagotovijo potrebno silo za pripravo tal, sajenje in \u017eetev.\n<ul>\n<li>V kmetijski industriji se varjeni cilindri tipa Clevis uporabljajo v plugih, kultivatorjih in sejalnicah, da zagotovijo potrebno silo za pripravo tal in setev semen.<\/li>\n<li>V industriji \u017eetve se ti cilindri uporabljajo v \u017eetvenih strojih, balirnih strojih in kosilnicah za pogon hidravli\u010dnih sistemov, ki zbirajo in preva\u017eajo pridelke.<\/li>\n<\/ul>\n<\/li>\n<li><strong>Vesoljska in obrambna industrija:<\/strong> Varjeni cilindri s vidno glavo se uporabljajo tudi v letalski in obrambni industriji, kjer se uporabljajo v \u0161tevilnih aplikacijah za letala, rakete, izstrelke in obrambne sisteme.\n<ul>\n<li>V letalski in vesoljski industriji se varjeni cilindri z vidno glavo uporabljajo v podvozjih letal, zakrilcih in zavorah, da zagotovijo potrebno silo za vzlet in pristanek.<\/li>\n<li>V obrambni industriji se ti cilindri uporabljajo v raketnih izstrelitvah, topovskih kupolah in tankovskih sistemih za pogon hidravli\u010dnih sistemov, ki nadzorujejo gibanje oro\u017eja in streliva.<\/li>\n<\/ul>\n<\/li>\n<li><strong>Pomorska industrija:<\/strong> Varjeni cilindri s vidno glavo se pogosto uporabljajo tudi v pomorski industriji, kjer se uporabljajo v razli\u010dnih aplikacijah za ladje, \u010dolne in podvodna vozila.\n<ul>\n<li>V ladijski industriji se varjeni cilindri tipa Clevis uporabljajo v \u017eerjavih, vitlih in opremi za ravnanje s tovorom, da zagotovijo potrebno silo za nakladanje in razkladanje tovora.<\/li>\n<li>V \u010dolnarstvu se ti cilindri uporabljajo v krmilnih sistemih, propelerjih in sidrnih sistemih za zagotavljanje potrebne sile za nadzor gibanja \u010dolnov in ladij.<\/li>\n<li>V industriji podvodnih vozil se varjeni cilindri s vidno glavo uporabljajo v podmornicah, daljinsko upravljanih vozilih (ROV) in potaplja\u0161ki opremi za zagotavljanje potrebne sile za podvodne operacije.<\/li>\n<\/ul>\n<\/li>\n<li><strong>Rudarska industrija:<\/strong> Varjeni cilindri s vidno glavo se uporabljajo tudi v rudarski industriji, kjer se uporabljajo v razli\u010dnih aplikacijah za pridobivanje mineralov in ravnanje z materiali.\n<ul>\n<li>V rudarski industriji se varjeni cilindri tipa Clevis uporabljajo v transportnih sistemih, vrtalnih strojih in hidravli\u010dnih bagrih, da zagotovijo potrebno silo za pridobivanje mineralov in materialov iz rudnikov in kamnolomov.<\/li>\n<\/ul>\n<\/li>\n<\/ul>\n<p><img decoding=\"async\" src=\"https:\/\/hzpt.com\/wp-content\/uploads\/2023\/12\/insert-2.webp\" alt=\"\" title=\"\"><\/p>\n<h2>O FMP-ju<\/h2>\n<p>Na\u0161im strankam pomagamo pri izbiri ustreznega hidravli\u010dnega olja in oljnega tesnila za hidravli\u010dni batni valj. Prav tako nudimo informacije o tem, kdaj in kako ju zamenjati, kako izmeriti hidravli\u010dni valj in kako deluje.<\/p>\n<p>V podjetju FMP smo vodilni na trgu pri proizvodnji hidravli\u010dnih cilindrov za mobilno mehanizacijo. Na\u0161i vrhunski izdelki vklju\u010dujejo hidravli\u010dne nagibne cilindre, hidravli\u010dne krmilne cilindre in hidravli\u010dne dvi\u017ene cilindre. Z letno proizvodno zmogljivostjo 200.000 kompletov in 300 kompletov razli\u010dne avtomatske CNC proizvodne opreme in opreme za avtomatsko monta\u017eo hidravli\u010dnih cilindrov zagotavljamo visokokakovostne izdelke.<\/p>\n<p>Dobavljamo tudi cilindre za vi\u0161inske delovne plo\u0161\u010dadi, hidravli\u010dne cilindre za industrijska vozila, cilindre za rotacijske vrtalne stroje, cilindre za tovornjake, hidravli\u010dne cilindre za gradbeno mehanizacijo, <b>Hidravli\u010dni cilindri za vili\u010darje<\/b>, cilindri za rudarske prekucnike in hidravli\u010dni cilindri za sanitarne stroje. Stranke vabimo, da jih prilagodijo svojim zahtevam.<\/p>\n<p>Na\u0161e podjetje izstopa s ponudbo visokokakovostnih izdelkov po ugodnih cenah, skupaj s skrbno storitvijo.<\/p>\n<p><img decoding=\"async\" src=\"https:\/\/hzpt.com\/wp-content\/uploads\/2023\/12\/insert-5.webp\" alt=\"Tovarna FMP\" title=\"\"><\/p>\n<h2>Pogosta vpra\u0161anja<\/h2>\n<ol>\n<li>V: Kako namestim hidravli\u010dni batni valj?<br \/>\nA: Podrobna navodila so na voljo ob nakupu.<\/li>\n<li>V: Kako pogosto naj menjam hidravli\u010dno olje?<br \/>\nA: To je odvisno od va\u0161e uporabe, vendar priporo\u010damo preverjanje vsakih \u0161est mesecev.<\/li>\n<li>V: Kak\u0161na je nosilnost hidravli\u010dnega batnega cilindra?<br \/>\nA: Nosilnost se razlikuje in jo je mogo\u010de zagotoviti na zahtevo.<\/li>\n<li>V: Kako vzdr\u017eujem hidravli\u010dni batni valj? O: Redni pregledi in \u010di\u0161\u010denje so klju\u010dnega pomena, prav tako pa tudi zagotavljanje \u010disto\u010de hidravli\u010dnega olja.<\/li>\n<li>V: Kje lahko dobim tehni\u010dno podporo za hidravli\u010dni batni valj?<br \/>\nA: Na\u0161a ekipa nudi popolno podporo za vse na\u0161e izdelke.<\/li>\n<\/ol>\n<p>Avtor: CX<\/p>","protected":false},"excerpt":{"rendered":"<p>Introducing Product 10023: Low Price Double Effect Hydraulic Piston Cylinder For Trailer Product 10023 is a high-quality hydraulic piston cylinder specifically designed for trailers. This cylinder boasts a unique double effect mechanism, allowing for smooth and efficient operation. With its robust construction and excellent performance, Product 10023 is perfect for a wide range of trailer [&hellip;]<\/p>","protected":false},"featured_media":1127,"comment_status":"closed","ping_status":"closed","template":"","meta":{"_et_pb_use_builder":"","_et_pb_old_content":"","_et_gb_content_width":""},"product_brand":[],"product_cat":[36],"product_tag":[34,38],"class_list":{"0":"post-1031","1":"product","2":"type-product","3":"status-publish","4":"has-post-thumbnail","6":"product_cat-welded-clevis-type-cylinder","7":"product_tag-hydraulic-cylinder","8":"product_tag-welded-clevis-type-cylinder","10":"first","11":"instock","12":"product-type-simple"},"_links":{"self":[{"href":"https:\/\/fmp-components.com\/sl\/wp-json\/wp\/v2\/product\/1031","targetHints":{"allow":["GET"]}}],"collection":[{"href":"https:\/\/fmp-components.com\/sl\/wp-json\/wp\/v2\/product"}],"about":[{"href":"https:\/\/fmp-components.com\/sl\/wp-json\/wp\/v2\/types\/product"}],"replies":[{"embeddable":true,"href":"https:\/\/fmp-components.com\/sl\/wp-json\/wp\/v2\/comments?post=1031"}],"wp:featuredmedia":[{"embeddable":true,"href":"https:\/\/fmp-components.com\/sl\/wp-json\/wp\/v2\/media\/1127"}],"wp:attachment":[{"href":"https:\/\/fmp-components.com\/sl\/wp-json\/wp\/v2\/media?parent=1031"}],"wp:term":[{"taxonomy":"product_brand","embeddable":true,"href":"https:\/\/fmp-components.com\/sl\/wp-json\/wp\/v2\/product_brand?post=1031"},{"taxonomy":"product_cat","embeddable":true,"href":"https:\/\/fmp-components.com\/sl\/wp-json\/wp\/v2\/product_cat?post=1031"},{"taxonomy":"product_tag","embeddable":true,"href":"https:\/\/fmp-components.com\/sl\/wp-json\/wp\/v2\/product_tag?post=1031"}],"curies":[{"name":"delovni list","href":"https:\/\/api.w.org\/{rel}","templated":true}]}}