{"id":1026,"date":"2024-12-19T06:16:24","date_gmt":"2024-12-19T06:16:24","guid":{"rendered":"https:\/\/fmp-components.com\/product\/10018-low-price-double-acting-welded-hydraulic-cylinder-for-agricultural\/"},"modified":"2024-12-26T08:53:44","modified_gmt":"2024-12-26T08:53:44","slug":"10018-low-price-double-acting-welded-hydraulic-cylinder-for-agricultural","status":"publish","type":"product","link":"https:\/\/fmp-components.com\/sl\/product\/10018-low-price-double-acting-welded-hydraulic-cylinder-for-agricultural\/","title":{"rendered":"10018 Nizka cena dvostransko delujo\u010di varjeni hidravli\u010dni cilinder za kmetijstvo"},"content":{"rendered":"<h2>Predstavitev izdelka:<\/h2>\n<p>Dvosmerno delujo\u010di varjeni hidravli\u010dni cilinder 10018 po nizki ceni za kmetijstvo je bistvena komponenta za razli\u010dne kmetijske aplikacije. Zaradi robustne zasnove in visokokakovostnih materialov je zanesljiva mo\u017enost za te\u017eka opravila.<\/p>\n<p>Ta hidravli\u010dni cilinder je zasnovan za dvojno delovanje in zagotavlja u\u010dinkovito delovanje tako pri iztegovanju kot vtegovanju. Ima varjeno ohi\u0161je cilindra iz visokokakovostnega jekla, kar zagotavlja vzdr\u017eljivost in odpornost proti obrabi.<\/p>\n<p>Batnica valja je prav tako izdelana iz visoko trdnostnega jekla, kar pove\u010duje njeno trdnost in vzdr\u017eljivost. Zaradi te lastnosti je primerna za uporabo v zahtevnih okoljih, ki zahtevajo odpornost proti koroziji, odrgninam in udarcem.<\/p>\n<p>Dvosmerno delujo\u010di varjeni hidravli\u010dni cilinder 10018 po nizki ceni za kmetijstvo je enostaven za namestitev in vzdr\u017eevanje, zaradi \u010desar je priljubljena izbira med kmeti in drugimi kmetijskimi strokovnjaki. Prav tako je cenovno ugoden, zaradi \u010desar je cenovno dostopna mo\u017enost za tiste z omejenim prora\u010dunom.<\/p>\n<p>Skratka, \u010de i\u0161\u010dete zanesljiv in visokozmogljiv hidravli\u010dni cilinder za svoje kmetijske potrebe, je dvosmerno delujo\u010di varjeni hidravli\u010dni cilinder 10018 po nizki ceni odli\u010dna izbira. Zaradi robustne zasnove, visokokakovostnih materialov in dvosmernega delovanja je idealen za \u0161irok spekter kmetijskih aplikacij.<\/p>\n<h2>Prednosti varjenega cilindra s kle\u0161\u010dami<\/h2>\n<p>Varjeni cilindri z vidno glavo so zaradi svojih edinstvenih prednosti in koristi priljubljena izbira za \u0161tevilne industrijske aplikacije. Tukaj je nekaj klju\u010dnih prednosti varjenih cilindrov z vidno glavo:<\/p>\n<h3>1. Pove\u010dana trdnost in vzdr\u017eljivost<\/h3>\n<p>Varjeni cilindri z vidno glavo so izdelani z varjenim kon\u010dnim pokrovom, ki zagotavlja ve\u010djo trdnost in vzdr\u017eljivost v primerjavi z drugimi vrstami cilindrov. Zaradi tega so idealni za te\u017eke aplikacije, ki zahtevajo visoko stopnjo trdnosti in vzdr\u017eljivosti.<\/p>\n<p>Poleg tega varjena zasnova teh jeklenk pomeni, da je manj verjetno, da bodo pu\u0161\u010dale ali odpovedale, kar lahko pomaga zmanj\u0161ati izpade in stro\u0161ke vzdr\u017eevanja.<\/p>\n<h3>2. Sposobnost obvladovanja visokega pritiska<\/h3>\n<p>Varjeni cilindri z vidno glavo so primerni tudi za visokotla\u010dne aplikacije, zaradi \u010desar so priljubljena izbira v panogah, kot so gradbeni\u0161tvo, rudarstvo ter naftna in plinska industrija. Njihova sposobnost obvladovanja visokega tlaka zagotavlja zanesljivo delovanje v zahtevnih okoljih.<\/p>\n<h3>3. Prilagodljiva oblika<\/h3>\n<p>Varjene cilindre z vidno glavo je mogo\u010de oblikovati po meri, da ustrezajo specifi\u010dnim potrebam aplikacije. To pomeni, da jih je mogo\u010de prilagoditi dolo\u010deni velikosti, obliki ali zahtevam glede zmogljivosti. Prilagodljiva zasnova omogo\u010da tudi ve\u010djo fleksibilnost v proizvodnem procesu, kar lahko privede do prihranka stro\u0161kov.<\/p>\n<h3>4. Enostavna namestitev<\/h3>\n<p>Varjeni cilindri z vidno glavo so zasnovani za enostavno namestitev, kar pomaga skraj\u0161ati \u010das nastavitve in stro\u0161ke dela. Obi\u010dajno so vnaprej sestavljeni in pripravljeni za uporabo takoj po razpakiranju, kar zmanj\u0161a potrebo po dodatnih delih ali komponentah.<\/p>\n<h3>5. Izbolj\u0161ana zmogljivost<\/h3>\n<p>Zasnova varjenih cilindrov z vidno glavo omogo\u010da bolj\u0161o zmogljivost v primerjavi z drugimi vrstami cilindrov. Sposobni so ustvariti ve\u010djo silo na enoto tlaka, kar lahko pomaga izbolj\u0161ati u\u010dinkovitost in produktivnost v industrijskih aplikacijah.<\/p>\n<p>Na splo\u0161no varjeni cilindri z vidno glavo ponujajo vrsto prednosti in koristi, zaradi katerih so priljubljena izbira za \u0161tevilne industrijske aplikacije. Zaradi ve\u010dje trdnosti in vzdr\u017eljivosti, sposobnosti prena\u0161anja visokega tlaka, prilagodljive zasnove, enostavne namestitve in izbolj\u0161ane zmogljivosti so idealna izbira za zahtevna okolja, kjer sta zanesljivost in zmogljivost klju\u010dnega pomena.<\/p>\n<p><img loading=\"lazy\" decoding=\"async\" class=\"alignnone size-full wp-image-1072\" src=\"https:\/\/fmp-components.com\/wp-content\/uploads\/2024\/12\/Welded-Clevis-Type-Cylinder3.webp\" alt=\"Varjeni valj tipa Clevis\" width=\"1616\" height=\"1229\" title=\"\" srcset=\"https:\/\/fmp-components.com\/wp-content\/uploads\/2024\/12\/Welded-Clevis-Type-Cylinder3.webp 1616w, https:\/\/fmp-components.com\/wp-content\/uploads\/2024\/12\/Welded-Clevis-Type-Cylinder3-1280x973.webp 1280w, https:\/\/fmp-components.com\/wp-content\/uploads\/2024\/12\/Welded-Clevis-Type-Cylinder3-980x745.webp 980w, https:\/\/fmp-components.com\/wp-content\/uploads\/2024\/12\/Welded-Clevis-Type-Cylinder3-480x365.webp 480w\" sizes=\"(min-width: 0px) and (max-width: 480px) 480px, (min-width: 481px) and (max-width: 980px) 980px, (min-width: 981px) and (max-width: 1280px) 1280px, (min-width: 1281px) 1616px, 100vw\" \/><\/p>\n<h2>Uporaba varjenega cilindra tipa Clevis<\/h2>\n<ul>\n<li><strong>Industrijski stroji:<\/strong> Varjeni cilindri z vidno glavo se pogosto uporabljajo v razli\u010dnih industrijskih strojih za te\u017eke aplikacije. Ti cilindri so sposobni ustvariti veliko silo za dvigovanje in stiskanje komponent v strojih. Varjena zasnova z vidno glavo omogo\u010da enostavno namestitev in u\u010dinkovito delovanje, zaradi \u010desar so priljubljena izbira med proizvajalci.\n<ul>\n<li>V predelovalni industriji se varjeni cilindri s \u010depnim zglobom uporabljajo v hidravli\u010dnih stiskalnicah, strojih za brizganje plastike in opremi za vtiskovanje kovin, da zagotovijo potrebno silo za oblikovanje kovinskih plo\u0161\u010d.<\/li>\n<li>V avtomobilski industriji se ti cilindri uporabljajo v avtomobilskih dvigalkah, dvigalih in monta\u017enih strojih za dvigovanje te\u017ekih komponent med proizvodnim procesom.<\/li>\n<li>V gradbeni industriji se varjeni cilindri tipa Clevis uporabljajo v \u017eerjavih, bagrih in buldo\u017eerjih za pogon hidravli\u010dnih sistemov, ki dvigujejo in premikajo te\u017eke tovore.<\/li>\n<\/ul>\n<\/li>\n<li><strong>Kmetijska mehanizacija:<\/strong> Kmetijska mehanizacija je eno najpomembnej\u0161ih podro\u010dij, kjer se uporabljajo varjeni cilindri z vidno glavo. Ti cilindri se uporabljajo v razli\u010dnih kmetijskih strojih, vklju\u010dno s traktorji, \u017eetvenimi stroji in plugi, da zagotovijo potrebno silo za pripravo tal, sajenje in \u017eetev.\n<ul>\n<li>V kmetijski industriji se varjeni cilindri tipa Clevis uporabljajo v plugih, kultivatorjih in sejalnicah, da zagotovijo potrebno silo za pripravo tal in setev semen.<\/li>\n<li>V industriji \u017eetve se ti cilindri uporabljajo v \u017eetvenih strojih, balirnih strojih in kosilnicah za pogon hidravli\u010dnih sistemov, ki zbirajo in preva\u017eajo pridelke.<\/li>\n<\/ul>\n<\/li>\n<li><strong>Vesoljska in obrambna industrija:<\/strong> Varjeni cilindri s vidno glavo se uporabljajo tudi v letalski in obrambni industriji, kjer se uporabljajo v \u0161tevilnih aplikacijah za letala, rakete, izstrelke in obrambne sisteme.\n<ul>\n<li>V letalski in vesoljski industriji se varjeni cilindri z vidno glavo uporabljajo v podvozjih letal, zakrilcih in zavorah, da zagotovijo potrebno silo za vzlet in pristanek.<\/li>\n<li>V obrambni industriji se ti cilindri uporabljajo v raketnih izstrelitvah, topovskih kupolah in tankovskih sistemih za pogon hidravli\u010dnih sistemov, ki nadzorujejo gibanje oro\u017eja in streliva.<\/li>\n<\/ul>\n<\/li>\n<li><strong>Pomorska industrija:<\/strong> Varjeni cilindri s vidno glavo se pogosto uporabljajo tudi v pomorski industriji, kjer se uporabljajo v razli\u010dnih aplikacijah za ladje, \u010dolne in podvodna vozila.\n<ul>\n<li>V ladijski industriji se varjeni cilindri tipa Clevis uporabljajo v \u017eerjavih, vitlih in opremi za ravnanje s tovorom, da zagotovijo potrebno silo za nakladanje in razkladanje tovora.<\/li>\n<li>V \u010dolnarstvu se ti cilindri uporabljajo v krmilnih sistemih, propelerjih in sidrnih sistemih za zagotavljanje potrebne sile za nadzor gibanja \u010dolnov in ladij.<\/li>\n<li>V industriji podvodnih vozil se varjeni cilindri s vidno glavo uporabljajo v podmornicah, daljinsko upravljanih vozilih (ROV) in potaplja\u0161ki opremi za zagotavljanje potrebne sile za podvodne operacije.<\/li>\n<\/ul>\n<\/li>\n<li><strong>Rudarska industrija:<\/strong> Varjeni cilindri s vidno glavo se uporabljajo tudi v rudarski industriji, kjer se uporabljajo v razli\u010dnih aplikacijah za pridobivanje mineralov in ravnanje z materiali.\n<ul>\n<li>V rudarski industriji se varjeni cilindri tipa Clevis uporabljajo v transportnih sistemih, vrtalnih strojih in hidravli\u010dnih bagrih, da zagotovijo potrebno silo za pridobivanje mineralov in materialov iz rudnikov in kamnolomov.<\/li>\n<\/ul>\n<\/li>\n<\/ul>\n<h2>O FMP-ju<\/h2>\n<p>FMP je vodilno ime na trgu hidravli\u010dnih cilindrov v Italiji z letno proizvodno zmogljivostjo 200.000 enot. Ponujamo \u0161iroko paleto izdelkov, vklju\u010dno s hidravli\u010dnimi nagibnimi cilindri, hidravli\u010dnimi krmilnimi cilindri in hidravli\u010dnimi dvi\u017enimi cilindri.<\/p>\n<p>Dobavljamo tudi oljne cilindre za vi\u0161inske delovne plo\u0161\u010dadi, hidravli\u010dne cilindre za industrijska vozila, oljne cilindre za rotacijske vrtalne plo\u0161\u010dadi, oljne cilindre za avtomobilske \u017eerjave, hidravli\u010dne cilindre za gradbeno mehanizacijo, <b>Hidravli\u010dni cilindri za vili\u010darje<\/b>, oljni cilindri za rudarske prekucnike in hidravli\u010dni cilindri za sanitarne stroje. Prilagoditev je mo\u017ena glede na zasnovo ali vzorec stranke.<\/p>\n<p><img decoding=\"async\" src=\"https:\/\/hzpt.com\/wp-content\/uploads\/2023\/12\/insert-5.webp\" alt=\"Tovarna FMP\" title=\"\"><\/p>\n<h2>Vpra\u0161anja in odgovori<\/h2>\n<ol>\n<li>V: Kak\u0161na je prostornina hidravli\u010dnega cilindra? O: Prostornino dolo\u010di stranka.<\/li>\n<li>V: Kak\u0161na je nosilnost hidravli\u010dnega cilindra? O: Nosilnost dolo\u010di stranka.<\/li>\n<li>V: Kak\u0161ne so dimenzije hidravli\u010dnega cilindra? O: Dimenzije dolo\u010di naro\u010dnik.<\/li>\n<li>V: Kako izmerim hidravli\u010dni valj? O: Valj lahko izmerite glede na njegovo izvrtino, hod in premer palice.<\/li>\n<li>V: Kako pogosto naj zamenjam oljno tesnilo? O: Oljno tesnilo je treba zamenjati, ko za\u010dne pu\u0161\u010dati.<\/li>\n<\/ol>\n<p>Avtor: CX<\/p>","protected":false},"excerpt":{"rendered":"<p>Product Introduction: The 10018 Low Price Double Acting Welded Hydraulic Cylinder for Agricultural is an essential component for various farming applications. Its sturdy design and high-quality materials make it a reliable option for heavy-duty tasks. This hydraulic cylinder is designed for double-acting operation, providing efficient performance for both extension and retraction. It features a welded [&hellip;]<\/p>","protected":false},"featured_media":1127,"comment_status":"closed","ping_status":"closed","template":"","meta":{"_et_pb_use_builder":"","_et_pb_old_content":"","_et_gb_content_width":""},"product_brand":[],"product_cat":[36],"product_tag":[34,38],"class_list":{"0":"post-1026","1":"product","2":"type-product","3":"status-publish","4":"has-post-thumbnail","6":"product_cat-welded-clevis-type-cylinder","7":"product_tag-hydraulic-cylinder","8":"product_tag-welded-clevis-type-cylinder","10":"first","11":"instock","12":"product-type-simple"},"_links":{"self":[{"href":"https:\/\/fmp-components.com\/sl\/wp-json\/wp\/v2\/product\/1026","targetHints":{"allow":["GET"]}}],"collection":[{"href":"https:\/\/fmp-components.com\/sl\/wp-json\/wp\/v2\/product"}],"about":[{"href":"https:\/\/fmp-components.com\/sl\/wp-json\/wp\/v2\/types\/product"}],"replies":[{"embeddable":true,"href":"https:\/\/fmp-components.com\/sl\/wp-json\/wp\/v2\/comments?post=1026"}],"wp:featuredmedia":[{"embeddable":true,"href":"https:\/\/fmp-components.com\/sl\/wp-json\/wp\/v2\/media\/1127"}],"wp:attachment":[{"href":"https:\/\/fmp-components.com\/sl\/wp-json\/wp\/v2\/media?parent=1026"}],"wp:term":[{"taxonomy":"product_brand","embeddable":true,"href":"https:\/\/fmp-components.com\/sl\/wp-json\/wp\/v2\/product_brand?post=1026"},{"taxonomy":"product_cat","embeddable":true,"href":"https:\/\/fmp-components.com\/sl\/wp-json\/wp\/v2\/product_cat?post=1026"},{"taxonomy":"product_tag","embeddable":true,"href":"https:\/\/fmp-components.com\/sl\/wp-json\/wp\/v2\/product_tag?post=1026"}],"curies":[{"name":"delovni list","href":"https:\/\/api.w.org\/{rel}","templated":true}]}}