{"id":1024,"date":"2024-12-19T06:16:24","date_gmt":"2024-12-19T06:16:24","guid":{"rendered":"https:\/\/fmp-components.com\/product\/10016-factory-direct-sale-double-acting-small-hydraulic-cylinder-for-agriculture\/"},"modified":"2024-12-26T08:53:25","modified_gmt":"2024-12-26T08:53:25","slug":"10016-factory-direct-sale-double-acting-small-hydraulic-cylinder-for-agriculture","status":"publish","type":"product","link":"https:\/\/fmp-components.com\/sl\/product\/10016-factory-direct-sale-double-acting-small-hydraulic-cylinder-for-agriculture\/","title":{"rendered":"10016 Tovarni\u0161ka neposredna prodaja dvodelni majhen hidravli\u010dni cilinder za kmetijstvo"},"content":{"rendered":"<h2>Predstavitev izdelka:<\/h2>\n<p>Dvosmerni hidravli\u010dni cilinder 10016, majhen, za kmetijstvo, je vsestranski in zanesljiv hidravli\u010dni cilinder, zasnovan za potrebe razli\u010dnih kmetijskih aplikacij. Ta hidravli\u010dni cilinder je izdelan iz visokokakovostnih materialov in napredne tehnologije, kar zagotavlja odli\u010dno delovanje, vzdr\u017eljivost in zanesljivost.<\/p>\n<p>Zna\u010dilnosti:<\/p>\n<p>1. Dvostransko delujo\u010da zasnova: Ta hidravli\u010dni cilinder je zasnovan tako, da zagotavlja zanesljivo in dosledno delovanje v obe smeri.<\/p>\n<p>2. Majhna velikost: S kompaktno in lahko zasnovo je ta hidravli\u010dni cilinder idealen za uporabo v majhnih in tesnih prostorih.<\/p>\n<p>3. Visokokakovostni materiali: Hidravli\u010dni cilinder 10016 je izdelan iz visoko trdnih materialov, ki so sposobni prenesti te\u017eke pogoje kmetijske uporabe.<\/p>\n<p>4. Enostavna namestitev: Ta hidravli\u010dni cilinder je enostaven za namestitev in zahteva minimalno vzdr\u017eevanje.<\/p>\n<p><img decoding=\"async\" src=\"https:\/\/hzpt.com\/wp-content\/uploads\/2023\/12\/insert-4.webp?v=1694163707\" alt=\"\" title=\"\"><\/p>\n<p>Skratka, tovarni\u0161ko prodajni dvosmerni majhen hidravli\u010dni cilinder 10016 za kmetijstvo je odli\u010dna izbira za vse, ki i\u0161\u010dejo visokokakovosten, zanesljiv in vsestranski hidravli\u010dni cilinder za kmetijsko uporabo. S svojo kompaktno zasnovo, napredno tehnologijo in trpe\u017eno konstrukcijo bo ta hidravli\u010dni cilinder zagotovo zadovoljil potrebe vsakega kmetijskega obrata.<\/p>\n<h2>Prednosti varjenega cilindra s kle\u0161\u010dami<\/h2>\n<p>Varjeni cilindri z vidno glavo so zaradi svojih edinstvenih prednosti in koristi priljubljena izbira za \u0161tevilne industrijske aplikacije. Tukaj je nekaj klju\u010dnih prednosti varjenih cilindrov z vidno glavo:<\/p>\n<h3>1. Pove\u010dana trdnost in vzdr\u017eljivost<\/h3>\n<p>Varjeni cilindri z vidno glavo so izdelani z varjenim kon\u010dnim pokrovom, ki zagotavlja ve\u010djo trdnost in vzdr\u017eljivost v primerjavi z drugimi vrstami cilindrov. Zaradi tega so idealni za te\u017eke aplikacije, ki zahtevajo visoko stopnjo trdnosti in vzdr\u017eljivosti.<\/p>\n<p>Poleg tega varjena zasnova teh jeklenk pomeni, da je manj verjetno, da bodo pu\u0161\u010dale ali odpovedale, kar lahko pomaga zmanj\u0161ati izpade in stro\u0161ke vzdr\u017eevanja.<\/p>\n<h3>2. Sposobnost obvladovanja visokega pritiska<\/h3>\n<p>Varjeni cilindri z vidno glavo so primerni tudi za visokotla\u010dne aplikacije, zaradi \u010desar so priljubljena izbira v panogah, kot so gradbeni\u0161tvo, rudarstvo ter naftna in plinska industrija. Njihova sposobnost obvladovanja visokega tlaka zagotavlja zanesljivo delovanje v zahtevnih okoljih.<\/p>\n<h3>3. Prilagodljiva oblika<\/h3>\n<p>Varjene cilindre z vidno glavo je mogo\u010de oblikovati po meri, da ustrezajo specifi\u010dnim potrebam aplikacije. To pomeni, da jih je mogo\u010de prilagoditi dolo\u010deni velikosti, obliki ali zahtevam glede zmogljivosti. Prilagodljiva zasnova omogo\u010da tudi ve\u010djo fleksibilnost v proizvodnem procesu, kar lahko privede do prihranka stro\u0161kov.<\/p>\n<h3>4. Enostavna namestitev<\/h3>\n<p>Varjeni cilindri z vidno glavo so zasnovani za enostavno namestitev, kar pomaga skraj\u0161ati \u010das nastavitve in stro\u0161ke dela. Obi\u010dajno so vnaprej sestavljeni in pripravljeni za uporabo takoj po razpakiranju, kar zmanj\u0161a potrebo po dodatnih delih ali komponentah.<\/p>\n<h3>5. Izbolj\u0161ana zmogljivost<\/h3>\n<p>Zasnova varjenih cilindrov z vidno glavo omogo\u010da bolj\u0161o zmogljivost v primerjavi z drugimi vrstami cilindrov. Sposobni so ustvariti ve\u010djo silo na enoto tlaka, kar lahko pomaga izbolj\u0161ati u\u010dinkovitost in produktivnost v industrijskih aplikacijah.<\/p>\n<p>Na splo\u0161no varjeni cilindri z vidno glavo ponujajo vrsto prednosti in koristi, zaradi katerih so priljubljena izbira za \u0161tevilne industrijske aplikacije. Zaradi ve\u010dje trdnosti in vzdr\u017eljivosti, sposobnosti prena\u0161anja visokega tlaka, prilagodljive zasnove, enostavne namestitve in izbolj\u0161ane zmogljivosti so idealna izbira za zahtevna okolja, kjer sta zanesljivost in zmogljivost klju\u010dnega pomena.<\/p>\n<p><img decoding=\"async\" src=\"https:\/\/hzpt.com\/wp-content\/uploads\/2023\/12\/insert-1.webp\" alt=\"\" title=\"\"><\/p>\n<h2>Uporaba varjenega cilindra tipa Clevis<\/h2>\n<ul>\n<li><strong>Industrijski stroji:<\/strong> Varjeni cilindri z vidno glavo se pogosto uporabljajo v razli\u010dnih industrijskih strojih za te\u017eke aplikacije. Ti cilindri so sposobni ustvariti veliko silo za dvigovanje in stiskanje komponent v strojih. Varjena zasnova z vidno glavo omogo\u010da enostavno namestitev in u\u010dinkovito delovanje, zaradi \u010desar so priljubljena izbira med proizvajalci.\n<ul>\n<li>V predelovalni industriji se varjeni cilindri s \u010depnim zglobom uporabljajo v hidravli\u010dnih stiskalnicah, strojih za brizganje plastike in opremi za vtiskovanje kovin, da zagotovijo potrebno silo za oblikovanje kovinskih plo\u0161\u010d.<\/li>\n<li>V avtomobilski industriji se ti cilindri uporabljajo v avtomobilskih dvigalkah, dvigalih in monta\u017enih strojih za dvigovanje te\u017ekih komponent med proizvodnim procesom.<\/li>\n<li>V gradbeni industriji se varjeni cilindri tipa Clevis uporabljajo v \u017eerjavih, bagrih in buldo\u017eerjih za pogon hidravli\u010dnih sistemov, ki dvigujejo in premikajo te\u017eke tovore.<\/li>\n<\/ul>\n<\/li>\n<li><strong>Kmetijska mehanizacija:<\/strong> Kmetijska mehanizacija je eno najpomembnej\u0161ih podro\u010dij, kjer se uporabljajo varjeni cilindri z vidno glavo. Ti cilindri se uporabljajo v razli\u010dnih kmetijskih strojih, vklju\u010dno s traktorji, \u017eetvenimi stroji in plugi, da zagotovijo potrebno silo za pripravo tal, sajenje in \u017eetev.\n<ul>\n<li>V kmetijski industriji se varjeni cilindri tipa Clevis uporabljajo v plugih, kultivatorjih in sejalnicah, da zagotovijo potrebno silo za pripravo tal in setev semen.<\/li>\n<li>V industriji \u017eetve se ti cilindri uporabljajo v \u017eetvenih strojih, balirnih strojih in kosilnicah za pogon hidravli\u010dnih sistemov, ki zbirajo in preva\u017eajo pridelke.<\/li>\n<\/ul>\n<\/li>\n<li><strong>Vesoljska in obrambna industrija:<\/strong> Varjeni cilindri s vidno glavo se uporabljajo tudi v letalski in obrambni industriji, kjer se uporabljajo v \u0161tevilnih aplikacijah za letala, rakete, izstrelke in obrambne sisteme.\n<ul>\n<li>V letalski in vesoljski industriji se varjeni cilindri z vidno glavo uporabljajo v podvozjih letal, zakrilcih in zavorah, da zagotovijo potrebno silo za vzlet in pristanek.<\/li>\n<li>V obrambni industriji se ti cilindri uporabljajo v raketnih izstrelitvah, topovskih kupolah in tankovskih sistemih za pogon hidravli\u010dnih sistemov, ki nadzorujejo gibanje oro\u017eja in streliva.<\/li>\n<\/ul>\n<\/li>\n<li><strong>Pomorska industrija:<\/strong> Varjeni cilindri s vidno glavo se pogosto uporabljajo tudi v pomorski industriji, kjer se uporabljajo v razli\u010dnih aplikacijah za ladje, \u010dolne in podvodna vozila.\n<ul>\n<li>V ladijski industriji se varjeni cilindri tipa Clevis uporabljajo v \u017eerjavih, vitlih in opremi za ravnanje s tovorom, da zagotovijo potrebno silo za nakladanje in razkladanje tovora.<\/li>\n<li>V \u010dolnarstvu se ti cilindri uporabljajo v krmilnih sistemih, propelerjih in sidrnih sistemih za zagotavljanje potrebne sile za nadzor gibanja \u010dolnov in ladij.<\/li>\n<li>V industriji podvodnih vozil se varjeni cilindri s vidno glavo uporabljajo v podmornicah, daljinsko upravljanih vozilih (ROV) in potaplja\u0161ki opremi za zagotavljanje potrebne sile za podvodne operacije.<\/li>\n<\/ul>\n<\/li>\n<li><strong>Rudarska industrija:<\/strong> Varjeni cilindri s vidno glavo se uporabljajo tudi v rudarski industriji, kjer se uporabljajo v razli\u010dnih aplikacijah za pridobivanje mineralov in ravnanje z materiali.\n<ul>\n<li>V rudarski industriji se varjeni cilindri tipa Clevis uporabljajo v transportnih sistemih, vrtalnih strojih in hidravli\u010dnih bagrih, da zagotovijo potrebno silo za pridobivanje mineralov in materialov iz rudnikov in kamnolomov.<\/li>\n<\/ul>\n<\/li>\n<\/ul>\n<h2>O FMP-ju<\/h2>\n<p>FMP ima vodilni polo\u017eaj na italijanskem podtrgu hidravli\u010dnih cilindrov za mobilno mehanizacijo. Na\u0161a ponudba izdelkov vklju\u010duje hidravli\u010dne nagibne cilindre, hidravli\u010dne krmilne cilindre in hidravli\u010dne dvi\u017ene cilindre. Z zmogljivostjo 200.000 kompletov uporabljamo 300 kompletov razli\u010dne avtomatske CNC proizvodne opreme ter avtomatsko opremo za monta\u017eo hidravli\u010dnih cilindrov.<\/p>\n<p>FMP ponosno ponuja visokokakovostne izdelke po konkuren\u010dnih cenah, ki jih podpira na\u0161a izjemna storitev. Dobavljamo tudi cilindre delovnih plo\u0161\u010dadi za dvigala, hidravli\u010dne cilindre industrijskih vozil, cilindre rotacijskih vrtalnih strojev, cilindre avtodvigal, hidravli\u010dne cilindre gradbenih strojev, <b>Hidravli\u010dni cilindri za vili\u010darje<\/b>, cilindri za prekucnike za rudarstvo in hidravli\u010dni cilindri za sanitarne stroje. Naro\u010dila po meri so dobrodo\u0161la glede na va\u0161e specifikacije.<\/p>\n<p><img decoding=\"async\" src=\"https:\/\/hzpt.com\/wp-content\/uploads\/2023\/12\/insert-5.webp\" alt=\"Tovarni\u0161ka slika\" title=\"\"><\/p>\n<h2>Pogosta vpra\u0161anja<\/h2>\n<ol>\n<li>V: Kak\u0161na je nosilnost hidravli\u010dnega cilindra? O: Odvisno je od modela.<\/li>\n<li>V: Kako deluje dvosmerno delujo\u010di hidravli\u010dni cilinder? O: Zaradi tla\u010dne teko\u010dine v valju izvaja silo v dveh smereh.<\/li>\n<li>V: Kak\u0161na je uporaba tega hidravli\u010dnega cilindra? O: Pogosto se uporablja v kmetijski mehanizaciji.<\/li>\n<li>V: Kako vzdr\u017eujem hidravli\u010dni valj? O: Redni pregledi in pravilna izbira hidravli\u010dnega olja in tesnil bodo zagotovili njegovo dolgo \u017eivljenjsko dobo.<\/li>\n<li>V: Ali lahko prilagodim svoje naro\u010dilo? O: Da, FMP sprejema naro\u010dila po meri glede na va\u0161e specifikacije.<\/li>\n<\/ol>\n<p>Avtor: CX<\/p>","protected":false},"excerpt":{"rendered":"<p>Product Introduction: The 10016 Factory Direct Sale Double Acting Small Hydraulic Cylinder for Agriculture is a versatile and reliable hydraulic cylinder that is designed to meet the needs of various agricultural applications. This hydraulic cylinder is built with high-quality materials and advanced technology to ensure excellent performance, durability, and reliability. Features: 1. Double-acting design: This [&hellip;]<\/p>","protected":false},"featured_media":1127,"comment_status":"closed","ping_status":"closed","template":"","meta":{"_et_pb_use_builder":"","_et_pb_old_content":"","_et_gb_content_width":""},"product_brand":[],"product_cat":[36],"product_tag":[34,38],"class_list":{"0":"post-1024","1":"product","2":"type-product","3":"status-publish","4":"has-post-thumbnail","6":"product_cat-welded-clevis-type-cylinder","7":"product_tag-hydraulic-cylinder","8":"product_tag-welded-clevis-type-cylinder","10":"first","11":"instock","12":"product-type-simple"},"_links":{"self":[{"href":"https:\/\/fmp-components.com\/sl\/wp-json\/wp\/v2\/product\/1024","targetHints":{"allow":["GET"]}}],"collection":[{"href":"https:\/\/fmp-components.com\/sl\/wp-json\/wp\/v2\/product"}],"about":[{"href":"https:\/\/fmp-components.com\/sl\/wp-json\/wp\/v2\/types\/product"}],"replies":[{"embeddable":true,"href":"https:\/\/fmp-components.com\/sl\/wp-json\/wp\/v2\/comments?post=1024"}],"wp:featuredmedia":[{"embeddable":true,"href":"https:\/\/fmp-components.com\/sl\/wp-json\/wp\/v2\/media\/1127"}],"wp:attachment":[{"href":"https:\/\/fmp-components.com\/sl\/wp-json\/wp\/v2\/media?parent=1024"}],"wp:term":[{"taxonomy":"product_brand","embeddable":true,"href":"https:\/\/fmp-components.com\/sl\/wp-json\/wp\/v2\/product_brand?post=1024"},{"taxonomy":"product_cat","embeddable":true,"href":"https:\/\/fmp-components.com\/sl\/wp-json\/wp\/v2\/product_cat?post=1024"},{"taxonomy":"product_tag","embeddable":true,"href":"https:\/\/fmp-components.com\/sl\/wp-json\/wp\/v2\/product_tag?post=1024"}],"curies":[{"name":"delovni list","href":"https:\/\/api.w.org\/{rel}","templated":true}]}}