{"id":1021,"date":"2024-12-19T06:16:24","date_gmt":"2024-12-19T06:16:24","guid":{"rendered":"https:\/\/fmp-components.com\/product\/10013-factory-serving-stainless-steel-double-acting-hydraulic-cylinder-for-subsoiler\/"},"modified":"2025-03-18T00:48:23","modified_gmt":"2025-03-18T00:48:23","slug":"10013-factory-serving-stainless-steel-double-acting-hydraulic-cylinder-for-subsoiler","status":"publish","type":"product","link":"https:\/\/fmp-components.com\/sl\/product\/10013-factory-serving-stainless-steel-double-acting-hydraulic-cylinder-for-subsoiler\/","title":{"rendered":"10013 Tovarni\u0161ko delujo\u010di hidravli\u010dni cilinder iz nerjave\u010dega jekla z dvojnim delovanjem za podkopavanje"},"content":{"rendered":"<h2>Izdelek 10013 Tovarni\u0161ko dobavljen dvosmerni hidravli\u010dni cilinder iz nerjave\u010dega jekla za podkopavanje<\/h2>\n<p>Izdelek 10013 Tovarni\u0161ko delujo\u010di hidravli\u010dni cilinder iz nerjave\u010dega jekla za podkopavanje je zasnovan za u\u010dinkovito in zanesljivo delovanje pri podkopavanju. Ta hidravli\u010dni cilinder, izdelan iz visokokakovostnega nerjave\u010dega jekla, ponuja izjemno vzdr\u017eljivost in odpornost proti koroziji, kar zagotavlja dolgo \u017eivljenjsko dobo tudi v te\u017ekih pogojih.<\/p>\n<p>Ta hidravli\u010dni cilinder z dvojnim delovanjem omogo\u010da natan\u010den nadzor in u\u010dinkovito delovanje. Omogo\u010da rahljalniku enostavno prodiranje v zemljo, kar pove\u010duje u\u010dinkovitost postopka rahljanja. Zaradi svoje robustne konstrukcije in zanesljivega delovanja je ta hidravli\u010dni cilinder dragocen dodatek k vsaki opremi za rahljalnik.<\/p>\n<p><img decoding=\"async\" src=\"https:\/\/hzpt.com\/wp-content\/uploads\/2023\/12\/insert-4.webp?v=1694163707\" alt=\"\" title=\"\"><\/p>\n<p>Izdelek 10013 Tovarni\u0161ko delujo\u010di hidravli\u010dni cilinder iz nerjave\u010dega jekla za podkopavanje izdeluje na\u0161a namenska tovarna, kar zagotavlja vrhunsko kakovost in skladnost s strogimi industrijskimi standardi. Na\u0161a ekipa strokovnjakov skrbno izdela vsak cilinder in je pozorna na vsako podrobnost, da zagotovi optimalno delovanje in zadovoljstvo strank.<\/p>\n<p>Skratka, izdelek 10013 Tovarni\u0161ko delujo\u010di hidravli\u010dni cilinder iz nerjave\u010dega jekla za podrahljalnik je zanesljiv in vzdr\u017eljiv hidravli\u010dni cilinder, ki je posebej zasnovan za podrahljalnike. Zaradi svoje konstrukcije iz nerjave\u010dega jekla, dvojno delujo\u010de zasnove in natan\u010dnega in\u017eeniringa je idealna izbira za izbolj\u0161anje zmogljivosti in u\u010dinkovitosti opreme za podrahljalnike.<\/p>\n<h2>Predstavljamo vam dvosmerno delujo\u010di hidravli\u010dni cilinder iz nerjave\u010dega jekla podjetja FMP za rahljalnike podtalnice<\/h2>\n<p>FMP, ustanovljen leta 2006, je vodilni proizvajalec hidravli\u010dnih cilindrov s sede\u017eem v Italiji. Na\u0161 dvosmerno delujo\u010di hidravli\u010dni cilinder iz nerjave\u010dega jekla za rahljalnike zagotavlja visokokakovostno delovanje in vzdr\u017eljivost za vse va\u0161e kmetijske potrebe.<\/p>\n<p><img decoding=\"async\" src=\"https:\/\/hzpt.com\/wp-content\/uploads\/2023\/12\/insert-3.webp\" alt=\"\" title=\"\"><\/p>\n<h2>Prednosti varjenega cilindra s kle\u0161\u010dami<\/h2>\n<p>Varjeni cilindri z vidno glavo so zaradi svojih edinstvenih prednosti in koristi priljubljena izbira za \u0161tevilne industrijske aplikacije. Tukaj je nekaj klju\u010dnih prednosti varjenih cilindrov z vidno glavo:<\/p>\n<h3>1. Pove\u010dana trdnost in vzdr\u017eljivost<\/h3>\n<p>Varjeni cilindri z vidno glavo so izdelani z varjenim kon\u010dnim pokrovom, ki zagotavlja ve\u010djo trdnost in vzdr\u017eljivost v primerjavi z drugimi vrstami cilindrov. Zaradi tega so idealni za te\u017eke aplikacije, ki zahtevajo visoko stopnjo trdnosti in vzdr\u017eljivosti.<\/p>\n<p>Poleg tega varjena zasnova teh jeklenk pomeni, da je manj verjetno, da bodo pu\u0161\u010dale ali odpovedale, kar lahko pomaga zmanj\u0161ati izpade in stro\u0161ke vzdr\u017eevanja.<\/p>\n<h3>2. Sposobnost obvladovanja visokega pritiska<\/h3>\n<p>Varjeni cilindri z vidno glavo so primerni tudi za visokotla\u010dne aplikacije, zaradi \u010desar so priljubljena izbira v panogah, kot so gradbeni\u0161tvo, rudarstvo ter naftna in plinska industrija. Njihova sposobnost obvladovanja visokega tlaka zagotavlja zanesljivo delovanje v zahtevnih okoljih.<\/p>\n<h3>3. Prilagodljiva oblika<\/h3>\n<p>Varjene cilindre z vidno glavo je mogo\u010de oblikovati po meri, da ustrezajo specifi\u010dnim potrebam aplikacije. To pomeni, da jih je mogo\u010de prilagoditi dolo\u010deni velikosti, obliki ali zahtevam glede zmogljivosti. Prilagodljiva zasnova omogo\u010da tudi ve\u010djo fleksibilnost v proizvodnem procesu, kar lahko privede do prihranka stro\u0161kov.<\/p>\n<h3>4. Enostavna namestitev<\/h3>\n<p>Varjeni cilindri z vidno glavo so zasnovani za enostavno namestitev, kar pomaga skraj\u0161ati \u010das nastavitve in stro\u0161ke dela. Obi\u010dajno so vnaprej sestavljeni in pripravljeni za uporabo takoj po razpakiranju, kar zmanj\u0161a potrebo po dodatnih delih ali komponentah.<\/p>\n<h3>5. Izbolj\u0161ana zmogljivost<\/h3>\n<p>Zasnova varjenih cilindrov z vidno glavo omogo\u010da bolj\u0161o zmogljivost v primerjavi z drugimi vrstami cilindrov. Sposobni so ustvariti ve\u010djo silo na enoto tlaka, kar lahko pomaga izbolj\u0161ati u\u010dinkovitost in produktivnost v industrijskih aplikacijah.<\/p>\n<p>Na splo\u0161no varjeni cilindri z vidno glavo ponujajo vrsto prednosti in koristi, zaradi katerih so priljubljena izbira za \u0161tevilne industrijske aplikacije. Zaradi ve\u010dje trdnosti in vzdr\u017eljivosti, sposobnosti prena\u0161anja visokega tlaka, prilagodljive zasnove, enostavne namestitve in izbolj\u0161ane zmogljivosti so idealna izbira za zahtevna okolja, kjer sta zanesljivost in zmogljivost klju\u010dnega pomena.<\/p>\n<p><img loading=\"lazy\" decoding=\"async\" class=\"alignnone size-full wp-image-1072\" src=\"https:\/\/fmp-components.com\/wp-content\/uploads\/2024\/12\/Welded-Clevis-Type-Cylinder3.webp\" alt=\"Varjeni valj tipa Clevis\" width=\"1616\" height=\"1229\" title=\"\" srcset=\"https:\/\/fmp-components.com\/wp-content\/uploads\/2024\/12\/Welded-Clevis-Type-Cylinder3.webp 1616w, https:\/\/fmp-components.com\/wp-content\/uploads\/2024\/12\/Welded-Clevis-Type-Cylinder3-1280x973.webp 1280w, https:\/\/fmp-components.com\/wp-content\/uploads\/2024\/12\/Welded-Clevis-Type-Cylinder3-980x745.webp 980w, https:\/\/fmp-components.com\/wp-content\/uploads\/2024\/12\/Welded-Clevis-Type-Cylinder3-480x365.webp 480w\" sizes=\"(min-width: 0px) and (max-width: 480px) 480px, (min-width: 481px) and (max-width: 980px) 980px, (min-width: 981px) and (max-width: 1280px) 1280px, (min-width: 1281px) 1616px, 100vw\" \/><\/p>\n<h2>Uporaba varjenega cilindra tipa Clevis<\/h2>\n<ul>\n<li><strong>Industrijski stroji:<\/strong> Varjeni cilindri z vidno glavo se pogosto uporabljajo v razli\u010dnih industrijskih strojih za te\u017eke aplikacije. Ti cilindri so sposobni ustvariti veliko silo za dvigovanje in stiskanje komponent v strojih. Varjena zasnova z vidno glavo omogo\u010da enostavno namestitev in u\u010dinkovito delovanje, zaradi \u010desar so priljubljena izbira med proizvajalci.\n<ul>\n<li>V predelovalni industriji se varjeni cilindri s \u010depnim zglobom uporabljajo v hidravli\u010dnih stiskalnicah, strojih za brizganje plastike in opremi za vtiskovanje kovin, da zagotovijo potrebno silo za oblikovanje kovinskih plo\u0161\u010d.<\/li>\n<li>V avtomobilski industriji se ti cilindri uporabljajo v avtomobilskih dvigalkah, dvigalih in monta\u017enih strojih za dvigovanje te\u017ekih komponent med proizvodnim procesom.<\/li>\n<li>V gradbeni industriji se varjeni cilindri tipa Clevis uporabljajo v \u017eerjavih, bagrih in buldo\u017eerjih za pogon hidravli\u010dnih sistemov, ki dvigujejo in premikajo te\u017eke tovore.<\/li>\n<\/ul>\n<\/li>\n<li><strong>Kmetijska mehanizacija:<\/strong> Kmetijska mehanizacija je eno najpomembnej\u0161ih podro\u010dij, kjer se uporabljajo varjeni cilindri z vidno glavo. Ti cilindri se uporabljajo v razli\u010dnih kmetijskih strojih, vklju\u010dno s traktorji, \u017eetvenimi stroji in plugi, da zagotovijo potrebno silo za pripravo tal, sajenje in \u017eetev.\n<ul>\n<li>V kmetijski industriji se varjeni cilindri tipa Clevis uporabljajo v plugih, kultivatorjih in sejalnicah, da zagotovijo potrebno silo za pripravo tal in setev semen.<\/li>\n<li>V industriji \u017eetve se ti cilindri uporabljajo v \u017eetvenih strojih, balirnih strojih in kosilnicah za pogon hidravli\u010dnih sistemov, ki zbirajo in preva\u017eajo pridelke.<\/li>\n<\/ul>\n<\/li>\n<li><strong>Vesoljska in obrambna industrija:<\/strong> Varjeni cilindri s vidno glavo se uporabljajo tudi v letalski in obrambni industriji, kjer se uporabljajo v \u0161tevilnih aplikacijah za letala, rakete, izstrelke in obrambne sisteme.\n<ul>\n<li>V letalski in vesoljski industriji se varjeni cilindri z vidno glavo uporabljajo v podvozjih letal, zakrilcih in zavorah, da zagotovijo potrebno silo za vzlet in pristanek.<\/li>\n<li>V obrambni industriji se ti cilindri uporabljajo v raketnih izstrelitvah, topovskih kupolah in tankovskih sistemih za pogon hidravli\u010dnih sistemov, ki nadzorujejo gibanje oro\u017eja in streliva.<\/li>\n<\/ul>\n<\/li>\n<li><strong>Pomorska industrija:<\/strong> Varjeni cilindri s vidno glavo se pogosto uporabljajo tudi v pomorski industriji, kjer se uporabljajo v razli\u010dnih aplikacijah za ladje, \u010dolne in podvodna vozila.\n<ul>\n<li>V ladijski industriji se varjeni cilindri tipa Clevis uporabljajo v \u017eerjavih, vitlih in opremi za ravnanje s tovorom, da zagotovijo potrebno silo za nakladanje in razkladanje tovora.<\/li>\n<li>V \u010dolnarstvu se ti cilindri uporabljajo v krmilnih sistemih, propelerjih in sidrnih sistemih za zagotavljanje potrebne sile za nadzor gibanja \u010dolnov in ladij.<\/li>\n<li>V industriji podvodnih vozil se varjeni cilindri s vidno glavo uporabljajo v podmornicah, daljinsko upravljanih vozilih (ROV) in potaplja\u0161ki opremi za zagotavljanje potrebne sile za podvodne operacije.<\/li>\n<\/ul>\n<\/li>\n<li><strong>Rudarska industrija:<\/strong> Varjeni cilindri s vidno glavo se uporabljajo tudi v rudarski industriji, kjer se uporabljajo v razli\u010dnih aplikacijah za pridobivanje mineralov in ravnanje z materiali.\n<ul>\n<li>V rudarski industriji se varjeni cilindri tipa Clevis uporabljajo v transportnih sistemih, vrtalnih strojih in hidravli\u010dnih bagrih, da zagotovijo potrebno silo za pridobivanje mineralov in materialov iz rudnikov in kamnolomov.<\/li>\n<\/ul>\n<\/li>\n<\/ul>\n<h2>O izdelkih FMP<\/h2>\n<p>FMP ponuja \u0161iroko paleto hidravli\u010dnih cilindrov, vklju\u010dno s hidravli\u010dnimi nagibnimi cilindri, hidravli\u010dnimi krmilnimi cilindri in hidravli\u010dnimi dvi\u017enimi cilindri. Vsi na\u0161i izdelki so izdelani natan\u010dno, kar zagotavlja zanesljivo delovanje in dolgo \u017eivljenjsko dobo.<\/p>\n<p>Izbira pravega hidravli\u010dnega olja in tesnila je klju\u010dnega pomena za delovanje in dolgo \u017eivljenjsko dobo va\u0161ega hidravli\u010dnega cilindra. Na\u0161a ekipa strokovnjakov vam lahko pomaga pri izbiri pravega izdelka glede na va\u0161e specifi\u010dne potrebe in zahteve.<\/p>\n<h2>O FMP-ju<\/h2>\n<p>FMP je vodilni akter na trgu hidravli\u010dnih cilindrov za mobilne stroje v Italiji, s proizvodno zmogljivostjo 200.000 kompletov in 300 kompletov razli\u010dne popolnoma avtomatske CNC proizvodne opreme. Ponujamo visokokakovostne hidravli\u010dne cilindre po konkuren\u010dnih cenah in nudimo tudi prilagoditve na podlagi risb ali vzorcev.<\/p>\n<p>Ponujamo tudi hidravli\u010dne cilindre za delovne plo\u0161\u010dadi, hidravli\u010dne cilindre za industrijska vozila, hidravli\u010dne cilindre za rotacijske vrtalne stroje, hidravli\u010dne cilindre za avtomobilske \u017eerjave, hidravli\u010dne cilindre za gradbeno mehanizacijo, hidravli\u010dne cilindre za vili\u010darje, cilindre za rudarske prekucnike in hidravli\u010dne cilindre za sanitarne stroje.<\/p>\n<p>Zaupajte FMP za kakovostne izdelke, ugodne cene in skrbno storitev.<\/p>\n<p><img decoding=\"async\" src=\"https:\/\/hzpt.com\/wp-content\/uploads\/2023\/12\/insert-5.webp\" alt=\"Tovarna FMP\" title=\"\"><\/p>\n<h2>Pogosto zastavljena vpra\u0161anja<\/h2>\n<h3>V1: Kak\u0161na je prostornina va\u0161ega hidravli\u010dnega cilindra?<\/h3>\n<p>A1: Na\u0161i hidravli\u010dni cilindri imajo robustno zmogljivost. Podrobne specifikacije so na voljo na zahtevo.<\/p>\n<h3>V2: Kaj naredi izdelke FMP posebne?<\/h3>\n<p>A2: Na\u0161i izdelki so znani po var\u010dnem, u\u010dinkovitem in varnem delovanju. Za vzdr\u017eljivost in odpornost proti koroziji uporabljamo nerjave\u010de jeklo.<\/p>\n<h3>V3: Kako deluje hidravli\u010dni sistem va\u0161ega izdelka?<\/h3>\n<p>A3: Na\u0161i hidravli\u010dni cilindri delujejo na principu hidravli\u010dne sile. Za ustvarjanje linearnega gibanja in sile se uporablja hidravli\u010dna teko\u010dina pod tlakom.<\/p>\n<h3>V4: Kak\u0161ne so aplikacije va\u0161ih hidravli\u010dnih cilindrov?<\/h3>\n<p>A4: Na\u0161i hidravli\u010dni cilindri se uporabljajo predvsem v rahljalnikih za izbolj\u0161ano rahljanje tal, kar vodi do ve\u010dje rasti in pridelka.<\/p>\n<h3>V5: Kako lahko izberem pravo hidravli\u010dno olje in tesnilo?<\/h3>\n<p>A5: Na\u0161a ekipa strokovnjakov vam lahko pomaga pri izbiri pravega hidravli\u010dnega olja in tesnila glede na va\u0161e specifi\u010dne potrebe in zahteve.<\/p>\n<p>Avtor: CX<\/p>","protected":false},"excerpt":{"rendered":"<p>Product 10013 Factory Serving Stainless Steel Double Acting Hydraulic Cylinder for Subsoiler The product 10013 Factory Serving Stainless Steel Double Acting Hydraulic Cylinder for Subsoiler is designed to provide efficient and reliable performance in subsoiling applications. Made from high-quality stainless steel materials, this hydraulic cylinder offers exceptional durability and resistance to corrosion, ensuring a long [&hellip;]<\/p>","protected":false},"featured_media":1127,"comment_status":"closed","ping_status":"closed","template":"","meta":{"_et_pb_use_builder":"","_et_pb_old_content":"","_et_gb_content_width":""},"product_brand":[],"product_cat":[36],"product_tag":[34,38],"class_list":{"0":"post-1021","1":"product","2":"type-product","3":"status-publish","4":"has-post-thumbnail","6":"product_cat-welded-clevis-type-cylinder","7":"product_tag-hydraulic-cylinder","8":"product_tag-welded-clevis-type-cylinder","10":"first","11":"instock","12":"product-type-simple"},"_links":{"self":[{"href":"https:\/\/fmp-components.com\/sl\/wp-json\/wp\/v2\/product\/1021","targetHints":{"allow":["GET"]}}],"collection":[{"href":"https:\/\/fmp-components.com\/sl\/wp-json\/wp\/v2\/product"}],"about":[{"href":"https:\/\/fmp-components.com\/sl\/wp-json\/wp\/v2\/types\/product"}],"replies":[{"embeddable":true,"href":"https:\/\/fmp-components.com\/sl\/wp-json\/wp\/v2\/comments?post=1021"}],"wp:featuredmedia":[{"embeddable":true,"href":"https:\/\/fmp-components.com\/sl\/wp-json\/wp\/v2\/media\/1127"}],"wp:attachment":[{"href":"https:\/\/fmp-components.com\/sl\/wp-json\/wp\/v2\/media?parent=1021"}],"wp:term":[{"taxonomy":"product_brand","embeddable":true,"href":"https:\/\/fmp-components.com\/sl\/wp-json\/wp\/v2\/product_brand?post=1021"},{"taxonomy":"product_cat","embeddable":true,"href":"https:\/\/fmp-components.com\/sl\/wp-json\/wp\/v2\/product_cat?post=1021"},{"taxonomy":"product_tag","embeddable":true,"href":"https:\/\/fmp-components.com\/sl\/wp-json\/wp\/v2\/product_tag?post=1021"}],"curies":[{"name":"delovni list","href":"https:\/\/api.w.org\/{rel}","templated":true}]}}