{"id":838,"date":"2024-12-18T08:38:14","date_gmt":"2024-12-18T08:38:14","guid":{"rendered":"https:\/\/fmp-components.com\/?page_id=8"},"modified":"2025-03-07T08:50:50","modified_gmt":"2025-03-07T08:50:50","slug":"electric-motors","status":"publish","type":"page","link":"https:\/\/fmp-components.com\/sl\/electric-motors\/","title":{"rendered":"Elektromotorji"},"content":{"rendered":"<p>[et_pb_section fb_built=&#8221;1&#8243; _builder_version=&#8221;4.27.4&#8243; _module_preset=&#8221;default&#8221; use_background_color_gradient=&#8221;on&#8221; background_color_gradient_stops=&#8221;rgba(8,40,9,0.19) 0%|rgba(8,40,9,0.33) 100%&#8221; background_color_gradient_overlays_image=&#8221;on&#8221; background_image=&#8221;https:\/\/fmp-components.com\/wp-content\/uploads\/2024\/12\/Electric-Motor-Banner.webp&#8221; min_height=&#8221;637px&#8221; global_colors_info=&#8221;{}&#8221;][et_pb_row _builder_version=&#8221;4.27.4&#8243; _module_preset=&#8221;default&#8221; custom_padding=&#8221;81px|||||&#8221; global_colors_info=&#8221;{}&#8221;][et_pb_column type=&#8221;4_4&#8243; _builder_version=&#8221;4.27.4&#8243; _module_preset=&#8221;default&#8221; global_colors_info=&#8221;{}&#8221;][et_pb_text _builder_version=&#8221;4.27.4&#8243; _module_preset=&#8221;default&#8221; header_font=&#8221;Frank Ruhl Libre|500|||||||&#8221; header_text_align=&#8221;center&#8221; header_text_color=&#8221;#FFFFFF&#8221; header_font_size=&#8221;65px&#8221; header_text_shadow_style=&#8221;preset1&#8243; global_colors_info=&#8221;{}&#8221;]<\/p>\n<h1>Elektromotor<\/h1>\n<p>[\/et_pb_text][\/et_pb_column][\/et_pb_row][et_pb_row _builder_version=&#8221;4.27.4&#8243; _module_preset=&#8221;default&#8221; global_colors_info=&#8221;{}&#8221;][et_pb_column type=&#8221;4_4&#8243; _builder_version=&#8221;4.27.4&#8243; _module_preset=&#8221;default&#8221; global_colors_info=&#8221;{}&#8221;][et_pb_text _builder_version=&#8221;4.27.4&#8243; _module_preset=&#8221;default&#8221; text_text_color=&#8221;#FFFFFF&#8221; text_font_size=&#8221;16px&#8221; text_line_height=&#8221;1.8em&#8221; text_text_shadow_style=&#8221;preset4&#8243; global_colors_info=&#8221;{}&#8221;]<\/p>\n<p>Elektromotor je vsestranska naprava, ki pretvarja elektri\u010dno energijo v mehansko energijo in poganja \u0161iroko paleto aplikacij, od gospodinjskih aparatov do industrijskih strojev. Ti motorji so znani po svoji u\u010dinkovitosti, zanesljivosti in enostavni uporabi, zaradi \u010desar so bistveni sestavni deli v razli\u010dnih sektorjih.<\/p>\n<p>V podjetju FMP ponujamo raznoliko izbiro elektromotorjev, vklju\u010dno z izmeni\u010dnimi in enosmernimi motorji ter kora\u010dnimi motorji, prilagojenimi va\u0161im specifi\u010dnim potrebam. Sprejemamo tudi naro\u010dila po meri, da zagotovimo, da boste prejeli popoln motor za va\u0161o uporabo. Ne glede na to, ali potrebujete standardne modele ali specializirane re\u0161itve, vam je FMP na voljo za visokokakovostne elektromotorje, ki ustrezajo va\u0161im zahtevam.<\/p>\n<p>[\/et_pb_text][\/et_pb_column][\/et_pb_row][\/et_pb_section][et_pb_section fb_built=&#8221;1&#8243; _builder_version=&#8221;4.27.4&#8243; _module_preset=&#8221;default&#8221; global_colors_info=&#8221;{}&#8221;][et_pb_row _builder_version=&#8221;4.27.4&#8243; _module_preset=&#8221;default&#8221; global_colors_info=&#8221;{}&#8221;][et_pb_column type=&#8221;4_4&#8243; _builder_version=&#8221;4.27.4&#8243; _module_preset=&#8221;default&#8221; global_colors_info=&#8221;{}&#8221;][et_pb_text _builder_version=&#8221;4.27.4&#8243; _module_preset=&#8221;default&#8221; header_2_font=&#8221;Frank Ruhl Libre||||||||&#8221; header_2_text_align=&#8221;center&#8221; header_2_font_size=&#8221;40px&#8221; hover_enabled=&#8221;0&#8243; global_colors_info=&#8221;{}&#8221; sticky_enabled=&#8221;0&#8243;]<\/p>\n<h2>Elektromotor<\/h2>\n<p>[\/et_pb_text][\/et_pb_column][\/et_pb_row][et_pb_row column_structure=&#8221;1_3,1_3,1_3&#8243; _builder_version=&#8221;4.27.4&#8243; _module_preset=&#8221;default&#8221; global_colors_info=&#8221;{}&#8221;][et_pb_column type=&#8221;1_3&#8243; _builder_version=&#8221;4.27.4&#8243; _module_preset=&#8221;default&#8221; global_colors_info=&#8221;{}&#8221;][et_pb_image src=&#8221;https:\/\/fmp-components.com\/wp-content\/uploads\/2024\/12\/DC-Direct-Current-Motors.webp&#8221; alt=&#8221;DC (Direct Current) Motors&#8221; title_text=&#8221;DC (Direct Current) Motors&#8221; _builder_version=&#8221;4.27.4&#8243; _module_preset=&#8221;default&#8221; global_colors_info=&#8221;{}&#8221;][\/et_pb_image][et_pb_toggle title=&#8221;DC (Direct Current) Motors&#8221; _builder_version=&#8221;4.27.4&#8243; _module_preset=&#8221;default&#8221; global_colors_info=&#8221;{}&#8221;]<\/p>\n<ul>\n<li><a href=\"https:\/\/fmp-components.com\/sl\/product\/italy-supplier-mini-dc-motor-tgp01d-a130-plastic-gearbox-plus-a130\/\">Mini enosmerni motor TGP01D-A130 Plasti\u010dni menjalnik Plus A130d<\/a><\/li>\n<li><a href=\"https:\/\/fmp-components.com\/sl\/product\/plastic-gearbox-mini-geared-motor-tgp01s-a130\/\">Mini motor z reduktorjem iz plastike TGP01S-A130<\/a><\/li>\n<li><a href=\"https:\/\/fmp-components.com\/sl\/product\/plastic-gearbox-motor-tgp02d-a130-for-toy-robot-remote-control-toy-cars\/\">Plasti\u010dni menjalnik z motorjem TGP02D-A130 za igra\u010de robotov na daljinsko upravljanje avtomobilov<\/a><\/li>\n<li><a href=\"https:\/\/fmp-components.com\/sl\/product\/low-noise-basic-dc-toy-motor-for-toy-car-tgp02s-a130\/\">Osnovni enosmerni motor z nizkim hrupom za avtomobil\u010dke TGP02S-A130<\/a><\/li>\n<li><a href=\"https:\/\/fmp-components.com\/sl\/product\/zy-jb-dc-gear-motor-series\/\">Serija motorjev z enosmernim pogonom ZY\/JB<\/a><\/li>\n<li><a href=\"https:\/\/fmp-components.com\/sl\/product\/yyyn-jb-gear-reducer-single-three-phase-motor-series\/\">Serija motorjev z reduktorjem YY(YN)\/JB<\/a><\/li>\n<\/ul>\n<p>[\/et_pb_toggle][\/et_pb_column][et_pb_column type=&#8221;1_3&#8243; _builder_version=&#8221;4.27.4&#8243; _module_preset=&#8221;default&#8221; global_colors_info=&#8221;{}&#8221;][et_pb_image src=&#8221;https:\/\/fmp-components.com\/wp-content\/uploads\/2024\/12\/Asynchronous-Motors.webp&#8221; alt=&#8221;Asynchronous Motors&#8221; title_text=&#8221;Asynchronous Motors&#8221; _builder_version=&#8221;4.27.4&#8243; _module_preset=&#8221;default&#8221; global_colors_info=&#8221;{}&#8221;][\/et_pb_image][et_pb_toggle title=&#8221;AC Motors-Asynchronous Motors&#8221; _builder_version=&#8221;4.27.4&#8243; _module_preset=&#8221;default&#8221; global_colors_info=&#8221;{}&#8221;]<\/p>\n<ul>\n<li><a href=\"https:\/\/fmp-components.com\/sl\/product\/y-series-high-efficiency-three-phase-asynchronous-electric-motor\/\">Trifazni asinhronski elektromotor serije Y<\/a><\/li>\n<li><a href=\"https:\/\/fmp-components.com\/sl\/product\/y2-series-cast-iron-housing-three-phase-asynchronous-electric-motor\/\">Trifazni asinhronski elektromotor serije Y2<\/a><\/li>\n<li><a href=\"https:\/\/fmp-components.com\/sl\/product\/y3-series-low-voltage-high-power-three-phase-asynchronous-electric-motor\/\">Trifazni asinhronski motor serije Y3<\/a><\/li>\n<li><a href=\"https:\/\/fmp-components.com\/sl\/product\/ys-series-electric-motor\/\">Trifazni asinhronski motor z majhno mo\u010djo serije YS<\/a><\/li>\n<li><a href=\"https:\/\/fmp-components.com\/sl\/product\/nema-standard-premium-efficiency-three-phase-induction-electric-motor\/\">Visoko u\u010dinkoviti trifazni indukcijski motorji NEMA Standard<\/a><\/li>\n<li><a href=\"https:\/\/fmp-components.com\/sl\/product\/yd-series-pole-changing-multi-speed-three-phase-asynchronous-electric-motor\/\">Trifazni asinhronski elektromotor z ve\u010d hitrostmi in menjavo polov serije YD<\/a><\/li>\n<li><a href=\"https:\/\/fmp-components.com\/sl\/product\/ydt-series-three-phase-consequent-poles-asynchronous-motor-for-fan-and-pump\/\">Trifazni asinhronski motor z ve\u010d hitrostmi in menjalnim polom serije YDT za ventilator in \u010drpalko<\/a><\/li>\n<li><a href=\"https:\/\/fmp-components.com\/sl\/product\/yej-series-electromagnetic-braking-three-phase-asynchronous-motor\/\">Trifazni asinhronski motor z elektromagnetnim zaviranjem serije YEJ<\/a><\/li>\n<li><a href=\"https:\/\/fmp-components.com\/sl\/product\/yvf2-series-frequency-variable-speed-regulation-three-phase-asynchronous-motor\/\">Trifazni asinhronski motor s frekven\u010dno spremenljivo regulacijo hitrosti serije YVF2<\/a><\/li>\n<li><a href=\"https:\/\/fmp-components.com\/sl\/product\/yb2-series-explosion-proof-three-phase-asynchronous-motor\/\">Trifazni asinhronski motor serije YB, odporen proti eksploziji<\/a><\/li>\n<li><a href=\"https:\/\/fmp-components.com\/sl\/product\/yc-series-heavy-duty-capacitors-start-single-phase-induction-motor\/\">Enofazni asinhroni indukcijski motorji serije YC YL<\/a><\/li>\n<\/ul>\n<p>[\/et_pb_toggle][\/et_pb_column][et_pb_column type=&#8221;1_3&#8243; _builder_version=&#8221;4.27.4&#8243; _module_preset=&#8221;default&#8221; global_colors_info=&#8221;{}&#8221;][et_pb_image src=&#8221;https:\/\/fmp-components.com\/wp-content\/uploads\/2024\/12\/Brake-Motors.webp&#8221; alt=&#8221;Brake Motors&#8221; title_text=&#8221;Brake Motors&#8221; _builder_version=&#8221;4.27.4&#8243; _module_preset=&#8221;default&#8221; global_colors_info=&#8221;{}&#8221;][\/et_pb_image][et_pb_toggle title=&#8221;Brake Motors&#8221; _builder_version=&#8221;4.27.4&#8243; _module_preset=&#8221;default&#8221; global_colors_info=&#8221;{}&#8221;]<\/p>\n<ul>\n<li><a href=\"https:\/\/fmp-components.com\/sl\/product\/yej-series-electromagnetic-braking-three-phase-asynchronous-motor\/\">Trifazni asinhronski motor z elektromagnetnim zaviranjem serije YEJ<\/a><\/li>\n<li><a href=\"https:\/\/fmp-components.com\/sl\/product\/yej2-series-electromagnetic-braking-three-phase-asynchronous-motor\/\">Trifazni asinhronski motor z elektromagnetnim zaviranjem serije YEJ2<\/a><\/li>\n<li><a href=\"https:\/\/fmp-components.com\/sl\/product\/yeja-series-ac-electromagnetic-brake-three-phase-asynchronous-motor\/\">Trifazni asinhronski motor z elektromagnetno zavoro serije YEJA<\/a><\/li>\n<\/ul>\n<p>[\/et_pb_toggle][\/et_pb_column][\/et_pb_row][et_pb_row column_structure=&#8221;1_3,1_3,1_3&#8243; _builder_version=&#8221;4.27.4&#8243; _module_preset=&#8221;default&#8221; global_colors_info=&#8221;{}&#8221;][et_pb_column type=&#8221;1_3&#8243; _builder_version=&#8221;4.27.4&#8243; _module_preset=&#8221;default&#8221; global_colors_info=&#8221;{}&#8221;][et_pb_image src=&#8221;https:\/\/fmp-components.com\/wp-content\/uploads\/2024\/12\/Stainless-Steel-Motors.webp&#8221; alt=&#8221;Stainless Steel Motors&#8221; title_text=&#8221;Stainless Steel Motors&#8221; _builder_version=&#8221;4.27.4&#8243; _module_preset=&#8221;default&#8221; global_colors_info=&#8221;{}&#8221;][\/et_pb_image][et_pb_toggle title=&#8221;Stainless Steel Motors&#8221; _builder_version=&#8221;4.27.4&#8243; _module_preset=&#8221;default&#8221; global_colors_info=&#8221;{}&#8221;]<\/p>\n<ul>\n<li><a href=\"https:\/\/fmp-components.com\/sl\/product\/nema-stainless-steel-stepper-motor-with-double-capacitor\/\">Kora\u010dni motor iz nerjave\u010dega jekla NEMA z dvojnim kondenzatorjem<\/a><\/li>\n<li><a href=\"https:\/\/fmp-components.com\/sl\/product\/tefc-stainless-steel-nema-washdown-electric-motor\/\">Elektromotor iz nerjave\u010dega jekla TEFC NEMA za izpiranje<\/a><\/li>\n<li><a href=\"https:\/\/fmp-components.com\/sl\/product\/tenv-stainless-steel-washdown-nema-motor-with-single-capacitor\/\">TENV motor iz nerjave\u010dega jekla NEMA z enojnim kondenzatorjem<\/a><\/li>\n<li><a href=\"https:\/\/fmp-components.com\/sl\/product\/tefc-nema-stainless-steel-motor\/\">Motor iz nerjave\u010dega jekla TEFC NEMA<\/a><\/li>\n<li><a href=\"https:\/\/fmp-components.com\/sl\/product\/ip67-waterproof-nema-stainless-steel-motor-tenv\/\">Vodoodporen motor iz nerjave\u010dega jekla NEMA IP67 TENV<\/a><\/li>\n<li><a href=\"https:\/\/fmp-components.com\/sl\/product\/b5-flange-mounted-stainless-steel-motor-tefc-for-food-machinery\/\">B5 Prirobni\u010dni motor iz nerjave\u010dega jekla - TEFC za \u017eivilske stroje<\/a><\/li>\n<li><a href=\"https:\/\/fmp-components.com\/sl\/product\/b14-face-mounted-stainless-steel-motor-tefc\/\">B14 \u010celni motor iz nerjave\u010dega jekla TEFC<\/a><\/li>\n<li><a href=\"https:\/\/fmp-components.com\/sl\/product\/iec-stainless-steel-motor-b3-foot-mounted-tefc\/\">IEC motor iz nerjave\u010dega jekla B3, name\u0161\u010den na nogi TEFC<\/a><\/li>\n<li><a href=\"https:\/\/fmp-components.com\/sl\/product\/iec-motor-b5t-flange-mounted-stainless-steel-motor-tenv-replacement-of-sew-motor\/\">IEC motor B5T s prirobnico, motor iz nerjave\u010dega jekla, zamenjava za TENV motor SEW<\/a><\/li>\n<li><a href=\"https:\/\/fmp-components.com\/sl\/product\/iec-b5-flange-mounted-stainless-steel-motor-tenv\/\">Motor iz nerjave\u010dega jekla s prirobnico IEC B5 -TENV<\/a><\/li>\n<li><a href=\"https:\/\/fmp-components.com\/sl\/product\/iec-b14-face-mounted-stainless-steel-motor-tenv\/\">IEC B14 motor iz nerjave\u010dega jekla, name\u0161\u010den na sprednji strani -TENV<\/a><\/li>\n<li><a href=\"https:\/\/fmp-components.com\/sl\/product\/iec-stainless-steel-motor-b3-foot-mounted-tenv\/\">IEC motor iz nerjave\u010dega jekla B3, name\u0161\u010den na nogi - TENV<\/a><\/li>\n<\/ul>\n<p>[\/et_pb_toggle][\/et_pb_column][et_pb_column type=&#8221;1_3&#8243; _builder_version=&#8221;4.27.4&#8243; _module_preset=&#8221;default&#8221; global_colors_info=&#8221;{}&#8221;][et_pb_image src=&#8221;https:\/\/fmp-components.com\/wp-content\/uploads\/2024\/12\/Spindle-Motors.webp&#8221; alt=&#8221;Spindle Motors&#8221; title_text=&#8221;Spindle Motors&#8221; _builder_version=&#8221;4.27.4&#8243; _module_preset=&#8221;default&#8221; global_colors_info=&#8221;{}&#8221;][\/et_pb_image][et_pb_toggle title=&#8221;Spindle Motors&#8221; _builder_version=&#8221;4.27.4&#8243; _module_preset=&#8221;default&#8221; global_colors_info=&#8221;{}&#8221;]<\/p>\n<ul>\n<li><a href=\"https:\/\/fmp-components.com\/sl\/product\/pneumatic-unclamp-cylinder\/\">Pnevmatski valj za odpenjanje<\/a><\/li>\n<li><a href=\"https:\/\/fmp-components.com\/sl\/product\/electrical-spindle-for-special-usage\/\">Elektri\u010dno vreteno za posebno uporabo<\/a><\/li>\n<li><a href=\"https:\/\/fmp-components.com\/sl\/product\/spindle-motor-used-for-lathe-jszd150t-jszd110j\/\">Vretenski motor, ki se uporablja za stru\u017enico JSZD150T JSZD110J<\/a><\/li>\n<li><a href=\"https:\/\/fmp-components.com\/sl\/product\/spindle-motor-used-for-lathe-jszd150h\/\">Vretenski motor, ki se uporablja za stru\u017enico JSZD280<\/a><\/li>\n<li><a href=\"https:\/\/fmp-components.com\/sl\/product\/spindle-motor-used-for-lathe-jszd150h\/\">Vretenski motor, ki se uporablja za stru\u017enico JSZD150H<\/a><\/li>\n<li><a href=\"https:\/\/fmp-components.com\/sl\/product\/spindle-motor-used-for-cnc-spindle-jszd320\/\">Vretenski motor, ki se uporablja za CNC vreteno JSZD320<\/a><\/li>\n<li><a href=\"https:\/\/fmp-components.com\/sl\/product\/spindle-motor-used-for-cnc-spindle-jszd240\/\">Vretenski motor, ki se uporablja za CNC vreteno JSZD240<\/a><\/li>\n<li><a href=\"https:\/\/fmp-components.com\/sl\/product\/spindle-motor-used-for-cnc-spindle-jszd280a\/\">Vretenski motor, ki se uporablja za CNC vreteno JSZD280A<\/a><\/li>\n<li><a href=\"https:\/\/fmp-components.com\/sl\/product\/spindle-motor-used-for-cnc-spindle-jszd220\/\">Vretenski motor, ki se uporablja za CNC vreteno JSZD220<\/a><\/li>\n<li><a href=\"https:\/\/fmp-components.com\/sl\/product\/spindle-motor-used-for-cnc-spindle-jszd202\/\">Vretenski motor, ki se uporablja za CNC vreteno JSZD202<\/a><\/li>\n<li><a href=\"https:\/\/fmp-components.com\/sl\/product\/spindle-motor-used-for-cnc-spindle-jszd170c\/\">Vretenski motor, ki se uporablja za CNC vreteno JSZD170C<\/a><\/li>\n<li><a href=\"https:\/\/fmp-components.com\/sl\/product\/spindle-motor-used-for-cnc-spindle-jszd150c\/\">Vretenski motor, ki se uporablja za CNC vreteno JSZD150C<\/a><\/li>\n<li><a href=\"https:\/\/fmp-components.com\/sl\/product\/spindle-motor-used-for-grinding-spindle\/\">Vretenski motor, ki se uporablja za bru\u0161enje vretena<\/a><\/li>\n<li><a href=\"https:\/\/fmp-components.com\/sl\/product\/spindle-motor-used-for-engraving-and-milling\/\">Vretenski motor, ki se uporablja za graviranje in rezkanje<\/a><\/li>\n<\/ul>\n<p>[\/et_pb_toggle][\/et_pb_column][et_pb_column type=&#8221;1_3&#8243; _builder_version=&#8221;4.27.4&#8243; _module_preset=&#8221;default&#8221; global_colors_info=&#8221;{}&#8221;][et_pb_image src=&#8221;https:\/\/fmp-components.com\/wp-content\/uploads\/2024\/12\/Explosion-Proof-Motor.webp&#8221; alt=&#8221;Explosion Proof Motor&#8221; title_text=&#8221;Explosion Proof Motor&#8221; _builder_version=&#8221;4.27.4&#8243; _module_preset=&#8221;default&#8221; global_colors_info=&#8221;{}&#8221;][\/et_pb_image][et_pb_toggle title=&#8221;Explosion Proof Motor&#8221; _builder_version=&#8221;4.27.4&#8243; _module_preset=&#8221;default&#8221; global_colors_info=&#8221;{}&#8221;]<\/p>\n<ul>\n<li><a href=\"https:\/\/fmp-components.com\/sl\/product\/yb2-series-explosion-proof-three-phase-asynchronous-motor\/\">Trifazni asinhronski motor serije YB2, odporen proti eksploziji<\/a><\/li>\n<li><a href=\"https:\/\/fmp-components.com\/sl\/product\/yb3-series-explosion-proof-three-phase-induction-motor\/\">Trifazni indukcijski motor serije YB3, odporen proti eksploziji<\/a><\/li>\n<li><a href=\"https:\/\/fmp-components.com\/sl\/product\/ybx3-series-explosion-proof-three-phase-asynchronous-motor\/\">Trifazni asinhronski motor serije YBX3, odporen proti eksploziji<\/a><\/li>\n<li><a href=\"https:\/\/fmp-components.com\/sl\/product\/ybx4-series-explosion-proof-three-phase-asynchronous-motor\/\">Trifazni asinhronski motor serije YBX4, odporen proti eksploziji<\/a><\/li>\n<li><a href=\"https:\/\/fmp-components.com\/sl\/product\/ybbp-series-explosion-proof-variable-frequency-adjustable-speed-three-phase-asynchronous-motor\/\">Trifazni asinhronski motor s spremenljivo frekvenco in nastavljivo hitrostjo, odporen proti eksploziji, serije YBBP<\/a><\/li>\n<\/ul>\n<p>[\/et_pb_toggle][\/et_pb_column][\/et_pb_row][\/et_pb_section]<\/p>","protected":false},"excerpt":{"rendered":"<p>Electric MotorAn electric motor is a versatile device that converts electrical energy into mechanical energy, powering a wide range of applications from household appliances to industrial machinery. These motors are known for their efficiency, reliability, and ease of use, making them essential components in various sectors. At FMP, we offer a diverse selection of electric [&hellip;]<\/p>","protected":false},"author":2,"featured_media":0,"parent":0,"menu_order":0,"comment_status":"closed","ping_status":"closed","template":"","meta":{"_et_pb_use_builder":"on","_et_pb_old_content":"","_et_gb_content_width":"","footnotes":""},"class_list":["post-838","page","type-page","status-publish","hentry"],"_links":{"self":[{"href":"https:\/\/fmp-components.com\/sl\/wp-json\/wp\/v2\/pages\/838","targetHints":{"allow":["GET"]}}],"collection":[{"href":"https:\/\/fmp-components.com\/sl\/wp-json\/wp\/v2\/pages"}],"about":[{"href":"https:\/\/fmp-components.com\/sl\/wp-json\/wp\/v2\/types\/page"}],"author":[{"embeddable":true,"href":"https:\/\/fmp-components.com\/sl\/wp-json\/wp\/v2\/users\/2"}],"replies":[{"embeddable":true,"href":"https:\/\/fmp-components.com\/sl\/wp-json\/wp\/v2\/comments?post=838"}],"version-history":[{"count":20,"href":"https:\/\/fmp-components.com\/sl\/wp-json\/wp\/v2\/pages\/838\/revisions"}],"predecessor-version":[{"id":6328,"href":"https:\/\/fmp-components.com\/sl\/wp-json\/wp\/v2\/pages\/838\/revisions\/6328"}],"wp:attachment":[{"href":"https:\/\/fmp-components.com\/sl\/wp-json\/wp\/v2\/media?parent=838"}],"curies":[{"name":"delovni list","href":"https:\/\/api.w.org\/{rel}","templated":true}]}}