{"id":7847,"date":"2025-04-08T08:44:24","date_gmt":"2025-04-08T08:44:24","guid":{"rendered":"https:\/\/fmp-components.com\/?page_id=7847"},"modified":"2025-04-09T05:38:24","modified_gmt":"2025-04-09T05:38:24","slug":"ring-and-pinion-gears","status":"publish","type":"page","link":"https:\/\/fmp-components.com\/sl\/ring-and-pinion-gears\/","title":{"rendered":"Zobniki z obro\u010dem in pastorkom"},"content":{"rendered":"<p>[et_pb_section fb_built=&#8221;1&#8243; _builder_version=&#8221;4.27.4&#8243; _module_preset=&#8221;default&#8221; use_background_color_gradient=&#8221;on&#8221; background_color_gradient_stops=&#8221;rgba(0,0,0,0.27) 0%|rgba(0,0,0,0.41) 100%&#8221; background_color_gradient_overlays_image=&#8221;on&#8221; background_image=&#8221;https:\/\/fmp-components.com\/wp-content\/uploads\/2025\/04\/ring-and-pinion-gears-banner-2.webp&#8221; min_height=&#8221;381px&#8221; global_colors_info=&#8221;{}&#8221;][et_pb_row _builder_version=&#8221;4.27.4&#8243; _module_preset=&#8221;default&#8221; global_colors_info=&#8221;{}&#8221;][et_pb_column type=&#8221;4_4&#8243; _builder_version=&#8221;4.27.4&#8243; _module_preset=&#8221;default&#8221; global_colors_info=&#8221;{}&#8221;][et_pb_text _builder_version=&#8221;4.27.4&#8243; _module_preset=&#8221;default&#8221; header_font=&#8221;Frank Ruhl Libre||||||||&#8221; header_text_align=&#8221;center&#8221; header_text_color=&#8221;#FFFFFF&#8221; header_font_size=&#8221;70px&#8221; header_text_shadow_style=&#8221;preset1&#8243; global_colors_info=&#8221;{}&#8221;]<\/p>\n<h1 style=\"text-align: center;\">Zobniki z venec in pastorkom<\/h1>\n<p>[\/et_pb_text][et_pb_text _builder_version=\u201d4.27.4\u2033 _module_preset=\u201dprivzeto\u201d text_font=\u201dFrank Ruhl Libre|600|||||||\u201d text_text_color=\u201d#FFFFFF\u201d text_font_size=\u201d18px\u201d text_line_height=\u201d1.8em\u201d text_orientation=\u201dcenter\u201d global_colors_info=\u201d{}\u201d]<\/p>\n<p>\u010ce izdelka, ki ga potrebujete, ni na seznamu, pojdite naprej in pridobite brezpla\u010dno ponudbo!<\/p>\n<p>[\/et_pb_text][\/et_pb_column][\/et_pb_row][\/et_pb_section][et_pb_section fb_built=&#8221;1&#8243; _builder_version=&#8221;4.27.4&#8243; _module_preset=&#8221;default&#8221; global_colors_info=&#8221;{}&#8221;][et_pb_row _builder_version=&#8221;4.27.4&#8243; _module_preset=&#8221;default&#8221; global_colors_info=&#8221;{}&#8221;][et_pb_column type=&#8221;4_4&#8243; _builder_version=&#8221;4.27.4&#8243; _module_preset=&#8221;default&#8221; global_colors_info=&#8221;{}&#8221;][et_pb_text _builder_version=&#8221;4.27.4&#8243; _module_preset=&#8221;default&#8221; header_2_font=&#8221;Frank Ruhl Libre||||||||&#8221; header_2_font_size=&#8221;40px&#8221; global_colors_info=&#8221;{}&#8221;]<\/p>\n<h2 style=\"text-align: center;\">Najbolj\u0161i zobniki z venom in pastorkom<\/h2>\n<p>[\/et_pb_text][et_pb_shop type=&#8221;product_category&#8221; show_pagination=&#8221;on&#8221; include_categories=&#8221;115&#8243; _builder_version=&#8221;4.27.4&#8243; _module_preset=&#8221;default&#8221; title_font=&#8221;Frank Ruhl Libre||||||||&#8221; title_text_align=&#8221;center&#8221; title_font_size=&#8221;17px&#8221; global_colors_info=&#8221;{}&#8221;][\/et_pb_shop][\/et_pb_column][\/et_pb_row][et_pb_row _builder_version=&#8221;4.27.4&#8243; _module_preset=&#8221;default&#8221;][et_pb_column _builder_version=&#8221;4.27.4&#8243; _module_preset=&#8221;default&#8221; type=&#8221;4_4&#8243;][et_pb_divider _builder_version=&#8221;4.27.4&#8243; _module_preset=&#8221;default&#8221; color=&#8221;#E09900&#8243; hover_enabled=&#8221;0&#8243; sticky_enabled=&#8221;0&#8243;][\/et_pb_divider][\/et_pb_column][\/et_pb_row][et_pb_row _builder_version=&#8221;4.27.4&#8243; _module_preset=&#8221;default&#8221; column_structure=&#8221;1_2,1_2&#8243;][et_pb_column _builder_version=&#8221;4.27.4&#8243; _module_preset=&#8221;default&#8221; type=&#8221;1_2&#8243;][et_pb_image src=&#8221;https:\/\/fmp-components.com\/wp-content\/uploads\/2025\/04\/Ring_Pinion_2.gif&#8221; _builder_version=&#8221;4.27.4&#8243; _module_preset=&#8221;default&#8221; alt=&#8221;Ring_Pinion&#8221; title_text=&#8221;Ring_Pinion_2&#8243; hover_enabled=&#8221;0&#8243; sticky_enabled=&#8221;0&#8243;][\/et_pb_image][\/et_pb_column][et_pb_column _builder_version=&#8221;4.27.4&#8243; _module_preset=&#8221;default&#8221; type=&#8221;1_2&#8243;][et_pb_text _builder_version=&#8221;4.27.4&#8243; _module_preset=&#8221;default&#8221; header_3_font=&#8221;Frank Ruhl Libre||||||||&#8221; header_3_font_size=&#8221;30px&#8221; text_font_size=&#8221;16px&#8221; text_line_height=&#8221;1.8em&#8221; hover_enabled=&#8221;0&#8243; sticky_enabled=&#8221;0&#8243;]<\/p>\n<div>\n<h3 dir=\"auto\" class=\"\">Zakaj izbrati zobnike z obro\u010dem in pastorkom<\/h3>\n<p dir=\"auto\" class=\"break-words\">Ve\u0161\u010dati zobniki so bistveni sestavni deli pogonskega sklopa vozila, saj u\u010dinkovito prena\u0161ajo navor iz motorja na kolesa s preusmeritvijo mo\u010di za 90 stopinj skozi diferencial. Med razli\u010dnimi razpolo\u017eljivimi metodami izstopajo hipoidni ve\u0161\u010dati zobniki kot prednostna izbira v avtomobilski industriji zaradi svoje vrhunske trdnosti, ti\u0161jega delovanja in sposobnosti obvladovanja vi\u0161jih prestavnih razmerij. Pri FMP smo ponosni, da smo najbolj\u0161i proizvajalec in dobavitelj ve\u0161\u010datih zobnikov, ki dobavljamo ve\u0161\u010date zobnike po meri, prilagojene va\u0161im specifi\u010dnim potrebam. Ne glede na to, ali optimizirate zmogljivost na cesti, vzdr\u017eljivost na terenu ali natan\u010dnost, primerno za dirkali\u0161\u010de, zobni\u0161ki kompleti FMP zagotavljajo neprekosljivo zanesljivost in u\u010dinkovitost.<\/p>\n<\/div>\n<p>[\/et_pb_text][\/et_pb_column][\/et_pb_row][et_pb_row _builder_version=&#8221;4.27.4&#8243; _module_preset=&#8221;default&#8221; column_structure=&#8221;1_2,1_2&#8243;][et_pb_column _builder_version=&#8221;4.27.4&#8243; _module_preset=&#8221;default&#8221; type=&#8221;1_2&#8243;][et_pb_text _builder_version=&#8221;4.27.4&#8243; _module_preset=&#8221;default&#8221; text_font_size=&#8221;16px&#8221; text_line_height=&#8221;1.8em&#8221; header_3_font=&#8221;Frank Ruhl Libre||||||||&#8221; header_3_font_size=&#8221;30px&#8221; hover_enabled=&#8221;0&#8243; sticky_enabled=&#8221;0&#8243;]<\/p>\n<div>\n<h3 dir=\"auto\" class=\"\">Vrhunska kakovost iz FMP<\/h3>\n<p dir=\"auto\" class=\"break-words\">Zmogljivost zobnikov in pastorkov je mo\u010dno odvisna od njihove zasnove, materialov in natan\u010dnosti izdelave \u2013 podro\u010dij, kjer FMP blesti kot vodilni v panogi. Na\u0161i zobniki in pastorki po meri so izdelani z najsodobnej\u0161o tehnologijo in ustrezajo najvi\u0161jim standardom, vklju\u010dno s certifikati TS16949, ISO9001 in ISO14001. Z razli\u010dnimi prestavnimi razmerji in tolerancami FMP zagotavlja najbolj\u0161e zobnike in pastorke za uporabo od vleke te\u017ekih vozil do hitrih dirk. Z naprednimi postopki toplotne obdelave in strogim testiranjem kakovosti na\u0161i zobniki zagotavljajo izjemno vzdr\u017eljivost in prenos mo\u010di, zaradi \u010desar je FMP najbolj\u0161a izbira za proizvajalce in navdu\u0161ence v Zdru\u017eenih dr\u017eavah Amerike, Mehiki in Kanadi.<\/p>\n<\/div>\n<p>[\/et_pb_text][\/et_pb_column][et_pb_column _builder_version=&#8221;4.27.4&#8243; _module_preset=&#8221;default&#8221; type=&#8221;1_2&#8243;][et_pb_image src=&#8221;https:\/\/fmp-components.com\/wp-content\/uploads\/2025\/04\/ring-and-pinion-gears-manufacturer.webp&#8221; _builder_version=&#8221;4.27.4&#8243; _module_preset=&#8221;default&#8221; alt=&#8221;ring-and-pinion-gears-manufacturer&#8221; title_text=&#8221;ring-and-pinion-gears-manufacturer&#8221; hover_enabled=&#8221;0&#8243; sticky_enabled=&#8221;0&#8243;][\/et_pb_image][\/et_pb_column][\/et_pb_row][\/et_pb_section][et_pb_section fb_built=&#8221;1&#8243; _builder_version=&#8221;4.27.4&#8243; _module_preset=&#8221;default&#8221; use_background_color_gradient=&#8221;on&#8221; background_color_gradient_stops=&#8221;rgba(0,0,0,0.37) 0%|rgba(0,0,0,0.26) 100%&#8221; background_color_gradient_overlays_image=&#8221;on&#8221; background_image=&#8221;https:\/\/fmp-components.com\/wp-content\/uploads\/2025\/04\/ring-and-pinion-gears-foot-1.webp&#8221; min_height=&#8221;386px&#8221; global_colors_info=&#8221;{}&#8221;][et_pb_row _builder_version=&#8221;4.27.4&#8243; _module_preset=&#8221;default&#8221; background_color=&#8221;#FFFFFF&#8221; custom_margin=&#8221;0px||0px||false|false&#8221; custom_padding=&#8221;20px|20px|20px|20px|false|false&#8221; box_shadow_style=&#8221;preset1&#8243; global_colors_info=&#8221;{}&#8221;][et_pb_column type=&#8221;4_4&#8243; _builder_version=&#8221;4.27.4&#8243; _module_preset=&#8221;default&#8221; global_colors_info=&#8221;{}&#8221;][et_pb_text _builder_version=&#8221;4.27.4&#8243; _module_preset=&#8221;default&#8221; header_font=&#8221;Frank Ruhl Libre||||||||&#8221; header_font_size=&#8221;40px&#8221; header_2_font=&#8221;Frank Ruhl Libre||||||||&#8221; header_2_font_size=&#8221;40px&#8221; global_colors_info=&#8221;{}&#8221;]<\/p>\n<h2 style=\"text-align: center;\">Zobniki po meri in pastorki<\/h2>\n<p>[\/et_pb_text][et_pb_text _builder_version=&#8221;4.27.4&#8243; _module_preset=&#8221;default&#8221; text_text_color=&#8221;#000000&#8243; text_font_size=&#8221;16px&#8221; text_line_height=&#8221;1.8em&#8221; global_colors_info=&#8221;{}&#8221;]<\/p>\n<p>Pri FMP smo specializirani za izdelavo visokokakovostnih zobni\u0161kih vencev in pastorkov po meri, zasnovanih za maksimiranje zmogljivosti va\u0161ega pogonskega sklopa, ne glede na to, ali ste v Milanu, Benetkah, Firencah, Bologni ali kjer koli drugje v Italiji. Kot vodilni proizvajalec izdelujemo \u0161iroko paleto zobni\u0161kih vencev in pastorkov v razli\u010dnih razmerjih, premerih in \u0161tevilu utorov, ki ustrezajo vsaki izdelavi vozila. Na\u0161a vrhunska ponudba se kosa z industrijskimi velikani, kot so Yukon Gear &amp; Axle, Strange Engineering in Richmond Gear, saj zagotavlja izjemno vzdr\u017eljivost in natan\u010dnost z napredno zasnovo in tehnikami toplotne obdelave.<\/p>\n<p style=\"text-align: center;\">Ponosno ponujamo popolnoma prilagojene re\u0161itve, prilagojene va\u0161im specifi\u010dnim potrebam. \u010ce na na\u0161em seznamu izdelkov ne najdete modela, ki ga i\u0161\u010dete, ne skrbite. To preprosto pomeni, da ga \u0161e nismo imeli mo\u017enosti nalo\u017eiti! Po\u0161ljite nam e-po\u0161to z va\u0161imi zahtevami in na\u0161i strokovni in\u017eenirji vam bodo v 24 urah odgovorili s prilagojeno re\u0161itvijo. FMP je va\u0161 zaupanja vreden partner za vrhunske zobnike in pastorke v Italiji. Kontaktirajte nas \u0161e danes in za\u010dnimo z va\u0161im projektom!<\/p>\n<p>[\/et_pb_text][\/et_pb_column][\/et_pb_row][\/et_pb_section]<\/p>","protected":false},"excerpt":{"rendered":"<p>Ring and Pinion GearsIf the product you need is not listed, go ahead and get a free quote!Best Ring and Pinion Gears Why Choose Ring and Pinion Gears Ring and pinion gears are essential components in a vehicle\u2019s drivetrain, efficiently transferring torque from the engine to the wheels by redirecting power 90 degrees through the [&hellip;]<\/p>","protected":false},"author":2,"featured_media":0,"parent":0,"menu_order":0,"comment_status":"closed","ping_status":"closed","template":"","meta":{"_et_pb_use_builder":"on","_et_pb_old_content":"","_et_gb_content_width":"","footnotes":""},"class_list":["post-7847","page","type-page","status-publish","hentry"],"_links":{"self":[{"href":"https:\/\/fmp-components.com\/sl\/wp-json\/wp\/v2\/pages\/7847","targetHints":{"allow":["GET"]}}],"collection":[{"href":"https:\/\/fmp-components.com\/sl\/wp-json\/wp\/v2\/pages"}],"about":[{"href":"https:\/\/fmp-components.com\/sl\/wp-json\/wp\/v2\/types\/page"}],"author":[{"embeddable":true,"href":"https:\/\/fmp-components.com\/sl\/wp-json\/wp\/v2\/users\/2"}],"replies":[{"embeddable":true,"href":"https:\/\/fmp-components.com\/sl\/wp-json\/wp\/v2\/comments?post=7847"}],"version-history":[{"count":12,"href":"https:\/\/fmp-components.com\/sl\/wp-json\/wp\/v2\/pages\/7847\/revisions"}],"predecessor-version":[{"id":7900,"href":"https:\/\/fmp-components.com\/sl\/wp-json\/wp\/v2\/pages\/7847\/revisions\/7900"}],"wp:attachment":[{"href":"https:\/\/fmp-components.com\/sl\/wp-json\/wp\/v2\/media?parent=7847"}],"curies":[{"name":"delovni list","href":"https:\/\/api.w.org\/{rel}","templated":true}]}}