{"id":7564,"date":"2025-03-28T07:42:54","date_gmt":"2025-03-28T07:42:54","guid":{"rendered":"https:\/\/fmp-components.com\/?page_id=7564"},"modified":"2025-03-28T08:55:16","modified_gmt":"2025-03-28T08:55:16","slug":"mobile-machinery-hydraulic-cylinders","status":"publish","type":"page","link":"https:\/\/fmp-components.com\/sl\/mobile-machinery-hydraulic-cylinders\/","title":{"rendered":"Hidravli\u010dni cilindri za mobilne stroje"},"content":{"rendered":"<p>[et_pb_section fb_built=&#8221;1&#8243; theme_builder_area=&#8221;post_content&#8221; _builder_version=&#8221;4.27.4&#8243; _module_preset=&#8221;default&#8221; alt=&#8221;Mobile-Machinery-Hydraulic-Cylinders-Banner&#8221; title_text=&#8221;Mobile-Machinery-Hydraulic-Cylinders-Banner-1&#8243; background_image=&#8221;https:\/\/fmp-components.com\/wp-content\/uploads\/2025\/03\/Mobile-Machinery-Hydraulic-Cylinders-Banner-1.webp&#8221; hover_enabled=&#8221;0&#8243; sticky_enabled=&#8221;0&#8243; min_height=&#8221;296px&#8221;][et_pb_row _builder_version=&#8221;4.27.4&#8243; _module_preset=&#8221;default&#8221; theme_builder_area=&#8221;post_content&#8221;][et_pb_column _builder_version=&#8221;4.27.4&#8243; _module_preset=&#8221;default&#8221; type=&#8221;4_4&#8243; theme_builder_area=&#8221;post_content&#8221;][et_pb_text _builder_version=&#8221;4.27.4&#8243; _module_preset=&#8221;default&#8221; theme_builder_area=&#8221;post_content&#8221; text_text_shadow_style=&#8221;preset1&#8243; header_font=&#8221;Frank Ruhl Libre||||||||&#8221; header_font_size=&#8221;60px&#8221; header_text_align=&#8221;center&#8221; hover_enabled=&#8221;0&#8243; sticky_enabled=&#8221;0&#8243; header_text_color=&#8221;#FFFFFF&#8221; header_text_shadow_style=&#8221;preset1&#8243;]<\/p>\n<h1 class=\"et_pb_toggle_title\" style=\"text-align: center;\">Hidravli\u010dni cilindri za mobilne stroje<\/h1>\n<p>[\/et_pb_text][\/et_pb_column][\/et_pb_row][\/et_pb_section][et_pb_section fb_built=&#8221;1&#8243; theme_builder_area=&#8221;post_content&#8221; _builder_version=&#8221;4.27.4&#8243; _module_preset=&#8221;default&#8221;][et_pb_row _builder_version=&#8221;4.27.4&#8243; _module_preset=&#8221;default&#8221; theme_builder_area=&#8221;post_content&#8221;][et_pb_column _builder_version=&#8221;4.27.4&#8243; _module_preset=&#8221;default&#8221; type=&#8221;4_4&#8243; theme_builder_area=&#8221;post_content&#8221;][et_pb_text _builder_version=&#8221;4.27.4&#8243; _module_preset=&#8221;default&#8221; theme_builder_area=&#8221;post_content&#8221; header_2_font=&#8221;Frank Ruhl Libre||||||||&#8221; header_2_font_size=&#8221;40px&#8221; hover_enabled=&#8221;0&#8243; sticky_enabled=&#8221;0&#8243;]<\/p>\n<h2 style=\"text-align: center;\">Vrste hidravli\u010dnih cilindrov za mobilne stroje<\/h2>\n<p>[\/et_pb_text][et_pb_shop _builder_version=&#8221;4.27.4&#8243; _module_preset=&#8221;default&#8221; theme_builder_area=&#8221;post_content&#8221; type=&#8221;product_category&#8221; include_categories=&#8221;25&#8243; columns_number=&#8221;3&#8243; hover_enabled=&#8221;0&#8243; sticky_enabled=&#8221;0&#8243; title_font=&#8221;Frank Ruhl Libre||||||||&#8221; title_text_align=&#8221;center&#8221; title_font_size=&#8221;20px&#8221;][\/et_pb_shop][\/et_pb_column][\/et_pb_row][\/et_pb_section][et_pb_section fb_built=&#8221;1&#8243; theme_builder_area=&#8221;post_content&#8221; _builder_version=&#8221;4.27.4&#8243; _module_preset=&#8221;default&#8221;][et_pb_row _builder_version=&#8221;4.27.4&#8243; _module_preset=&#8221;default&#8221; theme_builder_area=&#8221;post_content&#8221;][et_pb_column _builder_version=&#8221;4.27.4&#8243; _module_preset=&#8221;default&#8221; type=&#8221;4_4&#8243; theme_builder_area=&#8221;post_content&#8221;][et_pb_text _builder_version=&#8221;4.27.4&#8243; _module_preset=&#8221;default&#8221; theme_builder_area=&#8221;post_content&#8221; header_2_font=&#8221;Frank Ruhl Libre||||||||&#8221; header_2_font_size=&#8221;30px&#8221; hover_enabled=&#8221;0&#8243; sticky_enabled=&#8221;0&#8243;]<\/p>\n<h2 style=\"text-align: center;\">Hidravli\u010dni cilindri za mobilne stroje: Poganjajo stroje v razli\u010dnih panogah<\/h2>\n<p>[\/et_pb_text][\/et_pb_column][\/et_pb_row][et_pb_row _builder_version=&#8221;4.27.4&#8243; _module_preset=&#8221;default&#8221; column_structure=&#8221;1_2,1_2&#8243; theme_builder_area=&#8221;post_content&#8221; use_custom_gutter=&#8221;on&#8221; gutter_width=&#8221;2&#8243; hover_enabled=&#8221;0&#8243; sticky_enabled=&#8221;0&#8243; width=&#8221;100%&#8221; max_width=&#8221;1200px&#8221;][et_pb_column _builder_version=&#8221;4.27.4&#8243; _module_preset=&#8221;default&#8221; type=&#8221;1_2&#8243; theme_builder_area=&#8221;post_content&#8221;][et_pb_text _builder_version=&#8221;4.27.4&#8243; _module_preset=&#8221;default&#8221; theme_builder_area=&#8221;post_content&#8221; text_font_size=&#8221;16px&#8221; text_line_height=&#8221;1.8em&#8221; hover_enabled=&#8221;0&#8243; sticky_enabled=&#8221;0&#8243;]<\/p>\n<div>\n<p class=\"break-words\">Hidravli\u010dni cilindri so kot mo\u010dne mi\u0161ice v mobilnih strojih. Strojem dajejo mo\u010d in nadzor, ki ju potrebujejo za opravljanje te\u017ekih del na najrazli\u010dnej\u0161ih mestih. V Italiji, od prometnih gradbi\u0161\u010d v Milanu do kmetijskih polj v bli\u017eini Firenc, so ti deli izjemno pomembni za stroje, kot so bagri, prekucniki in traktorji. Hidravli\u010dni cilindri so izdelani tako, da prenesejo stvari, kot so visok pritisk, vro\u010de ali hladno vreme in veliko prahu. To zagotavlja dobro delovanje strojev brez okvar.<\/p>\n<p class=\"break-words\">Na primer, v gradbeni\u0161tvu hidravli\u010dni cilindri pomagajo strojem, kot so bagri in \u017eerjavi, dvigovati te\u017eke stvari in jih odlagati to\u010dno tja, kamor jih je treba. Na kmetijah v bli\u017eini Benetk omogo\u010dajo bolj\u0161e delovanje \u017eetvenih strojev in orodij za sajenje, tako da lahko kmetje hitreje opravijo svoje delo. Zaradi svoje robustne zasnove so popolni za ta zahtevna opravila.<\/p>\n<p>Vendar hidravli\u010dni cilindri ne pomagajo le pri gradnji in kmetijstvu. V \u017eivahnem mestu, kot je Bologna, poganjajo avtomobilska dvigala v gara\u017eah in stroje na letali\u0161\u010du, ki pomagajo letalom pri pripravi na vzlet. V gozdovih blizu Firenc pomagajo strojem pri se\u010dnji dreves, v tovarnah v Milanu pa omogo\u010dajo vili\u010darjem enostavno premikanje te\u017ekih \u0161katel. Ne glede na to, ali gre za dvigovanje, potiskanje ali premikanje stvari, hidravli\u010dni cilindri zmorejo vse. Odli\u010dno delujejo v mestih in na pode\u017eelju po vsej Italiji ter zagotavljajo nemoteno delovanje mobilne mehanizacije.<\/p>\n<\/div>\n<p>[\/et_pb_text][\/et_pb_column][et_pb_column _builder_version=&#8221;4.27.4&#8243; _module_preset=&#8221;default&#8221; type=&#8221;1_2&#8243; theme_builder_area=&#8221;post_content&#8221;][et_pb_image src=&#8221;https:\/\/fmp-components.com\/wp-content\/uploads\/2025\/03\/Mobile-Machinery-Hydraulic-Cylinders-3.webp&#8221; _builder_version=&#8221;4.27.4&#8243; _module_preset=&#8221;default&#8221; theme_builder_area=&#8221;post_content&#8221; alt=&#8221;Mobile-Machinery-Hydraulic-Cylinders&#8221; title_text=&#8221;Mobile-Machinery-Hydraulic-Cylinders-3&#8243; hover_enabled=&#8221;0&#8243; sticky_enabled=&#8221;0&#8243;][\/et_pb_image][\/et_pb_column][\/et_pb_row][et_pb_row _builder_version=&#8221;4.27.4&#8243; _module_preset=&#8221;default&#8221; column_structure=&#8221;2_5,3_5&#8243; theme_builder_area=&#8221;post_content&#8221; use_custom_gutter=&#8221;on&#8221; gutter_width=&#8221;2&#8243; width=&#8221;100%&#8221; max_width=&#8221;1200px&#8221; hover_enabled=&#8221;0&#8243; sticky_enabled=&#8221;0&#8243;][et_pb_column _builder_version=&#8221;4.27.4&#8243; _module_preset=&#8221;default&#8221; type=&#8221;2_5&#8243; theme_builder_area=&#8221;post_content&#8221;][et_pb_image src=&#8221;https:\/\/fmp-components.com\/wp-content\/uploads\/2025\/03\/Mobile-Machinery-Hydraulic-Cylinders-4-1.webp&#8221; _builder_version=&#8221;4.27.4&#8243; _module_preset=&#8221;default&#8221; theme_builder_area=&#8221;post_content&#8221; alt=&#8221;Mobile-Machinery-Hydraulic-Cylinders&#8221; title_text=&#8221;Mobile-Machinery-Hydraulic-Cylinders-4&#8243; hover_enabled=&#8221;0&#8243; sticky_enabled=&#8221;0&#8243;][\/et_pb_image][\/et_pb_column][et_pb_column _builder_version=&#8221;4.27.4&#8243; _module_preset=&#8221;default&#8221; type=&#8221;3_5&#8243; theme_builder_area=&#8221;post_content&#8221;][et_pb_text _builder_version=&#8221;4.27.4&#8243; _module_preset=&#8221;default&#8221; theme_builder_area=&#8221;post_content&#8221; hover_enabled=&#8221;0&#8243; sticky_enabled=&#8221;0&#8243; text_font_size=&#8221;16px&#8221; text_line_height=&#8221;1.8em&#8221; header_2_font=&#8221;Frank Ruhl Libre||||||||&#8221; custom_padding=&#8221;34px|||||&#8221;]<\/p>\n<div>\n<h2>Podjetje FMP: Va\u0161a izbira za hidravli\u010dne cilindre<\/h2>\n<p class=\"break-words\">V podjetju FMP izdelujemo veliko razli\u010dnih hidravli\u010dnih cilindrov za mobilno mehanizacijo in pomagamo ljudem od Benetk do Bologne. Imamo mo\u010dne varjene cilindre z drogovi in \u200b\u200blahko izdelamo celo posebne cilindre samo za va\u0161e stroje. To pomaga, da va\u0161a oprema deluje bolje in traja dlje. \u010ce na na\u0161em seznamu ne najdete tistega, kar potrebujete, ne skrbite \u2013 vedno dodajamo ve\u010d! Po\u0161ljite nam e-po\u0161to, v kateri nam sporo\u010dite, kaj \u017eelite, in na\u0161a ekipa vam bo v 24 urah odgovorila z na\u010drtom, pripravljenim samo za vas. Na podjetje FMP se lahko zanesete, da vam bo zagotovilo trpe\u017ene, visokokakovostne hidravli\u010dne cilindre, ki bodo va\u0161i mobilni mehanizaciji zagotovili odli\u010dno delovanje, ne glede na to, kje v Italiji ste.<\/p>\n<\/div>\n<p>[\/et_pb_text][\/et_pb_column][\/et_pb_row][\/et_pb_section]<\/p>","protected":false},"excerpt":{"rendered":"<p>Mobile Machinery Hydraulic CylindersTypes of Mobile Machinery Hydraulic CylindersMobile Machinery Hydraulic Cylinders: Powering Machines Across Industries Hydraulic cylinders are like the strong muscles inside mobile machinery. They give machines the power and control they need to do hard jobs in all kinds of places. In Italy, from the busy building sites in Milan to the [&hellip;]<\/p>","protected":false},"author":2,"featured_media":0,"parent":0,"menu_order":0,"comment_status":"closed","ping_status":"closed","template":"","meta":{"_et_pb_use_builder":"on","_et_pb_old_content":"","_et_gb_content_width":"","footnotes":""},"class_list":["post-7564","page","type-page","status-publish","hentry"],"_links":{"self":[{"href":"https:\/\/fmp-components.com\/sl\/wp-json\/wp\/v2\/pages\/7564","targetHints":{"allow":["GET"]}}],"collection":[{"href":"https:\/\/fmp-components.com\/sl\/wp-json\/wp\/v2\/pages"}],"about":[{"href":"https:\/\/fmp-components.com\/sl\/wp-json\/wp\/v2\/types\/page"}],"author":[{"embeddable":true,"href":"https:\/\/fmp-components.com\/sl\/wp-json\/wp\/v2\/users\/2"}],"replies":[{"embeddable":true,"href":"https:\/\/fmp-components.com\/sl\/wp-json\/wp\/v2\/comments?post=7564"}],"version-history":[{"count":7,"href":"https:\/\/fmp-components.com\/sl\/wp-json\/wp\/v2\/pages\/7564\/revisions"}],"predecessor-version":[{"id":7579,"href":"https:\/\/fmp-components.com\/sl\/wp-json\/wp\/v2\/pages\/7564\/revisions\/7579"}],"wp:attachment":[{"href":"https:\/\/fmp-components.com\/sl\/wp-json\/wp\/v2\/media?parent=7564"}],"curies":[{"name":"delovni list","href":"https:\/\/api.w.org\/{rel}","templated":true}]}}