{"id":7540,"date":"2025-03-28T05:36:23","date_gmt":"2025-03-28T05:36:23","guid":{"rendered":"https:\/\/fmp-components.com\/?page_id=7540"},"modified":"2025-03-28T07:40:12","modified_gmt":"2025-03-28T07:40:12","slug":"construction-machinery-hydraulic-cylinders-2","status":"publish","type":"page","link":"https:\/\/fmp-components.com\/sl\/construction-machinery-hydraulic-cylinders-2\/","title":{"rendered":"Hidravli\u010dni cilindri za gradbeno mehanizacijo"},"content":{"rendered":"<p>[et_pb_section fb_built=&#8221;1&#8243; theme_builder_area=&#8221;post_content&#8221; _builder_version=&#8221;4.27.4&#8243; _module_preset=&#8221;default&#8221; alt=&#8221;Construction-Machinery-Hydraulic-Cylinders-Banner&#8221; title_text=&#8221;Construction-Machinery-Hydraulic-Cylinders-Banner-1&#8243; background_image=&#8221;https:\/\/fmp-components.com\/wp-content\/uploads\/2025\/03\/Construction-Machinery-Hydraulic-Cylinders-Banner-1.webp&#8221; hover_enabled=&#8221;0&#8243; sticky_enabled=&#8221;0&#8243; min_height=&#8221;356px&#8221;][et_pb_row _builder_version=&#8221;4.27.4&#8243; _module_preset=&#8221;default&#8221; theme_builder_area=&#8221;post_content&#8221;][et_pb_column _builder_version=&#8221;4.27.4&#8243; _module_preset=&#8221;default&#8221; type=&#8221;4_4&#8243; theme_builder_area=&#8221;post_content&#8221;][et_pb_text _builder_version=&#8221;4.27.4&#8243; _module_preset=&#8221;default&#8221; theme_builder_area=&#8221;post_content&#8221; header_font=&#8221;Frank Ruhl Libre||||||||&#8221; header_font_size=&#8221;60px&#8221; header_text_color=&#8221;#FFFFFF&#8221; header_text_shadow_style=&#8221;preset1&#8243; hover_enabled=&#8221;0&#8243; sticky_enabled=&#8221;0&#8243;]<\/p>\n<h1 style=\"text-align: center;\">Hidravli\u010dni cilindri za gradbeno mehanizacijo<\/h1>\n<p>[\/et_pb_text][et_pb_text _builder_version=&#8221;4.27.4&#8243; _module_preset=&#8221;default&#8221; theme_builder_area=&#8221;post_content&#8221; text_text_color=&#8221;#FFFFFF&#8221; text_font_size=&#8221;16px&#8221; text_line_height=&#8221;1.8em&#8221; hover_enabled=&#8221;0&#8243; sticky_enabled=&#8221;0&#8243;]<\/p>\n<p style=\"text-align: center;\">V podjetju FMP smo specializirani za proizvodnjo \u0161iroke palete hidravli\u010dnih cilindrov za gradbeno mehanizacijo, zasnovanih za zadovoljevanje razli\u010dnih potreb industrije. Poleg na\u0161e obse\u017ene ponudbe izdelkov ponujamo tudi re\u0161itve po meri, prilagojene va\u0161im specifi\u010dnim zahtevam. \u010ce na na\u0161em seznamu izdelkov ne najdete modela, ki ga potrebujete, to preprosto pomeni, da ga \u0161e nismo imeli mo\u017enosti posodobiti. Prosimo, da nam po e-po\u0161ti po\u0161ljete podrobnosti o modelu, ki ga i\u0161\u010dete, in na\u0161i in\u017eenirji vam bodo odgovorili v 24 urah.<\/p>\n<p>[\/et_pb_text][\/et_pb_column][\/et_pb_row][\/et_pb_section][et_pb_section fb_built=&#8221;1&#8243; theme_builder_area=&#8221;post_content&#8221; _builder_version=&#8221;4.27.4&#8243; _module_preset=&#8221;default&#8221; custom_padding=&#8221;||1px|||&#8221;][et_pb_row _builder_version=&#8221;4.27.4&#8243; _module_preset=&#8221;default&#8221; theme_builder_area=&#8221;post_content&#8221;][et_pb_column _builder_version=&#8221;4.27.4&#8243; _module_preset=&#8221;default&#8221; type=&#8221;4_4&#8243; theme_builder_area=&#8221;post_content&#8221;][et_pb_text _builder_version=&#8221;4.27.4&#8243; _module_preset=&#8221;default&#8221; theme_builder_area=&#8221;post_content&#8221; header_2_font=&#8221;Frank Ruhl Libre||||||||&#8221; header_2_font_size=&#8221;30px&#8221; hover_enabled=&#8221;0&#8243; sticky_enabled=&#8221;0&#8243;]<\/p>\n<h2 style=\"text-align: center;\">Vrste hidravli\u010dnih cilindrov za gradbeno mehanizacijo<\/h2>\n<p>[\/et_pb_text][et_pb_shop _builder_version=&#8221;4.27.4&#8243; _module_preset=&#8221;default&#8221; theme_builder_area=&#8221;post_content&#8221; type=&#8221;product_category&#8221; include_categories=&#8221;24&#8243; columns_number=&#8221;3&#8243; hover_enabled=&#8221;0&#8243; sticky_enabled=&#8221;0&#8243;][\/et_pb_shop][\/et_pb_column][\/et_pb_row][\/et_pb_section][et_pb_section fb_built=&#8221;1&#8243; theme_builder_area=&#8221;post_content&#8221; _builder_version=&#8221;4.27.4&#8243; _module_preset=&#8221;default&#8221; custom_padding=&#8221;20px|||||&#8221;][et_pb_row _builder_version=&#8221;4.27.4&#8243; _module_preset=&#8221;default&#8221; theme_builder_area=&#8221;post_content&#8221;][et_pb_column _builder_version=&#8221;4.27.4&#8243; _module_preset=&#8221;default&#8221; type=&#8221;4_4&#8243; theme_builder_area=&#8221;post_content&#8221;][et_pb_text _builder_version=&#8221;4.27.4&#8243; _module_preset=&#8221;default&#8221; theme_builder_area=&#8221;post_content&#8221; header_2_font=&#8221;Frank Ruhl Libre||||||||&#8221; header_2_font_size=&#8221;30px&#8221; hover_enabled=&#8221;0&#8243; sticky_enabled=&#8221;0&#8243;]<\/p>\n<h2 style=\"text-align: center;\">Vloga hidravli\u010dnih cilindrov v gradbenih strojih<\/h2>\n<p>[\/et_pb_text][\/et_pb_column][\/et_pb_row][et_pb_row _builder_version=&#8221;4.27.4&#8243; _module_preset=&#8221;default&#8221; column_structure=&#8221;1_2,1_2&#8243; theme_builder_area=&#8221;post_content&#8221; use_custom_gutter=&#8221;on&#8221; gutter_width=&#8221;2&#8243; hover_enabled=&#8221;0&#8243; sticky_enabled=&#8221;0&#8243;][et_pb_column _builder_version=&#8221;4.27.4&#8243; _module_preset=&#8221;default&#8221; type=&#8221;1_2&#8243; theme_builder_area=&#8221;post_content&#8221;][et_pb_text _builder_version=&#8221;4.27.4&#8243; _module_preset=&#8221;default&#8221; theme_builder_area=&#8221;post_content&#8221; hover_enabled=&#8221;0&#8243; sticky_enabled=&#8221;0&#8243; header_3_font=&#8221;Frank Ruhl Libre||||||||&#8221; text_font_size=&#8221;15px&#8221;]<\/p>\n<div>\n<h3>Superjunaki gradbeni\u0161tva:<\/h3>\n<p>Hidravli\u010dni cilindri so kot skriti superjunaki za gradbeno mehanizacijo.<br \/>Zagotavljajo ogromno mo\u010d in skrben nadzor za zahtevna dela na prometnih gradbi\u0161\u010dih po vsej Italiji, od Milana do Benetk.<\/p>\n<h3>Kako delujejo:<\/h3>\n<p>Ti pomembni deli pretvarjajo hidravli\u010dno energijo v premo\u010dno gibanje.<br \/>Pomagajo strojem, kot so bagri, bagri nakladalniki in prekucniki, da dvigujejo te\u017eke stvari, potiskajo zemljo ter hitro in enostavno kopljejo.<\/p>\n<h3>Primeri v praksi:<\/h3>\n<p>V bagrih hidravli\u010dni cilindri premikajo dolgo roko in \u017elico, da izkopljejo natan\u010dne luknje za temelje stavb v starih soseskah Firenc ali v bli\u017eini bene\u0161kih kanalov.<br \/>V buldo\u017eerjih na tovarni\u0161kih obmo\u010djih Bologne premikajo veliko rezilo, da poravnajo ali o\u010distijo zemljo.<br \/>Posebni teleskopski cilindri v prekucnikih izjemno hitro razkladajo te\u017eke materiale.<\/p>\n<\/div>\n<p>[\/et_pb_text][\/et_pb_column][et_pb_column _builder_version=&#8221;4.27.4&#8243; _module_preset=&#8221;default&#8221; type=&#8221;1_2&#8243; theme_builder_area=&#8221;post_content&#8221;][et_pb_image src=&#8221;https:\/\/fmp-components.com\/wp-content\/uploads\/2025\/03\/Construction-Machinery-Hydraulic-Cylinders-6.webp&#8221; _builder_version=&#8221;4.27.4&#8243; _module_preset=&#8221;default&#8221; theme_builder_area=&#8221;post_content&#8221; alt=&#8221;Construction-Machinery-Hydraulic-Cylinders&#8221; title_text=&#8221;Construction-Machinery-Hydraulic-Cylinders-6&#8243; hover_enabled=&#8221;0&#8243; sticky_enabled=&#8221;0&#8243;][\/et_pb_image][\/et_pb_column][\/et_pb_row][et_pb_row _builder_version=&#8221;4.27.4&#8243; _module_preset=&#8221;default&#8221; column_structure=&#8221;1_2,1_2&#8243; theme_builder_area=&#8221;post_content&#8221; use_custom_gutter=&#8221;on&#8221; gutter_width=&#8221;2&#8243; hover_enabled=&#8221;0&#8243; sticky_enabled=&#8221;0&#8243;][et_pb_column _builder_version=&#8221;4.27.4&#8243; _module_preset=&#8221;default&#8221; type=&#8221;1_2&#8243; theme_builder_area=&#8221;post_content&#8221;][et_pb_image src=&#8221;https:\/\/fmp-components.com\/wp-content\/uploads\/2025\/03\/Construction-Machinery-Hydraulic-Cylinders-8.webp&#8221; _builder_version=&#8221;4.27.4&#8243; _module_preset=&#8221;default&#8221; theme_builder_area=&#8221;post_content&#8221; alt=&#8221;Construction-Machinery-Hydraulic-Cylinders&#8221; title_text=&#8221;Construction-Machinery-Hydraulic-Cylinders-8&#8243; hover_enabled=&#8221;0&#8243; sticky_enabled=&#8221;0&#8243;][\/et_pb_image][\/et_pb_column][et_pb_column _builder_version=&#8221;4.27.4&#8243; _module_preset=&#8221;default&#8221; type=&#8221;1_2&#8243; theme_builder_area=&#8221;post_content&#8221;][et_pb_text _builder_version=&#8221;4.27.4&#8243; _module_preset=&#8221;default&#8221; theme_builder_area=&#8221;post_content&#8221; header_3_font=&#8221;Frank Ruhl Libre||||||||&#8221; text_font_size=&#8221;15px&#8221; hover_enabled=&#8221;0&#8243; sticky_enabled=&#8221;0&#8243;]<\/p>\n<div>\n<h3>Varnej\u0161i in bolj\u0161i stroji:<\/h3>\n<p>Dvostransko delujo\u010di cilindri (v mini nakladalnikih in \u017eerjavih v Milanu) potiskajo in vle\u010dejo za gladko dvigovanje in spu\u0161\u010danje.<br \/>Teleskopski cilindri (v \u017eerjavih in re\u0161evalnem orodju v Firencah) se raztezajo za delo v tesnih mestnih prostorih.<br \/>Varjene karoserije valjev so izjemno mo\u010dne in dolgo zdr\u017eijo na neravnih obmo\u010djih severne Italije, saj prepre\u010dujejo vdor rje in umazanije.<\/p>\n<h3>Prihranek \u010dasa:<\/h3>\n<p>Zaradi njihove vzdr\u017eljivosti se stroji ne kvarijo toliko.<br \/>To pomaga pravo\u010dasno dokon\u010dati velike projekte v hitro rasto\u010dih mestih, kot je Bologna, kjer so povsod nove ceste in stavbe.<\/p>\n<h3>Hrbtenica gradnje:<\/h3>\n<p>Hidravli\u010dni cilindri me\u0161ajo mo\u010d s skrbnim nadzorom.<br \/>So kot mo\u010dna hrbtenica sodobnih gradbenih strojev.<\/p>\n<\/div>\n<p>[\/et_pb_text][\/et_pb_column][\/et_pb_row][\/et_pb_section][et_pb_section fb_built=&#8221;1&#8243; theme_builder_area=&#8221;post_content&#8221; _builder_version=&#8221;4.27.4&#8243; _module_preset=&#8221;default&#8221; alt=&#8221;Construction-Machinery-Hydraulic-Cylinders&#8221; title_text=&#8221;Construction-Machinery-Hydraulic-Cylinders&#8221; background_image=&#8221;https:\/\/fmp-components.com\/wp-content\/uploads\/2025\/03\/Construction-Machinery-Hydraulic-Cylinders-Banner.webp&#8221; hover_enabled=&#8221;0&#8243; sticky_enabled=&#8221;0&#8243; min_height=&#8221;436px&#8221; use_background_color_gradient=&#8221;on&#8221; background_color_gradient_stops=&#8221;rgba(0,0,0,0.51) 0%|rgba(0,0,0,0.29) 100%&#8221; background_color_gradient_overlays_image=&#8221;on&#8221;][et_pb_row _builder_version=&#8221;4.27.4&#8243; _module_preset=&#8221;default&#8221; theme_builder_area=&#8221;post_content&#8221; custom_padding=&#8221;88px|||||&#8221;][et_pb_column _builder_version=&#8221;4.27.4&#8243; _module_preset=&#8221;default&#8221; type=&#8221;4_4&#8243; theme_builder_area=&#8221;post_content&#8221;][et_pb_text _builder_version=&#8221;4.27.4&#8243; _module_preset=&#8221;default&#8221; theme_builder_area=&#8221;post_content&#8221; text_font_size=&#8221;18px&#8221; text_line_height=&#8221;2em&#8221; text_text_color=&#8221;#FFFFFF&#8221; text_text_shadow_style=&#8221;preset1&#8243; hover_enabled=&#8221;0&#8243; sticky_enabled=&#8221;0&#8243;]<\/p>\n<p style=\"text-align: center;\">V podjetju FMP smo ponosni, da izdelujemo vse vrste vrhunskih hidravli\u010dnih cilindrov za gradbeno mehanizacijo in pomagamo strankam od Milana do ju\u017ene Italije. Ne glede na to, ali potrebujete mo\u010dne cilindre za bagre ali posebne cilindre za zanimive projekte v Benetkah, lahko na\u0161a ekipa v Italiji ustvari trpe\u017ene in visokozmogljive izdelke samo za vas. Osredoto\u010damo se na nove ideje in znanje na\u0161ih lokalnih strokovnjakov, da zagotovimo, da na\u0161i cilindri kosajo z zahtevnimi gradbenimi deli v Italiji. Pripravljeni smo pomagati tako pri obi\u010dajnih potrebah kot pri izdelavi po meri ter vsaki\u010d ponuditi hitro in zanesljivo storitev.<\/p>\n<p>[\/et_pb_text][\/et_pb_column][\/et_pb_row][\/et_pb_section]<\/p>","protected":false},"excerpt":{"rendered":"<p>Construction Machinery Hydraulic CylindersAt FMP Company, we specialize in manufacturing a wide range of Construction Machinery Hydraulic Cylinders designed to meet diverse industry needs. In addition to our extensive product lineup, we also offer customized solutions tailored to your specific requirements. If you don\u2019t find the model you need in our product list, it simply [&hellip;]<\/p>","protected":false},"author":2,"featured_media":0,"parent":0,"menu_order":0,"comment_status":"closed","ping_status":"closed","template":"","meta":{"_et_pb_use_builder":"on","_et_pb_old_content":"","_et_gb_content_width":"","footnotes":""},"class_list":["post-7540","page","type-page","status-publish","hentry"],"_links":{"self":[{"href":"https:\/\/fmp-components.com\/sl\/wp-json\/wp\/v2\/pages\/7540","targetHints":{"allow":["GET"]}}],"collection":[{"href":"https:\/\/fmp-components.com\/sl\/wp-json\/wp\/v2\/pages"}],"about":[{"href":"https:\/\/fmp-components.com\/sl\/wp-json\/wp\/v2\/types\/page"}],"author":[{"embeddable":true,"href":"https:\/\/fmp-components.com\/sl\/wp-json\/wp\/v2\/users\/2"}],"replies":[{"embeddable":true,"href":"https:\/\/fmp-components.com\/sl\/wp-json\/wp\/v2\/comments?post=7540"}],"version-history":[{"count":13,"href":"https:\/\/fmp-components.com\/sl\/wp-json\/wp\/v2\/pages\/7540\/revisions"}],"predecessor-version":[{"id":7562,"href":"https:\/\/fmp-components.com\/sl\/wp-json\/wp\/v2\/pages\/7540\/revisions\/7562"}],"wp:attachment":[{"href":"https:\/\/fmp-components.com\/sl\/wp-json\/wp\/v2\/media?parent=7540"}],"curies":[{"name":"delovni list","href":"https:\/\/api.w.org\/{rel}","templated":true}]}}