{"id":7523,"date":"2025-03-27T06:35:43","date_gmt":"2025-03-27T06:35:43","guid":{"rendered":"https:\/\/fmp-components.com\/?page_id=7523"},"modified":"2025-03-27T08:31:08","modified_gmt":"2025-03-27T08:31:08","slug":"sanitation-machinery-hydraulic-cylinders-2","status":"publish","type":"page","link":"https:\/\/fmp-components.com\/sl\/sanitation-machinery-hydraulic-cylinders-2\/","title":{"rendered":"Hidravli\u010dni cilindri za sanitarne stroje"},"content":{"rendered":"<p>[et_pb_section fb_built=&#8221;1&#8243; theme_builder_area=&#8221;post_content&#8221; _builder_version=&#8221;4.27.4&#8243; _module_preset=&#8221;default&#8221; alt=&#8221;Sanitation-Machinery-Hydraulic-Cylinders-Banner&#8221; title_text=&#8221;Sanitation-Machinery-Hydraulic-Cylinders-Banner&#8221; background_image=&#8221;https:\/\/fmp-components.com\/wp-content\/uploads\/2025\/03\/Sanitation-Machinery-Hydraulic-Cylinders-Banner.webp&#8221; hover_enabled=&#8221;0&#8243; sticky_enabled=&#8221;0&#8243; min_height=&#8221;470px&#8221; use_background_color_gradient=&#8221;on&#8221; background_color_gradient_stops=&#8221;rgba(0,0,0,0.2) 0%|rgba(0,0,0,0.28) 100%&#8221; background_color_gradient_overlays_image=&#8221;on&#8221;][et_pb_row _builder_version=&#8221;4.27.4&#8243; _module_preset=&#8221;default&#8221; theme_builder_area=&#8221;post_content&#8221;][et_pb_column _builder_version=&#8221;4.27.4&#8243; _module_preset=&#8221;default&#8221; type=&#8221;4_4&#8243; theme_builder_area=&#8221;post_content&#8221;][et_pb_text _builder_version=&#8221;4.27.4&#8243; _module_preset=&#8221;default&#8221; theme_builder_area=&#8221;post_content&#8221; header_font=&#8221;Frank Ruhl Libre||||||||&#8221; header_font_size=&#8221;70px&#8221; header_text_align=&#8221;center&#8221; header_text_color=&#8221;#FFFFFF&#8221; header_text_shadow_style=&#8221;preset1&#8243; hover_enabled=&#8221;0&#8243; sticky_enabled=&#8221;0&#8243;]<\/p>\n<h1>Hidravli\u010dni cilindri za sanitarne stroje<\/h1>\n<p>[\/et_pb_text][et_pb_text _builder_version=&#8221;4.27.4&#8243; _module_preset=&#8221;default&#8221; theme_builder_area=&#8221;post_content&#8221; text_text_color=&#8221;#FFFFFF&#8221; text_font_size=&#8221;16px&#8221; text_line_height=&#8221;1.8em&#8221; hover_enabled=&#8221;0&#8243; sticky_enabled=&#8221;0&#8243; text_text_shadow_style=&#8221;preset1&#8243;]<\/p>\n<p style=\"text-align: center;\">V podjetju FMP smo specializirani za proizvodnjo \u0161iroke palete hidravli\u010dnih cilindrov za sanitarne stroje, zasnovanih za zadovoljevanje razli\u010dnih potreb industrije. Poleg standardne ponudbe ponujamo tudi re\u0161itve po meri, prilagojene va\u0161im specifi\u010dnim zahtevam. \u010ce na na\u0161em seznamu izdelkov ne najdete modela, ki ga potrebujete, ga verjetno \u0161e nismo imeli mo\u017enosti nalo\u017eiti. Prosimo, da nam po e-po\u0161ti po\u0161ljete podrobnosti o modelu, ki ga i\u0161\u010dete, in na\u0161i in\u017eenirji vam bodo odgovorili v 24 urah.<\/p>\n<p>[\/et_pb_text][\/et_pb_column][\/et_pb_row][\/et_pb_section][et_pb_section fb_built=&#8221;1&#8243; theme_builder_area=&#8221;post_content&#8221; _builder_version=&#8221;4.27.4&#8243; _module_preset=&#8221;default&#8221;][et_pb_row _builder_version=&#8221;4.27.4&#8243; _module_preset=&#8221;default&#8221; theme_builder_area=&#8221;post_content&#8221;][et_pb_column _builder_version=&#8221;4.27.4&#8243; _module_preset=&#8221;default&#8221; type=&#8221;4_4&#8243; theme_builder_area=&#8221;post_content&#8221;][et_pb_text _builder_version=&#8221;4.27.4&#8243; _module_preset=&#8221;default&#8221; theme_builder_area=&#8221;post_content&#8221; header_2_font=&#8221;Frank Ruhl Libre||||||||&#8221; header_2_font_size=&#8221;40px&#8221; hover_enabled=&#8221;0&#8243; sticky_enabled=&#8221;0&#8243;]<\/p>\n<h2 class=\"et_pb_toggle_title\" style=\"text-align: center;\">Vrste hidravli\u010dnih cilindrov za sanitarne stroje<\/h2>\n<p>[\/et_pb_text][\/et_pb_column][\/et_pb_row][et_pb_row _builder_version=&#8221;4.27.4&#8243; _module_preset=&#8221;default&#8221; theme_builder_area=&#8221;post_content&#8221;][et_pb_column _builder_version=&#8221;4.27.4&#8243; _module_preset=&#8221;default&#8221; type=&#8221;4_4&#8243; theme_builder_area=&#8221;post_content&#8221;][et_pb_shop _builder_version=&#8221;4.27.4&#8243; _module_preset=&#8221;default&#8221; theme_builder_area=&#8221;post_content&#8221; type=&#8221;product_category&#8221; include_categories=&#8221;23&#8243; columns_number=&#8221;3&#8243; hover_enabled=&#8221;0&#8243; sticky_enabled=&#8221;0&#8243;][\/et_pb_shop][\/et_pb_column][\/et_pb_row][\/et_pb_section][et_pb_section fb_built=&#8221;1&#8243; theme_builder_area=&#8221;post_content&#8221; _builder_version=&#8221;4.27.4&#8243; _module_preset=&#8221;default&#8221;][et_pb_row _builder_version=&#8221;4.27.4&#8243; _module_preset=&#8221;default&#8221; column_structure=&#8221;1_2,1_2&#8243; theme_builder_area=&#8221;post_content&#8221;][et_pb_column _builder_version=&#8221;4.27.4&#8243; _module_preset=&#8221;default&#8221; type=&#8221;1_2&#8243; theme_builder_area=&#8221;post_content&#8221;][et_pb_image src=&#8221;https:\/\/fmp-components.com\/wp-content\/uploads\/2025\/03\/Sanitation-Machinery-Hydraulic-Cylinders-1.webp&#8221; _builder_version=&#8221;4.27.4&#8243; _module_preset=&#8221;default&#8221; theme_builder_area=&#8221;post_content&#8221; alt=&#8221;Sanitation-Machinery-Hydraulic-Cylinders-1&#8243; title_text=&#8221;Sanitation-Machinery-Hydraulic-Cylinders-1&#8243; hover_enabled=&#8221;0&#8243; sticky_enabled=&#8221;0&#8243;][\/et_pb_image][\/et_pb_column][et_pb_column _builder_version=&#8221;4.27.4&#8243; _module_preset=&#8221;default&#8221; type=&#8221;1_2&#8243; theme_builder_area=&#8221;post_content&#8221;][et_pb_text _builder_version=&#8221;4.27.4&#8243; _module_preset=&#8221;default&#8221; theme_builder_area=&#8221;post_content&#8221; header_2_font=&#8221;Frank Ruhl Libre||||||||&#8221; header_2_font_size=&#8221;30px&#8221; hover_enabled=&#8221;0&#8243; sticky_enabled=&#8221;0&#8243;]<\/p>\n<h2>Uporaba hidravli\u010dnih cilindrov v sanitarnih strojih<\/h2>\n<p>[\/et_pb_text][et_pb_text _builder_version=&#8221;4.27.4&#8243; _module_preset=&#8221;default&#8221; theme_builder_area=&#8221;post_content&#8221; text_font_size=&#8221;16px&#8221; text_line_height=&#8221;1.8em&#8221; hover_enabled=&#8221;0&#8243; sticky_enabled=&#8221;0&#8243;]<\/p>\n<p>Hidravli\u010dni cilindri igrajo klju\u010dno vlogo v sanitarnih strojih, saj zagotavljajo u\u010dinkovito ravnanje z odpadki in komunalne operacije. V podjetju FMP s sede\u017eem v Italiji smo specializirani za proizvodnjo visokokakovostnih hidravli\u010dnih cilindrov, prilagojenih za sanitarne aplikacije, kot so pometalniki, smetarski tovornjaki, kompaktorji smeti in tovornjaki za odstranjevanje snega. Na\u0161a patentirana zasnova Y&amp;J ponuja izjemno odpornost proti koroziji, zaradi \u010desar je idealna za zahtevna okolja, ki jih ti stroji prena\u0161ajo. Z mo\u017enostjo enosmernih in dvosmernih bla\u017eilnih sistemov na\u0161i cilindri zagotavljajo nemoteno in zanesljivo delovanje, kar zmanj\u0161uje \u010das izpada in pove\u010duje vzdr\u017eljivost opreme za ravnanje z odpadki. Ne glede na to, ali gre za stiskanje smeti ali dvigovanje te\u017ekih bremen, so cilindri FMP po meri za sanitarne stroje zasnovani tako, da izpolnjujejo stroge zahteve industrije.<\/p>\n<p>[\/et_pb_text][\/et_pb_column][\/et_pb_row][et_pb_row _builder_version=&#8221;4.27.4&#8243; _module_preset=&#8221;default&#8221; theme_builder_area=&#8221;post_content&#8221;][et_pb_column _builder_version=&#8221;4.27.4&#8243; _module_preset=&#8221;default&#8221; type=&#8221;4_4&#8243; theme_builder_area=&#8221;post_content&#8221;][et_pb_text _builder_version=&#8221;4.27.4&#8243; _module_preset=&#8221;default&#8221; theme_builder_area=&#8221;post_content&#8221; text_font_size=&#8221;16px&#8221; text_line_height=&#8221;1.8em&#8221; hover_enabled=&#8221;0&#8243; sticky_enabled=&#8221;0&#8243;]<\/p>\n<p>Strokovno znanje podjetja FMP sega v \u0161iroko paleto aplikacij sanitarne opreme, od hidravli\u010dnih cilindrov za stiskalnice odpadkov in prekladalne postaje do nadomestnih enot za komunalna vozila, kot so zadnji nakladalniki in prekucniki. Na\u0161a tovarna v Italiji uporablja napredne proizvodne tehnike za proizvodnjo cilindrov iz visoko trdnih materialov, kot so cevi CDS, kar zagotavlja dolgo \u017eivljenjsko dobo in vrhunsko delovanje tudi v ekstremnih pogojih. Ti cilindri, vklju\u010dno z dvojno delujo\u010dimi teleskopskimi zasnovami, obravnavajo pogoste izzive, kot so hrup, plazenje in raztezanje cevi, hkrati pa prestanejo stroge 96-urne teste v nevtralni solni megli (NSS stopnja 9) za izbolj\u0161ano odpornost proti koroziji. Z osredoto\u010danjem na inovacije in prilagajanje FMP ponuja stro\u0161kovno u\u010dinkovite re\u0161itve z malo vzdr\u017eevanja, ki na\u0161im strankam omogo\u010dajo u\u010dinkovito optimizacijo njihovih voznih parkov za sanitarne naprave in sistemov za ravnanje z odpadki.<\/p>\n<p>[\/et_pb_text][\/et_pb_column][\/et_pb_row][\/et_pb_section][et_pb_section fb_built=&#8221;1&#8243; theme_builder_area=&#8221;post_content&#8221; _builder_version=&#8221;4.27.4&#8243; _module_preset=&#8221;default&#8221; alt=&#8221;Sanitation-Machinery-Hydraulic-Cylinders&#8221; title_text=&#8221;Sanitation-Machinery-Hydraulic-Cylinders&#8221; background_image=&#8221;https:\/\/fmp-components.com\/wp-content\/uploads\/2025\/03\/Generated-Image-March-27-2025-4_22PM.webp&#8221; hover_enabled=&#8221;0&#8243; sticky_enabled=&#8221;0&#8243; min_height=&#8221;453px&#8221;][et_pb_row _builder_version=&#8221;4.27.4&#8243; _module_preset=&#8221;default&#8221; theme_builder_area=&#8221;post_content&#8221;][et_pb_column _builder_version=&#8221;4.27.4&#8243; _module_preset=&#8221;default&#8221; type=&#8221;4_4&#8243; theme_builder_area=&#8221;post_content&#8221;][\/et_pb_column][\/et_pb_row][\/et_pb_section]<\/p>","protected":false},"excerpt":{"rendered":"<p>Sanitation Machinery Hydraulic CylindersAt FMP Company, we specialize in manufacturing a wide range of Sanitation Machinery Hydraulic Cylinders designed to meet diverse industry needs. In addition to our standard offerings, we also provide customized solutions tailored to your specific requirements. If you don\u2019t find the model you need in our product list, it\u2019s likely we [&hellip;]<\/p>","protected":false},"author":2,"featured_media":0,"parent":0,"menu_order":0,"comment_status":"closed","ping_status":"closed","template":"","meta":{"_et_pb_use_builder":"on","_et_pb_old_content":"","_et_gb_content_width":"","footnotes":""},"class_list":["post-7523","page","type-page","status-publish","hentry"],"_links":{"self":[{"href":"https:\/\/fmp-components.com\/sl\/wp-json\/wp\/v2\/pages\/7523","targetHints":{"allow":["GET"]}}],"collection":[{"href":"https:\/\/fmp-components.com\/sl\/wp-json\/wp\/v2\/pages"}],"about":[{"href":"https:\/\/fmp-components.com\/sl\/wp-json\/wp\/v2\/types\/page"}],"author":[{"embeddable":true,"href":"https:\/\/fmp-components.com\/sl\/wp-json\/wp\/v2\/users\/2"}],"replies":[{"embeddable":true,"href":"https:\/\/fmp-components.com\/sl\/wp-json\/wp\/v2\/comments?post=7523"}],"version-history":[{"count":8,"href":"https:\/\/fmp-components.com\/sl\/wp-json\/wp\/v2\/pages\/7523\/revisions"}],"predecessor-version":[{"id":7538,"href":"https:\/\/fmp-components.com\/sl\/wp-json\/wp\/v2\/pages\/7523\/revisions\/7538"}],"wp:attachment":[{"href":"https:\/\/fmp-components.com\/sl\/wp-json\/wp\/v2\/media?parent=7523"}],"curies":[{"name":"delovni list","href":"https:\/\/api.w.org\/{rel}","templated":true}]}}