{"id":7511,"date":"2025-03-27T05:42:56","date_gmt":"2025-03-27T05:42:56","guid":{"rendered":"https:\/\/fmp-components.com\/?page_id=7511"},"modified":"2025-03-27T06:33:13","modified_gmt":"2025-03-27T06:33:13","slug":"aerial-work-vehicle-hydraulic-cylinders-2","status":"publish","type":"page","link":"https:\/\/fmp-components.com\/sl\/aerial-work-vehicle-hydraulic-cylinders-2\/","title":{"rendered":"Hidravli\u010dni cilindri za delovna vozila v zraku"},"content":{"rendered":"<p>[et_pb_section fb_built=&#8221;1&#8243; theme_builder_area=&#8221;post_content&#8221; _builder_version=&#8221;4.27.4&#8243; _module_preset=&#8221;default&#8221; alt=&#8221;Aerial-Work-Vehicle-Hydraulic-Cylinders-banner&#8221; title_text=&#8221;Aerial-Work-Vehicle-Hydraulic-Cylinders-banner&#8221; background_image=&#8221;https:\/\/fmp-components.com\/wp-content\/uploads\/2025\/03\/Aerial-Work-Vehicle-Hydraulic-Cylinders-banner.webp&#8221; hover_enabled=&#8221;0&#8243; sticky_enabled=&#8221;0&#8243; min_height=&#8221;348px&#8221; use_background_color_gradient=&#8221;on&#8221; background_color_gradient_stops=&#8221;rgba(0,0,0,0.35) 0%|rgba(0,0,0,0.3) 100%&#8221; background_color_gradient_overlays_image=&#8221;on&#8221;][et_pb_row _builder_version=&#8221;4.27.4&#8243; _module_preset=&#8221;default&#8221; theme_builder_area=&#8221;post_content&#8221;][et_pb_column _builder_version=&#8221;4.27.4&#8243; _module_preset=&#8221;default&#8221; type=&#8221;4_4&#8243; theme_builder_area=&#8221;post_content&#8221;][et_pb_text _builder_version=&#8221;4.27.4&#8243; _module_preset=&#8221;default&#8221; theme_builder_area=&#8221;post_content&#8221; header_font=&#8221;Frank Ruhl Libre||||||||&#8221; header_font_size=&#8221;70px&#8221; header_text_color=&#8221;#FFFFFF&#8221; header_text_shadow_style=&#8221;preset1&#8243; hover_enabled=&#8221;0&#8243; sticky_enabled=&#8221;0&#8243;]<\/p>\n<h1 style=\"text-align: center;\">Hidravli\u010dni cilindri za delovna vozila v zraku<\/h1>\n<p>[\/et_pb_text][et_pb_text _builder_version=&#8221;4.27.4&#8243; _module_preset=&#8221;default&#8221; theme_builder_area=&#8221;post_content&#8221; text_text_color=&#8221;#FFFFFF&#8221; text_font_size=&#8221;16px&#8221; text_line_height=&#8221;1.8em&#8221; hover_enabled=&#8221;0&#8243; sticky_enabled=&#8221;0&#8243;]<\/p>\n<p style=\"text-align: center;\">V podjetju FMP smo specializirani za proizvodnjo \u0161iroke palete hidravli\u010dnih cilindrov za dvigala, zasnovanih za zadovoljevanje razli\u010dnih potreb industrije. Poleg na\u0161e obse\u017ene ponudbe izdelkov ponujamo tudi re\u0161itve po meri, prilagojene va\u0161im specifi\u010dnim zahtevam. \u010ce na na\u0161em seznamu izdelkov ne najdete modela, ki ga potrebujete, to preprosto pomeni, da ga \u0161e nismo imeli mo\u017enosti nalo\u017eiti. Prosimo, da nam po\u0161ljete e-po\u0161to z \u017eelenimi specifikacijami in na\u0161i usposobljeni in\u017eenirji vam bodo odgovorili v 24 urah.<\/p>\n<p>[\/et_pb_text][\/et_pb_column][\/et_pb_row][\/et_pb_section][et_pb_section fb_built=&#8221;1&#8243; theme_builder_area=&#8221;post_content&#8221; _builder_version=&#8221;4.27.4&#8243; _module_preset=&#8221;default&#8221;][et_pb_row _builder_version=&#8221;4.27.4&#8243; _module_preset=&#8221;default&#8221; theme_builder_area=&#8221;post_content&#8221;][et_pb_column _builder_version=&#8221;4.27.4&#8243; _module_preset=&#8221;default&#8221; type=&#8221;4_4&#8243; theme_builder_area=&#8221;post_content&#8221;][et_pb_shop _builder_version=&#8221;4.27.4&#8243; _module_preset=&#8221;default&#8221; theme_builder_area=&#8221;post_content&#8221; type=&#8221;product_category&#8221; include_categories=&#8221;22&#8243; columns_number=&#8221;3&#8243; hover_enabled=&#8221;0&#8243; sticky_enabled=&#8221;0&#8243;][\/et_pb_shop][\/et_pb_column][\/et_pb_row][\/et_pb_section][et_pb_section fb_built=&#8221;1&#8243; theme_builder_area=&#8221;post_content&#8221; _builder_version=&#8221;4.27.4&#8243; _module_preset=&#8221;default&#8221;][et_pb_row _builder_version=&#8221;4.27.4&#8243; _module_preset=&#8221;default&#8221; theme_builder_area=&#8221;post_content&#8221; column_structure=&#8221;1_2,1_2&#8243;][et_pb_column _builder_version=&#8221;4.27.4&#8243; _module_preset=&#8221;default&#8221; type=&#8221;1_2&#8243; theme_builder_area=&#8221;post_content&#8221;][et_pb_image src=&#8221;https:\/\/fmp-components.com\/wp-content\/uploads\/2025\/03\/aerial-work-platforms-hydraulic-cylinder-1.webp&#8221; _builder_version=&#8221;4.27.4&#8243; _module_preset=&#8221;default&#8221; theme_builder_area=&#8221;post_content&#8221; alt=&#8221;aerial-work-platforms-hydraulic-cylinder-1&#8243; title_text=&#8221;aerial-work-platforms-hydraulic-cylinder-1&#8243; hover_enabled=&#8221;0&#8243; sticky_enabled=&#8221;0&#8243;][\/et_pb_image][\/et_pb_column][et_pb_column _builder_version=&#8221;4.27.4&#8243; _module_preset=&#8221;default&#8221; type=&#8221;1_2&#8243; theme_builder_area=&#8221;post_content&#8221;][et_pb_text _builder_version=&#8221;4.27.4&#8243; _module_preset=&#8221;default&#8221; theme_builder_area=&#8221;post_content&#8221; hover_enabled=&#8221;0&#8243; sticky_enabled=&#8221;0&#8243; header_2_font=&#8221;Frank Ruhl Libre||||||||&#8221; header_2_font_size=&#8221;35px&#8221;]<\/p>\n<h2>Hidravli\u010dni cilindri v dvi\u017enih delovnih vozilih<\/h2>\n<p>Hidravli\u010dni cilindri so temelj delovnih vozil za zra\u010dna dela (AWV), saj zagotavljajo natan\u010dno premikanje in stabilnost platform, kot so \u0161karjaste dvi\u017ene plo\u0161\u010dadi, dvi\u017ene plo\u0161\u010dadi na prikolici, dvi\u017ene plo\u0161\u010dadi na motorni pogon in vertikalne dvi\u017ene plo\u0161\u010dadi. Pri delu na vi\u0161ini je zanesljivost neizogibna, sodelovanje s strokovnjaki FMPde pa zagotavlja, da so izpolnjeni varnostni in zmogljivostni standardi, kot sta zahteve ANSI in CSA. Od niveliranja delovne ko\u0161are do iztegovanja glavne roke, hidravli\u010dni cilindri omogo\u010dajo AWV-jem opravljanje klju\u010dnih nalog v panogah, kot so gradbeni\u0161tvo, vzdr\u017eevanje in komunalne storitve. Vsaka vrsta cilindra, pa naj gre za zgornji nivelirni cilinder, ki dr\u017ei glavno roko v vodoravnem polo\u017eaju, ali za podalj\u0161evanje glavne roke, ki nadzoruje dol\u017eino roke, deluje skupaj, da zagotavlja nemoteno in nadzorovano delovanje v zahtevnih pogojih.<\/p>\n<p>[\/et_pb_text][\/et_pb_column][\/et_pb_row][et_pb_row _builder_version=&#8221;4.27.4&#8243; _module_preset=&#8221;default&#8221; theme_builder_area=&#8221;post_content&#8221;][et_pb_column _builder_version=&#8221;4.27.4&#8243; _module_preset=&#8221;default&#8221; type=&#8221;4_4&#8243; theme_builder_area=&#8221;post_content&#8221;][et_pb_text _builder_version=&#8221;4.27.4&#8243; _module_preset=&#8221;default&#8221; theme_builder_area=&#8221;post_content&#8221; hover_enabled=&#8221;0&#8243; sticky_enabled=&#8221;0&#8243;]<\/p>\n<p>V terenskih vozilih (AWV) specializirani hidravli\u010dni cilindri slu\u017eijo razli\u010dnim namenom za izbolj\u0161anje funkcionalnosti in varnosti. Konzolni cilinder prilagaja vodoravni kot delovne ko\u0161are, medtem ko cilinder za kot zlo\u017eljive roke spreminja kot zglobnih rok, da zadosti razli\u010dnim zahtevam nalog. Krmilni cilindri omogo\u010dajo avtonomno gibanje, plavajo\u010di cilindri pa absorbirajo udarce, da ohranijo ravnote\u017eje na neravnem terenu. Medtem glavni cilinder za kot roke podpira polo\u017eaj celotne roke in zagotavlja strukturno celovitost na ve\u010djih vi\u0161inah. Z izku\u0161eno in\u017eenirsko ekipo, ki stoji za njihovo zasnovo, ti cilindri zagotavljajo natan\u010dnost in vzdr\u017eljivost, potrebno za uporabo v zraku, zaradi \u010desar so hidravli\u010dni sistemi nepogre\u0161ljivi za varno in u\u010dinkovito delovanje na velikih vi\u0161inah.<\/p>\n<p>[\/et_pb_text][\/et_pb_column][\/et_pb_row][\/et_pb_section]<\/p>","protected":false},"excerpt":{"rendered":"<p>Aerial Work Vehicle Hydraulic CylindersAt FMP Company, we specialize in manufacturing a wide range of Aerial Work Vehicle Hydraulic Cylinders designed to meet diverse industry needs. In addition to our extensive product lineup, we also offer customized solutions tailored to your specific requirements. If you don\u2019t find the model you need in our product list, [&hellip;]<\/p>","protected":false},"author":2,"featured_media":0,"parent":0,"menu_order":0,"comment_status":"closed","ping_status":"closed","template":"","meta":{"_et_pb_use_builder":"on","_et_pb_old_content":"","_et_gb_content_width":"","footnotes":""},"class_list":["post-7511","page","type-page","status-publish","hentry"],"_links":{"self":[{"href":"https:\/\/fmp-components.com\/sl\/wp-json\/wp\/v2\/pages\/7511","targetHints":{"allow":["GET"]}}],"collection":[{"href":"https:\/\/fmp-components.com\/sl\/wp-json\/wp\/v2\/pages"}],"about":[{"href":"https:\/\/fmp-components.com\/sl\/wp-json\/wp\/v2\/types\/page"}],"author":[{"embeddable":true,"href":"https:\/\/fmp-components.com\/sl\/wp-json\/wp\/v2\/users\/2"}],"replies":[{"embeddable":true,"href":"https:\/\/fmp-components.com\/sl\/wp-json\/wp\/v2\/comments?post=7511"}],"version-history":[{"count":7,"href":"https:\/\/fmp-components.com\/sl\/wp-json\/wp\/v2\/pages\/7511\/revisions"}],"predecessor-version":[{"id":7522,"href":"https:\/\/fmp-components.com\/sl\/wp-json\/wp\/v2\/pages\/7511\/revisions\/7522"}],"wp:attachment":[{"href":"https:\/\/fmp-components.com\/sl\/wp-json\/wp\/v2\/media?parent=7511"}],"curies":[{"name":"delovni list","href":"https:\/\/api.w.org\/{rel}","templated":true}]}}