{"id":6269,"date":"2025-03-07T03:38:27","date_gmt":"2025-03-07T03:38:27","guid":{"rendered":"https:\/\/fmp-components.com\/?page_id=6269"},"modified":"2025-03-07T06:14:40","modified_gmt":"2025-03-07T06:14:40","slug":"steel-2","status":"publish","type":"page","link":"https:\/\/fmp-components.com\/sl\/steel-2\/","title":{"rendered":"Jeklo"},"content":{"rendered":"<p>[et_pb_section fb_built=&#8221;1&#8243; theme_builder_area=&#8221;post_content&#8221; _builder_version=&#8221;4.27.4&#8243; _module_preset=&#8221;default&#8221; alt=&#8221;Steel&#8221; title_text=&#8221;steel-banner&#8221; background_image=&#8221;https:\/\/fmp-components.com\/wp-content\/uploads\/2025\/03\/steel-banner.webp&#8221; hover_enabled=&#8221;0&#8243; sticky_enabled=&#8221;0&#8243; min_height=&#8221;447px&#8221; use_background_color_gradient=&#8221;on&#8221; background_color_gradient_stops=&#8221;rgba(0,0,0,0.2) 0%|rgba(0,0,0,0.15) 100%&#8221; background_color_gradient_overlays_image=&#8221;on&#8221;][et_pb_row _builder_version=&#8221;4.27.4&#8243; _module_preset=&#8221;default&#8221; theme_builder_area=&#8221;post_content&#8221;][et_pb_column _builder_version=&#8221;4.27.4&#8243; _module_preset=&#8221;default&#8221; type=&#8221;4_4&#8243; theme_builder_area=&#8221;post_content&#8221;][et_pb_text _builder_version=&#8221;4.27.4&#8243; _module_preset=&#8221;default&#8221; theme_builder_area=&#8221;post_content&#8221; text_orientation=&#8221;center&#8221; text_text_color=&#8221;#FFFFFF&#8221; header_font=&#8221;Frank Ruhl Libre||||||||&#8221; header_text_align=&#8221;center&#8221; header_text_color=&#8221;#FFFFFF&#8221; header_font_size=&#8221;70px&#8221; header_text_shadow_style=&#8221;preset1&#8243; hover_enabled=&#8221;0&#8243; sticky_enabled=&#8221;0&#8243;]<\/p>\n<h1 style=\"text-align: center;\">Jeklo<\/h1>\n<p>[\/et_pb_text][\/et_pb_column][\/et_pb_row][\/et_pb_section][et_pb_section fb_built=&#8221;1&#8243; theme_builder_area=&#8221;post_content&#8221; _builder_version=&#8221;4.27.4&#8243; _module_preset=&#8221;default&#8221;][et_pb_row _builder_version=&#8221;4.27.4&#8243; _module_preset=&#8221;default&#8221; theme_builder_area=&#8221;post_content&#8221;][et_pb_column _builder_version=&#8221;4.27.4&#8243; _module_preset=&#8221;default&#8221; type=&#8221;4_4&#8243; theme_builder_area=&#8221;post_content&#8221;][et_pb_text _builder_version=&#8221;4.27.4&#8243; _module_preset=&#8221;default&#8221; theme_builder_area=&#8221;post_content&#8221; header_font=&#8221;Frank Ruhl Libre||||||||&#8221; header_2_font=&#8221;Frank Ruhl Libre||||||||&#8221; header_2_font_size=&#8221;35px&#8221; hover_enabled=&#8221;0&#8243; sticky_enabled=&#8221;0&#8243;]<\/p>\n<h2>Jeklene re\u0161itve podjetja FMP: Kakovost in natan\u010dnost za italijansko industrijo<\/h2>\n<p>[\/et_pb_text][et_pb_text _builder_version=&#8221;4.27.4&#8243; _module_preset=&#8221;default&#8221; theme_builder_area=&#8221;post_content&#8221; text_font_size=&#8221;16px&#8221; text_line_height=&#8221;1.8em&#8221; hover_enabled=&#8221;0&#8243; sticky_enabled=&#8221;0&#8243;]<\/p>\n<p>Ko gre za jeklo, je podjetje FMP v Italiji zaupanja vreden vodilni ponudnik, ki ponuja \u0161iroko paleto visokokakovostnih jeklenih izdelkov za potrebe industrije, obrtnikov in inovatorjev po vsem polotoku. Jeklo \u2013 zlitina \u017eeleza in ogljika z vsebnostjo ogljika do 2% \u2013 je hrbtenica sodobne infrastrukture, od visokih milanskih neboti\u010dnikov do zapletenih strojev toskanskih delavnic. V podjetju FMP ponujamo \u0161irok nabor vrst jekla, vklju\u010dno z ogljikovim jeklom, legiranim jeklom, nerjavnim jeklom in orodnim jeklom, vse izdelane za podporo raznolikim aplikacijam v Italiji.<\/p>\n<p>[\/et_pb_text][\/et_pb_column][\/et_pb_row][et_pb_row _builder_version=&#8221;4.27.4&#8243; _module_preset=&#8221;default&#8221; theme_builder_area=&#8221;post_content&#8221;][et_pb_column _builder_version=&#8221;4.27.4&#8243; _module_preset=&#8221;default&#8221; type=&#8221;4_4&#8243; theme_builder_area=&#8221;post_content&#8221;][et_pb_text _builder_version=&#8221;4.27.4&#8243; _module_preset=&#8221;default&#8221; theme_builder_area=&#8221;post_content&#8221; header_font=&#8221;Frank Ruhl Libre||||||||&#8221; header_2_font=&#8221;Frank Ruhl Libre||||||||&#8221; header_2_font_size=&#8221;35px&#8221; hover_enabled=&#8221;0&#8243; sticky_enabled=&#8221;0&#8243;]<\/p>\n<h2>Zakaj je jeklo bistveno?<\/h2>\n<p>[\/et_pb_text][et_pb_text _builder_version=&#8221;4.27.4&#8243; _module_preset=&#8221;default&#8221; theme_builder_area=&#8221;post_content&#8221; text_font_size=&#8221;16px&#8221; text_line_height=&#8221;1.8em&#8221; hover_enabled=&#8221;0&#8243; sticky_enabled=&#8221;0&#8243;]<\/p>\n<p>Vsestranskost jekla izhaja iz njegove edinstvene sestave: \u017eelezo, eden najpogostej\u0161ih elementov na Zemlji, se v kombinaciji z ogljikom ustvari material, ki je mo\u010dnej\u0161i in trpe\u017enej\u0161i od \u010distega \u017eeleza samega. Z globalno proizvodnjo 1,6 milijarde ton leta 2013 (v primerjavi s samo 47 milijoni ton aluminija, naslednje najpomembnej\u0161e in\u017eenirske kovine) je jeklo prevladuje kot najpogosteje uporabljen material na svetu. Oblikuje vse od \u0161ivalnih igel do tankerjev za nafto \u2013 in celo orodja, ki se uporabljajo za njihovo izdelavo. V podjetju FMP izkori\u0161\u010damo neprimerljive mehanske lastnosti jekla \u2013 zahvaljujo\u010d njegovim kristalnim strukturam, kot so ferit, avstenit in martenzit \u2013 za izdelavo izdelkov, prilagojenih italijanskim industrijskim in ustvarjalnim potrebam.<\/p>\n<p>[\/et_pb_text][\/et_pb_column][\/et_pb_row][et_pb_row _builder_version=&#8221;4.27.4&#8243; _module_preset=&#8221;default&#8221; theme_builder_area=&#8221;post_content&#8221;][et_pb_column _builder_version=&#8221;4.27.4&#8243; _module_preset=&#8221;default&#8221; type=&#8221;4_4&#8243; theme_builder_area=&#8221;post_content&#8221;][et_pb_image src=&#8221;https:\/\/fmp-components.com\/wp-content\/uploads\/2025\/03\/steel-product.webp&#8221; _builder_version=&#8221;4.27.4&#8243; _module_preset=&#8221;default&#8221; theme_builder_area=&#8221;post_content&#8221; alt=&#8221;steel product&#8221; title_text=&#8221;steel-product&#8221; hover_enabled=&#8221;0&#8243; sticky_enabled=&#8221;0&#8243; align=&#8221;center&#8221;][\/et_pb_image][\/et_pb_column][\/et_pb_row][et_pb_row _builder_version=&#8221;4.27.4&#8243; _module_preset=&#8221;default&#8221; theme_builder_area=&#8221;post_content&#8221; custom_padding=&#8221;||3px|||&#8221;][et_pb_column _builder_version=&#8221;4.27.4&#8243; _module_preset=&#8221;default&#8221; type=&#8221;4_4&#8243; theme_builder_area=&#8221;post_content&#8221;][et_pb_text _builder_version=&#8221;4.27.4&#8243; _module_preset=&#8221;default&#8221; theme_builder_area=&#8221;post_content&#8221; header_2_font=&#8221;Frank Ruhl Libre||||||||&#8221; header_2_font_size=&#8221;35px&#8221; hover_enabled=&#8221;0&#8243; sticky_enabled=&#8221;0&#8243;]<\/p>\n<h2 style=\"text-align: center;\">Zakaj izbrati jeklene izdelke FMP v Italiji?<\/h2>\n<p>[\/et_pb_text][\/et_pb_column][\/et_pb_row][et_pb_row _builder_version=&#8221;4.27.4&#8243; _module_preset=&#8221;default&#8221; column_structure=&#8221;1_3,1_3,1_3&#8243; theme_builder_area=&#8221;post_content&#8221; use_custom_gutter=&#8221;on&#8221; gutter_width=&#8221;2&#8243; width=&#8221;100%&#8221; max_width=&#8221;1100px&#8221; hover_enabled=&#8221;0&#8243; sticky_enabled=&#8221;0&#8243;][et_pb_column _builder_version=&#8221;4.27.4&#8243; _module_preset=&#8221;default&#8221; type=&#8221;1_3&#8243; theme_builder_area=&#8221;post_content&#8221;][et_pb_text _builder_version=&#8221;4.27.4&#8243; _module_preset=&#8221;default&#8221; theme_builder_area=&#8221;post_content&#8221; header_3_font=&#8221;Frank Ruhl Libre||||||||&#8221; hover_enabled=&#8221;0&#8243; sticky_enabled=&#8221;0&#8243;]<\/p>\n<h3>Celovit portfelj jekla<\/h3>\n<div>\n<p>V podjetju FMP smo ponosni na to, da ponujamo \u0161iroko paleto vrst jekla, ki ustrezajo vsem potrebam:<\/p>\n<ul class=\"marker:text-secondary\">\n<li class=\"break-words\"><strong>Ogljikova jekla<\/strong>Od nizkooglji\u010dnega (0,05\u20130,191 TP4T) za avtomobilske plo\u0161\u010de do visokooglji\u010dnega (nad 0,51 TP4T) za \u017eelezni\u0161ke tirnice.<\/li>\n<li class=\"break-words\"><strong>Legirana jekla<\/strong>Obogateno z elementi, kot so nikelj, krom in molibden, za vrhunsko trdnost in odpornost proti koroziji.<\/li>\n<li class=\"break-words\"><strong>Nerjave\u010da jekla<\/strong>Idealno za italijanski \u017eivilskopredelovalni in medicinski sektor, odporno proti rjavenju v vla\u017enih podnebjih, kot je Benetke.<\/li>\n<li class=\"break-words\"><strong>Orodna jekla<\/strong>Kaljeno za precizna rezalna orodja, ki se uporabljajo v in\u017eenirskih delavnicah v Bologni.<br \/>Na\u0161a ponudba obsega vle\u010deno \u017eico debeline le 0,013 mm do kovanih palic s premerom do 1100 mm, kar zagotavlja, da imamo pravo jeklo za va\u0161 projekt.<\/li>\n<\/ul>\n<\/div>\n<p>[\/et_pb_text][\/et_pb_column][et_pb_column _builder_version=&#8221;4.27.4&#8243; _module_preset=&#8221;default&#8221; type=&#8221;1_3&#8243; theme_builder_area=&#8221;post_content&#8221;][et_pb_text _builder_version=&#8221;4.27.4&#8243; _module_preset=&#8221;default&#8221; theme_builder_area=&#8221;post_content&#8221; header_3_font=&#8221;Frank Ruhl Libre||||||||&#8221; hover_enabled=&#8221;0&#8243; sticky_enabled=&#8221;0&#8243;]<\/p>\n<h3>Napredno strokovno znanje o proizvodnji<\/h3>\n<div>\n<p>Trdnost jekla izhaja iz njegove mikrostrukture \u2013 pa naj gre za prostorsko centriran kubi\u010dni (BCC) ferit pod 912 \u00b0C ali ploskovno centriran kubi\u010dni (FCC) avstenit med 912 \u00b0C in 1394 \u00b0C. V podjetju FMP obvladujemo te transformacije z natan\u010dno toplotno obdelavo, kot sta kaljenje in popu\u0161\u010danje, da proizvedemo martenzit (s trdoto do 1000 DPH) ali \u017eilav perlit (okoli 200 DPH). Na\u0161i najsodobnej\u0161i obrati v Italiji zagotavljajo, da vsak jekleni izdelek izpolnjuje mednarodne standarde, kot je ISO 4184, kar zagotavlja zanesljivost za va\u0161e aplikacije.<\/p>\n<\/div>\n<p>[\/et_pb_text][\/et_pb_column][et_pb_column _builder_version=&#8221;4.27.4&#8243; _module_preset=&#8221;default&#8221; type=&#8221;1_3&#8243; theme_builder_area=&#8221;post_content&#8221;][et_pb_text _builder_version=&#8221;4.27.4&#8243; _module_preset=&#8221;default&#8221; theme_builder_area=&#8221;post_content&#8221; header_3_font=&#8221;Frank Ruhl Libre||||||||&#8221; hover_enabled=&#8221;0&#8243; sticky_enabled=&#8221;0&#8243;]<\/p>\n<h3>Prilagoditev za italijanske potrebe<\/h3>\n<div>\n<p>Ne najdete jekla, ki ga potrebujete? FMP je specializiran za re\u0161itve po meri. Ne glede na to, ali potrebujete nizkooglji\u010dno jeklo z visoko varivostjo za ladjedelnico v Neaplju ali visokotrdno zlitino za vesoljski projekt v Torinu, na\u0161e jeklo prilagodimo va\u0161im specifikacijam. Kontaktirajte nas na <a href=\"mailto:info@fmpcomponents.it\">info@fmpcomponents.it<\/a>, na\u0161i in\u017eenirji pa bodo izdelali izdelek, ki bo natan\u010dno ustrezal va\u0161im zahtevam \u2013 vse do velikosti zrn in sestave zlitine.<\/p>\n<\/div>\n<p>[\/et_pb_text][\/et_pb_column][\/et_pb_row][et_pb_row _builder_version=&#8221;4.27.4&#8243; _module_preset=&#8221;default&#8221; column_structure=&#8221;1_3,1_3,1_3&#8243; theme_builder_area=&#8221;post_content&#8221; use_custom_gutter=&#8221;on&#8221; gutter_width=&#8221;2&#8243; width=&#8221;100%&#8221; max_width=&#8221;1100px&#8221; hover_enabled=&#8221;0&#8243; sticky_enabled=&#8221;0&#8243;][et_pb_column _builder_version=&#8221;4.27.4&#8243; _module_preset=&#8221;default&#8221; type=&#8221;1_3&#8243; theme_builder_area=&#8221;post_content&#8221;][et_pb_text _builder_version=&#8221;4.27.4&#8243; _module_preset=&#8221;default&#8221; theme_builder_area=&#8221;post_content&#8221; header_3_font=&#8221;Frank Ruhl Libre||||||||&#8221; hover_enabled=&#8221;0&#8243; sticky_enabled=&#8221;0&#8243;]<\/p>\n<h3>Lokalna italijanska zaveza<\/h3>\n<div>\n<p>Smo v Italiji in imamo ekipo za pomo\u010d strankam, ki teko\u010de govori italijansko. Na\u0161i strokovnjaki nudijo prakti\u010dno podporo, od izbire prave vrste jekla do svetovanja pri namestitvi in \u200b\u200bvzdr\u017eevanju. Potrebujete jeklo za trajnostni projekt v Firencah? Na\u0161e mo\u017enosti zelenega jekla, izdelane iz recikliranih odpadkov do 941 TP4T in z nizko emisijo CO2, zmanj\u0161ajo okoljski odtis za 831 TP4T \u2013 kar je idealno za okoljsko ozave\u0161\u010deno prihodnost Italije.<\/p>\n<\/div>\n<p>[\/et_pb_text][\/et_pb_column][et_pb_column _builder_version=&#8221;4.27.4&#8243; _module_preset=&#8221;default&#8221; type=&#8221;1_3&#8243; theme_builder_area=&#8221;post_content&#8221;][et_pb_text _builder_version=&#8221;4.27.4&#8243; _module_preset=&#8221;default&#8221; theme_builder_area=&#8221;post_content&#8221; header_3_font=&#8221;Frank Ruhl Libre||||||||&#8221; hover_enabled=&#8221;0&#8243; sticky_enabled=&#8221;0&#8243;]<\/p>\n<h3>Neprimerljiva vzdr\u017eljivost in lastnosti<\/h3>\n<div>\n<p>Lastnosti jekla so izbolj\u0161ane z ogljikom in legirnimi elementi. Na primer, dodajanje ogljika 0,77% ustvari perlit, medtem ko hitro ohlajanje tvori martenzit za maksimalno trdoto. V podjetju FMP legiramo tudi z elementi, kot so titan, vanadij in mangan, da pove\u010damo trdnost, kaljivost in odpornost proti obrabi \u2013 idealno za italijanski gradbeni, avtomobilski in energetski sektor. Na\u0161e jeklo prenese mehanske obremenitve stiskalnic za olive v Puglii in koroziven morski zrak Ligurije.<\/p>\n<\/div>\n<p>[\/et_pb_text][\/et_pb_column][et_pb_column _builder_version=&#8221;4.27.4&#8243; _module_preset=&#8221;default&#8221; type=&#8221;1_3&#8243; theme_builder_area=&#8221;post_content&#8221;][et_pb_text _builder_version=&#8221;4.27.4&#8243; _module_preset=&#8221;default&#8221; theme_builder_area=&#8221;post_content&#8221; header_3_font=&#8221;Frank Ruhl Libre||||||||&#8221; hover_enabled=&#8221;0&#8243; sticky_enabled=&#8221;0&#8243;]<\/p>\n<h3>Zaupajo mu italijanske industrije<\/h3>\n<div>\n<p>Od kmetijstva na Siciliji do strojni\u0161tva v Emiliji-Romagni, jeklo FMP poganja klju\u010dne sektorje Italije. Na\u0161a visokotrdnostna nizkolegirana jekla (HSLA) podpirajo cevovode in obalne konstrukcije, medtem ko jekla za avtomatsko obdelavo z dodatki \u017evepla in svinca izbolj\u0161ujejo \u017eivljenjsko dobo orodij za proizvajalce v Brescii. Z ve\u010d kot 20-letnimi izku\u0161njami smo si prislu\u017eili zaupanje italijanskih strokovnjakov z zagotavljanjem kakovosti, natan\u010dnosti in inovacij.<\/p>\n<\/div>\n<p>[\/et_pb_text][\/et_pb_column][\/et_pb_row][et_pb_row _builder_version=&#8221;4.27.4&#8243; _module_preset=&#8221;default&#8221; theme_builder_area=&#8221;post_content&#8221;][et_pb_column _builder_version=&#8221;4.27.4&#8243; _module_preset=&#8221;default&#8221; type=&#8221;4_4&#8243; theme_builder_area=&#8221;post_content&#8221;][et_pb_image src=&#8221;https:\/\/fmp-components.com\/wp-content\/uploads\/2025\/03\/steel-product-1.webp&#8221; _builder_version=&#8221;4.27.4&#8243; _module_preset=&#8221;default&#8221; theme_builder_area=&#8221;post_content&#8221; alt=&#8221;steel product&#8221; title_text=&#8221;steel-product-1&#8243; hover_enabled=&#8221;0&#8243; sticky_enabled=&#8221;0&#8243; align=&#8221;center&#8221;][\/et_pb_image][\/et_pb_column][\/et_pb_row][et_pb_row _builder_version=&#8221;4.27.4&#8243; _module_preset=&#8221;default&#8221; theme_builder_area=&#8221;post_content&#8221; column_structure=&#8221;1_2,1_2&#8243;][et_pb_column _builder_version=&#8221;4.27.4&#8243; _module_preset=&#8221;default&#8221; type=&#8221;1_2&#8243; theme_builder_area=&#8221;post_content&#8221;][et_pb_text _builder_version=&#8221;4.27.4&#8243; _module_preset=&#8221;default&#8221; theme_builder_area=&#8221;post_content&#8221; header_2_font=&#8221;Frank Ruhl Libre||||||||&#8221; header_2_font_size=&#8221;30px&#8221; header_2_text_align=&#8221;left&#8221; text_font_size=&#8221;16px&#8221; text_line_height=&#8221;1.8em&#8221; hover_enabled=&#8221;0&#8243; sticky_enabled=&#8221;0&#8243;]<\/p>\n<h2 style=\"text-align: left;\">Uporaba jekla po vsej Italiji<\/h2>\n<p>Vsestranskost jekla sije v raznoliki italijanski pokrajini:<\/p>\n<p>Gradbeni\u0161tvo: Plo\u0161\u010de iz srednjeoglji\u010dnega jekla gradijo mostove v Genovi in \u200b\u200bneboti\u010dnike v Milanu.<br \/>Avtomobilska industrija: V tovarnah v Torinu izdelujejo karoserije avtomobilov z nizko vsebnostjo ogljika.<br \/>Kmetijstvo: Orodna jekla izdelujejo trpe\u017eno opremo za umbrijske vinograde.<br \/>Energija: Legirana jekla krepijo vetrne turbine vzdol\u017e jadranske obale.<\/p>\n<p>[\/et_pb_text][\/et_pb_column][et_pb_column _builder_version=&#8221;4.27.4&#8243; _module_preset=&#8221;default&#8221; type=&#8221;1_2&#8243; theme_builder_area=&#8221;post_content&#8221;][et_pb_text _builder_version=&#8221;4.27.4&#8243; _module_preset=&#8221;default&#8221; theme_builder_area=&#8221;post_content&#8221; header_2_font=&#8221;Frank Ruhl Libre||||||||&#8221; header_2_font_size=&#8221;30px&#8221; header_2_text_align=&#8221;left&#8221; text_font_size=&#8221;16px&#8221; text_line_height=&#8221;1.8em&#8221; hover_enabled=&#8221;0&#8243; sticky_enabled=&#8221;0&#8243;]<\/p>\n<h2 style=\"text-align: left;\">Kako FMP izbolj\u0161a u\u010dinkovitost jekla<\/h2>\n<p>Ne dobavljamo le jekla \u2013 optimiziramo ga. Na\u0161i postopki toplotne obdelave prilagajajo hitrost difuzije ogljika in ustvarjajo fine mikrostrukture za trdnost in duktilnost. Legirni elementi, kot sta nikelj in krom, pove\u010dujejo odpornost proti koroziji, medtem ko utrjevanje s titanom ali niobijem zagotavlja majhne velikosti zrn za dodatno \u017eilavost. Na\u0161a programska oprema za 3D-na\u010drtovanje spremeni va\u0161e ideje v resni\u010dnost, sledi pa natan\u010dna izdelava in dobava.<\/p>\n<p>[\/et_pb_text][\/et_pb_column][\/et_pb_row][\/et_pb_section][et_pb_section fb_built=&#8221;1&#8243; theme_builder_area=&#8221;post_content&#8221; _builder_version=&#8221;4.27.4&#8243; _module_preset=&#8221;default&#8221; alt=&#8221;Steel Product&#8221; title_text=&#8221;steel-product-2&#8243; background_image=&#8221;https:\/\/fmp-components.com\/wp-content\/uploads\/2025\/03\/steel-product-2.webp&#8221; use_background_color_gradient=&#8221;on&#8221; background_color_gradient_stops=&#8221;rgba(0,0,0,0.28) 0%|rgba(0,0,0,0.68) 100%&#8221; background_color_gradient_overlays_image=&#8221;on&#8221; hover_enabled=&#8221;0&#8243; sticky_enabled=&#8221;0&#8243; min_height=&#8221;754px&#8221;][et_pb_row _builder_version=&#8221;4.27.4&#8243; _module_preset=&#8221;default&#8221; theme_builder_area=&#8221;post_content&#8221; custom_margin=&#8221;100px||||false|false&#8221; hover_enabled=&#8221;0&#8243; sticky_enabled=&#8221;0&#8243;][et_pb_column _builder_version=&#8221;4.27.4&#8243; _module_preset=&#8221;default&#8221; type=&#8221;4_4&#8243; theme_builder_area=&#8221;post_content&#8221;][et_pb_text _builder_version=&#8221;4.27.4&#8243; _module_preset=&#8221;default&#8221; theme_builder_area=&#8221;post_content&#8221; header_2_font=&#8221;Frank Ruhl Libre||||||||&#8221; header_2_text_color=&#8221;#FFFFFF&#8221; header_2_text_align=&#8221;center&#8221; header_2_font_size=&#8221;45px&#8221; header_2_text_shadow_style=&#8221;preset1&#8243; hover_enabled=&#8221;0&#8243; sticky_enabled=&#8221;0&#8243;]<\/p>\n<h2>Pridobite svojo re\u0161itev za jeklo \u0161e danes!<\/h2>\n<p>[\/et_pb_text][et_pb_text _builder_version=&#8221;4.27.4&#8243; _module_preset=&#8221;default&#8221; theme_builder_area=&#8221;post_content&#8221; text_text_color=&#8221;#FFFFFF&#8221; text_font_size=&#8221;16px&#8221; text_line_height=&#8221;1.8em&#8221; text_orientation=&#8221;center&#8221; hover_enabled=&#8221;0&#8243; sticky_enabled=&#8221;0&#8243;]<\/p>\n<p>I\u0161\u010dete popolno jeklo za va\u0161 naslednji projekt? Razi\u0161\u010dite \u0161iroko ponudbo FMP ali nas kontaktirajte za naro\u010dilo po meri na <a href=\"mailto:info@fmpcomponents.it\">info@fmpcomponents.it<\/a>\u010ce ne najdete tistega, kar potrebujete, je verjetno \u017ee v proizvodnji \u2013 samo vpra\u0161ajte! Od trajnostnega zelenega jekla do visokozmogljivih zlitin, FMP je tu, da italijansko industrijo oskrbi z najbolj\u0161imi jeklarskimi re\u0161itvami. Skupaj zgradimo nekaj izjemnega!<\/p>\n<p>[\/et_pb_text][\/et_pb_column][\/et_pb_row][\/et_pb_section]<\/p>","protected":false},"excerpt":{"rendered":"<p>SteelSteel Solutions by FMP: Powering Italy\u2019s Industries with Quality and PrecisionWhen it comes to steel, FMP Company stands as a trusted leader in Italy, delivering a vast range of high-quality steel products to meet the needs of industries, artisans, and innovators across the peninsula. Steel\u2014an alloy of iron and carbon with up to 2% carbon [&hellip;]<\/p>","protected":false},"author":2,"featured_media":0,"parent":0,"menu_order":0,"comment_status":"closed","ping_status":"closed","template":"","meta":{"_et_pb_use_builder":"on","_et_pb_old_content":"","_et_gb_content_width":"","footnotes":""},"class_list":["post-6269","page","type-page","status-publish","hentry"],"_links":{"self":[{"href":"https:\/\/fmp-components.com\/sl\/wp-json\/wp\/v2\/pages\/6269","targetHints":{"allow":["GET"]}}],"collection":[{"href":"https:\/\/fmp-components.com\/sl\/wp-json\/wp\/v2\/pages"}],"about":[{"href":"https:\/\/fmp-components.com\/sl\/wp-json\/wp\/v2\/types\/page"}],"author":[{"embeddable":true,"href":"https:\/\/fmp-components.com\/sl\/wp-json\/wp\/v2\/users\/2"}],"replies":[{"embeddable":true,"href":"https:\/\/fmp-components.com\/sl\/wp-json\/wp\/v2\/comments?post=6269"}],"version-history":[{"count":4,"href":"https:\/\/fmp-components.com\/sl\/wp-json\/wp\/v2\/pages\/6269\/revisions"}],"predecessor-version":[{"id":6306,"href":"https:\/\/fmp-components.com\/sl\/wp-json\/wp\/v2\/pages\/6269\/revisions\/6306"}],"wp:attachment":[{"href":"https:\/\/fmp-components.com\/sl\/wp-json\/wp\/v2\/media?parent=6269"}],"curies":[{"name":"delovni list","href":"https:\/\/api.w.org\/{rel}","templated":true}]}}