{"id":5948,"date":"2025-02-24T08:20:19","date_gmt":"2025-02-24T08:20:19","guid":{"rendered":"https:\/\/fmp-components.com\/?page_id=8"},"modified":"2025-03-07T08:46:32","modified_gmt":"2025-03-07T08:46:32","slug":"cardan-shaft-2","status":"publish","type":"page","link":"https:\/\/fmp-components.com\/sl\/cardan-shaft-2\/","title":{"rendered":"Kardanska gred"},"content":{"rendered":"<p>[et_pb_section fb_built=&#8221;1&#8243; _builder_version=&#8221;4.27.4&#8243; _module_preset=&#8221;default&#8221; background_color=&#8221;gcid-1df04c5f-e996-4504-8faa-0a9ef0da2d4d&#8221; use_background_color_gradient=&#8221;on&#8221; background_color_gradient_stops=&#8221;rgba(0,0,0,0.43) 0%|rgba(0,0,0,0.45) 100%&#8221; background_color_gradient_overlays_image=&#8221;on&#8221; background_image=&#8221;https:\/\/fmp-components.com\/wp-content\/uploads\/2025\/02\/Cardan-Shaft-1-scaled.webp&#8221; global_colors_info=&#8221;{%22gcid-1df04c5f-e996-4504-8faa-0a9ef0da2d4d%22:%91%22background_color%22%93}&#8221;][et_pb_row _builder_version=&#8221;4.27.4&#8243; _module_preset=&#8221;default&#8221; global_colors_info=&#8221;{}&#8221;][et_pb_column type=&#8221;4_4&#8243; _builder_version=&#8221;4.27.4&#8243; _module_preset=&#8221;default&#8221; global_colors_info=&#8221;{}&#8221;][et_pb_text _builder_version=&#8221;4.27.4&#8243; _module_preset=&#8221;default&#8221; header_font=&#8221;Frank Ruhl Libre|500|||||||&#8221; header_text_align=&#8221;center&#8221; header_text_color=&#8221;#FFFFFF&#8221; header_font_size=&#8221;50px&#8221; header_text_shadow_style=&#8221;preset1&#8243; global_colors_info=&#8221;{}&#8221;]<\/p>\n<h1 class=\"et_pb_toggle_title\">Kardanska gred<\/h1>\n<p>[\/et_pb_text][et_pb_text _builder_version=\u201d4.27.4\u2033 _module_preset=\u201dprivzeto\u201d text_font=\u201dFrank Ruhl Libre|600|||||||\u201d text_text_color=\u201d#FFFFFF\u201d text_font_size=\u201d18px\u201d text_line_height=\u201d1.8em\u201d text_orientation=\u201dcenter\u201d global_colors_info=\u201d{}\u201d]<\/p>\n<p>\u010ce izdelka, ki ga potrebujete, ni na seznamu, pojdite naprej in pridobite brezpla\u010dno ponudbo!<\/p>\n<p>[\/et_pb_text][\/et_pb_column][\/et_pb_row][\/et_pb_section][et_pb_section fb_built=\u201d1\u2033 _builder_version=\u201d4.27.4\u2033 _module_preset=\u201dprivzeto\u201d global_colors_info=\u201d{}\u201d][et_pb_row _builder_version=\u201d4.27.4\u2033 _module_preset=\u201dprivzeto\u201d global_colors_info=\u201d{}\u201d][et_pb_column type=\u201d4_4\u2033 _builder_version=\u201d4.27.4\u2033 _module_preset=\u201dprivzeto\u201d global_colors_info=\u201d{}\u201d][et_pb_text _builder_version=\u201d4.27.4\u2033 _module_preset=\u201dprivzeto\u201d header_2_font=\u201dFrank Ruhl Libre|||||||||\u201d header_2_text_align=\u201dna sredino\u201d header_2_font_size=\u201d35px\u201d hover_enabled=\u201d0\u2033 global_colors_info=\u201d{}\u201d sticky_enabled=\u201d0\u2033]<\/p>\n<h2>Kardanska gred<\/h2>\n<p>[\/et_pb_text][\/et_pb_column][\/et_pb_row][et_pb_row column_structure=\u201d1_3,1_3,1_3\u2033 _builder_version=\u201d4.27.4\u2033 _module_preset=\u201ddefault\u201d global_colors_info=\u201d{}\u201d][et_pb_column type=\u201d1_3\u2033 _builder_version=\u201d4.27.4\u2033 _module_preset=\u201ddefault\u201d global_colors_info=\u201d{}\u201d][et_pb_blurb title=\u201dKardanska gred za drobilnik\u201d image=\u201dhttps:\/\/fmp-components.com\/wp-content\/uploads\/2025\/02\/Cardan-Drive-Shaft-for-Crusher1.webp\u201d alt=\u201dKardanska gred za drobilnik\u201d _builder_version=\u201d4.27.4\u2033 _module_preset=\u201ddefault\u201d header_level=\u201dh3\u2033 header_font=\u201dFrank Ruhl Libre||||||||\u201d header_text_align=\u201dcenter\u201d box_shadow_style=\u201dpreset1\u2033 global_colors_info=\u201d{}\u201d][\/et_pb_blurb][\/et_pb_column][et_pb_column type=\u201d1_3\u2033 _builder_version=\u201d4.27.4\u2033 _module_preset=\u201ddefault\u201d global_colors_info=\u201d{}\u201d][et_pb_blurb title=\u201dKardanska pogonska gred za rudarske stroje\u201d image=\u201dhttps:\/\/fmp-components.com\/wp-content\/uploads\/2025\/02\/Cardan-Drive-Shaft-for-Mining-Equipment-Machinery1.webp\u201d alt=\u201dKardanska pogonska gred za rudarske stroje\u201d _builder_version=\u201d4.27.4\u2033 _module_preset=\u201ddefault\u201d header_level=\u201dh3\u2033 header_font=\u201dFrank Ruhl Libre||||||||\u201d header_text_align=\u201dcenter\u201d box_shadow_style=\u201dpreset1\u2033 global_colors_info=\u201d{}\u201d][\/et_pb_blurb][\/et_pb_column][et_pb_column type=\u201d1_3\u2033 _builder_version=\u201d4.27.4\u2033 _module_preset=\u201ddefault\u201d global_colors_info=\u201d{}\u201d][et_pb_blurb title=\u201dKardanska pogonska gred za valjarno\u201d image=\u201dhttps:\/\/fmp-components.com\/wp-content\/uploads\/2025\/02\/Cardan-Drive-Shaft-for-Rolling-Mill-Equipment1.webp\u201d alt=\u201dKardanska pogonska gred za valjarno\u201d _builder_version=\u201d4.27.4\u2033 _module_preset=\u201ddefault\u201d header_level=\u201dh3\u2033 header_font=\u201dFrank Ruhl Libre||||||||\u201d header_text_align=\u201dcenter\u201d box_shadow_style=\u201dpreset1\u2033 global_colors_info=\u201d{}\u201d][\/et_pb_blurb][\/et_pb_column][\/et_pb_row][et_pb_row column_structure=\u201d1_3,1_3,1_3\u2033 _builder_version=\u201d4.27.4\u2033 _module_preset=\u201ddefault\u201d global_colors_info=\u201d{}\u201d][et_pb_column type=\u201d1_3\u2033 _builder_version=\u201d4.27.4\u2033 _module_preset=\u201ddefault\u201d global_colors_info=\u201d{}\u201d][et_pb_blurb title=\u201dIndustrijska kardanska gred\u201d image=\u201dhttps:\/\/fmp-components.com\/wp-content\/uploads\/2025\/02\/Industrial-Cardan-Shaft.webp\u201d alt=\u201dIndustrijska kardanska gred\u201d _builder_version=\u201d4.27.4\u2033 _module_preset=\u201dprivzeto\u201d header_level=\u201dh3\u2033 header_font=\u201dFrank Ruhl Libre||||||||\u201d header_text_align=\u201dcenter\u201d box_shadow_style=\u201dpreset1\u2033 global_colors_info=\u201d{}\u201d][\/et_pb_blurb][\/et_pb_column][et_pb_column type=\u201d1_3\u2033 _builder_version=\u201d4.27.4\u2033 _module_preset=\u201ddefault\u201d global_colors_info=\u201d{}\u201d][et_pb_blurb title=\u201dKardanska gred za opremo za varjenje jeklenih cevi\u201d image=\u201dhttps:\/\/fmp-components.com\/wp-content\/uploads\/2025\/02\/Industrial-Cardan-Drive-Shaft-for-Steel-Pipe-Welding-Equipment1.webp\u201d alt=\u201dKardanska gred za opremo za varjenje jeklenih cevi\u201d _builder_version=\u201d4.27.4\u2033 _module_preset=\u201ddefault\u201d header_level=\u201dh3\u2033 header_font=\u201dFrank Ruhl Prosto|||||||||\u201d header_text_align=\u201dcenter\u201d box_shadow_style=\u201dpreset1\u2033 global_colors_info=\u201d{}\u201d][\/et_pb_blurb][\/et_pb_column][et_pb_column type=\u201d1_3\u2033 _builder_version=\u201d4.27.4\u2033 _module_preset=\u201dprivzeto\u201d global_colors_info=\u201d{}\u201d][\/et_pb_column][\/et_pb_row][\/et_pb_section][et_pb_section fb_built=\u201d1\u2033 _builder_version=\u201d4.27.4\u2033 _module_preset=\u201dprivzeto\u201d global_colors_info=\u201d{}\u201d][et_pb_row _builder_version=\u201d4.27.4\u2033 _module_preset=\u201dprivzeto\u201d global_colors_info=\u201d{}\u201d][et_pb_column type=\u201d4_4\u2033 _builder_version=\u201d4.27.4\u2033 _module_preset = \u00bbprivzeto\u00ab global_colors_info = \u00bb{}\u00ab][et_pb_text _builder_version = \u00bb4.27.4\u00ab _module_preset = \u00bbprivzeto\u00ab header_3_font = \u00bbFrank Ruhl Libre\u00ab||||||||\u00ab header_3_font_size = \u00bb28px\u00ab global_colors_info = \u00bb{}\u00ab]<\/p>\n<h3>FMP: Va\u0161 zaupanja vreden partner pri re\u0161itvah kardanske gredi za industrijsko odli\u010dnost<\/h3>\n<p>[\/et_pb_text][et_pb_text _builder_version=\u201d4.27.4\u2033 _module_preset=\u201dprivzeto\u201d text_font_size=\u201d16px\u201d text_line_height=\u201d1.8em\u201d global_colors_info=\u201d{}\u201d]<\/p>\n<p><span>Ko gre za zanesljive sisteme za prenos mo\u010di, je FMP v ospredju inovacij in in\u017eeniringa, osredoto\u010denega na stranke. Kot vodilni\u00a0<\/span><span>Proizvajalec kardanske gredi<\/span><span>, specializirani smo za zagotavljanje prilagojenih re\u0161itev za necestno in industrijsko uporabo, kar zagotavlja brezhibno delovanje tudi v najzahtevnej\u0161ih okoljih.<\/span><\/p>\n<p>[\/et_pb_text][et_pb_text _builder_version=\u201d4.27.4\u2033 _module_preset=\u201dprivzeto\u201d text_font_size=\u201d16px\u201d text_line_height=\u201d1.8em\u201d header_4_font=\u201dFrank Ruhl Libre||||||||\u201d header_4_font_size=\u201d20px\u201d global_colors_info=\u201d{}\u201d]<\/p>\n<h4>Natan\u010dno izdelane kardanske gredi za vsako potrebo<\/h4>\n<p>FMP ponuja \u0161iroko paleto kardanskih gredi, zasnovanih za izpolnjevanje razli\u010dnih zahtev glede navora in delovanja:<\/p>\n<ul>\n<li>\n<p><strong>Serija za lahka dela<\/strong>Idealno za aplikacije z nizko hitrostjo z navorom do<span>\u00a0<\/span><strong>2.500 Nm<\/strong>.<\/p>\n<\/li>\n<li>\n<p><strong>Serija za srednje obremenitve<\/strong>Zasnovano za splo\u0161no industrijsko uporabo, ravnanje<span>\u00a0<\/span><strong>2.000\u201345.000 Nm<\/strong>.<\/p>\n<\/li>\n<li>\n<p><strong>Serija za te\u017eka dela<\/strong>Zasnovan za ekstremne zahteve, ki zagotavlja<span>\u00a0<\/span><strong>40.000\u2013580.000 Nm<\/strong><span>\u00a0<\/span>(z mo\u017enostjo prilagoditve zmogljivosti).<\/p>\n<\/li>\n<\/ul>\n<p>Na\u0161e gredi so na voljo v standardnih ali specializiranih izvedbah, z<span>\u00a0<\/span><strong>enojni ali dvojni univerzalni zglobi<\/strong>in prilagodljive vrste povezav, kot so prirobnice, utorni konci jarma ali utorni vmesniki gredi. Ne glede na to, ali potrebujete kompaktno in lahko gred ali robustno industrijsko re\u0161itev, vam FMP nudi vse, kar potrebujete.<\/p>\n<p>[\/et_pb_text][\/et_pb_column][\/et_pb_row][\/et_pb_section]<\/p>","protected":false},"excerpt":{"rendered":"<p>Kardanska gred\u010ce izdelka, ki ga potrebujete, ni na seznamu, si zagotovite brezpla\u010dno ponudbo!Kardanska gredFMP: Va\u0161 zaupanja vreden partner pri re\u0161itvah kardanskih gredi za industrijsko odli\u010dnostKo gre za zanesljive sisteme za prenos mo\u010di, je FMP v ospredju inovacij in in\u017eeniringa, osredoto\u010denega na stranke. Kot vodilni proizvajalec kardanskih gredi smo specializirani za zagotavljanje re\u0161itev po meri [\u2026]<\/p>","protected":false},"author":2,"featured_media":0,"parent":0,"menu_order":0,"comment_status":"closed","ping_status":"closed","template":"","meta":{"_et_pb_use_builder":"on","_et_pb_old_content":"","_et_gb_content_width":"","footnotes":""},"class_list":["post-5948","page","type-page","status-publish","hentry"],"_links":{"self":[{"href":"https:\/\/fmp-components.com\/sl\/wp-json\/wp\/v2\/pages\/5948","targetHints":{"allow":["GET"]}}],"collection":[{"href":"https:\/\/fmp-components.com\/sl\/wp-json\/wp\/v2\/pages"}],"about":[{"href":"https:\/\/fmp-components.com\/sl\/wp-json\/wp\/v2\/types\/page"}],"author":[{"embeddable":true,"href":"https:\/\/fmp-components.com\/sl\/wp-json\/wp\/v2\/users\/2"}],"replies":[{"embeddable":true,"href":"https:\/\/fmp-components.com\/sl\/wp-json\/wp\/v2\/comments?post=5948"}],"version-history":[{"count":6,"href":"https:\/\/fmp-components.com\/sl\/wp-json\/wp\/v2\/pages\/5948\/revisions"}],"predecessor-version":[{"id":6327,"href":"https:\/\/fmp-components.com\/sl\/wp-json\/wp\/v2\/pages\/5948\/revisions\/6327"}],"wp:attachment":[{"href":"https:\/\/fmp-components.com\/sl\/wp-json\/wp\/v2\/media?parent=5948"}],"curies":[{"name":"delovni list","href":"https:\/\/api.w.org\/{rel}","templated":true}]}}