{"id":5849,"date":"2025-02-24T08:00:56","date_gmt":"2025-02-24T08:00:56","guid":{"rendered":"https:\/\/fmp-components.com\/?page_id=8"},"modified":"2025-03-10T01:05:35","modified_gmt":"2025-03-10T01:05:35","slug":"auto-motorcycle-chain-2","status":"publish","type":"page","link":"https:\/\/fmp-components.com\/sl\/auto-motorcycle-chain-2\/","title":{"rendered":"Auto Motorcycle Chain"},"content":{"rendered":"<p>[et_pb_section fb_built=&#8221;1&#8243; _builder_version=&#8221;4.27.4&#8243; _module_preset=&#8221;default&#8221; use_background_color_gradient=&#8221;on&#8221; background_color_gradient_stops=&#8221;rgba(0,0,0,0.53) 0%|rgba(0,0,0,0.5) 100%&#8221; background_color_gradient_overlays_image=&#8221;on&#8221; background_image=&#8221;https:\/\/fmp-components.com\/wp-content\/uploads\/2025\/02\/Auto-Motorcycle-Chain-Banner1.webp&#8221; min_height=&#8221;517px&#8221; global_colors_info=&#8221;{}&#8221;][et_pb_row _builder_version=&#8221;4.27.4&#8243; _module_preset=&#8221;default&#8221; global_colors_info=&#8221;{}&#8221;][et_pb_column type=&#8221;4_4&#8243; _builder_version=&#8221;4.27.4&#8243; _module_preset=&#8221;default&#8221; global_colors_info=&#8221;{}&#8221;][et_pb_text _builder_version=&#8221;4.27.4&#8243; _module_preset=&#8221;default&#8221; header_font=&#8221;Frank Ruhl Libre||||||||&#8221; header_text_color=&#8221;#FFFFFF&#8221; header_font_size=&#8221;70px&#8221; header_text_shadow_style=&#8221;preset1&#8243; header_text_shadow_color=&#8221;#000000&#8243; global_colors_info=&#8221;{}&#8221;]<\/p>\n<h1 style=\"text-align: center;\">Avtomobilska in motoristi\u010dna veriga<\/h1>\n<p>[\/et_pb_text][et_pb_text _builder_version=&#8221;4.27.4&#8243; _module_preset=&#8221;default&#8221; text_text_color=&#8221;#FFFFFF&#8221; text_font_size=&#8221;16px&#8221; text_line_height=&#8221;1.8em&#8221; text_orientation=&#8221;center&#8221; global_colors_info=&#8221;{}&#8221;]<\/p>\n<p style=\"text-align: center;\">FMP proizvaja \u0161iroko paleto avtomobilskih in motoristi\u010dnih verig, ki zadovoljujejo razli\u010dne potrebe v avtomobilski in motoristi\u010dni industriji. Ponujamo tako standardne kot tudi prilagojene re\u0161itve, ki ustrezajo specifi\u010dnim zahtevam na\u0161ih strank. \u010ce modela, ki ga i\u0161\u010dete, ni v na\u0161em katalogu izdelkov, morda \u0161e ni nalo\u017een. Prosimo, da nam po\u0161ljete e-po\u0161to z va\u0161imi specifi\u010dnimi zahtevami glede modela in na\u0161a ekipa vam bo z veseljem pomagala.<\/p>\n<p>[\/et_pb_text][\/et_pb_column][\/et_pb_row][\/et_pb_section][et_pb_section fb_built=\u201d1\u2033 _builder_version=\u201d4.27.4\u2033 _module_preset=\u201dprivzeto\u201d global_colors_info=\u201d{}\u201d][et_pb_row _builder_version=\u201d4.27.4\u2033 _module_preset=\u201dprivzeto\u201d global_colors_info=\u201d{}\u201d][et_pb_column type=\u201d4_4\u2033 _builder_version=\u201d4.27.4\u2033 _module_preset=\u201dprivzeto\u201d global_colors_info=\u201d{}\u201d][et_pb_text _builder_version=\u201d4.27.4\u2033 _module_preset=\u201dprivzeto\u201d header_2_font=\u201dFrank Ruhl Libre|||||||||\u201d header_2_font_size=\u201d40px\u201d hover_enabled=\u201d0\u2033 global_colors_info=\u201d{}\u201d sticky_enabled=\u201d0\u2033]<\/p>\n<h2 style=\"text-align: center;\">Avtomobilska in motoristi\u010dna veriga<\/h2>\n<p>[\/et_pb_text][\/et_pb_column][\/et_pb_row][et_pb_row column_structure=&#8221;1_5,1_5,1_5,1_5,1_5&#8243; use_custom_gutter=&#8221;on&#8221; gutter_width=&#8221;2&#8243; _builder_version=&#8221;4.27.4&#8243; _module_preset=&#8221;default&#8221; width=&#8221;100%&#8221; max_width=&#8221;1200px&#8221; global_colors_info=&#8221;{}&#8221;][et_pb_column type=&#8221;1_5&#8243; _builder_version=&#8221;4.27.4&#8243; _module_preset=&#8221;default&#8221; global_colors_info=&#8221;{}&#8221;][et_pb_blurb title=&#8221;530H Reinforced Motorcycle Chain&#8221; image=&#8221;https:\/\/fmp-components.com\/wp-content\/uploads\/2025\/02\/530H-Reinforced-Motorcycle-Chain.webp&#8221; alt=&#8221;530H-Reinforced-Motorcycle-Chain&#8221; _builder_version=&#8221;4.27.4&#8243; _module_preset=&#8221;default&#8221; header_level=&#8221;h3&#8243; header_font=&#8221;Frank Ruhl Libre||||||||&#8221; header_text_align=&#8221;center&#8221; header_font_size=&#8221;18px&#8221; global_colors_info=&#8221;{}&#8221;][\/et_pb_blurb][\/et_pb_column][et_pb_column type=&#8221;1_5&#8243; _builder_version=&#8221;4.27.4&#8243; _module_preset=&#8221;default&#8221; global_colors_info=&#8221;{}&#8221;][et_pb_blurb title=&#8221;525H Reinforced Motorcycle Chain&#8221; image=&#8221;https:\/\/fmp-components.com\/wp-content\/uploads\/2025\/02\/525H-Reinforced-Motorcycle-Chain.webp&#8221; alt=&#8221;525H-Reinforced-Motorcycle-Chain&#8221; _builder_version=&#8221;4.27.4&#8243; _module_preset=&#8221;default&#8221; header_level=&#8221;h3&#8243; header_font=&#8221;Frank Ruhl Libre||||||||&#8221; header_text_align=&#8221;center&#8221; header_font_size=&#8221;18px&#8221; global_colors_info=&#8221;{}&#8221;][\/et_pb_blurb][\/et_pb_column][et_pb_column type=&#8221;1_5&#8243; _builder_version=&#8221;4.27.4&#8243; _module_preset=&#8221;default&#8221; global_colors_info=&#8221;{}&#8221;][et_pb_blurb title=&#8221;520H Reinforced Motorcycle Chain&#8221; image=&#8221;https:\/\/fmp-components.com\/wp-content\/uploads\/2025\/02\/520H-Reinforced-Motorcycle-Chain.webp&#8221; alt=&#8221;520H-Reinforced-Motorcycle-Chain&#8221; _builder_version=&#8221;4.27.4&#8243; _module_preset=&#8221;default&#8221; header_level=&#8221;h3&#8243; header_font=&#8221;Frank Ruhl Libre||||||||&#8221; header_text_align=&#8221;center&#8221; header_font_size=&#8221;18px&#8221; global_colors_info=&#8221;{}&#8221;][\/et_pb_blurb][\/et_pb_column][et_pb_column type=&#8221;1_5&#8243; _builder_version=&#8221;4.27.4&#8243; _module_preset=&#8221;default&#8221; global_colors_info=&#8221;{}&#8221;][et_pb_blurb title=&#8221;428H Reinforced Motorcycle Chain&#8221; image=&#8221;https:\/\/fmp-components.com\/wp-content\/uploads\/2025\/02\/428H-Reinforced-Motorcycle-Chain.webp&#8221; alt=&#8221;428H Reinforced Motorcycle Chain&#8221; _builder_version=&#8221;4.27.4&#8243; _module_preset=&#8221;default&#8221; header_level=&#8221;h3&#8243; header_font=&#8221;Frank Ruhl Libre||||||||&#8221; header_text_align=&#8221;center&#8221; header_font_size=&#8221;18px&#8221; global_colors_info=&#8221;{}&#8221;][\/et_pb_blurb][\/et_pb_column][et_pb_column type=&#8221;1_5&#8243; _builder_version=&#8221;4.27.4&#8243; _module_preset=&#8221;default&#8221; global_colors_info=&#8221;{}&#8221;][et_pb_blurb title=&#8221;420H Reinforced Motorcycle Chain&#8221; image=&#8221;https:\/\/fmp-components.com\/wp-content\/uploads\/2025\/02\/420H-Reinforced-Motorcycle-Chain.webp&#8221; alt=&#8221;420H Reinforced Motorcycle Chain&#8221; _builder_version=&#8221;4.27.4&#8243; _module_preset=&#8221;default&#8221; header_level=&#8221;h3&#8243; header_font=&#8221;Frank Ruhl Libre||||||||&#8221; header_text_align=&#8221;center&#8221; header_font_size=&#8221;18px&#8221; global_colors_info=&#8221;{}&#8221;][\/et_pb_blurb][\/et_pb_column][\/et_pb_row][et_pb_row column_structure=&#8221;1_5,1_5,1_5,1_5,1_5&#8243; use_custom_gutter=&#8221;on&#8221; gutter_width=&#8221;2&#8243; _builder_version=&#8221;4.27.4&#8243; _module_preset=&#8221;default&#8221; width=&#8221;100%&#8221; max_width=&#8221;1200px&#8221; global_colors_info=&#8221;{}&#8221;][et_pb_column type=&#8221;1_5&#8243; _builder_version=&#8221;4.27.4&#8243; _module_preset=&#8221;default&#8221; global_colors_info=&#8221;{}&#8221;][et_pb_blurb title=&#8221;415H Reinforced Motorcycle Chain&#8221; image=&#8221;https:\/\/fmp-components.com\/wp-content\/uploads\/2025\/02\/415H-Reinforced-Motorcycle-Chain.webp&#8221; alt=&#8221;415H Reinforced Motorcycle Chain&#8221; _builder_version=&#8221;4.27.4&#8243; _module_preset=&#8221;default&#8221; header_level=&#8221;h3&#8243; header_font=&#8221;Frank Ruhl Libre||||||||&#8221; header_text_align=&#8221;center&#8221; header_font_size=&#8221;18px&#8221; global_colors_info=&#8221;{}&#8221;][\/et_pb_blurb][\/et_pb_column][et_pb_column type=&#8221;1_5&#8243; _builder_version=&#8221;4.27.4&#8243; _module_preset=&#8221;default&#8221; global_colors_info=&#8221;{}&#8221;][et_pb_blurb title=&#8221;530 Standard Motorcycle Chain&#8221; image=&#8221;https:\/\/fmp-components.com\/wp-content\/uploads\/2025\/02\/530-Standard-Motorcycle-Chain.webp&#8221; alt=&#8221;530 Standard Motorcycle Chain&#8221; _builder_version=&#8221;4.27.4&#8243; _module_preset=&#8221;default&#8221; header_level=&#8221;h3&#8243; header_font=&#8221;Frank Ruhl Libre||||||||&#8221; header_text_align=&#8221;center&#8221; header_font_size=&#8221;18px&#8221; global_colors_info=&#8221;{}&#8221;][\/et_pb_blurb][\/et_pb_column][et_pb_column type=&#8221;1_5&#8243; _builder_version=&#8221;4.27.4&#8243; _module_preset=&#8221;default&#8221; global_colors_info=&#8221;{}&#8221;][et_pb_blurb title=&#8221;525 Standard Motorcycle Chain&#8221; image=&#8221;https:\/\/fmp-components.com\/wp-content\/uploads\/2025\/02\/525-Standard-Motorcycle-Chain.webp&#8221; alt=&#8221;525 Standard Motorcycle Chain&#8221; _builder_version=&#8221;4.27.4&#8243; _module_preset=&#8221;default&#8221; header_level=&#8221;h3&#8243; header_font=&#8221;Frank Ruhl Libre||||||||&#8221; header_text_align=&#8221;center&#8221; header_font_size=&#8221;18px&#8221; global_colors_info=&#8221;{}&#8221;][\/et_pb_blurb][\/et_pb_column][et_pb_column type=&#8221;1_5&#8243; _builder_version=&#8221;4.27.4&#8243; _module_preset=&#8221;default&#8221; global_colors_info=&#8221;{}&#8221;][et_pb_blurb title=&#8221;520 Standard Motorcycle Chain&#8221; image=&#8221;https:\/\/fmp-components.com\/wp-content\/uploads\/2025\/02\/520-Standard-Motorcycle-Chain.webp&#8221; alt=&#8221;520 Standard Motorcycle Chain&#8221; _builder_version=&#8221;4.27.4&#8243; _module_preset=&#8221;default&#8221; header_level=&#8221;h3&#8243; header_font=&#8221;Frank Ruhl Libre||||||||&#8221; header_text_align=&#8221;center&#8221; header_font_size=&#8221;18px&#8221; global_colors_info=&#8221;{}&#8221;][\/et_pb_blurb][\/et_pb_column][et_pb_column type=&#8221;1_5&#8243; _builder_version=&#8221;4.27.4&#8243; _module_preset=&#8221;default&#8221; global_colors_info=&#8221;{}&#8221;][et_pb_blurb title=&#8221;428 Standard Motorcycle Chain&#8221; image=&#8221;https:\/\/fmp-components.com\/wp-content\/uploads\/2025\/02\/428-Standard-Motorcycle-Chain.webp&#8221; alt=&#8221;428 Standard Motorcycle Chain&#8221; _builder_version=&#8221;4.27.4&#8243; _module_preset=&#8221;default&#8221; header_level=&#8221;h3&#8243; header_font=&#8221;Frank Ruhl Libre||||||||&#8221; header_text_align=&#8221;center&#8221; header_font_size=&#8221;18px&#8221; global_colors_info=&#8221;{}&#8221;][\/et_pb_blurb][\/et_pb_column][\/et_pb_row][et_pb_row column_structure=&#8221;1_5,1_5,1_5,1_5,1_5&#8243; use_custom_gutter=&#8221;on&#8221; gutter_width=&#8221;2&#8243; _builder_version=&#8221;4.27.4&#8243; _module_preset=&#8221;default&#8221; width=&#8221;100%&#8221; max_width=&#8221;1200px&#8221; global_colors_info=&#8221;{}&#8221;][et_pb_column type=&#8221;1_5&#8243; _builder_version=&#8221;4.27.4&#8243; _module_preset=&#8221;default&#8221; global_colors_info=&#8221;{}&#8221;][et_pb_blurb title=&#8221;420 Standard Motorcycle Chain&#8221; image=&#8221;https:\/\/fmp-components.com\/wp-content\/uploads\/2025\/02\/420-Standard-Motorcycle-Chain.webp&#8221; alt=&#8221;420 Standard Motorcycle Chain&#8221; _builder_version=&#8221;4.27.4&#8243; _module_preset=&#8221;default&#8221; header_level=&#8221;h3&#8243; header_font=&#8221;Frank Ruhl Libre||||||||&#8221; header_text_align=&#8221;center&#8221; header_font_size=&#8221;18px&#8221; global_colors_info=&#8221;{}&#8221;][\/et_pb_blurb][\/et_pb_column][et_pb_column type=&#8221;1_5&#8243; _builder_version=&#8221;4.27.4&#8243; _module_preset=&#8221;default&#8221; global_colors_info=&#8221;{}&#8221;][et_pb_blurb title=&#8221;Motorcycle Timing Chain&#8221; image=&#8221;https:\/\/fmp-components.com\/wp-content\/uploads\/2025\/02\/Motorcycle-Timing-Chain.webp&#8221; alt=&#8221;Motorcycle Timing Chain&#8221; _builder_version=&#8221;4.27.4&#8243; _module_preset=&#8221;default&#8221; header_level=&#8221;h3&#8243; header_font=&#8221;Frank Ruhl Libre||||||||&#8221; header_text_align=&#8221;center&#8221; header_font_size=&#8221;18px&#8221; global_colors_info=&#8221;{}&#8221;][\/et_pb_blurb][\/et_pb_column][et_pb_column type=&#8221;1_5&#8243; _builder_version=&#8221;4.27.4&#8243; _module_preset=&#8221;default&#8221; global_colors_info=&#8221;{}&#8221;][et_pb_blurb title=&#8221;Silent Chains for Motorcycle Engine&#8221; image=&#8221;https:\/\/fmp-components.com\/wp-content\/uploads\/2025\/02\/Silent-Chains-for-Motorcycle-Engine-1.webp&#8221; alt=&#8221;Silent Chains for Motorcycle Engine&#8221; _builder_version=&#8221;4.27.4&#8243; _module_preset=&#8221;default&#8221; header_level=&#8221;h3&#8243; header_font=&#8221;Frank Ruhl Libre||||||||&#8221; header_text_align=&#8221;center&#8221; header_font_size=&#8221;18px&#8221; global_colors_info=&#8221;{}&#8221;][\/et_pb_blurb][\/et_pb_column][et_pb_column type=&#8221;1_5&#8243; _builder_version=&#8221;4.27.4&#8243; _module_preset=&#8221;default&#8221; global_colors_info=&#8221;{}&#8221;][et_pb_blurb title=&#8221;Super X-Ring Motorcycle Chain&#8221; image=&#8221;https:\/\/fmp-components.com\/wp-content\/uploads\/2025\/02\/Super-X-Ring-Motorcycle-Chain.webp&#8221; alt=&#8221;Super X-Ring Motorcycle Chain&#8221; _builder_version=&#8221;4.27.4&#8243; _module_preset=&#8221;default&#8221; header_level=&#8221;h3&#8243; header_font=&#8221;Frank Ruhl Libre||||||||&#8221; header_text_align=&#8221;center&#8221; header_font_size=&#8221;18px&#8221; global_colors_info=&#8221;{}&#8221;][\/et_pb_blurb][\/et_pb_column][et_pb_column type=&#8221;1_5&#8243; _builder_version=&#8221;4.27.4&#8243; _module_preset=&#8221;default&#8221; global_colors_info=&#8221;{}&#8221;][et_pb_blurb title=&#8221;X-Ring Motorcycle Chain&#8221; image=&#8221;https:\/\/fmp-components.com\/wp-content\/uploads\/2025\/02\/X-ring-Motorcycle-Chain-1.webp&#8221; alt=&#8221;X-Ring Motorcycle Chain&#8221; _builder_version=&#8221;4.27.4&#8243; _module_preset=&#8221;default&#8221; header_level=&#8221;h3&#8243; header_font=&#8221;Frank Ruhl Libre||||||||&#8221; header_text_align=&#8221;center&#8221; header_font_size=&#8221;18px&#8221; global_colors_info=&#8221;{}&#8221;][\/et_pb_blurb][\/et_pb_column][\/et_pb_row][et_pb_row column_structure=&#8221;1_5,1_5,1_5,1_5,1_5&#8243; use_custom_gutter=&#8221;on&#8221; gutter_width=&#8221;2&#8243; _builder_version=&#8221;4.27.4&#8243; _module_preset=&#8221;default&#8221; width=&#8221;100%&#8221; max_width=&#8221;1200px&#8221; global_colors_info=&#8221;{}&#8221;][et_pb_column type=&#8221;1_5&#8243; _builder_version=&#8221;4.27.4&#8243; _module_preset=&#8221;default&#8221; global_colors_info=&#8221;{}&#8221;][et_pb_blurb title=&#8221;O-Ring Motorcycle Chain&#8221; image=&#8221;https:\/\/fmp-components.com\/wp-content\/uploads\/2025\/02\/O-Ring-Motorcycle-Chain.webp&#8221; alt=&#8221;O-Ring Motorcycle Chain&#8221; _builder_version=&#8221;4.27.4&#8243; _module_preset=&#8221;default&#8221; header_level=&#8221;h3&#8243; header_font=&#8221;Frank Ruhl Libre||||||||&#8221; header_text_align=&#8221;center&#8221; header_font_size=&#8221;18px&#8221; global_colors_info=&#8221;{}&#8221;][\/et_pb_blurb][\/et_pb_column][et_pb_column type=&#8221;1_5&#8243; _builder_version=&#8221;4.27.4&#8243; _module_preset=&#8221;default&#8221; global_colors_info=&#8221;{}&#8221;][et_pb_blurb title=&#8221;Professional Motorcycle Chain&#8221; image=&#8221;https:\/\/fmp-components.com\/wp-content\/uploads\/2025\/02\/Professional-Motorcycle-Chain.webp&#8221; alt=&#8221;Professional Motorcycle Chain&#8221; _builder_version=&#8221;4.27.4&#8243; _module_preset=&#8221;default&#8221; header_level=&#8221;h3&#8243; header_font=&#8221;Frank Ruhl Libre||||||||&#8221; header_text_align=&#8221;center&#8221; header_font_size=&#8221;18px&#8221; global_colors_info=&#8221;{}&#8221;][\/et_pb_blurb][\/et_pb_column][et_pb_column type=&#8221;1_5&#8243; _builder_version=&#8221;4.27.4&#8243; _module_preset=&#8221;default&#8221; global_colors_info=&#8221;{}&#8221;][et_pb_blurb title=&#8221;Reinforced Motorcycle Chain&#8221; image=&#8221;https:\/\/fmp-components.com\/wp-content\/uploads\/2025\/02\/Reinforced-Motorcycle-Chain.webp&#8221; alt=&#8221;Reinforced Motorcycle Chain&#8221; _builder_version=&#8221;4.27.4&#8243; _module_preset=&#8221;default&#8221; header_level=&#8221;h3&#8243; header_font=&#8221;Frank Ruhl Libre||||||||&#8221; header_text_align=&#8221;center&#8221; header_font_size=&#8221;18px&#8221; global_colors_info=&#8221;{}&#8221;][\/et_pb_blurb][\/et_pb_column][et_pb_column type=&#8221;1_5&#8243; _builder_version=&#8221;4.27.4&#8243; _module_preset=&#8221;default&#8221; global_colors_info=&#8221;{}&#8221;][et_pb_blurb title=&#8221;Motocross Motorcycle Chain&#8221; image=&#8221;https:\/\/fmp-components.com\/wp-content\/uploads\/2025\/02\/Motocross-Motorcycle-Chain.webp&#8221; alt=&#8221;Motocross Motorcycle Chain&#8221; _builder_version=&#8221;4.27.4&#8243; _module_preset=&#8221;default&#8221; header_level=&#8221;h3&#8243; header_font=&#8221;Frank Ruhl Libre||||||||&#8221; header_text_align=&#8221;center&#8221; header_font_size=&#8221;18px&#8221; global_colors_info=&#8221;{}&#8221;][\/et_pb_blurb][\/et_pb_column][et_pb_column type=&#8221;1_5&#8243; _builder_version=&#8221;4.27.4&#8243; _module_preset=&#8221;default&#8221; global_colors_info=&#8221;{}&#8221;][et_pb_blurb title=&#8221;Standard Motorcycle Chain&#8221; image=&#8221;https:\/\/fmp-components.com\/wp-content\/uploads\/2025\/02\/Standard-Motorcycle-Chain.webp&#8221; alt=&#8221;Standard Motorcycle Chain&#8221; _builder_version=&#8221;4.27.4&#8243; _module_preset=&#8221;default&#8221; header_level=&#8221;h3&#8243; header_font=&#8221;Frank Ruhl Libre||||||||&#8221; header_text_align=&#8221;center&#8221; header_font_size=&#8221;18px&#8221; global_colors_info=&#8221;{}&#8221;][\/et_pb_blurb][\/et_pb_column][\/et_pb_row][et_pb_row column_structure=&#8221;1_5,1_5,1_5,1_5,1_5&#8243; use_custom_gutter=&#8221;on&#8221; gutter_width=&#8221;2&#8243; _builder_version=&#8221;4.27.4&#8243; _module_preset=&#8221;default&#8221; width=&#8221;100%&#8221; max_width=&#8221;1200px&#8221; global_colors_info=&#8221;{}&#8221;][et_pb_column type=&#8221;1_5&#8243; _builder_version=&#8221;4.27.4&#8243; _module_preset=&#8221;default&#8221; global_colors_info=&#8221;{}&#8221;][et_pb_blurb title=&#8221;Transmission &#038; Transfer Case Silent Chains HV3F3-8\u00d79W SC180 CL06F2-12X11W SC1252-11X10W&#8221; image=&#8221;https:\/\/fmp-components.com\/wp-content\/uploads\/2025\/02\/fmp_11.CAR-silent-chain-3.webp&#8221; alt=&#8221;Transmission &#038; Transfer Case Silent Chains HV3F3-8\u00d79W SC180 CL06F2-12X11W SC1252-11X10W&#8221; _builder_version=&#8221;4.27.4&#8243; _module_preset=&#8221;default&#8221; header_level=&#8221;h3&#8243; header_font=&#8221;Frank Ruhl Libre||||||||&#8221; header_text_align=&#8221;center&#8221; header_font_size=&#8221;18px&#8221; global_colors_info=&#8221;{}&#8221;][\/et_pb_blurb][\/et_pb_column][et_pb_column type=&#8221;1_5&#8243; _builder_version=&#8221;4.27.4&#8243; _module_preset=&#8221;default&#8221; global_colors_info=&#8221;{}&#8221;][et_pb_blurb title=&#8221;Automotive Bush Chains For Engine Timing 05CT 06D C35F2-2&#8243; image=&#8221;https:\/\/fmp-components.com\/wp-content\/uploads\/2025\/02\/fmp_10.motor-bush-chain-2.webp&#8221; alt=&#8221;Automotive Bush Chains For Engine Timing 05CT 06D C35F2-2&#8243; _builder_version=&#8221;4.27.4&#8243; _module_preset=&#8221;default&#8221; header_level=&#8221;h3&#8243; header_font=&#8221;Frank Ruhl Libre||||||||&#8221; header_text_align=&#8221;center&#8221; header_font_size=&#8221;18px&#8221; global_colors_info=&#8221;{}&#8221;][\/et_pb_blurb][\/et_pb_column][et_pb_column type=&#8221;1_5&#8243; _builder_version=&#8221;4.27.4&#8243; _module_preset=&#8221;default&#8221; global_colors_info=&#8221;{}&#8221;][et_pb_blurb title=&#8221;Silent Chains for Engine Timing CL04D-4\u00d75W CL05D-4\u00d74W CL05D-3\u00d74W&#8221; image=&#8221;https:\/\/fmp-components.com\/wp-content\/uploads\/2025\/02\/fmp_9.motor-silent-chain-2.webp&#8221; alt=&#8221;Silent Chains for Engine Timing CL04D-4\u00d75W CL05D-4\u00d74W CL05D-3\u00d74W&#8221; _builder_version=&#8221;4.27.4&#8243; _module_preset=&#8221;default&#8221; header_level=&#8221;h3&#8243; header_font=&#8221;Frank Ruhl Libre||||||||&#8221; header_text_align=&#8221;center&#8221; header_font_size=&#8221;18px&#8221; global_colors_info=&#8221;{}&#8221;][\/et_pb_blurb][\/et_pb_column][et_pb_column type=&#8221;1_5&#8243; _builder_version=&#8221;4.27.4&#8243; _module_preset=&#8221;default&#8221; global_colors_info=&#8221;{}&#8221;][et_pb_blurb title=&#8221;Automobile Roller Chains for Engine Timing 05E 05BT 06AT 06BT 06BT-2 06BTH-2&#8243; image=&#8221;https:\/\/fmp-components.com\/wp-content\/uploads\/2025\/02\/fmp_8.special-chain-2.webp&#8221; alt=&#8221;Automobile Roller Chains for Engine Timing 05E 05BT 06AT 06BT 06BT-2 06BTH-2&#8243; _builder_version=&#8221;4.27.4&#8243; _module_preset=&#8221;default&#8221; header_level=&#8221;h3&#8243; header_font=&#8221;Frank Ruhl Libre||||||||&#8221; header_text_align=&#8221;center&#8221; header_font_size=&#8221;18px&#8221; global_colors_info=&#8221;{}&#8221;][\/et_pb_blurb][\/et_pb_column][et_pb_column type=&#8221;1_5&#8243; _builder_version=&#8221;4.27.4&#8243; _module_preset=&#8221;default&#8221; global_colors_info=&#8221;{}&#8221;][et_pb_blurb title=&#8221;O-Ring Chain 428H 520H 525H 530H&#8221; image=&#8221;https:\/\/fmp-components.com\/wp-content\/uploads\/2025\/02\/fmp_48.o-ring-chain-1.webp&#8221; alt=&#8221;O-Ring Chain 428H 520H 525H 530H&#8221; _builder_version=&#8221;4.27.4&#8243; _module_preset=&#8221;default&#8221; header_level=&#8221;h3&#8243; header_font=&#8221;Frank Ruhl Libre||||||||&#8221; header_text_align=&#8221;center&#8221; header_font_size=&#8221;18px&#8221; global_colors_info=&#8221;{}&#8221;][\/et_pb_blurb][\/et_pb_column][\/et_pb_row][et_pb_row column_structure=&#8221;1_5,1_5,1_5,1_5,1_5&#8243; use_custom_gutter=&#8221;on&#8221; gutter_width=&#8221;2&#8243; _builder_version=&#8221;4.27.4&#8243; _module_preset=&#8221;default&#8221; width=&#8221;100%&#8221; max_width=&#8221;1200px&#8221; global_colors_info=&#8221;{}&#8221;][et_pb_column type=&#8221;1_5&#8243; _builder_version=&#8221;4.27.4&#8243; _module_preset=&#8221;default&#8221; global_colors_info=&#8221;{}&#8221;][et_pb_blurb title=&#8221;Motorcycle Chains&#8221; image=&#8221;https:\/\/fmp-components.com\/wp-content\/uploads\/2025\/02\/motorcycle-chain.webp&#8221; alt=&#8221;Motorcycle Chains&#8221; _builder_version=&#8221;4.27.4&#8243; _module_preset=&#8221;default&#8221; header_level=&#8221;h3&#8243; header_font=&#8221;Frank Ruhl Libre||||||||&#8221; header_text_align=&#8221;center&#8221; header_font_size=&#8221;18px&#8221; global_colors_info=&#8221;{}&#8221;][\/et_pb_blurb][\/et_pb_column][et_pb_column type=&#8221;1_5&#8243; _builder_version=&#8221;4.27.4&#8243; _module_preset=&#8221;default&#8221; global_colors_info=&#8221;{}&#8221;][\/et_pb_column][et_pb_column type=&#8221;1_5&#8243; _builder_version=&#8221;4.27.4&#8243; _module_preset=&#8221;default&#8221; global_colors_info=&#8221;{}&#8221;][\/et_pb_column][et_pb_column type=&#8221;1_5&#8243; _builder_version=&#8221;4.27.4&#8243; _module_preset=&#8221;default&#8221; global_colors_info=&#8221;{}&#8221;][\/et_pb_column][et_pb_column type=&#8221;1_5&#8243; _builder_version=&#8221;4.27.4&#8243; _module_preset=&#8221;default&#8221; global_colors_info=&#8221;{}&#8221;][\/et_pb_column][\/et_pb_row][\/et_pb_section][et_pb_section fb_built=&#8221;1&#8243; _builder_version=&#8221;4.27.4&#8243; _module_preset=&#8221;default&#8221; global_colors_info=&#8221;{}&#8221;][et_pb_row column_structure=&#8221;1_2,1_2&#8243; _builder_version=&#8221;4.27.4&#8243; _module_preset=&#8221;default&#8221; width=&#8221;100%&#8221; max_width=&#8221;1400px&#8221; global_colors_info=&#8221;{}&#8221;][et_pb_column type=&#8221;1_2&#8243; _builder_version=&#8221;4.27.4&#8243; _module_preset=&#8221;default&#8221; global_colors_info=&#8221;{}&#8221;][et_pb_image src=&#8221;https:\/\/fmp-components.com\/wp-content\/uploads\/2025\/02\/Auto-Motorcycle-Chain2.webp&#8221; alt=&#8221;Auto &#038; Motorcycle Chain&#8221; title_text=&#8221;Auto &#038; Motorcycle Chain2&#8243; _builder_version=&#8221;4.27.4&#8243; _module_preset=&#8221;default&#8221; global_colors_info=&#8221;{}&#8221;][\/et_pb_image][\/et_pb_column][et_pb_column type=&#8221;1_2&#8243; _builder_version=&#8221;4.27.4&#8243; _module_preset=&#8221;default&#8221; global_colors_info=&#8221;{}&#8221;][et_pb_text _builder_version=&#8221;4.27.4&#8243; _module_preset=&#8221;default&#8221; text_font_size=&#8221;16px&#8221; text_line_height=&#8221;1.8em&#8221; header_2_font=&#8221;Frank Ruhl Libre||||||||&#8221; header_2_font_size=&#8221;30px&#8221; header_2_line_height=&#8221;1.4em&#8221; header_3_font=&#8221;Frank Ruhl Libre||||||||&#8221; header_3_line_height=&#8221;1.1em&#8221; min_height=&#8221;373.8px&#8221; custom_margin=&#8221;20px||||false|false&#8221; global_colors_info=&#8221;{}&#8221;]<\/p>\n<h2>Motoristi\u010dna industrija<\/h2>\n<p>Verige, ki se uporabljajo v motociklisti\u010dni industriji, vklju\u010dujejo predvsem krmilne verige za motorje motornih koles in verige za pogon na zadnja kolesa motornih koles. Pogonske verige motornih koles se delijo predvsem na standardne valj\u010dne verige in tesnilne verige.<\/p>\n<h3>Zna\u010dilnosti:<\/h3>\n<p>Z uporabo napredne tehnologije na\u010drtovanja in izdelave ima zna\u010dilnosti visoke odpornosti proti obrabi, dolge \u017eivljenjske dobe, visoke trdnosti in odpornosti na utrujanje, odpornosti na okolje in visoke zanesljivosti.<\/p>\n<h3>Glavni izdelki:<\/h3>\n<p>Zadnja pogonska veriga: standardna valj\u010dna veriga in O-obro\u010d, veriga s tesnilom X-obro\u010d;<br \/>Veriga motorja: veriga z rokavi, zobata veriga (tiha veriga) itd.<\/p>\n<p>[\/et_pb_text][\/et_pb_column][\/et_pb_row][\/et_pb_section]<\/p>","protected":false},"excerpt":{"rendered":"<p>Auto &amp; Motorcycle ChainFMP produces a wide range of Auto &amp; Motorcycle Chains, catering to diverse needs in the automotive and motorcycle industries. We offer both standard and custom solutions to meet the specific requirements of our customers. If the model you&#8217;re looking for is not listed in our product catalog, it may not yet [&hellip;]<\/p>","protected":false},"author":2,"featured_media":0,"parent":0,"menu_order":0,"comment_status":"closed","ping_status":"closed","template":"","meta":{"_et_pb_use_builder":"on","_et_pb_old_content":"","_et_gb_content_width":"","footnotes":""},"class_list":["post-5849","page","type-page","status-publish","hentry"],"_links":{"self":[{"href":"https:\/\/fmp-components.com\/sl\/wp-json\/wp\/v2\/pages\/5849","targetHints":{"allow":["GET"]}}],"collection":[{"href":"https:\/\/fmp-components.com\/sl\/wp-json\/wp\/v2\/pages"}],"about":[{"href":"https:\/\/fmp-components.com\/sl\/wp-json\/wp\/v2\/types\/page"}],"author":[{"embeddable":true,"href":"https:\/\/fmp-components.com\/sl\/wp-json\/wp\/v2\/users\/2"}],"replies":[{"embeddable":true,"href":"https:\/\/fmp-components.com\/sl\/wp-json\/wp\/v2\/comments?post=5849"}],"version-history":[{"count":5,"href":"https:\/\/fmp-components.com\/sl\/wp-json\/wp\/v2\/pages\/5849\/revisions"}],"predecessor-version":[{"id":6352,"href":"https:\/\/fmp-components.com\/sl\/wp-json\/wp\/v2\/pages\/5849\/revisions\/6352"}],"wp:attachment":[{"href":"https:\/\/fmp-components.com\/sl\/wp-json\/wp\/v2\/media?parent=5849"}],"curies":[{"name":"delovni list","href":"https:\/\/api.w.org\/{rel}","templated":true}]}}