{"id":1162,"date":"2024-12-20T01:38:48","date_gmt":"2024-12-20T01:38:48","guid":{"rendered":"https:\/\/fmp-components.com\/?page_id=8"},"modified":"2025-07-22T03:14:30","modified_gmt":"2025-07-22T03:14:30","slug":"planetary-gearbox","status":"publish","type":"page","link":"https:\/\/fmp-components.com\/sl\/planetary-gearbox\/","title":{"rendered":"Planetni menjalnik"},"content":{"rendered":"<p>[et_pb_section fb_built=\u201d1\u2033 _builder_version=\u201d4.27.4\u2033 _module_preset=\u201dprivzeto\u201d use_background_color_gradient=\u201dvklopljeno\u201d background_color_gradient_stops=\u201drgba(4,40,4,0.07) 0%|rgba(8,40,9,0.33) 100%\u201d background_color_gradient_overlays_image=\u201dvklopljeno\u201d background_image=\u201dhttps:\/\/fmp-components.com\/wp-content\/uploads\/2024\/12\/planetary-gearbox-banner.webp\u201d min_height=\u201d509px\u201d global_colors_info=\u201d{}\u201d][et_pb_row _builder_version=\u201d4.27.4\u2033 _module_preset=\u201dprivzeto\u201d global_colors_info=\u201d{}\u201d][et_pb_column type=\u201d4_4\u2033 _builder_version=\u201d4.27.4\u2033 _module_preset=\u201dprivzeto\u201d global_colors_info=\u201d{}\u201d][et_pb_text _builder_version=\u201d4.27.4\u2033 _module_preset=\u201dprivzeto\u201d header_font=\u201dFrank Ruhl Libre|500|||||||\u201d header_text_align=\u201dcenter\u201d header_text_color=\u201d#FFFFFF\u201d header_font_size=\u201d65px\u201d header_text_shadow_style=\u201dpreset1\u2033 global_colors_info=\u201d{}\u201d]<\/p>\n<h1>Planetni menjalnik<\/h1>\n<p>[\/et_pb_text][\/et_pb_column][\/et_pb_row][et_pb_row _builder_version=\u201d4.27.4\u2033 _module_preset=\u201dprivzeto\u201d global_colors_info=\u201d{}\u201d][et_pb_column type=\u201d4_4\u2033 _builder_version=\u201d4.27.4\u2033 _module_preset=\u201dprivzeto\u201d global_colors_info=\u201d{}\u201d][et_pb_text _builder_version=\u201d4.27.4\u2033 _module_preset=\u201dprivzeto\u201d text_text_color=\u201d#FFFFFF\u201d text_font_size=\u201d16px\u201d text_line_height=\u201d1.8em\u201d text_text_shadow_style=\u201dpreset1\u2033 global_colors_info=\u201d{}\u201d]<\/p>\n<p>Planetni menjalnik je sestavljen iz osrednjega son\u010dnega zobnika, ve\u010d planetnih zobnikov in zunanjega zobni\u0161kega venca, kar zagotavlja visoko gostoto navora in kompaktno zasnovo. Zaradi te konfiguracije je idealen za aplikacije, ki zahtevajo natan\u010dno zmanj\u0161anje hitrosti in pove\u010danje navora, kar se pogosto uporablja v robotiki, avtomobilski industriji in industrijskih strojih.<\/p>\n<p>V podjetju FMP ponujamo \u0161iroko paleto planetarnih menjalnikov in sprejemamo naro\u010dila po meri, ki ustrezajo va\u0161im specifi\u010dnim zahtevam. Ne glede na to, ali potrebujete standardne ali specializirane re\u0161itve, je FMP predan dobavi visokokakovostnih menjalnikov, prilagojenih va\u0161im potrebam.<\/p>\n<p>[\/et_pb_text][\/et_pb_column][\/et_pb_row][\/et_pb_section][et_pb_section fb_built=\u201d1\u2033 _builder_version=\u201d4.27.4\u2033 _module_preset=\u201dprivzeto\u201d custom_padding=\u201d||5px|||\u201d global_colors_info=\u201d{}\u201d][et_pb_row _builder_version=\u201d4.27.4\u2033 _module_preset=\u201dprivzeto\u201d global_colors_info=\u201d{}\u201d][et_pb_column type=\u201d4_4\u2033 _builder_version=\u201d4.27.4\u2033 _module_preset=\u201dprivzeto\u201d global_colors_info=\u201d{}\u201d][et_pb_text _builder_version=\u201d4.27.4\u2033 _module_preset=\u201dprivzeto\u201d header_2_font=\u201dFrank Ruhl Libre||||||||\u201d header_2_text_align=\u201dna sredino\u201d header_2_font_size=\u201d40px\u201d global_colors_info=\u201d{}\u201d]<\/p>\n<h2>Planetni menjalnik<\/h2>\n<p>[\/et_pb_text][\/et_pb_column][\/et_pb_row][et_pb_row column_structure=\u201d1_3,1_3,1_3\u2033 _builder_version=\u201d4.27.4\u2033 _module_preset=\u201dprivzeto\u201d global_colors_info=\u201d{}\u201d][et_pb_column type=\u201d1_3\u2033 _builder_version=\u201d4.27.4\u2033 _module_preset=\u201dprivzeto\u201d global_colors_info=\u201d{}\u201d][et_pb_image src=\u201dhttps:\/\/fmp-components.com\/wp-content\/uploads\/2025\/01\/Track-Drive.webp\u201d alt=\u201dTrack-Drive\u201d title_text=\u201dTrack-Drive\u201d _builder_version=\u201d4.27.4\u2033 _module_preset=\u201dprivzeto\u201d global_colors_info=\u201d{}\u201d][\/et_pb_image][et_pb_toggle title=\u201dPogon po tirnicah\u201d _builder_version=\u201d4.27.4\u2033 _module_preset=\u201dprivzeto\u201d global_colors_info=\u201d{}\u201d]<\/p>\n<ul>\n<li><a href=\"https:\/\/fmp-components.com\/sl\/product\/wheel-drive-planetary-gearbox-reducer-for-access-plateform\/\">Planetni menjalnik za dostopno plo\u0161\u010dad<\/a><\/li>\n<li><a href=\"https:\/\/fmp-components.com\/sl\/product\/wheel-drive-planetary-gearbox-reducer-for-rough-terrain-scissor-lift3679\/\">Planetni menjalnik za neravne terene <\/a><a href=\"https:\/\/fmp-components.com\/sl\/product\/wheel-drive-planetary-gearbox-reducer-for-road-reclaimers-and-grades\/\">\u0160karje<\/a><\/li>\n<li><a href=\"https:\/\/fmp-components.com\/sl\/product\/wheel-drive-planetary-gearbox-reducer-for-road-reclaimers-and-grades\/\">Planetni menjalnik za cestne rekultivatorje in ravnalnike<\/a><\/li>\n<li><a href=\"https:\/\/fmp-components.com\/sl\/product\/wheel-drive-planetary-gearbox-reducer-for-land-clearing-stone-crusher\/\">Planetarni menjalnik za drobilnik kamna za \u010di\u0161\u010denje zemlji\u0161\u010d<\/a><\/li>\n<li><a href=\"https:\/\/fmp-components.com\/sl\/product\/wheel-drive-planetary-gearbox-reducer-for-cranes\/\">Planetni menjalnik za \u017eerjave<\/a><\/li>\n<\/ul>\n<p>[\/et_pb_toggle][\/et_pb_column][et_pb_column type=\u201d1_3\u2033 _builder_version=\u201d4.27.4\u2033 _module_preset=\u201dprivzeto\u201d global_colors_info=\u201d{}\u201d][et_pb_image src=\u201dhttps:\/\/fmp-components.com\/wp-content\/uploads\/2024\/12\/Winch-Drive.webp\u201d alt=\u201dPogon vitla\u201d title_text=\u201dPogon vitla\u201d _builder_version=\u201d4.27.4\u2033 _module_preset=\u201dprivzeto\u201d global_colors_info=\u201d{}\u201d][\/et_pb_image][et_pb_toggle title=\u201dPogon vitla\u201d _builder_version=\u201d4.27.4\u2033 _module_preset=\u201dprivzeto\u201d global_colors_info=\u201d{}\u201d]<\/p>\n<ul>\n<li>Planetni menjalnik za sidrni vitel<\/li>\n<li>Planetni menjalnik za vitel Tugger<\/li>\n<li>Planetarni menjalnik za gradbeno plovilo na morju<\/li>\n<li>Planetarni menjalnik za platformo na morju<\/li>\n<li>Planetni menjalnik za vrtalne plo\u0161\u010dadi<\/li>\n<li>Planetni menjalnik za gozdarski in se\u010dnji vitel<\/li>\n<li>Planetni menjalnik za 3D-galerije<\/li>\n<li>Planetni menjalnik za dvi\u017eno opremo za rudnike<\/li>\n<li>Planetni menjalnik za dvigalo<\/li>\n<li>Planetni menjalnik za cevovode<\/li>\n<li>Planetni menjalnik za \u017eerjav, name\u0161\u010den na tovornjaku<\/li>\n<li>Planetni menjalnik za transportni trak z dvigalom za presko\u010dne \u017elice<\/li>\n<li>Planetni menjalnik za odpiranje vrat pe\u010di<\/li>\n<li>Planetni menjalnik za gasilske in re\u0161evalne vitel<\/li>\n<\/ul>\n<p>[\/et_pb_toggle][\/et_pb_column][et_pb_column type=\u201d1_3\u2033 _builder_version=\u201d4.27.4\u2033 _module_preset=\u201dprivzeto\u201d global_colors_info=\u201d{}\u201d][et_pb_image src=\u201dhttps:\/\/fmp-components.com\/wp-content\/uploads\/2024\/12\/Wheel-Drive.webp\u201d alt=\u201dKolesni pogon\u201d title_text=\u201dKolesni pogon\u201d _builder_version=\u201d4.27.4\u2033 _module_preset=\u201dprivzeto\u201d global_colors_info=\u201d{}\u201d][\/et_pb_image][et_pb_toggle title=\u201dKolesni pogon\u201d _builder_version=\u201d4.27.4\u2033 _module_preset=\u201dprivzeto\u201d global_colors_info=\u201d{}\u201d]<\/p>\n<ul>\n<li>Planetarni menjalnik za kombajn za jabolka<\/li>\n<li>Planetni menjalnik za silokombajn<\/li>\n<li>Planetni menjalnik za kombajn za krompir<\/li>\n<li>Planetni menjalnik za grozdni kombajn<\/li>\n<li>Planetarni menjalnik za kombajn za sladkor<\/li>\n<li>Planetarni menjalnik za me\u0161alnik krme<\/li>\n<li>Planetni menjalnik za kopno<br \/>Drobilnik kamna za \u010di\u0161\u010denje<\/li>\n<li>Planetarni menjalnik za linearno namakanje<\/li>\n<li>Planetni menjalnik za sejalnico<\/li>\n<li>Planetni menjalnik za gnojilo<\/li>\n<li>Planetni menjalnik za dostopno plo\u0161\u010dad<\/li>\n<li>Planetarni menjalnik za terensko \u0161karjasto dvigalo<\/li>\n<li>Planetni menjalnik za cestne rekultivatorje in ravnalnike<\/li>\n<li>Planetni menjalnik za buldo\u017eer<\/li>\n<li>Planetni menjalnik za \u017eerjave<\/li>\n<li>Planetni menjalnik za tovornjake z me\u0161alnikom betona<\/li>\n<li>Planetni menjalnik za grederje<\/li>\n<li>Planetni menjalnik za valje<\/li>\n<li>Planetni menjalnik za nakladalnike<\/li>\n<li>Planetni menjalnik za bagre<\/li>\n<li>Planetarni menjalnik za podzemno vrtanje Jumbos<\/li>\n<li>Planetni menjalnik za podzemne nakladalnike\/LHD<\/li>\n<li>Planetni menjalnik za mobilne drobilne in presejalne naprave<\/li>\n<li>Planetni menjalnik za rudarske tovornjake<\/li>\n<li>Planetni menjalnik za vili\u010darje<\/li>\n<li>Planetni menjalnik za kontejnerske \u017eerjave<\/li>\n<li>Planetni menjalnik za avtomatsko vodena vozila, AGV<\/li>\n<li>Planetni menjalnik za regalne vili\u010darje<\/li>\n<li>Planetni menjalnik za portalni \u017eerjav z gumijastimi pnevmatikami, RTG<\/li>\n<\/ul>\n<p>[\/et_pb_toggle][\/et_pb_column][\/et_pb_row][et_pb_row column_structure=\u201d1_3,1_3,1_3\u2033 _builder_version=\u201d4.27.4\u2033 _module_preset=\u201dprivzeto\u201d global_colors_info=\u201d{}\u201d][et_pb_column type=\u201d1_3\u2033 _builder_version=\u201d4.27.4\u2033 _module_preset=\u201dprivzeto\u201d global_colors_info=\u201d{}\u201d][et_pb_image src=\u201dhttps:\/\/fmp-components.com\/wp-content\/uploads\/2024\/12\/Slewing-Drive.webp\u201d alt=\u201dVrtljivi pogon\u201d title_text=\u201dVrtljivi pogon\u201d _builder_version=\u201d4.27.4\u2033 _module_preset=\u201dprivzeto\u201d global_colors_info=\u201d{}\u201d][\/et_pb_image][et_pb_toggle title=\u201dVrtljivi pogon\u201d _builder_version=\u201d4.27.4\u2033 _module_preset=\u201dprivzeto\u201d global_colors_info=\u201d{}\u201d]<\/p>\n<ul>\n<li>Planetarni menjalnik za vetrne turbine<\/li>\n<li>Planetni menjalnik za sistem za sledenje soncu<\/li>\n<li>Planetni menjalnik za betonsko \u010drpalko, name\u0161\u010deno na tovornjaku<\/li>\n<li>Planetni menjalnik za zra\u010dna delovna vozila<\/li>\n<li>Planetni menjalnik za vrtalne platforme na morju<\/li>\n<li>Planetni menjalnik za radarsko anteno<\/li>\n<li>Planetni menjalnik za rezalno glavo TBM<\/li>\n<li>Planetni menjalnik za bagre<\/li>\n<li>Planetni menjalnik za stolpni \u017eerjav<\/li>\n<li>Planetarni menjalnik za pristani\u0161ki kontejnerski \u017eerjav<\/li>\n<li>Planetni menjalnik za goseni\u010dni \u017eerjav<\/li>\n<li>Planetni menjalnik za \u017eerjav, name\u0161\u010den na tovornjaku<\/li>\n<li>Planetni menjalnik za terenski \u017eerjav<\/li>\n<\/ul>\n<p>[\/et_pb_toggle][\/et_pb_column][et_pb_column type=\u201d1_3\u2033 _builder_version=\u201d4.27.4\u2033 _module_preset=\u201dprivzeto\u201d global_colors_info=\u201d{}\u201d][et_pb_image src=\u201dhttps:\/\/fmp-components.com\/wp-content\/uploads\/2024\/12\/Swing-Gearbox.webp\u201d alt=\u201dNihalni menjalnik\u201d title_text=\u201dNihalni menjalnik\u201d _builder_version=\u201d4.27.4\u2033 _module_preset=\u201dprivzeto\u201d global_colors_info=\u201d{}\u201d][\/et_pb_image][et_pb_toggle title=\u201dNihalni menjalnik\u201d _builder_version=\u201d4.27.4\u2033 _module_preset=\u201dprivzeto\u201d global_colors_info=\u201d{}\u201d]<\/p>\n<ul>\n<li>Planetni menjalnik za <span>Kobelco SK350-8<\/span><\/li>\n<li>Planetni menjalnik za bager Yuchai YC60-7<\/li>\n<li>Planetni menjalnik za cestne rekultivatorje in ravnalnike<\/li>\n<li>Planetni menjalnik za bager Hitachi ZX70<\/li>\n<li>Planetni menjalnik za bager CASE CX130<\/li>\n<li>Planetni menjalnik za bager <span>DX380<\/span><\/li>\n<li>Planetni menjalnik za bager Caterpillar E307B<\/li>\n<li>Planetni menjalnik za bager Caterpillar E336D<\/li>\n<li>Planetni menjalnik za bager <span>EC360<\/span><\/li>\n<li>Planetni menjalnik za bager Volvo EC460<\/li>\n<li>Planetni menjalnik za bager <span>EC700<\/span><\/li>\n<li>Planetni menjalnik za bager Volvo EC360<\/li>\n<li>Planetni menjalnik za bager Volvo EC460<\/li>\n<li>Planetni menjalnik za bager <span>EC700<\/span><\/li>\n<li>Planetni menjalnik za bager Komatsu PC40<\/li>\n<li>Planetni menjalnik za bager Komatsu PC56-7<\/li>\n<li>Planetni menjalnik za bager Komatsu PC300-7<\/li>\n<li>Planetni menjalnik za bager Komatsu PC400-7<\/li>\n<li>Planetni menjalnik za bager Kobelco SK60-6<\/li>\n<li>Planetni menjalnik za bager Kobelco SK135<\/li>\n<li>Planetni menjalnik za bager Kobelco SK200-8<\/li>\n<li>Planetni menjalnik za bager Daewoo DH300-7<\/li>\n<\/ul>\n<p>[\/et_pb_toggle][\/et_pb_column][et_pb_column type=\u201d1_3\u2033 _builder_version=\u201d4.27.4\u2033 _module_preset=\u201ddefault\u201d global_colors_info=\u201d{}\u201d][et_pb_image src=\u201dhttps:\/\/fmp-components.com\/wp-content\/uploads\/2024\/12\/In-line-Planetary-Gearbox.webp\u201d alt=\u201dVrstni planetarni menjalnik\u201d title_text=\u201dVrstni planetarni menjalnik\u201d _builder_version=\u201d4.27.4\u2033 _module_preset=\u201ddefault\u201d global_colors_info=\u201d{}\u201d][\/et_pb_image][et_pb_toggle title=\u201dVrstni planetarni menjalnik\u201d _builder_version=\u201d4.27.4\u2033 _module_preset=\u201ddefault\u201d global_colors_info=\u201d{}\u201d]<\/p>\n<ul>\n<li>Industrijski planetarni menjalnik serije S<\/li>\n<li>Planetni menjalnik serije E<\/li>\n<li>Planetni menjalnik serije 311<\/li>\n<li>Planetni menjalnik serije 310<\/li>\n<li>Planetni menjalnik serije 306<\/li>\n<li>Planetni menjalnik serije 301<\/li>\n<\/ul>\n<p>[\/et_pb_toggle][\/et_pb_column][\/et_pb_row][et_pb_row column_structure=\u201d1_3,1_3,1_3\u2033 _builder_version=\u201d4.27.4\u2033 _module_preset=\u201dprivzeto\u201d global_colors_info=\u201d{}\u201d][et_pb_column type=\u201d1_3\u2033 _builder_version=\u201d4.27.4\u2033 _module_preset=\u201dprivzeto\u201d global_colors_info=\u201d{}\u201d][et_pb_image src=\u201dhttps:\/\/fmp-components.com\/wp-content\/uploads\/2024\/12\/Right-Angle-Planetary-Gearbox.webp\u201d alt=\u201dPravokotni planetarni menjalnik\u201d title_text=\u201dPravokotni planetarni menjalnik\u201d _builder_version=\u201d4.27.4\u2033 _module_preset=\u201dprivzeto\u201d global_colors_info=\u201d{}\u201d][\/et_pb_image][et_pb_toggle title=\u201dPravokotni planetarni menjalnik\u201d _builder_version=\u201d4.27.4\u2033 _module_preset=\u201dprivzeto\u201d global_colors_info=\u201d{}\u201d]<\/p>\n<ul>\n<li>Planetni menjalnik serije 307<\/li>\n<\/ul>\n<p>[\/et_pb_toggle][\/et_pb_column][et_pb_column type=\u201d1_3\u2033 _builder_version=\u201d4.27.4\u2033 _module_preset=\u201ddefault\u201d global_colors_info=\u201d{}\u201d][et_pb_image src=\u201dhttps:\/\/fmp-components.com\/wp-content\/uploads\/2024\/12\/Planetary-Gearbox-for-Feed-Mixer.webp\u201d alt=\u201dPlanetarni menjalnik za me\u0161alnik krme\u201d title_text=\u201dPlanetarni menjalnik za me\u0161alnik krme\u201d _builder_version=\u201d4.27.4\u2033 _module_preset=\u201ddefault\u201d global_colors_info=\u201d{}\u201d][\/et_pb_image][et_pb_toggle title=\u201dPlanetarni menjalnik za me\u0161alnik krme\u201d _builder_version=\u201d4.27.4\u2033 _module_preset=\u201ddefault\u201d global_colors_info=\u201d{}\u201d]<\/p>\n<ul>\n<li>Menjalnik me\u0161alnika krme C3A, 1:1, 1,8:1<\/li>\n<li>Menjalnik za krmne me\u0161alnike C-3A<\/li>\n<li>Menjalnik za krmne me\u0161alnike D-732A 1:1\/1,41:1<\/li>\n<li>Menjalnik horizontalnega me\u0161alnika krme D732A 1:1\/1,93:1<\/li>\n<li>Menjalnik horizontalnega me\u0161alnika krme C3A 1:1<\/li>\n<li>Menjalnik krmnega me\u0161alnika za me\u0161alnik TMR EP RMG<\/li>\n<li>Menjalnik krmnega me\u0161alnika PGA-1202VM<\/li>\n<li>Menjalnik za krmne me\u0161alnike PGA-1602<\/li>\n<li>Vertikalni menjalnik me\u0161alnika za krmo PGA1202VM<\/li>\n<li>Vertikalni menjalnik me\u0161alnika za krmo PGA1602VM<\/li>\n<\/ul>\n<p>[\/et_pb_toggle][\/et_pb_column][et_pb_column type=\u201d1_3\u2033 _builder_version=\u201d4.27.4\u2033 _module_preset=\u201ddefault\u201d global_colors_info=\u201d{}\u201d][et_pb_image src=\u201dhttps:\/\/fmp-components.com\/wp-content\/uploads\/2024\/12\/Planetary-Gearbox-for-Wind-Turbine.webp\u201d alt=\u201dPlanetarni menjalnik za vetrno turbino\u201d title_text=\u201dPlanetarni menjalnik za vetrno turbino\u201d _builder_version=\u201d4.27.4\u2033 _module_preset=\u201ddefault\u201d global_colors_info=\u201d{}\u201d][\/et_pb_image][et_pb_toggle title=\u201dPlanetarni menjalnik za vetrno turbino\u201d _builder_version=\u201d4.27.4\u2033 _module_preset=\u201ddefault\u201d global_colors_info=\u201d{}\u201d]<\/p>\n<ul>\n<li>Planetni menjalnik z mobilnim obra\u010dalnim pogonom serije SD<\/li>\n<li>Serija NB <span>Menjalnik z zasukom<\/span><\/li>\n<\/ul>\n<p>[\/et_pb_toggle][\/et_pb_column][\/et_pb_row][\/et_pb_section][et_pb_section fb_built=\u201d1\u2033 _builder_version=\u201d4.27.4\u2033 _module_preset=\u201dprivzeto\u201d global_colors_info=\u201d{}\u201d][et_pb_row _builder_version=\u201d4.27.4\u2033 _module_preset=\u201dprivzeto\u201d global_colors_info=\u201d{}\u201d][et_pb_column type=\u201d4_4\u2033 _builder_version=\u201d4.27.4\u2033 _module_preset=\u201dprivzeto\u201d global_colors_info=\u201d{}\u201d][et_pb_text _builder_version=\u201d4.27.4\u2033 _module_preset=\u201dprivzeto\u201d header_2_font=\u201dFrank Ruhl Libre|||||||||\u201d header_2_font_size=\u201d38px\u201d global_colors_info=\u201d{}\u201d]<\/p>\n<h2 style=\"text-align: center;\">Sorodni izdelki \u2013 planetarni zobnik<\/h2>\n<p>[\/et_pb_text][\/et_pb_column][\/et_pb_row][et_pb_row column_structure=\u201d1_4,1_4,1_4,1_4\u2033 _builder_version=\u201d4.27.4\u2033 _module_preset=\u201ddefault\u201d global_colors_info=\u201d{}\u201d][et_pb_column type=\u201d1_4\u2033 _builder_version=\u201d4.27.4\u2033 _module_preset=\u201ddefault\u201d global_colors_info=\u201d{}\u201d][et_pb_blurb title=\u201dKompleti planetarnih zobnikov\u201d url=\u201dhttps:\/\/fmp-components.com\/en\/product\/planetary-gear-sets\u201d url_new_window=\u201don\u201d image=\u201dhttps:\/\/fmp-components.com\/wp-content\/uploads\/2025\/01\/Planetary-Gear-set.webp\u201d alt=\u201dKomplet planetarnih zobnikov\u201d _builder_version=\u201d4.27.4\u2033 _module_preset=\u201dprivzeto\u201d header_level=\u201dh3\u2033 header_font=\u201dFrank Ruhl Libre||||||||\u201d header_text_align=\u201dcenter\u201d header_font_size=\u201d20px\u201d global_colors_info=\u201d{}\u201d][\/et_pb_blurb][\/et_pb_column][et_pb_column type=\u201d1_4\u2033 _builder_version=\u201d4.27.4\u2033 _module_preset=\u201ddefault\u201d global_colors_info=\u201d{}\u201d][et_pb_blurb title=\u201dNotranje planetarno gonilo\u201d url=\u201dhttps:\/\/fmp-components.com\/en\/product\/internal-planetary-gear\u201d url_new_window=\u201don\u201d image=\u201dhttps:\/\/fmp-components.com\/wp-content\/uploads\/2025\/01\/Internal-Planetary-Gear.webp\u201d alt=\u201dNotranje planetarno gonilo\u201d _builder_version=\u201d4.27.4\u2033 _module_preset=\u201ddefault\u201d header_level=\u201dh3\u2033 header_font=\u201dFrank Ruhl Libre|||||||||\u201d header_text_align=\u201dcenter\u201d header_font_size=\u201d20px\u201d global_colors_info=\u201d{}\u201d][\/et_pb_blurb][\/et_pb_column][et_pb_column type=\u201d1_4\u2033 _builder_version=\u201d4.27.4\u2033 _module_preset=\u201ddefault\u201d global_colors_info=\u201d{}\u201d][et_pb_blurb title=\u201dKomplet notranjega planetarnega gonila\u201d url=\u201dhttps:\/\/fmp-components.com\/en\/product\/internal-planetary-gear-kit\u201d url_new_window=\u201don\u201d image=\u201dhttps:\/\/fmp-components.com\/wp-content\/uploads\/2025\/01\/Internal-Planetary-Gear-Kit.webp\u201d alt=\u201dKomplet notranjega planetarnega gonila\u201d _builder_version=\u201d4.27.4\u2033 _module_preset=\u201ddefault\u201d header_level=\u201dh3\u2033 header_font=\u201dFrank Ruhl Libre||||||||\u201d header_text_align=\u201dcenter\u201d header_font_size=\u201d20px\u201d global_colors_info=\u201d{}\u201d][\/et_pb_blurb][\/et_pb_column][et_pb_column type=\u201d1_4\u2033 _builder_version=\u201d4.27.4\u2033 _module_preset=\u201dprivzeto\u201d global_colors_info=\u201d{}\u201d][et_pb_blurb title=\u201dPlanetarni venec\u201d url=\u201dhttps:\/\/fmp-components.com\/en\/product\/planetary-ring-gear\u201d url_new_window=\u201dvklopljeno\u201d image=\u201dhttps:\/\/fmp-components.com\/wp-content\/uploads\/2025\/01\/Planetary-Ring-Gear.webp\u201d alt=\u201dPlanetarni venec\u201d _builder_version=\u201d4.27.4\u2033 _module_preset=\u201dprivzeto\u201d header_level=\u201dh3\u2033 header_font=\u201dFrank Ruhl Libre||||||||\u201d header_text_align=\u201dcenter\u201d header_font_size=\u201d20px\u201d global_colors_info=\u201d{}\u201d][\/et_pb_blurb][\/et_pb_column][\/et_pb_row][\/et_pb_section]<\/p>","protected":false},"excerpt":{"rendered":"<p>Planetni menjalnikPlanetni menjalnik je sestavljen iz osrednjega son\u010dnega zobnika, ve\u010d planetnih zobnikov in zunanjega zobni\u0161kega venca, kar zagotavlja visoko gostoto navora in kompaktno zasnovo. Zaradi te konfiguracije je idealen za aplikacije, ki zahtevajo natan\u010dno zmanj\u0161anje hitrosti in pove\u010danje navora, kar se pogosto uporablja v robotiki, avtomobilski industriji in industrijskih strojih. V podjetju FMP ponujamo \u0161iroko paleto [\u2026]<\/p>","protected":false},"author":2,"featured_media":0,"parent":0,"menu_order":0,"comment_status":"closed","ping_status":"closed","template":"","meta":{"_et_pb_use_builder":"on","_et_pb_old_content":"","_et_gb_content_width":"","footnotes":""},"class_list":["post-1162","page","type-page","status-publish","hentry"],"_links":{"self":[{"href":"https:\/\/fmp-components.com\/sl\/wp-json\/wp\/v2\/pages\/1162","targetHints":{"allow":["GET"]}}],"collection":[{"href":"https:\/\/fmp-components.com\/sl\/wp-json\/wp\/v2\/pages"}],"about":[{"href":"https:\/\/fmp-components.com\/sl\/wp-json\/wp\/v2\/types\/page"}],"author":[{"embeddable":true,"href":"https:\/\/fmp-components.com\/sl\/wp-json\/wp\/v2\/users\/2"}],"replies":[{"embeddable":true,"href":"https:\/\/fmp-components.com\/sl\/wp-json\/wp\/v2\/comments?post=1162"}],"version-history":[{"count":30,"href":"https:\/\/fmp-components.com\/sl\/wp-json\/wp\/v2\/pages\/1162\/revisions"}],"predecessor-version":[{"id":8188,"href":"https:\/\/fmp-components.com\/sl\/wp-json\/wp\/v2\/pages\/1162\/revisions\/8188"}],"wp:attachment":[{"href":"https:\/\/fmp-components.com\/sl\/wp-json\/wp\/v2\/media?parent=1162"}],"curies":[{"name":"delovni list","href":"https:\/\/api.w.org\/{rel}","templated":true}]}}