{"id":967,"date":"2024-12-19T03:40:23","date_gmt":"2024-12-19T03:40:23","guid":{"rendered":"https:\/\/fmp-components.com\/product\/10047-cost-effective-double-acting-trailer-hydraulic-cylinder\/"},"modified":"2024-12-19T08:42:34","modified_gmt":"2024-12-19T08:42:34","slug":"10047-cost-effective-double-acting-trailer-hydraulic-cylinder","status":"publish","type":"product","link":"https:\/\/fmp-components.com\/sk\/product\/10047-cost-effective-double-acting-trailer-hydraulic-cylinder\/","title":{"rendered":"10047 Cenovo v\u00fdhodn\u00fd dvoj\u010dinn\u00fd hydraulick\u00fd valec pre pr\u00edvesy"},"content":{"rendered":"<p>Cenovo v\u00fdhodn\u00fd dvoj\u010dinn\u00fd hydraulick\u00fd valec pre pr\u00edvesy 10047 je \u0161peci\u00e1lne navrhnut\u00fd pre aplik\u00e1cie s pr\u00edvesmi a poskytuje spo\u013eahliv\u00fd v\u00fdkon a \u00fa\u010dinnos\u0165 za prijate\u013en\u00fa cenu. Tento hydraulick\u00fd valec je ide\u00e1lny na zdv\u00edhanie, sp\u00fa\u0161\u0165anie a polohovanie pr\u00edvesov, \u010d\u00edm zais\u0165uje plynul\u00fd chod pri r\u00f4znych nakladac\u00edch a vykladac\u00edch podmienkach.<\/p>\n<h4>K\u013e\u00fa\u010dov\u00e9 vlastnosti:<\/h4>\n<ul>\n<li><strong>Dvoj\u010dinn\u00fd dizajn<\/strong>Umo\u017e\u0148uje efekt\u00edvnu prev\u00e1dzku pri vys\u00favan\u00ed aj zas\u00favan\u00ed, \u010do umo\u017e\u0148uje presn\u00e9 ovl\u00e1danie po\u010das man\u00e9vrov s pr\u00edvesom.<\/li>\n<li><strong>Cenovo v\u00fdhodn\u00e9 rie\u0161enie<\/strong>Pon\u00faka vynikaj\u00faci v\u00fdkon bez kompromisov v kvalite, v\u010faka \u010domu je ekonomickou vo\u013ebou pre prev\u00e1dzku s pr\u00edvesmi.<\/li>\n<li><strong>Odoln\u00e1 kon\u0161trukcia<\/strong>Vyroben\u00e9 z vysokopevnostn\u00fdch materi\u00e1lov, aby odolali n\u00e1rokom \u0165a\u017ek\u00fdch z\u00e1\u0165a\u017e\u00ed a drsn\u00e9mu prostrediu.<\/li>\n<li><strong>Povrchov\u00e1 \u00faprava odoln\u00e1 vo\u010di kor\u00f3zii<\/strong>Povrchov\u00e1 \u00faprava zabra\u0148uje hrdzi a kor\u00f3zii, \u010d\u00edm sa zabezpe\u010duje dlh\u00e1 \u017eivotnos\u0165 a spo\u013eahlivos\u0165 vo vonkaj\u0161\u00edch podmienkach.<\/li>\n<li><strong>Jednoduch\u00e1 in\u0161tal\u00e1cia<\/strong>Navrhnut\u00e9 pre r\u00fdchlu a jednoduch\u00fa integr\u00e1ciu do existuj\u00facich syst\u00e9mov pr\u00edvesov, \u010d\u00edm sa minimalizuj\u00fa prestoje. <img loading=\"lazy\" decoding=\"async\" class=\"size-full wp-image-976 aligncenter\" src=\"https:\/\/fmp-components.com\/wp-content\/uploads\/2024\/12\/Welded-Tee-Type-Cylinder2.webp\" alt=\"Zv\u00e1ran\u00fd valec s T-kusom\" width=\"764\" height=\"675\" title=\"\" srcset=\"https:\/\/fmp-components.com\/wp-content\/uploads\/2024\/12\/Welded-Tee-Type-Cylinder2.webp 764w, https:\/\/fmp-components.com\/wp-content\/uploads\/2024\/12\/Welded-Tee-Type-Cylinder2-480x424.webp 480w\" sizes=\"(min-width: 0px) and (max-width: 480px) 480px, (min-width: 481px) 764px, 100vw\" \/><\/li>\n<\/ul>\n<h4>V\u00fdhody:<\/h4>\n<ul>\n<li><strong>Zv\u00fd\u0161en\u00e1 efektivita<\/strong>Zvy\u0161uje prev\u00e1dzkov\u00fa efektivitu pr\u00edvesov a zabezpe\u010duje plynul\u00e9 a spo\u013eahliv\u00e9 zdv\u00edhanie a sp\u00fa\u0161\u0165anie.<\/li>\n<li><strong>V\u0161estrann\u00e9 aplik\u00e1cie<\/strong>Vhodn\u00e9 pre r\u00f4zne typy pr\u00edvesov, v\u010faka \u010domu je v\u0161estrann\u00fdm doplnkom v\u00e1\u0161ho vybavenia.<\/li>\n<li><strong>Zn\u00ed\u017een\u00e9 n\u00e1klady na \u00fadr\u017ebu<\/strong>Odoln\u00e1 kon\u0161trukcia minimalizuje opotrebovanie, \u010do vedie k ni\u017e\u0161\u00edm n\u00e1kladom na \u00fadr\u017ebu a v\u00fdmenu.<\/li>\n<\/ul>\n<p>Cenovo v\u00fdhodn\u00fd dvoj\u010dinn\u00fd hydraulick\u00fd valec pre pr\u00edvesy 10047 je nevyhnutn\u00fdm komponentom pre ka\u017ed\u00e9ho, kto chce zlep\u0161i\u0165 v\u00fdkon svojho pr\u00edvesu a z\u00e1rove\u0148 zachova\u0165 n\u00edzky rozpo\u010det. Jeho robustn\u00e1 kon\u0161trukcia a spo\u013eahliv\u00e1 funk\u010dnos\u0165 z neho robia inteligentn\u00fa vo\u013ebu pre efekt\u00edvnu prev\u00e1dzku pr\u00edvesu.<\/p>\n<h2>V\u00fdhody zv\u00e1ran\u00e9ho valca s T-kusom<\/h2>\n<ul>\n<li style=\"list-style-type: none;\">\n<ul>\n<li><strong>Zv\u00fd\u0161en\u00e1 pevnos\u0165:<\/strong> Zv\u00e1ran\u00e9 valce typu T s\u00fa zn\u00e1me svojou vysokou pevnos\u0165ou, v\u010faka \u010domu s\u00fa vhodn\u00e9 pre aplik\u00e1cie vy\u017eaduj\u00face zdv\u00edhanie \u0165a\u017ek\u00fdch bremien. Proces zv\u00e1rania pou\u017eit\u00fd pri v\u00fdrobe t\u00fdchto valcov zais\u0165uje, \u017ee valec nem\u00e1 slab\u00e9 miesta a odol\u00e1 vysok\u00e9mu tlaku a nam\u00e1haniu.<\/li>\n<\/ul>\n<\/li>\n<\/ul>\n<p>Ke\u010f sa na valec vyv\u00edja tlak, rovnomerne sa rozlo\u017e\u00ed po celom povrchu, v\u010faka \u010domu je odoln\u00fd vo\u010di deform\u00e1cii. T\u00e1to vlastnos\u0165 zais\u0165uje, \u017ee valec si zachov\u00e1 svoj tvar a \u0161truktur\u00e1lnu integritu aj v extr\u00e9mnych podmienkach.<\/p>\n<ul>\n<li style=\"list-style-type: none;\">\n<ul>\n<li><strong>Prevencia \u00faniku:<\/strong> Zv\u00e1ran\u00e9 valce typu T s\u00fa navrhnut\u00e9 tak, aby sa zabr\u00e1nilo \u00faniku. Proces zv\u00e1rania pou\u017eit\u00fd po\u010das v\u00fdrobn\u00e9ho procesu zais\u0165uje, \u017ee valec je \u00faplne utesnen\u00fd a bez ak\u00fdchko\u013evek mo\u017en\u00fdch \u00fanikov. V\u010faka tejto vlastnosti s\u00fa vhodn\u00e9 na pou\u017eitie v aplik\u00e1ci\u00e1ch, kde by \u00fanik mohol sp\u00f4sobi\u0165 v\u00e1\u017ene po\u0161kodenie alebo zranenie.<\/li>\n<\/ul>\n<\/li>\n<\/ul>\n<p>Zvarov\u00e9 spoje s\u00fa hladk\u00e9, bez ak\u00fdchko\u013evek \u0161trb\u00edn alebo dr\u00e1\u017eok, kde by sa mohli hromadi\u0165 ne\u010distoty alebo ne\u010distoty, \u010d\u00edm sa zni\u017euje riziko kor\u00f3zie a po\u0161kodenia valca.<\/p>\n<ul>\n<li style=\"list-style-type: none;\">\n<ul>\n<li><strong>Prisp\u00f4sobite\u013en\u00e9:<\/strong> Zv\u00e1ran\u00e9 valce s T-kusom je mo\u017en\u00e9 prisp\u00f4sobi\u0165 \u0161pecifick\u00fdm aplik\u00e1ci\u00e1m. Valce s\u00fa dostupn\u00e9 v r\u00f4znych ve\u013ekostiach a tvaroch a je mo\u017en\u00e9 ich vyrobi\u0165 tak, aby sp\u013a\u0148ali \u0161pecifick\u00e9 po\u017eiadavky aplik\u00e1cie.<\/li>\n<\/ul>\n<\/li>\n<\/ul>\n<p>Proces prisp\u00f4sobenia umo\u017e\u0148uje optimalizova\u0165 v\u00fdkon valca a zabezpe\u010di\u0165, aby bol vhodn\u00fd pre zam\u00fd\u0161\u013ean\u00e9 pou\u017eitie. T\u00e1to vlastnos\u0165 rob\u00ed zv\u00e1ran\u00e9 valce typu T ide\u00e1lne na pou\u017eitie v r\u00f4znych priemyseln\u00fdch aplik\u00e1ci\u00e1ch vr\u00e1tane stavebn\u00edctva, ban\u00edctva a manipul\u00e1cie s materi\u00e1lom.<\/p>\n<ul>\n<li style=\"list-style-type: none;\">\n<ul>\n<li><strong>Cenovo v\u00fdhodn\u00e9:<\/strong> Zv\u00e1ran\u00e9 valce typu T s\u00fa v porovnan\u00ed s in\u00fdmi typmi valcov n\u00e1kladovo efekt\u00edvne. V\u00fdrobn\u00fd proces pou\u017e\u00edvan\u00fd na v\u00fdrobu t\u00fdchto valcov je jednoduch\u00fd, v\u010faka \u010domu s\u00fa lacnej\u0161ie ako in\u00e9 typy valcov.<\/li>\n<\/ul>\n<\/li>\n<\/ul>\n<p>Vysok\u00e1 pevnos\u0165 a odolnos\u0165 zv\u00e1ran\u00fdch valcov typu T navy\u0161e zni\u017euje potrebu \u010dast\u00fdch opr\u00e1v a v\u00fdmen, \u010d\u00edm \u0161etr\u00ed n\u00e1klady na \u00fadr\u017ebu. T\u00e1to vlastnos\u0165 z nich rob\u00ed ob\u013e\u00faben\u00fa vo\u013ebu v mnoh\u00fdch odvetviach, najm\u00e4 v t\u00fdch s obmedzen\u00fdm rozpo\u010dtom.<\/p>\n<ul>\n<li style=\"list-style-type: none;\">\n<ul>\n<li><strong>Zv\u00fd\u0161en\u00e1 \u00fa\u010dinnos\u0165:<\/strong> Zv\u00e1ran\u00e9 valce typu T s\u00fa vysoko \u00fa\u010dinn\u00e9 a efekt\u00edvne. Kon\u0161trukcia valca zais\u0165uje, \u017ee aplikovan\u00e1 sila sa pren\u00e1\u0161a priamo na z\u00e1\u0165a\u017e, \u010d\u00edm sa zni\u017euj\u00fa straty energie a zvy\u0161uje sa \u00fa\u010dinnos\u0165.<\/li>\n<\/ul>\n<\/li>\n<\/ul>\n<p>Zvarov\u00e9 spoje s\u00fa pevn\u00e9 a tuh\u00e9, minimalizuj\u00fa priehyb a zabezpe\u010duj\u00fa, \u017ee valec si zachov\u00e1va svoj tvar a \u0161truktur\u00e1lnu integritu aj v extr\u00e9mnych podmienkach. V\u010faka tejto vlastnosti s\u00fa zvarov\u00e9 valce typu T ide\u00e1lne na pou\u017eitie v aplik\u00e1ci\u00e1ch vy\u017eaduj\u00facich vysok\u00fa \u00fa\u010dinnos\u0165 a spo\u013eahlivos\u0165.<\/p>\n<p><img loading=\"lazy\" decoding=\"async\" class=\"size-full wp-image-977 aligncenter\" src=\"https:\/\/fmp-components.com\/wp-content\/uploads\/2024\/12\/Welded-Tee-Type-Cylinder3.webp\" alt=\"Zv\u00e1ran\u00fd valec s T-kusom\" width=\"653\" height=\"600\" title=\"\" srcset=\"https:\/\/fmp-components.com\/wp-content\/uploads\/2024\/12\/Welded-Tee-Type-Cylinder3.webp 653w, https:\/\/fmp-components.com\/wp-content\/uploads\/2024\/12\/Welded-Tee-Type-Cylinder3-480x441.webp 480w\" sizes=\"(min-width: 0px) and (max-width: 480px) 480px, (min-width: 481px) 653px, 100vw\" \/><\/p>\n<h2>Pou\u017eitie zv\u00e1ran\u00e9ho valca typu T<\/h2>\n<ul>\n<li>\n<h3>Priemyseln\u00e9 stroje a zariadenia<\/h3>\n<p>Zv\u00e1ran\u00fd valec s T-kusom sa \u0161iroko pou\u017e\u00edva v priemyseln\u00fdch strojoch a zariadeniach, najm\u00e4 v hydraulick\u00fdch syst\u00e9moch. Valec sa sklad\u00e1 z piestu a valcovej r\u00farky, ktor\u00e9 s\u00fa zvaren\u00e9 do jedn\u00e9ho celku. T\u00e1to kon\u0161trukcia pon\u00faka oproti in\u00fdm typom valcov nieko\u013eko v\u00fdhod, ako je zv\u00fd\u0161en\u00e1 odolnos\u0165, vy\u0161\u0161ia pevnos\u0165 a v\u00e4\u010d\u0161ia presnos\u0165.<\/p>\n<p>Jednou z najd\u00f4le\u017eitej\u0161\u00edch aplik\u00e1ci\u00ed zv\u00e1ran\u00fdch valcov s tvarom T v priemyseln\u00fdch strojoch je ich schopnos\u0165 poskytova\u0165 konzistentn\u00fa a presn\u00fa silu. To je nevyhnutn\u00e9 pre mnoh\u00e9 v\u00fdrobn\u00e9 procesy, kde je potrebn\u00e1 presn\u00e1 kontrola na zabezpe\u010denie kvality kone\u010dn\u00e9ho produktu. Zv\u00e1ran\u00e9 valce s tvarom T sa m\u00f4\u017eu tie\u017e pou\u017ei\u0165 na regul\u00e1ciu prietoku kvapal\u00edn v hydraulick\u00fdch syst\u00e9moch, \u010do umo\u017e\u0148uje v\u00e4\u010d\u0161iu \u00fa\u010dinnos\u0165 a spo\u013eahlivos\u0165 v r\u00f4znych priemyseln\u00fdch aplik\u00e1ci\u00e1ch.<\/li>\n<li>\n<h3>Po\u013enohospod\u00e1rske stroje<\/h3>\n<p>Zv\u00e1ran\u00fd valec typu T sa be\u017ene pou\u017e\u00edva aj v po\u013enohospod\u00e1rskych strojoch, ako s\u00fa traktory a kombajny. Tieto stroje vy\u017eaduj\u00fa na efekt\u00edvnu prev\u00e1dzku v\u00fdkonn\u00e9 a spo\u013eahliv\u00e9 hydraulick\u00e9 syst\u00e9my a zv\u00e1ran\u00fd valec typu T je na tento \u00fa\u010del ide\u00e1lnou vo\u013ebou.<\/p>\n<p>Robustn\u00e1 kon\u0161trukcia a vysok\u00e1 pevnos\u0165 valca ho robia vysoko odoln\u00fdm vo\u010di opotrebovaniu, a to aj v n\u00e1ro\u010dn\u00fdch prev\u00e1dzkov\u00fdch podmienkach. V\u010faka tomu je ide\u00e1lnou vo\u013ebou pre pou\u017eitie v po\u013enohospod\u00e1rskych strojoch, kde je odolnos\u0165 k\u013e\u00fa\u010dov\u00fdm faktorom. Zv\u00e1ran\u00fd valec typu T sa d\u00e1 pou\u017ei\u0165 aj na zabezpe\u010denie presn\u00e9ho ovl\u00e1dania potrebn\u00e9ho pre mnoh\u00e9 po\u013enohospod\u00e1rske procesy, ako je sadenie, zber \u00farody a zavla\u017eovanie.<\/li>\n<li>\n<h3>Stavebn\u00e9 stroje<\/h3>\n<p>Zv\u00e1ran\u00fd valec s T-kusom sa tie\u017e \u0161iroko pou\u017e\u00edva v stavebn\u00fdch strojoch, ako s\u00fa bagre, r\u00fdpadl\u00e1 a buldoz\u00e9ry. Tieto stroje vy\u017eaduj\u00fa v\u00fdkonn\u00e9 a spo\u013eahliv\u00e9 hydraulick\u00e9 syst\u00e9my na vykon\u00e1vanie n\u00e1ro\u010dn\u00fdch \u00faloh, ako je kopanie, zdv\u00edhanie a tla\u010denie \u0165a\u017ek\u00fdch bremien.<\/p>\n<p>Vysok\u00e1 pevnos\u0165 a odolnos\u0165 zv\u00e1ran\u00e9ho valca typu T z neho robia ide\u00e1lnu vo\u013ebu pre pou\u017eitie v stavebn\u00fdch strojoch. Jeho schopnos\u0165 zabezpe\u010di\u0165 presn\u00e9 ovl\u00e1danie a konzistentn\u00fa silu je nevyhnutn\u00e1 pre mnoh\u00e9 stavebn\u00e9 procesy, ako s\u00fa v\u00fdkopov\u00e9 pr\u00e1ce, ter\u00e9nne \u00fapravy a dla\u017eby. Zv\u00e1ran\u00fd valec typu T sa m\u00f4\u017ee pou\u017ei\u0165 aj na regul\u00e1ciu prietoku kvapal\u00edn v hydraulick\u00fdch syst\u00e9moch, \u010d\u00edm sa zlep\u0161uje \u00fa\u010dinnos\u0165 a spo\u013eahlivos\u0165 stavebn\u00fdch strojov v r\u00f4znych aplik\u00e1ci\u00e1ch.<\/li>\n<\/ul>\n<h3>O FMP<\/h3>\n<p>Spolo\u010dnos\u0165 FMP je popredn\u00fdm v\u00fdrobcom a dod\u00e1vate\u013eom hydraulick\u00fdch valcov s viac ako 30-ro\u010dn\u00fdmi sk\u00fasenos\u0165ami v tomto odvetv\u00ed. Na\u0161a modern\u00e1 priemyseln\u00e1 z\u00f3na, ktor\u00e1 sa nach\u00e1dza v Taliansku, obsahuje viac ako 100 modern\u00fdch zariaden\u00ed vr\u00e1tane automatick\u00fdch zv\u00e1ra\u010diek v ochrannej atmosf\u00e9re plynu, strojov na hlbok\u00e9 v\u0155tanie, CNC s\u00fastruhov, valcov\u00fdch br\u00fasok, automatick\u00fdch \u010distiacich strojov, automatick\u00fdch in\u0161tala\u010dn\u00fdch strojov, automatick\u00fdch sk\u00fa\u0161obn\u00fdch stol\u00edc na hydraulick\u00e9 valce a automatick\u00fdch lakovac\u00edch liniek.<\/p>\n<p><img decoding=\"async\" src=\"https:\/\/fmp-components.com\/wp-content\/uploads\/2024\/12\/fmp-factory-4.webp\" alt=\"Tov\u00e1re\u0148 na v\u00fdrobu FMP\" width=\"800\" title=\"\"><\/p>\n<p>Pon\u00fakame \u0161irok\u00fd sortiment hydraulick\u00fdch valcov, ktor\u00e9 sp\u013a\u0148aj\u00fa r\u00f4zne potreby:<\/p>\n<ol>\n<li><strong>Hydraulick\u00fd valec:<\/strong> Na\u0161e hydraulick\u00e9 valce s\u00fa starostlivo spracovan\u00e9 a kontrolovan\u00e9, aby sme zabezpe\u010dili v\u00fdnimo\u010dn\u00fa kvalitu. S\u00fa navrhnut\u00e9 tak, aby poskytovali spo\u013eahliv\u00fd v\u00fdkon a odolnos\u0165.<\/li>\n<li><strong>Hydraulick\u00fd valec N\u00e1u\u0161nicov\u00fd valec:<\/strong> Tento typ hydraulick\u00e9ho valca je \u0161peci\u00e1lne navrhnut\u00fd pre aplik\u00e1cie s n\u00e1u\u0161nicami. Jeho inovat\u00edvny dizajn zais\u0165uje efekt\u00edvnu a presn\u00fa prev\u00e1dzku.<\/li>\n<li><strong>Obojsmern\u00fd automatick\u00fd teleskopick\u00fd hydraulick\u00fd valec:<\/strong> N\u00e1\u0161 obojsmern\u00fd automatick\u00fd teleskopick\u00fd hydraulick\u00fd valec je v\u0161estrann\u00e9 rie\u0161enie, ktor\u00e9 pon\u00faka plynul\u00fd a presn\u00fd pohyb v oboch smeroch.<\/li>\n<\/ol>\n<p>V spolo\u010dnosti FMP sme hrd\u00ed na to, \u017ee na\u0161im z\u00e1kazn\u00edkom poskytujeme komplexn\u00e9 slu\u017eby:<\/p>\n<ol start=\"4\">\n<li><strong>Dizajn\u00e9rska slu\u017eba:<\/strong> N\u00e1\u0161 sk\u00fasen\u00fd dizajn\u00e9rsky t\u00edm m\u00e1 rozsiahle sk\u00fasenosti s n\u00e1vrhom a v\u00fdvojom univerz\u00e1lnych hriade\u013eov. Sme pripraven\u00ed v\u00e1m pom\u00f4c\u0165 s n\u00e1vrhmi nov\u00fdch produktov alebo vylep\u0161eniami existuj\u00facich.<\/li>\n<li><strong>Produktov\u00fd servis:<\/strong> Od surov\u00edn a\u017e po prepravu dodr\u017eiavame d\u00f4kladn\u00fd proces, ktor\u00fd zah\u0155\u0148a rezanie, hrub\u00e9 spracovanie, testovanie, \u010distenie, mont\u00e1\u017e, balenie a prepravu. To zaru\u010duje, \u017ee sa k v\u00e1m na\u0161e produkty dostan\u00fa vo vynikaj\u00facom stave.<\/li>\n<li><strong>Uk\u00e1\u017ekov\u00fd proces:<\/strong> Pon\u00fakame v\u00fdvoj vzoriek pod\u013ea va\u0161ich po\u017eiadaviek a priebe\u017ene ich upravujeme tak, aby sp\u013a\u0148ali va\u0161e \u0161pecifick\u00e9 potreby. Zaviazali sme sa dod\u00e1va\u0165 produkty, ktor\u00e9 dokonale zodpovedaj\u00fa va\u0161im o\u010dak\u00e1vaniam.<\/li>\n<li><strong>V\u00fdskum a v\u00fdvoj:<\/strong> Ako progres\u00edvna spolo\u010dnos\u0165 neust\u00e1le sk\u00famame po\u017eiadavky trhu a vyv\u00edjame nov\u00e9 modely, aby sme splnili meniace sa potreby odvetvia. Na\u0161e odhodlanie v\u00fdskumu a v\u00fdvoja n\u00e1m umo\u017e\u0148uje pon\u00faka\u0165 inovat\u00edvne rie\u0161enia.<\/li>\n<\/ol>\n<p>V\u010faka \u0161irokej ponuke vysokokvalitn\u00fdch hydraulick\u00fdch valcov a v\u00fdnimo\u010dn\u00fdm slu\u017eb\u00e1m je FMP va\u0161\u00edm d\u00f4veryhodn\u00fdm partnerom v tomto odvetv\u00ed. Kontaktujte n\u00e1s e\u0161te dnes a preberte s nami svoje po\u017eiadavky na hydraulick\u00e9 valce a vysk\u00fa\u0161ajte v\u00fdhody FMP.<\/p>\n<h3>\u010casto kladen\u00e9 ot\u00e1zky<\/h3>\n<ol>\n<li>Ot\u00e1zka: Na \u010do sa pou\u017e\u00edva hydraulick\u00fd valec?<br \/>\nA: Hydraulick\u00e9 valce sa pou\u017e\u00edvaj\u00fa na vytvorenie mechanickej sily v line\u00e1rnom pohybe.<\/li>\n<li>Ot\u00e1zka: Ako funguje hydraulick\u00fd valec?<br \/>\nA: Hydraulick\u00fd valec pracuje na princ\u00edpe pohybu piestu vo vn\u00fatri valca, ktor\u00fd je poh\u00e1\u0148an\u00fd tlakovou hydraulickou kvapalinou.<\/li>\n<li>Ot\u00e1zka: Ako si m\u00e1m vybra\u0165 spr\u00e1vny hydraulick\u00fd olej pre m\u00f4j valec?<br \/>\nA: Spr\u00e1vny hydraulick\u00fd olej by sa mal vybra\u0165 na z\u00e1klade \u0161pecifick\u00fdch po\u017eiadaviek aplik\u00e1cie. N\u00e1\u0161 t\u00edm v spolo\u010dnosti FMP v\u00e1m m\u00f4\u017ee pom\u00f4c\u0165 s v\u00fdberom spr\u00e1vneho oleja.<\/li>\n<li>Ot\u00e1zka: Ako \u010dasto by som mal vymie\u0148a\u0165 tesnenia v hydraulickom valci?<br \/>\nA: Tesnenia by sa mali vymeni\u0165 v\u017edy, ke\u010f spozorujete zn\u00ed\u017eenie v\u00fdkonu syst\u00e9mu alebo ak s\u00fa vidite\u013en\u00e9 po\u0161kodenia \u010di netesnosti.<\/li>\n<li>Ot\u00e1zka: Ako zmer\u00e1m hydraulick\u00fd valec?<br \/>\nA: Rozmery hydraulick\u00e9ho valca zah\u0155\u0148aj\u00fa priemer otvoru, priemer ty\u010de a d\u013a\u017eku zdvihu.<\/li>\n<\/ol>\n<p>Autor: CX<\/p>","protected":false},"excerpt":{"rendered":"<p>The 10047 Cost Effective Double Acting Trailer Hydraulic Cylinder is specifically designed for trailer applications, providing reliable performance and efficiency at an affordable price. This hydraulic cylinder is ideal for lifting, lowering, and positioning trailers, ensuring smooth operation in various loading and unloading scenarios. Key Features: Double Acting Design: Facilitates efficient operation in both extension [&hellip;]<\/p>","protected":false},"featured_media":1133,"comment_status":"closed","ping_status":"closed","template":"","meta":{"_et_pb_use_builder":"","_et_pb_old_content":"","_et_gb_content_width":""},"product_brand":[],"product_cat":[31],"product_tag":[34,35],"class_list":{"0":"post-967","1":"product","2":"type-product","3":"status-publish","4":"has-post-thumbnail","6":"product_cat-welded-tee-type-cylinder","7":"product_tag-hydraulic-cylinder","8":"product_tag-welded-tee-type-cylinder","10":"first","11":"instock","12":"product-type-simple"},"_links":{"self":[{"href":"https:\/\/fmp-components.com\/sk\/wp-json\/wp\/v2\/product\/967","targetHints":{"allow":["GET"]}}],"collection":[{"href":"https:\/\/fmp-components.com\/sk\/wp-json\/wp\/v2\/product"}],"about":[{"href":"https:\/\/fmp-components.com\/sk\/wp-json\/wp\/v2\/types\/product"}],"replies":[{"embeddable":true,"href":"https:\/\/fmp-components.com\/sk\/wp-json\/wp\/v2\/comments?post=967"}],"wp:featuredmedia":[{"embeddable":true,"href":"https:\/\/fmp-components.com\/sk\/wp-json\/wp\/v2\/media\/1133"}],"wp:attachment":[{"href":"https:\/\/fmp-components.com\/sk\/wp-json\/wp\/v2\/media?parent=967"}],"wp:term":[{"taxonomy":"product_brand","embeddable":true,"href":"https:\/\/fmp-components.com\/sk\/wp-json\/wp\/v2\/product_brand?post=967"},{"taxonomy":"product_cat","embeddable":true,"href":"https:\/\/fmp-components.com\/sk\/wp-json\/wp\/v2\/product_cat?post=967"},{"taxonomy":"product_tag","embeddable":true,"href":"https:\/\/fmp-components.com\/sk\/wp-json\/wp\/v2\/product_tag?post=967"}],"curies":[{"name":"pracovn\u00fd list","href":"https:\/\/api.w.org\/{rel}","templated":true}]}}