{"id":966,"date":"2024-12-19T03:40:23","date_gmt":"2024-12-19T03:40:23","guid":{"rendered":"https:\/\/fmp-components.com\/product\/10046-professional-craftsmanship-tractor-hydraulic-cylinder-trailer-hydraulic-cylinder-for-agriculture\/"},"modified":"2024-12-19T08:42:09","modified_gmt":"2024-12-19T08:42:09","slug":"10046-professional-craftsmanship-tractor-hydraulic-cylinder-trailer-hydraulic-cylinder-for-agriculture","status":"publish","type":"product","link":"https:\/\/fmp-components.com\/sk\/product\/10046-professional-craftsmanship-tractor-hydraulic-cylinder-trailer-hydraulic-cylinder-for-agriculture\/","title":{"rendered":"10046 Profesion\u00e1lne remeseln\u00e9 spracovanie traktorov\u00e9ho hydraulick\u00e9ho valca pr\u00edvesu Hydraulick\u00fd valec pre po\u013enohospod\u00e1rstvo"},"content":{"rendered":"<p>Profesion\u00e1lny hydraulick\u00fd valec pre traktory 10046 od spolo\u010dnosti Professional Craftsmanship je navrhnut\u00fd \u0161peci\u00e1lne pre po\u013enohospod\u00e1rske aplik\u00e1cie a poskytuje v\u00fdnimo\u010dn\u00fd v\u00fdkon a odolnos\u0165 pre traktory a pr\u00edvesy. Tento hydraulick\u00fd valec kombinuje odborn\u00e9 in\u017einierstvo s vysoko kvalitn\u00fdmi materi\u00e1lmi, \u010d\u00edm zvy\u0161uje \u00fa\u010dinnos\u0165 a spo\u013eahlivos\u0165 va\u0161ich po\u013enohospod\u00e1rskych strojov.<\/p>\n<h4>K\u013e\u00fa\u010dov\u00e9 vlastnosti:<\/h4>\n<ul>\n<li><strong>Profesion\u00e1lne remeseln\u00e9 spracovanie<\/strong>Vyroben\u00e9 s presnos\u0165ou pre zaistenie optim\u00e1lneho v\u00fdkonu a dlhej \u017eivotnosti v n\u00e1ro\u010dnom po\u013enohospod\u00e1rskom prostred\u00ed.<\/li>\n<li><strong>Dvoj\u010dinn\u00e1 funkcia<\/strong>Umo\u017e\u0148uje efekt\u00edvnu prev\u00e1dzku pri vys\u00favan\u00ed aj zas\u00favan\u00ed, \u010d\u00edm zlep\u0161uje kontrolu po\u010das zdv\u00edhania a sp\u00fa\u0161\u0165ania.<\/li>\n<li><strong>Vysok\u00e1 nosnos\u0165<\/strong>Navrhnut\u00e9 na zvl\u00e1dnutie zna\u010dn\u00e9ho za\u0165a\u017eenia, v\u010faka \u010domu s\u00fa ide\u00e1lne pre n\u00e1ro\u010dn\u00e9 po\u013enohospod\u00e1rske aplik\u00e1cie.<\/li>\n<li><strong>Povrchov\u00e1 \u00faprava odoln\u00e1 vo\u010di kor\u00f3zii<\/strong>O\u0161etren\u00e9 ochrann\u00fdmi povrchov\u00fdmi \u00fapravami, ktor\u00e9 zabra\u0148uj\u00fa hrdzaveniu a pred\u013a\u017euj\u00fa \u017eivotnos\u0165 valca, \u010d\u00edm sa zabezpe\u010duje spo\u013eahliv\u00e1 prev\u00e1dzka v r\u00f4znych poveternostn\u00fdch podmienkach.<\/li>\n<li><strong>Jednoduch\u00e1 in\u0161tal\u00e1cia<\/strong>Navrhnut\u00e9 pre jednoduch\u00fa integr\u00e1ciu do existuj\u00facich syst\u00e9mov \u0165aha\u010dov a pr\u00edvesov, \u010d\u00edm sa minimalizuje \u010das nastavenia.<\/li>\n<\/ul>\n<p><img decoding=\"async\" class=\"aligncenter\" src=\"https:\/\/hzpt.com\/wp-content\/uploads\/2023\/12\/random-5.webp\" alt=\"\" title=\"\"><\/p>\n<h4>V\u00fdhody:<\/h4>\n<ul>\n<li><strong>Zv\u00fd\u0161en\u00e1 \u00fa\u010dinnos\u0165<\/strong>Zlep\u0161uje prev\u00e1dzkov\u00fa \u00fa\u010dinnos\u0165 traktorov a pr\u00edvesov, \u010d\u00edm u\u013eah\u010duje plynulej\u0161ie po\u013enohospod\u00e1rske \u00falohy.<\/li>\n<li><strong>V\u0161estrann\u00e9 aplik\u00e1cie<\/strong>Vhodn\u00e9 pre \u0161irok\u00fa \u0161k\u00e1lu po\u013enohospod\u00e1rskych strojov a poskytuj\u00fa flexibilitu pri pou\u017eit\u00ed.<\/li>\n<li><strong>Zn\u00ed\u017een\u00e1 \u00fadr\u017eba<\/strong>Odoln\u00e1 kon\u0161trukcia minimalizuje opotrebenie, \u010do vedie k ni\u017e\u0161\u00edm n\u00e1kladom na \u00fadr\u017ebu a pred\u013a\u017eenej prev\u00e1dzkyschopnosti.<\/li>\n<\/ul>\n<p>Hydraulick\u00fd valec pre traktory Professional Craftsmanship 10046 je nevyhnutnou s\u00fa\u010das\u0165ou modern\u00fdch po\u013enohospod\u00e1rskych postupov a zais\u0165uje spo\u013eahliv\u00fd v\u00fdkon a efektivitu. Jeho robustn\u00e1 kon\u0161trukcia a profesion\u00e1lne spracovanie z neho robia cenn\u00fd doplnok k ak\u00e9muko\u013evek traktoru alebo pr\u00edvesu, \u010d\u00edm sa zvy\u0161uje produktivita na poli.<img decoding=\"async\" src=\"https:\/\/hzpt.com\/wp-content\/uploads\/2023\/12\/random-1.webp?v=1694163707\" alt=\"\" title=\"\"><\/p>\n<h2>V\u00fdhody zv\u00e1ran\u00e9ho valca s T-kusom<\/h2>\n<ul>\n<li style=\"list-style-type: none;\">\n<ul>\n<li><strong>Zv\u00fd\u0161en\u00e1 pevnos\u0165:<\/strong> Zv\u00e1ran\u00e9 valce typu T s\u00fa zn\u00e1me svojou vysokou pevnos\u0165ou, v\u010faka \u010domu s\u00fa vhodn\u00e9 pre aplik\u00e1cie vy\u017eaduj\u00face zdv\u00edhanie \u0165a\u017ek\u00fdch bremien. Proces zv\u00e1rania pou\u017eit\u00fd pri v\u00fdrobe t\u00fdchto valcov zais\u0165uje, \u017ee valec nem\u00e1 slab\u00e9 miesta a odol\u00e1 vysok\u00e9mu tlaku a nam\u00e1haniu.<\/li>\n<\/ul>\n<\/li>\n<\/ul>\n<p>Ke\u010f sa na valec vyv\u00edja tlak, rovnomerne sa rozlo\u017e\u00ed po celom povrchu, v\u010faka \u010domu je odoln\u00fd vo\u010di deform\u00e1cii. T\u00e1to vlastnos\u0165 zais\u0165uje, \u017ee valec si zachov\u00e1 svoj tvar a \u0161truktur\u00e1lnu integritu aj v extr\u00e9mnych podmienkach.<\/p>\n<ul>\n<li style=\"list-style-type: none;\">\n<ul>\n<li><strong>Prevencia \u00faniku:<\/strong> Zv\u00e1ran\u00e9 valce typu T s\u00fa navrhnut\u00e9 tak, aby sa zabr\u00e1nilo \u00faniku. Proces zv\u00e1rania pou\u017eit\u00fd po\u010das v\u00fdrobn\u00e9ho procesu zais\u0165uje, \u017ee valec je \u00faplne utesnen\u00fd a bez ak\u00fdchko\u013evek mo\u017en\u00fdch \u00fanikov. V\u010faka tejto vlastnosti s\u00fa vhodn\u00e9 na pou\u017eitie v aplik\u00e1ci\u00e1ch, kde by \u00fanik mohol sp\u00f4sobi\u0165 v\u00e1\u017ene po\u0161kodenie alebo zranenie.<\/li>\n<\/ul>\n<\/li>\n<\/ul>\n<p>Zvarov\u00e9 spoje s\u00fa hladk\u00e9, bez ak\u00fdchko\u013evek \u0161trb\u00edn alebo dr\u00e1\u017eok, kde by sa mohli hromadi\u0165 ne\u010distoty alebo ne\u010distoty, \u010d\u00edm sa zni\u017euje riziko kor\u00f3zie a po\u0161kodenia valca.<\/p>\n<ul>\n<li style=\"list-style-type: none;\">\n<ul>\n<li><strong>Prisp\u00f4sobite\u013en\u00e9:<\/strong> Zv\u00e1ran\u00e9 valce s T-kusom je mo\u017en\u00e9 prisp\u00f4sobi\u0165 \u0161pecifick\u00fdm aplik\u00e1ci\u00e1m. Valce s\u00fa dostupn\u00e9 v r\u00f4znych ve\u013ekostiach a tvaroch a je mo\u017en\u00e9 ich vyrobi\u0165 tak, aby sp\u013a\u0148ali \u0161pecifick\u00e9 po\u017eiadavky aplik\u00e1cie.<\/li>\n<\/ul>\n<\/li>\n<\/ul>\n<p>Proces prisp\u00f4sobenia umo\u017e\u0148uje optimalizova\u0165 v\u00fdkon valca a zabezpe\u010di\u0165, aby bol vhodn\u00fd pre zam\u00fd\u0161\u013ean\u00e9 pou\u017eitie. T\u00e1to vlastnos\u0165 rob\u00ed zv\u00e1ran\u00e9 valce typu T ide\u00e1lne na pou\u017eitie v r\u00f4znych priemyseln\u00fdch aplik\u00e1ci\u00e1ch vr\u00e1tane stavebn\u00edctva, ban\u00edctva a manipul\u00e1cie s materi\u00e1lom.<\/p>\n<ul>\n<li style=\"list-style-type: none;\">\n<ul>\n<li><strong>Cenovo v\u00fdhodn\u00e9:<\/strong> Zv\u00e1ran\u00e9 valce typu T s\u00fa v porovnan\u00ed s in\u00fdmi typmi valcov n\u00e1kladovo efekt\u00edvne. V\u00fdrobn\u00fd proces pou\u017e\u00edvan\u00fd na v\u00fdrobu t\u00fdchto valcov je jednoduch\u00fd, v\u010faka \u010domu s\u00fa lacnej\u0161ie ako in\u00e9 typy valcov.<\/li>\n<\/ul>\n<\/li>\n<\/ul>\n<p>Vysok\u00e1 pevnos\u0165 a odolnos\u0165 zv\u00e1ran\u00fdch valcov typu T navy\u0161e zni\u017euje potrebu \u010dast\u00fdch opr\u00e1v a v\u00fdmen, \u010d\u00edm \u0161etr\u00ed n\u00e1klady na \u00fadr\u017ebu. T\u00e1to vlastnos\u0165 z nich rob\u00ed ob\u013e\u00faben\u00fa vo\u013ebu v mnoh\u00fdch odvetviach, najm\u00e4 v t\u00fdch s obmedzen\u00fdm rozpo\u010dtom.<\/p>\n<ul>\n<li style=\"list-style-type: none;\">\n<ul>\n<li><strong>Zv\u00fd\u0161en\u00e1 \u00fa\u010dinnos\u0165:<\/strong> Zv\u00e1ran\u00e9 valce typu T s\u00fa vysoko \u00fa\u010dinn\u00e9 a efekt\u00edvne. Kon\u0161trukcia valca zais\u0165uje, \u017ee aplikovan\u00e1 sila sa pren\u00e1\u0161a priamo na z\u00e1\u0165a\u017e, \u010d\u00edm sa zni\u017euj\u00fa straty energie a zvy\u0161uje sa \u00fa\u010dinnos\u0165.<\/li>\n<\/ul>\n<\/li>\n<\/ul>\n<p>Zvarov\u00e9 spoje s\u00fa pevn\u00e9 a tuh\u00e9, minimalizuj\u00fa priehyb a zabezpe\u010duj\u00fa, \u017ee valec si zachov\u00e1va svoj tvar a \u0161truktur\u00e1lnu integritu aj v extr\u00e9mnych podmienkach. V\u010faka tejto vlastnosti s\u00fa zvarov\u00e9 valce typu T ide\u00e1lne na pou\u017eitie v aplik\u00e1ci\u00e1ch vy\u017eaduj\u00facich vysok\u00fa \u00fa\u010dinnos\u0165 a spo\u013eahlivos\u0165.<\/p>\n<p><img loading=\"lazy\" decoding=\"async\" class=\"size-full wp-image-974 aligncenter\" src=\"https:\/\/fmp-components.com\/wp-content\/uploads\/2024\/12\/application-of-Welded-Tee-Type-Cylinder.webp\" alt=\"aplik\u00e1cia zv\u00e1ran\u00e9ho valca s T-kusom\" width=\"760\" height=\"860\" title=\"\" srcset=\"https:\/\/fmp-components.com\/wp-content\/uploads\/2024\/12\/application-of-Welded-Tee-Type-Cylinder.webp 760w, https:\/\/fmp-components.com\/wp-content\/uploads\/2024\/12\/application-of-Welded-Tee-Type-Cylinder-480x543.webp 480w\" sizes=\"(min-width: 0px) and (max-width: 480px) 480px, (min-width: 481px) 760px, 100vw\" \/><\/p>\n<h2>Pou\u017eitie zv\u00e1ran\u00e9ho valca typu T<\/h2>\n<ul>\n<li>\n<h3>Priemyseln\u00e9 stroje a zariadenia<\/h3>\n<p>Zv\u00e1ran\u00fd valec s T-kusom sa \u0161iroko pou\u017e\u00edva v priemyseln\u00fdch strojoch a zariadeniach, najm\u00e4 v hydraulick\u00fdch syst\u00e9moch. Valec sa sklad\u00e1 z piestu a valcovej r\u00farky, ktor\u00e9 s\u00fa zvaren\u00e9 do jedn\u00e9ho celku. T\u00e1to kon\u0161trukcia pon\u00faka oproti in\u00fdm typom valcov nieko\u013eko v\u00fdhod, ako je zv\u00fd\u0161en\u00e1 odolnos\u0165, vy\u0161\u0161ia pevnos\u0165 a v\u00e4\u010d\u0161ia presnos\u0165.<\/p>\n<p>Jednou z najd\u00f4le\u017eitej\u0161\u00edch aplik\u00e1ci\u00ed zv\u00e1ran\u00fdch valcov s tvarom T v priemyseln\u00fdch strojoch je ich schopnos\u0165 poskytova\u0165 konzistentn\u00fa a presn\u00fa silu. To je nevyhnutn\u00e9 pre mnoh\u00e9 v\u00fdrobn\u00e9 procesy, kde je potrebn\u00e1 presn\u00e1 kontrola na zabezpe\u010denie kvality kone\u010dn\u00e9ho produktu. Zv\u00e1ran\u00e9 valce s tvarom T sa m\u00f4\u017eu tie\u017e pou\u017ei\u0165 na regul\u00e1ciu prietoku kvapal\u00edn v hydraulick\u00fdch syst\u00e9moch, \u010do umo\u017e\u0148uje v\u00e4\u010d\u0161iu \u00fa\u010dinnos\u0165 a spo\u013eahlivos\u0165 v r\u00f4znych priemyseln\u00fdch aplik\u00e1ci\u00e1ch.<\/li>\n<li>\n<h3>Po\u013enohospod\u00e1rske stroje<\/h3>\n<p>Zv\u00e1ran\u00fd valec typu T sa be\u017ene pou\u017e\u00edva aj v po\u013enohospod\u00e1rskych strojoch, ako s\u00fa traktory a kombajny. Tieto stroje vy\u017eaduj\u00fa na efekt\u00edvnu prev\u00e1dzku v\u00fdkonn\u00e9 a spo\u013eahliv\u00e9 hydraulick\u00e9 syst\u00e9my a zv\u00e1ran\u00fd valec typu T je na tento \u00fa\u010del ide\u00e1lnou vo\u013ebou.<\/p>\n<p>Robustn\u00e1 kon\u0161trukcia a vysok\u00e1 pevnos\u0165 valca ho robia vysoko odoln\u00fdm vo\u010di opotrebovaniu, a to aj v n\u00e1ro\u010dn\u00fdch prev\u00e1dzkov\u00fdch podmienkach. V\u010faka tomu je ide\u00e1lnou vo\u013ebou pre pou\u017eitie v po\u013enohospod\u00e1rskych strojoch, kde je odolnos\u0165 k\u013e\u00fa\u010dov\u00fdm faktorom. Zv\u00e1ran\u00fd valec typu T sa d\u00e1 pou\u017ei\u0165 aj na zabezpe\u010denie presn\u00e9ho ovl\u00e1dania potrebn\u00e9ho pre mnoh\u00e9 po\u013enohospod\u00e1rske procesy, ako je sadenie, zber \u00farody a zavla\u017eovanie.<\/li>\n<li>\n<h3>Stavebn\u00e9 stroje<\/h3>\n<p>Zv\u00e1ran\u00fd valec s T-kusom sa tie\u017e \u0161iroko pou\u017e\u00edva v stavebn\u00fdch strojoch, ako s\u00fa bagre, r\u00fdpadl\u00e1 a buldoz\u00e9ry. Tieto stroje vy\u017eaduj\u00fa v\u00fdkonn\u00e9 a spo\u013eahliv\u00e9 hydraulick\u00e9 syst\u00e9my na vykon\u00e1vanie n\u00e1ro\u010dn\u00fdch \u00faloh, ako je kopanie, zdv\u00edhanie a tla\u010denie \u0165a\u017ek\u00fdch bremien.<\/p>\n<p>Vysok\u00e1 pevnos\u0165 a odolnos\u0165 zv\u00e1ran\u00e9ho valca typu T z neho robia ide\u00e1lnu vo\u013ebu pre pou\u017eitie v stavebn\u00fdch strojoch. Jeho schopnos\u0165 zabezpe\u010di\u0165 presn\u00e9 ovl\u00e1danie a konzistentn\u00fa silu je nevyhnutn\u00e1 pre mnoh\u00e9 stavebn\u00e9 procesy, ako s\u00fa v\u00fdkopov\u00e9 pr\u00e1ce, ter\u00e9nne \u00fapravy a dla\u017eby. Zv\u00e1ran\u00fd valec typu T sa m\u00f4\u017ee pou\u017ei\u0165 aj na regul\u00e1ciu prietoku kvapal\u00edn v hydraulick\u00fdch syst\u00e9moch, \u010d\u00edm sa zlep\u0161uje \u00fa\u010dinnos\u0165 a spo\u013eahlivos\u0165 stavebn\u00fdch strojov v r\u00f4znych aplik\u00e1ci\u00e1ch.<\/li>\n<\/ul>\n<h3>O FMP<\/h3>\n<p>Spolo\u010dnos\u0165 FMP je u\u017e viac ako 30 rokov popredn\u00fdm v\u00fdrobcom hydraulick\u00fdch valcov s priemyseln\u00fdm are\u00e1lom v Taliansku. Pon\u00fakame \u0161irok\u00fd sortiment produktov vr\u00e1tane hydraulick\u00fdch valcov, n\u00e1u\u0161nicov\u00fdch valcov, obojsmern\u00fdch automatick\u00fdch teleskopick\u00fdch hydraulick\u00fdch valcov a \u010fal\u0161\u00edch. Na\u0161e produkty je mo\u017en\u00e9 prisp\u00f4sobi\u0165 va\u0161im \u0161pecifick\u00fdm potreb\u00e1m. S viac ako 100 kusmi zariaden\u00ed, vr\u00e1tane automatick\u00fdch zv\u00e1ra\u010diek v ochrannej atmosf\u00e9re plynu, v\u0155ta\u010diek na hlbok\u00e9 otvory a CNC s\u00fastruhov, garantujeme kvalitu na\u0161ich produktov v\u0161etk\u00fdm na\u0161im z\u00e1kazn\u00edkom.<\/p>\n<h3>Pre\u010do si vybra\u0165 FMP?<\/h3>\n<ol>\n<li><b>Dizajn\u00e9rska slu\u017eba:<\/b> N\u00e1\u0161 sk\u00fasen\u00fd dizajn\u00e9rsky t\u00edm v\u00e1m m\u00f4\u017ee pom\u00f4c\u0165 s ak\u00fdmiko\u013evek potrebami v oblasti n\u00e1vrhu a v\u00fdvoja produktov s univerz\u00e1lnymi hriade\u013emi.<\/li>\n<li><b>Produktov\u00fd servis:<\/b> Na\u0161e v\u00fdrobky prech\u00e1dzaj\u00fa pr\u00edsnym procesom vr\u00e1tane v\u00fdberu surov\u00edn, rezania, hrub\u00e9ho spracovania, testovania, \u010distenia, mont\u00e1\u017ee, balenia a prepravy, aby sme zabezpe\u010dili, \u017ee v\u00fdrobok, ktor\u00fd dostanete, m\u00e1 najvy\u0161\u0161iu kvalitu.<\/li>\n<li><b>Uk\u00e1\u017ekov\u00fd proces:<\/b> Vieme vyv\u00edja\u0165 vzorky pod\u013ea va\u0161ich po\u017eiadaviek a neust\u00e1le ich upravova\u0165 tak, aby vyhovovali va\u0161im potreb\u00e1m. To zaru\u010duje, \u017ee v\u00e1\u0161 kone\u010dn\u00fd produkt bude presne sp\u013a\u0148a\u0165 va\u0161e \u0161pecifik\u00e1cie.<\/li>\n<li><b>V\u00fdskum a v\u00fdvoj:<\/b> Neust\u00e1le sk\u00famame trh, aby sme vyvinuli nov\u00e9 modely, ktor\u00e9 sp\u013a\u0148aj\u00fa potreby na\u0161ich z\u00e1kazn\u00edkov. To n\u00e1m umo\u017e\u0148uje udr\u017ea\u0165 si n\u00e1skok pred konkurenciou a pon\u00faka\u0165 na\u0161im z\u00e1kazn\u00edkom inovat\u00edvne produkty.<\/li>\n<li><b>Prisp\u00f4sobenie:<\/b> Na\u0161e produkty s\u00fa prisp\u00f4sobite\u013en\u00e9 va\u0161im \u0161pecifick\u00fdm po\u017eiadavk\u00e1m. \u00dazko spolupracujeme s na\u0161imi z\u00e1kazn\u00edkmi, aby sme zabezpe\u010dili, \u017ee kone\u010dn\u00fd produkt presne sp\u013a\u0148a ich potreby.<\/li>\n<\/ol>\n<p>V spolo\u010dnosti FMP sa zav\u00e4zujeme poskytova\u0165 na\u0161im z\u00e1kazn\u00edkom tie najlep\u0161ie produkty a slu\u017eby. Sme hrd\u00ed na na\u0161u pozornos\u0165 k detailom a procesy zabezpe\u010denia kvality, ktor\u00e9 zabezpe\u010duj\u00fa, aby na\u0161e produkty sp\u013a\u0148ali najvy\u0161\u0161ie \u0161tandardy.<\/p>\n<p><img decoding=\"async\" src=\"https:\/\/fmp-components.com\/wp-content\/uploads\/2024\/12\/fmp-factory-4.webp\" alt=\"Tov\u00e1re\u0148 na v\u00fdrobu FMP\" width=\"800\" title=\"\"><br \/>\nAutor: CX<\/p>","protected":false},"excerpt":{"rendered":"<p>The 10046 Professional Craftsmanship Tractor Hydraulic Cylinder is designed specifically for agricultural applications, providing exceptional performance and durability for tractors and trailers. This hydraulic cylinder combines expert engineering with high-quality materials to enhance the efficiency and reliability of your agricultural machinery. Key Features: Professional Craftsmanship: Manufactured with precision to ensure optimal performance and longevity in [&hellip;]<\/p>","protected":false},"featured_media":1132,"comment_status":"closed","ping_status":"closed","template":"","meta":{"_et_pb_use_builder":"","_et_pb_old_content":"","_et_gb_content_width":""},"product_brand":[],"product_cat":[31],"product_tag":[34,35],"class_list":{"0":"post-966","1":"product","2":"type-product","3":"status-publish","4":"has-post-thumbnail","6":"product_cat-welded-tee-type-cylinder","7":"product_tag-hydraulic-cylinder","8":"product_tag-welded-tee-type-cylinder","10":"first","11":"instock","12":"product-type-simple"},"_links":{"self":[{"href":"https:\/\/fmp-components.com\/sk\/wp-json\/wp\/v2\/product\/966","targetHints":{"allow":["GET"]}}],"collection":[{"href":"https:\/\/fmp-components.com\/sk\/wp-json\/wp\/v2\/product"}],"about":[{"href":"https:\/\/fmp-components.com\/sk\/wp-json\/wp\/v2\/types\/product"}],"replies":[{"embeddable":true,"href":"https:\/\/fmp-components.com\/sk\/wp-json\/wp\/v2\/comments?post=966"}],"wp:featuredmedia":[{"embeddable":true,"href":"https:\/\/fmp-components.com\/sk\/wp-json\/wp\/v2\/media\/1132"}],"wp:attachment":[{"href":"https:\/\/fmp-components.com\/sk\/wp-json\/wp\/v2\/media?parent=966"}],"wp:term":[{"taxonomy":"product_brand","embeddable":true,"href":"https:\/\/fmp-components.com\/sk\/wp-json\/wp\/v2\/product_brand?post=966"},{"taxonomy":"product_cat","embeddable":true,"href":"https:\/\/fmp-components.com\/sk\/wp-json\/wp\/v2\/product_cat?post=966"},{"taxonomy":"product_tag","embeddable":true,"href":"https:\/\/fmp-components.com\/sk\/wp-json\/wp\/v2\/product_tag?post=966"}],"curies":[{"name":"pracovn\u00fd list","href":"https:\/\/api.w.org\/{rel}","templated":true}]}}