{"id":965,"date":"2024-12-19T03:40:23","date_gmt":"2024-12-19T03:40:23","guid":{"rendered":"https:\/\/fmp-components.com\/product\/10045-double-acting-stainless-steel-hydraulic-cylinder-for-agriculture\/"},"modified":"2024-12-19T08:41:57","modified_gmt":"2024-12-19T08:41:57","slug":"10045-double-acting-stainless-steel-hydraulic-cylinder-for-agriculture","status":"publish","type":"product","link":"https:\/\/fmp-components.com\/sk\/product\/10045-double-acting-stainless-steel-hydraulic-cylinder-for-agriculture\/","title":{"rendered":"10045 Dvoj\u010dinn\u00fd hydraulick\u00fd valec z nehrdzavej\u00facej ocele pre po\u013enohospod\u00e1rstvo"},"content":{"rendered":"<p>Predstavujeme dvoj\u010dinn\u00fd hydraulick\u00fd valec FMP 10045 z nehrdzavej\u00facej ocele, \u0161peci\u00e1lne navrhnut\u00fd pre po\u013enohospod\u00e1rske aplik\u00e1cie. Tento vysoko robustn\u00fd a odoln\u00fd valec je vyroben\u00fd z prvotriednej nehrdzavej\u00facej ocele a zaru\u010duje dlhotrvaj\u00faci v\u00fdkon aj v t\u00fdch naj\u0165a\u017e\u0161\u00edch podmienkach.<\/p>\n<p>Medzi k\u013e\u00fa\u010dov\u00e9 \u0161pecifik\u00e1cie tohto hydraulick\u00e9ho valca patria variabiln\u00e9 rozmery, vysok\u00e1 kapacita a optim\u00e1lna nosnos\u0165. Jeho jedine\u010dn\u00e9 v\u00fdhody spo\u010d\u00edvaj\u00fa v energetickej \u00fa\u010dinnosti, vysokom v\u00fdkone a bezpe\u010dnostn\u00fdch prvkoch, v\u010faka \u010domu je cenovo v\u00fdhodnou vo\u013ebou pre hydraulick\u00e9 syst\u00e9my s\u00favisiace s po\u013enohospod\u00e1rstvom.<\/p>\n<p>Tento hydraulick\u00fd valec, ktor\u00fd funguje na princ\u00edpe fluidnej sily, premie\u0148a tlak na line\u00e1rny pohyb a vytv\u00e1ra mechanick\u00fa silu prostredn\u00edctvom sily stla\u010denej hydraulickej kvapaliny.<\/p>\n<p>Dvoj\u010dinn\u00fd hydraulick\u00fd valec z nehrdzavej\u00facej ocele 10045 sa \u0161iroko pou\u017e\u00edva v r\u00f4znych po\u013enohospod\u00e1rskych strojoch vr\u00e1tane traktorov, kombajnov a orbov\u00fdch zariaden\u00ed.<\/p>\n<p>Spolo\u010dnos\u0165 FMP sa odvtedy \u0161pecializuje na v\u00fdrobu hydraulick\u00fdch valcov. Na\u0161e produkty s\u00fa navrhnut\u00e9 pre jednoduch\u00fa in\u0161tal\u00e1ciu, \u00fadr\u017ebu a r\u00fdchlu opravu, \u010d\u00edm sa zabezpe\u010d\u00ed maxim\u00e1lna prev\u00e1dzkyschopnos\u0165 va\u0161ich po\u013enohospod\u00e1rskych strojov.<\/p>\n<p><img loading=\"lazy\" decoding=\"async\" class=\"alignnone size-full wp-image-976\" src=\"https:\/\/fmp-components.com\/wp-content\/uploads\/2024\/12\/Welded-Tee-Type-Cylinder2.webp\" alt=\"Zv\u00e1ran\u00fd valec s T-kusom\" width=\"764\" height=\"675\" title=\"\" srcset=\"https:\/\/fmp-components.com\/wp-content\/uploads\/2024\/12\/Welded-Tee-Type-Cylinder2.webp 764w, https:\/\/fmp-components.com\/wp-content\/uploads\/2024\/12\/Welded-Tee-Type-Cylinder2-480x424.webp 480w\" sizes=\"(min-width: 0px) and (max-width: 480px) 480px, (min-width: 481px) 764px, 100vw\" \/><\/p>\n<p>Pri v\u00fdbere spr\u00e1vneho hydraulick\u00e9ho valca pre va\u0161e potreby zv\u00e1\u017ete faktory, ako je typ hydraulick\u00e9ho oleja a po\u017eadovan\u00fdch olejov\u00fdch tesnen\u00ed, potreba v\u00fdmeny, sp\u00f4sob merania valca a sp\u00f4sob jeho fungovania.<\/p>\n<p>Spolo\u010dnos\u0165 FMP pon\u00faka \u0161irok\u00fd sortiment hydraulick\u00fdch valcov pre r\u00f4zne aplik\u00e1cie vr\u00e1tane valcov pre pracovn\u00e9 plo\u0161iny, hydraulick\u00fdch valcov pre priemyseln\u00e9 vozidl\u00e1, valcov pre rota\u010dn\u00e9 vrtn\u00e9 s\u00fapravy a valcov pre automobilov\u00e9 \u017eeriavy. Radi v\u00e1m ich prisp\u00f4sob\u00edme na mieru pod\u013ea va\u0161ich \u0161pecifick\u00fdch po\u017eiadaviek.<\/p>\n<p>Stru\u010dne povedan\u00e9, FMP s\u013eubuje dod\u00e1vanie vysoko kvalitn\u00fdch produktov, konkurencieschopn\u00e9 ceny a oh\u013eadupln\u00e9 slu\u017eby, aby uspokojila v\u0161etky va\u0161e potreby t\u00fdkaj\u00face sa hydraulick\u00fdch valcov.<\/p>\n<h2>V\u00fdhody zv\u00e1ran\u00e9ho valca s T-kusom<\/h2>\n<ul>\n<li style=\"list-style-type: none;\">\n<ul>\n<li><strong>Zv\u00fd\u0161en\u00e1 pevnos\u0165:<\/strong> Zv\u00e1ran\u00e9 valce typu T s\u00fa zn\u00e1me svojou vysokou pevnos\u0165ou, v\u010faka \u010domu s\u00fa vhodn\u00e9 pre aplik\u00e1cie vy\u017eaduj\u00face zdv\u00edhanie \u0165a\u017ek\u00fdch bremien. Proces zv\u00e1rania pou\u017eit\u00fd pri v\u00fdrobe t\u00fdchto valcov zais\u0165uje, \u017ee valec nem\u00e1 slab\u00e9 miesta a odol\u00e1 vysok\u00e9mu tlaku a nam\u00e1haniu.<\/li>\n<\/ul>\n<\/li>\n<\/ul>\n<p>Ke\u010f sa na valec vyv\u00edja tlak, rovnomerne sa rozlo\u017e\u00ed po celom povrchu, v\u010faka \u010domu je odoln\u00fd vo\u010di deform\u00e1cii. T\u00e1to vlastnos\u0165 zais\u0165uje, \u017ee valec si zachov\u00e1 svoj tvar a \u0161truktur\u00e1lnu integritu aj v extr\u00e9mnych podmienkach.<\/p>\n<ul>\n<li style=\"list-style-type: none;\">\n<ul>\n<li><strong>Prevencia \u00faniku:<\/strong> Zv\u00e1ran\u00e9 valce typu T s\u00fa navrhnut\u00e9 tak, aby sa zabr\u00e1nilo \u00faniku. Proces zv\u00e1rania pou\u017eit\u00fd po\u010das v\u00fdrobn\u00e9ho procesu zais\u0165uje, \u017ee valec je \u00faplne utesnen\u00fd a bez ak\u00fdchko\u013evek mo\u017en\u00fdch \u00fanikov. V\u010faka tejto vlastnosti s\u00fa vhodn\u00e9 na pou\u017eitie v aplik\u00e1ci\u00e1ch, kde by \u00fanik mohol sp\u00f4sobi\u0165 v\u00e1\u017ene po\u0161kodenie alebo zranenie.<\/li>\n<\/ul>\n<\/li>\n<\/ul>\n<p>Zvarov\u00e9 spoje s\u00fa hladk\u00e9, bez ak\u00fdchko\u013evek \u0161trb\u00edn alebo dr\u00e1\u017eok, kde by sa mohli hromadi\u0165 ne\u010distoty alebo ne\u010distoty, \u010d\u00edm sa zni\u017euje riziko kor\u00f3zie a po\u0161kodenia valca.<\/p>\n<ul>\n<li style=\"list-style-type: none;\">\n<ul>\n<li><strong>Prisp\u00f4sobite\u013en\u00e9:<\/strong> Zv\u00e1ran\u00e9 valce s T-kusom je mo\u017en\u00e9 prisp\u00f4sobi\u0165 \u0161pecifick\u00fdm aplik\u00e1ci\u00e1m. Valce s\u00fa dostupn\u00e9 v r\u00f4znych ve\u013ekostiach a tvaroch a je mo\u017en\u00e9 ich vyrobi\u0165 tak, aby sp\u013a\u0148ali \u0161pecifick\u00e9 po\u017eiadavky aplik\u00e1cie.<\/li>\n<\/ul>\n<\/li>\n<\/ul>\n<p>Proces prisp\u00f4sobenia umo\u017e\u0148uje optimalizova\u0165 v\u00fdkon valca a zabezpe\u010di\u0165, aby bol vhodn\u00fd pre zam\u00fd\u0161\u013ean\u00e9 pou\u017eitie. T\u00e1to vlastnos\u0165 rob\u00ed zv\u00e1ran\u00e9 valce typu T ide\u00e1lne na pou\u017eitie v r\u00f4znych priemyseln\u00fdch aplik\u00e1ci\u00e1ch vr\u00e1tane stavebn\u00edctva, ban\u00edctva a manipul\u00e1cie s materi\u00e1lom.<\/p>\n<ul>\n<li style=\"list-style-type: none;\">\n<ul>\n<li><strong>Cenovo v\u00fdhodn\u00e9:<\/strong> Zv\u00e1ran\u00e9 valce typu T s\u00fa v porovnan\u00ed s in\u00fdmi typmi valcov n\u00e1kladovo efekt\u00edvne. V\u00fdrobn\u00fd proces pou\u017e\u00edvan\u00fd na v\u00fdrobu t\u00fdchto valcov je jednoduch\u00fd, v\u010faka \u010domu s\u00fa lacnej\u0161ie ako in\u00e9 typy valcov.<\/li>\n<\/ul>\n<\/li>\n<\/ul>\n<p>Vysok\u00e1 pevnos\u0165 a odolnos\u0165 zv\u00e1ran\u00fdch valcov typu T navy\u0161e zni\u017euje potrebu \u010dast\u00fdch opr\u00e1v a v\u00fdmen, \u010d\u00edm \u0161etr\u00ed n\u00e1klady na \u00fadr\u017ebu. T\u00e1to vlastnos\u0165 z nich rob\u00ed ob\u013e\u00faben\u00fa vo\u013ebu v mnoh\u00fdch odvetviach, najm\u00e4 v t\u00fdch s obmedzen\u00fdm rozpo\u010dtom.<\/p>\n<ul>\n<li style=\"list-style-type: none;\">\n<ul>\n<li><strong>Zv\u00fd\u0161en\u00e1 \u00fa\u010dinnos\u0165:<\/strong> Zv\u00e1ran\u00e9 valce typu T s\u00fa vysoko \u00fa\u010dinn\u00e9 a efekt\u00edvne. Kon\u0161trukcia valca zais\u0165uje, \u017ee aplikovan\u00e1 sila sa pren\u00e1\u0161a priamo na z\u00e1\u0165a\u017e, \u010d\u00edm sa zni\u017euj\u00fa straty energie a zvy\u0161uje sa \u00fa\u010dinnos\u0165.<\/li>\n<\/ul>\n<\/li>\n<\/ul>\n<p>Zvarov\u00e9 spoje s\u00fa pevn\u00e9 a tuh\u00e9, minimalizuj\u00fa priehyb a zabezpe\u010duj\u00fa, \u017ee valec si zachov\u00e1va svoj tvar a \u0161truktur\u00e1lnu integritu aj v extr\u00e9mnych podmienkach. V\u010faka tejto vlastnosti s\u00fa zvarov\u00e9 valce typu T ide\u00e1lne na pou\u017eitie v aplik\u00e1ci\u00e1ch vy\u017eaduj\u00facich vysok\u00fa \u00fa\u010dinnos\u0165 a spo\u013eahlivos\u0165.<\/p>\n<p><img loading=\"lazy\" decoding=\"async\" class=\"alignnone size-full wp-image-975\" src=\"https:\/\/fmp-components.com\/wp-content\/uploads\/2024\/12\/Welded-Tee-Type-Cylinder1.webp\" alt=\"Zv\u00e1ran\u00fd valec s T-kusom\" width=\"759\" height=\"761\" title=\"\" srcset=\"https:\/\/fmp-components.com\/wp-content\/uploads\/2024\/12\/Welded-Tee-Type-Cylinder1.webp 759w, https:\/\/fmp-components.com\/wp-content\/uploads\/2024\/12\/Welded-Tee-Type-Cylinder1-480x481.webp 480w\" sizes=\"(min-width: 0px) and (max-width: 480px) 480px, (min-width: 481px) 759px, 100vw\" \/><\/p>\n<h2>Pou\u017eitie zv\u00e1ran\u00e9ho valca typu T<\/h2>\n<ul>\n<li>\n<h3>Priemyseln\u00e9 stroje a zariadenia<\/h3>\n<p>Zv\u00e1ran\u00fd valec s T-kusom sa \u0161iroko pou\u017e\u00edva v priemyseln\u00fdch strojoch a zariadeniach, najm\u00e4 v hydraulick\u00fdch syst\u00e9moch. Valec sa sklad\u00e1 z piestu a valcovej r\u00farky, ktor\u00e9 s\u00fa zvaren\u00e9 do jedn\u00e9ho celku. T\u00e1to kon\u0161trukcia pon\u00faka oproti in\u00fdm typom valcov nieko\u013eko v\u00fdhod, ako je zv\u00fd\u0161en\u00e1 odolnos\u0165, vy\u0161\u0161ia pevnos\u0165 a v\u00e4\u010d\u0161ia presnos\u0165.<\/p>\n<p>Jednou z najd\u00f4le\u017eitej\u0161\u00edch aplik\u00e1ci\u00ed zv\u00e1ran\u00fdch valcov s tvarom T v priemyseln\u00fdch strojoch je ich schopnos\u0165 poskytova\u0165 konzistentn\u00fa a presn\u00fa silu. To je nevyhnutn\u00e9 pre mnoh\u00e9 v\u00fdrobn\u00e9 procesy, kde je potrebn\u00e1 presn\u00e1 kontrola na zabezpe\u010denie kvality kone\u010dn\u00e9ho produktu. Zv\u00e1ran\u00e9 valce s tvarom T sa m\u00f4\u017eu tie\u017e pou\u017ei\u0165 na regul\u00e1ciu prietoku kvapal\u00edn v hydraulick\u00fdch syst\u00e9moch, \u010do umo\u017e\u0148uje v\u00e4\u010d\u0161iu \u00fa\u010dinnos\u0165 a spo\u013eahlivos\u0165 v r\u00f4znych priemyseln\u00fdch aplik\u00e1ci\u00e1ch.<\/li>\n<li>\n<h3>Po\u013enohospod\u00e1rske stroje<\/h3>\n<p>Zv\u00e1ran\u00fd valec typu T sa be\u017ene pou\u017e\u00edva aj v po\u013enohospod\u00e1rskych strojoch, ako s\u00fa traktory a kombajny. Tieto stroje vy\u017eaduj\u00fa na efekt\u00edvnu prev\u00e1dzku v\u00fdkonn\u00e9 a spo\u013eahliv\u00e9 hydraulick\u00e9 syst\u00e9my a zv\u00e1ran\u00fd valec typu T je na tento \u00fa\u010del ide\u00e1lnou vo\u013ebou.<\/p>\n<p>Robustn\u00e1 kon\u0161trukcia a vysok\u00e1 pevnos\u0165 valca ho robia vysoko odoln\u00fdm vo\u010di opotrebovaniu, a to aj v n\u00e1ro\u010dn\u00fdch prev\u00e1dzkov\u00fdch podmienkach. V\u010faka tomu je ide\u00e1lnou vo\u013ebou pre pou\u017eitie v po\u013enohospod\u00e1rskych strojoch, kde je odolnos\u0165 k\u013e\u00fa\u010dov\u00fdm faktorom. Zv\u00e1ran\u00fd valec typu T sa d\u00e1 pou\u017ei\u0165 aj na zabezpe\u010denie presn\u00e9ho ovl\u00e1dania potrebn\u00e9ho pre mnoh\u00e9 po\u013enohospod\u00e1rske procesy, ako je sadenie, zber \u00farody a zavla\u017eovanie.<\/li>\n<li>\n<h3>Stavebn\u00e9 stroje<\/h3>\n<p>Zv\u00e1ran\u00fd valec s T-kusom sa tie\u017e \u0161iroko pou\u017e\u00edva v stavebn\u00fdch strojoch, ako s\u00fa bagre, r\u00fdpadl\u00e1 a buldoz\u00e9ry. Tieto stroje vy\u017eaduj\u00fa v\u00fdkonn\u00e9 a spo\u013eahliv\u00e9 hydraulick\u00e9 syst\u00e9my na vykon\u00e1vanie n\u00e1ro\u010dn\u00fdch \u00faloh, ako je kopanie, zdv\u00edhanie a tla\u010denie \u0165a\u017ek\u00fdch bremien.<\/p>\n<p>Vysok\u00e1 pevnos\u0165 a odolnos\u0165 zv\u00e1ran\u00e9ho valca typu T z neho robia ide\u00e1lnu vo\u013ebu pre pou\u017eitie v stavebn\u00fdch strojoch. Jeho schopnos\u0165 zabezpe\u010di\u0165 presn\u00e9 ovl\u00e1danie a konzistentn\u00fa silu je nevyhnutn\u00e1 pre mnoh\u00e9 stavebn\u00e9 procesy, ako s\u00fa v\u00fdkopov\u00e9 pr\u00e1ce, ter\u00e9nne \u00fapravy a dla\u017eby. Zv\u00e1ran\u00fd valec typu T sa m\u00f4\u017ee pou\u017ei\u0165 aj na regul\u00e1ciu prietoku kvapal\u00edn v hydraulick\u00fdch syst\u00e9moch, \u010d\u00edm sa zlep\u0161uje \u00fa\u010dinnos\u0165 a spo\u013eahlivos\u0165 stavebn\u00fdch strojov v r\u00f4znych aplik\u00e1ci\u00e1ch.<\/li>\n<\/ul>\n<h3>O FMP<\/h3>\n<p>Spolo\u010dnos\u0165 FMP, ktor\u00e1 p\u00f4sob\u00ed u\u017e viac ako 30 rokov, je popredn\u00fdm v\u00fdrobcom a dod\u00e1vate\u013eom hydraulick\u00fdch valcov. Na\u0161a priemyseln\u00e1 oblas\u0165 sa nach\u00e1dza v Taliansku a sme hrd\u00ed na na\u0161e najmodernej\u0161ie zariadenia vybaven\u00e9 viac ako 100 pokro\u010dil\u00fdmi strojmi.<\/p>\n<p>N\u00e1\u0161 \u0161irok\u00fd sortiment produktov zah\u0155\u0148a:<\/p>\n<ol>\n<li>Automatick\u00fd zv\u00e1rac\u00ed stroj v ochrannej atmosf\u00e9re plynu: Zais\u0165uje presn\u00e9 a efekt\u00edvne zv\u00e1racie procesy.<\/li>\n<li>V\u0155ta\u010dka na hlbok\u00e9 otvory: Umo\u017e\u0148uje presn\u00e9 a hlbok\u00e9 v\u0155tanie otvorov pre r\u00f4zne aplik\u00e1cie.<\/li>\n<li>CNC s\u00fastruh: Poskytuje vysoko presn\u00e9 obr\u00e1banie zlo\u017eit\u00fdch hydraulick\u00fdch komponentov.<\/li>\n<li>Valcov\u00e1 br\u00faska: Zais\u0165uje jemn\u00e9 dokon\u010dovanie a rozmerov\u00fa presnos\u0165 na\u0161ich hydraulick\u00fdch valcov.<\/li>\n<li>Automatick\u00fd \u010distiaci stroj: Zais\u0165uje \u010distotu a odstra\u0148uje v\u0161etky ne\u010distoty z na\u0161ich produktov.<\/li>\n<\/ol>\n<p>V spolo\u010dnosti FMP sa zav\u00e4zujeme dod\u00e1va\u0165 na\u0161im z\u00e1kazn\u00edkom hydraulick\u00e9 valce najvy\u0161\u0161ej kvality. Tu s\u00fa niektor\u00e9 k\u013e\u00fa\u010dov\u00e9 v\u00fdhody v\u00fdberu na\u0161ich produktov a slu\u017eieb:<\/p>\n<p>1) Dizajn\u00e9rske slu\u017eby: N\u00e1\u0161 sk\u00fasen\u00fd dizajn\u00e9rsky t\u00edm sa venuje splneniu va\u0161ich \u0161pecifick\u00fdch po\u017eiadaviek. \u010ci u\u017e potrebujete nov\u00fd produkt alebo h\u013ead\u00e1te vylep\u0161enia, sme tu, aby sme v\u00e1s podporili po\u010das cel\u00e9ho procesu n\u00e1vrhu a v\u00fdvoja.<\/p>\n<p>2) Servis produktov: Dodr\u017eiavame komplexn\u00fd v\u00fdrobn\u00fd proces, ktor\u00fd zah\u0155\u0148a v\u00fdber surov\u00edn, rezanie, hrub\u00e9 spracovanie, testovanie, \u010distenie, mont\u00e1\u017e, balenie a prepravu. To zabezpe\u010duje, \u017ee na\u0161e produkty sp\u013a\u0148aj\u00fa najvy\u0161\u0161ie \u0161tandardy kvality a spo\u013eahlivosti.<\/p>\n<p>3) Proces vzorkovania: Pon\u00fakame v\u00fdvoj vzoriek pod\u013ea va\u0161ich po\u017eiadaviek a priebe\u017ene ich upravujeme tak, aby vyhovovali va\u0161im potreb\u00e1m. To v\u00e1m umo\u017e\u0148uje otestova\u0165 a vyhodnoti\u0165 na\u0161e produkty pred kone\u010dn\u00fdm rozhodnut\u00edm.<\/p>\n<p>4) V\u00fdskum a v\u00fdvoj: S v\u00fdvojom trhov\u00fdch trendov zost\u00e1vame o krok vpred \u0161t\u00fadiom nov\u00fdch potrieb trhu a v\u00fdvojom inovat\u00edvnych modelov hydraulick\u00fdch valcov. To n\u00e1m umo\u017e\u0148uje poskytova\u0165 na\u0161im z\u00e1kazn\u00edkom najnov\u0161ie a najefekt\u00edvnej\u0161ie produkty.<\/p>\n<p>5) Prisp\u00f4sobenie: \u0160pecializujeme sa na v\u00fdrobu a predaj r\u00f4znych typov hydraulick\u00fdch valcov a radi prij\u00edmame z\u00e1kazkov\u00e9 objedn\u00e1vky. N\u00e1\u0161 t\u00edm je odhodlan\u00fd splni\u0165 va\u0161e jedine\u010dn\u00e9 \u0161pecifik\u00e1cie a doda\u0165 rie\u0161enia na mieru.<\/p>\n<p><img decoding=\"async\" src=\"https:\/\/fmp-components.com\/wp-content\/uploads\/2024\/12\/fmp-factory-4.webp\" alt=\"Tov\u00e1re\u0148 na v\u00fdrobu FMP\" width=\"800\" title=\"\"><\/p>\n<p>Autor: CX<\/p>","protected":false},"excerpt":{"rendered":"<p>Introducing FMP&#8217;s 10045 Double Acting Stainless Steel Hydraulic Cylinder, specifically designed for agricultural applications. Made from premium stainless steel, this highly robust and durable cylinder guarantees long-lasting performance even in the toughest conditions. Key Specifications of this Hydraulic Cylinder include variable dimensions, high capacity, and optimal load capacity. Its unique advantages lie in its energy [&hellip;]<\/p>","protected":false},"featured_media":1132,"comment_status":"closed","ping_status":"closed","template":"","meta":{"_et_pb_use_builder":"","_et_pb_old_content":"","_et_gb_content_width":""},"product_brand":[],"product_cat":[31],"product_tag":[34,35],"class_list":{"0":"post-965","1":"product","2":"type-product","3":"status-publish","4":"has-post-thumbnail","6":"product_cat-welded-tee-type-cylinder","7":"product_tag-hydraulic-cylinder","8":"product_tag-welded-tee-type-cylinder","10":"first","11":"instock","12":"product-type-simple"},"_links":{"self":[{"href":"https:\/\/fmp-components.com\/sk\/wp-json\/wp\/v2\/product\/965","targetHints":{"allow":["GET"]}}],"collection":[{"href":"https:\/\/fmp-components.com\/sk\/wp-json\/wp\/v2\/product"}],"about":[{"href":"https:\/\/fmp-components.com\/sk\/wp-json\/wp\/v2\/types\/product"}],"replies":[{"embeddable":true,"href":"https:\/\/fmp-components.com\/sk\/wp-json\/wp\/v2\/comments?post=965"}],"wp:featuredmedia":[{"embeddable":true,"href":"https:\/\/fmp-components.com\/sk\/wp-json\/wp\/v2\/media\/1132"}],"wp:attachment":[{"href":"https:\/\/fmp-components.com\/sk\/wp-json\/wp\/v2\/media?parent=965"}],"wp:term":[{"taxonomy":"product_brand","embeddable":true,"href":"https:\/\/fmp-components.com\/sk\/wp-json\/wp\/v2\/product_brand?post=965"},{"taxonomy":"product_cat","embeddable":true,"href":"https:\/\/fmp-components.com\/sk\/wp-json\/wp\/v2\/product_cat?post=965"},{"taxonomy":"product_tag","embeddable":true,"href":"https:\/\/fmp-components.com\/sk\/wp-json\/wp\/v2\/product_tag?post=965"}],"curies":[{"name":"pracovn\u00fd list","href":"https:\/\/api.w.org\/{rel}","templated":true}]}}