{"id":964,"date":"2024-12-19T03:40:23","date_gmt":"2024-12-19T03:40:23","guid":{"rendered":"https:\/\/fmp-components.com\/product\/10044-customized-double-acting-hydraulic-cylinder-welded-tee-cylinder\/"},"modified":"2024-12-19T08:41:41","modified_gmt":"2024-12-19T08:41:41","slug":"10044-customized-double-acting-hydraulic-cylinder-welded-tee-cylinder","status":"publish","type":"product","link":"https:\/\/fmp-components.com\/sk\/product\/10044-customized-double-acting-hydraulic-cylinder-welded-tee-cylinder\/","title":{"rendered":"10044 Prisp\u00f4soben\u00fd dvoj\u010dinn\u00fd hydraulick\u00fd valec Zv\u00e1ran\u00fd T-valec"},"content":{"rendered":"<p>Prisp\u00f4soben\u00fd dvoj\u010dinn\u00fd hydraulick\u00fd valec 10044 so zv\u00e1ran\u00fdm T-kusom je navrhnut\u00fd pre v\u0161estrannos\u0165 a pevnos\u0165 a je prisp\u00f4soben\u00fd \u0161pecifick\u00fdm potreb\u00e1m aplik\u00e1ci\u00ed v r\u00f4znych odvetviach vr\u00e1tane stavebn\u00edctva, po\u013enohospod\u00e1rstva a v\u00fdroby. Tento hydraulick\u00fd valec je navrhnut\u00fd tak, aby poskytoval spo\u013eahliv\u00fd v\u00fdkon s robustnou zv\u00e1ranou kon\u0161trukciou, ktor\u00e1 zais\u0165uje odolnos\u0165 aj v n\u00e1ro\u010dn\u00fdch podmienkach.<\/p>\n<h4>K\u013e\u00fa\u010dov\u00e9 vlastnosti:<\/h4>\n<ul>\n<li><strong>Dvoj\u010dinn\u00e1 funkcia<\/strong>Poskytuje efekt\u00edvnu prev\u00e1dzku pri vys\u00favan\u00ed aj zas\u00favan\u00ed, \u010d\u00edm maximalizuje produktivitu pri r\u00f4znych \u00faloh\u00e1ch.<\/li>\n<li><strong>Prisp\u00f4sobite\u013en\u00fd dizajn<\/strong>Dostupn\u00e9 v r\u00f4znych ve\u013ekostiach a konfigur\u00e1ci\u00e1ch, aby vyhovovali \u0161pecifick\u00fdm po\u017eiadavk\u00e1m aplik\u00e1cie a preferenci\u00e1m mont\u00e1\u017ee.<\/li>\n<li><strong>Zv\u00e1ran\u00e1 kon\u0161trukcia<\/strong>Vyzna\u010duje sa pevnou zv\u00e1ranou kon\u0161trukciou, ktor\u00e1 zvy\u0161uje \u0161truktur\u00e1lnu integritu a odolnos\u0165 vo\u010di \u00fanave.<\/li>\n<li><strong>Vysok\u00e1 nosnos\u0165<\/strong>Schopn\u00fd zvl\u00e1dnu\u0165 zna\u010dn\u00e9 bremen\u00e1, v\u010faka \u010domu je ide\u00e1lny pre n\u00e1ro\u010dn\u00e9 aplik\u00e1cie.<\/li>\n<li><strong>Povrchov\u00e1 \u00faprava odoln\u00e1 vo\u010di kor\u00f3zii<\/strong>Potiahnut\u00e9 ochrann\u00fdmi materi\u00e1lmi, ktor\u00e9 zabra\u0148uj\u00fa hrdzi a kor\u00f3zii, \u010d\u00edm sa zais\u0165uje dlh\u00e1 \u017eivotnos\u0165 a spo\u013eahlivos\u0165.<\/li>\n<\/ul>\n<p><img decoding=\"async\" src=\"https:\/\/hzpt.com\/wp-content\/uploads\/2023\/12\/random-2.webp\" alt=\"\" title=\"\"><\/p>\n<h4>V\u00fdhody:<\/h4>\n<ul>\n<li><strong>Zv\u00fd\u0161en\u00e1 efektivita<\/strong>Zvy\u0161uje prev\u00e1dzkov\u00fa efektivitu zabezpe\u010den\u00edm siln\u00e9ho a plynul\u00e9ho pohybu v oboch smeroch.<\/li>\n<li><strong>Rie\u0161enia na mieru<\/strong>Prisp\u00f4sobite\u013en\u00e9 funkcie umo\u017e\u0148uj\u00fa \u0161pecifick\u00e9 \u00fapravy na splnenie jedine\u010dn\u00fdch po\u017eiadaviek aplik\u00e1cie.<\/li>\n<li><strong>Zn\u00ed\u017een\u00e1 \u00fadr\u017eba<\/strong>Odoln\u00e1 kon\u0161trukcia minimalizuje opotrebovanie, \u010do m\u00e1 za n\u00e1sledok ni\u017e\u0161ie n\u00e1klady na \u00fadr\u017ebu v priebehu \u010dasu.<\/li>\n<\/ul>\n<p>Prisp\u00f4soben\u00fd dvoj\u010dinn\u00fd hydraulick\u00fd valec s zv\u00e1ran\u00fdm T-kusom 10044 je ide\u00e1lnou vo\u013ebou pre t\u00fdch, ktor\u00ed h\u013eadaj\u00fa spo\u013eahliv\u00e9 a prisp\u00f4sobiv\u00e9 hydraulick\u00e9 rie\u0161enie. Jeho robustn\u00e1 kon\u0161trukcia a mo\u017enosti prisp\u00f4sobenia ho robia ide\u00e1lnym pre \u0161irok\u00fa \u0161k\u00e1lu priemyseln\u00fdch aplik\u00e1ci\u00ed a zabezpe\u010duj\u00fa v\u00e1m v\u00fdkon, ktor\u00fd potrebujete pre svoju prev\u00e1dzku.<\/p>\n<p><img decoding=\"async\" class=\"aligncenter\" src=\"https:\/\/hzpt.com\/wp-content\/uploads\/2023\/12\/random-3.webp\" alt=\"\" title=\"\"><\/p>\n<h2>V\u00fdhody zv\u00e1ran\u00e9ho valca s T-kusom<\/h2>\n<ul>\n<li style=\"list-style-type: none;\">\n<ul>\n<li><strong>Zv\u00fd\u0161en\u00e1 pevnos\u0165:<\/strong> Zv\u00e1ran\u00e9 valce typu T s\u00fa zn\u00e1me svojou vysokou pevnos\u0165ou, v\u010faka \u010domu s\u00fa vhodn\u00e9 pre aplik\u00e1cie vy\u017eaduj\u00face zdv\u00edhanie \u0165a\u017ek\u00fdch bremien. Proces zv\u00e1rania pou\u017eit\u00fd pri v\u00fdrobe t\u00fdchto valcov zais\u0165uje, \u017ee valec nem\u00e1 slab\u00e9 miesta a odol\u00e1 vysok\u00e9mu tlaku a nam\u00e1haniu.<\/li>\n<\/ul>\n<\/li>\n<\/ul>\n<p>Ke\u010f sa na valec vyv\u00edja tlak, rovnomerne sa rozlo\u017e\u00ed po celom povrchu, v\u010faka \u010domu je odoln\u00fd vo\u010di deform\u00e1cii. T\u00e1to vlastnos\u0165 zais\u0165uje, \u017ee valec si zachov\u00e1 svoj tvar a \u0161truktur\u00e1lnu integritu aj v extr\u00e9mnych podmienkach.<\/p>\n<ul>\n<li style=\"list-style-type: none;\">\n<ul>\n<li><strong>Prevencia \u00faniku:<\/strong> Zv\u00e1ran\u00e9 valce typu T s\u00fa navrhnut\u00e9 tak, aby sa zabr\u00e1nilo \u00faniku. Proces zv\u00e1rania pou\u017eit\u00fd po\u010das v\u00fdrobn\u00e9ho procesu zais\u0165uje, \u017ee valec je \u00faplne utesnen\u00fd a bez ak\u00fdchko\u013evek mo\u017en\u00fdch \u00fanikov. V\u010faka tejto vlastnosti s\u00fa vhodn\u00e9 na pou\u017eitie v aplik\u00e1ci\u00e1ch, kde by \u00fanik mohol sp\u00f4sobi\u0165 v\u00e1\u017ene po\u0161kodenie alebo zranenie.<\/li>\n<\/ul>\n<\/li>\n<\/ul>\n<p>Zvarov\u00e9 spoje s\u00fa hladk\u00e9, bez ak\u00fdchko\u013evek \u0161trb\u00edn alebo dr\u00e1\u017eok, kde by sa mohli hromadi\u0165 ne\u010distoty alebo ne\u010distoty, \u010d\u00edm sa zni\u017euje riziko kor\u00f3zie a po\u0161kodenia valca.<\/p>\n<ul>\n<li style=\"list-style-type: none;\">\n<ul>\n<li><strong>Prisp\u00f4sobite\u013en\u00e9:<\/strong> Zv\u00e1ran\u00e9 valce s T-kusom je mo\u017en\u00e9 prisp\u00f4sobi\u0165 \u0161pecifick\u00fdm aplik\u00e1ci\u00e1m. Valce s\u00fa dostupn\u00e9 v r\u00f4znych ve\u013ekostiach a tvaroch a je mo\u017en\u00e9 ich vyrobi\u0165 tak, aby sp\u013a\u0148ali \u0161pecifick\u00e9 po\u017eiadavky aplik\u00e1cie.<\/li>\n<\/ul>\n<\/li>\n<\/ul>\n<p>Proces prisp\u00f4sobenia umo\u017e\u0148uje optimalizova\u0165 v\u00fdkon valca a zabezpe\u010di\u0165, aby bol vhodn\u00fd pre zam\u00fd\u0161\u013ean\u00e9 pou\u017eitie. T\u00e1to vlastnos\u0165 rob\u00ed zv\u00e1ran\u00e9 valce typu T ide\u00e1lne na pou\u017eitie v r\u00f4znych priemyseln\u00fdch aplik\u00e1ci\u00e1ch vr\u00e1tane stavebn\u00edctva, ban\u00edctva a manipul\u00e1cie s materi\u00e1lom.<\/p>\n<ul>\n<li style=\"list-style-type: none;\">\n<ul>\n<li><strong>Cenovo v\u00fdhodn\u00e9:<\/strong> Zv\u00e1ran\u00e9 valce typu T s\u00fa v porovnan\u00ed s in\u00fdmi typmi valcov n\u00e1kladovo efekt\u00edvne. V\u00fdrobn\u00fd proces pou\u017e\u00edvan\u00fd na v\u00fdrobu t\u00fdchto valcov je jednoduch\u00fd, v\u010faka \u010domu s\u00fa lacnej\u0161ie ako in\u00e9 typy valcov.<\/li>\n<\/ul>\n<\/li>\n<\/ul>\n<p>Vysok\u00e1 pevnos\u0165 a odolnos\u0165 zv\u00e1ran\u00fdch valcov typu T navy\u0161e zni\u017euje potrebu \u010dast\u00fdch opr\u00e1v a v\u00fdmen, \u010d\u00edm \u0161etr\u00ed n\u00e1klady na \u00fadr\u017ebu. T\u00e1to vlastnos\u0165 z nich rob\u00ed ob\u013e\u00faben\u00fa vo\u013ebu v mnoh\u00fdch odvetviach, najm\u00e4 v t\u00fdch s obmedzen\u00fdm rozpo\u010dtom.<\/p>\n<ul>\n<li style=\"list-style-type: none;\">\n<ul>\n<li><strong>Zv\u00fd\u0161en\u00e1 \u00fa\u010dinnos\u0165:<\/strong> Zv\u00e1ran\u00e9 valce typu T s\u00fa vysoko \u00fa\u010dinn\u00e9 a efekt\u00edvne. Kon\u0161trukcia valca zais\u0165uje, \u017ee aplikovan\u00e1 sila sa pren\u00e1\u0161a priamo na z\u00e1\u0165a\u017e, \u010d\u00edm sa zni\u017euj\u00fa straty energie a zvy\u0161uje sa \u00fa\u010dinnos\u0165.<\/li>\n<\/ul>\n<\/li>\n<\/ul>\n<p>Zvarov\u00e9 spoje s\u00fa pevn\u00e9 a tuh\u00e9, minimalizuj\u00fa priehyb a zabezpe\u010duj\u00fa, \u017ee valec si zachov\u00e1va svoj tvar a \u0161truktur\u00e1lnu integritu aj v extr\u00e9mnych podmienkach. V\u010faka tejto vlastnosti s\u00fa zvarov\u00e9 valce typu T ide\u00e1lne na pou\u017eitie v aplik\u00e1ci\u00e1ch vy\u017eaduj\u00facich vysok\u00fa \u00fa\u010dinnos\u0165 a spo\u013eahlivos\u0165.<\/p>\n<h2>Pou\u017eitie zv\u00e1ran\u00e9ho valca typu T<\/h2>\n<ul>\n<li>\n<h3>Priemyseln\u00e9 stroje a zariadenia<\/h3>\n<p>Zv\u00e1ran\u00fd valec s T-kusom sa \u0161iroko pou\u017e\u00edva v priemyseln\u00fdch strojoch a zariadeniach, najm\u00e4 v hydraulick\u00fdch syst\u00e9moch. Valec sa sklad\u00e1 z piestu a valcovej r\u00farky, ktor\u00e9 s\u00fa zvaren\u00e9 do jedn\u00e9ho celku. T\u00e1to kon\u0161trukcia pon\u00faka oproti in\u00fdm typom valcov nieko\u013eko v\u00fdhod, ako je zv\u00fd\u0161en\u00e1 odolnos\u0165, vy\u0161\u0161ia pevnos\u0165 a v\u00e4\u010d\u0161ia presnos\u0165.<\/p>\n<p>Jednou z najd\u00f4le\u017eitej\u0161\u00edch aplik\u00e1ci\u00ed zv\u00e1ran\u00fdch valcov s tvarom T v priemyseln\u00fdch strojoch je ich schopnos\u0165 poskytova\u0165 konzistentn\u00fa a presn\u00fa silu. To je nevyhnutn\u00e9 pre mnoh\u00e9 v\u00fdrobn\u00e9 procesy, kde je potrebn\u00e1 presn\u00e1 kontrola na zabezpe\u010denie kvality kone\u010dn\u00e9ho produktu. Zv\u00e1ran\u00e9 valce s tvarom T sa m\u00f4\u017eu tie\u017e pou\u017ei\u0165 na regul\u00e1ciu prietoku kvapal\u00edn v hydraulick\u00fdch syst\u00e9moch, \u010do umo\u017e\u0148uje v\u00e4\u010d\u0161iu \u00fa\u010dinnos\u0165 a spo\u013eahlivos\u0165 v r\u00f4znych priemyseln\u00fdch aplik\u00e1ci\u00e1ch.<\/li>\n<li>\n<h3>Po\u013enohospod\u00e1rske stroje<\/h3>\n<p>Zv\u00e1ran\u00fd valec typu T sa be\u017ene pou\u017e\u00edva aj v po\u013enohospod\u00e1rskych strojoch, ako s\u00fa traktory a kombajny. Tieto stroje vy\u017eaduj\u00fa na efekt\u00edvnu prev\u00e1dzku v\u00fdkonn\u00e9 a spo\u013eahliv\u00e9 hydraulick\u00e9 syst\u00e9my a zv\u00e1ran\u00fd valec typu T je na tento \u00fa\u010del ide\u00e1lnou vo\u013ebou.<\/p>\n<p>Robustn\u00e1 kon\u0161trukcia a vysok\u00e1 pevnos\u0165 valca ho robia vysoko odoln\u00fdm vo\u010di opotrebovaniu, a to aj v n\u00e1ro\u010dn\u00fdch prev\u00e1dzkov\u00fdch podmienkach. V\u010faka tomu je ide\u00e1lnou vo\u013ebou pre pou\u017eitie v po\u013enohospod\u00e1rskych strojoch, kde je odolnos\u0165 k\u013e\u00fa\u010dov\u00fdm faktorom. Zv\u00e1ran\u00fd valec typu T sa d\u00e1 pou\u017ei\u0165 aj na zabezpe\u010denie presn\u00e9ho ovl\u00e1dania potrebn\u00e9ho pre mnoh\u00e9 po\u013enohospod\u00e1rske procesy, ako je sadenie, zber \u00farody a zavla\u017eovanie.<\/li>\n<li>\n<h3>Stavebn\u00e9 stroje<\/h3>\n<p>Zv\u00e1ran\u00fd valec s T-kusom sa tie\u017e \u0161iroko pou\u017e\u00edva v stavebn\u00fdch strojoch, ako s\u00fa bagre, r\u00fdpadl\u00e1 a buldoz\u00e9ry. Tieto stroje vy\u017eaduj\u00fa v\u00fdkonn\u00e9 a spo\u013eahliv\u00e9 hydraulick\u00e9 syst\u00e9my na vykon\u00e1vanie n\u00e1ro\u010dn\u00fdch \u00faloh, ako je kopanie, zdv\u00edhanie a tla\u010denie \u0165a\u017ek\u00fdch bremien.<\/p>\n<p>Vysok\u00e1 pevnos\u0165 a odolnos\u0165 zv\u00e1ran\u00e9ho valca typu T z neho robia ide\u00e1lnu vo\u013ebu pre pou\u017eitie v stavebn\u00fdch strojoch. Jeho schopnos\u0165 zabezpe\u010di\u0165 presn\u00e9 ovl\u00e1danie a konzistentn\u00fa silu je nevyhnutn\u00e1 pre mnoh\u00e9 stavebn\u00e9 procesy, ako s\u00fa v\u00fdkopov\u00e9 pr\u00e1ce, ter\u00e9nne \u00fapravy a dla\u017eby. Zv\u00e1ran\u00fd valec typu T sa m\u00f4\u017ee pou\u017ei\u0165 aj na regul\u00e1ciu prietoku kvapal\u00edn v hydraulick\u00fdch syst\u00e9moch, \u010d\u00edm sa zlep\u0161uje \u00fa\u010dinnos\u0165 a spo\u013eahlivos\u0165 stavebn\u00fdch strojov v r\u00f4znych aplik\u00e1ci\u00e1ch.<\/li>\n<\/ul>\n<h3>O FMP<\/h3>\n<p>Spolo\u010dnos\u0165 FMP je popredn\u00fdm v\u00fdrobcom a dod\u00e1vate\u013eom hydraulick\u00fdch valcov s viac ako 30-ro\u010dn\u00fdmi sk\u00fasenos\u0165ami v tomto odvetv\u00ed. Na\u0161a priemyseln\u00e1 oblas\u0165 sa nach\u00e1dza v Taliansku a je vybaven\u00e1 viac ako 100 modern\u00fdmi zariadeniami vr\u00e1tane automatick\u00fdch zv\u00e1ra\u010diek v ochrannej atmosf\u00e9re plynu, v\u0155ta\u010diek na hlbok\u00e9 otvory, CNC s\u00fastruhov, valcov\u00fdch br\u00fasok, automatick\u00fdch \u010distiacich strojov, automatick\u00fdch in\u0161tala\u010dn\u00fdch strojov, automatick\u00fdch sk\u00fa\u0161obn\u00fdch stol\u00edc na hydraulick\u00e9 valce a automatick\u00fdch lakovac\u00edch liniek.<\/p>\n<p><img decoding=\"async\" src=\"https:\/\/fmp-components.com\/wp-content\/uploads\/2024\/12\/fmp-factory-4.webp\" alt=\"Tov\u00e1re\u0148 na v\u00fdrobu FMP\" width=\"800\" title=\"\"><\/p>\n<p>Na\u0161e hydraulick\u00e9 valce s\u00fa navrhnut\u00e9 a vyroben\u00e9 pod\u013ea najvy\u0161\u0161\u00edch \u0161tandardov, \u010do zaru\u010duje v\u00fdnimo\u010dn\u00fa kvalitu pre na\u0161ich z\u00e1kazn\u00edkov. Pon\u00fakame \u0161irok\u00fd sortiment hydraulick\u00fdch valcov vr\u00e1tane:<\/p>\n<ol>\n<li style=\"list-style-type: none;\">\n<ol>\n<li>Hydraulick\u00fd valec<\/li>\n<\/ol>\n<\/li>\n<\/ol>\n<p>Na\u0161e hydraulick\u00e9 valce s\u00fa starostlivo spracovan\u00e9 a kontrolovan\u00e9, aby sme zaru\u010dili vynikaj\u00faci v\u00fdkon a odolnos\u0165. S\u00fa navrhnut\u00e9 tak, aby sp\u013a\u0148ali rozmanit\u00e9 potreby r\u00f4znych odvetv\u00ed.<\/p>\n<ol>\n<li style=\"list-style-type: none;\">\n<ol>\n<li>Hydraulick\u00fd valec N\u00e1u\u0161nicov\u00fd valec<\/li>\n<\/ol>\n<\/li>\n<\/ol>\n<p>N\u00e1u\u0161nicov\u00e9 valce, ktor\u00e9 vyr\u00e1bame, s\u00fa \u0161peci\u00e1lne navrhnut\u00e9 pre efekt\u00edvnu a spo\u013eahliv\u00fa prev\u00e1dzku. S\u00fa ide\u00e1lne pre aplik\u00e1cie, ktor\u00e9 vy\u017eaduj\u00fa presn\u00e9 ovl\u00e1danie a stabilitu.<\/p>\n<ol>\n<li style=\"list-style-type: none;\">\n<ol>\n<li>Obojsmern\u00fd automatick\u00fd teleskopick\u00fd hydraulick\u00fd valec<\/li>\n<\/ol>\n<\/li>\n<\/ol>\n<p>Na\u0161e obojsmern\u00e9 automatick\u00e9 teleskopick\u00e9 hydraulick\u00e9 valce s\u00fa navrhnut\u00e9 tak, aby poskytovali vynikaj\u00faci v\u00fdkon a v\u0161estrannos\u0165. M\u00f4\u017eu sa plynulo vys\u00fava\u0165 a zas\u00fava\u0165, \u010do zais\u0165uje optim\u00e1lnu funk\u010dnos\u0165 v r\u00f4znych prostrediach.<\/p>\n<ol>\n<li style=\"list-style-type: none;\">\n<ol>\n<li>Dizajn\u00e9rske slu\u017eby<\/li>\n<\/ol>\n<\/li>\n<\/ol>\n<p>S na\u0161\u00edm sk\u00fasen\u00fdm dizajn\u00e9rskym t\u00edmom pon\u00fakame komplexn\u00e9 dizajn\u00e9rske a v\u00fdvojov\u00e9 slu\u017eby pre produkty s univerz\u00e1lnymi hriade\u013emi. \u010ci u\u017e potrebujete nov\u00e9 produkty alebo vylep\u0161enia existuj\u00facich, sme tu, aby sme v\u00e1s po\u010das cel\u00e9ho procesu podporili.<\/p>\n<ol>\n<li style=\"list-style-type: none;\">\n<ol>\n<li>Produktov\u00fd servis<\/li>\n<\/ol>\n<\/li>\n<\/ol>\n<p>Od surov\u00edn a\u017e po balenie a prepravu, starostlivo rie\u0161ime ka\u017ed\u00fd krok v\u00fdrobn\u00e9ho procesu, aby sme zabezpe\u010dili splnenie najvy\u0161\u0161\u00edch \u0161tandardov kvality. Na\u0161e odhodlanie k dokonalosti je zrejm\u00e9 v ka\u017edom hydraulickom valci, ktor\u00fd dod\u00e1vame.<\/p>\n<p>Okrem t\u00fdchto produktov sme hrd\u00ed aj na v\u00fdhody na\u0161ej spolo\u010dnosti:<\/p>\n<ol>\n<li style=\"list-style-type: none;\">\n<ol>\n<li>Vynikaj\u00faca kvalita<\/li>\n<\/ol>\n<\/li>\n<\/ol>\n<p>Na\u0161e hydraulick\u00e9 valce s\u00fa vyroben\u00e9 z najkvalitnej\u0161\u00edch materi\u00e1lov a prech\u00e1dzaj\u00fa pr\u00edsnym spracovan\u00edm a kontrolou, aby sa zabezpe\u010dila v\u00fdnimo\u010dn\u00e1 kvalita a spo\u013eahlivos\u0165.<\/p>\n<ol>\n<li style=\"list-style-type: none;\">\n<ol>\n<li>Prisp\u00f4sobenie<\/li>\n<\/ol>\n<\/li>\n<\/ol>\n<p>\u0160pecializujeme sa na \u00fapravu hydraulick\u00fdch valcov pod\u013ea \u0161pecifick\u00fdch po\u017eiadaviek. \u010ci u\u017e potrebujete jedine\u010dn\u00fa ve\u013ekos\u0165 alebo \u0161peci\u00e1lne vlastnosti, na\u0161e produkty dok\u00e1\u017eeme prisp\u00f4sobi\u0165 va\u0161im presn\u00fdm potreb\u00e1m.<\/p>\n<ol>\n<li style=\"list-style-type: none;\">\n<ol>\n<li>Neust\u00e1le zlep\u0161ovanie<\/li>\n<\/ol>\n<\/li>\n<\/ol>\n<p>Ke\u010f\u017ee sa objavuj\u00fa nov\u00e9 potreby trhu, akt\u00edvne sa zap\u00e1jame do v\u00fdskumu a v\u00fdvoja, aby sme zostali v popred\u00ed inov\u00e1ci\u00ed. To n\u00e1m umo\u017e\u0148uje neust\u00e1le zlep\u0161ova\u0165 na\u0161e produkty a pon\u00faka\u0165 na\u0161im z\u00e1kazn\u00edkom \u0161pi\u010dkov\u00e9 rie\u0161enia.<\/p>\n<ol>\n<li style=\"list-style-type: none;\">\n<ol>\n<li>Efekt\u00edvny proces vzorkovania<\/li>\n<\/ol>\n<\/li>\n<\/ol>\n<p>Ch\u00e1peme d\u00f4le\u017eitos\u0165 vzoriek pri informovanom rozhodovan\u00ed. N\u00e1\u0161 \u0161pecializovan\u00fd t\u00edm dok\u00e1\u017ee vyvin\u00fa\u0165 vzorky pod\u013ea va\u0161ich po\u017eiadaviek a priebe\u017ene ich upravova\u0165 tak, aby sp\u013a\u0148ali va\u0161e \u0161pecifick\u00e9 potreby.<\/p>\n<ol>\n<li style=\"list-style-type: none;\">\n<ol>\n<li>Spo\u013eahliv\u00e1 z\u00e1kazn\u00edcka podpora<\/li>\n<\/ol>\n<\/li>\n<\/ol>\n<p>V spolo\u010dnosti FMP sa sna\u017e\u00edme poskytova\u0165 v\u00fdnimo\u010dn\u00fd z\u00e1kazn\u00edcky servis. N\u00e1\u0161 t\u00edm je v\u017edy pripraven\u00fd v\u00e1m pom\u00f4c\u0165, \u010di u\u017e odpoved\u00e1 na ot\u00e1zky, poskytuje technick\u00fa podporu alebo poskytuje v\u010dasn\u00e9 aktualiz\u00e1cie o va\u0161ich objedn\u00e1vkach.<\/p>\n<p>Ak h\u013ead\u00e1te hydraulick\u00e9 valce najvy\u0161\u0161ej kvality a vynikaj\u00faci z\u00e1kazn\u00edcky servis, vyberte si FMP. Kontaktujte n\u00e1s e\u0161te dnes, aby sme prediskutovali va\u0161e \u0161pecifick\u00e9 po\u017eiadavky a zistili, ako m\u00f4\u017eeme splni\u0165 va\u0161e potreby v oblasti hydraulick\u00fdch valcov.<\/p>\n<p>Autor: CX<\/p>","protected":false},"excerpt":{"rendered":"<p>The 10044 Customized Double Acting Hydraulic Cylinder Welded Tee Cylinder is engineered for versatility and strength, tailored to meet specific application needs in various industries, including construction, agriculture, and manufacturing. This hydraulic cylinder is designed to deliver reliable performance with a robust welded construction, ensuring durability even under challenging conditions. Key Features: Double Acting Functionality: [&hellip;]<\/p>","protected":false},"featured_media":1133,"comment_status":"closed","ping_status":"closed","template":"","meta":{"_et_pb_use_builder":"","_et_pb_old_content":"","_et_gb_content_width":""},"product_brand":[],"product_cat":[31],"product_tag":[34,35],"class_list":{"0":"post-964","1":"product","2":"type-product","3":"status-publish","4":"has-post-thumbnail","6":"product_cat-welded-tee-type-cylinder","7":"product_tag-hydraulic-cylinder","8":"product_tag-welded-tee-type-cylinder","10":"first","11":"instock","12":"product-type-simple"},"_links":{"self":[{"href":"https:\/\/fmp-components.com\/sk\/wp-json\/wp\/v2\/product\/964","targetHints":{"allow":["GET"]}}],"collection":[{"href":"https:\/\/fmp-components.com\/sk\/wp-json\/wp\/v2\/product"}],"about":[{"href":"https:\/\/fmp-components.com\/sk\/wp-json\/wp\/v2\/types\/product"}],"replies":[{"embeddable":true,"href":"https:\/\/fmp-components.com\/sk\/wp-json\/wp\/v2\/comments?post=964"}],"wp:featuredmedia":[{"embeddable":true,"href":"https:\/\/fmp-components.com\/sk\/wp-json\/wp\/v2\/media\/1133"}],"wp:attachment":[{"href":"https:\/\/fmp-components.com\/sk\/wp-json\/wp\/v2\/media?parent=964"}],"wp:term":[{"taxonomy":"product_brand","embeddable":true,"href":"https:\/\/fmp-components.com\/sk\/wp-json\/wp\/v2\/product_brand?post=964"},{"taxonomy":"product_cat","embeddable":true,"href":"https:\/\/fmp-components.com\/sk\/wp-json\/wp\/v2\/product_cat?post=964"},{"taxonomy":"product_tag","embeddable":true,"href":"https:\/\/fmp-components.com\/sk\/wp-json\/wp\/v2\/product_tag?post=964"}],"curies":[{"name":"pracovn\u00fd list","href":"https:\/\/api.w.org\/{rel}","templated":true}]}}