{"id":960,"date":"2024-12-19T03:40:23","date_gmt":"2024-12-19T03:40:23","guid":{"rendered":"https:\/\/fmp-components.com\/product\/10040-professional-small-piston-hydraulic-cylinders-for-agriculture\/"},"modified":"2024-12-19T08:39:23","modified_gmt":"2024-12-19T08:39:23","slug":"10040-professional-small-piston-hydraulic-cylinders-for-agriculture","status":"publish","type":"product","link":"https:\/\/fmp-components.com\/sk\/product\/10040-professional-small-piston-hydraulic-cylinders-for-agriculture\/","title":{"rendered":"10040 Profesion\u00e1lne mal\u00e9 piestov\u00e9 hydraulick\u00e9 valce pre po\u013enohospod\u00e1rstvo"},"content":{"rendered":"<p>Profesion\u00e1lne hydraulick\u00e9 valce 10040 s mal\u00fdm piestom s\u00fa navrhnut\u00e9 pre po\u013enohospod\u00e1rske aplik\u00e1cie a pon\u00fakaj\u00fa spo\u013eahliv\u00fd v\u00fdkon a odolnos\u0165. Tieto hydraulick\u00e9 valce s\u00fa navrhnut\u00e9 tak, aby efekt\u00edvne zdv\u00edhali, tla\u010dili a \u0165ahali \u0165a\u017ek\u00e9 bremen\u00e1, v\u010faka \u010domu s\u00fa ide\u00e1lne pre r\u00f4zne po\u013enohospod\u00e1rske stroje vr\u00e1tane traktorov, kombajnov a in\u00fdch strojov.<\/p>\n<h4>K\u013e\u00fa\u010dov\u00e9 vlastnosti:<\/h4>\n<ul>\n<li><strong>Kompaktn\u00fd dizajn<\/strong>Mal\u00e1 ve\u013ekos\u0165 piestu umo\u017e\u0148uje jednoduch\u00fa integr\u00e1ciu do stiesnen\u00fdch priestorov a z\u00e1rove\u0148 zachov\u00e1va robustn\u00e9 zdv\u00edhacie schopnosti.<\/li>\n<li><strong>Vysok\u00e1 \u00fa\u010dinnos\u0165<\/strong>Navrhnut\u00e9 na optimaliz\u00e1ciu prietoku hydraulickej kvapaliny a zabezpe\u010denie plynulej a efekt\u00edvnej prev\u00e1dzky.<\/li>\n<li><strong>Odoln\u00e1 kon\u0161trukcia<\/strong>Vyroben\u00e9 z vysoko kvalitn\u00fdch materi\u00e1lov, ktor\u00e9 odol\u00e1vaj\u00fa opotrebovaniu a zais\u0165uj\u00fa dlh\u00fa \u017eivotnos\u0165 aj v n\u00e1ro\u010dn\u00fdch podmienkach.<\/li>\n<li><strong>V\u0161estrann\u00e9 aplik\u00e1cie<\/strong>Vhodn\u00e9 pre \u0161irok\u00fa \u0161k\u00e1lu po\u013enohospod\u00e1rskych \u00faloh, od zdv\u00edhania n\u00e1radia a\u017e po pohon hydraulick\u00fdch syst\u00e9mov.<\/li>\n<li><strong>Jednoduch\u00e1 in\u0161tal\u00e1cia<\/strong>U\u017e\u00edvate\u013esky pr\u00edvetiv\u00fd dizajn s jednoduch\u00fdmi mo\u017enos\u0165ami mont\u00e1\u017ee pre bezprobl\u00e9mov\u00e9 nastavenie.<\/li>\n<\/ul>\n<p><img decoding=\"async\" src=\"https:\/\/hzpt.com\/wp-content\/uploads\/2023\/12\/random-1.webp?v=1694163707\" alt=\"\" title=\"\"><\/p>\n<h4>V\u00fdhody:<\/h4>\n<ul>\n<li><strong>Zv\u00fd\u0161en\u00e1 produktivita<\/strong>Zv\u00fd\u0161i\u0165 prev\u00e1dzkov\u00fa efekt\u00edvnos\u0165 v po\u013enohospod\u00e1rskych \u00faloh\u00e1ch.<\/li>\n<li><strong>N\u00e1kladovo efekt\u00edvne<\/strong>Zni\u017euje potrebu rozsiahlej \u00fadr\u017eby v\u010faka odolnej kon\u0161trukcii.<\/li>\n<li><strong>Bezpe\u010dnostn\u00e9 prvky<\/strong>Obsahuje bezpe\u010dnostn\u00e9 mechanizmy, ktor\u00e9 zabra\u0148uj\u00fa pre\u0165a\u017eeniu a zais\u0165uj\u00fa bezpe\u010dn\u00fa prev\u00e1dzku.<\/li>\n<\/ul>\n<p>Tieto hydraulick\u00e9 valce s\u00fa z\u00e1kladnou s\u00fa\u010das\u0165ou modern\u00fdch po\u013enohospod\u00e1rskych postupov a poskytuj\u00fa v\u00fdkon a spo\u013eahlivos\u0165, ktor\u00e9 potrebujete pre \u00faspe\u0161n\u00e9 po\u013enohospod\u00e1rske oper\u00e1cie.<\/p>\n<h2>V\u00fdhody zv\u00e1ran\u00e9ho valca s T-kusom<\/h2>\n<ul>\n<li style=\"list-style-type: none;\">\n<ul>\n<li><strong>Zv\u00fd\u0161en\u00e1 pevnos\u0165:<\/strong> Zv\u00e1ran\u00e9 valce typu T s\u00fa zn\u00e1me svojou vysokou pevnos\u0165ou, v\u010faka \u010domu s\u00fa vhodn\u00e9 pre aplik\u00e1cie vy\u017eaduj\u00face zdv\u00edhanie \u0165a\u017ek\u00fdch bremien. Proces zv\u00e1rania pou\u017eit\u00fd pri v\u00fdrobe t\u00fdchto valcov zais\u0165uje, \u017ee valec nem\u00e1 slab\u00e9 miesta a odol\u00e1 vysok\u00e9mu tlaku a nam\u00e1haniu.<\/li>\n<\/ul>\n<\/li>\n<\/ul>\n<p>Ke\u010f sa na valec vyv\u00edja tlak, rovnomerne sa rozlo\u017e\u00ed po celom povrchu, v\u010faka \u010domu je odoln\u00fd vo\u010di deform\u00e1cii. T\u00e1to vlastnos\u0165 zais\u0165uje, \u017ee valec si zachov\u00e1 svoj tvar a \u0161truktur\u00e1lnu integritu aj v extr\u00e9mnych podmienkach.<\/p>\n<ul>\n<li style=\"list-style-type: none;\">\n<ul>\n<li><strong>Prevencia \u00faniku:<\/strong> Zv\u00e1ran\u00e9 valce typu T s\u00fa navrhnut\u00e9 tak, aby sa zabr\u00e1nilo \u00faniku. Proces zv\u00e1rania pou\u017eit\u00fd po\u010das v\u00fdrobn\u00e9ho procesu zais\u0165uje, \u017ee valec je \u00faplne utesnen\u00fd a bez ak\u00fdchko\u013evek mo\u017en\u00fdch \u00fanikov. V\u010faka tejto vlastnosti s\u00fa vhodn\u00e9 na pou\u017eitie v aplik\u00e1ci\u00e1ch, kde by \u00fanik mohol sp\u00f4sobi\u0165 v\u00e1\u017ene po\u0161kodenie alebo zranenie.<\/li>\n<\/ul>\n<\/li>\n<\/ul>\n<p>Zvarov\u00e9 spoje s\u00fa hladk\u00e9, bez ak\u00fdchko\u013evek \u0161trb\u00edn alebo dr\u00e1\u017eok, kde by sa mohli hromadi\u0165 ne\u010distoty alebo ne\u010distoty, \u010d\u00edm sa zni\u017euje riziko kor\u00f3zie a po\u0161kodenia valca.<\/p>\n<ul>\n<li style=\"list-style-type: none;\">\n<ul>\n<li><strong>Prisp\u00f4sobite\u013en\u00e9:<\/strong> Zv\u00e1ran\u00e9 valce s T-kusom je mo\u017en\u00e9 prisp\u00f4sobi\u0165 \u0161pecifick\u00fdm aplik\u00e1ci\u00e1m. Valce s\u00fa dostupn\u00e9 v r\u00f4znych ve\u013ekostiach a tvaroch a je mo\u017en\u00e9 ich vyrobi\u0165 tak, aby sp\u013a\u0148ali \u0161pecifick\u00e9 po\u017eiadavky aplik\u00e1cie.<\/li>\n<\/ul>\n<\/li>\n<\/ul>\n<p>Proces prisp\u00f4sobenia umo\u017e\u0148uje optimalizova\u0165 v\u00fdkon valca a zabezpe\u010di\u0165, aby bol vhodn\u00fd pre zam\u00fd\u0161\u013ean\u00e9 pou\u017eitie. T\u00e1to vlastnos\u0165 rob\u00ed zv\u00e1ran\u00e9 valce typu T ide\u00e1lne na pou\u017eitie v r\u00f4znych priemyseln\u00fdch aplik\u00e1ci\u00e1ch vr\u00e1tane stavebn\u00edctva, ban\u00edctva a manipul\u00e1cie s materi\u00e1lom.<\/p>\n<ul>\n<li style=\"list-style-type: none;\">\n<ul>\n<li><strong>Cenovo v\u00fdhodn\u00e9:<\/strong> Zv\u00e1ran\u00e9 valce typu T s\u00fa v porovnan\u00ed s in\u00fdmi typmi valcov n\u00e1kladovo efekt\u00edvne. V\u00fdrobn\u00fd proces pou\u017e\u00edvan\u00fd na v\u00fdrobu t\u00fdchto valcov je jednoduch\u00fd, v\u010faka \u010domu s\u00fa lacnej\u0161ie ako in\u00e9 typy valcov.<\/li>\n<\/ul>\n<\/li>\n<\/ul>\n<p>Vysok\u00e1 pevnos\u0165 a odolnos\u0165 zv\u00e1ran\u00fdch valcov typu T navy\u0161e zni\u017euje potrebu \u010dast\u00fdch opr\u00e1v a v\u00fdmen, \u010d\u00edm \u0161etr\u00ed n\u00e1klady na \u00fadr\u017ebu. T\u00e1to vlastnos\u0165 z nich rob\u00ed ob\u013e\u00faben\u00fa vo\u013ebu v mnoh\u00fdch odvetviach, najm\u00e4 v t\u00fdch s obmedzen\u00fdm rozpo\u010dtom.<\/p>\n<ul>\n<li style=\"list-style-type: none;\">\n<ul>\n<li><strong>Zv\u00fd\u0161en\u00e1 \u00fa\u010dinnos\u0165:<\/strong> Zv\u00e1ran\u00e9 valce typu T s\u00fa vysoko \u00fa\u010dinn\u00e9 a efekt\u00edvne. Kon\u0161trukcia valca zais\u0165uje, \u017ee aplikovan\u00e1 sila sa pren\u00e1\u0161a priamo na z\u00e1\u0165a\u017e, \u010d\u00edm sa zni\u017euj\u00fa straty energie a zvy\u0161uje sa \u00fa\u010dinnos\u0165.<\/li>\n<\/ul>\n<\/li>\n<\/ul>\n<p>Zvarov\u00e9 spoje s\u00fa pevn\u00e9 a tuh\u00e9, minimalizuj\u00fa priehyb a zabezpe\u010duj\u00fa, \u017ee valec si zachov\u00e1va svoj tvar a \u0161truktur\u00e1lnu integritu aj v extr\u00e9mnych podmienkach. V\u010faka tejto vlastnosti s\u00fa zvarov\u00e9 valce typu T ide\u00e1lne na pou\u017eitie v aplik\u00e1ci\u00e1ch vy\u017eaduj\u00facich vysok\u00fa \u00fa\u010dinnos\u0165 a spo\u013eahlivos\u0165.<\/p>\n<p><img decoding=\"async\" class=\"aligncenter\" src=\"https:\/\/hzpt.com\/wp-content\/uploads\/2023\/12\/random-4.webp\" alt=\"\" title=\"\"><\/p>\n<h2>Pou\u017eitie zv\u00e1ran\u00e9ho valca typu T<\/h2>\n<ol>\n<li>\n<h3>Automobilov\u00fd priemysel<\/h3>\n<p>Zv\u00e1ran\u00e9 valce typu T sa \u0161iroko pou\u017e\u00edvaj\u00fa v automobilovom priemysle. Pou\u017e\u00edvaj\u00fa sa vo dver\u00e1ch automobilov, zdvih\u00e1koch kapoty a kufra, strech\u00e1ch kabrioletov a syst\u00e9moch posil\u0148ova\u010dov riadenia. Tieto valce s\u00fa uprednost\u0148ovan\u00e9 kv\u00f4li ich schopnosti poskytova\u0165 vysok\u00fd v\u00fdkon s n\u00edzkymi priestorov\u00fdmi n\u00e1rokmi. Kon\u0161trukcia valca typu T je vhodn\u00e1 pre aplik\u00e1cie, kde je potrebn\u00e9 pren\u00e1\u0161a\u0165 silu v dvoch r\u00f4znych smeroch.<\/p>\n<p>Zv\u00e1ran\u00e1 kon\u0161trukcia t\u00fdchto valcov im navy\u0161e umo\u017e\u0148uje pracova\u0165 pri vysok\u00fdch teplot\u00e1ch a tlakoch bez ak\u00fdchko\u013evek \u00fanikov. V\u010faka tomu s\u00fa vhodn\u00e9 na pou\u017eitie v motoroch, prevodovk\u00e1ch a brzdov\u00fdch syst\u00e9moch.<\/li>\n<li>\n<h3>V\u00fdrobn\u00fd priemysel<\/h3>\n<p>Zv\u00e1ran\u00e9 valce typu T sa pou\u017e\u00edvaj\u00fa aj vo v\u00fdrobnom priemysle. Pou\u017e\u00edvaj\u00fa sa v hydraulick\u00fdch lisoch, kovac\u00edch strojoch a obr\u00e1bac\u00edch strojoch na kov. V\u010faka vysokej sile s\u00fa tieto valce ide\u00e1lne pre aplik\u00e1cie, kde je potrebn\u00e1 ve\u013ek\u00e1 sila v malom priestore.<\/p>\n<p>Kon\u0161trukcia valca typu T je tie\u017e vhodn\u00e1 pre aplik\u00e1cie, kde je potrebn\u00e9 pren\u00e1\u0161a\u0165 silu v dvoch r\u00f4znych smeroch. Napr\u00edklad v hydraulickom lise sa valec typu T m\u00f4\u017ee pou\u017ei\u0165 na p\u00f4sobenie sily vertik\u00e1lne aj horizont\u00e1lne, \u010do umo\u017e\u0148uje zlo\u017eitej\u0161ie v\u00fdrobn\u00e9 procesy.<\/li>\n<li>\n<h3>Leteck\u00fd priemysel<\/h3>\n<p>Zv\u00e1ran\u00e9 valce s T-kusom sa pou\u017e\u00edvaj\u00fa v leteckom priemysle na r\u00f4zne \u00fa\u010dely. Pou\u017e\u00edvaj\u00fa sa v syst\u00e9moch podvozkov, n\u00e1kladn\u00fdch dver\u00e1ch a syst\u00e9moch riadenia letu. V\u010faka vysokej sile a kompaktnej kon\u0161trukcii s\u00fa tieto valce ide\u00e1lne na pou\u017eitie v obmedzenom priestore lietadla.<\/p>\n<p>Zv\u00e1ran\u00e1 kon\u0161trukcia t\u00fdchto valcov ich tie\u017e rob\u00ed odoln\u00fdmi vo\u010di vysok\u00fdm tlakom a teplot\u00e1m, ktor\u00fdm s\u00fa vystaven\u00e9 po\u010das letu. Okrem toho, kon\u0161trukcia valca v tvare T umo\u017e\u0148uje prenos sily v dvoch r\u00f4znych smeroch, v\u010faka \u010domu je vhodn\u00fd pre aplik\u00e1cie, kde je potrebn\u00e9 silu aplikova\u0165 pod uhlom.<\/li>\n<li>\n<h3>Stavebn\u00fd priemysel<\/h3>\n<p>Zv\u00e1ran\u00e9 valce typu T sa pou\u017e\u00edvaj\u00fa v stavebn\u00edctve na zdv\u00edhanie a premiest\u0148ovanie \u0165a\u017ek\u00fdch bremien. Pou\u017e\u00edvaj\u00fa sa v \u017eeriavoch, bagroch a r\u00fdpadl\u00e1ch-naklada\u010doch. V\u010faka vysokej sile a kompaktnej kon\u0161trukcii s\u00fa tieto valce ide\u00e1lne na pou\u017eitie v obmedzenom priestore na stavenisku.<\/p>\n<p>Kon\u0161trukcia valca v tvare T umo\u017e\u0148uje prenos sily v dvoch r\u00f4znych smeroch, v\u010faka \u010domu je vhodn\u00fd pre aplik\u00e1cie, kde je potrebn\u00e9 silu p\u00f4sobi\u0165 pod uhlom. Zv\u00e1ran\u00e1 kon\u0161trukcia t\u00fdchto valcov im navy\u0161e umo\u017e\u0148uje pracova\u0165 pri vysok\u00fdch tlakoch a teplot\u00e1ch bez ak\u00fdchko\u013evek \u00fanikov, v\u010faka \u010domu s\u00fa vhodn\u00e9 na pou\u017eitie v n\u00e1ro\u010dn\u00fdch vonkaj\u0161\u00edch podmienkach.<\/li>\n<\/ol>\n<h3>O FMP<\/h3>\n<p>FMP je popredn\u00fd v\u00fdrobca a dod\u00e1vate\u013e hydraulick\u00fdch valcov s viac ako 30-ro\u010dn\u00fdmi sk\u00fasenos\u0165ami v tomto odvetv\u00ed. Na\u0161a priemyseln\u00e1 oblas\u0165 sa nach\u00e1dza v Taliansku a m\u00e1me viac ako 100 kusov zariaden\u00ed, aby sme zabezpe\u010dili vysoko kvalitn\u00e9 produkty a v\u010dasn\u00e9 dodanie na\u0161im z\u00e1kazn\u00edkom.<\/p>\n<h4>Na\u0161e produkty a v\u00fdhody spolo\u010dnosti<\/h4>\n<p>1. \u0160irok\u00fd sortiment hydraulick\u00fdch valcov<\/p>\n<p>Na\u0161e hydraulick\u00e9 valce zah\u0155\u0148aj\u00fa n\u00e1u\u0161nicov\u00e9 valce, obojsmern\u00e9 automatick\u00e9 teleskopick\u00e9 hydraulick\u00e9 valce a mnoho \u010fal\u0161\u00edch typov. Ka\u017ed\u00fd hydraulick\u00fd valec prech\u00e1dza pr\u00edsnym spracovan\u00edm a kontrolou, aby bola zaru\u010den\u00e1 kvalita.<\/p>\n<p><img decoding=\"async\" src=\"https:\/\/fmp-components.com\/wp-content\/uploads\/2024\/12\/fmp-factory-4.webp\" alt=\"Tov\u00e1re\u0148 na v\u00fdrobu FMP\" width=\"800\" title=\"\"><\/p>\n<p>2. Dizajn\u00e9rske slu\u017eby<\/p>\n<p>N\u00e1\u0161 kon\u0161truk\u010dn\u00fd t\u00edm m\u00e1 bohat\u00e9 sk\u00fasenosti s n\u00e1vrhom a v\u00fdvojom univerz\u00e1lnych hriade\u013eov. Sme schopn\u00ed uspokoji\u0165 potreby z\u00e1kazn\u00edkov v oblasti nov\u00fdch produktov alebo \u010fal\u0161\u00edch vylep\u0161en\u00ed.<\/p>\n<p>3. Komplexn\u00fd servis produktov<\/p>\n<p>Poskytujeme komplexn\u00fd servis produktov, od surov\u00edn cez rezanie, hrub\u00e9 spracovanie, testovanie, \u010distenie, mont\u00e1\u017e, balenie a\u017e po prepravu. To zaru\u010duje, \u017ee na\u0161i z\u00e1kazn\u00edci dostan\u00fa spo\u013eahliv\u00fd a kvalitn\u00fd produkt.<\/p>\n<p>4. Proces vzorkovania<\/p>\n<p>Vzorky vieme vyvin\u00fa\u0165 pod\u013ea va\u0161ich po\u017eiadaviek a neust\u00e1le ich upravova\u0165 tak, aby vyhovovali va\u0161im potreb\u00e1m. To v\u00e1m d\u00e1va mo\u017enos\u0165 plne si produkt vyhodnoti\u0165 pred n\u00e1kupom.<\/p>\n<p>5. Schopnosti v\u00fdskumu a v\u00fdvoja<\/p>\n<p>Na\u0161a spolo\u010dnos\u0165 sa venuje neust\u00e1lemu zlep\u0161ovaniu a inov\u00e1ci\u00e1m. Ke\u010f sa na trhu objavia nov\u00e9 potreby, \u0161tudujeme ich a vyv\u00edjame nov\u00e9 modely, ktor\u00e9 sp\u013a\u0148aj\u00fa po\u017eiadavky na\u0161ich z\u00e1kazn\u00edkov.<\/p>\n<p>Partnerstvo so spolo\u010dnos\u0165ou FMP znamen\u00e1 spolupr\u00e1cu so spo\u013eahliv\u00fdm a na kvalitu orientovan\u00fdm dod\u00e1vate\u013eom. Zaviazali sme sa poskytova\u0165 na\u0161im z\u00e1kazn\u00edkom tie najlep\u0161ie produkty a slu\u017eby, ktor\u00e9 im pom\u00f4\u017eu uspie\u0165 v ich podnikan\u00ed.<\/p>\n<p>Autor: CX<\/p>","protected":false},"excerpt":{"rendered":"<p>The 10040 Professional Small Piston Hydraulic Cylinders are engineered for agricultural applications, offering reliable performance and durability. These hydraulic cylinders are designed to efficiently lift, push, and pull heavy loads, making them ideal for various farming equipment, including tractors, harvesters, and other machinery. Key Features: Compact Design: The small piston size allows for easy integration [&hellip;]<\/p>","protected":false},"featured_media":1133,"comment_status":"closed","ping_status":"closed","template":"","meta":{"_et_pb_use_builder":"","_et_pb_old_content":"","_et_gb_content_width":""},"product_brand":[],"product_cat":[31],"product_tag":[34,35],"class_list":{"0":"post-960","1":"product","2":"type-product","3":"status-publish","4":"has-post-thumbnail","6":"product_cat-welded-tee-type-cylinder","7":"product_tag-hydraulic-cylinder","8":"product_tag-welded-tee-type-cylinder","10":"first","11":"instock","12":"product-type-simple"},"_links":{"self":[{"href":"https:\/\/fmp-components.com\/sk\/wp-json\/wp\/v2\/product\/960","targetHints":{"allow":["GET"]}}],"collection":[{"href":"https:\/\/fmp-components.com\/sk\/wp-json\/wp\/v2\/product"}],"about":[{"href":"https:\/\/fmp-components.com\/sk\/wp-json\/wp\/v2\/types\/product"}],"replies":[{"embeddable":true,"href":"https:\/\/fmp-components.com\/sk\/wp-json\/wp\/v2\/comments?post=960"}],"wp:featuredmedia":[{"embeddable":true,"href":"https:\/\/fmp-components.com\/sk\/wp-json\/wp\/v2\/media\/1133"}],"wp:attachment":[{"href":"https:\/\/fmp-components.com\/sk\/wp-json\/wp\/v2\/media?parent=960"}],"wp:term":[{"taxonomy":"product_brand","embeddable":true,"href":"https:\/\/fmp-components.com\/sk\/wp-json\/wp\/v2\/product_brand?post=960"},{"taxonomy":"product_cat","embeddable":true,"href":"https:\/\/fmp-components.com\/sk\/wp-json\/wp\/v2\/product_cat?post=960"},{"taxonomy":"product_tag","embeddable":true,"href":"https:\/\/fmp-components.com\/sk\/wp-json\/wp\/v2\/product_tag?post=960"}],"curies":[{"name":"pracovn\u00fd list","href":"https:\/\/api.w.org\/{rel}","templated":true}]}}