{"id":959,"date":"2024-12-19T03:39:43","date_gmt":"2024-12-19T03:39:43","guid":{"rendered":"https:\/\/fmp-components.com\/product\/10039-china-factory-supply-trailer-hydraulic-cylinder-for-sale\/"},"modified":"2024-12-26T08:59:32","modified_gmt":"2024-12-26T08:59:32","slug":"10039-italy-factory-supply-trailer-hydraulic-cylinder-for-sale","status":"publish","type":"product","link":"https:\/\/fmp-components.com\/sk\/product\/10039-italy-factory-supply-trailer-hydraulic-cylinder-for-sale\/","title":{"rendered":"10039 Taliansko dod\u00e1vka tov\u00e1rensk\u00e9ho pr\u00edvesu Hydraulick\u00fd valec na predaj"},"content":{"rendered":"<p>Hydraulick\u00fd valec pre pr\u00edvesy 10039 od talianskej tov\u00e1rne je navrhnut\u00fd pre optim\u00e1lny v\u00fdkon v aplik\u00e1ci\u00e1ch s pr\u00edvesmi a poskytuje spo\u013eahliv\u00e9 zdv\u00edhanie a sp\u00fa\u0161\u0165anie. Tento hydraulick\u00fd valec, vyroben\u00fd s oh\u013eadom na presnos\u0165 a kvalitu, je nevyhnutnou s\u00fa\u010das\u0165ou pre zlep\u0161enie funk\u010dnosti r\u00f4znych typov pr\u00edvesov.<\/p>\n<h4>K\u013e\u00fa\u010dov\u00e9 vlastnosti:<\/h4>\n<ul>\n<li><strong>Vysokokvalitn\u00e1 kon\u0161trukcia:<\/strong><br \/>\nHydraulick\u00fd valec 10039 je vyroben\u00fd z odoln\u00fdch materi\u00e1lov a je navrhnut\u00fd tak, aby odolal n\u00e1ro\u010dn\u00fdm podmienkam prev\u00e1dzky pr\u00edvesu. Jeho robustn\u00e1 kon\u0161trukcia zais\u0165uje dlhotrvaj\u00facu spo\u013eahlivos\u0165 a v\u00fdkon.<\/li>\n<li><strong>Efekt\u00edvny v\u00fdkon:<\/strong><br \/>\nTento hydraulick\u00fd valec je navrhnut\u00fd pre plynul\u00fd chod, ktor\u00fd umo\u017e\u0148uje presn\u00e9 ovl\u00e1danie po\u010das zdv\u00edhania a sp\u00fa\u0161\u0165ania. Jeho \u00fa\u010dinnos\u0165 pom\u00e1ha zlep\u0161i\u0165 celkov\u00fa produktivitu pri pr\u00e1ci s pr\u00edvesmi.<\/li>\n<li><strong>V\u0161estrann\u00e9 aplik\u00e1cie:<\/strong><br \/>\nTento hydraulick\u00fd valec, vhodn\u00fd pre \u0161irok\u00fa \u0161k\u00e1lu pr\u00edvesov vr\u00e1tane plo\u0161inov\u00fdch, skl\u00e1pac\u00edch a \u00fa\u017eitkov\u00fdch pr\u00edvesov, vylep\u0161uje funk\u010dnos\u0165 r\u00f4znych typov zariaden\u00ed, v\u010faka \u010domu je pre prev\u00e1dzkovate\u013eov v\u0161estrannou vo\u013ebou.<\/li>\n<li><strong>Dod\u00e1vka z tov\u00e1rne:<\/strong><br \/>\nHydraulick\u00fd valec 10039, dod\u00e1van\u00fd priamo z tov\u00e1rne, pon\u00faka konkurencieschopn\u00e9 ceny a z\u00e1ruku kvality. To zaru\u010duje, \u017ee z\u00e1kazn\u00edci dostan\u00fa spo\u013eahliv\u00fd produkt bez zbyto\u010dn\u00fdch prir\u00e1\u017eok.<\/li>\n<li><strong>Jednoduch\u00e1 in\u0161tal\u00e1cia:<\/strong><br \/>\nHydraulick\u00fd valec je navrhnut\u00fd pre jednoduch\u00fa in\u0161tal\u00e1ciu a mo\u017eno ho \u013eahko integrova\u0165 do existuj\u00facich syst\u00e9mov pr\u00edvesov, \u010d\u00edm sa minimalizuj\u00fa prestoje a zvy\u0161uje prev\u00e1dzkov\u00e1 efektivita.<\/li>\n<\/ul>\n<h2><img decoding=\"async\" src=\"https:\/\/hzpt.com\/wp-content\/uploads\/2023\/12\/random-1.webp?v=1694163707\" alt=\"\" title=\"\"><\/h2>\n<h4>Technick\u00e9 \u0161pecifik\u00e1cie:<\/h4>\n<table style=\"width: 90.3973%; height: 224px;\">\n<thead>\n<tr>\n<th>\u0160pecifik\u00e1cia<\/th>\n<th>Popis<\/th>\n<\/tr>\n<\/thead>\n<tbody>\n<tr>\n<td><strong>Nosnos\u0165<\/strong><\/td>\n<td>Prisp\u00f4sobite\u013en\u00e9<\/td>\n<\/tr>\n<tr>\n<td><strong>Ve\u013ekos\u0165 otvoru<\/strong><\/td>\n<td>R\u00f4zne dostupn\u00e9 mo\u017enosti<\/td>\n<\/tr>\n<tr>\n<td><strong>D\u013a\u017eka zdvihu<\/strong><\/td>\n<td>Prisp\u00f4sobite\u013en\u00e9<\/td>\n<\/tr>\n<tr>\n<td><strong>Maxim\u00e1lny tlak<\/strong><\/td>\n<td>A\u017e 3000 PSI<\/td>\n<\/tr>\n<tr>\n<td><strong>Materi\u00e1l<\/strong><\/td>\n<td>Vysokokvalitn\u00e1 oce\u013e<\/td>\n<\/tr>\n<tr>\n<td><strong>Typ pripojenia<\/strong><\/td>\n<td>Pr\u00edrubov\u00e9 alebo z\u00e1vitov\u00e9<\/td>\n<\/tr>\n<\/tbody>\n<\/table>\n<h4>Princ\u00edp fungovania:<\/h4>\n<p>Hydraulick\u00fd valec pr\u00edvesu 10039 funguje na z\u00e1klade tlaku hydraulickej kvapaliny. Ke\u010f sa hydraulick\u00e1 kvapalina privedie do valca, p\u00f4sob\u00ed silou na piest, \u010d\u00edm sa vytv\u00e1ra line\u00e1rny pohyb pri zdv\u00edhan\u00ed alebo sp\u00fa\u0161\u0165an\u00ed. Tento efekt\u00edvny prenos v\u00fdkonu umo\u017e\u0148uje presn\u00e9 ovl\u00e1danie prev\u00e1dzky pr\u00edvesu a zvy\u0161uje produktivitu.<\/p>\n<p>Stru\u010dne povedan\u00e9, hydraulick\u00fd valec pre pr\u00edvesy 10039 od talianskeho v\u00fdrobcu je spo\u013eahliv\u00fdm a efekt\u00edvnym rie\u0161en\u00edm pre r\u00f4zne aplik\u00e1cie pr\u00edvesov. Jeho odoln\u00e1 kon\u0161trukcia, efekt\u00edvny v\u00fdkon a priama dod\u00e1vka z neho robia nevyhnutn\u00fa s\u00fa\u010das\u0165 pre zlep\u0161enie funk\u010dnosti a spo\u013eahlivosti syst\u00e9mov pr\u00edvesov.<\/p>\n<h2><\/h2>\n<p><img decoding=\"async\" class=\"aligncenter\" src=\"https:\/\/hzpt.com\/wp-content\/uploads\/2023\/12\/random-4.webp\" alt=\"\" title=\"\"><\/p>\n<h2>V\u00fdhody zv\u00e1ran\u00e9ho valca s T-kusom<\/h2>\n<ul>\n<li style=\"list-style-type: none;\">\n<ul>\n<li><strong>Zv\u00fd\u0161en\u00e1 pevnos\u0165:<\/strong> Zv\u00e1ran\u00e9 valce typu T s\u00fa zn\u00e1me svojou vysokou pevnos\u0165ou, v\u010faka \u010domu s\u00fa vhodn\u00e9 pre aplik\u00e1cie vy\u017eaduj\u00face zdv\u00edhanie \u0165a\u017ek\u00fdch bremien. Proces zv\u00e1rania pou\u017eit\u00fd pri v\u00fdrobe t\u00fdchto valcov zais\u0165uje, \u017ee valec nem\u00e1 slab\u00e9 miesta a odol\u00e1 vysok\u00e9mu tlaku a nam\u00e1haniu.<\/li>\n<\/ul>\n<\/li>\n<\/ul>\n<p>Ke\u010f sa na valec vyv\u00edja tlak, rovnomerne sa rozlo\u017e\u00ed po celom povrchu, v\u010faka \u010domu je odoln\u00fd vo\u010di deform\u00e1cii. T\u00e1to vlastnos\u0165 zais\u0165uje, \u017ee valec si zachov\u00e1 svoj tvar a \u0161truktur\u00e1lnu integritu aj v extr\u00e9mnych podmienkach.<\/p>\n<ul>\n<li style=\"list-style-type: none;\">\n<ul>\n<li><strong>Prevencia \u00faniku:<\/strong> Zv\u00e1ran\u00e9 valce typu T s\u00fa navrhnut\u00e9 tak, aby sa zabr\u00e1nilo \u00faniku. Proces zv\u00e1rania pou\u017eit\u00fd po\u010das v\u00fdrobn\u00e9ho procesu zais\u0165uje, \u017ee valec je \u00faplne utesnen\u00fd a bez ak\u00fdchko\u013evek mo\u017en\u00fdch \u00fanikov. V\u010faka tejto vlastnosti s\u00fa vhodn\u00e9 na pou\u017eitie v aplik\u00e1ci\u00e1ch, kde by \u00fanik mohol sp\u00f4sobi\u0165 v\u00e1\u017ene po\u0161kodenie alebo zranenie.<\/li>\n<\/ul>\n<\/li>\n<\/ul>\n<p>Zvarov\u00e9 spoje s\u00fa hladk\u00e9, bez ak\u00fdchko\u013evek \u0161trb\u00edn alebo dr\u00e1\u017eok, kde by sa mohli hromadi\u0165 ne\u010distoty alebo ne\u010distoty, \u010d\u00edm sa zni\u017euje riziko kor\u00f3zie a po\u0161kodenia valca.<\/p>\n<ul>\n<li style=\"list-style-type: none;\">\n<ul>\n<li><strong>Prisp\u00f4sobite\u013en\u00e9:<\/strong> Zv\u00e1ran\u00e9 valce s T-kusom je mo\u017en\u00e9 prisp\u00f4sobi\u0165 \u0161pecifick\u00fdm aplik\u00e1ci\u00e1m. Valce s\u00fa dostupn\u00e9 v r\u00f4znych ve\u013ekostiach a tvaroch a je mo\u017en\u00e9 ich vyrobi\u0165 tak, aby sp\u013a\u0148ali \u0161pecifick\u00e9 po\u017eiadavky aplik\u00e1cie.<\/li>\n<\/ul>\n<\/li>\n<\/ul>\n<p>Proces prisp\u00f4sobenia umo\u017e\u0148uje optimalizova\u0165 v\u00fdkon valca a zabezpe\u010di\u0165, aby bol vhodn\u00fd pre zam\u00fd\u0161\u013ean\u00e9 pou\u017eitie. T\u00e1to vlastnos\u0165 rob\u00ed zv\u00e1ran\u00e9 valce typu T ide\u00e1lne na pou\u017eitie v r\u00f4znych priemyseln\u00fdch aplik\u00e1ci\u00e1ch vr\u00e1tane stavebn\u00edctva, ban\u00edctva a manipul\u00e1cie s materi\u00e1lom.<\/p>\n<ul>\n<li style=\"list-style-type: none;\">\n<ul>\n<li><strong>Cenovo v\u00fdhodn\u00e9:<\/strong> Zv\u00e1ran\u00e9 valce typu T s\u00fa v porovnan\u00ed s in\u00fdmi typmi valcov n\u00e1kladovo efekt\u00edvne. V\u00fdrobn\u00fd proces pou\u017e\u00edvan\u00fd na v\u00fdrobu t\u00fdchto valcov je jednoduch\u00fd, v\u010faka \u010domu s\u00fa lacnej\u0161ie ako in\u00e9 typy valcov.<\/li>\n<\/ul>\n<\/li>\n<\/ul>\n<p>Vysok\u00e1 pevnos\u0165 a odolnos\u0165 zv\u00e1ran\u00fdch valcov typu T navy\u0161e zni\u017euje potrebu \u010dast\u00fdch opr\u00e1v a v\u00fdmen, \u010d\u00edm \u0161etr\u00ed n\u00e1klady na \u00fadr\u017ebu. T\u00e1to vlastnos\u0165 z nich rob\u00ed ob\u013e\u00faben\u00fa vo\u013ebu v mnoh\u00fdch odvetviach, najm\u00e4 v t\u00fdch s obmedzen\u00fdm rozpo\u010dtom.<\/p>\n<ul>\n<li style=\"list-style-type: none;\">\n<ul>\n<li><strong>Zv\u00fd\u0161en\u00e1 \u00fa\u010dinnos\u0165:<\/strong> Zv\u00e1ran\u00e9 valce typu T s\u00fa vysoko \u00fa\u010dinn\u00e9 a efekt\u00edvne. Kon\u0161trukcia valca zais\u0165uje, \u017ee aplikovan\u00e1 sila sa pren\u00e1\u0161a priamo na z\u00e1\u0165a\u017e, \u010d\u00edm sa zni\u017euj\u00fa straty energie a zvy\u0161uje sa \u00fa\u010dinnos\u0165.<\/li>\n<\/ul>\n<\/li>\n<\/ul>\n<p>Zvarov\u00e9 spoje s\u00fa pevn\u00e9 a tuh\u00e9, minimalizuj\u00fa priehyb a zabezpe\u010duj\u00fa, \u017ee valec si zachov\u00e1va svoj tvar a \u0161truktur\u00e1lnu integritu aj v extr\u00e9mnych podmienkach. V\u010faka tejto vlastnosti s\u00fa zvarov\u00e9 valce typu T ide\u00e1lne na pou\u017eitie v aplik\u00e1ci\u00e1ch vy\u017eaduj\u00facich vysok\u00fa \u00fa\u010dinnos\u0165 a spo\u013eahlivos\u0165.<\/p>\n<h2>Pou\u017eitie zv\u00e1ran\u00e9ho valca typu T<\/h2>\n<h3>\u00davod<\/h3>\n<p>Zv\u00e1ran\u00fd valec typu T je typ hydraulick\u00e9ho valca, ktor\u00fd sa be\u017ene pou\u017e\u00edva v priemyseln\u00fdch aplik\u00e1ci\u00e1ch. Je navrhnut\u00fd tak, aby poskytoval vysok\u00fd v\u00fdkon v kompaktnom a cenovo dostupnom balen\u00ed. Tento typ valca pozost\u00e1va z zv\u00e1ran\u00e9ho T-kusu a piestnej ty\u010de, ktor\u00e1 je pripevnen\u00e1 k T-kusu. T-kus je pripojen\u00fd k valcu valca a obsahuje piest, ktor\u00fd sa pohybuje tam a sp\u00e4\u0165 vo vn\u00fatri valca a vytv\u00e1ra tak silu.<\/p>\n<h3>V\u00fdhody zv\u00e1ran\u00e9ho valca s T-kusom<\/h3>\n<p>Pou\u017eitie zv\u00e1ran\u00e9ho valca typu T v priemyseln\u00fdch aplik\u00e1ci\u00e1ch m\u00e1 nieko\u013eko v\u00fdhod:<\/p>\n<ul>\n<li><b>Kompaktn\u00fd dizajn:<\/b> Zv\u00e1ran\u00e9 valce s T-kusom s\u00fa navrhnut\u00e9 tak, aby boli kompaktn\u00e9, v\u010faka \u010domu s\u00fa ide\u00e1lne na pou\u017eitie v aplik\u00e1ci\u00e1ch s obmedzen\u00fdm priestorom.<\/li>\n<li><b>Vysok\u00e1 \u00fa\u010dinnos\u0165:<\/b> Zv\u00e1ran\u00e9 valce typu T s\u00fa vysoko \u00fa\u010dinn\u00e9, \u010do znamen\u00e1, \u017ee dok\u00e1\u017eu vygenerova\u0165 ve\u013ek\u00e9 mno\u017estvo sily s minim\u00e1lnym vstupom energie.<\/li>\n<li><b>Odoln\u00e9:<\/b> Zv\u00e1ran\u00e9 valce s T-kusom s\u00fa navrhnut\u00e9 tak, aby boli vysoko odoln\u00e9, \u010do znamen\u00e1, \u017ee vydr\u017eia n\u00e1ro\u010dn\u00e9 prev\u00e1dzkov\u00e9 podmienky a vydr\u017eia dlho.<\/li>\n<li><b>N\u00e1kladovo efekt\u00edvne:<\/b> Zv\u00e1ran\u00e9 valce typu T s\u00fa cenovo v\u00fdhodn\u00e9, \u010do znamen\u00e1, \u017ee poskytuj\u00fa dobr\u00fd pomer ceny a kvality.<\/li>\n<\/ul>\n<h3>Aplik\u00e1cie zv\u00e1ran\u00e9ho valca typu T<\/h3>\n<p>Zv\u00e1ran\u00e9 valce typu T maj\u00fa mnoho aplik\u00e1ci\u00ed v r\u00f4znych odvetviach, vr\u00e1tane:<\/p>\n<ul>\n<li><b>V\u00fdroba:<\/b> Zv\u00e1ran\u00e9 valce s T-kusom sa pou\u017e\u00edvaj\u00fa vo v\u00fdrobe na obsluhu strojov, premiest\u0148ovanie \u0165a\u017ek\u00fdch bremien a tvarovanie kovov\u00fdch dielov.<\/li>\n<li><b>Po\u013enohospod\u00e1rstvo:<\/b> Zv\u00e1ran\u00e9 valce s T-kusom sa pou\u017e\u00edvaj\u00fa v po\u013enohospod\u00e1rstve na ovl\u00e1danie hydraulick\u00fdch syst\u00e9mov traktorov, kombajnov a in\u00fdch po\u013enohospod\u00e1rskych strojov.<\/li>\n<li><b>Kon\u0161trukcia:<\/b> Zv\u00e1ran\u00e9 valce s T-kusom sa pou\u017e\u00edvaj\u00fa v stavebn\u00edctve na ovl\u00e1danie strojov, ako s\u00fa \u017eeriavy, bagre a r\u00fdpadl\u00e1-naklada\u010de.<\/li>\n<li><b>\u0164a\u017eba:<\/b> Zv\u00e1ran\u00e9 valce s T-kusom sa pou\u017e\u00edvaj\u00fa v ban\u00edctve na ovl\u00e1danie hydraulick\u00fdch syst\u00e9mov \u0165a\u017ek\u00fdch zariaden\u00ed, ako s\u00fa buldoz\u00e9ry, naklada\u010de a v\u0155ta\u010dky.<\/li>\n<li><b>Doprava:<\/b> Zv\u00e1ran\u00e9 valce s T-kusom sa pou\u017e\u00edvaj\u00fa v doprave na ovl\u00e1danie hydraulick\u00fdch syst\u00e9mov v n\u00e1kladn\u00fdch aut\u00e1ch, autobusoch a in\u00fdch vozidl\u00e1ch.<\/li>\n<\/ul>\n<p>Z\u00e1verom mo\u017eno poveda\u0165, \u017ee zv\u00e1ran\u00e9 valce typu T s\u00fa d\u00f4le\u017eitou s\u00fa\u010das\u0165ou mnoh\u00fdch priemyseln\u00fdch aplik\u00e1ci\u00ed. S\u00fa navrhnut\u00e9 tak, aby boli kompaktn\u00e9, efekt\u00edvne, odoln\u00e9 a n\u00e1kladovo efekt\u00edvne, v\u010faka \u010domu s\u00fa ide\u00e1lnou vo\u013ebou pre \u0161irok\u00fa \u0161k\u00e1lu aplik\u00e1ci\u00ed. \u010ci u\u017e obsluhujete stroje vo v\u00fdrobnom z\u00e1vode, po\u013enohospod\u00e1rske zariadenia na farme alebo \u0165a\u017ek\u00e9 zariadenia v bani, zv\u00e1ran\u00e9 valce typu T v\u00e1m m\u00f4\u017eu pom\u00f4c\u0165 vykon\u00e1va\u0165 pr\u00e1cu efekt\u00edvne a \u00fa\u010dinne.<\/p>\n<p><img loading=\"lazy\" decoding=\"async\" class=\"size-full wp-image-974 aligncenter\" src=\"https:\/\/fmp-components.com\/wp-content\/uploads\/2024\/12\/application-of-Welded-Tee-Type-Cylinder.webp\" alt=\"aplik\u00e1cia zv\u00e1ran\u00e9ho valca s T-kusom\" width=\"760\" height=\"860\" title=\"\" srcset=\"https:\/\/fmp-components.com\/wp-content\/uploads\/2024\/12\/application-of-Welded-Tee-Type-Cylinder.webp 760w, https:\/\/fmp-components.com\/wp-content\/uploads\/2024\/12\/application-of-Welded-Tee-Type-Cylinder-480x543.webp 480w\" sizes=\"(min-width: 0px) and (max-width: 480px) 480px, (min-width: 481px) 760px, 100vw\" \/><\/p>\n<h3>O FMP<\/h3>\n<p>FMP je popredn\u00fd v\u00fdrobca hydraulick\u00fdch valcov s viac ako 30-ro\u010dn\u00fdmi sk\u00fasenos\u0165ami v tomto odvetv\u00ed. N\u00e1\u0161 v\u00fdrobn\u00fd z\u00e1vod sa nach\u00e1dza v Taliansku a m\u00f4\u017ee sa pochv\u00e1li\u0165 viac ako 100 kusmi zariaden\u00ed vr\u00e1tane automatick\u00fdch zv\u00e1ra\u010diek v ochrannej atmosf\u00e9re plynu, v\u0155ta\u010diek na hlbok\u00e9 otvory, CNC s\u00fastruhov, valcov\u00fdch br\u00fasok, automatick\u00fdch \u010distiacich strojov a \u010fal\u0161\u00edch.<\/p>\n<p>\u0160pecializujeme sa na v\u00fdrobu vysoko kvalitn\u00fdch hydraulick\u00fdch valcov, vr\u00e1tane n\u00e1u\u0161nicov\u00fdch valcov, obojsmern\u00fdch automatick\u00fdch teleskopick\u00fdch valcov a \u010fal\u0161\u00edch. Ka\u017ed\u00fd valec prech\u00e1dza pr\u00edsnym spracovan\u00edm a kontrolou, aby sme na\u0161im z\u00e1kazn\u00edkom zabezpe\u010dili \u010do najlep\u0161iu kvalitu.<\/p>\n<h4>Na\u0161e v\u00fdhody:<\/h4>\n<ul>\n<li><strong>Dizajn\u00e9rska slu\u017eba:<\/strong> N\u00e1\u0161 sk\u00fasen\u00fd dizajn\u00e9rsky t\u00edm v\u00e1m m\u00f4\u017ee pom\u00f4c\u0165 s n\u00e1vrhom a v\u00fdvojom produktov, ako aj s vylep\u0161eniami existuj\u00facich produktov.<\/li>\n<li><strong>Produktov\u00fd servis:<\/strong> N\u00e1\u0161 v\u00fdrobn\u00fd proces zah\u0155\u0148a rezanie, hrub\u00e9 spracovanie, testovanie, \u010distenie, mont\u00e1\u017e, balenie a prepravu, aby sme zabezpe\u010dili spo\u013eahliv\u00e9 a efekt\u00edvne dodanie v\u00e1\u0161ho produktu.<\/li>\n<li><strong>Uk\u00e1\u017ekov\u00fd proces:<\/strong> Vzorky vieme vyvin\u00fa\u0165 pod\u013ea va\u0161ich po\u017eiadaviek a neust\u00e1le ich upravova\u0165 tak, aby vyhovovali va\u0161im potreb\u00e1m, \u010d\u00edm zabezpe\u010d\u00edme va\u0161u spokojnos\u0165 s kone\u010dn\u00fdm produktom.<\/li>\n<li><strong>V\u00fdskum a v\u00fdvoj:<\/strong> Neust\u00e1le sk\u00famame trh a vyv\u00edjame nov\u00e9 modely, aby sme splnili meniace sa potreby na\u0161ich z\u00e1kazn\u00edkov.<\/li>\n<li><strong>Prisp\u00f4sobenie:<\/strong> Prij\u00edmame po\u017eiadavky na \u00fapravy a vieme vyrobi\u0165 hydraulick\u00e9 valce pod\u013ea va\u0161ich \u0161pecifick\u00fdch potrieb.<\/li>\n<\/ul>\n<p><img decoding=\"async\" src=\"https:\/\/fmp-components.com\/wp-content\/uploads\/2024\/12\/fmp-factory-4.webp\" alt=\"Tov\u00e1re\u0148 na v\u00fdrobu FMP\" width=\"800\" title=\"\"><br \/>\nAutor: CX<\/p>","protected":false},"excerpt":{"rendered":"<p>The 10039 Italy Factory Supply Trailer Hydraulic Cylinder is designed for optimal performance in trailer applications, providing reliable lifting and lowering capabilities. Manufactured with precision and quality in mind, this hydraulic cylinder is an essential component for enhancing the functionality of various trailer types. Key Features: High-Quality Construction: Built from durable materials, the 10039 hydraulic [&hellip;]<\/p>","protected":false},"featured_media":1132,"comment_status":"closed","ping_status":"closed","template":"","meta":{"_et_pb_use_builder":"","_et_pb_old_content":"","_et_gb_content_width":""},"product_brand":[],"product_cat":[31],"product_tag":[34,35],"class_list":{"0":"post-959","1":"product","2":"type-product","3":"status-publish","4":"has-post-thumbnail","6":"product_cat-welded-tee-type-cylinder","7":"product_tag-hydraulic-cylinder","8":"product_tag-welded-tee-type-cylinder","10":"first","11":"instock","12":"product-type-simple"},"_links":{"self":[{"href":"https:\/\/fmp-components.com\/sk\/wp-json\/wp\/v2\/product\/959","targetHints":{"allow":["GET"]}}],"collection":[{"href":"https:\/\/fmp-components.com\/sk\/wp-json\/wp\/v2\/product"}],"about":[{"href":"https:\/\/fmp-components.com\/sk\/wp-json\/wp\/v2\/types\/product"}],"replies":[{"embeddable":true,"href":"https:\/\/fmp-components.com\/sk\/wp-json\/wp\/v2\/comments?post=959"}],"wp:featuredmedia":[{"embeddable":true,"href":"https:\/\/fmp-components.com\/sk\/wp-json\/wp\/v2\/media\/1132"}],"wp:attachment":[{"href":"https:\/\/fmp-components.com\/sk\/wp-json\/wp\/v2\/media?parent=959"}],"wp:term":[{"taxonomy":"product_brand","embeddable":true,"href":"https:\/\/fmp-components.com\/sk\/wp-json\/wp\/v2\/product_brand?post=959"},{"taxonomy":"product_cat","embeddable":true,"href":"https:\/\/fmp-components.com\/sk\/wp-json\/wp\/v2\/product_cat?post=959"},{"taxonomy":"product_tag","embeddable":true,"href":"https:\/\/fmp-components.com\/sk\/wp-json\/wp\/v2\/product_tag?post=959"}],"curies":[{"name":"pracovn\u00fd list","href":"https:\/\/api.w.org\/{rel}","templated":true}]}}