{"id":956,"date":"2024-12-19T03:39:43","date_gmt":"2024-12-19T03:39:43","guid":{"rendered":"https:\/\/fmp-components.com\/product\/quality-assurance-custom-piston-hydraulic-cylinder-for-agricultural-machinery\/"},"modified":"2024-12-19T08:48:34","modified_gmt":"2024-12-19T08:48:34","slug":"quality-assurance-custom-piston-hydraulic-cylinder-for-agricultural-machinery","status":"publish","type":"product","link":"https:\/\/fmp-components.com\/sk\/product\/quality-assurance-custom-piston-hydraulic-cylinder-for-agricultural-machinery\/","title":{"rendered":"Zabezpe\u010denie kvality Z\u00e1kazkov\u00fd piestov\u00fd hydraulick\u00fd valec pre po\u013enohospod\u00e1rske stroje"},"content":{"rendered":"<p>Hydraulick\u00fd valec s piestom na mieru s certifik\u00e1ciou Quality Assurance je \u0161peci\u00e1lne navrhnut\u00fd pre po\u013enohospod\u00e1rske stroje a poskytuje robustn\u00fd v\u00fdkon a spo\u013eahlivos\u0165. Tento hydraulick\u00fd valec, prisp\u00f4soben\u00fd jedine\u010dn\u00fdm potreb\u00e1m r\u00f4znych po\u013enohospod\u00e1rskych aplik\u00e1ci\u00ed, zais\u0165uje efekt\u00edvnu prev\u00e1dzku a odolnos\u0165.<\/p>\n<h4>K\u013e\u00fa\u010dov\u00e9 vlastnosti:<\/h4>\n<ul>\n<li><strong>Prisp\u00f4sobite\u013en\u00fd dizajn:<\/strong><br \/>\nTento hydraulick\u00fd valec je mo\u017en\u00e9 prisp\u00f4sobi\u0165 \u0161pecifick\u00fdm po\u017eiadavk\u00e1m vr\u00e1tane ve\u013ekosti otvoru, d\u013a\u017eky zdvihu a nosnosti. Toto prisp\u00f4sobenie zais\u0165uje optim\u00e1lny v\u00fdkon pre r\u00f4zne po\u013enohospod\u00e1rske \u00falohy.<\/li>\n<li><strong>Robustn\u00e1 kon\u0161trukcia piestu:<\/strong><br \/>\nTento hydraulick\u00fd valec sa vyzna\u010duje vysoko kvalitnou kon\u0161trukciou piestu a pon\u00faka vynikaj\u00facu pevnos\u0165 a \u00fa\u010dinnos\u0165. Robustn\u00e1 kon\u0161trukcia minimalizuje opotrebenie a predl\u017euje \u017eivotnos\u0165 valca, v\u010faka \u010domu je ide\u00e1lny pre n\u00e1ro\u010dn\u00e9 po\u013enohospod\u00e1rske prostredie.<\/li>\n<li><strong>Zabezpe\u010denie kvality:<\/strong><br \/>\nKa\u017ed\u00fd hydraulick\u00fd valec prech\u00e1dza pr\u00edsnymi procesmi kontroly kvality, aby sa zabezpe\u010dilo, \u017ee sp\u013a\u0148a priemyseln\u00e9 \u0161tandardy. Tento z\u00e1v\u00e4zok ku kvalite zaru\u010duje spo\u013eahliv\u00fd v\u00fdkon a bezpe\u010dnos\u0165 po\u010das prev\u00e1dzky.<\/li>\n<li><strong>V\u0161estrann\u00e9 aplik\u00e1cie:<\/strong><br \/>\nTento hydraulick\u00fd valec, vhodn\u00fd pre \u0161irok\u00fa \u0161k\u00e1lu po\u013enohospod\u00e1rskych strojov vr\u00e1tane traktorov, kombajnov a naklada\u010dov, vylep\u0161uje funk\u010dnos\u0165 r\u00f4znych zariaden\u00ed, v\u010faka \u010domu je cenn\u00fdm doplnkom pre ak\u00fako\u013evek po\u013enohospod\u00e1rsku \u010dinnos\u0165.<\/li>\n<li><strong>Jednoduch\u00e1 in\u0161tal\u00e1cia:<\/strong><br \/>\nTento hydraulick\u00fd valec s piestom na mieru je navrhnut\u00fd pre jednoduch\u00fa in\u0161tal\u00e1ciu a mo\u017eno ho r\u00fdchlo integrova\u0165 do existuj\u00facich syst\u00e9mov, \u010d\u00edm sa minimalizuj\u00fa prestoje a zvy\u0161uje produktivita.<\/li>\n<\/ul>\n<p><img decoding=\"async\" class=\"aligncenter\" src=\"https:\/\/hzpt.com\/wp-content\/uploads\/2023\/12\/random-3.webp\" alt=\"\" title=\"\"><\/p>\n<h4>Technick\u00e9 \u0161pecifik\u00e1cie:<\/h4>\n<table style=\"width: 94.7071%; height: 200px;\">\n<thead>\n<tr>\n<th>\u0160pecifik\u00e1cia<\/th>\n<th>Popis<\/th>\n<\/tr>\n<\/thead>\n<tbody>\n<tr>\n<td><strong>Nosnos\u0165<\/strong><\/td>\n<td>Prisp\u00f4sobite\u013en\u00e9<\/td>\n<\/tr>\n<tr>\n<td><strong>Ve\u013ekos\u0165 otvoru<\/strong><\/td>\n<td>R\u00f4zne dostupn\u00e9 mo\u017enosti<\/td>\n<\/tr>\n<tr>\n<td><strong>D\u013a\u017eka zdvihu<\/strong><\/td>\n<td>Prisp\u00f4sobite\u013en\u00e9<\/td>\n<\/tr>\n<tr>\n<td><strong>Maxim\u00e1lny tlak<\/strong><\/td>\n<td>A\u017e 3000 PSI<\/td>\n<\/tr>\n<tr>\n<td><strong>Materi\u00e1l<\/strong><\/td>\n<td>Vysokokvalitn\u00e1 oce\u013e<\/td>\n<\/tr>\n<tr>\n<td><strong>Typ pripojenia<\/strong><\/td>\n<td>Pr\u00edrubov\u00e9 alebo z\u00e1vitov\u00e9<\/td>\n<\/tr>\n<\/tbody>\n<\/table>\n<h4>Princ\u00edp fungovania:<\/h4>\n<p>Hydraulick\u00fd valec s piestom na mieru funguje na princ\u00edpe tlaku hydraulickej kvapaliny. Ke\u010f sa hydraulick\u00e1 kvapalina \u010derp\u00e1 do valca, p\u00f4sob\u00ed silou na piest, \u010d\u00edm sa vytv\u00e1ra line\u00e1rny pohyb pri zdv\u00edhan\u00ed alebo tla\u010den\u00ed. Tento \u00fa\u010dinn\u00fd mechanizmus umo\u017e\u0148uje presn\u00e9 ovl\u00e1danie a zvy\u0161uje v\u00fdkon po\u013enohospod\u00e1rskych strojov.<\/p>\n<p>Stru\u010dne povedan\u00e9, hydraulick\u00fd valec s piestom na mieru pre po\u013enohospod\u00e1rske stroje s certifik\u00e1ciou Quality Assurance je spo\u013eahliv\u00e9 a efekt\u00edvne rie\u0161enie prisp\u00f4soben\u00e9 \u0161pecifick\u00fdm potreb\u00e1m po\u013enohospod\u00e1rov a prev\u00e1dzkovate\u013eov. Jeho odoln\u00e1 kon\u0161trukcia, mo\u017enosti prisp\u00f4sobenia a z\u00e1v\u00e4zok ku kvalite z neho robia nevyhnutn\u00fa s\u00fa\u010das\u0165 pre zlep\u0161enie v\u00fdkonu po\u013enohospod\u00e1rskych strojov.<\/p>\n<h2>Funkcie a vlastnosti<\/h2>\n<p>Hydraulick\u00fd valec s piestom na mieru zohr\u00e1va v po\u013enohospod\u00e1rskych strojoch d\u00f4le\u017eit\u00fa \u00falohu, preto\u017ee umo\u017e\u0148uje efekt\u00edvny a \u00fa\u010dinn\u00fd v\u00fdkon, od zdv\u00edhania \u0165a\u017ek\u00fdch bremien a\u017e po zabezpe\u010denie pohybu a ovl\u00e1dania. V\u010faka svojej vysokej nosnosti, robustnej kon\u0161trukcii a v\u00fdnimo\u010dnej odolnosti vo\u010di opotrebovaniu je tento hydraulick\u00fd valec ide\u00e1lnym rie\u0161en\u00edm pre po\u017eiadavky po\u013enohospod\u00e1rskych strojov.<\/p>\n<p><img decoding=\"async\" src=\"https:\/\/hzpt.com\/wp-content\/uploads\/2023\/12\/random-1.webp?v=1694163707\" alt=\"\" title=\"\"><\/p>\n<h2>V\u00fdhody zv\u00e1ran\u00e9ho valca s T-kusom<\/h2>\n<ul>\n<li style=\"list-style-type: none;\">\n<ul>\n<li><strong>Zv\u00fd\u0161en\u00e1 pevnos\u0165:<\/strong> Zv\u00e1ran\u00e9 valce typu T s\u00fa zn\u00e1me svojou vysokou pevnos\u0165ou, v\u010faka \u010domu s\u00fa vhodn\u00e9 pre aplik\u00e1cie vy\u017eaduj\u00face zdv\u00edhanie \u0165a\u017ek\u00fdch bremien. Proces zv\u00e1rania pou\u017eit\u00fd pri v\u00fdrobe t\u00fdchto valcov zais\u0165uje, \u017ee valec nem\u00e1 slab\u00e9 miesta a odol\u00e1 vysok\u00e9mu tlaku a nam\u00e1haniu.<\/li>\n<\/ul>\n<\/li>\n<\/ul>\n<p>Ke\u010f sa na valec vyv\u00edja tlak, rovnomerne sa rozlo\u017e\u00ed po celom povrchu, v\u010faka \u010domu je odoln\u00fd vo\u010di deform\u00e1cii. T\u00e1to vlastnos\u0165 zais\u0165uje, \u017ee valec si zachov\u00e1 svoj tvar a \u0161truktur\u00e1lnu integritu aj v extr\u00e9mnych podmienkach.<\/p>\n<ul>\n<li style=\"list-style-type: none;\">\n<ul>\n<li><strong>Prevencia \u00faniku:<\/strong> Zv\u00e1ran\u00e9 valce typu T s\u00fa navrhnut\u00e9 tak, aby sa zabr\u00e1nilo \u00faniku. Proces zv\u00e1rania pou\u017eit\u00fd po\u010das v\u00fdrobn\u00e9ho procesu zais\u0165uje, \u017ee valec je \u00faplne utesnen\u00fd a bez ak\u00fdchko\u013evek mo\u017en\u00fdch \u00fanikov. V\u010faka tejto vlastnosti s\u00fa vhodn\u00e9 na pou\u017eitie v aplik\u00e1ci\u00e1ch, kde by \u00fanik mohol sp\u00f4sobi\u0165 v\u00e1\u017ene po\u0161kodenie alebo zranenie.<\/li>\n<\/ul>\n<\/li>\n<\/ul>\n<p>Zvarov\u00e9 spoje s\u00fa hladk\u00e9, bez ak\u00fdchko\u013evek \u0161trb\u00edn alebo dr\u00e1\u017eok, kde by sa mohli hromadi\u0165 ne\u010distoty alebo ne\u010distoty, \u010d\u00edm sa zni\u017euje riziko kor\u00f3zie a po\u0161kodenia valca.<\/p>\n<ul>\n<li style=\"list-style-type: none;\">\n<ul>\n<li><strong>Prisp\u00f4sobite\u013en\u00e9:<\/strong> Zv\u00e1ran\u00e9 valce s T-kusom je mo\u017en\u00e9 prisp\u00f4sobi\u0165 \u0161pecifick\u00fdm aplik\u00e1ci\u00e1m. Valce s\u00fa dostupn\u00e9 v r\u00f4znych ve\u013ekostiach a tvaroch a je mo\u017en\u00e9 ich vyrobi\u0165 tak, aby sp\u013a\u0148ali \u0161pecifick\u00e9 po\u017eiadavky aplik\u00e1cie.<\/li>\n<\/ul>\n<\/li>\n<\/ul>\n<p>Proces prisp\u00f4sobenia umo\u017e\u0148uje optimalizova\u0165 v\u00fdkon valca a zabezpe\u010di\u0165, aby bol vhodn\u00fd pre zam\u00fd\u0161\u013ean\u00e9 pou\u017eitie. T\u00e1to vlastnos\u0165 rob\u00ed zv\u00e1ran\u00e9 valce typu T ide\u00e1lne na pou\u017eitie v r\u00f4znych priemyseln\u00fdch aplik\u00e1ci\u00e1ch vr\u00e1tane stavebn\u00edctva, ban\u00edctva a manipul\u00e1cie s materi\u00e1lom.<\/p>\n<ul>\n<li style=\"list-style-type: none;\">\n<ul>\n<li><strong>Cenovo v\u00fdhodn\u00e9:<\/strong> Zv\u00e1ran\u00e9 valce typu T s\u00fa v porovnan\u00ed s in\u00fdmi typmi valcov n\u00e1kladovo efekt\u00edvne. V\u00fdrobn\u00fd proces pou\u017e\u00edvan\u00fd na v\u00fdrobu t\u00fdchto valcov je jednoduch\u00fd, v\u010faka \u010domu s\u00fa lacnej\u0161ie ako in\u00e9 typy valcov.<\/li>\n<\/ul>\n<\/li>\n<\/ul>\n<p>Vysok\u00e1 pevnos\u0165 a odolnos\u0165 zv\u00e1ran\u00fdch valcov typu T navy\u0161e zni\u017euje potrebu \u010dast\u00fdch opr\u00e1v a v\u00fdmen, \u010d\u00edm \u0161etr\u00ed n\u00e1klady na \u00fadr\u017ebu. T\u00e1to vlastnos\u0165 z nich rob\u00ed ob\u013e\u00faben\u00fa vo\u013ebu v mnoh\u00fdch odvetviach, najm\u00e4 v t\u00fdch s obmedzen\u00fdm rozpo\u010dtom.<\/p>\n<ul>\n<li style=\"list-style-type: none;\">\n<ul>\n<li><strong>Zv\u00fd\u0161en\u00e1 \u00fa\u010dinnos\u0165:<\/strong> Zv\u00e1ran\u00e9 valce typu T s\u00fa vysoko \u00fa\u010dinn\u00e9 a efekt\u00edvne. Kon\u0161trukcia valca zais\u0165uje, \u017ee aplikovan\u00e1 sila sa pren\u00e1\u0161a priamo na z\u00e1\u0165a\u017e, \u010d\u00edm sa zni\u017euj\u00fa straty energie a zvy\u0161uje sa \u00fa\u010dinnos\u0165.<\/li>\n<\/ul>\n<\/li>\n<\/ul>\n<p>Zvarov\u00e9 spoje s\u00fa pevn\u00e9 a tuh\u00e9, minimalizuj\u00fa priehyb a zabezpe\u010duj\u00fa, \u017ee valec si zachov\u00e1va svoj tvar a \u0161truktur\u00e1lnu integritu aj v extr\u00e9mnych podmienkach. V\u010faka tejto vlastnosti s\u00fa zvarov\u00e9 valce typu T ide\u00e1lne na pou\u017eitie v aplik\u00e1ci\u00e1ch vy\u017eaduj\u00facich vysok\u00fa \u00fa\u010dinnos\u0165 a spo\u013eahlivos\u0165.<\/p>\n<h2>Pou\u017eitie zv\u00e1ran\u00e9ho valca typu T<\/h2>\n<ul>\n<li>\n<h3>Priemyseln\u00e9 stroje a zariadenia<\/h3>\n<p>Zv\u00e1ran\u00fd valec s T-kusom sa \u0161iroko pou\u017e\u00edva v priemyseln\u00fdch strojoch a zariadeniach, najm\u00e4 v hydraulick\u00fdch syst\u00e9moch. Valec sa sklad\u00e1 z piestu a valcovej r\u00farky, ktor\u00e9 s\u00fa zvaren\u00e9 do jedn\u00e9ho celku. T\u00e1to kon\u0161trukcia pon\u00faka oproti in\u00fdm typom valcov nieko\u013eko v\u00fdhod, ako je zv\u00fd\u0161en\u00e1 odolnos\u0165, vy\u0161\u0161ia pevnos\u0165 a v\u00e4\u010d\u0161ia presnos\u0165.<\/p>\n<p>Jednou z najd\u00f4le\u017eitej\u0161\u00edch aplik\u00e1ci\u00ed zv\u00e1ran\u00fdch valcov s tvarom T v priemyseln\u00fdch strojoch je ich schopnos\u0165 poskytova\u0165 konzistentn\u00fa a presn\u00fa silu. To je nevyhnutn\u00e9 pre mnoh\u00e9 v\u00fdrobn\u00e9 procesy, kde je potrebn\u00e1 presn\u00e1 kontrola na zabezpe\u010denie kvality kone\u010dn\u00e9ho produktu. Zv\u00e1ran\u00e9 valce s tvarom T sa m\u00f4\u017eu tie\u017e pou\u017ei\u0165 na regul\u00e1ciu prietoku kvapal\u00edn v hydraulick\u00fdch syst\u00e9moch, \u010do umo\u017e\u0148uje v\u00e4\u010d\u0161iu \u00fa\u010dinnos\u0165 a spo\u013eahlivos\u0165 v r\u00f4znych priemyseln\u00fdch aplik\u00e1ci\u00e1ch.<\/li>\n<li>\n<h3>Po\u013enohospod\u00e1rske stroje<\/h3>\n<p>Zv\u00e1ran\u00fd valec typu T sa be\u017ene pou\u017e\u00edva aj v po\u013enohospod\u00e1rskych strojoch, ako s\u00fa traktory a kombajny. Tieto stroje vy\u017eaduj\u00fa na efekt\u00edvnu prev\u00e1dzku v\u00fdkonn\u00e9 a spo\u013eahliv\u00e9 hydraulick\u00e9 syst\u00e9my a zv\u00e1ran\u00fd valec typu T je na tento \u00fa\u010del ide\u00e1lnou vo\u013ebou.<\/p>\n<p>Robustn\u00e1 kon\u0161trukcia a vysok\u00e1 pevnos\u0165 valca ho robia vysoko odoln\u00fdm vo\u010di opotrebovaniu, a to aj v n\u00e1ro\u010dn\u00fdch prev\u00e1dzkov\u00fdch podmienkach. V\u010faka tomu je ide\u00e1lnou vo\u013ebou pre pou\u017eitie v po\u013enohospod\u00e1rskych strojoch, kde je odolnos\u0165 k\u013e\u00fa\u010dov\u00fdm faktorom. Zv\u00e1ran\u00fd valec typu T sa d\u00e1 pou\u017ei\u0165 aj na zabezpe\u010denie presn\u00e9ho ovl\u00e1dania potrebn\u00e9ho pre mnoh\u00e9 po\u013enohospod\u00e1rske procesy, ako je sadenie, zber \u00farody a zavla\u017eovanie.<\/li>\n<li>\n<h3>Stavebn\u00e9 stroje<\/h3>\n<p>Zv\u00e1ran\u00fd valec s T-kusom sa tie\u017e \u0161iroko pou\u017e\u00edva v stavebn\u00fdch strojoch, ako s\u00fa bagre, r\u00fdpadl\u00e1 a buldoz\u00e9ry. Tieto stroje vy\u017eaduj\u00fa v\u00fdkonn\u00e9 a spo\u013eahliv\u00e9 hydraulick\u00e9 syst\u00e9my na vykon\u00e1vanie n\u00e1ro\u010dn\u00fdch \u00faloh, ako je kopanie, zdv\u00edhanie a tla\u010denie \u0165a\u017ek\u00fdch bremien.<\/p>\n<p>Vysok\u00e1 pevnos\u0165 a odolnos\u0165 zv\u00e1ran\u00e9ho valca typu T z neho robia ide\u00e1lnu vo\u013ebu pre pou\u017eitie v stavebn\u00fdch strojoch. Jeho schopnos\u0165 zabezpe\u010di\u0165 presn\u00e9 ovl\u00e1danie a konzistentn\u00fa silu je nevyhnutn\u00e1 pre mnoh\u00e9 stavebn\u00e9 procesy, ako s\u00fa v\u00fdkopov\u00e9 pr\u00e1ce, ter\u00e9nne \u00fapravy a dla\u017eby. Zv\u00e1ran\u00fd valec typu T sa m\u00f4\u017ee pou\u017ei\u0165 aj na regul\u00e1ciu prietoku kvapal\u00edn v hydraulick\u00fdch syst\u00e9moch, \u010d\u00edm sa zlep\u0161uje \u00fa\u010dinnos\u0165 a spo\u013eahlivos\u0165 stavebn\u00fdch strojov v r\u00f4znych aplik\u00e1ci\u00e1ch.<\/li>\n<\/ul>\n<h3>O FMP<\/h3>\n<p>Spolo\u010dnos\u0165 FMP je u\u017e viac ako 30 rokov popredn\u00fdm v\u00fdrobcom a dod\u00e1vate\u013eom vysokokvalitn\u00fdch hydraulick\u00fdch valcov. Na\u0161a priemyseln\u00e1 oblas\u0165 sa nach\u00e1dza v Taliansku a m\u00e1me viac ako 100 kusov zariaden\u00ed vr\u00e1tane automatick\u00fdch zv\u00e1ra\u010diek v ochrannej atmosf\u00e9re plynu, v\u0155ta\u010diek na hlbok\u00e9 otvory, CNC s\u00fastruhov, valcov\u00fdch br\u00fasok, automatick\u00fdch \u010distiacich strojov, automatick\u00fdch mont\u00e1\u017enych strojov, automatick\u00fdch sk\u00fa\u0161obn\u00fdch stol\u00edc na v\u00fdkon hydraulick\u00fdch valcov a automatick\u00fdch lakovac\u00edch liniek. V\u0161etky na\u0161e hydraulick\u00e9 valce vr\u00e1tane n\u00e1u\u0161nicov\u00e9ho hydraulick\u00e9ho valca a obojsmern\u00e9ho automatick\u00e9ho teleskopick\u00e9ho hydraulick\u00e9ho valca prech\u00e1dzaj\u00fa pr\u00edsnym spracovan\u00edm a kontrolou, aby sme na\u0161im z\u00e1kazn\u00edkom zaru\u010dili najvy\u0161\u0161iu kvalitu.<\/p>\n<h4>Dizajn\u00e9rske slu\u017eby<\/h4>\n<p>N\u00e1\u0161 dizajn\u00e9rsky t\u00edm m\u00e1 bohat\u00e9 sk\u00fasenosti s n\u00e1vrhom a v\u00fdvojom univerz\u00e1lnych hriade\u013eov. Ak m\u00e1te ak\u00e9ko\u013evek potreby nov\u00fdch produktov alebo chcete \u010fal\u0161ie vylep\u0161enia, radi v\u00e1m pom\u00f4\u017eeme.<\/p>\n<h4>Produktov\u00fd servis<\/h4>\n<p>N\u00e1\u0161 komplexn\u00fd servis zah\u0155\u0148a rezanie surov\u00edn, hrub\u00e9 spracovanie, testovanie, \u010distenie, mont\u00e1\u017e, balenie a prepravu. Zabezpe\u010dujeme, aby na\u0161i z\u00e1kazn\u00edci dostali svoje produkty v perfektnom stave a v\u010das.<\/p>\n<h4>Uk\u00e1\u017ekov\u00fd proces<\/h4>\n<p>Vzorky vieme vyvin\u00fa\u0165 pod\u013ea va\u0161ich po\u017eiadaviek a neust\u00e1le ich upravova\u0165 tak, aby vyhovovali va\u0161im potreb\u00e1m. To zaru\u010duje va\u0161u spokojnos\u0165 s kone\u010dn\u00fdm produktom.<\/p>\n<h4>V\u00fdskum a v\u00fdvoj<\/h4>\n<p>N\u00e1\u0161 t\u00edm pre v\u00fdskum a v\u00fdvoj neust\u00e1le sleduje najnov\u0161ie trendy na trhu a pracuje na v\u00fdvoji nov\u00fdch modelov, aby sp\u013a\u0148al meniace sa potreby na\u0161ich z\u00e1kazn\u00edkov.<\/p>\n<h4>Prisp\u00f4sobenie<\/h4>\n<p>Prij\u00edmame \u00fapravy na\u0161ich hydraulick\u00fdch valcov pod\u013ea va\u0161ich \u0161pecifick\u00fdch po\u017eiadaviek. To znamen\u00e1, \u017ee si m\u00f4\u017eete zaobstara\u0165 produkt, ktor\u00fd dokonale vyhovuje va\u0161im potreb\u00e1m, a n\u00e1\u0161 t\u00edm je v\u017edy pripraven\u00fd poskytn\u00fa\u0165 v\u00e1m tie najlep\u0161ie rie\u0161enia.<\/p>\n<p><img decoding=\"async\" src=\"https:\/\/fmp-components.com\/wp-content\/uploads\/2024\/12\/fmp-factory-4.webp\" alt=\"Tov\u00e1re\u0148 na v\u00fdrobu FMP\" width=\"800\" title=\"\"><br \/>\nAutor: CX<\/p>","protected":false},"excerpt":{"rendered":"<p>The Quality Assurance Custom Piston Hydraulic Cylinder is specifically designed for agricultural machinery, providing robust performance and reliability. Tailored to meet the unique needs of various agricultural applications, this hydraulic cylinder ensures efficient operation and durability. Key Features: Customizable Design: This hydraulic cylinder can be tailored to meet specific requirements, including bore size, stroke length, [&hellip;]<\/p>","protected":false},"featured_media":1132,"comment_status":"closed","ping_status":"closed","template":"","meta":{"_et_pb_use_builder":"","_et_pb_old_content":"","_et_gb_content_width":""},"product_brand":[],"product_cat":[31],"product_tag":[34,35],"class_list":{"0":"post-956","1":"product","2":"type-product","3":"status-publish","4":"has-post-thumbnail","6":"product_cat-welded-tee-type-cylinder","7":"product_tag-hydraulic-cylinder","8":"product_tag-welded-tee-type-cylinder","10":"first","11":"instock","12":"product-type-simple"},"_links":{"self":[{"href":"https:\/\/fmp-components.com\/sk\/wp-json\/wp\/v2\/product\/956","targetHints":{"allow":["GET"]}}],"collection":[{"href":"https:\/\/fmp-components.com\/sk\/wp-json\/wp\/v2\/product"}],"about":[{"href":"https:\/\/fmp-components.com\/sk\/wp-json\/wp\/v2\/types\/product"}],"replies":[{"embeddable":true,"href":"https:\/\/fmp-components.com\/sk\/wp-json\/wp\/v2\/comments?post=956"}],"wp:featuredmedia":[{"embeddable":true,"href":"https:\/\/fmp-components.com\/sk\/wp-json\/wp\/v2\/media\/1132"}],"wp:attachment":[{"href":"https:\/\/fmp-components.com\/sk\/wp-json\/wp\/v2\/media?parent=956"}],"wp:term":[{"taxonomy":"product_brand","embeddable":true,"href":"https:\/\/fmp-components.com\/sk\/wp-json\/wp\/v2\/product_brand?post=956"},{"taxonomy":"product_cat","embeddable":true,"href":"https:\/\/fmp-components.com\/sk\/wp-json\/wp\/v2\/product_cat?post=956"},{"taxonomy":"product_tag","embeddable":true,"href":"https:\/\/fmp-components.com\/sk\/wp-json\/wp\/v2\/product_tag?post=956"}],"curies":[{"name":"pracovn\u00fd list","href":"https:\/\/api.w.org\/{rel}","templated":true}]}}