{"id":954,"date":"2024-12-19T03:39:43","date_gmt":"2024-12-19T03:39:43","guid":{"rendered":"https:\/\/fmp-components.com\/product\/10034-cost-effective-welded-hydraulic-cylinders-double-acting\/"},"modified":"2024-12-19T08:48:23","modified_gmt":"2024-12-19T08:48:23","slug":"10034-cost-effective-welded-hydraulic-cylinders-double-acting","status":"publish","type":"product","link":"https:\/\/fmp-components.com\/sk\/product\/10034-cost-effective-welded-hydraulic-cylinders-double-acting\/","title":{"rendered":"10034 Cenovo v\u00fdhodn\u00e9 zv\u00e1ran\u00e9 hydraulick\u00e9 valce dvoj\u010dinn\u00e9"},"content":{"rendered":"<p>Cenovo v\u00fdhodn\u00e9 zv\u00e1ran\u00e9 hydraulick\u00e9 valce 10034 s\u00fa navrhnut\u00e9 pre spo\u013eahliv\u00fd v\u00fdkon v r\u00f4znych aplik\u00e1ci\u00e1ch a pon\u00fakaj\u00fa robustn\u00e9 rie\u0161enie pre priemyseln\u00e9 aj po\u013enohospod\u00e1rske potreby. Tieto dvoj\u010dinn\u00e9 valce s\u00fa skon\u0161truovan\u00e9 pre \u00fa\u010dinnos\u0165 a odolnos\u0165, v\u010faka \u010domu s\u00fa cenn\u00fdm doplnkom ka\u017ed\u00e9ho hydraulick\u00e9ho syst\u00e9mu.<\/p>\n<h4>K\u013e\u00fa\u010dov\u00e9 vlastnosti:<\/h4>\n<ul>\n<li><strong>Dvoj\u010dinn\u00fd mechanizmus:<\/strong><br \/>\nDvoj\u010dinn\u00e1 kon\u0161trukcia umo\u017e\u0148uje efekt\u00edvnu prev\u00e1dzku pri vys\u00favan\u00ed aj zas\u00favan\u00ed, \u010d\u00edm zabezpe\u010duje plynul\u00fd a kontrolovan\u00fd pohyb pri zdv\u00edhan\u00ed, tla\u010den\u00ed a \u0165ahan\u00ed. T\u00e1to funkcia zvy\u0161uje v\u0161estrannos\u0165 v r\u00f4znych aplik\u00e1ci\u00e1ch.<\/li>\n<li><strong>Zv\u00e1ran\u00e1 kon\u0161trukcia:<\/strong><br \/>\nHydraulick\u00e9 valce 10034 s\u00fa vyroben\u00e9 zo zv\u00e1ranej kon\u0161trukcie a pon\u00fakaj\u00fa vynikaj\u00facu pevnos\u0165 a odolnos\u0165. T\u00e1to kon\u0161truk\u010dn\u00e1 met\u00f3da zais\u0165uje robustn\u00fa kon\u0161trukciu, ktor\u00e1 odol\u00e1 vysok\u00fdm tlakom a n\u00e1ro\u010dn\u00fdm podmienkam.<\/li>\n<li><strong>Cenovo v\u00fdhodn\u00e9 rie\u0161enie:<\/strong><br \/>\nTieto hydraulick\u00e9 valce, navrhnut\u00e9 tak, aby poskytovali vynikaj\u00faci v\u00fdkon za prijate\u013en\u00fa cenu, s\u00fa ekonomickou vo\u013ebou pre t\u00fdch, ktor\u00ed chc\u00fa optimalizova\u0165 svoje hydraulick\u00e9 syst\u00e9my bez kompromisov v kvalite.<\/li>\n<li><strong>V\u0161estrann\u00e9 aplik\u00e1cie:<\/strong><br \/>\nHydraulick\u00e9 valce 10034 s\u00fa vhodn\u00e9 pre r\u00f4zne aplik\u00e1cie vr\u00e1tane priemyseln\u00fdch strojov, po\u013enohospod\u00e1rskych zariaden\u00ed a stavebn\u00fdch projektov a s\u00fa prisp\u00f4sobite\u013en\u00e9 tak, aby sp\u013a\u0148ali r\u00f4zne prev\u00e1dzkov\u00e9 potreby.<\/li>\n<li><strong>Jednoduch\u00e1 in\u0161tal\u00e1cia:<\/strong><br \/>\nDizajn umo\u017e\u0148uje jednoduch\u00fa in\u0161tal\u00e1ciu a r\u00fdchlu integr\u00e1ciu do existuj\u00facich syst\u00e9mov. T\u00e1to jednoduchos\u0165 pou\u017eitia minimalizuje prestoje a zvy\u0161uje produktivitu.<\/li>\n<\/ul>\n<p><img decoding=\"async\" src=\"https:\/\/hzpt.com\/wp-content\/uploads\/2023\/12\/random-2.webp\" alt=\"\" title=\"\"><\/p>\n<h4>Technick\u00e9 \u0161pecifik\u00e1cie:<\/h4>\n<table style=\"width: 89.7053%; height: 327px;\">\n<thead>\n<tr style=\"height: 23px;\">\n<th style=\"height: 23px;\">\u0160pecifik\u00e1cia<\/th>\n<th style=\"height: 23px;\">Popis<\/th>\n<\/tr>\n<\/thead>\n<tbody>\n<tr style=\"height: 23px;\">\n<td style=\"height: 23px;\"><strong>Nosnos\u0165<\/strong><\/td>\n<td style=\"height: 23px;\">Prisp\u00f4sobite\u013en\u00e9<\/td>\n<\/tr>\n<tr style=\"height: 47px;\">\n<td style=\"height: 47px;\"><strong>Ve\u013ekos\u0165 otvoru<\/strong><\/td>\n<td style=\"height: 47px;\">R\u00f4zne dostupn\u00e9 mo\u017enosti<\/td>\n<\/tr>\n<tr style=\"height: 23px;\">\n<td style=\"height: 23px;\"><strong>D\u013a\u017eka zdvihu<\/strong><\/td>\n<td style=\"height: 23px;\">Prisp\u00f4sobite\u013en\u00e9<\/td>\n<\/tr>\n<tr style=\"height: 47px;\">\n<td style=\"height: 47px;\"><strong>Maxim\u00e1lny tlak<\/strong><\/td>\n<td style=\"height: 47px;\">A\u017e 3000 PSI<\/td>\n<\/tr>\n<tr style=\"height: 23px;\">\n<td style=\"height: 23px;\"><strong>Materi\u00e1l<\/strong><\/td>\n<td style=\"height: 23px;\">Vysokokvalitn\u00e1 oce\u013e<\/td>\n<\/tr>\n<tr style=\"height: 23px;\">\n<td style=\"height: 23px;\"><strong>Typ pripojenia<\/strong><\/td>\n<td style=\"height: 23px;\">Pr\u00edrubov\u00e9 alebo z\u00e1vitov\u00e9<\/td>\n<\/tr>\n<\/tbody>\n<\/table>\n<h4>Princ\u00edp fungovania:<\/h4>\n<p>Zv\u00e1ran\u00e9 hydraulick\u00e9 valce 10034 funguj\u00fa na princ\u00edpe tlaku hydraulickej kvapaliny. Ke\u010f sa hydraulick\u00e1 kvapalina \u010derp\u00e1 do valca, p\u00f4sob\u00ed silou na piest, \u010d\u00edm sa vytv\u00e1ra line\u00e1rny pohyb v oboch smeroch. Tento efekt\u00edvny prenos v\u00fdkonu umo\u017e\u0148uje presn\u00e9 ovl\u00e1danie r\u00f4znych \u00faloh a zvy\u0161uje prev\u00e1dzkov\u00fa efektivitu.<\/p>\n<p>Stru\u010dne povedan\u00e9, cenovo dostupn\u00e9 zv\u00e1ran\u00e9 hydraulick\u00e9 valce 10034 s dvoj\u010dinn\u00fdm \u00fa\u010dinkom s\u00fa spo\u013eahliv\u00fdm a cenovo dostupn\u00fdm rie\u0161en\u00edm pre \u0161irok\u00fa \u0161k\u00e1lu aplik\u00e1ci\u00ed. Ich odoln\u00e1 kon\u0161trukcia, v\u0161estrannos\u0165 a jednoduch\u00e1 in\u0161tal\u00e1cia z nich robia nevyhnutn\u00fa vo\u013ebu pre zlep\u0161enie v\u00fdkonu hydraulick\u00fdch syst\u00e9mov v priemyselnom a po\u013enohospod\u00e1rskom prostred\u00ed.<\/p>\n<p>&nbsp;<\/p>\n<p><img decoding=\"async\" class=\"aligncenter\" src=\"https:\/\/hzpt.com\/wp-content\/uploads\/2023\/12\/random-3.webp\" alt=\"\" title=\"\"><\/p>\n<h2>V\u00fdhody zv\u00e1ran\u00e9ho valca s T-kusom<\/h2>\n<ul>\n<li style=\"list-style-type: none;\">\n<ul>\n<li><strong>Zv\u00fd\u0161en\u00e1 pevnos\u0165:<\/strong> Zv\u00e1ran\u00e9 valce typu T s\u00fa zn\u00e1me svojou vysokou pevnos\u0165ou, v\u010faka \u010domu s\u00fa vhodn\u00e9 pre aplik\u00e1cie vy\u017eaduj\u00face zdv\u00edhanie \u0165a\u017ek\u00fdch bremien. Proces zv\u00e1rania pou\u017eit\u00fd pri v\u00fdrobe t\u00fdchto valcov zais\u0165uje, \u017ee valec nem\u00e1 slab\u00e9 miesta a odol\u00e1 vysok\u00e9mu tlaku a nam\u00e1haniu.<\/li>\n<\/ul>\n<\/li>\n<\/ul>\n<p>Ke\u010f sa na valec vyv\u00edja tlak, rovnomerne sa rozlo\u017e\u00ed po celom povrchu, v\u010faka \u010domu je odoln\u00fd vo\u010di deform\u00e1cii. T\u00e1to vlastnos\u0165 zais\u0165uje, \u017ee valec si zachov\u00e1 svoj tvar a \u0161truktur\u00e1lnu integritu aj v extr\u00e9mnych podmienkach.<\/p>\n<ul>\n<li style=\"list-style-type: none;\">\n<ul>\n<li><strong>Prevencia \u00faniku:<\/strong> Zv\u00e1ran\u00e9 valce typu T s\u00fa navrhnut\u00e9 tak, aby sa zabr\u00e1nilo \u00faniku. Proces zv\u00e1rania pou\u017eit\u00fd po\u010das v\u00fdrobn\u00e9ho procesu zais\u0165uje, \u017ee valec je \u00faplne utesnen\u00fd a bez ak\u00fdchko\u013evek mo\u017en\u00fdch \u00fanikov. V\u010faka tejto vlastnosti s\u00fa vhodn\u00e9 na pou\u017eitie v aplik\u00e1ci\u00e1ch, kde by \u00fanik mohol sp\u00f4sobi\u0165 v\u00e1\u017ene po\u0161kodenie alebo zranenie.<\/li>\n<\/ul>\n<\/li>\n<\/ul>\n<p>Zvarov\u00e9 spoje s\u00fa hladk\u00e9, bez ak\u00fdchko\u013evek \u0161trb\u00edn alebo dr\u00e1\u017eok, kde by sa mohli hromadi\u0165 ne\u010distoty alebo ne\u010distoty, \u010d\u00edm sa zni\u017euje riziko kor\u00f3zie a po\u0161kodenia valca.<\/p>\n<ul>\n<li style=\"list-style-type: none;\">\n<ul>\n<li><strong>Prisp\u00f4sobite\u013en\u00e9:<\/strong> Zv\u00e1ran\u00e9 valce s T-kusom je mo\u017en\u00e9 prisp\u00f4sobi\u0165 \u0161pecifick\u00fdm aplik\u00e1ci\u00e1m. Valce s\u00fa dostupn\u00e9 v r\u00f4znych ve\u013ekostiach a tvaroch a je mo\u017en\u00e9 ich vyrobi\u0165 tak, aby sp\u013a\u0148ali \u0161pecifick\u00e9 po\u017eiadavky aplik\u00e1cie.<\/li>\n<\/ul>\n<\/li>\n<\/ul>\n<p>Proces prisp\u00f4sobenia umo\u017e\u0148uje optimalizova\u0165 v\u00fdkon valca a zabezpe\u010di\u0165, aby bol vhodn\u00fd pre zam\u00fd\u0161\u013ean\u00e9 pou\u017eitie. T\u00e1to vlastnos\u0165 rob\u00ed zv\u00e1ran\u00e9 valce typu T ide\u00e1lne na pou\u017eitie v r\u00f4znych priemyseln\u00fdch aplik\u00e1ci\u00e1ch vr\u00e1tane stavebn\u00edctva, ban\u00edctva a manipul\u00e1cie s materi\u00e1lom.<\/p>\n<ul>\n<li style=\"list-style-type: none;\">\n<ul>\n<li><strong>Cenovo v\u00fdhodn\u00e9:<\/strong> Zv\u00e1ran\u00e9 valce typu T s\u00fa v porovnan\u00ed s in\u00fdmi typmi valcov n\u00e1kladovo efekt\u00edvne. V\u00fdrobn\u00fd proces pou\u017e\u00edvan\u00fd na v\u00fdrobu t\u00fdchto valcov je jednoduch\u00fd, v\u010faka \u010domu s\u00fa lacnej\u0161ie ako in\u00e9 typy valcov.<\/li>\n<\/ul>\n<\/li>\n<\/ul>\n<p>Vysok\u00e1 pevnos\u0165 a odolnos\u0165 zv\u00e1ran\u00fdch valcov typu T navy\u0161e zni\u017euje potrebu \u010dast\u00fdch opr\u00e1v a v\u00fdmen, \u010d\u00edm \u0161etr\u00ed n\u00e1klady na \u00fadr\u017ebu. T\u00e1to vlastnos\u0165 z nich rob\u00ed ob\u013e\u00faben\u00fa vo\u013ebu v mnoh\u00fdch odvetviach, najm\u00e4 v t\u00fdch s obmedzen\u00fdm rozpo\u010dtom.<\/p>\n<ul>\n<li style=\"list-style-type: none;\">\n<ul>\n<li><strong>Zv\u00fd\u0161en\u00e1 \u00fa\u010dinnos\u0165:<\/strong> Zv\u00e1ran\u00e9 valce typu T s\u00fa vysoko \u00fa\u010dinn\u00e9 a efekt\u00edvne. Kon\u0161trukcia valca zais\u0165uje, \u017ee aplikovan\u00e1 sila sa pren\u00e1\u0161a priamo na z\u00e1\u0165a\u017e, \u010d\u00edm sa zni\u017euj\u00fa straty energie a zvy\u0161uje sa \u00fa\u010dinnos\u0165.<\/li>\n<\/ul>\n<\/li>\n<\/ul>\n<p>Zvarov\u00e9 spoje s\u00fa pevn\u00e9 a tuh\u00e9, minimalizuj\u00fa priehyb a zabezpe\u010duj\u00fa, \u017ee valec si zachov\u00e1va svoj tvar a \u0161truktur\u00e1lnu integritu aj v extr\u00e9mnych podmienkach. V\u010faka tejto vlastnosti s\u00fa zvarov\u00e9 valce typu T ide\u00e1lne na pou\u017eitie v aplik\u00e1ci\u00e1ch vy\u017eaduj\u00facich vysok\u00fa \u00fa\u010dinnos\u0165 a spo\u013eahlivos\u0165.<\/p>\n<h2>Pou\u017eitie zv\u00e1ran\u00e9ho valca typu T<\/h2>\n<h3>\u00davod<\/h3>\n<p>Zv\u00e1ran\u00fd valec typu T je typ hydraulick\u00e9ho valca, ktor\u00fd sa be\u017ene pou\u017e\u00edva v priemyseln\u00fdch aplik\u00e1ci\u00e1ch. Je navrhnut\u00fd tak, aby poskytoval vysok\u00fd v\u00fdkon v kompaktnom a cenovo dostupnom balen\u00ed. Tento typ valca pozost\u00e1va z zv\u00e1ran\u00e9ho T-kusu a piestnej ty\u010de, ktor\u00e1 je pripevnen\u00e1 k T-kusu. T-kus je pripojen\u00fd k valcu valca a obsahuje piest, ktor\u00fd sa pohybuje tam a sp\u00e4\u0165 vo vn\u00fatri valca a vytv\u00e1ra tak silu.<\/p>\n<h3>V\u00fdhody zv\u00e1ran\u00e9ho valca s T-kusom<\/h3>\n<p>Pou\u017eitie zv\u00e1ran\u00e9ho valca typu T v priemyseln\u00fdch aplik\u00e1ci\u00e1ch m\u00e1 nieko\u013eko v\u00fdhod:<\/p>\n<ul>\n<li><b>Kompaktn\u00fd dizajn:<\/b> Zv\u00e1ran\u00e9 valce s T-kusom s\u00fa navrhnut\u00e9 tak, aby boli kompaktn\u00e9, v\u010faka \u010domu s\u00fa ide\u00e1lne na pou\u017eitie v aplik\u00e1ci\u00e1ch s obmedzen\u00fdm priestorom.<\/li>\n<li><b>Vysok\u00e1 \u00fa\u010dinnos\u0165:<\/b> Zv\u00e1ran\u00e9 valce typu T s\u00fa vysoko \u00fa\u010dinn\u00e9, \u010do znamen\u00e1, \u017ee dok\u00e1\u017eu vygenerova\u0165 ve\u013ek\u00e9 mno\u017estvo sily s minim\u00e1lnym vstupom energie.<\/li>\n<li><b>Odoln\u00e9:<\/b> Zv\u00e1ran\u00e9 valce s T-kusom s\u00fa navrhnut\u00e9 tak, aby boli vysoko odoln\u00e9, \u010do znamen\u00e1, \u017ee vydr\u017eia n\u00e1ro\u010dn\u00e9 prev\u00e1dzkov\u00e9 podmienky a vydr\u017eia dlho.<\/li>\n<li><b>N\u00e1kladovo efekt\u00edvne:<\/b> Zv\u00e1ran\u00e9 valce typu T s\u00fa cenovo v\u00fdhodn\u00e9, \u010do znamen\u00e1, \u017ee poskytuj\u00fa dobr\u00fd pomer ceny a kvality.<\/li>\n<\/ul>\n<h3>Aplik\u00e1cie zv\u00e1ran\u00e9ho valca typu T<\/h3>\n<p>Zv\u00e1ran\u00e9 valce typu T maj\u00fa mnoho aplik\u00e1ci\u00ed v r\u00f4znych odvetviach, vr\u00e1tane:<\/p>\n<ul>\n<li><b>V\u00fdroba:<\/b> Zv\u00e1ran\u00e9 valce s T-kusom sa pou\u017e\u00edvaj\u00fa vo v\u00fdrobe na obsluhu strojov, premiest\u0148ovanie \u0165a\u017ek\u00fdch bremien a tvarovanie kovov\u00fdch dielov.<\/li>\n<li><b>Po\u013enohospod\u00e1rstvo:<\/b> Zv\u00e1ran\u00e9 valce s T-kusom sa pou\u017e\u00edvaj\u00fa v po\u013enohospod\u00e1rstve na ovl\u00e1danie hydraulick\u00fdch syst\u00e9mov traktorov, kombajnov a in\u00fdch po\u013enohospod\u00e1rskych strojov.<\/li>\n<li><b>Kon\u0161trukcia:<\/b> Zv\u00e1ran\u00e9 valce s T-kusom sa pou\u017e\u00edvaj\u00fa v stavebn\u00edctve na ovl\u00e1danie strojov, ako s\u00fa \u017eeriavy, bagre a r\u00fdpadl\u00e1-naklada\u010de.<\/li>\n<li><b>\u0164a\u017eba:<\/b> Zv\u00e1ran\u00e9 valce s T-kusom sa pou\u017e\u00edvaj\u00fa v ban\u00edctve na ovl\u00e1danie hydraulick\u00fdch syst\u00e9mov \u0165a\u017ek\u00fdch zariaden\u00ed, ako s\u00fa buldoz\u00e9ry, naklada\u010de a v\u0155ta\u010dky.<\/li>\n<li><b>Doprava:<\/b> Zv\u00e1ran\u00e9 valce s T-kusom sa pou\u017e\u00edvaj\u00fa v doprave na ovl\u00e1danie hydraulick\u00fdch syst\u00e9mov v n\u00e1kladn\u00fdch aut\u00e1ch, autobusoch a in\u00fdch vozidl\u00e1ch.<\/li>\n<\/ul>\n<p>Z\u00e1verom mo\u017eno poveda\u0165, \u017ee zv\u00e1ran\u00e9 valce typu T s\u00fa d\u00f4le\u017eitou s\u00fa\u010das\u0165ou mnoh\u00fdch priemyseln\u00fdch aplik\u00e1ci\u00ed. S\u00fa navrhnut\u00e9 tak, aby boli kompaktn\u00e9, efekt\u00edvne, odoln\u00e9 a n\u00e1kladovo efekt\u00edvne, v\u010faka \u010domu s\u00fa ide\u00e1lnou vo\u013ebou pre \u0161irok\u00fa \u0161k\u00e1lu aplik\u00e1ci\u00ed. \u010ci u\u017e obsluhujete stroje vo v\u00fdrobnom z\u00e1vode, po\u013enohospod\u00e1rske zariadenia na farme alebo \u0165a\u017ek\u00e9 zariadenia v bani, zv\u00e1ran\u00e9 valce typu T v\u00e1m m\u00f4\u017eu pom\u00f4c\u0165 vykon\u00e1va\u0165 pr\u00e1cu efekt\u00edvne a \u00fa\u010dinne.<\/p>\n<p><img loading=\"lazy\" decoding=\"async\" class=\"size-full wp-image-974 aligncenter\" src=\"https:\/\/fmp-components.com\/wp-content\/uploads\/2024\/12\/application-of-Welded-Tee-Type-Cylinder.webp\" alt=\"aplik\u00e1cia zv\u00e1ran\u00e9ho valca s T-kusom\" width=\"760\" height=\"860\" title=\"\" srcset=\"https:\/\/fmp-components.com\/wp-content\/uploads\/2024\/12\/application-of-Welded-Tee-Type-Cylinder.webp 760w, https:\/\/fmp-components.com\/wp-content\/uploads\/2024\/12\/application-of-Welded-Tee-Type-Cylinder-480x543.webp 480w\" sizes=\"(min-width: 0px) and (max-width: 480px) 480px, (min-width: 481px) 760px, 100vw\" \/><\/p>\n<h3>O FMP<\/h3>\n<p>Spolo\u010dnos\u0165 FMP, ktor\u00e1 p\u00f4sob\u00ed u\u017e viac ako 30 rokov, je popredn\u00fdm v\u00fdrobcom a dod\u00e1vate\u013eom hydraulick\u00fdch valcov. Na\u0161a priemyseln\u00e1 oblas\u0165 sa nach\u00e1dza v Taliansku a sme hrd\u00ed na na\u0161e najmodernej\u0161ie zariadenia vybaven\u00e9 viac ako 100 pokro\u010dil\u00fdmi strojmi. N\u00e1\u0161 rozsiahly sortiment vybavenia zah\u0155\u0148a automatick\u00e9 zv\u00e1racie stroje v ochrannej atmosf\u00e9re plynu, v\u0155ta\u010dky na hlbok\u00e9 otvory, CNC s\u00fastruhy, valcov\u00e9 br\u00fasky, automatick\u00e9 \u010distiace stroje, automatick\u00e9 in\u0161tala\u010dn\u00e9 stroje, automatick\u00e9 sk\u00fa\u0161obn\u00e9 stolice na hydraulick\u00e9 valce, automatick\u00e9 lakovacie linky a \u010fal\u0161ie.<\/p>\n<p>V spolo\u010dnosti FMP kladieme d\u00f4raz na kvalitu a spokojnos\u0165 z\u00e1kazn\u00edkov. Ka\u017ed\u00fd hydraulick\u00fd valec prech\u00e1dza d\u00f4kladn\u00fdm spracovan\u00edm a kontrolou, aby sme na\u0161im z\u00e1kazn\u00edkom zabezpe\u010dili najvy\u0161\u0161iu kvalitu.<\/p>\n<h4>V\u00fdhody na\u0161ich produktov a spolo\u010dnosti:<\/h4>\n<ol>\n<li><strong>Dizajn\u00e9rska slu\u017eba:<\/strong> N\u00e1\u0161 sk\u00fasen\u00fd dizajn\u00e9rsky t\u00edm je dobre vybaven\u00fd na zvl\u00e1dnutie n\u00e1vrhu a v\u00fdvoja produktov s univerz\u00e1lnymi hriade\u013emi. Ak m\u00e1te ak\u00e9ko\u013evek po\u017eiadavky na nov\u00e9 produkty alebo h\u013ead\u00e1te \u010fal\u0161ie vylep\u0161enia, sme tu, aby sme v\u00e1m pomohli.<\/li>\n<li><strong>Produktov\u00fd servis:<\/strong> N\u00e1\u0161 komplexn\u00fd servis produktov pokr\u00fdva cel\u00fd v\u00fdrobn\u00fd proces vr\u00e1tane z\u00edskavania surov\u00edn, rezania, hrub\u00e9ho spracovania, testovania, \u010distenia, mont\u00e1\u017ee, balenia a prepravy. Sna\u017e\u00edme sa dod\u00e1va\u0165 produkty najvy\u0161\u0161ej kvality.<\/li>\n<li><strong>Uk\u00e1\u017ekov\u00fd proces:<\/strong> Ch\u00e1peme d\u00f4le\u017eitos\u0165 rie\u0161en\u00ed na mieru. N\u00e1\u0161 t\u00edm dok\u00e1\u017ee vyvin\u00fa\u0165 vzorky pod\u013ea va\u0161ich \u0161pecifick\u00fdch po\u017eiadaviek a priebe\u017ene ich upravova\u0165 tak, aby sp\u013a\u0148ali va\u0161e potreby, \u010d\u00edm zabezpe\u010d\u00edme, \u017ee kone\u010dn\u00fd produkt dokonale zodpoved\u00e1 va\u0161im o\u010dak\u00e1vaniam.<\/li>\n<li><strong>V\u00fdskum a v\u00fdvoj:<\/strong> Ako progres\u00edvna spolo\u010dnos\u0165 sledujeme trendy a po\u017eiadavky trhu. Ke\u010f sa na trh dostan\u00fa nov\u00e9 modely, akt\u00edvne \u0161tudujeme jeho potreby a vyv\u00edjame inovat\u00edvne rie\u0161enia, aby sme ich splnili.<\/li>\n<li><strong>Prisp\u00f4sobenie:<\/strong> Okrem \u0161irokej ponuky \u0161tandardn\u00fdch hydraulick\u00fdch valcov sa \u0161pecializujeme aj na z\u00e1kazkov\u00e9 rie\u0161enia. V\u00edtame va\u0161e jedine\u010dn\u00e9 \u0161pecifik\u00e1cie a garantujeme rie\u0161enia na mieru, ktor\u00e9 dokonale vyhovuj\u00fa va\u0161ej aplik\u00e1cii.<\/li>\n<\/ol>\n<p><img decoding=\"async\" src=\"https:\/\/fmp-components.com\/wp-content\/uploads\/2024\/12\/fmp-factory-4.webp\" alt=\"Tov\u00e1re\u0148 na v\u00fdrobu FMP\" width=\"800\" title=\"\"><\/p>\n<p>Autor: CX<\/p>","protected":false},"excerpt":{"rendered":"<p>The 10034 Cost Effective Welded Hydraulic Cylinders are designed for reliable performance in various applications, offering a robust solution for both industrial and agricultural needs. These double acting cylinders are engineered for efficiency and durability, making them a valuable addition to any hydraulic system. Key Features: Double Acting Mechanism: The double acting design allows for [&hellip;]<\/p>","protected":false},"featured_media":1132,"comment_status":"closed","ping_status":"closed","template":"","meta":{"_et_pb_use_builder":"","_et_pb_old_content":"","_et_gb_content_width":""},"product_brand":[],"product_cat":[31],"product_tag":[34,35],"class_list":{"0":"post-954","1":"product","2":"type-product","3":"status-publish","4":"has-post-thumbnail","6":"product_cat-welded-tee-type-cylinder","7":"product_tag-hydraulic-cylinder","8":"product_tag-welded-tee-type-cylinder","10":"first","11":"instock","12":"product-type-simple"},"_links":{"self":[{"href":"https:\/\/fmp-components.com\/sk\/wp-json\/wp\/v2\/product\/954","targetHints":{"allow":["GET"]}}],"collection":[{"href":"https:\/\/fmp-components.com\/sk\/wp-json\/wp\/v2\/product"}],"about":[{"href":"https:\/\/fmp-components.com\/sk\/wp-json\/wp\/v2\/types\/product"}],"replies":[{"embeddable":true,"href":"https:\/\/fmp-components.com\/sk\/wp-json\/wp\/v2\/comments?post=954"}],"wp:featuredmedia":[{"embeddable":true,"href":"https:\/\/fmp-components.com\/sk\/wp-json\/wp\/v2\/media\/1132"}],"wp:attachment":[{"href":"https:\/\/fmp-components.com\/sk\/wp-json\/wp\/v2\/media?parent=954"}],"wp:term":[{"taxonomy":"product_brand","embeddable":true,"href":"https:\/\/fmp-components.com\/sk\/wp-json\/wp\/v2\/product_brand?post=954"},{"taxonomy":"product_cat","embeddable":true,"href":"https:\/\/fmp-components.com\/sk\/wp-json\/wp\/v2\/product_cat?post=954"},{"taxonomy":"product_tag","embeddable":true,"href":"https:\/\/fmp-components.com\/sk\/wp-json\/wp\/v2\/product_tag?post=954"}],"curies":[{"name":"pracovn\u00fd list","href":"https:\/\/api.w.org\/{rel}","templated":true}]}}