{"id":953,"date":"2024-12-19T03:39:43","date_gmt":"2024-12-19T03:39:43","guid":{"rendered":"https:\/\/fmp-components.com\/product\/10033-good-quality-mini-hydraulic-cylinder-double-acting-for-tractor\/"},"modified":"2024-12-19T08:48:11","modified_gmt":"2024-12-19T08:48:11","slug":"10033-good-quality-mini-hydraulic-cylinder-double-acting-for-tractor","status":"publish","type":"product","link":"https:\/\/fmp-components.com\/sk\/product\/10033-good-quality-mini-hydraulic-cylinder-double-acting-for-tractor\/","title":{"rendered":"10033 Kvalitn\u00fd mini hydraulick\u00fd valec s dvojit\u00fdm \u00fa\u010dinkom pre traktor"},"content":{"rendered":"<p>Mini hydraulick\u00fd valec 10033 dobrej kvality je \u0161peci\u00e1lne navrhnut\u00fd pre traktorov\u00e9 aplik\u00e1cie a pon\u00faka spo\u013eahliv\u00fd v\u00fdkon a efekt\u00edvnu prev\u00e1dzku. Tento dvoj\u010dinn\u00fd hydraulick\u00fd valec je kompaktn\u00fd, no z\u00e1rove\u0148 v\u00fdkonn\u00fd, v\u010faka \u010domu je nevyhnutnou s\u00fa\u010das\u0165ou r\u00f4znych po\u013enohospod\u00e1rskych \u00faloh.<\/p>\n<h4>K\u013e\u00fa\u010dov\u00e9 vlastnosti:<\/h4>\n<ul>\n<li><strong>Dvoj\u010dinn\u00fd dizajn:<\/strong><br \/>\nDvoj\u010dinn\u00fd mechanizmus umo\u017e\u0148uje plynul\u00fd chod pri vys\u00favan\u00ed aj zas\u00favan\u00ed a poskytuje vynikaj\u00facu kontrolu po\u010das zdv\u00edhania a sp\u00fa\u0161\u0165ania. T\u00e1to funkcia zvy\u0161uje efektivitu prev\u00e1dzky traktora, v\u010faka \u010domu je ide\u00e1lny pre r\u00f4zne aplik\u00e1cie.<\/li>\n<li><strong>Mini ve\u013ekos\u0165:<\/strong><br \/>\nKompaktn\u00e1 kon\u0161trukcia hydraulick\u00e9ho valca 10033 ho rob\u00ed ide\u00e1lnym na pou\u017eitie v stiesnen\u00fdch priestoroch traktorov. Jeho mal\u00fd p\u00f4dorys neohrozuje jeho pevnos\u0165, \u010do umo\u017e\u0148uje efekt\u00edvny v\u00fdkon v r\u00f4znych po\u013enohospod\u00e1rskych prostrediach.<\/li>\n<li><strong>Vysokokvalitn\u00e1 kon\u0161trukcia:<\/strong><br \/>\nTento hydraulick\u00fd valec je vyroben\u00fd z odoln\u00fdch materi\u00e1lov a je skon\u0161truovan\u00fd tak, aby odolal n\u00e1ro\u010dn\u00fdm podmienkam po\u013enohospod\u00e1rskeho prostredia. Jeho robustn\u00e1 kon\u0161trukcia zais\u0165uje dlhotrvaj\u00facu spo\u013eahlivos\u0165 a v\u00fdkon.<\/li>\n<li><strong>V\u0161estrann\u00e9 aplik\u00e1cie:<\/strong><br \/>\nHydraulick\u00fd valec 10033 je vhodn\u00fd pre cel\u00fd rad aplik\u00e1ci\u00ed traktora vr\u00e1tane zdv\u00edhania n\u00e1strojov, sp\u00fa\u0161\u0165ania pr\u00edslu\u0161enstva a \u010fal\u0161\u00edch hydraulick\u00fdch funkci\u00ed. Jeho v\u0161estrannos\u0165 z neho rob\u00ed cenn\u00fd n\u00e1stroj pre po\u013enohospod\u00e1rov a oper\u00e1torov.<\/li>\n<li><strong>Cenovo v\u00fdhodn\u00e9 rie\u0161enie:<\/strong><br \/>\nTento mini hydraulick\u00fd valec pon\u00faka vynikaj\u00faci pomer ceny a kvality a poskytuje spo\u013eahliv\u00fd v\u00fdkon za prijate\u013en\u00fa cenu. Je ide\u00e1lnou vo\u013ebou na moderniz\u00e1ciu alebo v\u00fdmenu hydraulick\u00fdch komponentov v traktoroch.<\/li>\n<\/ul>\n<p><img loading=\"lazy\" decoding=\"async\" class=\"size-full wp-image-977 aligncenter\" src=\"https:\/\/fmp-components.com\/wp-content\/uploads\/2024\/12\/Welded-Tee-Type-Cylinder3.webp\" alt=\"Zv\u00e1ran\u00fd valec s T-kusom\" width=\"653\" height=\"600\" title=\"\" srcset=\"https:\/\/fmp-components.com\/wp-content\/uploads\/2024\/12\/Welded-Tee-Type-Cylinder3.webp 653w, https:\/\/fmp-components.com\/wp-content\/uploads\/2024\/12\/Welded-Tee-Type-Cylinder3-480x441.webp 480w\" sizes=\"(min-width: 0px) and (max-width: 480px) 480px, (min-width: 481px) 653px, 100vw\" \/><\/p>\n<h4>Technick\u00e9 \u0161pecifik\u00e1cie:<\/h4>\n<table style=\"width: 100.145%; height: 246px;\">\n<thead>\n<tr>\n<th>\u0160pecifik\u00e1cia<\/th>\n<th>Popis<\/th>\n<\/tr>\n<\/thead>\n<tbody>\n<tr>\n<td><strong>Nosnos\u0165<\/strong><\/td>\n<td>Prisp\u00f4sobite\u013en\u00e9<\/td>\n<\/tr>\n<tr>\n<td><strong>Ve\u013ekos\u0165 otvoru<\/strong><\/td>\n<td>R\u00f4zne dostupn\u00e9 mo\u017enosti<\/td>\n<\/tr>\n<tr>\n<td><strong>D\u013a\u017eka zdvihu<\/strong><\/td>\n<td>Prisp\u00f4sobite\u013en\u00e9<\/td>\n<\/tr>\n<tr>\n<td><strong>Maxim\u00e1lny tlak<\/strong><\/td>\n<td>A\u017e 3000 PSI<\/td>\n<\/tr>\n<tr>\n<td><strong>Materi\u00e1l<\/strong><\/td>\n<td>Vysokokvalitn\u00e1 oce\u013e alebo hlin\u00edk<\/td>\n<\/tr>\n<tr>\n<td><strong>Typ pripojenia<\/strong><\/td>\n<td>Pr\u00edrubov\u00e9 alebo z\u00e1vitov\u00e9<\/td>\n<\/tr>\n<\/tbody>\n<\/table>\n<h4>Princ\u00edp fungovania:<\/h4>\n<p>Mini hydraulick\u00fd valec 10033 funguje na princ\u00edpe tlaku hydraulickej kvapaliny. Ke\u010f sa hydraulick\u00e1 kvapalina privedie do valca, p\u00f4sob\u00ed silou na piest, \u010d\u00edm sa vytv\u00e1ra line\u00e1rny pohyb v oboch smeroch. Tento efekt\u00edvny prenos v\u00fdkonu umo\u017e\u0148uje presn\u00e9 ovl\u00e1danie prev\u00e1dzky traktora a zvy\u0161uje celkov\u00fa produktivitu.<\/p>\n<p>Stru\u010dne povedan\u00e9, mini hydraulick\u00fd valec 10033 s dvojit\u00fdm \u00fa\u010dinkom pre traktor je spo\u013eahliv\u00fdm a efekt\u00edvnym rie\u0161en\u00edm pre po\u013enohospod\u00e1rske aplik\u00e1cie. Jeho odoln\u00e1 kon\u0161trukcia, kompaktn\u00fd dizajn a v\u0161estrannos\u0165 z neho robia nevyhnutn\u00fd n\u00e1stroj na zv\u00fd\u0161enie v\u00fdkonu a efektivity traktorov.<\/p>\n<p><img decoding=\"async\" class=\"aligncenter\" src=\"https:\/\/hzpt.com\/wp-content\/uploads\/2023\/12\/random-3.webp\" alt=\"\" title=\"\"><\/p>\n<h2>\u010casto kladen\u00e9 ot\u00e1zky<\/h2>\n<dl>\n<dt>Ot\u00e1zka 1: Ak\u00e1 je kapacita hydraulick\u00e9ho valca?<\/dt>\n<dd>A1: Hydraulick\u00fd valec je dvoj\u010dinn\u00fd.<\/dd>\n<dt>Q2: Ak\u00e1 je nosnos\u0165 produktu?<\/dt>\n<dd>A2: V\u00fdrobok m\u00e1 vysok\u00fa nosnos\u0165.<\/dd>\n<dt>Ot\u00e1zka 3: Je produkt energeticky \u00fasporn\u00fd?<\/dt>\n<dd>A3: \u00c1no, hydraulick\u00fd valec efekt\u00edvne vyu\u017e\u00edva energiu, \u010do vedie k ni\u017e\u0161ej spotrebe energie.<\/dd>\n<dt>Ot\u00e1zka 4: Ak\u00e9 s\u00fa bezpe\u010dnostn\u00e9 opatrenia t\u00fdkaj\u00face sa produktu?<\/dt>\n<dd>A4: Produkt je navrhnut\u00fd s bezpe\u010dnostn\u00fdmi opatreniami, aby sa predi\u0161lo ak\u00fdmko\u013evek nehod\u00e1m po\u010das prev\u00e1dzky.<\/dd>\n<dt>Q5: Ak\u00e9 s\u00fa pou\u017eitia tohto hydraulick\u00e9ho valca?<\/dt>\n<dd>A5: Tento hydraulick\u00fd valec sa pou\u017e\u00edva predov\u0161etk\u00fdm v traktoroch na r\u00f4zne oper\u00e1cie.<\/dd>\n<\/dl>\n<h2>V\u00fdhody zv\u00e1ran\u00e9ho valca s T-kusom<\/h2>\n<ul>\n<li style=\"list-style-type: none;\">\n<ul>\n<li><strong>Zv\u00fd\u0161en\u00e1 pevnos\u0165:<\/strong> Zv\u00e1ran\u00e9 valce typu T s\u00fa zn\u00e1me svojou vysokou pevnos\u0165ou, v\u010faka \u010domu s\u00fa vhodn\u00e9 pre aplik\u00e1cie vy\u017eaduj\u00face zdv\u00edhanie \u0165a\u017ek\u00fdch bremien. Proces zv\u00e1rania pou\u017eit\u00fd pri v\u00fdrobe t\u00fdchto valcov zais\u0165uje, \u017ee valec nem\u00e1 slab\u00e9 miesta a odol\u00e1 vysok\u00e9mu tlaku a nam\u00e1haniu.<\/li>\n<\/ul>\n<\/li>\n<\/ul>\n<p>Ke\u010f sa na valec vyv\u00edja tlak, rovnomerne sa rozlo\u017e\u00ed po celom povrchu, v\u010faka \u010domu je odoln\u00fd vo\u010di deform\u00e1cii. T\u00e1to vlastnos\u0165 zais\u0165uje, \u017ee valec si zachov\u00e1 svoj tvar a \u0161truktur\u00e1lnu integritu aj v extr\u00e9mnych podmienkach.<\/p>\n<ul>\n<li style=\"list-style-type: none;\">\n<ul>\n<li><strong>Prevencia \u00faniku:<\/strong> Zv\u00e1ran\u00e9 valce typu T s\u00fa navrhnut\u00e9 tak, aby sa zabr\u00e1nilo \u00faniku. Proces zv\u00e1rania pou\u017eit\u00fd po\u010das v\u00fdrobn\u00e9ho procesu zais\u0165uje, \u017ee valec je \u00faplne utesnen\u00fd a bez ak\u00fdchko\u013evek mo\u017en\u00fdch \u00fanikov. V\u010faka tejto vlastnosti s\u00fa vhodn\u00e9 na pou\u017eitie v aplik\u00e1ci\u00e1ch, kde by \u00fanik mohol sp\u00f4sobi\u0165 v\u00e1\u017ene po\u0161kodenie alebo zranenie.<\/li>\n<\/ul>\n<\/li>\n<\/ul>\n<p>Zvarov\u00e9 spoje s\u00fa hladk\u00e9, bez ak\u00fdchko\u013evek \u0161trb\u00edn alebo dr\u00e1\u017eok, kde by sa mohli hromadi\u0165 ne\u010distoty alebo ne\u010distoty, \u010d\u00edm sa zni\u017euje riziko kor\u00f3zie a po\u0161kodenia valca.<\/p>\n<ul>\n<li style=\"list-style-type: none;\">\n<ul>\n<li><strong>Prisp\u00f4sobite\u013en\u00e9:<\/strong> Zv\u00e1ran\u00e9 valce s T-kusom je mo\u017en\u00e9 prisp\u00f4sobi\u0165 \u0161pecifick\u00fdm aplik\u00e1ci\u00e1m. Valce s\u00fa dostupn\u00e9 v r\u00f4znych ve\u013ekostiach a tvaroch a je mo\u017en\u00e9 ich vyrobi\u0165 tak, aby sp\u013a\u0148ali \u0161pecifick\u00e9 po\u017eiadavky aplik\u00e1cie.<\/li>\n<\/ul>\n<\/li>\n<\/ul>\n<p>Proces prisp\u00f4sobenia umo\u017e\u0148uje optimalizova\u0165 v\u00fdkon valca a zabezpe\u010di\u0165, aby bol vhodn\u00fd pre zam\u00fd\u0161\u013ean\u00e9 pou\u017eitie. T\u00e1to vlastnos\u0165 rob\u00ed zv\u00e1ran\u00e9 valce typu T ide\u00e1lne na pou\u017eitie v r\u00f4znych priemyseln\u00fdch aplik\u00e1ci\u00e1ch vr\u00e1tane stavebn\u00edctva, ban\u00edctva a manipul\u00e1cie s materi\u00e1lom.<\/p>\n<ul>\n<li style=\"list-style-type: none;\">\n<ul>\n<li><strong>Cenovo v\u00fdhodn\u00e9:<\/strong> Zv\u00e1ran\u00e9 valce typu T s\u00fa v porovnan\u00ed s in\u00fdmi typmi valcov n\u00e1kladovo efekt\u00edvne. V\u00fdrobn\u00fd proces pou\u017e\u00edvan\u00fd na v\u00fdrobu t\u00fdchto valcov je jednoduch\u00fd, v\u010faka \u010domu s\u00fa lacnej\u0161ie ako in\u00e9 typy valcov.<\/li>\n<\/ul>\n<\/li>\n<\/ul>\n<p>Vysok\u00e1 pevnos\u0165 a odolnos\u0165 zv\u00e1ran\u00fdch valcov typu T navy\u0161e zni\u017euje potrebu \u010dast\u00fdch opr\u00e1v a v\u00fdmen, \u010d\u00edm \u0161etr\u00ed n\u00e1klady na \u00fadr\u017ebu. T\u00e1to vlastnos\u0165 z nich rob\u00ed ob\u013e\u00faben\u00fa vo\u013ebu v mnoh\u00fdch odvetviach, najm\u00e4 v t\u00fdch s obmedzen\u00fdm rozpo\u010dtom.<\/p>\n<ul>\n<li style=\"list-style-type: none;\">\n<ul>\n<li><strong>Zv\u00fd\u0161en\u00e1 \u00fa\u010dinnos\u0165:<\/strong> Zv\u00e1ran\u00e9 valce typu T s\u00fa vysoko \u00fa\u010dinn\u00e9 a efekt\u00edvne. Kon\u0161trukcia valca zais\u0165uje, \u017ee aplikovan\u00e1 sila sa pren\u00e1\u0161a priamo na z\u00e1\u0165a\u017e, \u010d\u00edm sa zni\u017euj\u00fa straty energie a zvy\u0161uje sa \u00fa\u010dinnos\u0165.<\/li>\n<\/ul>\n<\/li>\n<\/ul>\n<p>Zvarov\u00e9 spoje s\u00fa pevn\u00e9 a tuh\u00e9, minimalizuj\u00fa priehyb a zabezpe\u010duj\u00fa, \u017ee valec si zachov\u00e1va svoj tvar a \u0161truktur\u00e1lnu integritu aj v extr\u00e9mnych podmienkach. V\u010faka tejto vlastnosti s\u00fa zvarov\u00e9 valce typu T ide\u00e1lne na pou\u017eitie v aplik\u00e1ci\u00e1ch vy\u017eaduj\u00facich vysok\u00fa \u00fa\u010dinnos\u0165 a spo\u013eahlivos\u0165.<\/p>\n<p><img loading=\"lazy\" decoding=\"async\" class=\"size-full wp-image-974 aligncenter\" src=\"https:\/\/fmp-components.com\/wp-content\/uploads\/2024\/12\/application-of-Welded-Tee-Type-Cylinder.webp\" alt=\"aplik\u00e1cia zv\u00e1ran\u00e9ho valca s T-kusom\" width=\"760\" height=\"860\" title=\"\" srcset=\"https:\/\/fmp-components.com\/wp-content\/uploads\/2024\/12\/application-of-Welded-Tee-Type-Cylinder.webp 760w, https:\/\/fmp-components.com\/wp-content\/uploads\/2024\/12\/application-of-Welded-Tee-Type-Cylinder-480x543.webp 480w\" sizes=\"(min-width: 0px) and (max-width: 480px) 480px, (min-width: 481px) 760px, 100vw\" \/><\/p>\n<h2>Pou\u017eitie zv\u00e1ran\u00e9ho valca typu T<\/h2>\n<h3>\u00davod<\/h3>\n<p>Zv\u00e1ran\u00fd valec typu T je typ hydraulick\u00e9ho valca, ktor\u00fd sa be\u017ene pou\u017e\u00edva v priemyseln\u00fdch aplik\u00e1ci\u00e1ch. Je navrhnut\u00fd tak, aby poskytoval vysok\u00fd v\u00fdkon v kompaktnom a cenovo dostupnom balen\u00ed. Tento typ valca pozost\u00e1va z zv\u00e1ran\u00e9ho T-kusu a piestnej ty\u010de, ktor\u00e1 je pripevnen\u00e1 k T-kusu. T-kus je pripojen\u00fd k valcu valca a obsahuje piest, ktor\u00fd sa pohybuje tam a sp\u00e4\u0165 vo vn\u00fatri valca a vytv\u00e1ra tak silu.<\/p>\n<h3>V\u00fdhody zv\u00e1ran\u00e9ho valca s T-kusom<\/h3>\n<p>Pou\u017eitie zv\u00e1ran\u00e9ho valca typu T v priemyseln\u00fdch aplik\u00e1ci\u00e1ch m\u00e1 nieko\u013eko v\u00fdhod:<\/p>\n<ul>\n<li><b>Kompaktn\u00fd dizajn:<\/b> Zv\u00e1ran\u00e9 valce s T-kusom s\u00fa navrhnut\u00e9 tak, aby boli kompaktn\u00e9, v\u010faka \u010domu s\u00fa ide\u00e1lne na pou\u017eitie v aplik\u00e1ci\u00e1ch s obmedzen\u00fdm priestorom.<\/li>\n<li><b>Vysok\u00e1 \u00fa\u010dinnos\u0165:<\/b> Zv\u00e1ran\u00e9 valce typu T s\u00fa vysoko \u00fa\u010dinn\u00e9, \u010do znamen\u00e1, \u017ee dok\u00e1\u017eu vygenerova\u0165 ve\u013ek\u00e9 mno\u017estvo sily s minim\u00e1lnym vstupom energie.<\/li>\n<li><b>Odoln\u00e9:<\/b> Zv\u00e1ran\u00e9 valce s T-kusom s\u00fa navrhnut\u00e9 tak, aby boli vysoko odoln\u00e9, \u010do znamen\u00e1, \u017ee vydr\u017eia n\u00e1ro\u010dn\u00e9 prev\u00e1dzkov\u00e9 podmienky a vydr\u017eia dlho.<\/li>\n<li><b>N\u00e1kladovo efekt\u00edvne:<\/b> Zv\u00e1ran\u00e9 valce typu T s\u00fa cenovo v\u00fdhodn\u00e9, \u010do znamen\u00e1, \u017ee poskytuj\u00fa dobr\u00fd pomer ceny a kvality.<\/li>\n<\/ul>\n<h3>Aplik\u00e1cie zv\u00e1ran\u00e9ho valca typu T<\/h3>\n<p>Zv\u00e1ran\u00e9 valce typu T maj\u00fa mnoho aplik\u00e1ci\u00ed v r\u00f4znych odvetviach, vr\u00e1tane:<\/p>\n<ul>\n<li><b>V\u00fdroba:<\/b> Zv\u00e1ran\u00e9 valce s T-kusom sa pou\u017e\u00edvaj\u00fa vo v\u00fdrobe na obsluhu strojov, premiest\u0148ovanie \u0165a\u017ek\u00fdch bremien a tvarovanie kovov\u00fdch dielov.<\/li>\n<li><b>Po\u013enohospod\u00e1rstvo:<\/b> Zv\u00e1ran\u00e9 valce s T-kusom sa pou\u017e\u00edvaj\u00fa v po\u013enohospod\u00e1rstve na ovl\u00e1danie hydraulick\u00fdch syst\u00e9mov traktorov, kombajnov a in\u00fdch po\u013enohospod\u00e1rskych strojov.<\/li>\n<li><b>Kon\u0161trukcia:<\/b> Zv\u00e1ran\u00e9 valce s T-kusom sa pou\u017e\u00edvaj\u00fa v stavebn\u00edctve na ovl\u00e1danie strojov, ako s\u00fa \u017eeriavy, bagre a r\u00fdpadl\u00e1-naklada\u010de.<\/li>\n<li><b>\u0164a\u017eba:<\/b> Zv\u00e1ran\u00e9 valce s T-kusom sa pou\u017e\u00edvaj\u00fa v ban\u00edctve na ovl\u00e1danie hydraulick\u00fdch syst\u00e9mov \u0165a\u017ek\u00fdch zariaden\u00ed, ako s\u00fa buldoz\u00e9ry, naklada\u010de a v\u0155ta\u010dky.<\/li>\n<li><b>Doprava:<\/b> Zv\u00e1ran\u00e9 valce s T-kusom sa pou\u017e\u00edvaj\u00fa v doprave na ovl\u00e1danie hydraulick\u00fdch syst\u00e9mov v n\u00e1kladn\u00fdch aut\u00e1ch, autobusoch a in\u00fdch vozidl\u00e1ch.<\/li>\n<\/ul>\n<p>Z\u00e1verom mo\u017eno poveda\u0165, \u017ee zv\u00e1ran\u00e9 valce typu T s\u00fa d\u00f4le\u017eitou s\u00fa\u010das\u0165ou mnoh\u00fdch priemyseln\u00fdch aplik\u00e1ci\u00ed. S\u00fa navrhnut\u00e9 tak, aby boli kompaktn\u00e9, efekt\u00edvne, odoln\u00e9 a n\u00e1kladovo efekt\u00edvne, v\u010faka \u010domu s\u00fa ide\u00e1lnou vo\u013ebou pre \u0161irok\u00fa \u0161k\u00e1lu aplik\u00e1ci\u00ed. \u010ci u\u017e obsluhujete stroje vo v\u00fdrobnom z\u00e1vode, po\u013enohospod\u00e1rske zariadenia na farme alebo \u0165a\u017ek\u00e9 zariadenia v bani, zv\u00e1ran\u00e9 valce typu T v\u00e1m m\u00f4\u017eu pom\u00f4c\u0165 vykon\u00e1va\u0165 pr\u00e1cu efekt\u00edvne a \u00fa\u010dinne.<\/p>\n<h3>O FMP<\/h3>\n<p>FMP je renomovan\u00fd v\u00fdrobca a dod\u00e1vate\u013e hydraulick\u00fdch valcov, ktor\u00fd pon\u00faka r\u00f4zne typy a mo\u017enosti prisp\u00f4sobenia. S viac ako 30-ro\u010dn\u00fdmi sk\u00fasenos\u0165ami v priemyselnej oblasti Talianska si spolo\u010dnos\u0165 FMP vybudovala reput\u00e1ciu dod\u00e1vate\u013ea vysoko kvalitn\u00fdch produktov a v\u00fdnimo\u010dn\u00e9ho z\u00e1kazn\u00edckeho servisu. Sme hrd\u00ed na n\u00e1\u0161 rozsiahly sortiment zariaden\u00ed, ktor\u00fd sa m\u00f4\u017ee pochv\u00e1li\u0165 viac ako 100 jednotkami vr\u00e1tane automatick\u00fdch zv\u00e1ra\u010diek v ochrannej atmosf\u00e9re plynu, v\u0155ta\u010diek na hlbok\u00e9 otvory, CNC s\u00fastruhov, valcov\u00fdch br\u00fasok, automatick\u00fdch \u010distiacich strojov, automatick\u00fdch in\u0161tala\u010dn\u00fdch strojov, automatick\u00fdch sk\u00fa\u0161obn\u00fdch stol\u00edc na v\u00fdkon hydraulick\u00fdch valcov a automatick\u00fdch lakovac\u00edch liniek.<\/p>\n<p><img decoding=\"async\" src=\"https:\/\/fmp-components.com\/wp-content\/uploads\/2024\/12\/fmp-factory-4.webp\" alt=\"Tov\u00e1re\u0148 na v\u00fdrobu FMP\" width=\"800\" title=\"\"><\/p>\n<p>V spolo\u010dnosti FMP zabezpe\u010dujeme, aby ka\u017ed\u00fd hydraulick\u00fd valec pre\u0161iel d\u00f4kladn\u00fdm spracovan\u00edm a kontrolou, aby sme na\u0161im v\u00e1\u017een\u00fdm z\u00e1kazn\u00edkom zaru\u010dili vynikaj\u00facu kvalitu a spo\u013eahlivos\u0165. N\u00e1\u0161 z\u00e1v\u00e4zok k dokonalosti presahuje r\u00e1mec na\u0161ich produktov, preto\u017ee pon\u00fakame cel\u00fd rad slu\u017eieb, ktor\u00e9 sp\u013a\u0148aj\u00fa va\u0161e \u0161pecifick\u00e9 po\u017eiadavky:<\/p>\n<ol>\n<li><strong>Dizajn\u00e9rska slu\u017eba:<\/strong> N\u00e1\u0161 sk\u00fasen\u00fd dizajn\u00e9rsky t\u00edm je vybaven\u00fd na to, aby zvl\u00e1dol n\u00e1vrh a v\u00fdvoj produktov s univerz\u00e1lnymi hriade\u013emi. \u010ci u\u017e potrebujete nov\u00fd produkt alebo vylep\u0161enia existuj\u00facich, sme tu, aby sme v\u00e1m pomohli.<\/li>\n<li><strong>Produktov\u00fd servis:<\/strong> Od z\u00edskavania najkvalitnej\u0161\u00edch surov\u00edn cez rezanie, hrub\u00e9 spracovanie, testovanie, \u010distenie, mont\u00e1\u017e, balenie a prepravu, starostlivo dohliadame na ka\u017ed\u00fa f\u00e1zu v\u00fdrobn\u00e9ho procesu, aby sme zabezpe\u010dili najvy\u0161\u0161ie \u0161tandardy.<\/li>\n<li><strong>Uk\u00e1\u017ekov\u00fd proces:<\/strong> Ch\u00e1peme d\u00f4le\u017eitos\u0165 prisp\u00f4soben\u00fdch vzoriek. Vieme vyvin\u00fa\u0165 vzorky pod\u013ea va\u0161ich \u0161pecifick\u00fdch po\u017eiadaviek a priebe\u017ene ich upravova\u0165, k\u00fdm nebud\u00fa sp\u013a\u0148a\u0165 va\u0161e potreby.<\/li>\n<li><strong>V\u00fdskum a v\u00fdvoj:<\/strong> Ako spolo\u010dnos\u0165 zaviazan\u00e1 k inov\u00e1ci\u00e1m neust\u00e1le sk\u00famame vyv\u00edjaj\u00face sa potreby trhu, najm\u00e4 ke\u010f sa uv\u00e1dzaj\u00fa na trh nov\u00e9 modely automobilov. To n\u00e1m umo\u017e\u0148uje vyv\u00edja\u0165 nov\u00e9 a vylep\u0161en\u00e9 modely hydraulick\u00fdch valcov, ktor\u00e9 s\u00fa v s\u00falade s najnov\u0161\u00edmi trendmi.<\/li>\n<\/ol>\n<p>V\u00fdberom spolo\u010dnosti FMP ako svojho d\u00f4veryhodn\u00e9ho partnera z\u00edskate pr\u00edstup k vysokokvalitn\u00fdm hydraulick\u00fdm valcom a mno\u017estvu v\u00fdhod. Medzi na\u0161e k\u013e\u00fa\u010dov\u00e9 siln\u00e9 str\u00e1nky patria:<\/p>\n<ul>\n<li>Vynikaj\u00faca kvalita: Ka\u017ed\u00fd hydraulick\u00fd valec prech\u00e1dza pr\u00edsnym spracovan\u00edm a kontrolou, aby sa zaru\u010dil v\u00fdnimo\u010dn\u00fd v\u00fdkon a odolnos\u0165.<\/li>\n<li>Prisp\u00f4sobenie: Pon\u00fakame rie\u0161enia na mieru, ktor\u00e9 sp\u013a\u0148aj\u00fa va\u0161e jedine\u010dn\u00e9 po\u017eiadavky a zabezpe\u010duj\u00fa, aby na\u0161e hydraulick\u00e9 valce dokonale vyhovovali va\u0161im aplik\u00e1ci\u00e1m.<\/li>\n<li>Rozsiahly sortiment zariaden\u00ed: V\u010faka \u0161irokej \u0161k\u00e1le modern\u00fdch zariaden\u00ed dok\u00e1\u017eeme vyrobi\u0165 hydraulick\u00e9 valce, ktor\u00e9 vyhovuj\u00fa r\u00f4znym \u0161pecifik\u00e1ci\u00e1m a potreb\u00e1m odvetvia.<\/li>\n<li>Sk\u00fasen\u00fd dizajn\u00e9rsky t\u00edm: N\u00e1\u0161 sk\u00fasen\u00fd dizajn\u00e9rsky t\u00edm m\u00e1 rozsiahle odborn\u00e9 znalosti v oblasti dizajnu produktov, \u010do n\u00e1m umo\u017e\u0148uje prin\u00e1\u0161a\u0165 inovat\u00edvne a spo\u013eahliv\u00e9 rie\u0161enia.<\/li>\n<li>Komplexn\u00e9 slu\u017eby: Od n\u00e1vrhu a v\u00fdroby a\u017e po dodanie a popredajn\u00fa podporu sa n\u00e1\u0161 \u0161pecializovan\u00fd t\u00edm zav\u00e4zuje poskytova\u0165 bezprobl\u00e9mov\u00fd z\u00e1\u017eitok po\u010das cel\u00e9ho procesu.<\/li>\n<\/ul>\n<p>Spojte sa s FMP e\u0161te dnes a za\u017eite excelentnos\u0165, ktor\u00e1 n\u00e1s odli\u0161uje v odvetv\u00ed hydraulick\u00fdch valcov.<\/p>\n<p>Autor: CX<\/p>","protected":false},"excerpt":{"rendered":"<p>The 10033 Good Quality Mini Hydraulic Cylinder is specifically designed for tractor applications, offering reliable performance and efficient operation. This double acting hydraulic cylinder is compact yet powerful, making it an essential component for various agricultural tasks. Key Features: Double Acting Design: The double acting mechanism allows for smooth operation in both extension and retraction, [&hellip;]<\/p>","protected":false},"featured_media":1133,"comment_status":"closed","ping_status":"closed","template":"","meta":{"_et_pb_use_builder":"","_et_pb_old_content":"","_et_gb_content_width":""},"product_brand":[],"product_cat":[31],"product_tag":[34,35],"class_list":{"0":"post-953","1":"product","2":"type-product","3":"status-publish","4":"has-post-thumbnail","6":"product_cat-welded-tee-type-cylinder","7":"product_tag-hydraulic-cylinder","8":"product_tag-welded-tee-type-cylinder","10":"first","11":"instock","12":"product-type-simple"},"_links":{"self":[{"href":"https:\/\/fmp-components.com\/sk\/wp-json\/wp\/v2\/product\/953","targetHints":{"allow":["GET"]}}],"collection":[{"href":"https:\/\/fmp-components.com\/sk\/wp-json\/wp\/v2\/product"}],"about":[{"href":"https:\/\/fmp-components.com\/sk\/wp-json\/wp\/v2\/types\/product"}],"replies":[{"embeddable":true,"href":"https:\/\/fmp-components.com\/sk\/wp-json\/wp\/v2\/comments?post=953"}],"wp:featuredmedia":[{"embeddable":true,"href":"https:\/\/fmp-components.com\/sk\/wp-json\/wp\/v2\/media\/1133"}],"wp:attachment":[{"href":"https:\/\/fmp-components.com\/sk\/wp-json\/wp\/v2\/media?parent=953"}],"wp:term":[{"taxonomy":"product_brand","embeddable":true,"href":"https:\/\/fmp-components.com\/sk\/wp-json\/wp\/v2\/product_brand?post=953"},{"taxonomy":"product_cat","embeddable":true,"href":"https:\/\/fmp-components.com\/sk\/wp-json\/wp\/v2\/product_cat?post=953"},{"taxonomy":"product_tag","embeddable":true,"href":"https:\/\/fmp-components.com\/sk\/wp-json\/wp\/v2\/product_tag?post=953"}],"curies":[{"name":"pracovn\u00fd list","href":"https:\/\/api.w.org\/{rel}","templated":true}]}}