{"id":952,"date":"2024-12-19T03:39:43","date_gmt":"2024-12-19T03:39:43","guid":{"rendered":"https:\/\/fmp-components.com\/product\/10032-factory-direct-sale-double-acting-hydraulic-cylinder-for-trailer\/"},"modified":"2024-12-19T08:47:35","modified_gmt":"2024-12-19T08:47:35","slug":"10032-factory-direct-sale-double-acting-hydraulic-cylinder-for-trailer","status":"publish","type":"product","link":"https:\/\/fmp-components.com\/sk\/product\/10032-factory-direct-sale-double-acting-hydraulic-cylinder-for-trailer\/","title":{"rendered":"10032 Dvoj\u010dinn\u00fd hydraulick\u00fd valec s priamym predajom z tov\u00e1rne pre pr\u00edves"},"content":{"rendered":"<p>Dvoj\u010dinn\u00fd hydraulick\u00fd valec 10032, pred\u00e1van\u00fd priamo z v\u00fdroby, je navrhnut\u00fd \u0161peci\u00e1lne pre aplik\u00e1cie s pr\u00edvesmi a pon\u00faka v\u00fdnimo\u010dn\u00fd v\u00fdkon a spo\u013eahlivos\u0165. Tento hydraulick\u00fd valec je navrhnut\u00fd tak, aby poskytoval v\u00fdkonn\u00e9 zdv\u00edhacie a sp\u00fa\u0161\u0165acie schopnosti, v\u010faka \u010domu je nevyhnutn\u00fd pre efekt\u00edvnu prev\u00e1dzku pr\u00edvesu.<\/p>\n<h4>K\u013e\u00fa\u010dov\u00e9 vlastnosti:<\/h4>\n<ul>\n<li><strong>Dvoj\u010dinn\u00e1 funkcia<\/strong>Umo\u017e\u0148uje plynul\u00fd chod pri vys\u00favan\u00ed aj zas\u00favan\u00ed a poskytuje presn\u00fa kontrolu po\u010das nakladania a vykladania.<\/li>\n<li><strong>Priamy predaj z tov\u00e1rne<\/strong>Pon\u00fakan\u00e9 priamo od v\u00fdrobcu, \u010do zaru\u010duje konkurencieschopn\u00e9 ceny a vysok\u00fa kvalitu bez sprostredkovate\u013eov.<\/li>\n<li><strong>Robustn\u00e1 kon\u0161trukcia<\/strong>Vyroben\u00e9 z vysokopevnostn\u00fdch materi\u00e1lov, ktor\u00e9 odol\u00e1vaj\u00fa \u0165a\u017ek\u00fdm za\u0165a\u017eeniam a n\u00e1ro\u010dn\u00fdm prev\u00e1dzkov\u00fdm podmienkam, \u010d\u00edm zais\u0165uj\u00fa odolnos\u0165 a dlh\u00fa \u017eivotnos\u0165.<\/li>\n<li><strong>Povrchov\u00e1 \u00faprava odoln\u00e1 vo\u010di kor\u00f3zii<\/strong>Povrchov\u00e1 \u00faprava chr\u00e1niaca pred hrdzou a kor\u00f3ziou, vhodn\u00e1 na vonkaj\u0161ie pou\u017eitie a r\u00f4zne poveternostn\u00e9 podmienky.<\/li>\n<li><strong>Jednoduch\u00e1 in\u0161tal\u00e1cia<\/strong>Navrhnut\u00e9 pre r\u00fdchlu a jednoduch\u00fa integr\u00e1ciu do existuj\u00facich syst\u00e9mov pr\u00edvesov, \u010d\u00edm sa minimalizuje \u010das nastavenia.<\/li>\n<\/ul>\n<h4>V\u00fdhody:<\/h4>\n<ul>\n<li><strong>Zv\u00fd\u0161en\u00e1 efektivita<\/strong>Zvy\u0161uje prev\u00e1dzkov\u00fa efektivitu pr\u00edvesov, umo\u017e\u0148uje plynul\u00e9 a spo\u013eahliv\u00e9 zdv\u00edhanie a sp\u00fa\u0161\u0165anie.<\/li>\n<li><strong>V\u0161estrann\u00e9 aplik\u00e1cie<\/strong>Vhodn\u00e9 pre r\u00f4zne typy a pou\u017eitia pr\u00edvesov, v\u010faka \u010domu je v\u0161estrann\u00fdm doplnkom v\u00e1\u0161ho vybavenia.<\/li>\n<li><strong>Zn\u00ed\u017een\u00e9 n\u00e1klady na \u00fadr\u017ebu<\/strong>Odoln\u00e1 kon\u0161trukcia minimalizuje opotrebenie, \u010do v priebehu \u010dasu vedie k ni\u017e\u0161\u00edm n\u00e1kladom na \u00fadr\u017ebu.<\/li>\n<\/ul>\n<p>Dvoj\u010dinn\u00fd hydraulick\u00fd valec 10032 s priamym predajom z v\u00fdroby je z\u00e1kladn\u00fdm komponentom pre pr\u00edvesy, ktor\u00fd poskytuje spo\u013eahliv\u00fd v\u00fdkon a \u00fa\u010dinnos\u0165. Jeho robustn\u00e1 kon\u0161trukcia a priama cena z neho robia vynikaj\u00facu vo\u013ebu pre ka\u017ed\u00e9ho, kto chce zlep\u0161i\u0165 prev\u00e1dzku svojho pr\u00edvesu.<\/p>\n<p><img decoding=\"async\" src=\"https:\/\/hzpt.com\/wp-content\/uploads\/2023\/12\/random-3.webp\" alt=\"\" title=\"\"><\/p>\n<p>&nbsp;<\/p>\n<h2>V\u00fdhody zv\u00e1ran\u00e9ho valca s T-kusom<\/h2>\n<ul>\n<li style=\"list-style-type: none;\">\n<ul>\n<li><strong>Zv\u00fd\u0161en\u00e1 pevnos\u0165:<\/strong> Zv\u00e1ran\u00e9 valce typu T s\u00fa zn\u00e1me svojou vysokou pevnos\u0165ou, v\u010faka \u010domu s\u00fa vhodn\u00e9 pre aplik\u00e1cie vy\u017eaduj\u00face zdv\u00edhanie \u0165a\u017ek\u00fdch bremien. Proces zv\u00e1rania pou\u017eit\u00fd pri v\u00fdrobe t\u00fdchto valcov zais\u0165uje, \u017ee valec nem\u00e1 slab\u00e9 miesta a odol\u00e1 vysok\u00e9mu tlaku a nam\u00e1haniu.<\/li>\n<\/ul>\n<\/li>\n<\/ul>\n<p>Ke\u010f sa na valec vyv\u00edja tlak, rovnomerne sa rozlo\u017e\u00ed po celom povrchu, v\u010faka \u010domu je odoln\u00fd vo\u010di deform\u00e1cii. T\u00e1to vlastnos\u0165 zais\u0165uje, \u017ee valec si zachov\u00e1 svoj tvar a \u0161truktur\u00e1lnu integritu aj v extr\u00e9mnych podmienkach.<\/p>\n<ul>\n<li style=\"list-style-type: none;\">\n<ul>\n<li><strong>Prevencia \u00faniku:<\/strong> Zv\u00e1ran\u00e9 valce typu T s\u00fa navrhnut\u00e9 tak, aby sa zabr\u00e1nilo \u00faniku. Proces zv\u00e1rania pou\u017eit\u00fd po\u010das v\u00fdrobn\u00e9ho procesu zais\u0165uje, \u017ee valec je \u00faplne utesnen\u00fd a bez ak\u00fdchko\u013evek mo\u017en\u00fdch \u00fanikov. V\u010faka tejto vlastnosti s\u00fa vhodn\u00e9 na pou\u017eitie v aplik\u00e1ci\u00e1ch, kde by \u00fanik mohol sp\u00f4sobi\u0165 v\u00e1\u017ene po\u0161kodenie alebo zranenie.<\/li>\n<\/ul>\n<\/li>\n<\/ul>\n<p>Zvarov\u00e9 spoje s\u00fa hladk\u00e9, bez ak\u00fdchko\u013evek \u0161trb\u00edn alebo dr\u00e1\u017eok, kde by sa mohli hromadi\u0165 ne\u010distoty alebo ne\u010distoty, \u010d\u00edm sa zni\u017euje riziko kor\u00f3zie a po\u0161kodenia valca.<\/p>\n<ul>\n<li style=\"list-style-type: none;\">\n<ul>\n<li><strong>Prisp\u00f4sobite\u013en\u00e9:<\/strong> Zv\u00e1ran\u00e9 valce s T-kusom je mo\u017en\u00e9 prisp\u00f4sobi\u0165 \u0161pecifick\u00fdm aplik\u00e1ci\u00e1m. Valce s\u00fa dostupn\u00e9 v r\u00f4znych ve\u013ekostiach a tvaroch a je mo\u017en\u00e9 ich vyrobi\u0165 tak, aby sp\u013a\u0148ali \u0161pecifick\u00e9 po\u017eiadavky aplik\u00e1cie.<\/li>\n<\/ul>\n<\/li>\n<\/ul>\n<p>Proces prisp\u00f4sobenia umo\u017e\u0148uje optimalizova\u0165 v\u00fdkon valca a zabezpe\u010di\u0165, aby bol vhodn\u00fd pre zam\u00fd\u0161\u013ean\u00e9 pou\u017eitie. T\u00e1to vlastnos\u0165 rob\u00ed zv\u00e1ran\u00e9 valce typu T ide\u00e1lne na pou\u017eitie v r\u00f4znych priemyseln\u00fdch aplik\u00e1ci\u00e1ch vr\u00e1tane stavebn\u00edctva, ban\u00edctva a manipul\u00e1cie s materi\u00e1lom.<\/p>\n<ul>\n<li style=\"list-style-type: none;\">\n<ul>\n<li><strong>Cenovo v\u00fdhodn\u00e9:<\/strong> Zv\u00e1ran\u00e9 valce typu T s\u00fa v porovnan\u00ed s in\u00fdmi typmi valcov n\u00e1kladovo efekt\u00edvne. V\u00fdrobn\u00fd proces pou\u017e\u00edvan\u00fd na v\u00fdrobu t\u00fdchto valcov je jednoduch\u00fd, v\u010faka \u010domu s\u00fa lacnej\u0161ie ako in\u00e9 typy valcov.<\/li>\n<\/ul>\n<\/li>\n<\/ul>\n<p>Vysok\u00e1 pevnos\u0165 a odolnos\u0165 zv\u00e1ran\u00fdch valcov typu T navy\u0161e zni\u017euje potrebu \u010dast\u00fdch opr\u00e1v a v\u00fdmen, \u010d\u00edm \u0161etr\u00ed n\u00e1klady na \u00fadr\u017ebu. T\u00e1to vlastnos\u0165 z nich rob\u00ed ob\u013e\u00faben\u00fa vo\u013ebu v mnoh\u00fdch odvetviach, najm\u00e4 v t\u00fdch s obmedzen\u00fdm rozpo\u010dtom.<\/p>\n<ul>\n<li style=\"list-style-type: none;\">\n<ul>\n<li><strong>Zv\u00fd\u0161en\u00e1 \u00fa\u010dinnos\u0165:<\/strong> Zv\u00e1ran\u00e9 valce typu T s\u00fa vysoko \u00fa\u010dinn\u00e9 a efekt\u00edvne. Kon\u0161trukcia valca zais\u0165uje, \u017ee aplikovan\u00e1 sila sa pren\u00e1\u0161a priamo na z\u00e1\u0165a\u017e, \u010d\u00edm sa zni\u017euj\u00fa straty energie a zvy\u0161uje sa \u00fa\u010dinnos\u0165.<\/li>\n<\/ul>\n<\/li>\n<\/ul>\n<p>Zvarov\u00e9 spoje s\u00fa pevn\u00e9 a tuh\u00e9, minimalizuj\u00fa priehyb a zabezpe\u010duj\u00fa, \u017ee valec si zachov\u00e1va svoj tvar a \u0161truktur\u00e1lnu integritu aj v extr\u00e9mnych podmienkach. V\u010faka tejto vlastnosti s\u00fa zvarov\u00e9 valce typu T ide\u00e1lne na pou\u017eitie v aplik\u00e1ci\u00e1ch vy\u017eaduj\u00facich vysok\u00fa \u00fa\u010dinnos\u0165 a spo\u013eahlivos\u0165.<\/p>\n<p><img decoding=\"async\" src=\"https:\/\/hzpt.com\/wp-content\/uploads\/2023\/12\/random-1.webp?v=1694163707\" alt=\"\" title=\"\"><\/p>\n<h2>Pou\u017eitie zv\u00e1ran\u00e9ho valca typu T<\/h2>\n<ol>\n<li>\n<h3>Automobilov\u00fd priemysel<\/h3>\n<p>Zv\u00e1ran\u00e9 valce typu T sa \u0161iroko pou\u017e\u00edvaj\u00fa v automobilovom priemysle. Pou\u017e\u00edvaj\u00fa sa vo dver\u00e1ch automobilov, zdvih\u00e1koch kapoty a kufra, strech\u00e1ch kabrioletov a syst\u00e9moch posil\u0148ova\u010dov riadenia. Tieto valce s\u00fa uprednost\u0148ovan\u00e9 kv\u00f4li ich schopnosti poskytova\u0165 vysok\u00fd v\u00fdkon s n\u00edzkymi priestorov\u00fdmi n\u00e1rokmi. Kon\u0161trukcia valca typu T je vhodn\u00e1 pre aplik\u00e1cie, kde je potrebn\u00e9 pren\u00e1\u0161a\u0165 silu v dvoch r\u00f4znych smeroch.<\/p>\n<p>Zv\u00e1ran\u00e1 kon\u0161trukcia t\u00fdchto valcov im navy\u0161e umo\u017e\u0148uje pracova\u0165 pri vysok\u00fdch teplot\u00e1ch a tlakoch bez ak\u00fdchko\u013evek \u00fanikov. V\u010faka tomu s\u00fa vhodn\u00e9 na pou\u017eitie v motoroch, prevodovk\u00e1ch a brzdov\u00fdch syst\u00e9moch.<\/li>\n<li>\n<h3>V\u00fdrobn\u00fd priemysel<\/h3>\n<p>Zv\u00e1ran\u00e9 valce typu T sa pou\u017e\u00edvaj\u00fa aj vo v\u00fdrobnom priemysle. Pou\u017e\u00edvaj\u00fa sa v hydraulick\u00fdch lisoch, kovac\u00edch strojoch a obr\u00e1bac\u00edch strojoch na kov. V\u010faka vysokej sile s\u00fa tieto valce ide\u00e1lne pre aplik\u00e1cie, kde je potrebn\u00e1 ve\u013ek\u00e1 sila v malom priestore.<\/p>\n<p>Kon\u0161trukcia valca typu T je tie\u017e vhodn\u00e1 pre aplik\u00e1cie, kde je potrebn\u00e9 pren\u00e1\u0161a\u0165 silu v dvoch r\u00f4znych smeroch. Napr\u00edklad v hydraulickom lise sa valec typu T m\u00f4\u017ee pou\u017ei\u0165 na p\u00f4sobenie sily vertik\u00e1lne aj horizont\u00e1lne, \u010do umo\u017e\u0148uje zlo\u017eitej\u0161ie v\u00fdrobn\u00e9 procesy.<\/li>\n<li>\n<h3>Leteck\u00fd priemysel<\/h3>\n<p>Zv\u00e1ran\u00e9 valce s T-kusom sa pou\u017e\u00edvaj\u00fa v leteckom priemysle na r\u00f4zne \u00fa\u010dely. Pou\u017e\u00edvaj\u00fa sa v syst\u00e9moch podvozkov, n\u00e1kladn\u00fdch dver\u00e1ch a syst\u00e9moch riadenia letu. V\u010faka vysokej sile a kompaktnej kon\u0161trukcii s\u00fa tieto valce ide\u00e1lne na pou\u017eitie v obmedzenom priestore lietadla.<\/p>\n<p>Zv\u00e1ran\u00e1 kon\u0161trukcia t\u00fdchto valcov ich tie\u017e rob\u00ed odoln\u00fdmi vo\u010di vysok\u00fdm tlakom a teplot\u00e1m, ktor\u00fdm s\u00fa vystaven\u00e9 po\u010das letu. Okrem toho, kon\u0161trukcia valca v tvare T umo\u017e\u0148uje prenos sily v dvoch r\u00f4znych smeroch, v\u010faka \u010domu je vhodn\u00fd pre aplik\u00e1cie, kde je potrebn\u00e9 silu aplikova\u0165 pod uhlom.<\/li>\n<li>\n<h3>Stavebn\u00fd priemysel<\/h3>\n<p>Zv\u00e1ran\u00e9 valce typu T sa pou\u017e\u00edvaj\u00fa v stavebn\u00edctve na zdv\u00edhanie a premiest\u0148ovanie \u0165a\u017ek\u00fdch bremien. Pou\u017e\u00edvaj\u00fa sa v \u017eeriavoch, bagroch a r\u00fdpadl\u00e1ch-naklada\u010doch. V\u010faka vysokej sile a kompaktnej kon\u0161trukcii s\u00fa tieto valce ide\u00e1lne na pou\u017eitie v obmedzenom priestore na stavenisku.<\/p>\n<p>Kon\u0161trukcia valca v tvare T umo\u017e\u0148uje prenos sily v dvoch r\u00f4znych smeroch, v\u010faka \u010domu je vhodn\u00fd pre aplik\u00e1cie, kde je potrebn\u00e9 silu p\u00f4sobi\u0165 pod uhlom. Zv\u00e1ran\u00e1 kon\u0161trukcia t\u00fdchto valcov im navy\u0161e umo\u017e\u0148uje pracova\u0165 pri vysok\u00fdch tlakoch a teplot\u00e1ch bez ak\u00fdchko\u013evek \u00fanikov, v\u010faka \u010domu s\u00fa vhodn\u00e9 na pou\u017eitie v n\u00e1ro\u010dn\u00fdch vonkaj\u0161\u00edch podmienkach.<\/li>\n<\/ol>\n<h3>O FMP<\/h3>\n<p>FMP je profesion\u00e1lny v\u00fdrobca a distrib\u00fator hydraulick\u00fdch valcov s viac ako 30-ro\u010dn\u00fdmi sk\u00fasenos\u0165ami v tomto odvetv\u00ed. Na\u0161a priemyseln\u00e1 oblas\u0165 sa nach\u00e1dza v Taliansku a m\u00e1me viac ako 100 kusov zariaden\u00ed vr\u00e1tane automatick\u00fdch zv\u00e1ra\u010diek v ochrannej atmosf\u00e9re plynu, v\u0155ta\u010diek na hlbok\u00e9 otvory, CNC s\u00fastruhov, valcov\u00fdch br\u00fasok, automatick\u00fdch \u010distiacich strojov, automatick\u00fdch in\u0161tala\u010dn\u00fdch strojov, automatick\u00fdch sk\u00fa\u0161obn\u00fdch stol\u00edc na hydraulick\u00e9 valce, automatick\u00fdch lakovac\u00edch liniek a \u010fal\u0161\u00edch. Ka\u017ed\u00fd hydraulick\u00fd valec prech\u00e1dza pr\u00edsnym spracovan\u00edm a kontrolou, aby sme na\u0161im z\u00e1kazn\u00edkom zaru\u010dili dobr\u00fa kvalitu.<\/p>\n<p>Tu je p\u00e4\u0165 d\u00f4vodov, pre\u010do by ste si mali vybra\u0165 FMP:<\/p>\n<p>1. Dizajn\u00e9rske slu\u017eby: N\u00e1\u0161 dizajn\u00e9rsky t\u00edm m\u00e1 bohat\u00e9 sk\u00fasenosti s n\u00e1vrhom a v\u00fdvojom univerz\u00e1lnych hriade\u013eov. Ak m\u00e1te ak\u00e9ko\u013evek potreby nov\u00fdch produktov alebo chcete \u010fal\u0161ie vylep\u0161enia, radi v\u00e1m pom\u00f4\u017eeme.<\/p>\n<p>2. Servis produktov: Na\u0161e produkty prech\u00e1dzaj\u00fa pr\u00edsnym procesom, ktor\u00fd zah\u0155\u0148a z\u00edskavanie surov\u00edn, rezanie, hrub\u00e9 spracovanie, testovanie, \u010distenie, mont\u00e1\u017e, balenie a prepravu. To zaru\u010duje, \u017ee na\u0161e produkty s\u00fa najvy\u0161\u0161ej kvality a sp\u013a\u0148aj\u00fa va\u0161e po\u017eiadavky.<\/p>\n<p>3. Proces vzorkovania: Vzorky vieme vyv\u00edja\u0165 pod\u013ea va\u0161ich po\u017eiadaviek a neust\u00e1le ich upravova\u0165 tak, aby vyhovovali va\u0161im potreb\u00e1m. To zaru\u010duje, \u017ee od na\u0161ich produktov dostanete presne to, \u010do potrebujete.<\/p>\n<p>4. V\u00fdskum a v\u00fdvoj: Neust\u00e1le sk\u00famame trh a vyv\u00edjame nov\u00e9 modely, aby sme splnili meniace sa potreby na\u0161ich z\u00e1kazn\u00edkov.<\/p>\n<p>5. Prisp\u00f4sobenie: Prij\u00edmame objedn\u00e1vky na prisp\u00f4sobenie a vieme poskytn\u00fa\u0165 produkty prisp\u00f4soben\u00e9 va\u0161im \u0161pecifick\u00fdm potreb\u00e1m.<\/p>\n<p>V spolo\u010dnosti FMP sme hrd\u00ed na to, \u017ee poskytujeme vysoko kvalitn\u00e9 hydraulick\u00e9 valce a vynikaj\u00faci z\u00e1kazn\u00edcky servis. Kontaktujte n\u00e1s e\u0161te dnes, ak potrebujete hydraulick\u00e9 valce.<\/p>\n<p><img decoding=\"async\" src=\"https:\/\/fmp-components.com\/wp-content\/uploads\/2024\/12\/fmp-factory-4.webp\" alt=\"Tov\u00e1re\u0148 na v\u00fdrobu FMP\" width=\"800\" title=\"\"><br \/>\nAutor: CX<\/p>","protected":false},"excerpt":{"rendered":"<p>The 10032 Factory Direct Sale Double Acting Hydraulic Cylinder is engineered specifically for trailer applications, offering exceptional performance and reliability. This hydraulic cylinder is designed to provide powerful lifting and lowering capabilities, making it essential for efficient trailer operations. Key Features: Double Acting Functionality: Allows for smooth operation in both extension and retraction, providing precise [&hellip;]<\/p>","protected":false},"featured_media":1133,"comment_status":"closed","ping_status":"closed","template":"","meta":{"_et_pb_use_builder":"","_et_pb_old_content":"","_et_gb_content_width":""},"product_brand":[],"product_cat":[31],"product_tag":[34,35],"class_list":{"0":"post-952","1":"product","2":"type-product","3":"status-publish","4":"has-post-thumbnail","6":"product_cat-welded-tee-type-cylinder","7":"product_tag-hydraulic-cylinder","8":"product_tag-welded-tee-type-cylinder","10":"first","11":"instock","12":"product-type-simple"},"_links":{"self":[{"href":"https:\/\/fmp-components.com\/sk\/wp-json\/wp\/v2\/product\/952","targetHints":{"allow":["GET"]}}],"collection":[{"href":"https:\/\/fmp-components.com\/sk\/wp-json\/wp\/v2\/product"}],"about":[{"href":"https:\/\/fmp-components.com\/sk\/wp-json\/wp\/v2\/types\/product"}],"replies":[{"embeddable":true,"href":"https:\/\/fmp-components.com\/sk\/wp-json\/wp\/v2\/comments?post=952"}],"wp:featuredmedia":[{"embeddable":true,"href":"https:\/\/fmp-components.com\/sk\/wp-json\/wp\/v2\/media\/1133"}],"wp:attachment":[{"href":"https:\/\/fmp-components.com\/sk\/wp-json\/wp\/v2\/media?parent=952"}],"wp:term":[{"taxonomy":"product_brand","embeddable":true,"href":"https:\/\/fmp-components.com\/sk\/wp-json\/wp\/v2\/product_brand?post=952"},{"taxonomy":"product_cat","embeddable":true,"href":"https:\/\/fmp-components.com\/sk\/wp-json\/wp\/v2\/product_cat?post=952"},{"taxonomy":"product_tag","embeddable":true,"href":"https:\/\/fmp-components.com\/sk\/wp-json\/wp\/v2\/product_tag?post=952"}],"curies":[{"name":"pracovn\u00fd list","href":"https:\/\/api.w.org\/{rel}","templated":true}]}}