{"id":950,"date":"2024-12-19T03:39:43","date_gmt":"2024-12-19T03:39:43","guid":{"rendered":"https:\/\/fmp-components.com\/product\/10030-high-quality-tractor-cylinders-hydraulic-double-acting\/"},"modified":"2024-12-26T08:58:58","modified_gmt":"2024-12-26T08:58:58","slug":"10030-high-quality-tractor-cylinders-hydraulic-double-acting","status":"publish","type":"product","link":"https:\/\/fmp-components.com\/sk\/product\/10030-high-quality-tractor-cylinders-hydraulic-double-acting\/","title":{"rendered":"10030 Vysokokvalitn\u00e9 traktorov\u00e9 valce s hydraulick\u00fdm dvoj\u010dinn\u00fdm mechanizmom"},"content":{"rendered":"<p>Vysokokvalitn\u00e9 traktorov\u00e9 valce 10030 s\u00fa navrhnut\u00e9 pre vynikaj\u00faci v\u00fdkon v po\u013enohospod\u00e1rskych aplik\u00e1ci\u00e1ch a poskytuj\u00fa spo\u013eahliv\u00fd a efekt\u00edvny hydraulick\u00fd \u00fa\u010dinok pre traktory. Tento dvoj\u010dinn\u00fd hydraulick\u00fd valec je navrhnut\u00fd tak, aby zv\u00fd\u0161il funk\u010dnos\u0165 a efektivitu v\u00e1\u0161ho po\u013enohospod\u00e1rskeho zariadenia.<\/p>\n<h4>K\u013e\u00fa\u010dov\u00e9 vlastnosti:<\/h4>\n<ul>\n<li><strong>Dvoj\u010dinn\u00fd mechanizmus<\/strong>Umo\u017e\u0148uje v\u00fdkonn\u00fa prev\u00e1dzku pri vys\u00favan\u00ed aj zas\u00favan\u00ed, \u010do umo\u017e\u0148uje presn\u00e9 ovl\u00e1danie pri r\u00f4znych \u00faloh\u00e1ch.<\/li>\n<li><strong>Vysokokvalitn\u00e1 kon\u0161trukcia<\/strong>Vyroben\u00e9 z prvotriednych materi\u00e1lov pre zaistenie odolnosti a spo\u013eahlivosti pri vysok\u00fdch za\u0165a\u017eeniach a n\u00e1ro\u010dn\u00fdch podmienkach.<\/li>\n<li><strong>Vysok\u00e1 nosnos\u0165<\/strong>Navrhnut\u00e9 tak, aby zvl\u00e1dli zna\u010dn\u00e9 sily, v\u010faka \u010domu s\u00fa ide\u00e1lne pre n\u00e1ro\u010dn\u00e9 po\u013enohospod\u00e1rske aplik\u00e1cie.<\/li>\n<li><strong>Povrchov\u00e1 \u00faprava odoln\u00e1 vo\u010di kor\u00f3zii<\/strong>Povrchov\u00e1 \u00faprava chr\u00e1ni pred hrdzou a kor\u00f3ziou, zais\u0165uje dlhotrvaj\u00faci v\u00fdkon vo vonkaj\u0161om prostred\u00ed.<\/li>\n<li><strong>Jednoduch\u00e1 in\u0161tal\u00e1cia<\/strong>Navrhnut\u00e9 pre jednoduch\u00fa integr\u00e1ciu do existuj\u00facich syst\u00e9mov traktora, minimalizuje \u010das nastavenia a zvy\u0161uje produktivitu.<\/li>\n<\/ul>\n<p><img decoding=\"async\" src=\"https:\/\/hzpt.com\/wp-content\/uploads\/2023\/12\/random-2.webp\" alt=\"\" title=\"\"><\/p>\n<h4>V\u00fdhody:<\/h4>\n<ul>\n<li><strong>Zv\u00fd\u0161en\u00e1 efektivita<\/strong>Optimaliz\u00e1cie prev\u00e1dzky traktorov umo\u017e\u0148uj\u00fa plynul\u00e9 zdv\u00edhanie a sp\u00fa\u0161\u0165anie pre zv\u00fd\u0161enie produktivity.<\/li>\n<li><strong>V\u0161estrann\u00e9 aplik\u00e1cie<\/strong>Vhodn\u00fd pre r\u00f4zne po\u013enohospod\u00e1rske \u00falohy, v\u010faka \u010domu je v\u0161estrannou vo\u013ebou pre farm\u00e1rov a prev\u00e1dzkovate\u013eov.<\/li>\n<li><strong>Zn\u00ed\u017een\u00e1 \u00fadr\u017eba<\/strong>Odoln\u00e1 kon\u0161trukcia minimalizuje opotrebovanie, \u010do vedie k ni\u017e\u0161\u00edm n\u00e1kladom na \u00fadr\u017ebu a pred\u013a\u017eenej prev\u00e1dzkyschopnosti.<\/li>\n<\/ul>\n<p>Vysokokvalitn\u00e9 traktorov\u00e9 valce 10030 s hydraulick\u00fdm dvoj\u010dinn\u00fdm pohonom s\u00fa k\u013e\u00fa\u010dovou s\u00fa\u010das\u0165ou modern\u00fdch po\u013enohospod\u00e1rskych strojov, ktor\u00e9 zabezpe\u010duj\u00fa spo\u013eahliv\u00fd v\u00fdkon a \u00fa\u010dinnos\u0165. V\u010faka robustnej kon\u0161trukcii a spo\u013eahlivej funk\u010dnosti s\u00fa vynikaj\u00facou invest\u00edciou pre ak\u00fako\u013evek po\u013enohospod\u00e1rsku prev\u00e1dzku.<\/p>\n<p><img decoding=\"async\" src=\"https:\/\/hzpt.com\/wp-content\/uploads\/2023\/12\/random-4.webp\" alt=\"\" title=\"\"><\/p>\n<h2>V\u00fdhody zv\u00e1ran\u00e9ho valca s T-kusom<\/h2>\n<ul>\n<li style=\"list-style-type: none;\">\n<ul>\n<li><strong>Zv\u00fd\u0161en\u00e1 pevnos\u0165:<\/strong> Zv\u00e1ran\u00e9 valce typu T s\u00fa zn\u00e1me svojou vysokou pevnos\u0165ou, v\u010faka \u010domu s\u00fa vhodn\u00e9 pre aplik\u00e1cie vy\u017eaduj\u00face zdv\u00edhanie \u0165a\u017ek\u00fdch bremien. Proces zv\u00e1rania pou\u017eit\u00fd pri v\u00fdrobe t\u00fdchto valcov zais\u0165uje, \u017ee valec nem\u00e1 slab\u00e9 miesta a odol\u00e1 vysok\u00e9mu tlaku a nam\u00e1haniu.<\/li>\n<\/ul>\n<\/li>\n<\/ul>\n<p>Ke\u010f sa na valec vyv\u00edja tlak, rovnomerne sa rozlo\u017e\u00ed po celom povrchu, v\u010faka \u010domu je odoln\u00fd vo\u010di deform\u00e1cii. T\u00e1to vlastnos\u0165 zais\u0165uje, \u017ee valec si zachov\u00e1 svoj tvar a \u0161truktur\u00e1lnu integritu aj v extr\u00e9mnych podmienkach.<\/p>\n<ul>\n<li style=\"list-style-type: none;\">\n<ul>\n<li><strong>Prevencia \u00faniku:<\/strong> Zv\u00e1ran\u00e9 valce typu T s\u00fa navrhnut\u00e9 tak, aby sa zabr\u00e1nilo \u00faniku. Proces zv\u00e1rania pou\u017eit\u00fd po\u010das v\u00fdrobn\u00e9ho procesu zais\u0165uje, \u017ee valec je \u00faplne utesnen\u00fd a bez ak\u00fdchko\u013evek mo\u017en\u00fdch \u00fanikov. V\u010faka tejto vlastnosti s\u00fa vhodn\u00e9 na pou\u017eitie v aplik\u00e1ci\u00e1ch, kde by \u00fanik mohol sp\u00f4sobi\u0165 v\u00e1\u017ene po\u0161kodenie alebo zranenie.<\/li>\n<\/ul>\n<\/li>\n<\/ul>\n<p>Zvarov\u00e9 spoje s\u00fa hladk\u00e9, bez ak\u00fdchko\u013evek \u0161trb\u00edn alebo dr\u00e1\u017eok, kde by sa mohli hromadi\u0165 ne\u010distoty alebo ne\u010distoty, \u010d\u00edm sa zni\u017euje riziko kor\u00f3zie a po\u0161kodenia valca.<\/p>\n<ul>\n<li style=\"list-style-type: none;\">\n<ul>\n<li><strong>Prisp\u00f4sobite\u013en\u00e9:<\/strong> Zv\u00e1ran\u00e9 valce s T-kusom je mo\u017en\u00e9 prisp\u00f4sobi\u0165 \u0161pecifick\u00fdm aplik\u00e1ci\u00e1m. Valce s\u00fa dostupn\u00e9 v r\u00f4znych ve\u013ekostiach a tvaroch a je mo\u017en\u00e9 ich vyrobi\u0165 tak, aby sp\u013a\u0148ali \u0161pecifick\u00e9 po\u017eiadavky aplik\u00e1cie.<\/li>\n<\/ul>\n<\/li>\n<\/ul>\n<p>Proces prisp\u00f4sobenia umo\u017e\u0148uje optimalizova\u0165 v\u00fdkon valca a zabezpe\u010di\u0165, aby bol vhodn\u00fd pre zam\u00fd\u0161\u013ean\u00e9 pou\u017eitie. T\u00e1to vlastnos\u0165 rob\u00ed zv\u00e1ran\u00e9 valce typu T ide\u00e1lne na pou\u017eitie v r\u00f4znych priemyseln\u00fdch aplik\u00e1ci\u00e1ch vr\u00e1tane stavebn\u00edctva, ban\u00edctva a manipul\u00e1cie s materi\u00e1lom.<\/p>\n<ul>\n<li style=\"list-style-type: none;\">\n<ul>\n<li><strong>Cenovo v\u00fdhodn\u00e9:<\/strong> Zv\u00e1ran\u00e9 valce typu T s\u00fa v porovnan\u00ed s in\u00fdmi typmi valcov n\u00e1kladovo efekt\u00edvne. V\u00fdrobn\u00fd proces pou\u017e\u00edvan\u00fd na v\u00fdrobu t\u00fdchto valcov je jednoduch\u00fd, v\u010faka \u010domu s\u00fa lacnej\u0161ie ako in\u00e9 typy valcov.<\/li>\n<\/ul>\n<\/li>\n<\/ul>\n<p>Vysok\u00e1 pevnos\u0165 a odolnos\u0165 zv\u00e1ran\u00fdch valcov typu T navy\u0161e zni\u017euje potrebu \u010dast\u00fdch opr\u00e1v a v\u00fdmen, \u010d\u00edm \u0161etr\u00ed n\u00e1klady na \u00fadr\u017ebu. T\u00e1to vlastnos\u0165 z nich rob\u00ed ob\u013e\u00faben\u00fa vo\u013ebu v mnoh\u00fdch odvetviach, najm\u00e4 v t\u00fdch s obmedzen\u00fdm rozpo\u010dtom.<\/p>\n<ul>\n<li style=\"list-style-type: none;\">\n<ul>\n<li><strong>Zv\u00fd\u0161en\u00e1 \u00fa\u010dinnos\u0165:<\/strong> Zv\u00e1ran\u00e9 valce typu T s\u00fa vysoko \u00fa\u010dinn\u00e9 a efekt\u00edvne. Kon\u0161trukcia valca zais\u0165uje, \u017ee aplikovan\u00e1 sila sa pren\u00e1\u0161a priamo na z\u00e1\u0165a\u017e, \u010d\u00edm sa zni\u017euj\u00fa straty energie a zvy\u0161uje sa \u00fa\u010dinnos\u0165.<\/li>\n<\/ul>\n<\/li>\n<\/ul>\n<p>Zvarov\u00e9 spoje s\u00fa pevn\u00e9 a tuh\u00e9, minimalizuj\u00fa priehyb a zabezpe\u010duj\u00fa, \u017ee valec si zachov\u00e1va svoj tvar a \u0161truktur\u00e1lnu integritu aj v extr\u00e9mnych podmienkach. V\u010faka tejto vlastnosti s\u00fa zvarov\u00e9 valce typu T ide\u00e1lne na pou\u017eitie v aplik\u00e1ci\u00e1ch vy\u017eaduj\u00facich vysok\u00fa \u00fa\u010dinnos\u0165 a spo\u013eahlivos\u0165.<\/p>\n<h2>Pou\u017eitie zv\u00e1ran\u00e9ho valca typu T<\/h2>\n<ul>\n<li>\n<h3>Priemyseln\u00e9 stroje a zariadenia<\/h3>\n<p>Zv\u00e1ran\u00fd valec s T-kusom sa \u0161iroko pou\u017e\u00edva v priemyseln\u00fdch strojoch a zariadeniach, najm\u00e4 v hydraulick\u00fdch syst\u00e9moch. Valec sa sklad\u00e1 z piestu a valcovej r\u00farky, ktor\u00e9 s\u00fa zvaren\u00e9 do jedn\u00e9ho celku. T\u00e1to kon\u0161trukcia pon\u00faka oproti in\u00fdm typom valcov nieko\u013eko v\u00fdhod, ako je zv\u00fd\u0161en\u00e1 odolnos\u0165, vy\u0161\u0161ia pevnos\u0165 a v\u00e4\u010d\u0161ia presnos\u0165.<\/p>\n<p>Jednou z najd\u00f4le\u017eitej\u0161\u00edch aplik\u00e1ci\u00ed zv\u00e1ran\u00fdch valcov s tvarom T v priemyseln\u00fdch strojoch je ich schopnos\u0165 poskytova\u0165 konzistentn\u00fa a presn\u00fa silu. To je nevyhnutn\u00e9 pre mnoh\u00e9 v\u00fdrobn\u00e9 procesy, kde je potrebn\u00e1 presn\u00e1 kontrola na zabezpe\u010denie kvality kone\u010dn\u00e9ho produktu. Zv\u00e1ran\u00e9 valce s tvarom T sa m\u00f4\u017eu tie\u017e pou\u017ei\u0165 na regul\u00e1ciu prietoku kvapal\u00edn v hydraulick\u00fdch syst\u00e9moch, \u010do umo\u017e\u0148uje v\u00e4\u010d\u0161iu \u00fa\u010dinnos\u0165 a spo\u013eahlivos\u0165 v r\u00f4znych priemyseln\u00fdch aplik\u00e1ci\u00e1ch.<\/li>\n<li>\n<h3>Po\u013enohospod\u00e1rske stroje<\/h3>\n<p>Zv\u00e1ran\u00fd valec typu T sa be\u017ene pou\u017e\u00edva aj v po\u013enohospod\u00e1rskych strojoch, ako s\u00fa traktory a kombajny. Tieto stroje vy\u017eaduj\u00fa na efekt\u00edvnu prev\u00e1dzku v\u00fdkonn\u00e9 a spo\u013eahliv\u00e9 hydraulick\u00e9 syst\u00e9my a zv\u00e1ran\u00fd valec typu T je na tento \u00fa\u010del ide\u00e1lnou vo\u013ebou.<\/p>\n<p>Robustn\u00e1 kon\u0161trukcia a vysok\u00e1 pevnos\u0165 valca ho robia vysoko odoln\u00fdm vo\u010di opotrebovaniu, a to aj v n\u00e1ro\u010dn\u00fdch prev\u00e1dzkov\u00fdch podmienkach. V\u010faka tomu je ide\u00e1lnou vo\u013ebou pre pou\u017eitie v po\u013enohospod\u00e1rskych strojoch, kde je odolnos\u0165 k\u013e\u00fa\u010dov\u00fdm faktorom. Zv\u00e1ran\u00fd valec typu T sa d\u00e1 pou\u017ei\u0165 aj na zabezpe\u010denie presn\u00e9ho ovl\u00e1dania potrebn\u00e9ho pre mnoh\u00e9 po\u013enohospod\u00e1rske procesy, ako je sadenie, zber \u00farody a zavla\u017eovanie.<\/li>\n<li>\n<h3>Stavebn\u00e9 stroje<\/h3>\n<p>Zv\u00e1ran\u00fd valec s T-kusom sa tie\u017e \u0161iroko pou\u017e\u00edva v stavebn\u00fdch strojoch, ako s\u00fa bagre, r\u00fdpadl\u00e1 a buldoz\u00e9ry. Tieto stroje vy\u017eaduj\u00fa v\u00fdkonn\u00e9 a spo\u013eahliv\u00e9 hydraulick\u00e9 syst\u00e9my na vykon\u00e1vanie n\u00e1ro\u010dn\u00fdch \u00faloh, ako je kopanie, zdv\u00edhanie a tla\u010denie \u0165a\u017ek\u00fdch bremien.<\/p>\n<p>Vysok\u00e1 pevnos\u0165 a odolnos\u0165 zv\u00e1ran\u00e9ho valca typu T z neho robia ide\u00e1lnu vo\u013ebu pre pou\u017eitie v stavebn\u00fdch strojoch. Jeho schopnos\u0165 zabezpe\u010di\u0165 presn\u00e9 ovl\u00e1danie a konzistentn\u00fa silu je nevyhnutn\u00e1 pre mnoh\u00e9 stavebn\u00e9 procesy, ako s\u00fa v\u00fdkopov\u00e9 pr\u00e1ce, ter\u00e9nne \u00fapravy a dla\u017eby. Zv\u00e1ran\u00fd valec typu T sa m\u00f4\u017ee pou\u017ei\u0165 aj na regul\u00e1ciu prietoku kvapal\u00edn v hydraulick\u00fdch syst\u00e9moch, \u010d\u00edm sa zlep\u0161uje \u00fa\u010dinnos\u0165 a spo\u013eahlivos\u0165 stavebn\u00fdch strojov v r\u00f4znych aplik\u00e1ci\u00e1ch.<\/li>\n<\/ul>\n<h3>O FMP<\/h3>\n<p>Spolo\u010dnos\u0165 FMP m\u00e1 viac ako 30 rokov sk\u00fasenost\u00ed s v\u00fdrobou vysokokvalitn\u00fdch hydraulick\u00fdch valcov, ktor\u00e9 je mo\u017en\u00e9 prisp\u00f4sobi\u0165 va\u0161im potreb\u00e1m. Na\u0161a priemyseln\u00e1 oblas\u0165 sa nach\u00e1dza v Taliansku a m\u00e1me viac ako 100 kusov zariaden\u00ed vr\u00e1tane automatick\u00fdch zv\u00e1ra\u010diek v ochrannej atmosf\u00e9re plynu, v\u0155ta\u010diek na hlbok\u00e9 otvory, CNC s\u00fastruhov, valcov\u00fdch br\u00fasok, automatick\u00fdch \u010distiacich strojov, automatick\u00fdch in\u0161tala\u010dn\u00fdch strojov, automatick\u00fdch sk\u00fa\u0161obn\u00fdch stol\u00edc na hydraulick\u00e9 valce a automatick\u00fdch lakovac\u00edch liniek.<\/p>\n<p>Na\u0161e hydraulick\u00e9 valce s\u00fa vyroben\u00e9 z vysoko kvalitn\u00fdch materi\u00e1lov a prech\u00e1dzaj\u00fa pr\u00edsnym spracovan\u00edm a kontrolou, aby sme zaru\u010dili ich dobr\u00fa kvalitu. Pon\u00fakame komplexn\u00fd sortiment hydraulick\u00fdch valcov vr\u00e1tane hydraulick\u00fdch valcov s n\u00e1u\u0161nicami, obojsmern\u00fdch automatick\u00fdch teleskopick\u00fdch hydraulick\u00fdch valcov a mnoh\u00fdch \u010fal\u0161\u00edch.<\/p>\n<h4>V\u00fdhody v\u00fdberu hydraulick\u00fdch valcov FMP:<\/h4>\n<ul>\n<li><strong>Dizajn\u00e9rska slu\u017eba:<\/strong> N\u00e1\u0161 sk\u00fasen\u00fd dizajn\u00e9rsky t\u00edm v\u00e1m m\u00f4\u017ee poskytn\u00fa\u0165 slu\u017eby v oblasti n\u00e1vrhu a v\u00fdvoja univerz\u00e1lnych hriade\u013eov a m\u00f4\u017eeme v\u00e1s podpori\u0165 pri v\u00fdvoji nov\u00fdch produktov alebo vylep\u0161ovan\u00ed existuj\u00facich produktov tak, aby vyhovovali va\u0161im potreb\u00e1m.<\/li>\n<li><strong>Produktov\u00fd servis:<\/strong> Na\u0161e v\u00fdrobky prech\u00e1dzaj\u00fa pr\u00edsnym procesom vr\u00e1tane v\u00fdberu surov\u00edn, rezania, hrub\u00e9ho spracovania, testovania, \u010distenia, mont\u00e1\u017ee, balenia a prepravy, aby sme na\u0161im z\u00e1kazn\u00edkom zabezpe\u010dili dod\u00e1vanie vysoko kvalitn\u00fdch v\u00fdrobkov.<\/li>\n<li><strong>Uk\u00e1\u017ekov\u00fd proces:<\/strong> Vieme vyvin\u00fa\u0165 vzorky pod\u013ea va\u0161ich po\u017eiadaviek a neust\u00e1le ich upravova\u0165 tak, aby vyhovovali va\u0161im potreb\u00e1m.<\/li>\n<li><strong>V\u00fdskum a v\u00fdvoj:<\/strong> Sledujeme najnov\u0161ie trendy na trhu a potreby z\u00e1kazn\u00edkov a vyv\u00edjame nov\u00e9 modely, aby sme splnili meniace sa po\u017eiadavky trhu.<\/li>\n<li><strong>Vysokokvalitn\u00e9 produkty:<\/strong> Na\u0161e hydraulick\u00e9 valce s\u00fa vyroben\u00e9 z vysoko kvalitn\u00fdch materi\u00e1lov a prech\u00e1dzaj\u00fa pr\u00edsnym spracovan\u00edm a kontrolou, aby sme zaru\u010dili ich dobr\u00fa kvalitu a zabezpe\u010dili, \u017ee sp\u013a\u0148aj\u00fa va\u0161e potreby a prekon\u00e1vaj\u00fa va\u0161e o\u010dak\u00e1vania.<\/li>\n<\/ul>\n<p>V spolo\u010dnosti FMP sa zav\u00e4zujeme poskytova\u0165 na\u0161im z\u00e1kazn\u00edkom vysoko kvalitn\u00e9 hydraulick\u00e9 valce, ktor\u00e9 sp\u013a\u0148aj\u00fa ich potreby a prekon\u00e1vaj\u00fa ich o\u010dak\u00e1vania. Kontaktujte n\u00e1s e\u0161te dnes a zistite, ako v\u00e1m m\u00f4\u017eeme pom\u00f4c\u0165.<\/p>\n<p><img decoding=\"async\" src=\"https:\/\/fmp-components.com\/wp-content\/uploads\/2024\/12\/fmp-factory-4.webp\" alt=\"Tov\u00e1re\u0148 na v\u00fdrobu FMP\" width=\"800\" title=\"\"><\/p>\n<h2>\u010casto kladen\u00e9 ot\u00e1zky<\/h2>\n<p><b>Ot\u00e1zka 1: Ak\u00e1 je \u017eivotnos\u0165 hydraulick\u00fdch valcov FMP?<\/b><\/p>\n<p>A1: \u017divotnos\u0165 z\u00e1vis\u00ed od pou\u017e\u00edvania a \u00fadr\u017eby. Pri spr\u00e1vnej starostlivosti m\u00f4\u017eu vydr\u017ea\u0165 nieko\u013eko rokov.<\/p>\n<p><b>Ot\u00e1zka 2: Ako \u010dasto by som mal vymie\u0148a\u0165 hydraulick\u00fd olej?<\/b><\/p>\n<p>A2: Odpor\u00fa\u010da sa vymeni\u0165 hydraulick\u00fd olej po ka\u017ed\u00fdch 1000 hodin\u00e1ch prev\u00e1dzky alebo pod\u013ea pokynov v\u00fdrobcu.<\/p>\n<p><b>Ot\u00e1zka 3: Ako m\u00f4\u017eem zmera\u0165 svoj hydraulick\u00fd valec?<\/b><\/p>\n<p>A3: Na ur\u010denie ve\u013ekosti m\u00f4\u017eete zmera\u0165 v\u0155tanie valca, priemer ty\u010de a d\u013a\u017eku zdvihu.<\/p>\n<p><b>Ot\u00e1zka 4: Ak\u00fd druh \u00fadr\u017eby potrebuje hydraulick\u00fd valec?<\/b><\/p>\n<p>A4: Pravideln\u00e9 \u010distenie a mazanie m\u00f4\u017ee pom\u00f4c\u0165 udr\u017ea\u0165 v\u00fdkon a dlh\u00fa \u017eivotnos\u0165 valca.<\/p>\n<p><b>Q5: Kde sa vyr\u00e1baj\u00fa hydraulick\u00e9 valce FMP?<\/b><\/p>\n<p>A5: Na\u0161e hydraulick\u00e9 valce sa vyr\u00e1baj\u00fa v na\u0161om najmodernej\u0161om z\u00e1vode v Taliansku<\/p>\n<p>Autor: CX<\/p>","protected":false},"excerpt":{"rendered":"<p>The 10030 High Quality Tractor Cylinders are engineered for superior performance in agricultural applications, providing reliable and efficient hydraulic action for tractors. This double-acting hydraulic cylinder is designed to enhance the functionality and effectiveness of your farming equipment. Key Features: Double Acting Mechanism: Enables powerful operation in both extension and retraction, allowing for precise control [&hellip;]<\/p>","protected":false},"featured_media":1132,"comment_status":"closed","ping_status":"closed","template":"","meta":{"_et_pb_use_builder":"","_et_pb_old_content":"","_et_gb_content_width":""},"product_brand":[],"product_cat":[31],"product_tag":[34,35],"class_list":{"0":"post-950","1":"product","2":"type-product","3":"status-publish","4":"has-post-thumbnail","6":"product_cat-welded-tee-type-cylinder","7":"product_tag-hydraulic-cylinder","8":"product_tag-welded-tee-type-cylinder","10":"first","11":"instock","12":"product-type-simple"},"_links":{"self":[{"href":"https:\/\/fmp-components.com\/sk\/wp-json\/wp\/v2\/product\/950","targetHints":{"allow":["GET"]}}],"collection":[{"href":"https:\/\/fmp-components.com\/sk\/wp-json\/wp\/v2\/product"}],"about":[{"href":"https:\/\/fmp-components.com\/sk\/wp-json\/wp\/v2\/types\/product"}],"replies":[{"embeddable":true,"href":"https:\/\/fmp-components.com\/sk\/wp-json\/wp\/v2\/comments?post=950"}],"wp:featuredmedia":[{"embeddable":true,"href":"https:\/\/fmp-components.com\/sk\/wp-json\/wp\/v2\/media\/1132"}],"wp:attachment":[{"href":"https:\/\/fmp-components.com\/sk\/wp-json\/wp\/v2\/media?parent=950"}],"wp:term":[{"taxonomy":"product_brand","embeddable":true,"href":"https:\/\/fmp-components.com\/sk\/wp-json\/wp\/v2\/product_brand?post=950"},{"taxonomy":"product_cat","embeddable":true,"href":"https:\/\/fmp-components.com\/sk\/wp-json\/wp\/v2\/product_cat?post=950"},{"taxonomy":"product_tag","embeddable":true,"href":"https:\/\/fmp-components.com\/sk\/wp-json\/wp\/v2\/product_tag?post=950"}],"curies":[{"name":"pracovn\u00fd list","href":"https:\/\/api.w.org\/{rel}","templated":true}]}}