{"id":949,"date":"2024-12-19T03:39:43","date_gmt":"2024-12-19T03:39:43","guid":{"rendered":"https:\/\/fmp-components.com\/product\/10029-customized-mini-welded-hydraulic-cylinders-for-agricultural-machinery\/"},"modified":"2024-12-19T08:44:05","modified_gmt":"2024-12-19T08:44:05","slug":"10029-customized-mini-welded-hydraulic-cylinders-for-agricultural-machinery","status":"publish","type":"product","link":"https:\/\/fmp-components.com\/sk\/product\/10029-customized-mini-welded-hydraulic-cylinders-for-agricultural-machinery\/","title":{"rendered":"10029 Prisp\u00f4soben\u00e9 mini zv\u00e1ran\u00e9 hydraulick\u00e9 valce pre po\u013enohospod\u00e1rske stroje"},"content":{"rendered":"<p>Miniat\u00farne zv\u00e1ran\u00e9 hydraulick\u00e9 valce 10029 na mieru s\u00fa \u0161peci\u00e1lne navrhnut\u00e9 pre po\u013enohospod\u00e1rske stroje a poskytuj\u00fa kompaktn\u00e9 a v\u00fdkonn\u00e9 rie\u0161enie pre r\u00f4zne po\u013enohospod\u00e1rske aplik\u00e1cie. Tieto hydraulick\u00e9 valce pon\u00fakaj\u00fa v\u00fdnimo\u010dn\u00fd v\u00fdkon a odolnos\u0165, v\u010faka \u010domu s\u00fa ide\u00e1lne na pou\u017eitie v stiesnen\u00fdch priestoroch a n\u00e1ro\u010dn\u00fdch prostrediach.<\/p>\n<h4>K\u013e\u00fa\u010dov\u00e9 vlastnosti:<\/h4>\n<ul>\n<li><strong>Prisp\u00f4soben\u00fd dizajn<\/strong>Prisp\u00f4soben\u00e9 \u0161pecifick\u00fdm po\u017eiadavk\u00e1m, zabezpe\u010duj\u00face kompatibilitu so \u0161irokou \u0161k\u00e1lou po\u013enohospod\u00e1rskych strojov.<\/li>\n<li><strong>Miniat\u00farna ve\u013ekos\u0165<\/strong>Kompaktn\u00fd dizajn umo\u017e\u0148uje in\u0161tal\u00e1ciu v obmedzenom priestore bez straty v\u00fdkonu alebo v\u00fdkonu.<\/li>\n<li><strong>Zv\u00e1ran\u00e1 kon\u0161trukcia<\/strong>Robustn\u00e1 zv\u00e1ran\u00e1 kon\u0161trukcia pre zv\u00fd\u0161en\u00fa pevnos\u0165 a spo\u013eahlivos\u0165, vhodn\u00e1 pre n\u00e1ro\u010dn\u00e9 pou\u017eitie.<\/li>\n<li><strong>Povrchov\u00e1 \u00faprava odoln\u00e1 vo\u010di kor\u00f3zii<\/strong>O\u0161etren\u00e9 ochrann\u00fdmi n\u00e1termi, ktor\u00e9 zabra\u0148uj\u00fa hrdzi a kor\u00f3zii, a zais\u0165uj\u00fa tak dlh\u00fa \u017eivotnos\u0165 vo vonkaj\u0161\u00edch podmienkach.<\/li>\n<li><strong>Jednoduch\u00e1 integr\u00e1cia<\/strong>Navrhnut\u00e9 pre jednoduch\u00fa in\u0161tal\u00e1ciu do r\u00f4znych po\u013enohospod\u00e1rskych strojov, \u010do umo\u017e\u0148uje r\u00fdchle nastavenie a minim\u00e1lne prestoje.<\/li>\n<\/ul>\n<p><img decoding=\"async\" src=\"https:\/\/hzpt.com\/wp-content\/uploads\/2023\/12\/random-2.webp\" alt=\"\" title=\"\"><\/p>\n<h4>V\u00fdhody:<\/h4>\n<ul>\n<li><strong>Zv\u00fd\u0161en\u00e1 \u00fa\u010dinnos\u0165<\/strong>Optimalizuje v\u00fdkon po\u013enohospod\u00e1rskych strojov a zabezpe\u010duje plynul\u00fd a v\u00fdkonn\u00fd hydraulick\u00fd chod.<\/li>\n<li><strong>V\u0161estrann\u00e9 aplik\u00e1cie<\/strong>Ide\u00e1lne pre r\u00f4zne \u00falohy vr\u00e1tane zdv\u00edhania, tla\u010denia a \u0165ahania v po\u013enohospod\u00e1rskych prev\u00e1dzkach.<\/li>\n<li><strong>Zn\u00ed\u017een\u00e1 \u00fadr\u017eba<\/strong>Odoln\u00e1 kon\u0161trukcia minimalizuje opotrebovanie, \u010do v priebehu \u010dasu vedie k ni\u017e\u0161\u00edm n\u00e1kladom na \u00fadr\u017ebu.<\/li>\n<\/ul>\n<p>Mini zv\u00e1ran\u00e9 hydraulick\u00e9 valce 10029 na mieru s\u00fa z\u00e1kladnou s\u00fa\u010das\u0165ou modern\u00fdch po\u013enohospod\u00e1rskych strojov a poskytuj\u00fa spo\u013eahliv\u00fd v\u00fdkon a \u00fa\u010dinnos\u0165 v kompaktnom balen\u00ed. V\u010faka robustnej kon\u0161trukcii a mo\u017enostiam prisp\u00f4sobenia s\u00fa cenn\u00fdm doplnkom ka\u017edej po\u013enohospod\u00e1rskej prev\u00e1dzky.<\/p>\n<p>&nbsp;<\/p>\n<p><img decoding=\"async\" class=\"aligncenter\" src=\"https:\/\/hzpt.com\/wp-content\/uploads\/2023\/12\/random-3.webp\" alt=\"\" title=\"\"><\/p>\n<p><!-- Add 5 Q&A here --><\/p>\n<h2>V\u00fdhody zv\u00e1ran\u00e9ho valca s T-kusom<\/h2>\n<ul>\n<li style=\"list-style-type: none;\">\n<ul>\n<li><strong>Zv\u00fd\u0161en\u00e1 pevnos\u0165:<\/strong> Zv\u00e1ran\u00e9 valce typu T s\u00fa zn\u00e1me svojou vysokou pevnos\u0165ou, v\u010faka \u010domu s\u00fa vhodn\u00e9 pre aplik\u00e1cie vy\u017eaduj\u00face zdv\u00edhanie \u0165a\u017ek\u00fdch bremien. Proces zv\u00e1rania pou\u017eit\u00fd pri v\u00fdrobe t\u00fdchto valcov zais\u0165uje, \u017ee valec nem\u00e1 slab\u00e9 miesta a odol\u00e1 vysok\u00e9mu tlaku a nam\u00e1haniu.<\/li>\n<\/ul>\n<\/li>\n<\/ul>\n<p>Ke\u010f sa na valec vyv\u00edja tlak, rovnomerne sa rozlo\u017e\u00ed po celom povrchu, v\u010faka \u010domu je odoln\u00fd vo\u010di deform\u00e1cii. T\u00e1to vlastnos\u0165 zais\u0165uje, \u017ee valec si zachov\u00e1 svoj tvar a \u0161truktur\u00e1lnu integritu aj v extr\u00e9mnych podmienkach.<\/p>\n<ul>\n<li style=\"list-style-type: none;\">\n<ul>\n<li><strong>Prevencia \u00faniku:<\/strong> Zv\u00e1ran\u00e9 valce typu T s\u00fa navrhnut\u00e9 tak, aby sa zabr\u00e1nilo \u00faniku. Proces zv\u00e1rania pou\u017eit\u00fd po\u010das v\u00fdrobn\u00e9ho procesu zais\u0165uje, \u017ee valec je \u00faplne utesnen\u00fd a bez ak\u00fdchko\u013evek mo\u017en\u00fdch \u00fanikov. V\u010faka tejto vlastnosti s\u00fa vhodn\u00e9 na pou\u017eitie v aplik\u00e1ci\u00e1ch, kde by \u00fanik mohol sp\u00f4sobi\u0165 v\u00e1\u017ene po\u0161kodenie alebo zranenie.<\/li>\n<\/ul>\n<\/li>\n<\/ul>\n<p>Zvarov\u00e9 spoje s\u00fa hladk\u00e9, bez ak\u00fdchko\u013evek \u0161trb\u00edn alebo dr\u00e1\u017eok, kde by sa mohli hromadi\u0165 ne\u010distoty alebo ne\u010distoty, \u010d\u00edm sa zni\u017euje riziko kor\u00f3zie a po\u0161kodenia valca.<\/p>\n<ul>\n<li style=\"list-style-type: none;\">\n<ul>\n<li><strong>Prisp\u00f4sobite\u013en\u00e9:<\/strong> Zv\u00e1ran\u00e9 valce s T-kusom je mo\u017en\u00e9 prisp\u00f4sobi\u0165 \u0161pecifick\u00fdm aplik\u00e1ci\u00e1m. Valce s\u00fa dostupn\u00e9 v r\u00f4znych ve\u013ekostiach a tvaroch a je mo\u017en\u00e9 ich vyrobi\u0165 tak, aby sp\u013a\u0148ali \u0161pecifick\u00e9 po\u017eiadavky aplik\u00e1cie.<\/li>\n<\/ul>\n<\/li>\n<\/ul>\n<p>Proces prisp\u00f4sobenia umo\u017e\u0148uje optimalizova\u0165 v\u00fdkon valca a zabezpe\u010di\u0165, aby bol vhodn\u00fd pre zam\u00fd\u0161\u013ean\u00e9 pou\u017eitie. T\u00e1to vlastnos\u0165 rob\u00ed zv\u00e1ran\u00e9 valce typu T ide\u00e1lne na pou\u017eitie v r\u00f4znych priemyseln\u00fdch aplik\u00e1ci\u00e1ch vr\u00e1tane stavebn\u00edctva, ban\u00edctva a manipul\u00e1cie s materi\u00e1lom.<\/p>\n<ul>\n<li style=\"list-style-type: none;\">\n<ul>\n<li><strong>Cenovo v\u00fdhodn\u00e9:<\/strong> Zv\u00e1ran\u00e9 valce typu T s\u00fa v porovnan\u00ed s in\u00fdmi typmi valcov n\u00e1kladovo efekt\u00edvne. V\u00fdrobn\u00fd proces pou\u017e\u00edvan\u00fd na v\u00fdrobu t\u00fdchto valcov je jednoduch\u00fd, v\u010faka \u010domu s\u00fa lacnej\u0161ie ako in\u00e9 typy valcov.<\/li>\n<\/ul>\n<\/li>\n<\/ul>\n<p>Vysok\u00e1 pevnos\u0165 a odolnos\u0165 zv\u00e1ran\u00fdch valcov typu T navy\u0161e zni\u017euje potrebu \u010dast\u00fdch opr\u00e1v a v\u00fdmen, \u010d\u00edm \u0161etr\u00ed n\u00e1klady na \u00fadr\u017ebu. T\u00e1to vlastnos\u0165 z nich rob\u00ed ob\u013e\u00faben\u00fa vo\u013ebu v mnoh\u00fdch odvetviach, najm\u00e4 v t\u00fdch s obmedzen\u00fdm rozpo\u010dtom.<\/p>\n<ul>\n<li style=\"list-style-type: none;\">\n<ul>\n<li><strong>Zv\u00fd\u0161en\u00e1 \u00fa\u010dinnos\u0165:<\/strong> Zv\u00e1ran\u00e9 valce typu T s\u00fa vysoko \u00fa\u010dinn\u00e9 a efekt\u00edvne. Kon\u0161trukcia valca zais\u0165uje, \u017ee aplikovan\u00e1 sila sa pren\u00e1\u0161a priamo na z\u00e1\u0165a\u017e, \u010d\u00edm sa zni\u017euj\u00fa straty energie a zvy\u0161uje sa \u00fa\u010dinnos\u0165.<\/li>\n<\/ul>\n<\/li>\n<\/ul>\n<p>Zvarov\u00e9 spoje s\u00fa pevn\u00e9 a tuh\u00e9, minimalizuj\u00fa priehyb a zabezpe\u010duj\u00fa, \u017ee valec si zachov\u00e1va svoj tvar a \u0161truktur\u00e1lnu integritu aj v extr\u00e9mnych podmienkach. V\u010faka tejto vlastnosti s\u00fa zvarov\u00e9 valce typu T ide\u00e1lne na pou\u017eitie v aplik\u00e1ci\u00e1ch vy\u017eaduj\u00facich vysok\u00fa \u00fa\u010dinnos\u0165 a spo\u013eahlivos\u0165.<\/p>\n<h2>Pou\u017eitie zv\u00e1ran\u00e9ho valca typu T<\/h2>\n<ul>\n<li>\n<h3>Priemyseln\u00e9 stroje a zariadenia<\/h3>\n<p>Zv\u00e1ran\u00fd valec s T-kusom sa \u0161iroko pou\u017e\u00edva v priemyseln\u00fdch strojoch a zariadeniach, najm\u00e4 v hydraulick\u00fdch syst\u00e9moch. Valec sa sklad\u00e1 z piestu a valcovej r\u00farky, ktor\u00e9 s\u00fa zvaren\u00e9 do jedn\u00e9ho celku. T\u00e1to kon\u0161trukcia pon\u00faka oproti in\u00fdm typom valcov nieko\u013eko v\u00fdhod, ako je zv\u00fd\u0161en\u00e1 odolnos\u0165, vy\u0161\u0161ia pevnos\u0165 a v\u00e4\u010d\u0161ia presnos\u0165.<\/p>\n<p>Jednou z najd\u00f4le\u017eitej\u0161\u00edch aplik\u00e1ci\u00ed zv\u00e1ran\u00fdch valcov s tvarom T v priemyseln\u00fdch strojoch je ich schopnos\u0165 poskytova\u0165 konzistentn\u00fa a presn\u00fa silu. To je nevyhnutn\u00e9 pre mnoh\u00e9 v\u00fdrobn\u00e9 procesy, kde je potrebn\u00e1 presn\u00e1 kontrola na zabezpe\u010denie kvality kone\u010dn\u00e9ho produktu. Zv\u00e1ran\u00e9 valce s tvarom T sa m\u00f4\u017eu tie\u017e pou\u017ei\u0165 na regul\u00e1ciu prietoku kvapal\u00edn v hydraulick\u00fdch syst\u00e9moch, \u010do umo\u017e\u0148uje v\u00e4\u010d\u0161iu \u00fa\u010dinnos\u0165 a spo\u013eahlivos\u0165 v r\u00f4znych priemyseln\u00fdch aplik\u00e1ci\u00e1ch.<\/li>\n<li>\n<h3>Po\u013enohospod\u00e1rske stroje<\/h3>\n<p>Zv\u00e1ran\u00fd valec typu T sa be\u017ene pou\u017e\u00edva aj v po\u013enohospod\u00e1rskych strojoch, ako s\u00fa traktory a kombajny. Tieto stroje vy\u017eaduj\u00fa na efekt\u00edvnu prev\u00e1dzku v\u00fdkonn\u00e9 a spo\u013eahliv\u00e9 hydraulick\u00e9 syst\u00e9my a zv\u00e1ran\u00fd valec typu T je na tento \u00fa\u010del ide\u00e1lnou vo\u013ebou.<\/p>\n<p>Robustn\u00e1 kon\u0161trukcia a vysok\u00e1 pevnos\u0165 valca ho robia vysoko odoln\u00fdm vo\u010di opotrebovaniu, a to aj v n\u00e1ro\u010dn\u00fdch prev\u00e1dzkov\u00fdch podmienkach. V\u010faka tomu je ide\u00e1lnou vo\u013ebou pre pou\u017eitie v po\u013enohospod\u00e1rskych strojoch, kde je odolnos\u0165 k\u013e\u00fa\u010dov\u00fdm faktorom. Zv\u00e1ran\u00fd valec typu T sa d\u00e1 pou\u017ei\u0165 aj na zabezpe\u010denie presn\u00e9ho ovl\u00e1dania potrebn\u00e9ho pre mnoh\u00e9 po\u013enohospod\u00e1rske procesy, ako je sadenie, zber \u00farody a zavla\u017eovanie.<\/li>\n<li>\n<h3>Stavebn\u00e9 stroje<\/h3>\n<p>Zv\u00e1ran\u00fd valec s T-kusom sa tie\u017e \u0161iroko pou\u017e\u00edva v stavebn\u00fdch strojoch, ako s\u00fa bagre, r\u00fdpadl\u00e1 a buldoz\u00e9ry. Tieto stroje vy\u017eaduj\u00fa v\u00fdkonn\u00e9 a spo\u013eahliv\u00e9 hydraulick\u00e9 syst\u00e9my na vykon\u00e1vanie n\u00e1ro\u010dn\u00fdch \u00faloh, ako je kopanie, zdv\u00edhanie a tla\u010denie \u0165a\u017ek\u00fdch bremien.<\/p>\n<p>Vysok\u00e1 pevnos\u0165 a odolnos\u0165 zv\u00e1ran\u00e9ho valca typu T z neho robia ide\u00e1lnu vo\u013ebu pre pou\u017eitie v stavebn\u00fdch strojoch. Jeho schopnos\u0165 zabezpe\u010di\u0165 presn\u00e9 ovl\u00e1danie a konzistentn\u00fa silu je nevyhnutn\u00e1 pre mnoh\u00e9 stavebn\u00e9 procesy, ako s\u00fa v\u00fdkopov\u00e9 pr\u00e1ce, ter\u00e9nne \u00fapravy a dla\u017eby. Zv\u00e1ran\u00fd valec typu T sa m\u00f4\u017ee pou\u017ei\u0165 aj na regul\u00e1ciu prietoku kvapal\u00edn v hydraulick\u00fdch syst\u00e9moch, \u010d\u00edm sa zlep\u0161uje \u00fa\u010dinnos\u0165 a spo\u013eahlivos\u0165 stavebn\u00fdch strojov v r\u00f4znych aplik\u00e1ci\u00e1ch.<\/li>\n<\/ul>\n<h3>O FMP<\/h3>\n<p>Spolo\u010dnos\u0165 FMP je popredn\u00fdm v\u00fdrobcom a dod\u00e1vate\u013eom hydraulick\u00fdch valcov s viac ako 30-ro\u010dn\u00fdmi sk\u00fasenos\u0165ami v tomto odvetv\u00ed. Na\u0161a modern\u00e1 priemyseln\u00e1 z\u00f3na, ktor\u00e1 sa nach\u00e1dza v Taliansku, obsahuje viac ako 100 \u0161pi\u010dkov\u00fdch zariaden\u00ed vr\u00e1tane automatick\u00fdch zv\u00e1ra\u010diek v ochrannej atmosf\u00e9re plynu, v\u0155ta\u010diek na hlbok\u00e9 otvory, CNC s\u00fastruhov, valcov\u00fdch br\u00fasok, automatick\u00fdch \u010distiacich strojov, automatick\u00fdch in\u0161tala\u010dn\u00fdch strojov, automatick\u00fdch sk\u00fa\u0161obn\u00fdch stol\u00edc na hydraulick\u00e9 valce a automatick\u00fdch lakovac\u00edch liniek.<\/p>\n<p>Na\u0161e hydraulick\u00e9 valce s\u00fa starostlivo spracovan\u00e9 a kontrolovan\u00e9, aby sme na\u0161im z\u00e1kazn\u00edkom zabezpe\u010dili v\u00fdnimo\u010dn\u00fa kvalitu. Pon\u00fakame \u0161irok\u00fd sortiment produktov vr\u00e1tane hydraulick\u00fdch valcov s n\u00e1u\u0161nicami, obojsmern\u00fdch automatick\u00fdch teleskopick\u00fdch hydraulick\u00fdch valcov a \u010fal\u0161\u00edch. Tu je p\u00e4\u0165 k\u013e\u00fa\u010dov\u00fdch v\u00fdhod, ktor\u00e9 n\u00e1s odli\u0161uj\u00fa:<\/p>\n<p>1) Dizajn\u00e9rske slu\u017eby: N\u00e1\u0161 sk\u00fasen\u00fd dizajn\u00e9rsky t\u00edm vynik\u00e1 v dizajne a v\u00fdvoji univerz\u00e1lnych hriade\u013eov. \u010ci u\u017e potrebujete nov\u00e9 produkty alebo vylep\u0161enia existuj\u00facich, sme tu, aby sme v\u00e1s podporili v ka\u017edom kroku.<\/p>\n<p>2) Servis produktov: N\u00e1\u0161 komplexn\u00fd servis produktov pokr\u00fdva cel\u00fd v\u00fdrobn\u00fd proces, od surov\u00edn cez rezanie, hrub\u00e9 spracovanie, testovanie, \u010distenie, mont\u00e1\u017e, balenie a\u017e po prepravu. V\u010faka na\u0161ej d\u00f4kladnej pozornosti k detailom sa m\u00f4\u017eete spo\u013eahn\u00fa\u0165, \u017ee na\u0161e produkty sp\u013a\u0148aj\u00fa najvy\u0161\u0161ie \u0161tandardy kvality.<\/p>\n<p>3) Proces vzorkovania: Ch\u00e1peme d\u00f4le\u017eitos\u0165 rie\u0161en\u00ed na mieru. N\u00e1\u0161 t\u00edm dok\u00e1\u017ee vyvin\u00fa\u0165 vzorky pod\u013ea va\u0161ich jedine\u010dn\u00fdch po\u017eiadaviek a priebe\u017ene ich upravova\u0165, k\u00fdm dokonale nesp\u013a\u0148aj\u00fa va\u0161e potreby. Va\u0161a spokojnos\u0165 je na\u0161ou prioritou.<\/p>\n<p>4) V\u00fdskum a v\u00fdvoj: V spolo\u010dnosti FMP dr\u017e\u00edme krok s trendmi na trhu a neust\u00e1le sa sna\u017e\u00edme o inov\u00e1cie. Ke\u010f sa objavia nov\u00e9 po\u017eiadavky na trhu, proakt\u00edvne ich \u0161tudujeme a vyv\u00edjame nov\u00e9 modely, aby sme zabezpe\u010dili, \u017ee na\u0161e produkty zostan\u00fa na popredn\u00fdch prie\u010dkach v tomto odvetv\u00ed.<\/p>\n<p>5) Prisp\u00f4sobenie: \u0160pecializujeme sa na v\u00fdrobu a predaj r\u00f4znych typov hydraulick\u00fdch valcov a v\u00edtame z\u00e1kazkov\u00e9 objedn\u00e1vky. N\u00e1\u0161 t\u00edm sa venuje prisp\u00f4sobeniu na\u0161ich produktov va\u0161im \u0161pecifick\u00fdm potreb\u00e1m a poskytuje v\u00e1m spo\u013eahliv\u00e9 a odoln\u00e9 rie\u0161enia.<\/p>\n<p>Partnerstvo so spolo\u010dnos\u0165ou FMP znamen\u00e1 v\u00fdber d\u00f4veryhodn\u00e9ho dod\u00e1vate\u013ea, ktor\u00fd uprednost\u0148uje kvalitu, inov\u00e1cie a spokojnos\u0165 z\u00e1kazn\u00edkov. Poz\u00fdvame v\u00e1s, aby ste si prezreli n\u00e1\u0161 sortiment hydraulick\u00fdch valcov a za\u017eili rozdiel, ktor\u00fd na\u0161e produkty a slu\u017eby m\u00f4\u017eu prinies\u0165 pre va\u0161e podnikanie.<\/p>\n<p><img decoding=\"async\" src=\"https:\/\/fmp-components.com\/wp-content\/uploads\/2024\/12\/fmp-factory-4.webp\" alt=\"Tov\u00e1re\u0148 na v\u00fdrobu FMP\" width=\"800\" title=\"\"><br \/>\nAutor: CX<\/p>","protected":false},"excerpt":{"rendered":"<p>The 10029 Customized Mini Welded Hydraulic Cylinders are specifically designed for agricultural machinery, providing a compact and powerful solution for various farming applications. These hydraulic cylinders offer exceptional performance and durability, making them ideal for use in tight spaces and demanding environments. Key Features: Customized Design: Tailored to meet specific requirements, ensuring compatibility with a [&hellip;]<\/p>","protected":false},"featured_media":1133,"comment_status":"closed","ping_status":"closed","template":"","meta":{"_et_pb_use_builder":"","_et_pb_old_content":"","_et_gb_content_width":""},"product_brand":[],"product_cat":[31],"product_tag":[34,35],"class_list":{"0":"post-949","1":"product","2":"type-product","3":"status-publish","4":"has-post-thumbnail","6":"product_cat-welded-tee-type-cylinder","7":"product_tag-hydraulic-cylinder","8":"product_tag-welded-tee-type-cylinder","10":"first","11":"instock","12":"product-type-simple"},"_links":{"self":[{"href":"https:\/\/fmp-components.com\/sk\/wp-json\/wp\/v2\/product\/949","targetHints":{"allow":["GET"]}}],"collection":[{"href":"https:\/\/fmp-components.com\/sk\/wp-json\/wp\/v2\/product"}],"about":[{"href":"https:\/\/fmp-components.com\/sk\/wp-json\/wp\/v2\/types\/product"}],"replies":[{"embeddable":true,"href":"https:\/\/fmp-components.com\/sk\/wp-json\/wp\/v2\/comments?post=949"}],"wp:featuredmedia":[{"embeddable":true,"href":"https:\/\/fmp-components.com\/sk\/wp-json\/wp\/v2\/media\/1133"}],"wp:attachment":[{"href":"https:\/\/fmp-components.com\/sk\/wp-json\/wp\/v2\/media?parent=949"}],"wp:term":[{"taxonomy":"product_brand","embeddable":true,"href":"https:\/\/fmp-components.com\/sk\/wp-json\/wp\/v2\/product_brand?post=949"},{"taxonomy":"product_cat","embeddable":true,"href":"https:\/\/fmp-components.com\/sk\/wp-json\/wp\/v2\/product_cat?post=949"},{"taxonomy":"product_tag","embeddable":true,"href":"https:\/\/fmp-components.com\/sk\/wp-json\/wp\/v2\/product_tag?post=949"}],"curies":[{"name":"pracovn\u00fd list","href":"https:\/\/api.w.org\/{rel}","templated":true}]}}