{"id":945,"date":"2024-12-19T03:39:43","date_gmt":"2024-12-19T03:39:43","guid":{"rendered":"https:\/\/fmp-components.com\/product\/10025-premium-quality-1200mm-stroke-double-acting-hydraulic-cylinder-hydraulic-ram-cylinder\/"},"modified":"2024-12-19T08:58:03","modified_gmt":"2024-12-19T08:58:03","slug":"10025-premium-quality-1200mm-stroke-double-acting-hydraulic-cylinder-hydraulic-ram-cylinder","status":"publish","type":"product","link":"https:\/\/fmp-components.com\/sk\/product\/10025-premium-quality-1200mm-stroke-double-acting-hydraulic-cylinder-hydraulic-ram-cylinder\/","title":{"rendered":"10025 Pr\u00e9miov\u00fd hydraulick\u00fd valec s dvoj\u010dinn\u00fdm hydraulick\u00fdm valcom so zdvihom 1200 mm"},"content":{"rendered":"<p>Dvoj\u010dinn\u00fd hydraulick\u00fd valec pr\u00e9miovej kvality 10025 so zdvihom 1200 mm je navrhnut\u00fd pre vysok\u00fd v\u00fdkon v n\u00e1ro\u010dn\u00fdch aplik\u00e1ci\u00e1ch. Tento hydraulick\u00fd valec je navrhnut\u00fd tak, aby poskytoval spo\u013eahliv\u00fd v\u00fdkon a \u00fa\u010dinnos\u0165, v\u010faka \u010domu je ide\u00e1lny pre r\u00f4zne priemyseln\u00e9 \u00falohy a stroje.<\/p>\n<h4>K\u013e\u00fa\u010dov\u00e9 vlastnosti:<\/h4>\n<ul>\n<li><strong>Dvoj\u010dinn\u00fd dizajn<\/strong>Umo\u017e\u0148uje plynul\u00fd chod pri vys\u00favan\u00ed aj zas\u00favan\u00ed a pon\u00faka presn\u00e9 ovl\u00e1danie pre r\u00f4zne aplik\u00e1cie.<\/li>\n<li><strong>Pred\u013a\u017een\u00e1 d\u013a\u017eka zdvihu<\/strong>S d\u013a\u017ekou zdvihu 1200 mm poskytuje tento valec zv\u00fd\u0161en\u00fd dosah a flexibilitu pri zdv\u00edhan\u00ed a tla\u010den\u00ed.<\/li>\n<li><strong>Pr\u00e9miov\u00e1 kvalita kon\u0161trukcie<\/strong>Vyroben\u00e9 z vysoko kvalitn\u00fdch materi\u00e1lov pre zaistenie odolnosti a odolnosti vo\u010di vysok\u00e9mu za\u0165a\u017eeniu, \u010d\u00edm sa zabezpe\u010d\u00ed dlhotrvaj\u00faci v\u00fdkon.<\/li>\n<li><strong>Povrchov\u00e1 \u00faprava odoln\u00e1 vo\u010di kor\u00f3zii<\/strong>Povrchov\u00e1 \u00faprava zabra\u0148uje hrdzi a kor\u00f3zii, v\u010faka \u010domu je vhodn\u00e1 na pou\u017eitie v r\u00f4znych prostrediach vr\u00e1tane vonkaj\u0161ieho a priemyseln\u00e9ho prostredia.<\/li>\n<li><strong>Jednoduch\u00e1 in\u0161tal\u00e1cia<\/strong>Navrhnut\u00e9 pre jednoduch\u00fa integr\u00e1ciu do existuj\u00facich syst\u00e9mov, minimaliz\u00e1ciu prestojov a zv\u00fd\u0161enie produktivity.<\/li>\n<\/ul>\n<h4>V\u00fdhody:<\/h4>\n<ul>\n<li><strong>Zv\u00fd\u0161en\u00e1 \u00fa\u010dinnos\u0165<\/strong>Optimalizuje prev\u00e1dzku strojov poskytovan\u00edm spo\u013eahliv\u00e9ho hydraulick\u00e9ho v\u00fdkonu na zdv\u00edhanie a premiest\u0148ovanie \u0165a\u017ek\u00fdch bremien.<\/li>\n<li><strong>V\u0161estrann\u00e9 aplik\u00e1cie<\/strong>Vhodn\u00e9 pre \u0161irok\u00fa \u0161k\u00e1lu pou\u017eitia vr\u00e1tane stavebn\u00edctva, po\u013enohospod\u00e1rstva a priemyseln\u00fdch prev\u00e1dzok.<\/li>\n<li><strong>Cenovo v\u00fdhodn\u00e9 rie\u0161enie<\/strong>Vysok\u00fd v\u00fdkon za prijate\u013en\u00fa cenu, ktor\u00fd zaru\u010duje vynikaj\u00facu hodnotu za va\u0161u invest\u00edciu.<\/li>\n<\/ul>\n<p>Dvoj\u010dinn\u00fd hydraulick\u00fd valec pr\u00e9miovej kvality 10025 so zdvihom 1200 mm je d\u00f4le\u017eit\u00fdm komponentom pre ka\u017ed\u00fa oper\u00e1ciu vy\u017eaduj\u00facu spo\u013eahliv\u00fd hydraulick\u00fd \u00fa\u010dinok. Jeho robustn\u00e1 kon\u0161trukcia a pred\u013a\u017een\u00e1 d\u013a\u017eka zdvihu z neho robia cenn\u00fd prvok pre zv\u00fd\u0161enie produktivity a efekt\u00edvnosti v r\u00f4znych aplik\u00e1ci\u00e1ch.<\/p>\n<h2>\n<img decoding=\"async\" style=\"color: #666666; font-size: 14px;\" src=\"https:\/\/hzpt.com\/wp-content\/uploads\/2023\/12\/random-1.webp?v=1694163707\" alt=\"\" title=\"\"><\/h2>\n<h2>V\u00fdhody zv\u00e1ran\u00e9ho valca s T-kusom<\/h2>\n<ul>\n<li style=\"list-style-type: none;\">\n<ul>\n<li><strong>Zv\u00fd\u0161en\u00e1 pevnos\u0165:<\/strong> Zv\u00e1ran\u00e9 valce typu T s\u00fa zn\u00e1me svojou vysokou pevnos\u0165ou, v\u010faka \u010domu s\u00fa vhodn\u00e9 pre aplik\u00e1cie vy\u017eaduj\u00face zdv\u00edhanie \u0165a\u017ek\u00fdch bremien. Proces zv\u00e1rania pou\u017eit\u00fd pri v\u00fdrobe t\u00fdchto valcov zais\u0165uje, \u017ee valec nem\u00e1 slab\u00e9 miesta a odol\u00e1 vysok\u00e9mu tlaku a nam\u00e1haniu.<\/li>\n<\/ul>\n<\/li>\n<\/ul>\n<p>Ke\u010f sa na valec vyv\u00edja tlak, rovnomerne sa rozlo\u017e\u00ed po celom povrchu, v\u010faka \u010domu je odoln\u00fd vo\u010di deform\u00e1cii. T\u00e1to vlastnos\u0165 zais\u0165uje, \u017ee valec si zachov\u00e1 svoj tvar a \u0161truktur\u00e1lnu integritu aj v extr\u00e9mnych podmienkach.<\/p>\n<ul>\n<li style=\"list-style-type: none;\">\n<ul>\n<li><strong>Prevencia \u00faniku:<\/strong> Zv\u00e1ran\u00e9 valce typu T s\u00fa navrhnut\u00e9 tak, aby sa zabr\u00e1nilo \u00faniku. Proces zv\u00e1rania pou\u017eit\u00fd po\u010das v\u00fdrobn\u00e9ho procesu zais\u0165uje, \u017ee valec je \u00faplne utesnen\u00fd a bez ak\u00fdchko\u013evek mo\u017en\u00fdch \u00fanikov. V\u010faka tejto vlastnosti s\u00fa vhodn\u00e9 na pou\u017eitie v aplik\u00e1ci\u00e1ch, kde by \u00fanik mohol sp\u00f4sobi\u0165 v\u00e1\u017ene po\u0161kodenie alebo zranenie.<\/li>\n<\/ul>\n<\/li>\n<\/ul>\n<p>Zvarov\u00e9 spoje s\u00fa hladk\u00e9, bez ak\u00fdchko\u013evek \u0161trb\u00edn alebo dr\u00e1\u017eok, kde by sa mohli hromadi\u0165 ne\u010distoty alebo ne\u010distoty, \u010d\u00edm sa zni\u017euje riziko kor\u00f3zie a po\u0161kodenia valca.<\/p>\n<ul>\n<li style=\"list-style-type: none;\">\n<ul>\n<li><strong>Prisp\u00f4sobite\u013en\u00e9:<\/strong> Zv\u00e1ran\u00e9 valce s T-kusom je mo\u017en\u00e9 prisp\u00f4sobi\u0165 \u0161pecifick\u00fdm aplik\u00e1ci\u00e1m. Valce s\u00fa dostupn\u00e9 v r\u00f4znych ve\u013ekostiach a tvaroch a je mo\u017en\u00e9 ich vyrobi\u0165 tak, aby sp\u013a\u0148ali \u0161pecifick\u00e9 po\u017eiadavky aplik\u00e1cie.<\/li>\n<\/ul>\n<\/li>\n<\/ul>\n<p>Proces prisp\u00f4sobenia umo\u017e\u0148uje optimalizova\u0165 v\u00fdkon valca a zabezpe\u010di\u0165, aby bol vhodn\u00fd pre zam\u00fd\u0161\u013ean\u00e9 pou\u017eitie. T\u00e1to vlastnos\u0165 rob\u00ed zv\u00e1ran\u00e9 valce typu T ide\u00e1lne na pou\u017eitie v r\u00f4znych priemyseln\u00fdch aplik\u00e1ci\u00e1ch vr\u00e1tane stavebn\u00edctva, ban\u00edctva a manipul\u00e1cie s materi\u00e1lom.<\/p>\n<ul>\n<li style=\"list-style-type: none;\">\n<ul>\n<li><strong>Cenovo v\u00fdhodn\u00e9:<\/strong> Zv\u00e1ran\u00e9 valce typu T s\u00fa v porovnan\u00ed s in\u00fdmi typmi valcov n\u00e1kladovo efekt\u00edvne. V\u00fdrobn\u00fd proces pou\u017e\u00edvan\u00fd na v\u00fdrobu t\u00fdchto valcov je jednoduch\u00fd, v\u010faka \u010domu s\u00fa lacnej\u0161ie ako in\u00e9 typy valcov.<\/li>\n<\/ul>\n<\/li>\n<\/ul>\n<p>Vysok\u00e1 pevnos\u0165 a odolnos\u0165 zv\u00e1ran\u00fdch valcov typu T navy\u0161e zni\u017euje potrebu \u010dast\u00fdch opr\u00e1v a v\u00fdmen, \u010d\u00edm \u0161etr\u00ed n\u00e1klady na \u00fadr\u017ebu. T\u00e1to vlastnos\u0165 z nich rob\u00ed ob\u013e\u00faben\u00fa vo\u013ebu v mnoh\u00fdch odvetviach, najm\u00e4 v t\u00fdch s obmedzen\u00fdm rozpo\u010dtom.<\/p>\n<ul>\n<li style=\"list-style-type: none;\">\n<ul>\n<li><strong>Zv\u00fd\u0161en\u00e1 \u00fa\u010dinnos\u0165:<\/strong> Zv\u00e1ran\u00e9 valce typu T s\u00fa vysoko \u00fa\u010dinn\u00e9 a efekt\u00edvne. Kon\u0161trukcia valca zais\u0165uje, \u017ee aplikovan\u00e1 sila sa pren\u00e1\u0161a priamo na z\u00e1\u0165a\u017e, \u010d\u00edm sa zni\u017euj\u00fa straty energie a zvy\u0161uje sa \u00fa\u010dinnos\u0165.<\/li>\n<\/ul>\n<\/li>\n<\/ul>\n<p>Zvarov\u00e9 spoje s\u00fa pevn\u00e9 a tuh\u00e9, minimalizuj\u00fa priehyb a zabezpe\u010duj\u00fa, \u017ee valec si zachov\u00e1va svoj tvar a \u0161truktur\u00e1lnu integritu aj v extr\u00e9mnych podmienkach. V\u010faka tejto vlastnosti s\u00fa zvarov\u00e9 valce typu T ide\u00e1lne na pou\u017eitie v aplik\u00e1ci\u00e1ch vy\u017eaduj\u00facich vysok\u00fa \u00fa\u010dinnos\u0165 a spo\u013eahlivos\u0165.<\/p>\n<h2>Pou\u017eitie zv\u00e1ran\u00e9ho valca typu T<\/h2>\n<h3>\u00davod<\/h3>\n<p>Zv\u00e1ran\u00fd valec typu T je typ hydraulick\u00e9ho valca, ktor\u00fd sa be\u017ene pou\u017e\u00edva v priemyseln\u00fdch aplik\u00e1ci\u00e1ch. Je navrhnut\u00fd tak, aby poskytoval vysok\u00fd v\u00fdkon v kompaktnom a cenovo dostupnom balen\u00ed. Tento typ valca pozost\u00e1va z zv\u00e1ran\u00e9ho T-kusu a piestnej ty\u010de, ktor\u00e1 je pripevnen\u00e1 k T-kusu. T-kus je pripojen\u00fd k valcu valca a obsahuje piest, ktor\u00fd sa pohybuje tam a sp\u00e4\u0165 vo vn\u00fatri valca a vytv\u00e1ra tak silu.<\/p>\n<h3>V\u00fdhody zv\u00e1ran\u00e9ho valca s T-kusom<\/h3>\n<p>Pou\u017eitie zv\u00e1ran\u00e9ho valca typu T v priemyseln\u00fdch aplik\u00e1ci\u00e1ch m\u00e1 nieko\u013eko v\u00fdhod:<\/p>\n<ul>\n<li><b>Kompaktn\u00fd dizajn:<\/b> Zv\u00e1ran\u00e9 valce s T-kusom s\u00fa navrhnut\u00e9 tak, aby boli kompaktn\u00e9, v\u010faka \u010domu s\u00fa ide\u00e1lne na pou\u017eitie v aplik\u00e1ci\u00e1ch s obmedzen\u00fdm priestorom.<\/li>\n<li><b>Vysok\u00e1 \u00fa\u010dinnos\u0165:<\/b> Zv\u00e1ran\u00e9 valce typu T s\u00fa vysoko \u00fa\u010dinn\u00e9, \u010do znamen\u00e1, \u017ee dok\u00e1\u017eu vygenerova\u0165 ve\u013ek\u00e9 mno\u017estvo sily s minim\u00e1lnym vstupom energie.<\/li>\n<li><b>Odoln\u00e9:<\/b> Zv\u00e1ran\u00e9 valce s T-kusom s\u00fa navrhnut\u00e9 tak, aby boli vysoko odoln\u00e9, \u010do znamen\u00e1, \u017ee vydr\u017eia n\u00e1ro\u010dn\u00e9 prev\u00e1dzkov\u00e9 podmienky a vydr\u017eia dlho.<\/li>\n<li><b>N\u00e1kladovo efekt\u00edvne:<\/b> Zv\u00e1ran\u00e9 valce typu T s\u00fa cenovo v\u00fdhodn\u00e9, \u010do znamen\u00e1, \u017ee poskytuj\u00fa dobr\u00fd pomer ceny a kvality.<\/li>\n<\/ul>\n<h3>Aplik\u00e1cie zv\u00e1ran\u00e9ho valca typu T<\/h3>\n<p>Zv\u00e1ran\u00e9 valce typu T maj\u00fa mnoho aplik\u00e1ci\u00ed v r\u00f4znych odvetviach, vr\u00e1tane:<\/p>\n<ul>\n<li><b>V\u00fdroba:<\/b> Zv\u00e1ran\u00e9 valce s T-kusom sa pou\u017e\u00edvaj\u00fa vo v\u00fdrobe na obsluhu strojov, premiest\u0148ovanie \u0165a\u017ek\u00fdch bremien a tvarovanie kovov\u00fdch dielov.<\/li>\n<li><b>Po\u013enohospod\u00e1rstvo:<\/b> Zv\u00e1ran\u00e9 valce s T-kusom sa pou\u017e\u00edvaj\u00fa v po\u013enohospod\u00e1rstve na ovl\u00e1danie hydraulick\u00fdch syst\u00e9mov traktorov, kombajnov a in\u00fdch po\u013enohospod\u00e1rskych strojov.<\/li>\n<li><b>Kon\u0161trukcia:<\/b> Zv\u00e1ran\u00e9 valce s T-kusom sa pou\u017e\u00edvaj\u00fa v stavebn\u00edctve na ovl\u00e1danie strojov, ako s\u00fa \u017eeriavy, bagre a r\u00fdpadl\u00e1-naklada\u010de.<\/li>\n<li><b>\u0164a\u017eba:<\/b> Zv\u00e1ran\u00e9 valce s T-kusom sa pou\u017e\u00edvaj\u00fa v ban\u00edctve na ovl\u00e1danie hydraulick\u00fdch syst\u00e9mov \u0165a\u017ek\u00fdch zariaden\u00ed, ako s\u00fa buldoz\u00e9ry, naklada\u010de a v\u0155ta\u010dky.<\/li>\n<li><b>Doprava:<\/b> Zv\u00e1ran\u00e9 valce s T-kusom sa pou\u017e\u00edvaj\u00fa v doprave na ovl\u00e1danie hydraulick\u00fdch syst\u00e9mov v n\u00e1kladn\u00fdch aut\u00e1ch, autobusoch a in\u00fdch vozidl\u00e1ch.<\/li>\n<\/ul>\n<h3>Z\u00e1ver<\/h3>\n<p>Z\u00e1verom mo\u017eno poveda\u0165, \u017ee zv\u00e1ran\u00e9 valce typu T s\u00fa d\u00f4le\u017eitou s\u00fa\u010das\u0165ou mnoh\u00fdch priemyseln\u00fdch aplik\u00e1ci\u00ed. S\u00fa navrhnut\u00e9 tak, aby boli kompaktn\u00e9, efekt\u00edvne, odoln\u00e9 a n\u00e1kladovo efekt\u00edvne, v\u010faka \u010domu s\u00fa ide\u00e1lnou vo\u013ebou pre \u0161irok\u00fa \u0161k\u00e1lu aplik\u00e1ci\u00ed. \u010ci u\u017e obsluhujete stroje vo v\u00fdrobnom z\u00e1vode, po\u013enohospod\u00e1rske zariadenia na farme alebo \u0165a\u017ek\u00e9 zariadenia v bani, zv\u00e1ran\u00e9 valce typu T v\u00e1m m\u00f4\u017eu pom\u00f4c\u0165 vykon\u00e1va\u0165 pr\u00e1cu efekt\u00edvne a \u00fa\u010dinne.<\/p>\n<h3>O FMP<\/h3>\n<p>Spolo\u010dnos\u0165 FMP, s viac ako 30-ro\u010dn\u00fdmi sk\u00fasenos\u0165ami, je popredn\u00fdm v\u00fdrobcom a dod\u00e1vate\u013eom hydraulick\u00fdch valcov. Na\u0161a priemyseln\u00e1 oblas\u0165 je strategicky umiestnen\u00e1 v Taliansku a sme hrd\u00ed na n\u00e1\u0161 rozsiahly sortiment viac ako 100 najmodernej\u0161\u00edch zariaden\u00ed. N\u00e1\u0161 komplexn\u00fd strojn\u00fd park zah\u0155\u0148a automatick\u00e9 zv\u00e1racie stroje v ochrannej atmosf\u00e9re plynu, v\u0155ta\u010dky na hlbok\u00e9 otvory, CNC s\u00fastruhy, valcov\u00e9 br\u00fasky, automatick\u00e9 \u010distiace stroje, automatick\u00e9 in\u0161tala\u010dn\u00e9 stroje, automatick\u00e9 sk\u00fa\u0161obn\u00e9 stolice na hydraulick\u00e9 valce a automatick\u00e9 lakovacie linky.<\/p>\n<p><img decoding=\"async\" src=\"https:\/\/fmp-components.com\/wp-content\/uploads\/2024\/12\/fmp-factory-4.webp\" alt=\"Tov\u00e1re\u0148 na v\u00fdrobu FMP\" width=\"800\" title=\"\"><\/p>\n<p>V spolo\u010dnosti FMP pon\u00fakame \u0161irok\u00fd sortiment hydraulick\u00fdch valcov, ktor\u00e9 sp\u013a\u0148aj\u00fa r\u00f4zne potreby z\u00e1kazn\u00edkov. Ka\u017ed\u00fd hydraulick\u00fd valec prech\u00e1dza pr\u00edsnym spracovan\u00edm a kontrolou, aby sa zabezpe\u010dila v\u00fdnimo\u010dn\u00e1 kvalita. Dovo\u013ete n\u00e1m predstavi\u0165 niektor\u00e9 z k\u013e\u00fa\u010dov\u00fdch vlastnost\u00ed na\u0161ich produktov a v\u00fdhod spolo\u010dnosti:<\/p>\n<ol>\n<li>Dizajn\u00e9rske slu\u017eby: N\u00e1\u0161 sk\u00fasen\u00fd dizajn\u00e9rsky t\u00edm sa \u0161pecializuje na n\u00e1vrh a v\u00fdvoj produktov s univerz\u00e1lnymi hriade\u013emi. Sme pripraven\u00ed v\u00e1m pom\u00f4c\u0165 pri vytv\u00e1ran\u00ed nov\u00fdch produktov alebo vylep\u0161ovan\u00ed existuj\u00facich.<\/li>\n<li>Produktov\u00fd servis: Od surov\u00edn a\u017e po prepravu, n\u00e1\u0161 komplexn\u00fd produktov\u00fd servis zah\u0155\u0148a rezanie, hrub\u00e9 spracovanie, testovanie, \u010distenie, mont\u00e1\u017e, balenie a prepravu. Zabezpe\u010dujeme d\u00f4kladn\u00e9 vykonanie ka\u017ed\u00e9ho kroku s cie\u013eom dosiahnu\u0165 excelentnos\u0165.<\/li>\n<li>Proces vzorkovania: Ch\u00e1peme d\u00f4le\u017eitos\u0165 splnenia \u0161pecifick\u00fdch po\u017eiadaviek. Pon\u00fakame v\u00fdvoj vzorkovania pod\u013ea va\u0161ich potrieb s neust\u00e1lymi \u00fapravami, aby sme splnili va\u0161e o\u010dak\u00e1vania.<\/li>\n<li>V\u00fdskum a v\u00fdvoj: Spolo\u010dnos\u0165 FMP zost\u00e1va v popred\u00ed trhu \u0161t\u00fadiom nov\u00fdch automobilov\u00fdch trendov a neust\u00e1lym v\u00fdvojom nov\u00fdch modelov, ktor\u00e9 sp\u013a\u0148aj\u00fa meniace sa po\u017eiadavky trhu.<\/li>\n<li>Prisp\u00f4sobenie: \u0160pecializujeme sa na v\u00fdrobu a predaj r\u00f4znych typov hydraulick\u00fdch valcov a s hrdos\u0165ou prij\u00edmame z\u00e1kazkov\u00e9 objedn\u00e1vky. N\u00e1\u0161 t\u00edm je odhodlan\u00fd splni\u0165 va\u0161e jedine\u010dn\u00e9 po\u017eiadavky.<\/li>\n<\/ol>\n<p>V\u010faka n\u00e1\u0161mu z\u00e1v\u00e4zku ku kvalite, inov\u00e1ci\u00e1m a spokojnosti z\u00e1kazn\u00edkov je FMP ide\u00e1lnym partnerom pre v\u0161etky va\u0161e potreby v oblasti hydraulick\u00fdch valcov. Kontaktujte n\u00e1s e\u0161te dnes a za\u017eite excelentnos\u0165, ktor\u00e1 n\u00e1s odli\u0161uje.<\/p>\n<p>Autor: CX<\/p>","protected":false},"excerpt":{"rendered":"<p>The 10025 Premium Quality 1200mm Stroke Double Acting Hydraulic Cylinder is engineered for high performance in demanding applications. This hydraulic ram cylinder is designed to provide reliable power and efficiency, making it ideal for various industrial tasks and machinery. Key Features: Double Acting Design: Facilitates smooth operation in both extension and retraction, offering precise control [&hellip;]<\/p>","protected":false},"featured_media":1132,"comment_status":"closed","ping_status":"closed","template":"","meta":{"_et_pb_use_builder":"","_et_pb_old_content":"","_et_gb_content_width":""},"product_brand":[],"product_cat":[31],"product_tag":[34,35],"class_list":{"0":"post-945","1":"product","2":"type-product","3":"status-publish","4":"has-post-thumbnail","6":"product_cat-welded-tee-type-cylinder","7":"product_tag-hydraulic-cylinder","8":"product_tag-welded-tee-type-cylinder","10":"first","11":"instock","12":"product-type-simple"},"_links":{"self":[{"href":"https:\/\/fmp-components.com\/sk\/wp-json\/wp\/v2\/product\/945","targetHints":{"allow":["GET"]}}],"collection":[{"href":"https:\/\/fmp-components.com\/sk\/wp-json\/wp\/v2\/product"}],"about":[{"href":"https:\/\/fmp-components.com\/sk\/wp-json\/wp\/v2\/types\/product"}],"replies":[{"embeddable":true,"href":"https:\/\/fmp-components.com\/sk\/wp-json\/wp\/v2\/comments?post=945"}],"wp:featuredmedia":[{"embeddable":true,"href":"https:\/\/fmp-components.com\/sk\/wp-json\/wp\/v2\/media\/1132"}],"wp:attachment":[{"href":"https:\/\/fmp-components.com\/sk\/wp-json\/wp\/v2\/media?parent=945"}],"wp:term":[{"taxonomy":"product_brand","embeddable":true,"href":"https:\/\/fmp-components.com\/sk\/wp-json\/wp\/v2\/product_brand?post=945"},{"taxonomy":"product_cat","embeddable":true,"href":"https:\/\/fmp-components.com\/sk\/wp-json\/wp\/v2\/product_cat?post=945"},{"taxonomy":"product_tag","embeddable":true,"href":"https:\/\/fmp-components.com\/sk\/wp-json\/wp\/v2\/product_tag?post=945"}],"curies":[{"name":"pracovn\u00fd list","href":"https:\/\/api.w.org\/{rel}","templated":true}]}}