{"id":944,"date":"2024-12-19T03:39:43","date_gmt":"2024-12-19T03:39:43","guid":{"rendered":"https:\/\/fmp-components.com\/product\/high-quality-welded-hydraulic-piston-cylinder-for-agriculture\/"},"modified":"2024-12-19T08:57:21","modified_gmt":"2024-12-19T08:57:21","slug":"high-quality-welded-hydraulic-piston-cylinder-for-agriculture","status":"publish","type":"product","link":"https:\/\/fmp-components.com\/sk\/product\/high-quality-welded-hydraulic-piston-cylinder-for-agriculture\/","title":{"rendered":"Vysokokvalitn\u00fd zv\u00e1ran\u00fd hydraulick\u00fd piestov\u00fd valec pre po\u013enohospod\u00e1rstvo"},"content":{"rendered":"<p>Vysokokvalitn\u00fd zv\u00e1ran\u00fd hydraulick\u00fd piestov\u00fd valec je \u0161peci\u00e1lne navrhnut\u00fd pre po\u013enohospod\u00e1rske aplik\u00e1cie a poskytuje robustn\u00fd a spo\u013eahliv\u00fd v\u00fdkon v n\u00e1ro\u010dn\u00fdch prostrediach. Tento valec kombinuje pokro\u010dil\u00e9 in\u017einierstvo s vysoko kvalitn\u00fdmi materi\u00e1lmi, \u010d\u00edm zais\u0165uje optim\u00e1lnu funk\u010dnos\u0165 a odolnos\u0165 pre r\u00f4zne po\u013enohospod\u00e1rske \u00falohy.<\/p>\n<p><img decoding=\"async\" class=\"aligncenter\" src=\"https:\/\/hzpt.com\/wp-content\/uploads\/2023\/12\/random-3.webp\" alt=\"\" title=\"\"><\/p>\n<h4>K\u013e\u00fa\u010dov\u00e9 vlastnosti:<\/h4>\n<ul>\n<li><strong>Zv\u00e1ran\u00e1 kon\u0161trukcia<\/strong>Vyroben\u00e9 s vysokopevnostn\u00fdmi zvarov\u00fdmi spojmi pre zv\u00fd\u0161enie \u0161truktur\u00e1lnej integrity a zabr\u00e1nenie \u00fanikom, v\u010faka \u010domu s\u00fa ide\u00e1lne pre n\u00e1ro\u010dn\u00e9 po\u013enohospod\u00e1rske pou\u017eitie.<\/li>\n<li><strong>Efekt\u00edvna prev\u00e1dzka<\/strong>Navrhnut\u00e9 pre dvoj\u010dinn\u00fa funkciu, ktor\u00e1 umo\u017e\u0148uje plynul\u00fd chod po\u010das vys\u00favania aj zas\u00favania pre presn\u00e9 ovl\u00e1danie.<\/li>\n<li><strong>Odolnos\u0165 proti kor\u00f3zii<\/strong>Potiahnut\u00e9 ochrann\u00fdmi n\u00e1termi, ktor\u00e9 odol\u00e1vaj\u00fa hrdzi a kor\u00f3zii, zais\u0165uj\u00fa dlh\u00fa \u017eivotnos\u0165 a spo\u013eahliv\u00fd v\u00fdkon vo vonkaj\u0161\u00edch podmienkach.<\/li>\n<li><strong>V\u0161estrann\u00e9 aplik\u00e1cie<\/strong>Vhodn\u00e9 pre \u0161irok\u00fa \u0161k\u00e1lu po\u013enohospod\u00e1rskych strojov vr\u00e1tane traktorov, pluhov a kombajnov, v\u010faka \u010domu je v\u0161estrann\u00fdm rie\u0161en\u00edm pre po\u013enohospod\u00e1rov.<\/li>\n<li><strong>Jednoduch\u00e1 in\u0161tal\u00e1cia<\/strong>Navrhnut\u00e9 pre bezprobl\u00e9mov\u00fa integr\u00e1ciu do existuj\u00facich strojov, minimaliz\u00e1ciu prestojov a zv\u00fd\u0161enie prev\u00e1dzkovej efekt\u00edvnosti.<\/li>\n<\/ul>\n<h4>V\u00fdhody:<\/h4>\n<ul>\n<li><strong>Zv\u00fd\u0161en\u00e1 efektivita<\/strong>Optimalizuje v\u00fdkon po\u013enohospod\u00e1rskych strojov, u\u013eah\u010duje efekt\u00edvne zdv\u00edhanie, tla\u010denie a \u0165ahanie.<\/li>\n<li><strong>Trvanlivos\u0165<\/strong>Vyroben\u00e9 tak, aby odolali n\u00e1ro\u010dn\u00fdm po\u013enohospod\u00e1rskym podmienkam, \u010d\u00edm sa zni\u017euje potreba \u00fadr\u017eby a predl\u017euje sa \u017eivotnos\u0165.<\/li>\n<li><strong>Cenovo v\u00fdhodn\u00fd v\u00fdkon<\/strong>Poskytuje vysok\u00fa spo\u013eahlivos\u0165 a v\u00fdkon za konkurencieschopn\u00fa cenu, \u010d\u00edm zaru\u010duje vynikaj\u00facu hodnotu za invest\u00edciu.<\/li>\n<\/ul>\n<p>Vysokokvalitn\u00fd zv\u00e1ran\u00fd hydraulick\u00fd piestov\u00fd valec je nevyhnutnou s\u00fa\u010das\u0165ou modern\u00fdch po\u013enohospod\u00e1rskych prev\u00e1dzok a poskytuje spo\u013eahliv\u00fd v\u00fdkon a robustnos\u0165. Jeho odoln\u00e1 kon\u0161trukcia a v\u0161estrann\u00fd dizajn z neho robia neocenite\u013en\u00fdm doplnkom ak\u00e9hoko\u013evek radu po\u013enohospod\u00e1rskych strojov.<\/p>\n<p>Hydraulick\u00fd piestov\u00fd valec od spolo\u010dnosti FMP sa m\u00f4\u017ee pochv\u00e1li\u0165 jedine\u010dn\u00fdmi vlastnos\u0165ami, ktor\u00e9 ho odli\u0161uj\u00fa od konkurencie. Je energeticky \u00fasporn\u00fd, vysoko \u00fa\u010dinn\u00fd a bezpe\u010dn\u00fd. V\u010faka t\u00fdmto vlastnostiam je cenn\u00fdm doplnkom pre ak\u00fako\u013evek po\u013enohospod\u00e1rsku prev\u00e1dzku.<\/p>\n<p><img decoding=\"async\" class=\"aligncenter\" src=\"https:\/\/hzpt.com\/wp-content\/uploads\/2023\/12\/random-5.webp\" alt=\"\" title=\"\"><\/p>\n<h2>V\u00fdhody zv\u00e1ran\u00e9ho valca s T-kusom<\/h2>\n<ul>\n<li style=\"list-style-type: none;\">\n<ul>\n<li><strong>Zv\u00fd\u0161en\u00e1 pevnos\u0165:<\/strong> Zv\u00e1ran\u00e9 valce typu T s\u00fa zn\u00e1me svojou vysokou pevnos\u0165ou, v\u010faka \u010domu s\u00fa vhodn\u00e9 pre aplik\u00e1cie vy\u017eaduj\u00face zdv\u00edhanie \u0165a\u017ek\u00fdch bremien. Proces zv\u00e1rania pou\u017eit\u00fd pri v\u00fdrobe t\u00fdchto valcov zais\u0165uje, \u017ee valec nem\u00e1 slab\u00e9 miesta a odol\u00e1 vysok\u00e9mu tlaku a nam\u00e1haniu.<\/li>\n<\/ul>\n<\/li>\n<\/ul>\n<p>Ke\u010f sa na valec vyv\u00edja tlak, rovnomerne sa rozlo\u017e\u00ed po celom povrchu, v\u010faka \u010domu je odoln\u00fd vo\u010di deform\u00e1cii. T\u00e1to vlastnos\u0165 zais\u0165uje, \u017ee valec si zachov\u00e1 svoj tvar a \u0161truktur\u00e1lnu integritu aj v extr\u00e9mnych podmienkach.<\/p>\n<ul>\n<li style=\"list-style-type: none;\">\n<ul>\n<li><strong>Prevencia \u00faniku:<\/strong> Zv\u00e1ran\u00e9 valce typu T s\u00fa navrhnut\u00e9 tak, aby sa zabr\u00e1nilo \u00faniku. Proces zv\u00e1rania pou\u017eit\u00fd po\u010das v\u00fdrobn\u00e9ho procesu zais\u0165uje, \u017ee valec je \u00faplne utesnen\u00fd a bez ak\u00fdchko\u013evek mo\u017en\u00fdch \u00fanikov. V\u010faka tejto vlastnosti s\u00fa vhodn\u00e9 na pou\u017eitie v aplik\u00e1ci\u00e1ch, kde by \u00fanik mohol sp\u00f4sobi\u0165 v\u00e1\u017ene po\u0161kodenie alebo zranenie.<\/li>\n<\/ul>\n<\/li>\n<\/ul>\n<p>Zvarov\u00e9 spoje s\u00fa hladk\u00e9, bez ak\u00fdchko\u013evek \u0161trb\u00edn alebo dr\u00e1\u017eok, kde by sa mohli hromadi\u0165 ne\u010distoty alebo ne\u010distoty, \u010d\u00edm sa zni\u017euje riziko kor\u00f3zie a po\u0161kodenia valca.<\/p>\n<ul>\n<li style=\"list-style-type: none;\">\n<ul>\n<li><strong>Prisp\u00f4sobite\u013en\u00e9:<\/strong> Zv\u00e1ran\u00e9 valce s T-kusom je mo\u017en\u00e9 prisp\u00f4sobi\u0165 \u0161pecifick\u00fdm aplik\u00e1ci\u00e1m. Valce s\u00fa dostupn\u00e9 v r\u00f4znych ve\u013ekostiach a tvaroch a je mo\u017en\u00e9 ich vyrobi\u0165 tak, aby sp\u013a\u0148ali \u0161pecifick\u00e9 po\u017eiadavky aplik\u00e1cie.<\/li>\n<\/ul>\n<\/li>\n<\/ul>\n<p>Proces prisp\u00f4sobenia umo\u017e\u0148uje optimalizova\u0165 v\u00fdkon valca a zabezpe\u010di\u0165, aby bol vhodn\u00fd pre zam\u00fd\u0161\u013ean\u00e9 pou\u017eitie. T\u00e1to vlastnos\u0165 rob\u00ed zv\u00e1ran\u00e9 valce typu T ide\u00e1lne na pou\u017eitie v r\u00f4znych priemyseln\u00fdch aplik\u00e1ci\u00e1ch vr\u00e1tane stavebn\u00edctva, ban\u00edctva a manipul\u00e1cie s materi\u00e1lom.<\/p>\n<ul>\n<li style=\"list-style-type: none;\">\n<ul>\n<li><strong>Cenovo v\u00fdhodn\u00e9:<\/strong> Zv\u00e1ran\u00e9 valce typu T s\u00fa v porovnan\u00ed s in\u00fdmi typmi valcov n\u00e1kladovo efekt\u00edvne. V\u00fdrobn\u00fd proces pou\u017e\u00edvan\u00fd na v\u00fdrobu t\u00fdchto valcov je jednoduch\u00fd, v\u010faka \u010domu s\u00fa lacnej\u0161ie ako in\u00e9 typy valcov.<\/li>\n<\/ul>\n<\/li>\n<\/ul>\n<p>Vysok\u00e1 pevnos\u0165 a odolnos\u0165 zv\u00e1ran\u00fdch valcov typu T navy\u0161e zni\u017euje potrebu \u010dast\u00fdch opr\u00e1v a v\u00fdmen, \u010d\u00edm \u0161etr\u00ed n\u00e1klady na \u00fadr\u017ebu. T\u00e1to vlastnos\u0165 z nich rob\u00ed ob\u013e\u00faben\u00fa vo\u013ebu v mnoh\u00fdch odvetviach, najm\u00e4 v t\u00fdch s obmedzen\u00fdm rozpo\u010dtom.<\/p>\n<ul>\n<li style=\"list-style-type: none;\">\n<ul>\n<li><strong>Zv\u00fd\u0161en\u00e1 \u00fa\u010dinnos\u0165:<\/strong> Zv\u00e1ran\u00e9 valce typu T s\u00fa vysoko \u00fa\u010dinn\u00e9 a efekt\u00edvne. Kon\u0161trukcia valca zais\u0165uje, \u017ee aplikovan\u00e1 sila sa pren\u00e1\u0161a priamo na z\u00e1\u0165a\u017e, \u010d\u00edm sa zni\u017euj\u00fa straty energie a zvy\u0161uje sa \u00fa\u010dinnos\u0165.<\/li>\n<\/ul>\n<\/li>\n<\/ul>\n<p>Zvarov\u00e9 spoje s\u00fa pevn\u00e9 a tuh\u00e9, minimalizuj\u00fa priehyb a zabezpe\u010duj\u00fa, \u017ee valec si zachov\u00e1va svoj tvar a \u0161truktur\u00e1lnu integritu aj v extr\u00e9mnych podmienkach. V\u010faka tejto vlastnosti s\u00fa zvarov\u00e9 valce typu T ide\u00e1lne na pou\u017eitie v aplik\u00e1ci\u00e1ch vy\u017eaduj\u00facich vysok\u00fa \u00fa\u010dinnos\u0165 a spo\u013eahlivos\u0165.<\/p>\n<h2>Pou\u017eitie zv\u00e1ran\u00e9ho valca typu T<\/h2>\n<ul>\n<li>\n<h3>Priemyseln\u00e9 stroje a zariadenia<\/h3>\n<p>Zv\u00e1ran\u00fd valec s T-kusom sa \u0161iroko pou\u017e\u00edva v priemyseln\u00fdch strojoch a zariadeniach, najm\u00e4 v hydraulick\u00fdch syst\u00e9moch. Valec sa sklad\u00e1 z piestu a valcovej r\u00farky, ktor\u00e9 s\u00fa zvaren\u00e9 do jedn\u00e9ho celku. T\u00e1to kon\u0161trukcia pon\u00faka oproti in\u00fdm typom valcov nieko\u013eko v\u00fdhod, ako je zv\u00fd\u0161en\u00e1 odolnos\u0165, vy\u0161\u0161ia pevnos\u0165 a v\u00e4\u010d\u0161ia presnos\u0165.<\/p>\n<p>Jednou z najd\u00f4le\u017eitej\u0161\u00edch aplik\u00e1ci\u00ed zv\u00e1ran\u00fdch valcov s tvarom T v priemyseln\u00fdch strojoch je ich schopnos\u0165 poskytova\u0165 konzistentn\u00fa a presn\u00fa silu. To je nevyhnutn\u00e9 pre mnoh\u00e9 v\u00fdrobn\u00e9 procesy, kde je potrebn\u00e1 presn\u00e1 kontrola na zabezpe\u010denie kvality kone\u010dn\u00e9ho produktu. Zv\u00e1ran\u00e9 valce s tvarom T sa m\u00f4\u017eu tie\u017e pou\u017ei\u0165 na regul\u00e1ciu prietoku kvapal\u00edn v hydraulick\u00fdch syst\u00e9moch, \u010do umo\u017e\u0148uje v\u00e4\u010d\u0161iu \u00fa\u010dinnos\u0165 a spo\u013eahlivos\u0165 v r\u00f4znych priemyseln\u00fdch aplik\u00e1ci\u00e1ch.<\/li>\n<li>\n<h3>Po\u013enohospod\u00e1rske stroje<\/h3>\n<p>Zv\u00e1ran\u00fd valec typu T sa be\u017ene pou\u017e\u00edva aj v po\u013enohospod\u00e1rskych strojoch, ako s\u00fa traktory a kombajny. Tieto stroje vy\u017eaduj\u00fa na efekt\u00edvnu prev\u00e1dzku v\u00fdkonn\u00e9 a spo\u013eahliv\u00e9 hydraulick\u00e9 syst\u00e9my a zv\u00e1ran\u00fd valec typu T je na tento \u00fa\u010del ide\u00e1lnou vo\u013ebou.<\/p>\n<p>Robustn\u00e1 kon\u0161trukcia a vysok\u00e1 pevnos\u0165 valca ho robia vysoko odoln\u00fdm vo\u010di opotrebovaniu, a to aj v n\u00e1ro\u010dn\u00fdch prev\u00e1dzkov\u00fdch podmienkach. V\u010faka tomu je ide\u00e1lnou vo\u013ebou pre pou\u017eitie v po\u013enohospod\u00e1rskych strojoch, kde je odolnos\u0165 k\u013e\u00fa\u010dov\u00fdm faktorom. Zv\u00e1ran\u00fd valec typu T sa d\u00e1 pou\u017ei\u0165 aj na zabezpe\u010denie presn\u00e9ho ovl\u00e1dania potrebn\u00e9ho pre mnoh\u00e9 po\u013enohospod\u00e1rske procesy, ako je sadenie, zber \u00farody a zavla\u017eovanie.<\/li>\n<li>\n<h3>Stavebn\u00e9 stroje<\/h3>\n<p>Zv\u00e1ran\u00fd valec s T-kusom sa tie\u017e \u0161iroko pou\u017e\u00edva v stavebn\u00fdch strojoch, ako s\u00fa bagre, r\u00fdpadl\u00e1 a buldoz\u00e9ry. Tieto stroje vy\u017eaduj\u00fa v\u00fdkonn\u00e9 a spo\u013eahliv\u00e9 hydraulick\u00e9 syst\u00e9my na vykon\u00e1vanie n\u00e1ro\u010dn\u00fdch \u00faloh, ako je kopanie, zdv\u00edhanie a tla\u010denie \u0165a\u017ek\u00fdch bremien.<\/p>\n<p>Vysok\u00e1 pevnos\u0165 a odolnos\u0165 zv\u00e1ran\u00e9ho valca typu T z neho robia ide\u00e1lnu vo\u013ebu pre pou\u017eitie v stavebn\u00fdch strojoch. Jeho schopnos\u0165 zabezpe\u010di\u0165 presn\u00e9 ovl\u00e1danie a konzistentn\u00fa silu je nevyhnutn\u00e1 pre mnoh\u00e9 stavebn\u00e9 procesy, ako s\u00fa v\u00fdkopov\u00e9 pr\u00e1ce, ter\u00e9nne \u00fapravy a dla\u017eby. Zv\u00e1ran\u00fd valec typu T sa m\u00f4\u017ee pou\u017ei\u0165 aj na regul\u00e1ciu prietoku kvapal\u00edn v hydraulick\u00fdch syst\u00e9moch, \u010d\u00edm sa zlep\u0161uje \u00fa\u010dinnos\u0165 a spo\u013eahlivos\u0165 stavebn\u00fdch strojov v r\u00f4znych aplik\u00e1ci\u00e1ch.<\/li>\n<\/ul>\n<h3>O FMP<\/h3>\n<p>FMP je popredn\u00fd v\u00fdrobca a dod\u00e1vate\u013e hydraulick\u00fdch valcov s viac ako 30-ro\u010dn\u00fdmi sk\u00fasenos\u0165ami v tomto odvetv\u00ed. S\u00eddlime v Taliansku a v na\u0161ej modernej priemyselnej oblasti sa nach\u00e1dza viac ako 100 modern\u00fdch zariaden\u00ed. N\u00e1\u0161 rozsiahly sortiment zah\u0155\u0148a automatick\u00e9 zv\u00e1racie stroje v ochrannej atmosf\u00e9re plynu, v\u0155ta\u010dky na hlbok\u00e9 otvory, CNC s\u00fastruhy, valcov\u00e9 br\u00fasky, automatick\u00e9 \u010distiace stroje, automatick\u00e9 in\u0161tala\u010dn\u00e9 stroje, automatick\u00e9 sk\u00fa\u0161obn\u00e9 stolice na hydraulick\u00e9 valce a automatick\u00e9 lakovacie linky.<\/p>\n<p><img decoding=\"async\" src=\"https:\/\/fmp-components.com\/wp-content\/uploads\/2024\/12\/fmp-factory-4.webp\" alt=\"Tov\u00e1re\u0148 na v\u00fdrobu FMP\" width=\"800\" title=\"\"><\/p>\n<p>V spolo\u010dnosti FMP sme hrd\u00ed na to, \u017ee na\u0161im z\u00e1kazn\u00edkom dod\u00e1vame vysoko kvalitn\u00e9 hydraulick\u00e9 valce. Ka\u017ed\u00fd hydraulick\u00fd valec prech\u00e1dza pr\u00edsnym spracovan\u00edm a kontrolou, aby sa zabezpe\u010dila vynikaj\u00faca kvalita. N\u00e1\u0161 sortiment zah\u0155\u0148a:<\/p>\n<ol>\n<li style=\"list-style-type: none;\">\n<ol>\n<li>Hydraulick\u00fd valec<\/li>\n<\/ol>\n<\/li>\n<\/ol>\n<p>Na\u0161e hydraulick\u00e9 valce s\u00fa navrhnut\u00e9 tak, aby sp\u013a\u0148ali r\u00f4zne priemyseln\u00e9 potreby. S\u00fa starostlivo vyroben\u00e9 a testovan\u00e9 pre optim\u00e1lny v\u00fdkon a odolnos\u0165.<\/p>\n<ol>\n<li style=\"list-style-type: none;\">\n<ol>\n<li>Hydraulick\u00fd valec N\u00e1u\u0161nicov\u00fd valec<\/li>\n<\/ol>\n<\/li>\n<\/ol>\n<p>Na\u0161e val\u010deky do n\u00e1u\u0161n\u00edc s\u00fa \u0161peci\u00e1lne navrhnut\u00e9 tak, aby poskytovali efekt\u00edvny a spo\u013eahliv\u00fd v\u00fdkon v \u0161irokej \u0161k\u00e1le aplik\u00e1ci\u00ed. Podstupuj\u00fa pr\u00edsne testovanie, aby sa zabezpe\u010dila ich funk\u010dnos\u0165 a dlh\u00e1 \u017eivotnos\u0165.<\/p>\n<ol>\n<li style=\"list-style-type: none;\">\n<ol>\n<li>Obojsmern\u00fd automatick\u00fd teleskopick\u00fd hydraulick\u00fd valec<\/li>\n<\/ol>\n<\/li>\n<\/ol>\n<p>S na\u0161imi obojsmern\u00fdmi automatick\u00fdmi teleskopick\u00fdmi hydraulick\u00fdmi valcami m\u00f4\u017eete o\u010dak\u00e1va\u0165 plynul\u00fd a presn\u00fd chod. Tieto valce s\u00fa skon\u0161truovan\u00e9 tak, aby odolali vysok\u00fdm za\u0165a\u017eeniam a pon\u00fakali vynikaj\u00facu kontrolu.<\/p>\n<ol>\n<li style=\"list-style-type: none;\">\n<ol>\n<li>Dizajn\u00e9rske slu\u017eby<\/li>\n<\/ol>\n<\/li>\n<\/ol>\n<p>N\u00e1\u0161 sk\u00fasen\u00fd dizajn\u00e9rsky t\u00edm je pripraven\u00fd v\u00e1m pom\u00f4c\u0165 s n\u00e1vrhom a v\u00fdvojom produktov. \u010ci u\u017e potrebujete nov\u00fd produkt alebo vylep\u0161enia existuj\u00facich, sme tu, aby sme v\u00e1m pomohli s va\u0161imi potrebami.<\/p>\n<ol>\n<li style=\"list-style-type: none;\">\n<ol>\n<li>Produktov\u00fd servis<\/li>\n<\/ol>\n<\/li>\n<\/ol>\n<p>Od z\u00edskavania najkvalitnej\u0161\u00edch surov\u00edn a\u017e po balenie a prepravu zabezpe\u010dujeme bezprobl\u00e9mov\u00fd servis. Ka\u017ed\u00fd krok vr\u00e1tane rezania, hrub\u00e9ho spracovania, testovania, \u010distenia a mont\u00e1\u017ee je starostlivo vykonan\u00fd, aby sme dodali produkty najvy\u0161\u0161ej kvality.<\/p>\n<p>Okrem t\u00fdchto produktov a slu\u017eieb pon\u00fakame aj v\u00fdvoj vzoriek prisp\u00f4soben\u00fdch va\u0161im po\u017eiadavk\u00e1m. N\u00e1\u0161 \u0161pecializovan\u00fd t\u00edm dok\u00e1\u017ee neust\u00e1le upravova\u0165 vzorky tak, aby vyhovovali va\u0161im \u0161pecifick\u00fdm potreb\u00e1m. Okrem toho zost\u00e1vame v popred\u00ed trhov\u00fdch trendov a investujeme do v\u00fdskumu a v\u00fdvoja. To n\u00e1m umo\u017e\u0148uje \u0161tudova\u0165 nov\u00e9 potreby trhu a vyv\u00edja\u0165 inovat\u00edvne modely hydraulick\u00fdch valcov, ktor\u00e9 sp\u013a\u0148aj\u00fa po\u017eiadavky vyv\u00edjaj\u00faceho sa automobilov\u00e9ho priemyslu.<\/p>\n<p>Pre v\u0161etky va\u0161e potreby v oblasti hydraulick\u00fdch valcov si vyberte FMP. Zaviazali sme sa dod\u00e1va\u0165 \u0161pi\u010dkov\u00e9 produkty a vynikaj\u00faci z\u00e1kazn\u00edcky servis. Kontaktujte n\u00e1s e\u0161te dnes, aby sme prediskutovali va\u0161e po\u017eiadavky a my sme va\u0161\u00edm d\u00f4veryhodn\u00fdm partnerom.<\/p>\n<p>&nbsp;<\/p>\n<h2>\u010casto kladen\u00e9 ot\u00e1zky<\/h2>\n<h3>Ot\u00e1zka 1: Ak\u00e1 je nosnos\u0165 hydraulick\u00e9ho piestov\u00e9ho valca?<\/h3>\n<p>A: Nosnos\u0165 je podrobne uveden\u00e1 v tabu\u013eke so \u0161pecifik\u00e1ciami produktu vy\u0161\u0161ie.<\/p>\n<h3>Ot\u00e1zka 2: Ako funguje hydraulick\u00fd piestov\u00fd valec?<\/h3>\n<p>A: Hydraulick\u00fd piestov\u00fd valec pracuje na princ\u00edpe hydraulickej sily, kde sa na generovanie sily a pohybu pou\u017e\u00edva tlakov\u00e1 hydraulick\u00e1 kvapalina.<\/p>\n<h3>Ot\u00e1zka 3: Ako zist\u00edm, kedy je potrebn\u00e9 vymeni\u0165 hydraulick\u00fd olej a tesnenia?<\/h3>\n<p>A: FMP poskytuje podrobn\u00e9 pokyny, kedy a ako vymeni\u0165 hydraulick\u00fd olej a tesnenia.<\/p>\n<h3>Ot\u00e1zka 4: M\u00f4\u017eem si prisp\u00f4sobi\u0165 svoj hydraulick\u00fd piestov\u00fd valec?<\/h3>\n<p>A: \u00c1no, FMP v\u00edta prisp\u00f4sobenie na z\u00e1klade v\u00fdkresov alebo vzoriek poskytnut\u00fdch z\u00e1kazn\u00edkmi.<\/p>\n<h3>Ot\u00e1zka 5: Ak\u00fa podporu m\u00f4\u017eem o\u010dak\u00e1va\u0165 od spolo\u010dnosti FMP po zak\u00fapen\u00ed?<\/h3>\n<p>A: FMP poskytuje komplexn\u00e9 poradenstvo v oblasti in\u0161tal\u00e1cie, \u00fadr\u017eby a opravy, \u010d\u00edm zabezpe\u010duje optim\u00e1lny v\u00fdkon v\u00e1\u0161ho hydraulick\u00e9ho piestov\u00e9ho valca.<\/p>\n<p>Autor: CX<\/p>","protected":false},"excerpt":{"rendered":"<p>The High Quality Welded Hydraulic Piston Cylinder is specifically designed for agricultural applications, providing robust and reliable performance in demanding environments. This cylinder combines advanced engineering with high-quality materials, ensuring optimal functionality and durability for various farming tasks. Key Features: Welded Construction: Engineered with high-strength welded joints to enhance structural integrity and prevent leaks, making [&hellip;]<\/p>","protected":false},"featured_media":1132,"comment_status":"closed","ping_status":"closed","template":"","meta":{"_et_pb_use_builder":"","_et_pb_old_content":"","_et_gb_content_width":""},"product_brand":[],"product_cat":[31],"product_tag":[34,35],"class_list":{"0":"post-944","1":"product","2":"type-product","3":"status-publish","4":"has-post-thumbnail","6":"product_cat-welded-tee-type-cylinder","7":"product_tag-hydraulic-cylinder","8":"product_tag-welded-tee-type-cylinder","10":"first","11":"instock","12":"product-type-simple"},"_links":{"self":[{"href":"https:\/\/fmp-components.com\/sk\/wp-json\/wp\/v2\/product\/944","targetHints":{"allow":["GET"]}}],"collection":[{"href":"https:\/\/fmp-components.com\/sk\/wp-json\/wp\/v2\/product"}],"about":[{"href":"https:\/\/fmp-components.com\/sk\/wp-json\/wp\/v2\/types\/product"}],"replies":[{"embeddable":true,"href":"https:\/\/fmp-components.com\/sk\/wp-json\/wp\/v2\/comments?post=944"}],"wp:featuredmedia":[{"embeddable":true,"href":"https:\/\/fmp-components.com\/sk\/wp-json\/wp\/v2\/media\/1132"}],"wp:attachment":[{"href":"https:\/\/fmp-components.com\/sk\/wp-json\/wp\/v2\/media?parent=944"}],"wp:term":[{"taxonomy":"product_brand","embeddable":true,"href":"https:\/\/fmp-components.com\/sk\/wp-json\/wp\/v2\/product_brand?post=944"},{"taxonomy":"product_cat","embeddable":true,"href":"https:\/\/fmp-components.com\/sk\/wp-json\/wp\/v2\/product_cat?post=944"},{"taxonomy":"product_tag","embeddable":true,"href":"https:\/\/fmp-components.com\/sk\/wp-json\/wp\/v2\/product_tag?post=944"}],"curies":[{"name":"pracovn\u00fd list","href":"https:\/\/api.w.org\/{rel}","templated":true}]}}