{"id":936,"date":"2024-12-19T03:39:00","date_gmt":"2024-12-19T03:39:00","guid":{"rendered":"https:\/\/fmp-components.com\/product\/10016-hot-selling-trailer-hydraulic-cylinder-for-agriculture\/"},"modified":"2024-12-19T09:03:54","modified_gmt":"2024-12-19T09:03:54","slug":"10016-hot-selling-trailer-hydraulic-cylinder-for-agriculture","status":"publish","type":"product","link":"https:\/\/fmp-components.com\/sk\/product\/10016-hot-selling-trailer-hydraulic-cylinder-for-agriculture\/","title":{"rendered":"10016 Najpred\u00e1vanej\u0161\u00ed hydraulick\u00fd valec pre pr\u00edvesy pre po\u013enohospod\u00e1rstvo"},"content":{"rendered":"<p>Hydraulick\u00fd valec pre pr\u00edvesy 10016 je odborne navrhnut\u00fd tak, aby zlep\u0161il funk\u010dnos\u0165 po\u013enohospod\u00e1rskych pr\u00edvesov a poskytoval spo\u013eahliv\u00fd v\u00fdkon a robustn\u00fa odolnos\u0165. Tento hydraulick\u00fd valec je nevyhnutnou s\u00fa\u010das\u0165ou pre po\u013enohospod\u00e1rov, ktor\u00ed chc\u00fa maximalizova\u0165 efektivitu a jednoduchos\u0165 ovl\u00e1dania pri svojich po\u013enohospod\u00e1rskych \u010dinnostiach.<\/p>\n<h4>K\u013e\u00fa\u010dov\u00e9 vlastnosti:<\/h4>\n<ul>\n<li><strong>Efekt\u00edvny hydraulick\u00fd v\u00fdkon:<\/strong><br \/>\nHydraulick\u00fd valec 10016 je navrhnut\u00fd pre optim\u00e1lny v\u00fdkon hydraulickej kvapaliny, \u010do zais\u0165uje plynul\u00fd a v\u00fdkonn\u00fd chod pri zdv\u00edhan\u00ed a sp\u00fa\u0161\u0165an\u00ed korieb pr\u00edvesov. T\u00e1to \u00fa\u010dinnos\u0165 je k\u013e\u00fa\u010dov\u00e1 pre r\u00fdchle nakladanie a vykladanie, \u010d\u00edm sa zlep\u0161uje celkov\u00e1 produktivita.<\/li>\n<li><strong>Robustn\u00e1 kon\u0161trukcia:<\/strong><br \/>\nTento hydraulick\u00fd valec je vyroben\u00fd z vysoko kvalitn\u00fdch materi\u00e1lov a je skon\u0161truovan\u00fd tak, aby odolal n\u00e1ro\u010dn\u00fdm podmienkam po\u013enohospod\u00e1rskeho prostredia. Jeho odoln\u00e1 kon\u0161trukcia zais\u0165uje dlhotrvaj\u00faci v\u00fdkon, a to aj pri vysokom za\u0165a\u017een\u00ed a \u010dastom pou\u017e\u00edvan\u00ed.<\/li>\n<li><strong>V\u0161estrann\u00e9 aplik\u00e1cie:<\/strong><br \/>\nTento hydraulick\u00fd valec, navrhnut\u00fd \u0161peci\u00e1lne pre po\u013enohospod\u00e1rske pr\u00edvesy, je dostato\u010dne v\u0161estrann\u00fd na pou\u017eitie v r\u00f4znych aplik\u00e1ci\u00e1ch vr\u00e1tane prepravy sena, prepravy hospod\u00e1rskych zvierat a v\u0161eobecn\u00fdch po\u013enohospod\u00e1rskych \u00faloh. Jeho prisp\u00f4sobivos\u0165 z neho rob\u00ed cenn\u00fd doplnok pre ak\u00fako\u013evek po\u013enohospod\u00e1rsku prev\u00e1dzku.<\/li>\n<li><strong>U\u017e\u00edvate\u013esky pr\u00edvetiv\u00fd dizajn:<\/strong><br \/>\nValec 10016 sa vyzna\u010duje intuit\u00edvnym dizajnom, ktor\u00fd zjednodu\u0161uje in\u0161tal\u00e1ciu a prev\u00e1dzku. Je kompatibiln\u00fd s r\u00f4znymi modelmi pr\u00edvesov, \u010do po\u013enohospod\u00e1rom u\u013eah\u010duje moderniz\u00e1ciu ich zariaden\u00ed bez rozsiahlych \u00faprav.<\/li>\n<li><strong>Najpred\u00e1vanej\u0161ia polo\u017eka:<\/strong><br \/>\nV\u010faka svojmu overen\u00e9mu v\u00fdkonu a spo\u013eahlivosti sa hydraulick\u00fd valec 10016 stal medzi po\u013enohospod\u00e1rskymi profesion\u00e1lmi ve\u013emi pred\u00e1van\u00fdm artiklom. Jeho popularita sved\u010d\u00ed o jeho kvalite a \u00fa\u010dinnosti pri zlep\u0161ovan\u00ed po\u013enohospod\u00e1rskych oper\u00e1ci\u00ed.<\/li>\n<\/ul>\n<p><img loading=\"lazy\" decoding=\"async\" class=\"size-full wp-image-976 aligncenter\" src=\"https:\/\/fmp-components.com\/wp-content\/uploads\/2024\/12\/Welded-Tee-Type-Cylinder2.webp\" alt=\"Zv\u00e1ran\u00fd valec s T-kusom\" width=\"764\" height=\"675\" title=\"\" srcset=\"https:\/\/fmp-components.com\/wp-content\/uploads\/2024\/12\/Welded-Tee-Type-Cylinder2.webp 764w, https:\/\/fmp-components.com\/wp-content\/uploads\/2024\/12\/Welded-Tee-Type-Cylinder2-480x424.webp 480w\" sizes=\"(min-width: 0px) and (max-width: 480px) 480px, (min-width: 481px) 764px, 100vw\" \/><\/p>\n<h4>Technick\u00e9 \u0161pecifik\u00e1cie:<\/h4>\n<table style=\"width: 97.9238%; height: 185px;\">\n<thead>\n<tr style=\"height: 23px;\">\n<th style=\"height: 23px;\">\u0160pecifik\u00e1cia<\/th>\n<th style=\"height: 23px;\">Popis<\/th>\n<\/tr>\n<\/thead>\n<tbody>\n<tr style=\"height: 23px;\">\n<td style=\"height: 23px;\"><strong>Ve\u013ekos\u0165 otvoru<\/strong><\/td>\n<td style=\"height: 23px;\">Prisp\u00f4sobite\u013en\u00e9<\/td>\n<\/tr>\n<tr style=\"height: 23px;\">\n<td style=\"height: 23px;\"><strong>D\u013a\u017eka zdvihu<\/strong><\/td>\n<td style=\"height: 23px;\">R\u00f4zne dostupn\u00e9 mo\u017enosti<\/td>\n<\/tr>\n<tr style=\"height: 23px;\">\n<td style=\"height: 23px;\"><strong>Maxim\u00e1lny tlak<\/strong><\/td>\n<td style=\"height: 23px;\">A\u017e 3000 PSI<\/td>\n<\/tr>\n<tr style=\"height: 23px;\">\n<td style=\"height: 23px;\"><strong>Materi\u00e1l<\/strong><\/td>\n<td style=\"height: 23px;\">Vysokokvalitn\u00e1 oce\u013e alebo hlin\u00edk<\/td>\n<\/tr>\n<tr style=\"height: 23px;\">\n<td style=\"height: 23px;\"><strong>Typ pripojenia<\/strong><\/td>\n<td style=\"height: 23px;\">Pr\u00edrubov\u00e9 alebo z\u00e1vitov\u00e9<\/td>\n<\/tr>\n<\/tbody>\n<\/table>\n<h4>Princ\u00edp fungovania:<\/h4>\n<p>Hydraulick\u00fd valec pr\u00edvesu 10016 funguje na princ\u00edpe tlaku hydraulickej kvapaliny. Ke\u010f sa hydraulick\u00e1 kvapalina \u010derp\u00e1 do valca, p\u00f4sob\u00ed silou na piest, \u010do umo\u017e\u0148uje kontrolovan\u00e9 zdv\u00edhanie a sp\u00fa\u0161\u0165anie korby pr\u00edvesu. Tento efekt\u00edvny prenos sily zabezpe\u010duje, \u017ee po\u013enohospod\u00e1ri m\u00f4\u017eu \u013eahko a presne manipulova\u0165 s \u0165a\u017ek\u00fdmi bremenami.<\/p>\n<p>Hydraulick\u00fd valec pre pr\u00edvesy 10016 je spo\u013eahliv\u00fdm a efekt\u00edvnym rie\u0161en\u00edm na zlep\u0161enie prev\u00e1dzky po\u013enohospod\u00e1rskych pr\u00edvesov. Jeho robustn\u00e1 kon\u0161trukcia, u\u017e\u00edvate\u013esky pr\u00edvetiv\u00fd dizajn a v\u0161estrannos\u0165 z neho robia nepostr\u00e1date\u013en\u00fd n\u00e1stroj pre po\u013enohospod\u00e1rov, ktor\u00ed chc\u00fa zlep\u0161i\u0165 svoju produktivitu a efektivitu v ter\u00e9ne.<\/p>\n<h3>\u010casto kladen\u00e9 ot\u00e1zky<\/h3>\n<p>\u2013 Daj\u00fa sa hydraulick\u00e9 valce pr\u00edvesu prisp\u00f4sobi\u0165?<br \/>\n\u00c1no, pon\u00fakame prisp\u00f4sobenie na z\u00e1klade va\u0161ich \u0161pecifik\u00e1ci\u00ed a po\u017eiadaviek.<\/p>\n<p>\u2013 Ak\u00e1 je nosnos\u0165 hydraulick\u00e9ho valca pr\u00edvesu?<br \/>\nNosnos\u0165 z\u00e1vis\u00ed od modelu. Viac inform\u00e1ci\u00ed n\u00e1jdete v detailoch produktu.<\/p>\n<p>\u2013 Ako funguje hydraulick\u00fd valec pr\u00edvesu?<br \/>\nHydraulick\u00e9 valce funguj\u00fa na princ\u00edpe mechaniky tekut\u00edn. Ke\u010f sa na kvapalinu vo valci vyv\u00edja tlak, vytv\u00e1ra sa sila, ktor\u00e1 dok\u00e1\u017ee pohybova\u0165 \u0165a\u017ek\u00fdmi predmetmi.<\/p>\n<p>\u2013 Ak\u00e1 je energetick\u00e1 \u00fa\u010dinnos\u0165 t\u00fdchto valcov?<br \/>\nNa\u0161e hydraulick\u00e9 valce pre pr\u00edvesy s\u00fa navrhnut\u00e9 tak, aby spotrebov\u00e1vali menej energie, v\u010faka \u010domu s\u00fa n\u00e1kladovo efekt\u00edvne a \u0161etrn\u00e9 k \u017eivotn\u00e9mu prostrediu.<\/p>\n<p>\u2013 S\u00fa tieto valce bezpe\u010dn\u00e9?<br \/>\n\u00c1no, na\u0161e valce s\u00fa vyroben\u00e9 z najkvalitnej\u0161\u00edch materi\u00e1lov a pokro\u010dil\u00fdch technol\u00f3gi\u00ed, \u010do zais\u0165uje bezpe\u010dn\u00fd a spo\u013eahliv\u00fd v\u00fdkon.<\/p>\n<h2>V\u00fdhody zv\u00e1ran\u00e9ho valca s T-kusom<\/h2>\n<ul>\n<li style=\"list-style-type: none;\">\n<ul>\n<li><strong>Zv\u00fd\u0161en\u00e1 pevnos\u0165:<\/strong> Zv\u00e1ran\u00e9 valce typu T s\u00fa zn\u00e1me svojou vysokou pevnos\u0165ou, v\u010faka \u010domu s\u00fa vhodn\u00e9 pre aplik\u00e1cie vy\u017eaduj\u00face zdv\u00edhanie \u0165a\u017ek\u00fdch bremien. Proces zv\u00e1rania pou\u017eit\u00fd pri v\u00fdrobe t\u00fdchto valcov zais\u0165uje, \u017ee valec nem\u00e1 slab\u00e9 miesta a odol\u00e1 vysok\u00e9mu tlaku a nam\u00e1haniu.<\/li>\n<\/ul>\n<\/li>\n<\/ul>\n<p>Ke\u010f sa na valec vyv\u00edja tlak, rovnomerne sa rozlo\u017e\u00ed po celom povrchu, v\u010faka \u010domu je odoln\u00fd vo\u010di deform\u00e1cii. T\u00e1to vlastnos\u0165 zais\u0165uje, \u017ee valec si zachov\u00e1 svoj tvar a \u0161truktur\u00e1lnu integritu aj v extr\u00e9mnych podmienkach.<\/p>\n<ul>\n<li style=\"list-style-type: none;\">\n<ul>\n<li><strong>Prevencia \u00faniku:<\/strong> Zv\u00e1ran\u00e9 valce typu T s\u00fa navrhnut\u00e9 tak, aby sa zabr\u00e1nilo \u00faniku. Proces zv\u00e1rania pou\u017eit\u00fd po\u010das v\u00fdrobn\u00e9ho procesu zais\u0165uje, \u017ee valec je \u00faplne utesnen\u00fd a bez ak\u00fdchko\u013evek mo\u017en\u00fdch \u00fanikov. V\u010faka tejto vlastnosti s\u00fa vhodn\u00e9 na pou\u017eitie v aplik\u00e1ci\u00e1ch, kde by \u00fanik mohol sp\u00f4sobi\u0165 v\u00e1\u017ene po\u0161kodenie alebo zranenie.<\/li>\n<\/ul>\n<\/li>\n<\/ul>\n<p>Zvarov\u00e9 spoje s\u00fa hladk\u00e9, bez ak\u00fdchko\u013evek \u0161trb\u00edn alebo dr\u00e1\u017eok, kde by sa mohli hromadi\u0165 ne\u010distoty alebo ne\u010distoty, \u010d\u00edm sa zni\u017euje riziko kor\u00f3zie a po\u0161kodenia valca.<\/p>\n<ul>\n<li style=\"list-style-type: none;\">\n<ul>\n<li><strong>Prisp\u00f4sobite\u013en\u00e9:<\/strong> Zv\u00e1ran\u00e9 valce s T-kusom je mo\u017en\u00e9 prisp\u00f4sobi\u0165 \u0161pecifick\u00fdm aplik\u00e1ci\u00e1m. Valce s\u00fa dostupn\u00e9 v r\u00f4znych ve\u013ekostiach a tvaroch a je mo\u017en\u00e9 ich vyrobi\u0165 tak, aby sp\u013a\u0148ali \u0161pecifick\u00e9 po\u017eiadavky aplik\u00e1cie.<\/li>\n<\/ul>\n<\/li>\n<\/ul>\n<p>Proces prisp\u00f4sobenia umo\u017e\u0148uje optimalizova\u0165 v\u00fdkon valca a zabezpe\u010di\u0165, aby bol vhodn\u00fd pre zam\u00fd\u0161\u013ean\u00e9 pou\u017eitie. T\u00e1to vlastnos\u0165 rob\u00ed zv\u00e1ran\u00e9 valce typu T ide\u00e1lne na pou\u017eitie v r\u00f4znych priemyseln\u00fdch aplik\u00e1ci\u00e1ch vr\u00e1tane stavebn\u00edctva, ban\u00edctva a manipul\u00e1cie s materi\u00e1lom.<\/p>\n<ul>\n<li style=\"list-style-type: none;\">\n<ul>\n<li><strong>Cenovo v\u00fdhodn\u00e9:<\/strong> Zv\u00e1ran\u00e9 valce typu T s\u00fa v porovnan\u00ed s in\u00fdmi typmi valcov n\u00e1kladovo efekt\u00edvne. V\u00fdrobn\u00fd proces pou\u017e\u00edvan\u00fd na v\u00fdrobu t\u00fdchto valcov je jednoduch\u00fd, v\u010faka \u010domu s\u00fa lacnej\u0161ie ako in\u00e9 typy valcov.<\/li>\n<\/ul>\n<\/li>\n<\/ul>\n<p>Vysok\u00e1 pevnos\u0165 a odolnos\u0165 zv\u00e1ran\u00fdch valcov typu T navy\u0161e zni\u017euje potrebu \u010dast\u00fdch opr\u00e1v a v\u00fdmen, \u010d\u00edm \u0161etr\u00ed n\u00e1klady na \u00fadr\u017ebu. T\u00e1to vlastnos\u0165 z nich rob\u00ed ob\u013e\u00faben\u00fa vo\u013ebu v mnoh\u00fdch odvetviach, najm\u00e4 v t\u00fdch s obmedzen\u00fdm rozpo\u010dtom.<\/p>\n<ul>\n<li style=\"list-style-type: none;\">\n<ul>\n<li><strong>Zv\u00fd\u0161en\u00e1 \u00fa\u010dinnos\u0165:<\/strong> Zv\u00e1ran\u00e9 valce typu T s\u00fa vysoko \u00fa\u010dinn\u00e9 a efekt\u00edvne. Kon\u0161trukcia valca zais\u0165uje, \u017ee aplikovan\u00e1 sila sa pren\u00e1\u0161a priamo na z\u00e1\u0165a\u017e, \u010d\u00edm sa zni\u017euj\u00fa straty energie a zvy\u0161uje sa \u00fa\u010dinnos\u0165.<\/li>\n<\/ul>\n<\/li>\n<\/ul>\n<p>Zvarov\u00e9 spoje s\u00fa pevn\u00e9 a tuh\u00e9, minimalizuj\u00fa priehyb a zabezpe\u010duj\u00fa, \u017ee valec si zachov\u00e1va svoj tvar a \u0161truktur\u00e1lnu integritu aj v extr\u00e9mnych podmienkach. V\u010faka tejto vlastnosti s\u00fa zvarov\u00e9 valce typu T ide\u00e1lne na pou\u017eitie v aplik\u00e1ci\u00e1ch vy\u017eaduj\u00facich vysok\u00fa \u00fa\u010dinnos\u0165 a spo\u013eahlivos\u0165.<\/p>\n<h2>Pou\u017eitie zv\u00e1ran\u00e9ho valca typu T<\/h2>\n<h3>\u00davod<\/h3>\n<p>Zv\u00e1ran\u00fd valec typu T je typ hydraulick\u00e9ho valca, ktor\u00fd sa be\u017ene pou\u017e\u00edva v priemyseln\u00fdch aplik\u00e1ci\u00e1ch. Je navrhnut\u00fd tak, aby poskytoval vysok\u00fd v\u00fdkon v kompaktnom a cenovo dostupnom balen\u00ed. Tento typ valca pozost\u00e1va z zv\u00e1ran\u00e9ho T-kusu a piestnej ty\u010de, ktor\u00e1 je pripevnen\u00e1 k T-kusu. T-kus je pripojen\u00fd k valcu valca a obsahuje piest, ktor\u00fd sa pohybuje tam a sp\u00e4\u0165 vo vn\u00fatri valca a vytv\u00e1ra tak silu.<\/p>\n<h3>V\u00fdhody zv\u00e1ran\u00e9ho valca s T-kusom<\/h3>\n<p>Pou\u017eitie zv\u00e1ran\u00e9ho valca typu T v priemyseln\u00fdch aplik\u00e1ci\u00e1ch m\u00e1 nieko\u013eko v\u00fdhod:<\/p>\n<ul>\n<li><b>Kompaktn\u00fd dizajn:<\/b> Zv\u00e1ran\u00e9 valce s T-kusom s\u00fa navrhnut\u00e9 tak, aby boli kompaktn\u00e9, v\u010faka \u010domu s\u00fa ide\u00e1lne na pou\u017eitie v aplik\u00e1ci\u00e1ch s obmedzen\u00fdm priestorom.<\/li>\n<li><b>Vysok\u00e1 \u00fa\u010dinnos\u0165:<\/b> Zv\u00e1ran\u00e9 valce typu T s\u00fa vysoko \u00fa\u010dinn\u00e9, \u010do znamen\u00e1, \u017ee dok\u00e1\u017eu vygenerova\u0165 ve\u013ek\u00e9 mno\u017estvo sily s minim\u00e1lnym vstupom energie.<\/li>\n<li><b>Odoln\u00e9:<\/b> Zv\u00e1ran\u00e9 valce s T-kusom s\u00fa navrhnut\u00e9 tak, aby boli vysoko odoln\u00e9, \u010do znamen\u00e1, \u017ee vydr\u017eia n\u00e1ro\u010dn\u00e9 prev\u00e1dzkov\u00e9 podmienky a vydr\u017eia dlho.<\/li>\n<li><b>N\u00e1kladovo efekt\u00edvne:<\/b> Zv\u00e1ran\u00e9 valce typu T s\u00fa cenovo v\u00fdhodn\u00e9, \u010do znamen\u00e1, \u017ee poskytuj\u00fa dobr\u00fd pomer ceny a kvality.<\/li>\n<\/ul>\n<h3>Aplik\u00e1cie zv\u00e1ran\u00e9ho valca typu T<\/h3>\n<p>Zv\u00e1ran\u00e9 valce typu T maj\u00fa mnoho aplik\u00e1ci\u00ed v r\u00f4znych odvetviach, vr\u00e1tane:<\/p>\n<ul>\n<li><b>V\u00fdroba:<\/b> Zv\u00e1ran\u00e9 valce s T-kusom sa pou\u017e\u00edvaj\u00fa vo v\u00fdrobe na obsluhu strojov, premiest\u0148ovanie \u0165a\u017ek\u00fdch bremien a tvarovanie kovov\u00fdch dielov.<\/li>\n<li><b>Po\u013enohospod\u00e1rstvo:<\/b> Zv\u00e1ran\u00e9 valce s T-kusom sa pou\u017e\u00edvaj\u00fa v po\u013enohospod\u00e1rstve na ovl\u00e1danie hydraulick\u00fdch syst\u00e9mov traktorov, kombajnov a in\u00fdch po\u013enohospod\u00e1rskych strojov.<\/li>\n<li><b>Kon\u0161trukcia:<\/b> Zv\u00e1ran\u00e9 valce s T-kusom sa pou\u017e\u00edvaj\u00fa v stavebn\u00edctve na ovl\u00e1danie strojov, ako s\u00fa \u017eeriavy, bagre a r\u00fdpadl\u00e1-naklada\u010de.<\/li>\n<li><b>\u0164a\u017eba:<\/b> Zv\u00e1ran\u00e9 valce s T-kusom sa pou\u017e\u00edvaj\u00fa v ban\u00edctve na ovl\u00e1danie hydraulick\u00fdch syst\u00e9mov \u0165a\u017ek\u00fdch zariaden\u00ed, ako s\u00fa buldoz\u00e9ry, naklada\u010de a v\u0155ta\u010dky.<\/li>\n<li><b>Doprava:<\/b> Zv\u00e1ran\u00e9 valce s T-kusom sa pou\u017e\u00edvaj\u00fa v doprave na ovl\u00e1danie hydraulick\u00fdch syst\u00e9mov v n\u00e1kladn\u00fdch aut\u00e1ch, autobusoch a in\u00fdch vozidl\u00e1ch.<\/li>\n<\/ul>\n<p>Z\u00e1verom mo\u017eno poveda\u0165, \u017ee zv\u00e1ran\u00e9 valce typu T s\u00fa d\u00f4le\u017eitou s\u00fa\u010das\u0165ou mnoh\u00fdch priemyseln\u00fdch aplik\u00e1ci\u00ed. S\u00fa navrhnut\u00e9 tak, aby boli kompaktn\u00e9, efekt\u00edvne, odoln\u00e9 a n\u00e1kladovo efekt\u00edvne, v\u010faka \u010domu s\u00fa ide\u00e1lnou vo\u013ebou pre \u0161irok\u00fa \u0161k\u00e1lu aplik\u00e1ci\u00ed. \u010ci u\u017e obsluhujete stroje vo v\u00fdrobnom z\u00e1vode, po\u013enohospod\u00e1rske zariadenia na farme alebo \u0165a\u017ek\u00e9 zariadenia v bani, zv\u00e1ran\u00e9 valce typu T v\u00e1m m\u00f4\u017eu pom\u00f4c\u0165 vykon\u00e1va\u0165 pr\u00e1cu efekt\u00edvne a \u00fa\u010dinne.<\/p>\n<p><img loading=\"lazy\" decoding=\"async\" class=\"size-full wp-image-974 aligncenter\" src=\"https:\/\/fmp-components.com\/wp-content\/uploads\/2024\/12\/application-of-Welded-Tee-Type-Cylinder.webp\" alt=\"aplik\u00e1cia zv\u00e1ran\u00e9ho valca s T-kusom\" width=\"760\" height=\"860\" title=\"\" srcset=\"https:\/\/fmp-components.com\/wp-content\/uploads\/2024\/12\/application-of-Welded-Tee-Type-Cylinder.webp 760w, https:\/\/fmp-components.com\/wp-content\/uploads\/2024\/12\/application-of-Welded-Tee-Type-Cylinder-480x543.webp 480w\" sizes=\"(min-width: 0px) and (max-width: 480px) 480px, (min-width: 481px) 760px, 100vw\" \/><\/p>\n<h3>O FMP<\/h3>\n<p>Spolo\u010dnos\u0165 FMP, s viac ako 30-ro\u010dn\u00fdmi sk\u00fasenos\u0165ami v Taliansku, je popredn\u00fdm v\u00fdrobcom a predajcom r\u00f4znych typov hydraulick\u00fdch valcov. Sme hrd\u00ed na to, \u017ee pon\u00fakame rie\u0161enia na mieru, ktor\u00e9 sp\u013a\u0148aj\u00fa jedine\u010dn\u00e9 po\u017eiadavky na\u0161ich z\u00e1kazn\u00edkov. S viac ako 100 najmodernej\u0161\u00edmi zariadeniami, vr\u00e1tane automatick\u00fdch zv\u00e1ra\u010diek v ochrannej atmosf\u00e9re plynu, v\u0155ta\u010diek na hlbok\u00e9 otvory, CNC s\u00fastruhov, valcov\u00fdch br\u00fasok, automatick\u00fdch \u010distiacich strojov, automatick\u00fdch in\u0161tala\u010dn\u00fdch strojov, automatick\u00fdch sk\u00fa\u0161obn\u00fdch stol\u00edc na v\u00fdkon hydraulick\u00fdch valcov a automatick\u00fdch lakovac\u00edch liniek, zabezpe\u010dujeme najvy\u0161\u0161ie \u0161tandardy kvality na\u0161ich produktov.<\/p>\n<p><strong>1) Dizajn\u00e9rska slu\u017eba:<\/strong> N\u00e1\u0161 sk\u00fasen\u00fd dizajn\u00e9rsky t\u00edm je zdatn\u00fd v oblasti n\u00e1vrhu a v\u00fdvoja produktov. \u010ci u\u017e potrebujete nov\u00e9 produkty alebo vylep\u0161enia existuj\u00facich, sme tu, aby sme v\u00e1m pomohli.<\/p>\n<p><strong>2) Produktov\u00fd servis:<\/strong> Od surov\u00edn cez rezanie, hrub\u00e9 spracovanie, testovanie, \u010distenie, mont\u00e1\u017e, balenie a prepravu, starostlivo riadime ka\u017ed\u00fd krok, aby sme zabezpe\u010dili vynikaj\u00facu kvalitu.<\/p>\n<p><strong>3) Proces vzorkovania:<\/strong> Vzorky vieme vyvin\u00fa\u0165 pod\u013ea va\u0161ich \u0161pecifick\u00fdch po\u017eiadaviek a neust\u00e1le ich upravova\u0165 tak, aby vyhovovali va\u0161im potreb\u00e1m. Va\u0161a spokojnos\u0165 je na\u0161ou prioritou.<\/p>\n<p><strong>4) V\u00fdskum a v\u00fdvoj:<\/strong> So zameran\u00edm na trendy na trhu a po\u017eiadavky z\u00e1kazn\u00edkov neust\u00e1le sk\u00famame nov\u00e9 potreby a vyv\u00edjame inovat\u00edvne modely hydraulick\u00fdch valcov.<\/p>\n<p><strong>5) Pr\u00edsne spracovanie a kontrola:<\/strong> Ka\u017ed\u00fd hydraulick\u00fd valec prech\u00e1dza d\u00f4kladn\u00fdm spracovan\u00edm a kontrolou, aby sme na\u0161im v\u00e1\u017een\u00fdm z\u00e1kazn\u00edkom zaru\u010dili v\u00fdnimo\u010dn\u00fa kvalitu a spo\u013eahlivos\u0165.<\/p>\n<p><img decoding=\"async\" src=\"https:\/\/fmp-components.com\/wp-content\/uploads\/2024\/12\/fmp-factory-4.webp\" alt=\"Tov\u00e1re\u0148 na v\u00fdrobu FMP\" width=\"800\" title=\"\"><br \/>\nAutor: CX<\/p>","protected":false},"excerpt":{"rendered":"<p>The 10016 Hot Selling Trailer Hydraulic Cylinder is expertly designed to enhance the functionality of agricultural trailers, providing reliable performance and robust durability. This hydraulic cylinder is an essential component for farmers looking to maximize efficiency and ease of operation in their agricultural activities. Key Features: Efficient Hydraulic Performance: The 10016 hydraulic cylinder is engineered [&hellip;]<\/p>","protected":false},"featured_media":1132,"comment_status":"closed","ping_status":"closed","template":"","meta":{"_et_pb_use_builder":"","_et_pb_old_content":"","_et_gb_content_width":""},"product_brand":[],"product_cat":[31],"product_tag":[34,35],"class_list":{"0":"post-936","1":"product","2":"type-product","3":"status-publish","4":"has-post-thumbnail","6":"product_cat-welded-tee-type-cylinder","7":"product_tag-hydraulic-cylinder","8":"product_tag-welded-tee-type-cylinder","10":"first","11":"instock","12":"product-type-simple"},"_links":{"self":[{"href":"https:\/\/fmp-components.com\/sk\/wp-json\/wp\/v2\/product\/936","targetHints":{"allow":["GET"]}}],"collection":[{"href":"https:\/\/fmp-components.com\/sk\/wp-json\/wp\/v2\/product"}],"about":[{"href":"https:\/\/fmp-components.com\/sk\/wp-json\/wp\/v2\/types\/product"}],"replies":[{"embeddable":true,"href":"https:\/\/fmp-components.com\/sk\/wp-json\/wp\/v2\/comments?post=936"}],"wp:featuredmedia":[{"embeddable":true,"href":"https:\/\/fmp-components.com\/sk\/wp-json\/wp\/v2\/media\/1132"}],"wp:attachment":[{"href":"https:\/\/fmp-components.com\/sk\/wp-json\/wp\/v2\/media?parent=936"}],"wp:term":[{"taxonomy":"product_brand","embeddable":true,"href":"https:\/\/fmp-components.com\/sk\/wp-json\/wp\/v2\/product_brand?post=936"},{"taxonomy":"product_cat","embeddable":true,"href":"https:\/\/fmp-components.com\/sk\/wp-json\/wp\/v2\/product_cat?post=936"},{"taxonomy":"product_tag","embeddable":true,"href":"https:\/\/fmp-components.com\/sk\/wp-json\/wp\/v2\/product_tag?post=936"}],"curies":[{"name":"pracovn\u00fd list","href":"https:\/\/api.w.org\/{rel}","templated":true}]}}