{"id":934,"date":"2024-12-19T03:39:00","date_gmt":"2024-12-19T03:39:00","guid":{"rendered":"https:\/\/fmp-components.com\/product\/10014-cost-effective-customized-mini-hydraulic-cylinder-hydraulic-ram-cylinder\/"},"modified":"2024-12-19T09:04:30","modified_gmt":"2024-12-19T09:04:30","slug":"10014-cost-effective-customized-mini-hydraulic-cylinder-hydraulic-ram-cylinder","status":"publish","type":"product","link":"https:\/\/fmp-components.com\/sk\/product\/10014-cost-effective-customized-mini-hydraulic-cylinder-hydraulic-ram-cylinder\/","title":{"rendered":"10014 Cenovo v\u00fdhodn\u00fd mini hydraulick\u00fd valec na mieru s hydraulick\u00fdm ramenom"},"content":{"rendered":"<p>Cenovo v\u00fdhodn\u00fd mini hydraulick\u00fd valec 10014 na mieru je navrhnut\u00fd tak, aby poskytoval spo\u013eahliv\u00fd v\u00fdkon v kompaktnom balen\u00ed, v\u010faka \u010domu je ide\u00e1lnym rie\u0161en\u00edm pre r\u00f4zne aplik\u00e1cie. Tento hydraulick\u00fd valec je navrhnut\u00fd pre efektivitu a v\u0161estrannos\u0165 a je ide\u00e1lny pre odvetvia, ktor\u00e9 vy\u017eaduj\u00fa spo\u013eahliv\u00e9 hydraulick\u00e9 rie\u0161enia bez toho, aby museli zruinova\u0165 svoj rozpo\u010det.<\/p>\n<p><img loading=\"lazy\" decoding=\"async\" class=\"size-full wp-image-977 aligncenter\" src=\"https:\/\/fmp-components.com\/wp-content\/uploads\/2024\/12\/Welded-Tee-Type-Cylinder3.webp\" alt=\"Zv\u00e1ran\u00fd valec s T-kusom\" width=\"653\" height=\"600\" title=\"\" srcset=\"https:\/\/fmp-components.com\/wp-content\/uploads\/2024\/12\/Welded-Tee-Type-Cylinder3.webp 653w, https:\/\/fmp-components.com\/wp-content\/uploads\/2024\/12\/Welded-Tee-Type-Cylinder3-480x441.webp 480w\" sizes=\"(min-width: 0px) and (max-width: 480px) 480px, (min-width: 481px) 653px, 100vw\" \/><\/p>\n<h4>K\u013e\u00fa\u010dov\u00e9 vlastnosti:<\/h4>\n<ul>\n<li><strong>Cenovo v\u00fdhodn\u00fd dizajn:<\/strong><br \/>\nTento mini hydraulick\u00fd valec pon\u00faka vynikaj\u00facu rovnov\u00e1hu medzi kvalitou a cenovou dostupnos\u0165ou. Je navrhnut\u00fd tak, aby poskytoval vysok\u00fd v\u00fdkon za konkurencieschopn\u00fa cenu, v\u010faka \u010domu je dostupn\u00fd pre \u0161irok\u00fa \u0161k\u00e1lu aplik\u00e1ci\u00ed bez kompromisov v oblasti spo\u013eahlivosti.<\/li>\n<li><strong>Prisp\u00f4soben\u00e9 mo\u017enosti:<\/strong><br \/>\nHydraulick\u00fd valec 10014 je mo\u017en\u00e9 prisp\u00f4sobi\u0165 \u0161pecifick\u00fdm po\u017eiadavk\u00e1m. \u010ci u\u017e potrebujete r\u00f4zne ve\u013ekosti otvorov, d\u013a\u017eky zdvihu alebo typy pripojen\u00ed, na\u0161e prisp\u00f4soben\u00e9 mo\u017enosti zaru\u010dia, \u017ee z\u00edskate perfektn\u00e9 rie\u0161enie pre va\u0161u aplik\u00e1ciu.<\/li>\n<li><strong>Kompaktn\u00e1 ve\u013ekos\u0165:<\/strong><br \/>\nMiniat\u00farny dizajn tohto hydraulick\u00e9ho valca umo\u017e\u0148uje jednoduch\u00fa in\u0161tal\u00e1ciu v stiesnen\u00fdch priestoroch, v\u010faka \u010domu je vhodn\u00fd pre aplik\u00e1cie, kde by v\u00e4\u010d\u0161ie valce neboli praktick\u00e9. Jeho kompaktnos\u0165 neobetuje v\u00fdkon, \u010do zais\u0165uje efekt\u00edvny v\u00fdkon aj v obmedzenom priestore.<\/li>\n<li><strong>Odoln\u00e1 kon\u0161trukcia:<\/strong><br \/>\nTento hydraulick\u00fd valec je vyroben\u00fd z vysoko kvalitn\u00fdch materi\u00e1lov a je navrhnut\u00fd pre odolnos\u0165 a dlh\u00fa \u017eivotnos\u0165. Je navrhnut\u00fd tak, aby odolal n\u00e1ro\u010dn\u00fdm pracovn\u00fdm podmienkam a zabezpe\u010dil spo\u013eahliv\u00fa prev\u00e1dzku v r\u00f4znych prostrediach.<\/li>\n<li><strong>V\u0161estrann\u00e9 aplik\u00e1cie:<\/strong><br \/>\nMini hydraulick\u00fd valec 10014 je vhodn\u00fd pre \u0161irok\u00fa \u0161k\u00e1lu aplik\u00e1ci\u00ed vr\u00e1tane automobilov\u00e9ho, po\u013enohospod\u00e1rskeho a priemyseln\u00e9ho pou\u017eitia. Jeho v\u0161estrannos\u0165 z neho rob\u00ed neocenite\u013en\u00fd n\u00e1stroj pre \u00falohy, ktor\u00e9 vy\u017eaduj\u00fa presn\u00fd a efekt\u00edvny hydraulick\u00fd v\u00fdkon.<\/li>\n<\/ul>\n<h4>Technick\u00e9 \u0161pecifik\u00e1cie:<\/h4>\n<table style=\"width: 93.9247%; height: 189px;\">\n<thead>\n<tr style=\"height: 23px;\">\n<th style=\"height: 23px;\">\u0160pecifik\u00e1cia<\/th>\n<th style=\"height: 23px;\">Popis<\/th>\n<\/tr>\n<\/thead>\n<tbody>\n<tr style=\"height: 23px;\">\n<td style=\"height: 23px;\"><strong>Ve\u013ekos\u0165 otvoru<\/strong><\/td>\n<td style=\"height: 23px;\">Prisp\u00f4sobite\u013en\u00e9<\/td>\n<\/tr>\n<tr style=\"height: 23px;\">\n<td style=\"height: 23px;\"><strong>D\u013a\u017eka zdvihu<\/strong><\/td>\n<td style=\"height: 23px;\">R\u00f4zne dostupn\u00e9 mo\u017enosti<\/td>\n<\/tr>\n<tr style=\"height: 23px;\">\n<td style=\"height: 23px;\"><strong>Maxim\u00e1lny tlak<\/strong><\/td>\n<td style=\"height: 23px;\">A\u017e 3000 PSI<\/td>\n<\/tr>\n<tr style=\"height: 23px;\">\n<td style=\"height: 23px;\"><strong>Materi\u00e1l<\/strong><\/td>\n<td style=\"height: 23px;\">Vysokokvalitn\u00e1 oce\u013e alebo hlin\u00edk<\/td>\n<\/tr>\n<tr style=\"height: 23px;\">\n<td style=\"height: 23px;\"><strong>Typ pripojenia<\/strong><\/td>\n<td style=\"height: 23px;\">Pr\u00edrubov\u00e9 alebo z\u00e1vitov\u00e9<\/td>\n<\/tr>\n<\/tbody>\n<\/table>\n<h4>Princ\u00edp fungovania:<\/h4>\n<p>Mini hydraulick\u00fd valec 10014 funguje na princ\u00edpe tlaku hydraulickej kvapaliny. Ke\u010f hydraulick\u00e1 kvapalina vst\u00fapi do valca, p\u00f4sob\u00ed silou na piest, \u010d\u00edm vytv\u00e1ra line\u00e1rny pohyb. Tento efekt\u00edvny prenos v\u00fdkonu umo\u017e\u0148uje kontrolovan\u00fd pohyb a prev\u00e1dzku v r\u00f4znych aplik\u00e1ci\u00e1ch.<\/p>\n<p>Stru\u010dne povedan\u00e9, cenovo dostupn\u00fd mini hydraulick\u00fd valec 10014 na mieru je efekt\u00edvne a spo\u013eahliv\u00e9 rie\u0161enie pre \u0161irok\u00fa \u0161k\u00e1lu aplik\u00e1ci\u00ed. Jeho cenovo v\u00fdhodn\u00fd dizajn, prisp\u00f4sobite\u013en\u00e9 funkcie a kompaktn\u00e1 ve\u013ekos\u0165 z neho robia vynikaj\u00facu vo\u013ebu pre t\u00fdch, ktor\u00ed h\u013eadaj\u00fa v\u00fdkonn\u00e9 hydraulick\u00e9 rie\u0161enie bez prekro\u010denia rozpo\u010dtu. \u010ci u\u017e ide o priemyseln\u00e9, po\u013enohospod\u00e1rske alebo automobilov\u00e9 pou\u017eitie, tento hydraulick\u00fd valec je navrhnut\u00fd tak, aby efekt\u00edvne a \u00fa\u010dinne sp\u013a\u0148al va\u0161e potreby.<\/p>\n<p><img loading=\"lazy\" decoding=\"async\" class=\"size-full wp-image-976 aligncenter\" src=\"https:\/\/fmp-components.com\/wp-content\/uploads\/2024\/12\/Welded-Tee-Type-Cylinder2.webp\" alt=\"Zv\u00e1ran\u00fd valec s T-kusom\" width=\"764\" height=\"675\" title=\"\" srcset=\"https:\/\/fmp-components.com\/wp-content\/uploads\/2024\/12\/Welded-Tee-Type-Cylinder2.webp 764w, https:\/\/fmp-components.com\/wp-content\/uploads\/2024\/12\/Welded-Tee-Type-Cylinder2-480x424.webp 480w\" sizes=\"(min-width: 0px) and (max-width: 480px) 480px, (min-width: 481px) 764px, 100vw\" \/><\/p>\n<h2>V\u00fdhody zv\u00e1ran\u00e9ho valca s T-kusom<\/h2>\n<ul>\n<li style=\"list-style-type: none;\">\n<ul>\n<li><strong>Zv\u00fd\u0161en\u00e1 pevnos\u0165:<\/strong> Zv\u00e1ran\u00e9 valce typu T s\u00fa zn\u00e1me svojou vysokou pevnos\u0165ou, v\u010faka \u010domu s\u00fa vhodn\u00e9 pre aplik\u00e1cie vy\u017eaduj\u00face zdv\u00edhanie \u0165a\u017ek\u00fdch bremien. Proces zv\u00e1rania pou\u017eit\u00fd pri v\u00fdrobe t\u00fdchto valcov zais\u0165uje, \u017ee valec nem\u00e1 slab\u00e9 miesta a odol\u00e1 vysok\u00e9mu tlaku a nam\u00e1haniu.<\/li>\n<\/ul>\n<\/li>\n<\/ul>\n<p>Ke\u010f sa na valec vyv\u00edja tlak, rovnomerne sa rozlo\u017e\u00ed po celom povrchu, v\u010faka \u010domu je odoln\u00fd vo\u010di deform\u00e1cii. T\u00e1to vlastnos\u0165 zais\u0165uje, \u017ee valec si zachov\u00e1 svoj tvar a \u0161truktur\u00e1lnu integritu aj v extr\u00e9mnych podmienkach.<\/p>\n<ul>\n<li style=\"list-style-type: none;\">\n<ul>\n<li><strong>Prevencia \u00faniku:<\/strong> Zv\u00e1ran\u00e9 valce typu T s\u00fa navrhnut\u00e9 tak, aby sa zabr\u00e1nilo \u00faniku. Proces zv\u00e1rania pou\u017eit\u00fd po\u010das v\u00fdrobn\u00e9ho procesu zais\u0165uje, \u017ee valec je \u00faplne utesnen\u00fd a bez ak\u00fdchko\u013evek mo\u017en\u00fdch \u00fanikov. V\u010faka tejto vlastnosti s\u00fa vhodn\u00e9 na pou\u017eitie v aplik\u00e1ci\u00e1ch, kde by \u00fanik mohol sp\u00f4sobi\u0165 v\u00e1\u017ene po\u0161kodenie alebo zranenie.<\/li>\n<\/ul>\n<\/li>\n<\/ul>\n<p>Zvarov\u00e9 spoje s\u00fa hladk\u00e9, bez ak\u00fdchko\u013evek \u0161trb\u00edn alebo dr\u00e1\u017eok, kde by sa mohli hromadi\u0165 ne\u010distoty alebo ne\u010distoty, \u010d\u00edm sa zni\u017euje riziko kor\u00f3zie a po\u0161kodenia valca.<\/p>\n<ul>\n<li style=\"list-style-type: none;\">\n<ul>\n<li><strong>Prisp\u00f4sobite\u013en\u00e9:<\/strong> Zv\u00e1ran\u00e9 valce s T-kusom je mo\u017en\u00e9 prisp\u00f4sobi\u0165 \u0161pecifick\u00fdm aplik\u00e1ci\u00e1m. Valce s\u00fa dostupn\u00e9 v r\u00f4znych ve\u013ekostiach a tvaroch a je mo\u017en\u00e9 ich vyrobi\u0165 tak, aby sp\u013a\u0148ali \u0161pecifick\u00e9 po\u017eiadavky aplik\u00e1cie.<\/li>\n<\/ul>\n<\/li>\n<\/ul>\n<p>Proces prisp\u00f4sobenia umo\u017e\u0148uje optimalizova\u0165 v\u00fdkon valca a zabezpe\u010di\u0165, aby bol vhodn\u00fd pre zam\u00fd\u0161\u013ean\u00e9 pou\u017eitie. T\u00e1to vlastnos\u0165 rob\u00ed zv\u00e1ran\u00e9 valce typu T ide\u00e1lne na pou\u017eitie v r\u00f4znych priemyseln\u00fdch aplik\u00e1ci\u00e1ch vr\u00e1tane stavebn\u00edctva, ban\u00edctva a manipul\u00e1cie s materi\u00e1lom.<\/p>\n<ul>\n<li style=\"list-style-type: none;\">\n<ul>\n<li><strong>Cenovo v\u00fdhodn\u00e9:<\/strong> Zv\u00e1ran\u00e9 valce typu T s\u00fa v porovnan\u00ed s in\u00fdmi typmi valcov n\u00e1kladovo efekt\u00edvne. V\u00fdrobn\u00fd proces pou\u017e\u00edvan\u00fd na v\u00fdrobu t\u00fdchto valcov je jednoduch\u00fd, v\u010faka \u010domu s\u00fa lacnej\u0161ie ako in\u00e9 typy valcov.<\/li>\n<\/ul>\n<\/li>\n<\/ul>\n<p>Vysok\u00e1 pevnos\u0165 a odolnos\u0165 zv\u00e1ran\u00fdch valcov typu T navy\u0161e zni\u017euje potrebu \u010dast\u00fdch opr\u00e1v a v\u00fdmen, \u010d\u00edm \u0161etr\u00ed n\u00e1klady na \u00fadr\u017ebu. T\u00e1to vlastnos\u0165 z nich rob\u00ed ob\u013e\u00faben\u00fa vo\u013ebu v mnoh\u00fdch odvetviach, najm\u00e4 v t\u00fdch s obmedzen\u00fdm rozpo\u010dtom.<\/p>\n<ul>\n<li style=\"list-style-type: none;\">\n<ul>\n<li><strong>Zv\u00fd\u0161en\u00e1 \u00fa\u010dinnos\u0165:<\/strong> Zv\u00e1ran\u00e9 valce typu T s\u00fa vysoko \u00fa\u010dinn\u00e9 a efekt\u00edvne. Kon\u0161trukcia valca zais\u0165uje, \u017ee aplikovan\u00e1 sila sa pren\u00e1\u0161a priamo na z\u00e1\u0165a\u017e, \u010d\u00edm sa zni\u017euj\u00fa straty energie a zvy\u0161uje sa \u00fa\u010dinnos\u0165.<\/li>\n<\/ul>\n<\/li>\n<\/ul>\n<p>Zvarov\u00e9 spoje s\u00fa pevn\u00e9 a tuh\u00e9, minimalizuj\u00fa priehyb a zabezpe\u010duj\u00fa, \u017ee valec si zachov\u00e1va svoj tvar a \u0161truktur\u00e1lnu integritu aj v extr\u00e9mnych podmienkach. V\u010faka tejto vlastnosti s\u00fa zvarov\u00e9 valce typu T ide\u00e1lne na pou\u017eitie v aplik\u00e1ci\u00e1ch vy\u017eaduj\u00facich vysok\u00fa \u00fa\u010dinnos\u0165 a spo\u013eahlivos\u0165.<\/p>\n<p><img loading=\"lazy\" decoding=\"async\" class=\"size-full wp-image-974 aligncenter\" src=\"https:\/\/fmp-components.com\/wp-content\/uploads\/2024\/12\/application-of-Welded-Tee-Type-Cylinder.webp\" alt=\"aplik\u00e1cia zv\u00e1ran\u00e9ho valca s T-kusom\" width=\"760\" height=\"860\" title=\"\" srcset=\"https:\/\/fmp-components.com\/wp-content\/uploads\/2024\/12\/application-of-Welded-Tee-Type-Cylinder.webp 760w, https:\/\/fmp-components.com\/wp-content\/uploads\/2024\/12\/application-of-Welded-Tee-Type-Cylinder-480x543.webp 480w\" sizes=\"(min-width: 0px) and (max-width: 480px) 480px, (min-width: 481px) 760px, 100vw\" \/><\/p>\n<h2>Pou\u017eitie zv\u00e1ran\u00e9ho valca typu T<\/h2>\n<ul>\n<li>\n<h3>Priemyseln\u00e9 stroje a zariadenia<\/h3>\n<p>Zv\u00e1ran\u00fd valec s T-kusom sa \u0161iroko pou\u017e\u00edva v priemyseln\u00fdch strojoch a zariadeniach, najm\u00e4 v hydraulick\u00fdch syst\u00e9moch. Valec sa sklad\u00e1 z piestu a valcovej r\u00farky, ktor\u00e9 s\u00fa zvaren\u00e9 do jedn\u00e9ho celku. T\u00e1to kon\u0161trukcia pon\u00faka oproti in\u00fdm typom valcov nieko\u013eko v\u00fdhod, ako je zv\u00fd\u0161en\u00e1 odolnos\u0165, vy\u0161\u0161ia pevnos\u0165 a v\u00e4\u010d\u0161ia presnos\u0165.<\/p>\n<p>Jednou z najd\u00f4le\u017eitej\u0161\u00edch aplik\u00e1ci\u00ed zv\u00e1ran\u00fdch valcov s tvarom T v priemyseln\u00fdch strojoch je ich schopnos\u0165 poskytova\u0165 konzistentn\u00fa a presn\u00fa silu. To je nevyhnutn\u00e9 pre mnoh\u00e9 v\u00fdrobn\u00e9 procesy, kde je potrebn\u00e1 presn\u00e1 kontrola na zabezpe\u010denie kvality kone\u010dn\u00e9ho produktu. Zv\u00e1ran\u00e9 valce s tvarom T sa m\u00f4\u017eu tie\u017e pou\u017ei\u0165 na regul\u00e1ciu prietoku kvapal\u00edn v hydraulick\u00fdch syst\u00e9moch, \u010do umo\u017e\u0148uje v\u00e4\u010d\u0161iu \u00fa\u010dinnos\u0165 a spo\u013eahlivos\u0165 v r\u00f4znych priemyseln\u00fdch aplik\u00e1ci\u00e1ch.<\/li>\n<li>\n<h3>Po\u013enohospod\u00e1rske stroje<\/h3>\n<p>Zv\u00e1ran\u00fd valec typu T sa be\u017ene pou\u017e\u00edva aj v po\u013enohospod\u00e1rskych strojoch, ako s\u00fa traktory a kombajny. Tieto stroje vy\u017eaduj\u00fa na efekt\u00edvnu prev\u00e1dzku v\u00fdkonn\u00e9 a spo\u013eahliv\u00e9 hydraulick\u00e9 syst\u00e9my a zv\u00e1ran\u00fd valec typu T je na tento \u00fa\u010del ide\u00e1lnou vo\u013ebou.<\/p>\n<p>Robustn\u00e1 kon\u0161trukcia a vysok\u00e1 pevnos\u0165 valca ho robia vysoko odoln\u00fdm vo\u010di opotrebovaniu, a to aj v n\u00e1ro\u010dn\u00fdch prev\u00e1dzkov\u00fdch podmienkach. V\u010faka tomu je ide\u00e1lnou vo\u013ebou pre pou\u017eitie v po\u013enohospod\u00e1rskych strojoch, kde je odolnos\u0165 k\u013e\u00fa\u010dov\u00fdm faktorom. Zv\u00e1ran\u00fd valec typu T sa d\u00e1 pou\u017ei\u0165 aj na zabezpe\u010denie presn\u00e9ho ovl\u00e1dania potrebn\u00e9ho pre mnoh\u00e9 po\u013enohospod\u00e1rske procesy, ako je sadenie, zber \u00farody a zavla\u017eovanie.<\/li>\n<li>\n<h3>Stavebn\u00e9 stroje<\/h3>\n<p>Zv\u00e1ran\u00fd valec s T-kusom sa tie\u017e \u0161iroko pou\u017e\u00edva v stavebn\u00fdch strojoch, ako s\u00fa bagre, r\u00fdpadl\u00e1 a buldoz\u00e9ry. Tieto stroje vy\u017eaduj\u00fa v\u00fdkonn\u00e9 a spo\u013eahliv\u00e9 hydraulick\u00e9 syst\u00e9my na vykon\u00e1vanie n\u00e1ro\u010dn\u00fdch \u00faloh, ako je kopanie, zdv\u00edhanie a tla\u010denie \u0165a\u017ek\u00fdch bremien.<\/p>\n<p>Vysok\u00e1 pevnos\u0165 a odolnos\u0165 zv\u00e1ran\u00e9ho valca typu T z neho robia ide\u00e1lnu vo\u013ebu pre pou\u017eitie v stavebn\u00fdch strojoch. Jeho schopnos\u0165 zabezpe\u010di\u0165 presn\u00e9 ovl\u00e1danie a konzistentn\u00fa silu je nevyhnutn\u00e1 pre mnoh\u00e9 stavebn\u00e9 procesy, ako s\u00fa v\u00fdkopov\u00e9 pr\u00e1ce, ter\u00e9nne \u00fapravy a dla\u017eby. Zv\u00e1ran\u00fd valec typu T sa m\u00f4\u017ee pou\u017ei\u0165 aj na regul\u00e1ciu prietoku kvapal\u00edn v hydraulick\u00fdch syst\u00e9moch, \u010d\u00edm sa zlep\u0161uje \u00fa\u010dinnos\u0165 a spo\u013eahlivos\u0165 stavebn\u00fdch strojov v r\u00f4znych aplik\u00e1ci\u00e1ch.<\/li>\n<\/ul>\n<h3>O FMP<\/h3>\n<p>Spolo\u010dnos\u0165 FMP s viac ako 30-ro\u010dn\u00fdmi sk\u00fasenos\u0165ami je l\u00eddrom v odvetv\u00ed v\u00fdroby a \u00fapravy r\u00f4znych typov hydraulick\u00fdch valcov. Na\u0161a priemyseln\u00e1 oblas\u0165 sa nach\u00e1dza v Taliansku a m\u00f4\u017eeme sa pochv\u00e1li\u0165 \u0161irokou \u0161k\u00e1lou zariaden\u00ed vr\u00e1tane automatick\u00fdch zv\u00e1ra\u010diek v ochrannej atmosf\u00e9re plynu, v\u0155ta\u010diek na hlbok\u00e9 otvory, CNC s\u00fastruhov, valcov\u00fdch br\u00fasok, automatick\u00fdch \u010distiacich strojov, automatick\u00fdch in\u0161tala\u010dn\u00fdch strojov, automatick\u00fdch sk\u00fa\u0161obn\u00fdch stol\u00edc na hydraulick\u00e9 valce, automatick\u00fdch lakovac\u00edch liniek a \u010fal\u0161\u00edch.<\/p>\n<p><img decoding=\"async\" class=\"aligncenter\" src=\"https:\/\/fmp-components.com\/wp-content\/uploads\/2024\/12\/fmp-factory-4.webp\" alt=\"Tov\u00e1re\u0148 na v\u00fdrobu FMP\" width=\"800\" title=\"\"><\/p>\n<p>Sme hrd\u00ed na na\u0161e pr\u00edsne postupy spracovania a kontroly ka\u017ed\u00e9ho hydraulick\u00e9ho valca, \u010d\u00edm zabezpe\u010dujeme vynikaj\u00facu kvalitu pre na\u0161ich z\u00e1kazn\u00edkov. Tu je p\u00e4\u0165 bodov, ktor\u00e9 zd\u00f4raz\u0148uj\u00fa v\u00fdhody na\u0161ich produktov a spolo\u010dnosti:<\/p>\n<ol>\n<li style=\"list-style-type: none;\">\n<ol>\n<li>Dizajn\u00e9rska slu\u017eba:<\/li>\n<\/ol>\n<\/li>\n<\/ol>\n<p>N\u00e1\u0161 sk\u00fasen\u00fd dizajn\u00e9rsky t\u00edm je pripraven\u00fd v\u00e1m pom\u00f4c\u0165 s n\u00e1vrhom a v\u00fdvojom univerz\u00e1lnych hriade\u013eov. \u010ci u\u017e potrebujete nov\u00e9 produkty alebo vylep\u0161enia, sme tu, aby sme v\u00e1m pomohli.<\/p>\n<ol>\n<li style=\"list-style-type: none;\">\n<ol>\n<li>Produktov\u00fd servis:<\/li>\n<\/ol>\n<\/li>\n<\/ol>\n<p>Od surov\u00edn cez rezanie, hrub\u00e9 spracovanie, testovanie, \u010distenie, mont\u00e1\u017e, balenie a\u017e po prepravu, dodr\u017eiavame komplexn\u00fd proces, aby sme dod\u00e1vali vysoko kvalitn\u00e9 produkty.<\/p>\n<ol>\n<li style=\"list-style-type: none;\">\n<ol>\n<li>Uk\u00e1\u017ekov\u00fd proces:<\/li>\n<\/ol>\n<\/li>\n<\/ol>\n<p>Ch\u00e1peme d\u00f4le\u017eitos\u0165 vzoriek pri splnen\u00ed va\u0161ich \u0161pecifick\u00fdch po\u017eiadaviek. Vieme vyv\u00edja\u0165 vzorky pod\u013ea va\u0161ich potrieb a neust\u00e1le ich upravova\u0165, k\u00fdm nesp\u013a\u0148aj\u00fa va\u0161e o\u010dak\u00e1vania.<\/p>\n<ol>\n<li style=\"list-style-type: none;\">\n<ol>\n<li>V\u00fdskum a v\u00fdvoj:<\/li>\n<\/ol>\n<\/li>\n<\/ol>\n<p>S v\u00fdvojom trhu si udr\u017eiavame n\u00e1skok \u0161t\u00fadiom nov\u00fdch potrieb trhu a v\u00fdvojom nov\u00fdch modelov. To zabezpe\u010duje, \u017ee na\u0161e produkty s\u00fa v s\u00falade s najnov\u0161\u00edmi trendmi v odvetv\u00ed a po\u017eiadavkami z\u00e1kazn\u00edkov.<\/p>\n<ol>\n<li style=\"list-style-type: none;\">\n<ol>\n<li>Prisp\u00f4sobenie:<\/li>\n<\/ol>\n<\/li>\n<\/ol>\n<p>V spolo\u010dnosti FMP sa \u0161pecializujeme na prisp\u00f4sobenie hydraulick\u00fdch valcov pod\u013ea va\u0161ich jedine\u010dn\u00fdch \u0161pecifik\u00e1ci\u00ed. \u010ci u\u017e m\u00e1te \u0161pecifick\u00e9 rozmery, vlastnosti alebo po\u017eiadavky na v\u00fdkon, sme odhodlan\u00ed doda\u0165 rie\u0161enia na mieru.<\/p>\n<p>Vyberte si FMP pre \u0161pi\u010dkov\u00e9 hydraulick\u00e9 valce, ktor\u00e9 s\u00fa vyroben\u00e9 presne pod\u013ea va\u0161ich potrieb. Kontaktujte n\u00e1s e\u0161te dnes, aby sme prediskutovali va\u0161e po\u017eiadavky a vysk\u00fa\u0161ali na\u0161e v\u00fdnimo\u010dn\u00e9 produkty a slu\u017eby.<\/p>\n<p>Autor: CX<\/p>","protected":false},"excerpt":{"rendered":"<p>The 10014 Cost Effective Customized Mini Hydraulic Cylinder is designed to provide reliable performance in a compact package, making it an ideal solution for a variety of applications. Engineered for efficiency and versatility, this hydraulic ram cylinder is perfect for industries that require dependable hydraulic solutions without breaking the bank. Key Features: Cost-Effective Design: This [&hellip;]<\/p>","protected":false},"featured_media":1133,"comment_status":"closed","ping_status":"closed","template":"","meta":{"_et_pb_use_builder":"","_et_pb_old_content":"","_et_gb_content_width":""},"product_brand":[],"product_cat":[31],"product_tag":[34,35],"class_list":{"0":"post-934","1":"product","2":"type-product","3":"status-publish","4":"has-post-thumbnail","6":"product_cat-welded-tee-type-cylinder","7":"product_tag-hydraulic-cylinder","8":"product_tag-welded-tee-type-cylinder","10":"first","11":"instock","12":"product-type-simple"},"_links":{"self":[{"href":"https:\/\/fmp-components.com\/sk\/wp-json\/wp\/v2\/product\/934","targetHints":{"allow":["GET"]}}],"collection":[{"href":"https:\/\/fmp-components.com\/sk\/wp-json\/wp\/v2\/product"}],"about":[{"href":"https:\/\/fmp-components.com\/sk\/wp-json\/wp\/v2\/types\/product"}],"replies":[{"embeddable":true,"href":"https:\/\/fmp-components.com\/sk\/wp-json\/wp\/v2\/comments?post=934"}],"wp:featuredmedia":[{"embeddable":true,"href":"https:\/\/fmp-components.com\/sk\/wp-json\/wp\/v2\/media\/1133"}],"wp:attachment":[{"href":"https:\/\/fmp-components.com\/sk\/wp-json\/wp\/v2\/media?parent=934"}],"wp:term":[{"taxonomy":"product_brand","embeddable":true,"href":"https:\/\/fmp-components.com\/sk\/wp-json\/wp\/v2\/product_brand?post=934"},{"taxonomy":"product_cat","embeddable":true,"href":"https:\/\/fmp-components.com\/sk\/wp-json\/wp\/v2\/product_cat?post=934"},{"taxonomy":"product_tag","embeddable":true,"href":"https:\/\/fmp-components.com\/sk\/wp-json\/wp\/v2\/product_tag?post=934"}],"curies":[{"name":"pracovn\u00fd list","href":"https:\/\/api.w.org\/{rel}","templated":true}]}}