{"id":933,"date":"2024-12-19T03:39:00","date_gmt":"2024-12-19T03:39:00","guid":{"rendered":"https:\/\/fmp-components.com\/product\/10013-customized-small-double-acting-hydraulic-cylinder-trailer-hydraulic-cylinder-for-sale\/"},"modified":"2024-12-19T09:04:40","modified_gmt":"2024-12-19T09:04:40","slug":"10013-customized-small-double-acting-hydraulic-cylinder-trailer-hydraulic-cylinder-for-sale","status":"publish","type":"product","link":"https:\/\/fmp-components.com\/sk\/product\/10013-customized-small-double-acting-hydraulic-cylinder-trailer-hydraulic-cylinder-for-sale\/","title":{"rendered":"10013 Prisp\u00f4soben\u00fd mal\u00fd dvoj\u010dinn\u00fd hydraulick\u00fd valec pre pr\u00edvesy s hydraulick\u00fdm valcom na predaj"},"content":{"rendered":"<h3>Funkcia a v\u00fdznam<\/h3>\n<p>Dvoj\u010dinn\u00fd hydraulick\u00fd valec je z\u00e1kladnou s\u00fa\u010das\u0165ou hydraulick\u00fdch syst\u00e9mov a zohr\u00e1va k\u013e\u00fa\u010dov\u00fa \u00falohu pri premene hydraulickej energie na mechanick\u00fa energiu. T\u00e1to premena je nevyhnutn\u00e1 pre prev\u00e1dzku r\u00f4znych priemyseln\u00fdch strojov a mobiln\u00fdch zariaden\u00ed, \u010do im umo\u017e\u0148uje vykon\u00e1va\u0165 \u0161irok\u00fa \u0161k\u00e1lu \u00faloh s presnos\u0165ou a v\u00fdkonom. Umo\u017enen\u00edm riaden\u00e9ho pohybu v oboch smeroch zvy\u0161uje dvoj\u010dinn\u00e1 kon\u0161trukcia v\u0161estrannos\u0165 a \u00fa\u010dinnos\u0165, v\u010faka \u010domu je nevyhnutn\u00e1 v aplik\u00e1ci\u00e1ch, ako je stavebn\u00edctvo, v\u00fdroba a doprava. Jeho schopnos\u0165 generova\u0165 silu pri vys\u00favan\u00ed aj zas\u00favan\u00ed umo\u017e\u0148uje dynamickej\u0161iu prev\u00e1dzku, \u010d\u00edm sa zlep\u0161uje produktivita a efektivita v n\u00e1ro\u010dn\u00fdch prostrediach.<\/p>\n<p><img loading=\"lazy\" decoding=\"async\" class=\"size-full wp-image-975 aligncenter\" src=\"https:\/\/fmp-components.com\/wp-content\/uploads\/2024\/12\/Welded-Tee-Type-Cylinder1.webp\" alt=\"Zv\u00e1ran\u00fd valec s T-kusom\" width=\"759\" height=\"761\" title=\"\" srcset=\"https:\/\/fmp-components.com\/wp-content\/uploads\/2024\/12\/Welded-Tee-Type-Cylinder1.webp 759w, https:\/\/fmp-components.com\/wp-content\/uploads\/2024\/12\/Welded-Tee-Type-Cylinder1-480x481.webp 480w\" sizes=\"(min-width: 0px) and (max-width: 480px) 480px, (min-width: 481px) 759px, 100vw\" \/><\/p>\n<h3>Jedine\u010dn\u00e9 vlastnosti a v\u00fdhody<\/h3>\n<ul>\n<li><strong>\u00daspora energie:<\/strong><br \/>\nKon\u0161trukcia dvoj\u010dinn\u00e9ho hydraulick\u00e9ho valca optimalizuje spotrebu energie, zni\u017euje prev\u00e1dzkov\u00e9 n\u00e1klady a z\u00e1rove\u0148 zachov\u00e1va vysok\u00fd v\u00fdkon. Jeho efekt\u00edvne vyu\u017eitie hydraulickej kvapaliny minimalizuje odpad a zvy\u0161uje udr\u017eate\u013enos\u0165.<\/li>\n<li><strong>Vysok\u00e1 \u00fa\u010dinnos\u0165:<\/strong><br \/>\nTento hydraulick\u00fd valec, navrhnut\u00fd pre vynikaj\u00faci v\u00fdkon, zais\u0165uje r\u00fdchlu a efekt\u00edvnu prev\u00e1dzku. Jeho schopnos\u0165 dod\u00e1va\u0165 konzistentn\u00fa silu v oboch smeroch ho rob\u00ed ide\u00e1lnym pre r\u00f4zne aplik\u00e1cie, od \u0165a\u017ek\u00fdch strojov a\u017e po automatizovan\u00e9 syst\u00e9my.<\/li>\n<li><strong>Bezpe\u010dn\u00e9 a spo\u013eahliv\u00e9:<\/strong><br \/>\nBezpe\u010dnos\u0165 je pri kon\u0161trukcii a prev\u00e1dzke dvoj\u010dinn\u00e9ho hydraulick\u00e9ho valca najvy\u0161\u0161ou prioritou. Obsahuje zabudovan\u00e9 bezpe\u010dnostn\u00e9 prvky, ktor\u00e9 zabra\u0148uj\u00fa \u00fanikom a poruch\u00e1m, \u010d\u00edm zabezpe\u010duj\u00fa spo\u013eahliv\u00fd v\u00fdkon aj pri vysokotlakov\u00fdch podmienkach. T\u00e1to spo\u013eahlivos\u0165 je k\u013e\u00fa\u010dov\u00e1 v prostrediach, kde je bezpe\u010dnos\u0165 prvorad\u00e1.<\/li>\n<\/ul>\n<p><img loading=\"lazy\" decoding=\"async\" class=\"size-full wp-image-976 aligncenter\" src=\"https:\/\/fmp-components.com\/wp-content\/uploads\/2024\/12\/Welded-Tee-Type-Cylinder2.webp\" alt=\"Zv\u00e1ran\u00fd valec s T-kusom\" width=\"764\" height=\"675\" title=\"\" srcset=\"https:\/\/fmp-components.com\/wp-content\/uploads\/2024\/12\/Welded-Tee-Type-Cylinder2.webp 764w, https:\/\/fmp-components.com\/wp-content\/uploads\/2024\/12\/Welded-Tee-Type-Cylinder2-480x424.webp 480w\" sizes=\"(min-width: 0px) and (max-width: 480px) 480px, (min-width: 481px) 764px, 100vw\" \/><\/p>\n<h3>Hydraulick\u00fd syst\u00e9m a princ\u00edp \u010dinnosti<\/h3>\n<p>Hydraulick\u00fd syst\u00e9m tohto valca funguje na princ\u00edpoch mechaniky tekut\u00edn a vyu\u017e\u00edva na vytvorenie pohybu tlakov\u00fa hydraulick\u00fa kvapalinu. Ke\u010f sa hydraulick\u00e1 kvapalina zavedie do valca, vyv\u00edja tlak na piest, \u010do vedie k vytvoreniu sily. T\u00e1to sila poh\u00e1\u0148a piest v oboch smeroch, \u010do umo\u017e\u0148uje jeho vys\u00favanie a zas\u00favanie.<\/p>\n<p>V praktick\u00fdch aplik\u00e1ci\u00e1ch tento mechanizmus umo\u017e\u0148uje presn\u00e9 ovl\u00e1danie strojov a zariaden\u00ed. Napr\u00edklad v stavebn\u00fdch strojoch umo\u017e\u0148uje dvoj\u010dinn\u00fd hydraulick\u00fd valec plynul\u00e9 zdv\u00edhanie a sp\u00fa\u0161\u0165anie bremien, \u010d\u00edm sa zvy\u0161uje prev\u00e1dzkov\u00e1 \u00fa\u010dinnos\u0165. Okrem toho, schopnos\u0165 pracova\u0165 za r\u00f4znych tlakov a podmienok ho rob\u00ed vhodn\u00fdm pre \u0161irok\u00fa \u0161k\u00e1lu priemyseln\u00fdch aplik\u00e1ci\u00ed, od v\u00fdroby a\u017e po dopravu, \u010do zd\u00f4raz\u0148uje jeho v\u00fdznam v modern\u00fdch hydraulick\u00fdch syst\u00e9moch.<\/p>\n<p><img decoding=\"async\" class=\"aligncenter\" src=\"https:\/\/hzpt.com\/wp-content\/uploads\/2023\/12\/random-3.webp\" alt=\"\" title=\"\"><\/p>\n<h2>V\u00fdhody zv\u00e1ran\u00e9ho valca s T-kusom<\/h2>\n<ul>\n<li style=\"list-style-type: none;\">\n<ul>\n<li><strong>Zv\u00fd\u0161en\u00e1 pevnos\u0165:<\/strong> Zv\u00e1ran\u00e9 valce typu T s\u00fa zn\u00e1me svojou vysokou pevnos\u0165ou, v\u010faka \u010domu s\u00fa vhodn\u00e9 pre aplik\u00e1cie vy\u017eaduj\u00face zdv\u00edhanie \u0165a\u017ek\u00fdch bremien. Proces zv\u00e1rania pou\u017eit\u00fd pri v\u00fdrobe t\u00fdchto valcov zais\u0165uje, \u017ee valec nem\u00e1 slab\u00e9 miesta a odol\u00e1 vysok\u00e9mu tlaku a nam\u00e1haniu.<\/li>\n<\/ul>\n<\/li>\n<\/ul>\n<p>Ke\u010f sa na valec vyv\u00edja tlak, rovnomerne sa rozlo\u017e\u00ed po celom povrchu, v\u010faka \u010domu je odoln\u00fd vo\u010di deform\u00e1cii. T\u00e1to vlastnos\u0165 zais\u0165uje, \u017ee valec si zachov\u00e1 svoj tvar a \u0161truktur\u00e1lnu integritu aj v extr\u00e9mnych podmienkach.<\/p>\n<ul>\n<li style=\"list-style-type: none;\">\n<ul>\n<li><strong>Prevencia \u00faniku:<\/strong> Zv\u00e1ran\u00e9 valce typu T s\u00fa navrhnut\u00e9 tak, aby sa zabr\u00e1nilo \u00faniku. Proces zv\u00e1rania pou\u017eit\u00fd po\u010das v\u00fdrobn\u00e9ho procesu zais\u0165uje, \u017ee valec je \u00faplne utesnen\u00fd a bez ak\u00fdchko\u013evek mo\u017en\u00fdch \u00fanikov. V\u010faka tejto vlastnosti s\u00fa vhodn\u00e9 na pou\u017eitie v aplik\u00e1ci\u00e1ch, kde by \u00fanik mohol sp\u00f4sobi\u0165 v\u00e1\u017ene po\u0161kodenie alebo zranenie.<\/li>\n<\/ul>\n<\/li>\n<\/ul>\n<p>Zvarov\u00e9 spoje s\u00fa hladk\u00e9, bez ak\u00fdchko\u013evek \u0161trb\u00edn alebo dr\u00e1\u017eok, kde by sa mohli hromadi\u0165 ne\u010distoty alebo ne\u010distoty, \u010d\u00edm sa zni\u017euje riziko kor\u00f3zie a po\u0161kodenia valca.<\/p>\n<ul>\n<li style=\"list-style-type: none;\">\n<ul>\n<li><strong>Prisp\u00f4sobite\u013en\u00e9:<\/strong> Zv\u00e1ran\u00e9 valce s T-kusom je mo\u017en\u00e9 prisp\u00f4sobi\u0165 \u0161pecifick\u00fdm aplik\u00e1ci\u00e1m. Valce s\u00fa dostupn\u00e9 v r\u00f4znych ve\u013ekostiach a tvaroch a je mo\u017en\u00e9 ich vyrobi\u0165 tak, aby sp\u013a\u0148ali \u0161pecifick\u00e9 po\u017eiadavky aplik\u00e1cie.<\/li>\n<\/ul>\n<\/li>\n<\/ul>\n<p>Proces prisp\u00f4sobenia umo\u017e\u0148uje optimalizova\u0165 v\u00fdkon valca a zabezpe\u010di\u0165, aby bol vhodn\u00fd pre zam\u00fd\u0161\u013ean\u00e9 pou\u017eitie. T\u00e1to vlastnos\u0165 rob\u00ed zv\u00e1ran\u00e9 valce typu T ide\u00e1lne na pou\u017eitie v r\u00f4znych priemyseln\u00fdch aplik\u00e1ci\u00e1ch vr\u00e1tane stavebn\u00edctva, ban\u00edctva a manipul\u00e1cie s materi\u00e1lom.<\/p>\n<ul>\n<li style=\"list-style-type: none;\">\n<ul>\n<li><strong>Cenovo v\u00fdhodn\u00e9:<\/strong> Zv\u00e1ran\u00e9 valce typu T s\u00fa v porovnan\u00ed s in\u00fdmi typmi valcov n\u00e1kladovo efekt\u00edvne. V\u00fdrobn\u00fd proces pou\u017e\u00edvan\u00fd na v\u00fdrobu t\u00fdchto valcov je jednoduch\u00fd, v\u010faka \u010domu s\u00fa lacnej\u0161ie ako in\u00e9 typy valcov.<\/li>\n<\/ul>\n<\/li>\n<\/ul>\n<p>Vysok\u00e1 pevnos\u0165 a odolnos\u0165 zv\u00e1ran\u00fdch valcov typu T navy\u0161e zni\u017euje potrebu \u010dast\u00fdch opr\u00e1v a v\u00fdmen, \u010d\u00edm \u0161etr\u00ed n\u00e1klady na \u00fadr\u017ebu. T\u00e1to vlastnos\u0165 z nich rob\u00ed ob\u013e\u00faben\u00fa vo\u013ebu v mnoh\u00fdch odvetviach, najm\u00e4 v t\u00fdch s obmedzen\u00fdm rozpo\u010dtom.<\/p>\n<ul>\n<li style=\"list-style-type: none;\">\n<ul>\n<li><strong>Zv\u00fd\u0161en\u00e1 \u00fa\u010dinnos\u0165:<\/strong> Zv\u00e1ran\u00e9 valce typu T s\u00fa vysoko \u00fa\u010dinn\u00e9 a efekt\u00edvne. Kon\u0161trukcia valca zais\u0165uje, \u017ee aplikovan\u00e1 sila sa pren\u00e1\u0161a priamo na z\u00e1\u0165a\u017e, \u010d\u00edm sa zni\u017euj\u00fa straty energie a zvy\u0161uje sa \u00fa\u010dinnos\u0165.<\/li>\n<\/ul>\n<\/li>\n<\/ul>\n<p>Zvarov\u00e9 spoje s\u00fa pevn\u00e9 a tuh\u00e9, minimalizuj\u00fa priehyb a zabezpe\u010duj\u00fa, \u017ee valec si zachov\u00e1va svoj tvar a \u0161truktur\u00e1lnu integritu aj v extr\u00e9mnych podmienkach. V\u010faka tejto vlastnosti s\u00fa zvarov\u00e9 valce typu T ide\u00e1lne na pou\u017eitie v aplik\u00e1ci\u00e1ch vy\u017eaduj\u00facich vysok\u00fa \u00fa\u010dinnos\u0165 a spo\u013eahlivos\u0165.<\/p>\n<p><img loading=\"lazy\" decoding=\"async\" class=\"size-full wp-image-977 aligncenter\" src=\"https:\/\/fmp-components.com\/wp-content\/uploads\/2024\/12\/Welded-Tee-Type-Cylinder3.webp\" alt=\"Zv\u00e1ran\u00fd valec s T-kusom\" width=\"653\" height=\"600\" title=\"\" srcset=\"https:\/\/fmp-components.com\/wp-content\/uploads\/2024\/12\/Welded-Tee-Type-Cylinder3.webp 653w, https:\/\/fmp-components.com\/wp-content\/uploads\/2024\/12\/Welded-Tee-Type-Cylinder3-480x441.webp 480w\" sizes=\"(min-width: 0px) and (max-width: 480px) 480px, (min-width: 481px) 653px, 100vw\" \/><\/p>\n<h2>Pou\u017eitie zv\u00e1ran\u00e9ho valca typu T<\/h2>\n<h3>\u00davod<\/h3>\n<p>Zv\u00e1ran\u00fd valec typu T je typ hydraulick\u00e9ho valca, ktor\u00fd sa be\u017ene pou\u017e\u00edva v priemyseln\u00fdch aplik\u00e1ci\u00e1ch. Je navrhnut\u00fd tak, aby poskytoval vysok\u00fd v\u00fdkon v kompaktnom a cenovo dostupnom balen\u00ed. Tento typ valca pozost\u00e1va z zv\u00e1ran\u00e9ho T-kusu a piestnej ty\u010de, ktor\u00e1 je pripevnen\u00e1 k T-kusu. T-kus je pripojen\u00fd k valcu valca a obsahuje piest, ktor\u00fd sa pohybuje tam a sp\u00e4\u0165 vo vn\u00fatri valca a vytv\u00e1ra tak silu.<\/p>\n<h3>V\u00fdhody zv\u00e1ran\u00e9ho valca s T-kusom<\/h3>\n<p>Pou\u017eitie zv\u00e1ran\u00e9ho valca typu T v priemyseln\u00fdch aplik\u00e1ci\u00e1ch m\u00e1 nieko\u013eko v\u00fdhod:<\/p>\n<ul>\n<li><b>Kompaktn\u00fd dizajn:<\/b> Zv\u00e1ran\u00e9 valce s T-kusom s\u00fa navrhnut\u00e9 tak, aby boli kompaktn\u00e9, v\u010faka \u010domu s\u00fa ide\u00e1lne na pou\u017eitie v aplik\u00e1ci\u00e1ch s obmedzen\u00fdm priestorom.<\/li>\n<li><b>Vysok\u00e1 \u00fa\u010dinnos\u0165:<\/b> Zv\u00e1ran\u00e9 valce typu T s\u00fa vysoko \u00fa\u010dinn\u00e9, \u010do znamen\u00e1, \u017ee dok\u00e1\u017eu vygenerova\u0165 ve\u013ek\u00e9 mno\u017estvo sily s minim\u00e1lnym vstupom energie.<\/li>\n<li><b>Odoln\u00e9:<\/b> Zv\u00e1ran\u00e9 valce s T-kusom s\u00fa navrhnut\u00e9 tak, aby boli vysoko odoln\u00e9, \u010do znamen\u00e1, \u017ee vydr\u017eia n\u00e1ro\u010dn\u00e9 prev\u00e1dzkov\u00e9 podmienky a vydr\u017eia dlho.<\/li>\n<li><b>N\u00e1kladovo efekt\u00edvne:<\/b> Zv\u00e1ran\u00e9 valce typu T s\u00fa cenovo v\u00fdhodn\u00e9, \u010do znamen\u00e1, \u017ee poskytuj\u00fa dobr\u00fd pomer ceny a kvality.<\/li>\n<\/ul>\n<h3>Aplik\u00e1cie zv\u00e1ran\u00e9ho valca typu T<\/h3>\n<p>Zv\u00e1ran\u00e9 valce typu T maj\u00fa mnoho aplik\u00e1ci\u00ed v r\u00f4znych odvetviach, vr\u00e1tane:<\/p>\n<ul>\n<li><b>V\u00fdroba:<\/b> Zv\u00e1ran\u00e9 valce s T-kusom sa pou\u017e\u00edvaj\u00fa vo v\u00fdrobe na obsluhu strojov, premiest\u0148ovanie \u0165a\u017ek\u00fdch bremien a tvarovanie kovov\u00fdch dielov.<\/li>\n<li><b>Po\u013enohospod\u00e1rstvo:<\/b> Zv\u00e1ran\u00e9 valce s T-kusom sa pou\u017e\u00edvaj\u00fa v po\u013enohospod\u00e1rstve na ovl\u00e1danie hydraulick\u00fdch syst\u00e9mov traktorov, kombajnov a in\u00fdch po\u013enohospod\u00e1rskych strojov.<\/li>\n<li><b>Kon\u0161trukcia:<\/b> Zv\u00e1ran\u00e9 valce s T-kusom sa pou\u017e\u00edvaj\u00fa v stavebn\u00edctve na ovl\u00e1danie strojov, ako s\u00fa \u017eeriavy, bagre a r\u00fdpadl\u00e1-naklada\u010de.<\/li>\n<li><b>\u0164a\u017eba:<\/b> Zv\u00e1ran\u00e9 valce s T-kusom sa pou\u017e\u00edvaj\u00fa v ban\u00edctve na ovl\u00e1danie hydraulick\u00fdch syst\u00e9mov \u0165a\u017ek\u00fdch zariaden\u00ed, ako s\u00fa buldoz\u00e9ry, naklada\u010de a v\u0155ta\u010dky.<\/li>\n<li><b>Doprava:<\/b> Zv\u00e1ran\u00e9 valce s T-kusom sa pou\u017e\u00edvaj\u00fa v doprave na ovl\u00e1danie hydraulick\u00fdch syst\u00e9mov v n\u00e1kladn\u00fdch aut\u00e1ch, autobusoch a in\u00fdch vozidl\u00e1ch.<\/li>\n<\/ul>\n<p>Z\u00e1verom mo\u017eno poveda\u0165, \u017ee zv\u00e1ran\u00e9 valce typu T s\u00fa d\u00f4le\u017eitou s\u00fa\u010das\u0165ou mnoh\u00fdch priemyseln\u00fdch aplik\u00e1ci\u00ed. S\u00fa navrhnut\u00e9 tak, aby boli kompaktn\u00e9, efekt\u00edvne, odoln\u00e9 a n\u00e1kladovo efekt\u00edvne, v\u010faka \u010domu s\u00fa ide\u00e1lnou vo\u013ebou pre \u0161irok\u00fa \u0161k\u00e1lu aplik\u00e1ci\u00ed. \u010ci u\u017e obsluhujete stroje vo v\u00fdrobnom z\u00e1vode, po\u013enohospod\u00e1rske zariadenia na farme alebo \u0165a\u017ek\u00e9 zariadenia v bani, zv\u00e1ran\u00e9 valce typu T v\u00e1m m\u00f4\u017eu pom\u00f4c\u0165 vykon\u00e1va\u0165 pr\u00e1cu efekt\u00edvne a \u00fa\u010dinne.<\/p>\n<h3>O FMP<\/h3>\n<p>Spolo\u010dnos\u0165 FMP je popredn\u00fdm v\u00fdrobcom a dod\u00e1vate\u013eom hydraulick\u00fdch valcov, ktor\u00fd sa \u0161pecializuje na rie\u0161enia na mieru, aby splnil rozmanit\u00e9 potreby na\u0161ich z\u00e1kazn\u00edkov. S viac ako 30-ro\u010dn\u00fdmi sk\u00fasenos\u0165ami v tomto odvetv\u00ed a so s\u00eddlom v Taliansku si na\u0161a spolo\u010dnos\u0165 vybudovala siln\u00e9 postavenie na trhu. Sme hrd\u00ed na to, \u017ee poskytujeme vysoko kvalitn\u00e9 produkty a vynikaj\u00faci z\u00e1kazn\u00edcky servis.<\/p>\n<p><img decoding=\"async\" src=\"https:\/\/fmp-components.com\/wp-content\/uploads\/2024\/12\/fmp-factory-4.webp\" alt=\"Tov\u00e1re\u0148 na v\u00fdrobu FMP\" width=\"800\" title=\"\"><\/p>\n<h4>1) \u0160irok\u00fd sortiment vybavenia<\/h4>\n<p>V spolo\u010dnosti FMP vlastn\u00edme viac ako 100 najmodernej\u0161\u00edch zariaden\u00ed vr\u00e1tane automatick\u00fdch zv\u00e1ra\u010diek v ochrannej atmosf\u00e9re plynu, v\u0155ta\u010diek na hlbok\u00e9 otvory, CNC s\u00fastruhov, valcov\u00fdch br\u00fasok, automatick\u00fdch \u010distiacich strojov, automatick\u00fdch mont\u00e1\u017enych strojov, automatick\u00fdch sk\u00fa\u0161obn\u00fdch stol\u00edc na hydraulick\u00e9 valce a automatick\u00fdch lakovac\u00edch liniek. Tieto modern\u00e9 stroje n\u00e1m umo\u017e\u0148uj\u00fa zabezpe\u010di\u0165 presnos\u0165 a efekt\u00edvnos\u0165 v\u00fdrobn\u00e9ho procesu, \u010doho v\u00fdsledkom s\u00fa hydraulick\u00e9 valce najvy\u0161\u0161ej kvality.<\/p>\n<h4>2) Vynikaj\u00faca kontrola kvality<\/h4>\n<p>Ch\u00e1peme d\u00f4le\u017eitos\u0165 dod\u00e1vania spo\u013eahliv\u00fdch a odoln\u00fdch produktov na\u0161im z\u00e1kazn\u00edkom. Ka\u017ed\u00fd hydraulick\u00fd valec prech\u00e1dza pr\u00edsnymi postupmi spracovania a kontroly, aby sme zaru\u010dili jeho kvalitu. Od n\u00e1vrhu a\u017e po v\u00fdrobu n\u00e1\u0161 t\u00edm zabezpe\u010duje, aby ka\u017ed\u00fd aspekt v\u00fdrobn\u00e9ho procesu sp\u013a\u0148al najvy\u0161\u0161ie \u0161tandardy.<\/p>\n<h4>3) Komplexn\u00e9 dizajn\u00e9rske slu\u017eby<\/h4>\n<p>N\u00e1\u0161 sk\u00fasen\u00fd dizajn\u00e9rsky t\u00edm sa venuje poskytovaniu inovat\u00edvnych rie\u0161en\u00ed. \u010ci u\u017e potrebujete nov\u00e9 n\u00e1vrhy produktov alebo vylep\u0161enia existuj\u00facich, sme tu, aby sme v\u00e1m pomohli. Budeme s vami \u00fazko spolupracova\u0165, aby sme pochopili va\u0161e \u0161pecifick\u00e9 po\u017eiadavky a dodali v\u00e1m hydraulick\u00e9 valce na mieru prisp\u00f4soben\u00e9 va\u0161im potreb\u00e1m.<\/p>\n<h4>4) Efekt\u00edvny servis produktov<\/h4>\n<p>N\u00e1\u0161 produktov\u00fd servis zah\u0155\u0148a r\u00f4zne f\u00e1zy vr\u00e1tane v\u00fdberu surov\u00edn, rezania, hrub\u00e9ho spracovania, testovania, \u010distenia, mont\u00e1\u017ee, balenia a prepravy. Starostliv\u00fdm riaden\u00edm ka\u017ed\u00e9ho kroku zabezpe\u010dujeme, aby produkty, ktor\u00e9 dostanete, boli najvy\u0161\u0161ej kvality a dodan\u00e9 v\u010das.<\/p>\n<h4>5) Neust\u00e1ly v\u00fdskum a v\u00fdvoj<\/h4>\n<p>S v\u00fdvojom trhu sa akt\u00edvne zap\u00e1jame do v\u00fdskumu a v\u00fdvoja, aby sme zostali o krok pred trendmi v odvetv\u00ed. \u0160t\u00fadiom potrieb trhu a prij\u00edman\u00edm inov\u00e1ci\u00ed neust\u00e1le vyv\u00edjame nov\u00e9 modely, ktor\u00e9 sp\u013a\u0148aj\u00fa meniace sa po\u017eiadavky na\u0161ich z\u00e1kazn\u00edkov. Tento z\u00e1v\u00e4zok k v\u00fdskumu a v\u00fdvoju zabezpe\u010duje, \u017ee na\u0161e hydraulick\u00e9 valce zost\u00e1vaj\u00fa v popred\u00ed technologick\u00e9ho pokroku.<\/p>\n<p>Vyberte si FMP pre va\u0161e potreby hydraulick\u00fdch valcov a za\u017eite n\u00e1\u0161 z\u00e1v\u00e4zok ku kvalite, prisp\u00f4sobeniu a spokojnosti z\u00e1kazn\u00edkov. Kontaktujte n\u00e1s e\u0161te dnes, aby sme prediskutovali va\u0161e po\u017eiadavky a zistili, ako m\u00f4\u017eeme spolupracova\u0165 na splnen\u00ed va\u0161ich potrieb v oblasti hydraulick\u00fdch valcov.<\/p>\n<p>Autor: CX<\/p>","protected":false},"excerpt":{"rendered":"<p>Function and Importance The Double Acting Hydraulic Cylinder is an essential component of hydraulic systems, serving a critical role in the conversion of hydraulic energy into mechanical energy. This conversion is vital for the operation of various industrial machinery and mobile equipment, enabling them to perform a wide range of tasks with precision and power. [&hellip;]<\/p>","protected":false},"featured_media":1132,"comment_status":"closed","ping_status":"closed","template":"","meta":{"_et_pb_use_builder":"","_et_pb_old_content":"","_et_gb_content_width":""},"product_brand":[],"product_cat":[31],"product_tag":[34,35],"class_list":{"0":"post-933","1":"product","2":"type-product","3":"status-publish","4":"has-post-thumbnail","6":"product_cat-welded-tee-type-cylinder","7":"product_tag-hydraulic-cylinder","8":"product_tag-welded-tee-type-cylinder","10":"first","11":"instock","12":"product-type-simple"},"_links":{"self":[{"href":"https:\/\/fmp-components.com\/sk\/wp-json\/wp\/v2\/product\/933","targetHints":{"allow":["GET"]}}],"collection":[{"href":"https:\/\/fmp-components.com\/sk\/wp-json\/wp\/v2\/product"}],"about":[{"href":"https:\/\/fmp-components.com\/sk\/wp-json\/wp\/v2\/types\/product"}],"replies":[{"embeddable":true,"href":"https:\/\/fmp-components.com\/sk\/wp-json\/wp\/v2\/comments?post=933"}],"wp:featuredmedia":[{"embeddable":true,"href":"https:\/\/fmp-components.com\/sk\/wp-json\/wp\/v2\/media\/1132"}],"wp:attachment":[{"href":"https:\/\/fmp-components.com\/sk\/wp-json\/wp\/v2\/media?parent=933"}],"wp:term":[{"taxonomy":"product_brand","embeddable":true,"href":"https:\/\/fmp-components.com\/sk\/wp-json\/wp\/v2\/product_brand?post=933"},{"taxonomy":"product_cat","embeddable":true,"href":"https:\/\/fmp-components.com\/sk\/wp-json\/wp\/v2\/product_cat?post=933"},{"taxonomy":"product_tag","embeddable":true,"href":"https:\/\/fmp-components.com\/sk\/wp-json\/wp\/v2\/product_tag?post=933"}],"curies":[{"name":"pracovn\u00fd list","href":"https:\/\/api.w.org\/{rel}","templated":true}]}}