{"id":932,"date":"2024-12-19T03:39:00","date_gmt":"2024-12-19T03:39:00","guid":{"rendered":"https:\/\/fmp-components.com\/product\/10012-guaranteed-quality-trailer-hydraulic-ram-cylinder-double-acting-hydraulic-cylinder\/"},"modified":"2024-12-26T09:00:30","modified_gmt":"2024-12-26T09:00:30","slug":"10012-guaranteed-quality-trailer-hydraulic-ram-cylinder-double-acting-hydraulic-cylinder","status":"publish","type":"product","link":"https:\/\/fmp-components.com\/sk\/product\/10012-guaranteed-quality-trailer-hydraulic-ram-cylinder-double-acting-hydraulic-cylinder\/","title":{"rendered":"10012 Hydraulick\u00fd valec pr\u00edvesu so zaru\u010denou kvalitou Dvoj\u010dinn\u00fd hydraulick\u00fd valec"},"content":{"rendered":"<p>Vitajte v spolo\u010dnosti FMP, kde v\u00e1m pon\u00fakame dvoj\u010dinn\u00fd hydraulick\u00fd valec pre pr\u00edvesy s garantovanou kvalitou, \u0161pi\u010dkov\u00fd produkt, ktor\u00fd v\u00fdrazne zvy\u0161uje \u00fa\u010dinnos\u0165 va\u0161ich hydraulick\u00fdch syst\u00e9mov. Spolo\u010dnos\u0165 FMP, zalo\u017een\u00e1 v roku 2006, je priekopn\u00edkom v hydraulickom priemysle so s\u00eddlom v meste Italy City.<\/p>\n<p>Tento hydraulick\u00fd valec je neoddelite\u013enou s\u00fa\u010das\u0165ou hydraulick\u00fdch syst\u00e9mov a zohr\u00e1va k\u013e\u00fa\u010dov\u00fa \u00falohu pri premene energie kvapaliny na mechanick\u00fa energiu. Nie je to len valec, ale vysoko v\u00fdkonn\u00e1 strojov\u00e1 s\u00fa\u010diastka, ktor\u00e1 zvy\u0161uje celkov\u00fa funk\u010dnos\u0165 a \u00fa\u010dinnos\u0165 va\u0161ich syst\u00e9mov.<\/p>\n<p>Valec sa m\u00f4\u017ee pochv\u00e1li\u0165 p\u00f4sobiv\u00fdmi \u0161pecifik\u00e1ciami, ako je jeho ve\u013ekos\u0165, kapacita a nosnos\u0165, v\u010faka \u010domu je spo\u013eahlivou vo\u013ebou pre mno\u017estvo aplik\u00e1ci\u00ed. Je energeticky \u00fasporn\u00fd, vysoko \u00fa\u010dinn\u00fd a bezpe\u010dn\u00fd.<\/p>\n<p>Hydraulick\u00fd syst\u00e9m funguje na princ\u00edpe Pascalovho z\u00e1kona. Tlak vyv\u00edjan\u00fd v jednom bode je rovnomerne rozlo\u017een\u00fd v celej kvapaline, \u010do umo\u017e\u0148uje syst\u00e9mu vyv\u00edja\u0165 ve\u013ek\u00e9 mno\u017estvo sily s minim\u00e1lnym \u00fasil\u00edm. N\u00e1\u0161 dvoj\u010dinn\u00fd hydraulick\u00fd valec pre pr\u00edvesy so zaru\u010denou kvalitou vylep\u0161uje tento proces t\u00fdm, \u017ee poskytuje efekt\u00edvny a spo\u013eahliv\u00fd v\u00fdkon.<\/p>\n<p><img loading=\"lazy\" decoding=\"async\" class=\"alignnone size-full wp-image-976\" src=\"https:\/\/fmp-components.com\/wp-content\/uploads\/2024\/12\/Welded-Tee-Type-Cylinder2.webp\" alt=\"Zv\u00e1ran\u00fd valec s T-kusom\" width=\"764\" height=\"675\" title=\"\" srcset=\"https:\/\/fmp-components.com\/wp-content\/uploads\/2024\/12\/Welded-Tee-Type-Cylinder2.webp 764w, https:\/\/fmp-components.com\/wp-content\/uploads\/2024\/12\/Welded-Tee-Type-Cylinder2-480x424.webp 480w\" sizes=\"(min-width: 0px) and (max-width: 480px) 480px, (min-width: 481px) 764px, 100vw\" \/><\/p>\n<p>Od stavebn\u00fdch strojov a\u017e po priemyseln\u00e9 zariadenia, n\u00e1\u0161 hydraulick\u00fd valec nach\u00e1dza uplatnenie v \u0161irokej \u0161k\u00e1le prostred\u00ed. Je to perfektn\u00e1 vo\u013eba pre syst\u00e9my vy\u017eaduj\u00face vysok\u00fd v\u00fdkon a presn\u00e9 ovl\u00e1danie.<\/p>\n<p>FMP je popredn\u00fdm menom na trhu s hydraulick\u00fdmi valcami v Taliansku. S kon\u0161truk\u010dnou kapacitou 200 000 s\u00faprav a viac ako 300 s\u00faprav r\u00f4znych plne automatick\u00fdch CNC v\u00fdrobn\u00fdch zariaden\u00ed pon\u00fakame \u0161irok\u00fd sortiment produktov vr\u00e1tane hydraulick\u00fdch nakl\u00e1pac\u00edch valcov, hydraulick\u00fdch riadiacich valcov a hydraulick\u00fdch zdv\u00edhac\u00edch valcov.<\/p>\n<p>V spolo\u010dnosti FMP kladieme d\u00f4raz na kvalitu, cenov\u00fa dostupnos\u0165 a vynikaj\u00face slu\u017eby. Okrem n\u00e1\u0161ho hlavn\u00e9ho produktu dod\u00e1vame aj hydraulick\u00e9 valce pre plo\u0161iny, priemyseln\u00e9 vozidl\u00e1, valce pre rota\u010dn\u00e9 vrtn\u00e9 s\u00fapravy, hydraulick\u00e9 valce pre automobilov\u00e9 \u017eeriavy, stavebn\u00e9 stroje, vysokozdvi\u017en\u00e9 voz\u00edky, bansk\u00e9 skl\u00e1pa\u010de, hydraulick\u00e9 valce pre environment\u00e1lne sanita\u010dn\u00e9 stroje a \u010fal\u0161ie. V\u00edtame aj prisp\u00f4sobenie na z\u00e1klade \u0161pecifick\u00fdch potrieb z\u00e1kazn\u00edka.<\/p>\n<p>Ak sa chcete dozvedie\u0165 viac o na\u0161ich produktoch alebo ak m\u00e1te ak\u00e9ko\u013evek ot\u00e1zky, nav\u0161t\u00edvte na\u0161u VR tov\u00e1re\u0148 tu: <iframe loading=\"lazy\" id=\"FMP VR ????\" title=\"FMP VR ????\" src=\"https:\/\/v.holoworld.com.cn\/v\/virtualbuy.html?id=78a76263-47ab-485f-b978-0dafacfb4096\" width=\"800\" height=\"600\"><\/iframe><\/p>\n<h2>V\u00fdhody zv\u00e1ran\u00e9ho valca s T-kusom<\/h2>\n<ul>\n<li style=\"list-style-type: none;\">\n<ul>\n<li><strong>Zv\u00fd\u0161en\u00e1 pevnos\u0165:<\/strong> Zv\u00e1ran\u00e9 valce typu T s\u00fa zn\u00e1me svojou vysokou pevnos\u0165ou, v\u010faka \u010domu s\u00fa vhodn\u00e9 pre aplik\u00e1cie vy\u017eaduj\u00face zdv\u00edhanie \u0165a\u017ek\u00fdch bremien. Proces zv\u00e1rania pou\u017eit\u00fd pri v\u00fdrobe t\u00fdchto valcov zais\u0165uje, \u017ee valec nem\u00e1 slab\u00e9 miesta a odol\u00e1 vysok\u00e9mu tlaku a nam\u00e1haniu.<\/li>\n<\/ul>\n<\/li>\n<\/ul>\n<p>Ke\u010f sa na valec vyv\u00edja tlak, rovnomerne sa rozlo\u017e\u00ed po celom povrchu, v\u010faka \u010domu je odoln\u00fd vo\u010di deform\u00e1cii. T\u00e1to vlastnos\u0165 zais\u0165uje, \u017ee valec si zachov\u00e1 svoj tvar a \u0161truktur\u00e1lnu integritu aj v extr\u00e9mnych podmienkach.<\/p>\n<ul>\n<li style=\"list-style-type: none;\">\n<ul>\n<li><strong>Prevencia \u00faniku:<\/strong> Zv\u00e1ran\u00e9 valce typu T s\u00fa navrhnut\u00e9 tak, aby sa zabr\u00e1nilo \u00faniku. Proces zv\u00e1rania pou\u017eit\u00fd po\u010das v\u00fdrobn\u00e9ho procesu zais\u0165uje, \u017ee valec je \u00faplne utesnen\u00fd a bez ak\u00fdchko\u013evek mo\u017en\u00fdch \u00fanikov. V\u010faka tejto vlastnosti s\u00fa vhodn\u00e9 na pou\u017eitie v aplik\u00e1ci\u00e1ch, kde by \u00fanik mohol sp\u00f4sobi\u0165 v\u00e1\u017ene po\u0161kodenie alebo zranenie.<\/li>\n<\/ul>\n<\/li>\n<\/ul>\n<p>Zvarov\u00e9 spoje s\u00fa hladk\u00e9, bez ak\u00fdchko\u013evek \u0161trb\u00edn alebo dr\u00e1\u017eok, kde by sa mohli hromadi\u0165 ne\u010distoty alebo ne\u010distoty, \u010d\u00edm sa zni\u017euje riziko kor\u00f3zie a po\u0161kodenia valca.<\/p>\n<ul>\n<li style=\"list-style-type: none;\">\n<ul>\n<li><strong>Prisp\u00f4sobite\u013en\u00e9:<\/strong> Zv\u00e1ran\u00e9 valce s T-kusom je mo\u017en\u00e9 prisp\u00f4sobi\u0165 \u0161pecifick\u00fdm aplik\u00e1ci\u00e1m. Valce s\u00fa dostupn\u00e9 v r\u00f4znych ve\u013ekostiach a tvaroch a je mo\u017en\u00e9 ich vyrobi\u0165 tak, aby sp\u013a\u0148ali \u0161pecifick\u00e9 po\u017eiadavky aplik\u00e1cie.<\/li>\n<\/ul>\n<\/li>\n<\/ul>\n<p>Proces prisp\u00f4sobenia umo\u017e\u0148uje optimalizova\u0165 v\u00fdkon valca a zabezpe\u010di\u0165, aby bol vhodn\u00fd pre zam\u00fd\u0161\u013ean\u00e9 pou\u017eitie. T\u00e1to vlastnos\u0165 rob\u00ed zv\u00e1ran\u00e9 valce typu T ide\u00e1lne na pou\u017eitie v r\u00f4znych priemyseln\u00fdch aplik\u00e1ci\u00e1ch vr\u00e1tane stavebn\u00edctva, ban\u00edctva a manipul\u00e1cie s materi\u00e1lom.<\/p>\n<ul>\n<li style=\"list-style-type: none;\">\n<ul>\n<li><strong>Cenovo v\u00fdhodn\u00e9:<\/strong> Zv\u00e1ran\u00e9 valce typu T s\u00fa v porovnan\u00ed s in\u00fdmi typmi valcov n\u00e1kladovo efekt\u00edvne. V\u00fdrobn\u00fd proces pou\u017e\u00edvan\u00fd na v\u00fdrobu t\u00fdchto valcov je jednoduch\u00fd, v\u010faka \u010domu s\u00fa lacnej\u0161ie ako in\u00e9 typy valcov.<\/li>\n<\/ul>\n<\/li>\n<\/ul>\n<p>Vysok\u00e1 pevnos\u0165 a odolnos\u0165 zv\u00e1ran\u00fdch valcov typu T navy\u0161e zni\u017euje potrebu \u010dast\u00fdch opr\u00e1v a v\u00fdmen, \u010d\u00edm \u0161etr\u00ed n\u00e1klady na \u00fadr\u017ebu. T\u00e1to vlastnos\u0165 z nich rob\u00ed ob\u013e\u00faben\u00fa vo\u013ebu v mnoh\u00fdch odvetviach, najm\u00e4 v t\u00fdch s obmedzen\u00fdm rozpo\u010dtom.<\/p>\n<ul>\n<li style=\"list-style-type: none;\">\n<ul>\n<li><strong>Zv\u00fd\u0161en\u00e1 \u00fa\u010dinnos\u0165:<\/strong> Zv\u00e1ran\u00e9 valce typu T s\u00fa vysoko \u00fa\u010dinn\u00e9 a efekt\u00edvne. Kon\u0161trukcia valca zais\u0165uje, \u017ee aplikovan\u00e1 sila sa pren\u00e1\u0161a priamo na z\u00e1\u0165a\u017e, \u010d\u00edm sa zni\u017euj\u00fa straty energie a zvy\u0161uje sa \u00fa\u010dinnos\u0165.<\/li>\n<\/ul>\n<\/li>\n<\/ul>\n<p>Zvarov\u00e9 spoje s\u00fa pevn\u00e9 a tuh\u00e9, minimalizuj\u00fa priehyb a zabezpe\u010duj\u00fa, \u017ee valec si zachov\u00e1va svoj tvar a \u0161truktur\u00e1lnu integritu aj v extr\u00e9mnych podmienkach. V\u010faka tejto vlastnosti s\u00fa zvarov\u00e9 valce typu T ide\u00e1lne na pou\u017eitie v aplik\u00e1ci\u00e1ch vy\u017eaduj\u00facich vysok\u00fa \u00fa\u010dinnos\u0165 a spo\u013eahlivos\u0165.<\/p>\n<h2>Pou\u017eitie zv\u00e1ran\u00e9ho valca typu T<\/h2>\n<h3>\u00davod<\/h3>\n<p>Zv\u00e1ran\u00fd valec typu T je typ hydraulick\u00e9ho valca, ktor\u00fd sa be\u017ene pou\u017e\u00edva v priemyseln\u00fdch aplik\u00e1ci\u00e1ch. Je navrhnut\u00fd tak, aby poskytoval vysok\u00fd v\u00fdkon v kompaktnom a cenovo dostupnom balen\u00ed. Tento typ valca pozost\u00e1va z zv\u00e1ran\u00e9ho T-kusu a piestnej ty\u010de, ktor\u00e1 je pripevnen\u00e1 k T-kusu. T-kus je pripojen\u00fd k valcu valca a obsahuje piest, ktor\u00fd sa pohybuje tam a sp\u00e4\u0165 vo vn\u00fatri valca a vytv\u00e1ra tak silu.<\/p>\n<h3>V\u00fdhody zv\u00e1ran\u00e9ho valca s T-kusom<\/h3>\n<p>Pou\u017eitie zv\u00e1ran\u00e9ho valca typu T v priemyseln\u00fdch aplik\u00e1ci\u00e1ch m\u00e1 nieko\u013eko v\u00fdhod:<\/p>\n<ul>\n<li><b>Kompaktn\u00fd dizajn:<\/b> Zv\u00e1ran\u00e9 valce s T-kusom s\u00fa navrhnut\u00e9 tak, aby boli kompaktn\u00e9, v\u010faka \u010domu s\u00fa ide\u00e1lne na pou\u017eitie v aplik\u00e1ci\u00e1ch s obmedzen\u00fdm priestorom.<\/li>\n<li><b>Vysok\u00e1 \u00fa\u010dinnos\u0165:<\/b> Zv\u00e1ran\u00e9 valce typu T s\u00fa vysoko \u00fa\u010dinn\u00e9, \u010do znamen\u00e1, \u017ee dok\u00e1\u017eu vygenerova\u0165 ve\u013ek\u00e9 mno\u017estvo sily s minim\u00e1lnym vstupom energie.<\/li>\n<li><b>Odoln\u00e9:<\/b> Zv\u00e1ran\u00e9 valce s T-kusom s\u00fa navrhnut\u00e9 tak, aby boli vysoko odoln\u00e9, \u010do znamen\u00e1, \u017ee vydr\u017eia n\u00e1ro\u010dn\u00e9 prev\u00e1dzkov\u00e9 podmienky a vydr\u017eia dlho.<\/li>\n<li><b>N\u00e1kladovo efekt\u00edvne:<\/b> Zv\u00e1ran\u00e9 valce typu T s\u00fa cenovo v\u00fdhodn\u00e9, \u010do znamen\u00e1, \u017ee poskytuj\u00fa dobr\u00fd pomer ceny a kvality.<\/li>\n<\/ul>\n<h3>Aplik\u00e1cie zv\u00e1ran\u00e9ho valca typu T<\/h3>\n<p>Zv\u00e1ran\u00e9 valce typu T maj\u00fa mnoho aplik\u00e1ci\u00ed v r\u00f4znych odvetviach, vr\u00e1tane:<\/p>\n<ul>\n<li><b>V\u00fdroba:<\/b> Zv\u00e1ran\u00e9 valce s T-kusom sa pou\u017e\u00edvaj\u00fa vo v\u00fdrobe na obsluhu strojov, premiest\u0148ovanie \u0165a\u017ek\u00fdch bremien a tvarovanie kovov\u00fdch dielov.<\/li>\n<li><b>Po\u013enohospod\u00e1rstvo:<\/b> Zv\u00e1ran\u00e9 valce s T-kusom sa pou\u017e\u00edvaj\u00fa v po\u013enohospod\u00e1rstve na ovl\u00e1danie hydraulick\u00fdch syst\u00e9mov traktorov, kombajnov a in\u00fdch po\u013enohospod\u00e1rskych strojov.<\/li>\n<li><b>Kon\u0161trukcia:<\/b> Zv\u00e1ran\u00e9 valce s T-kusom sa pou\u017e\u00edvaj\u00fa v stavebn\u00edctve na ovl\u00e1danie strojov, ako s\u00fa \u017eeriavy, bagre a r\u00fdpadl\u00e1-naklada\u010de.<\/li>\n<li><b>\u0164a\u017eba:<\/b> Zv\u00e1ran\u00e9 valce s T-kusom sa pou\u017e\u00edvaj\u00fa v ban\u00edctve na ovl\u00e1danie hydraulick\u00fdch syst\u00e9mov \u0165a\u017ek\u00fdch zariaden\u00ed, ako s\u00fa buldoz\u00e9ry, naklada\u010de a v\u0155ta\u010dky.<\/li>\n<li><b>Doprava:<\/b> Zv\u00e1ran\u00e9 valce s T-kusom sa pou\u017e\u00edvaj\u00fa v doprave na ovl\u00e1danie hydraulick\u00fdch syst\u00e9mov v n\u00e1kladn\u00fdch aut\u00e1ch, autobusoch a in\u00fdch vozidl\u00e1ch.<\/li>\n<\/ul>\n<p>Z\u00e1verom mo\u017eno poveda\u0165, \u017ee zv\u00e1ran\u00e9 valce typu T s\u00fa d\u00f4le\u017eitou s\u00fa\u010das\u0165ou mnoh\u00fdch priemyseln\u00fdch aplik\u00e1ci\u00ed. S\u00fa navrhnut\u00e9 tak, aby boli kompaktn\u00e9, efekt\u00edvne, odoln\u00e9 a n\u00e1kladovo efekt\u00edvne, v\u010faka \u010domu s\u00fa ide\u00e1lnou vo\u013ebou pre \u0161irok\u00fa \u0161k\u00e1lu aplik\u00e1ci\u00ed. \u010ci u\u017e obsluhujete stroje vo v\u00fdrobnom z\u00e1vode, po\u013enohospod\u00e1rske zariadenia na farme alebo \u0165a\u017ek\u00e9 zariadenia v bani, zv\u00e1ran\u00e9 valce typu T v\u00e1m m\u00f4\u017eu pom\u00f4c\u0165 vykon\u00e1va\u0165 pr\u00e1cu efekt\u00edvne a \u00fa\u010dinne.<\/p>\n<h3>O FMP<\/h3>\n<p>Spolo\u010dnos\u0165 FMP, s viac ako 30-ro\u010dn\u00fdmi sk\u00fasenos\u0165ami v Taliansku, je popredn\u00fdm v\u00fdrobcom a dod\u00e1vate\u013eom hydraulick\u00fdch valcov. \u0160pecializujeme sa na v\u00fdrobu a \u00fapravu r\u00f4znych typov hydraulick\u00fdch valcov na mieru, aby sme splnili \u0161pecifick\u00e9 potreby na\u0161ich z\u00e1kazn\u00edkov. N\u00e1\u0161 z\u00e1v\u00e4zok ku kvalite a spokojnosti z\u00e1kazn\u00edkov z n\u00e1s urobil d\u00f4veryhodn\u00e9 meno v tomto odvetv\u00ed.<\/p>\n<p><img decoding=\"async\" src=\"https:\/\/fmp-components.com\/wp-content\/uploads\/2024\/12\/fmp-factory-4.webp\" alt=\"Tov\u00e1re\u0148 na v\u00fdrobu FMP\" width=\"800\" title=\"\"><\/p>\n<p>Tu je p\u00e4\u0165 d\u00f4vodov, pre\u010do by ste si mali vybra\u0165 FMP pre v\u0161etky va\u0161e po\u017eiadavky na hydraulick\u00e9 valce:<\/p>\n<ol>\n<li style=\"list-style-type: none;\">\n<ol>\n<li>\u0160irok\u00fd sortiment vybavenia<\/li>\n<\/ol>\n<\/li>\n<\/ol>\n<p>V\u010faka n\u00e1\u0161mu najmodernej\u0161iemu vybaveniu a viac ako 100 zariadeniam, vr\u00e1tane automatickej zv\u00e1ra\u010dky v ochrannej atmosf\u00e9re plynu, v\u0155ta\u010dky na hlbok\u00e9 otvory, CNC s\u00fastruhu, valcovej br\u00fasky, automatick\u00e9ho \u010distiaceho stroja, automatickej mont\u00e1\u017enej linky, automatickej sk\u00fa\u0161obnej stolice na hydraulick\u00e9 valce a automatickej lakovacej linky, sme schopn\u00ed vyr\u00e1ba\u0165 vysoko kvalitn\u00e9 hydraulick\u00e9 valce pre r\u00f4zne aplik\u00e1cie.<\/p>\n<ol>\n<li style=\"list-style-type: none;\">\n<ol>\n<li>Pr\u00edsna kontrola kvality<\/li>\n<\/ol>\n<\/li>\n<\/ol>\n<p>Ka\u017ed\u00fd hydraulick\u00fd valec prech\u00e1dza d\u00f4kladn\u00fdm spracovan\u00edm a kontrolou, aby sme zabezpe\u010dili vynikaj\u00facu kvalitu. V ka\u017edej f\u00e1ze v\u00fdroby sme zaviedli pr\u00edsne opatrenia na kontrolu kvality, aby sme splnili najvy\u0161\u0161ie priemyseln\u00e9 \u0161tandardy. N\u00e1\u0161 z\u00e1v\u00e4zok ku kvalite zaru\u010duje na\u0161im z\u00e1kazn\u00edkom spo\u013eahliv\u00fd v\u00fdkon a odolnos\u0165.<\/p>\n<ol>\n<li style=\"list-style-type: none;\">\n<ol>\n<li>Dizajn\u00e9rske slu\u017eby<\/li>\n<\/ol>\n<\/li>\n<\/ol>\n<p>N\u00e1\u0161 sk\u00fasen\u00fd dizajn\u00e9rsky t\u00edm v\u00e1m m\u00f4\u017ee pom\u00f4c\u0165 s n\u00e1vrhom a v\u00fdvojom produktov. \u010ci u\u017e potrebujete nov\u00fd produkt alebo vylep\u0161enia existuj\u00facich, sme tu, aby sme v\u00e1s podporili. M\u00e1me odborn\u00e9 znalosti, ktor\u00e9 v\u00e1m pom\u00f4\u017eu premeni\u0165 va\u0161e n\u00e1pady na inovat\u00edvne a efekt\u00edvne rie\u0161enia hydraulick\u00fdch valcov.<\/p>\n<ol>\n<li style=\"list-style-type: none;\">\n<ol>\n<li>Efekt\u00edvny v\u00fdrobn\u00fd proces<\/li>\n<\/ol>\n<\/li>\n<\/ol>\n<p>Od z\u00edskavania surov\u00edn a\u017e po balenie a prepravu, n\u00e1\u0161 zjednodu\u0161en\u00fd v\u00fdrobn\u00fd proces zabezpe\u010duje v\u010dasn\u00e9 dodanie produktov bez kompromisov v kvalite. V ka\u017edej f\u00e1ze dodr\u017eiavame pr\u00edsne opatrenia kontroly kvality, aby sme udr\u017eali konzistentnos\u0165 a efekt\u00edvnos\u0165 na\u0161ich v\u00fdrobn\u00fdch oper\u00e1ci\u00ed.<\/p>\n<ol>\n<li style=\"list-style-type: none;\">\n<ol>\n<li>Prebiehaj\u00faci v\u00fdskum a v\u00fdvoj<\/li>\n<\/ol>\n<\/li>\n<\/ol>\n<p>V spolo\u010dnosti FMP neust\u00e1le sledujeme najnov\u0161ie trendy a po\u017eiadavky trhu. N\u00e1\u0161 \u0161pecializovan\u00fd t\u00edm pre v\u00fdskum a v\u00fdvoj sk\u00fama nov\u00e9 technol\u00f3gie a n\u00e1vrhy s cie\u013eom vyv\u00edja\u0165 inovat\u00edvne modely hydraulick\u00fdch valcov. Tento z\u00e1v\u00e4zok k inov\u00e1ci\u00e1m n\u00e1m umo\u017e\u0148uje poskytova\u0165 na\u0161im z\u00e1kazn\u00edkom \u0161pi\u010dkov\u00e9 rie\u0161enia, ktor\u00e9 sp\u013a\u0148aj\u00fa meniace sa potreby trhu.<\/p>\n<p>V\u010faka n\u00e1\u0161mu komplexn\u00e9mu sortimentu hydraulick\u00fdch valcov, z\u00e1v\u00e4zku ku kvalite a pr\u00edstupu zameran\u00e9mu na z\u00e1kazn\u00edka je FMP va\u0161\u00edm d\u00f4veryhodn\u00fdm partnerom pre v\u0161etky va\u0161e potreby v oblasti hydraulick\u00fdch valcov. Kontaktujte n\u00e1s e\u0161te dnes, aby sme prediskutovali va\u0161e po\u017eiadavky a za\u017eili vynikaj\u00face v\u00fdsledky v oblasti produktov FMP.<\/p>\n<p>Autor: CX<\/p>","protected":false},"excerpt":{"rendered":"<p>Welcome to FMP, where we offer you the Guaranteed Quality Trailer Hydraulic Ram Cylinder Double Acting Hydraulic Cylinder, a top-tier product that remarkably enhances the efficiency of your hydraulic systems. Established in 2006, FMP has been a pioneer in the hydraulics industry with its headquarters in Italy City. This hydraulic cylinder is an integral component [&hellip;]<\/p>","protected":false},"featured_media":1132,"comment_status":"closed","ping_status":"closed","template":"","meta":{"_et_pb_use_builder":"","_et_pb_old_content":"","_et_gb_content_width":""},"product_brand":[],"product_cat":[31],"product_tag":[34,35],"class_list":{"0":"post-932","1":"product","2":"type-product","3":"status-publish","4":"has-post-thumbnail","6":"product_cat-welded-tee-type-cylinder","7":"product_tag-hydraulic-cylinder","8":"product_tag-welded-tee-type-cylinder","10":"first","11":"instock","12":"product-type-simple"},"_links":{"self":[{"href":"https:\/\/fmp-components.com\/sk\/wp-json\/wp\/v2\/product\/932","targetHints":{"allow":["GET"]}}],"collection":[{"href":"https:\/\/fmp-components.com\/sk\/wp-json\/wp\/v2\/product"}],"about":[{"href":"https:\/\/fmp-components.com\/sk\/wp-json\/wp\/v2\/types\/product"}],"replies":[{"embeddable":true,"href":"https:\/\/fmp-components.com\/sk\/wp-json\/wp\/v2\/comments?post=932"}],"wp:featuredmedia":[{"embeddable":true,"href":"https:\/\/fmp-components.com\/sk\/wp-json\/wp\/v2\/media\/1132"}],"wp:attachment":[{"href":"https:\/\/fmp-components.com\/sk\/wp-json\/wp\/v2\/media?parent=932"}],"wp:term":[{"taxonomy":"product_brand","embeddable":true,"href":"https:\/\/fmp-components.com\/sk\/wp-json\/wp\/v2\/product_brand?post=932"},{"taxonomy":"product_cat","embeddable":true,"href":"https:\/\/fmp-components.com\/sk\/wp-json\/wp\/v2\/product_cat?post=932"},{"taxonomy":"product_tag","embeddable":true,"href":"https:\/\/fmp-components.com\/sk\/wp-json\/wp\/v2\/product_tag?post=932"}],"curies":[{"name":"pracovn\u00fd list","href":"https:\/\/api.w.org\/{rel}","templated":true}]}}