{"id":931,"date":"2024-12-19T03:39:00","date_gmt":"2024-12-19T03:39:00","guid":{"rendered":"https:\/\/fmp-components.com\/product\/10011-excellent-quality-stainless-steel-hydraulic-cylinder-small-double-acting-hydraulic-cylinder-for-agriculture\/"},"modified":"2024-12-19T09:02:26","modified_gmt":"2024-12-19T09:02:26","slug":"10011-excellent-quality-stainless-steel-hydraulic-cylinder-small-double-acting-hydraulic-cylinder-for-agriculture","status":"publish","type":"product","link":"https:\/\/fmp-components.com\/sk\/product\/10011-excellent-quality-stainless-steel-hydraulic-cylinder-small-double-acting-hydraulic-cylinder-for-agriculture\/","title":{"rendered":"10011 Vynikaj\u00faci hydraulick\u00fd valec z nehrdzavej\u00facej ocele Mal\u00fd dvoj\u010dinn\u00fd hydraulick\u00fd valec pre po\u013enohospod\u00e1rstvo"},"content":{"rendered":"<p>Mal\u00fd dvoj\u010dinn\u00fd hydraulick\u00fd valec 10011 z nehrdzavej\u00facej ocele vynikaj\u00facej kvality je \u0161peci\u00e1lne navrhnut\u00fd tak, aby sp\u013a\u0148al pr\u00edsne po\u017eiadavky po\u013enohospod\u00e1rskych aplik\u00e1ci\u00ed. Tento hydraulick\u00fd valec, navrhnut\u00fd pre odolnos\u0165 a \u00fa\u010dinnos\u0165, je nevyhnutn\u00fdm n\u00e1strojom na zv\u00fd\u0161enie produktivity v po\u013enohospod\u00e1rskych oper\u00e1ci\u00e1ch.<\/p>\n<p><img loading=\"lazy\" decoding=\"async\" class=\"size-full wp-image-977 aligncenter\" src=\"https:\/\/fmp-components.com\/wp-content\/uploads\/2024\/12\/Welded-Tee-Type-Cylinder3.webp\" alt=\"Zv\u00e1ran\u00fd valec s T-kusom\" width=\"653\" height=\"600\" title=\"\" srcset=\"https:\/\/fmp-components.com\/wp-content\/uploads\/2024\/12\/Welded-Tee-Type-Cylinder3.webp 653w, https:\/\/fmp-components.com\/wp-content\/uploads\/2024\/12\/Welded-Tee-Type-Cylinder3-480x441.webp 480w\" sizes=\"(min-width: 0px) and (max-width: 480px) 480px, (min-width: 481px) 653px, 100vw\" \/><\/p>\n<h4>K\u013e\u00fa\u010dov\u00e9 vlastnosti:<\/h4>\n<ul>\n<li><strong>Dvoj\u010dinn\u00fd dizajn:<\/strong><br \/>\nTento hydraulick\u00fd valec pracuje v re\u017eime vys\u00favania aj zas\u00favania, \u010do poskytuje v\u0161estrann\u00fa funk\u010dnos\u0165. Dvoj\u010dinn\u00fd mechanizmus zais\u0165uje spo\u013eahliv\u00fd a kontrolovan\u00fd pohyb, v\u010faka \u010domu je ide\u00e1lny na \u00falohy, ako je zdv\u00edhanie, tla\u010denie a \u0165ahanie po\u013enohospod\u00e1rskych strojov.<\/li>\n<li><strong>Kon\u0161trukcia z nehrdzavej\u00facej ocele:<\/strong><br \/>\nTento hydraulick\u00fd valec je vyroben\u00fd z vysoko kvalitnej nehrdzavej\u00facej ocele a pon\u00faka v\u00fdnimo\u010dn\u00fa odolnos\u0165 vo\u010di kor\u00f3zii a opotrebovaniu. Jeho odoln\u00e1 kon\u0161trukcia zais\u0165uje dlh\u00fa \u017eivotnos\u0165 aj v n\u00e1ro\u010dn\u00fdch vonkaj\u0161\u00edch podmienkach, ktor\u00e9 sa be\u017ene vyskytuj\u00fa v po\u013enohospod\u00e1rstve.<\/li>\n<li><strong>Kompaktn\u00e1 ve\u013ekos\u0165:<\/strong><br \/>\nMal\u00e1 kon\u0161trukcia hydraulick\u00e9ho valca umo\u017e\u0148uje jednoduch\u00fa in\u0161tal\u00e1ciu v stiesnen\u00fdch priestoroch bez straty v\u00fdkonu. T\u00e1to kompaktnos\u0165 ho rob\u00ed ide\u00e1lnym na pou\u017eitie v r\u00f4znych po\u013enohospod\u00e1rskych strojoch vr\u00e1tane traktorov, kombajnov a in\u00fdch zariaden\u00ed.<\/li>\n<li><strong>Vysok\u00e1 nosnos\u0165:<\/strong><br \/>\nHydraulick\u00fd valec 10011, navrhnut\u00fd na zvl\u00e1dnutie zna\u010dn\u00e9ho za\u0165a\u017eenia, poskytuje siln\u00fa silu, ktor\u00e1 je nevyhnutn\u00e1 pre efekt\u00edvnu prev\u00e1dzku pri n\u00e1ro\u010dn\u00fdch po\u013enohospod\u00e1rskych \u00faloh\u00e1ch. Jeho vysok\u00e1 nosnos\u0165 ho rob\u00ed vhodn\u00fdm pre \u0161irok\u00fa \u0161k\u00e1lu aplik\u00e1ci\u00ed, od zdv\u00edhania \u0165a\u017ek\u00e9ho n\u00e1radia a\u017e po ovl\u00e1danie pr\u00edslu\u0161enstva.<\/li>\n<li><strong>V\u0161estrann\u00e9 aplik\u00e1cie:<\/strong><br \/>\nTento hydraulick\u00fd valec je vhodn\u00fd na r\u00f4zne po\u013enohospod\u00e1rske aplik\u00e1cie vr\u00e1tane obr\u00e1bania p\u00f4dy, sejby a zberu \u00farody. Jeho spo\u013eahlivos\u0165 a v\u00fdkon z neho robia cenn\u00fd doplnok pre ak\u00fako\u013evek po\u013enohospod\u00e1rsku \u010dinnos\u0165.<\/li>\n<\/ul>\n<h4>Technick\u00e9 \u0161pecifik\u00e1cie:<\/h4>\n<table style=\"width: 96.5357%; height: 232px;\">\n<thead>\n<tr>\n<th>\u0160pecifik\u00e1cia<\/th>\n<th>Popis<\/th>\n<\/tr>\n<\/thead>\n<tbody>\n<tr>\n<td><strong>Ve\u013ekos\u0165 otvoru<\/strong><\/td>\n<td>Prisp\u00f4sobite\u013en\u00e9<\/td>\n<\/tr>\n<tr>\n<td><strong>D\u013a\u017eka zdvihu<\/strong><\/td>\n<td>R\u00f4zne dostupn\u00e9 mo\u017enosti<\/td>\n<\/tr>\n<tr>\n<td><strong>Maxim\u00e1lny tlak<\/strong><\/td>\n<td>A\u017e 3000 PSI<\/td>\n<\/tr>\n<tr>\n<td><strong>Materi\u00e1l<\/strong><\/td>\n<td>Vysokokvalitn\u00e1 nehrdzavej\u00faca oce\u013e<\/td>\n<\/tr>\n<tr>\n<td><strong>Typ pripojenia<\/strong><\/td>\n<td>Pr\u00edrubov\u00e9 alebo z\u00e1vitov\u00e9<\/td>\n<\/tr>\n<\/tbody>\n<\/table>\n<h4>Princ\u00edp fungovania:<\/h4>\n<p>Mal\u00fd dvoj\u010dinn\u00fd hydraulick\u00fd valec 10011 funguje na princ\u00edpe tlaku hydraulickej kvapaliny. Ke\u010f sa hydraulick\u00e1 kvapalina \u010derp\u00e1 do valca, vyv\u00edja tlak na piest, \u010d\u00edm vytv\u00e1ra line\u00e1rnu silu v oboch smeroch. T\u00e1to dvojsmerov\u00e1 schopnos\u0165 umo\u017e\u0148uje plynul\u00fd a efekt\u00edvny chod, v\u010faka \u010domu je nevyhnutnou s\u00fa\u010das\u0165ou po\u013enohospod\u00e1rskych strojov.<\/p>\n<p>Stru\u010dne povedan\u00e9, mal\u00fd dvoj\u010dinn\u00fd hydraulick\u00fd valec 10011 z nehrdzavej\u00facej ocele vynikaj\u00facej kvality je robustn\u00e9 a efekt\u00edvne rie\u0161enie pre po\u013enohospod\u00e1rske aplik\u00e1cie. Jeho jedine\u010dn\u00e9 vlastnosti, vr\u00e1tane dvoj\u010dinnej kon\u0161trukcie, kon\u0161trukcie z nehrdzavej\u00facej ocele a vysokej nosnosti, z neho robia nepostr\u00e1date\u013en\u00fd n\u00e1stroj na zv\u00fd\u0161enie produktivity a spo\u013eahlivosti v po\u013enohospod\u00e1rskych prev\u00e1dzkach.<\/p>\n<p>&nbsp;<\/p>\n<p><img decoding=\"async\" src=\"https:\/\/hzpt.com\/wp-content\/uploads\/2023\/12\/random-2.webp\" alt=\"\" title=\"\"><\/p>\n<h3>V\u00fdhody n\u00e1\u0161ho hydraulick\u00e9ho valca<\/h3>\n<p>N\u00e1\u0161 hydraulick\u00fd valec poskytuje cel\u00fd rad jedine\u010dn\u00fdch v\u00fdhod, ktor\u00e9 s\u00fa navrhnut\u00e9 na optimaliz\u00e1ciu po\u013enohospod\u00e1rskych oper\u00e1ci\u00ed. Jednou z najv\u00fdznamnej\u0161\u00edch v\u00fdhod je <strong>energetick\u00e1 \u00fa\u010dinnos\u0165<\/strong>V\u010faka vyu\u017eitiu pokro\u010dil\u00e9ho in\u017einierstva a dizajnu minimalizuje n\u00e1\u0161 hydraulick\u00fd valec spotrebu energie a z\u00e1rove\u0148 zachov\u00e1va vysok\u00fa \u00farove\u0148 v\u00fdkonu. To vedie nielen k zn\u00ed\u017eeniu prev\u00e1dzkov\u00fdch n\u00e1kladov, ale tie\u017e podporuje iniciat\u00edvy udr\u017eate\u013enosti zn\u00ed\u017een\u00edm celkovej uhl\u00edkovej stopy va\u0161ich po\u013enohospod\u00e1rskych \u010dinnost\u00ed.<\/p>\n<p>Okrem energetickej \u00fa\u010dinnosti je n\u00e1\u0161 hydraulick\u00fd valec zn\u00e1my aj svojou <strong>vysok\u00fd v\u00fdkon<\/strong>Poskytuje siln\u00fa silu a presn\u00e9 ovl\u00e1danie, \u010do umo\u017e\u0148uje obsluhe vykon\u00e1va\u0165 \u00falohy s presnos\u0165ou a r\u00fdchlos\u0165ou. \u010ci u\u017e zdv\u00edha \u0165a\u017ek\u00e9 bremen\u00e1, nastavuje polohy zariaden\u00ed alebo vykon\u00e1va jemn\u00e9 pohyby, n\u00e1\u0161 hydraulick\u00fd valec zabezpe\u010duje, \u017ee po\u013enohospod\u00e1rske stroje pracuj\u00fa s maxim\u00e1lnou \u00fa\u010dinnos\u0165ou. Tento vylep\u0161en\u00fd v\u00fdkon sa premieta do zv\u00fd\u0161enej produktivity, ktor\u00e1 umo\u017e\u0148uje po\u013enohospod\u00e1rom dosiahnu\u0165 viac za krat\u0161\u00ed \u010das.<\/p>\n<p>Bezpe\u010dnos\u0165 je \u010fal\u0161ou k\u013e\u00fa\u010dovou v\u00fdhodou n\u00e1\u0161ho hydraulick\u00e9ho valca. Je navrhnut\u00fd s viacer\u00fdmi bezpe\u010dnostn\u00fdmi prvkami, ktor\u00e9 zais\u0165uj\u00fa bezpe\u010dn\u00fa prev\u00e1dzku aj v n\u00e1ro\u010dn\u00fdch podmienkach. Tieto funkcie pom\u00e1haj\u00fa predch\u00e1dza\u0165 nehod\u00e1m a poruch\u00e1m zariaden\u00ed, \u010d\u00edm zais\u0165uj\u00fa bezpe\u010dnos\u0165 obsluhy aj strojov. V\u010faka uprednost\u0148ovaniu bezpe\u010dnosti n\u00e1\u0161 hydraulick\u00fd valec podporuje spo\u013eahliv\u00e9 pracovn\u00e9 prostredie, ktor\u00e9 je v r\u00fdchlo sa meniacom svete po\u013enohospod\u00e1rstva nevyhnutn\u00e9.<\/p>\n<h3>Hydraulick\u00fd syst\u00e9m a princ\u00edp \u010dinnosti<\/h3>\n<p>N\u00e1\u0161 hydraulick\u00fd valec funguje na princ\u00edpe hydraulickej sily, ktor\u00e1 efekt\u00edvne vyu\u017e\u00edva hydraulick\u00fa kvapalinu na vykon\u00e1vanie mechanick\u00fdch \u00faloh v po\u013enohospod\u00e1rskom prostred\u00ed. Syst\u00e9m funguje tak, \u017ee pumpuje hydraulick\u00fa kvapalinu do valca, kde vyv\u00edja tlak na piest. Tento tlak generuje line\u00e1rnu silu, ktor\u00e1 umo\u017e\u0148uje valcu plynul\u00e9 vys\u00favanie a zas\u00favanie.<\/p>\n<p>Hydraulick\u00fd syst\u00e9m je navrhnut\u00fd tak, aby poskytoval konzistentn\u00fd a kontrolovan\u00fd pohyb, v\u010faka \u010domu je ide\u00e1lny pre r\u00f4zne po\u013enohospod\u00e1rske aplik\u00e1cie, ako je obr\u00e1banie p\u00f4dy, zdv\u00edhanie a premiest\u0148ovanie \u0165a\u017ek\u00e9ho n\u00e1radia. Schopnos\u0165 regulova\u0165 prietok a tlak hydraulickej kvapaliny umo\u017e\u0148uje obsluhe dosahova\u0165 presn\u00e9 pohyby, \u010d\u00edm sa zvy\u0161uje celkov\u00e1 \u00fa\u010dinnos\u0165 po\u013enohospod\u00e1rskych strojov.<\/p>\n<p>Okrem toho v\u0161estrannos\u0165 hydraulick\u00e9ho syst\u00e9mu umo\u017e\u0148uje jeho integr\u00e1ciu do r\u00f4znych typov zariaden\u00ed, od traktorov a\u017e po kombajny. T\u00e1to prisp\u00f4sobivos\u0165 znamen\u00e1, \u017ee n\u00e1\u0161 hydraulick\u00fd valec mo\u017eno pou\u017ei\u0165 pri r\u00f4znych po\u013enohospod\u00e1rskych \u00faloh\u00e1ch, \u010do po\u013enohospod\u00e1rom poskytuje spo\u013eahliv\u00fd n\u00e1stroj, ktor\u00fd zvy\u0161uje prev\u00e1dzkov\u00fa efektivitu.<\/p>\n<p>Stru\u010dne povedan\u00e9, v\u00fdhody n\u00e1\u0161ho hydraulick\u00e9ho valca vr\u00e1tane energetickej \u00fa\u010dinnosti, vysok\u00e9ho v\u00fdkonu a bezpe\u010dnosti v\u00fdznamne prispievaj\u00fa k produktivite a efekt\u00edvnosti po\u013enohospod\u00e1rskych oper\u00e1ci\u00ed. Jeho prev\u00e1dzka zalo\u017een\u00e1 na princ\u00edpoch fluidnej sily zabezpe\u010duje, \u017ee sp\u013a\u0148a n\u00e1ro\u010dn\u00e9 potreby modern\u00e9ho po\u013enohospod\u00e1rstva, v\u010faka \u010domu je nevyhnutnou s\u00fa\u010das\u0165ou dosahovania po\u013enohospod\u00e1rskeho \u00faspechu.<\/p>\n<p><img decoding=\"async\" src=\"https:\/\/hzpt.com\/wp-content\/uploads\/2023\/12\/random-3.webp\" alt=\"\" title=\"\"><\/p>\n<h2>V\u00fdhody zv\u00e1ran\u00e9ho valca s T-kusom<\/h2>\n<ul>\n<li style=\"list-style-type: none;\">\n<ul>\n<li><strong>Zv\u00fd\u0161en\u00e1 pevnos\u0165:<\/strong> Zv\u00e1ran\u00e9 valce typu T s\u00fa zn\u00e1me svojou vysokou pevnos\u0165ou, v\u010faka \u010domu s\u00fa vhodn\u00e9 pre aplik\u00e1cie vy\u017eaduj\u00face zdv\u00edhanie \u0165a\u017ek\u00fdch bremien. Proces zv\u00e1rania pou\u017eit\u00fd pri v\u00fdrobe t\u00fdchto valcov zais\u0165uje, \u017ee valec nem\u00e1 slab\u00e9 miesta a odol\u00e1 vysok\u00e9mu tlaku a nam\u00e1haniu.<\/li>\n<\/ul>\n<\/li>\n<\/ul>\n<p>Ke\u010f sa na valec vyv\u00edja tlak, rovnomerne sa rozlo\u017e\u00ed po celom povrchu, v\u010faka \u010domu je odoln\u00fd vo\u010di deform\u00e1cii. T\u00e1to vlastnos\u0165 zais\u0165uje, \u017ee valec si zachov\u00e1 svoj tvar a \u0161truktur\u00e1lnu integritu aj v extr\u00e9mnych podmienkach.<\/p>\n<ul>\n<li style=\"list-style-type: none;\">\n<ul>\n<li><strong>Prevencia \u00faniku:<\/strong> Zv\u00e1ran\u00e9 valce typu T s\u00fa navrhnut\u00e9 tak, aby sa zabr\u00e1nilo \u00faniku. Proces zv\u00e1rania pou\u017eit\u00fd po\u010das v\u00fdrobn\u00e9ho procesu zais\u0165uje, \u017ee valec je \u00faplne utesnen\u00fd a bez ak\u00fdchko\u013evek mo\u017en\u00fdch \u00fanikov. V\u010faka tejto vlastnosti s\u00fa vhodn\u00e9 na pou\u017eitie v aplik\u00e1ci\u00e1ch, kde by \u00fanik mohol sp\u00f4sobi\u0165 v\u00e1\u017ene po\u0161kodenie alebo zranenie.<\/li>\n<\/ul>\n<\/li>\n<\/ul>\n<p>Zvarov\u00e9 spoje s\u00fa hladk\u00e9, bez ak\u00fdchko\u013evek \u0161trb\u00edn alebo dr\u00e1\u017eok, kde by sa mohli hromadi\u0165 ne\u010distoty alebo ne\u010distoty, \u010d\u00edm sa zni\u017euje riziko kor\u00f3zie a po\u0161kodenia valca.<\/p>\n<ul>\n<li style=\"list-style-type: none;\">\n<ul>\n<li><strong>Prisp\u00f4sobite\u013en\u00e9:<\/strong> Zv\u00e1ran\u00e9 valce s T-kusom je mo\u017en\u00e9 prisp\u00f4sobi\u0165 \u0161pecifick\u00fdm aplik\u00e1ci\u00e1m. Valce s\u00fa dostupn\u00e9 v r\u00f4znych ve\u013ekostiach a tvaroch a je mo\u017en\u00e9 ich vyrobi\u0165 tak, aby sp\u013a\u0148ali \u0161pecifick\u00e9 po\u017eiadavky aplik\u00e1cie.<\/li>\n<\/ul>\n<\/li>\n<\/ul>\n<p>Proces prisp\u00f4sobenia umo\u017e\u0148uje optimalizova\u0165 v\u00fdkon valca a zabezpe\u010di\u0165, aby bol vhodn\u00fd pre zam\u00fd\u0161\u013ean\u00e9 pou\u017eitie. T\u00e1to vlastnos\u0165 rob\u00ed zv\u00e1ran\u00e9 valce typu T ide\u00e1lne na pou\u017eitie v r\u00f4znych priemyseln\u00fdch aplik\u00e1ci\u00e1ch vr\u00e1tane stavebn\u00edctva, ban\u00edctva a manipul\u00e1cie s materi\u00e1lom.<\/p>\n<ul>\n<li style=\"list-style-type: none;\">\n<ul>\n<li><strong>Cenovo v\u00fdhodn\u00e9:<\/strong> Zv\u00e1ran\u00e9 valce typu T s\u00fa v porovnan\u00ed s in\u00fdmi typmi valcov n\u00e1kladovo efekt\u00edvne. V\u00fdrobn\u00fd proces pou\u017e\u00edvan\u00fd na v\u00fdrobu t\u00fdchto valcov je jednoduch\u00fd, v\u010faka \u010domu s\u00fa lacnej\u0161ie ako in\u00e9 typy valcov.<\/li>\n<\/ul>\n<\/li>\n<\/ul>\n<p>Vysok\u00e1 pevnos\u0165 a odolnos\u0165 zv\u00e1ran\u00fdch valcov typu T navy\u0161e zni\u017euje potrebu \u010dast\u00fdch opr\u00e1v a v\u00fdmen, \u010d\u00edm \u0161etr\u00ed n\u00e1klady na \u00fadr\u017ebu. T\u00e1to vlastnos\u0165 z nich rob\u00ed ob\u013e\u00faben\u00fa vo\u013ebu v mnoh\u00fdch odvetviach, najm\u00e4 v t\u00fdch s obmedzen\u00fdm rozpo\u010dtom.<\/p>\n<ul>\n<li style=\"list-style-type: none;\">\n<ul>\n<li><strong>Zv\u00fd\u0161en\u00e1 \u00fa\u010dinnos\u0165:<\/strong> Zv\u00e1ran\u00e9 valce typu T s\u00fa vysoko \u00fa\u010dinn\u00e9 a efekt\u00edvne. Kon\u0161trukcia valca zais\u0165uje, \u017ee aplikovan\u00e1 sila sa pren\u00e1\u0161a priamo na z\u00e1\u0165a\u017e, \u010d\u00edm sa zni\u017euj\u00fa straty energie a zvy\u0161uje sa \u00fa\u010dinnos\u0165.<\/li>\n<\/ul>\n<\/li>\n<\/ul>\n<p>Zvarov\u00e9 spoje s\u00fa pevn\u00e9 a tuh\u00e9, minimalizuj\u00fa priehyb a zabezpe\u010duj\u00fa, \u017ee valec si zachov\u00e1va svoj tvar a \u0161truktur\u00e1lnu integritu aj v extr\u00e9mnych podmienkach. V\u010faka tejto vlastnosti s\u00fa zvarov\u00e9 valce typu T ide\u00e1lne na pou\u017eitie v aplik\u00e1ci\u00e1ch vy\u017eaduj\u00facich vysok\u00fa \u00fa\u010dinnos\u0165 a spo\u013eahlivos\u0165.<\/p>\n<h2>Pou\u017eitie zv\u00e1ran\u00e9ho valca typu T<\/h2>\n<h3>\u00davod<\/h3>\n<p>Zv\u00e1ran\u00fd valec typu T je typ hydraulick\u00e9ho valca, ktor\u00fd sa be\u017ene pou\u017e\u00edva v priemyseln\u00fdch aplik\u00e1ci\u00e1ch. Je navrhnut\u00fd tak, aby poskytoval vysok\u00fd v\u00fdkon v kompaktnom a cenovo dostupnom balen\u00ed. Tento typ valca pozost\u00e1va z zv\u00e1ran\u00e9ho T-kusu a piestnej ty\u010de, ktor\u00e1 je pripevnen\u00e1 k T-kusu. T-kus je pripojen\u00fd k valcu valca a obsahuje piest, ktor\u00fd sa pohybuje tam a sp\u00e4\u0165 vo vn\u00fatri valca a vytv\u00e1ra tak silu.<\/p>\n<h3>V\u00fdhody zv\u00e1ran\u00e9ho valca s T-kusom<\/h3>\n<p>Pou\u017eitie zv\u00e1ran\u00e9ho valca typu T v priemyseln\u00fdch aplik\u00e1ci\u00e1ch m\u00e1 nieko\u013eko v\u00fdhod:<\/p>\n<ul>\n<li><b>Kompaktn\u00fd dizajn:<\/b> Zv\u00e1ran\u00e9 valce s T-kusom s\u00fa navrhnut\u00e9 tak, aby boli kompaktn\u00e9, v\u010faka \u010domu s\u00fa ide\u00e1lne na pou\u017eitie v aplik\u00e1ci\u00e1ch s obmedzen\u00fdm priestorom.<\/li>\n<li><b>Vysok\u00e1 \u00fa\u010dinnos\u0165:<\/b> Zv\u00e1ran\u00e9 valce typu T s\u00fa vysoko \u00fa\u010dinn\u00e9, \u010do znamen\u00e1, \u017ee dok\u00e1\u017eu vygenerova\u0165 ve\u013ek\u00e9 mno\u017estvo sily s minim\u00e1lnym vstupom energie.<\/li>\n<li><b>Odoln\u00e9:<\/b> Zv\u00e1ran\u00e9 valce s T-kusom s\u00fa navrhnut\u00e9 tak, aby boli vysoko odoln\u00e9, \u010do znamen\u00e1, \u017ee vydr\u017eia n\u00e1ro\u010dn\u00e9 prev\u00e1dzkov\u00e9 podmienky a vydr\u017eia dlho.<\/li>\n<li><b>N\u00e1kladovo efekt\u00edvne:<\/b> Zv\u00e1ran\u00e9 valce typu T s\u00fa cenovo v\u00fdhodn\u00e9, \u010do znamen\u00e1, \u017ee poskytuj\u00fa dobr\u00fd pomer ceny a kvality.<img loading=\"lazy\" decoding=\"async\" class=\"size-full wp-image-974 aligncenter\" src=\"https:\/\/fmp-components.com\/wp-content\/uploads\/2024\/12\/application-of-Welded-Tee-Type-Cylinder.webp\" alt=\"aplik\u00e1cia zv\u00e1ran\u00e9ho valca s T-kusom\" width=\"760\" height=\"860\" title=\"\" srcset=\"https:\/\/fmp-components.com\/wp-content\/uploads\/2024\/12\/application-of-Welded-Tee-Type-Cylinder.webp 760w, https:\/\/fmp-components.com\/wp-content\/uploads\/2024\/12\/application-of-Welded-Tee-Type-Cylinder-480x543.webp 480w\" sizes=\"(min-width: 0px) and (max-width: 480px) 480px, (min-width: 481px) 760px, 100vw\" \/><\/li>\n<\/ul>\n<h3>Aplik\u00e1cie zv\u00e1ran\u00e9ho valca typu T<\/h3>\n<p>Zv\u00e1ran\u00e9 valce typu T maj\u00fa mnoho aplik\u00e1ci\u00ed v r\u00f4znych odvetviach, vr\u00e1tane:<\/p>\n<ul>\n<li><b>V\u00fdroba:<\/b> Zv\u00e1ran\u00e9 valce s T-kusom sa pou\u017e\u00edvaj\u00fa vo v\u00fdrobe na obsluhu strojov, premiest\u0148ovanie \u0165a\u017ek\u00fdch bremien a tvarovanie kovov\u00fdch dielov.<\/li>\n<li><b>Po\u013enohospod\u00e1rstvo:<\/b> Zv\u00e1ran\u00e9 valce s T-kusom sa pou\u017e\u00edvaj\u00fa v po\u013enohospod\u00e1rstve na ovl\u00e1danie hydraulick\u00fdch syst\u00e9mov traktorov, kombajnov a in\u00fdch po\u013enohospod\u00e1rskych strojov.<\/li>\n<li><b>Kon\u0161trukcia:<\/b> Zv\u00e1ran\u00e9 valce s T-kusom sa pou\u017e\u00edvaj\u00fa v stavebn\u00edctve na ovl\u00e1danie strojov, ako s\u00fa \u017eeriavy, bagre a r\u00fdpadl\u00e1-naklada\u010de.<\/li>\n<li><b>\u0164a\u017eba:<\/b> Zv\u00e1ran\u00e9 valce s T-kusom sa pou\u017e\u00edvaj\u00fa v ban\u00edctve na ovl\u00e1danie hydraulick\u00fdch syst\u00e9mov \u0165a\u017ek\u00fdch zariaden\u00ed, ako s\u00fa buldoz\u00e9ry, naklada\u010de a v\u0155ta\u010dky.<\/li>\n<li><b>Doprava:<\/b> Zv\u00e1ran\u00e9 valce s T-kusom sa pou\u017e\u00edvaj\u00fa v doprave na ovl\u00e1danie hydraulick\u00fdch syst\u00e9mov v n\u00e1kladn\u00fdch aut\u00e1ch, autobusoch a in\u00fdch vozidl\u00e1ch.<\/li>\n<\/ul>\n<p>Z\u00e1verom mo\u017eno poveda\u0165, \u017ee zv\u00e1ran\u00e9 valce typu T s\u00fa d\u00f4le\u017eitou s\u00fa\u010das\u0165ou mnoh\u00fdch priemyseln\u00fdch aplik\u00e1ci\u00ed. S\u00fa navrhnut\u00e9 tak, aby boli kompaktn\u00e9, efekt\u00edvne, odoln\u00e9 a n\u00e1kladovo efekt\u00edvne, v\u010faka \u010domu s\u00fa ide\u00e1lnou vo\u013ebou pre \u0161irok\u00fa \u0161k\u00e1lu aplik\u00e1ci\u00ed. \u010ci u\u017e obsluhujete stroje vo v\u00fdrobnom z\u00e1vode, po\u013enohospod\u00e1rske zariadenia na farme alebo \u0165a\u017ek\u00e9 zariadenia v bani, zv\u00e1ran\u00e9 valce typu T v\u00e1m m\u00f4\u017eu pom\u00f4c\u0165 vykon\u00e1va\u0165 pr\u00e1cu efekt\u00edvne a \u00fa\u010dinne.<\/p>\n<h3>O FMP<\/h3>\n<p>Spolo\u010dnos\u0165 FMP je popredn\u00fdm v\u00fdrobcom a dod\u00e1vate\u013eom hydraulick\u00fdch valcov s viac ako 30-ro\u010dn\u00fdmi sk\u00fasenos\u0165ami v tomto odvetv\u00ed. Na\u0161a priemyseln\u00e1 oblas\u0165 sa nach\u00e1dza v Taliansku a sme hrd\u00ed na na\u0161e najmodernej\u0161ie zariadenia vybaven\u00e9 viac ako 100 pokro\u010dil\u00fdmi strojmi. N\u00e1\u0161 \u0161irok\u00fd sortiment vybavenia zah\u0155\u0148a automatick\u00e9 zv\u00e1racie stroje v ochrannej atmosf\u00e9re plynu, stroje na hlbok\u00e9 v\u0155tanie, CNC s\u00fastruhy, valcov\u00e9 br\u00fasky, automatick\u00e9 \u010distiace stroje, automatick\u00e9 in\u0161tala\u010dn\u00e9 stroje, automatick\u00e9 sk\u00fa\u0161obn\u00e9 stolice na hydraulick\u00e9 valce a automatick\u00e9 lakovacie linky.<\/p>\n<p><img decoding=\"async\" src=\"https:\/\/fmp-components.com\/wp-content\/uploads\/2024\/12\/fmp-factory-4.webp\" alt=\"Tov\u00e1re\u0148 na v\u00fdrobu FMP\" width=\"800\" title=\"\"><\/p>\n<p>V spolo\u010dnosti FMP kladieme d\u00f4raz na kvalitu a zabezpe\u010dujeme, aby ka\u017ed\u00fd hydraulick\u00fd valec pre\u0161iel pr\u00edsnym spracovan\u00edm a kontrolou, aby sp\u013a\u0148al najvy\u0161\u0161ie \u0161tandardy. Pon\u00fakame komplexn\u00fd sortiment hydraulick\u00fdch valcov vr\u00e1tane hydraulick\u00fdch valcov s n\u00e1u\u0161nicami a obojsmern\u00fdch automatick\u00fdch teleskopick\u00fdch hydraulick\u00fdch valcov, ktor\u00e9 uspokoja r\u00f4zne potreby z\u00e1kazn\u00edkov.<\/p>\n<ol>\n<li><strong>Dizajn\u00e9rska slu\u017eba:<\/strong> N\u00e1\u0161 sk\u00fasen\u00fd dizajn\u00e9rsky t\u00edm je schopn\u00fd poskytn\u00fa\u0165 dizajn\u00e9rske a v\u00fdvojov\u00e9 rie\u0161enia pre produkty s univerz\u00e1lnymi hriade\u013emi. \u010ci u\u017e potrebujete nov\u00e9 dizajny produktov alebo vylep\u0161enia existuj\u00facich, sme tu, aby sme v\u00e1m pomohli.<\/li>\n<li><strong>Produktov\u00fd servis:<\/strong> N\u00e1\u0161 zjednodu\u0161en\u00fd v\u00fdrobn\u00fd proces zah\u0155\u0148a v\u00fdber surov\u00edn, rezanie, hrub\u00e9 spracovanie, testovanie, \u010distenie, mont\u00e1\u017e, balenie a prepravu. Zabezpe\u010dujeme, aby bol ka\u017ed\u00fd krok d\u00f4kladne vykonan\u00fd, aby sme dosiahli produkty najvy\u0161\u0161ej kvality.<\/li>\n<li><strong>Uk\u00e1\u017ekov\u00fd proces:<\/strong> Pon\u00fakame v\u00fdvoj vzoriek pod\u013ea va\u0161ich \u0161pecifick\u00fdch po\u017eiadaviek. Vzorky vieme priebe\u017ene upravova\u0165 tak, aby vyhovovali va\u0161im potreb\u00e1m, a t\u00fdm zabezpe\u010dova\u0165, aby kone\u010dn\u00fd produkt dokonale zodpovedal va\u0161im o\u010dak\u00e1vaniam.<\/li>\n<li><strong>V\u00fdskum a v\u00fdvoj:<\/strong> N\u00e1\u0161 \u0161pecializovan\u00fd t\u00edm pre v\u00fdskum a v\u00fdvoj akt\u00edvne \u0161tuduje trendy a po\u017eiadavky trhu. Ke\u010f sa objavia nov\u00e9 potreby trhu, promptne vyv\u00edjame a uv\u00e1dzame na trh nov\u00e9 modely, aby sme uspokojili neust\u00e1le sa meniaci automobilov\u00fd priemysel.<\/li>\n<li><strong>Prisp\u00f4sobenie:<\/strong> \u0160pecializujeme sa na v\u00fdrobu a predaj r\u00f4znych typov hydraulick\u00fdch valcov a radi prij\u00edmame po\u017eiadavky na prisp\u00f4sobenie. N\u00e1\u0161 t\u00edm sa zav\u00e4zuje poskytova\u0165 rie\u0161enia na mieru, ktor\u00e9 sp\u013a\u0148aj\u00fa va\u0161e jedine\u010dn\u00e9 po\u017eiadavky.<\/li>\n<\/ol>\n<p>V\u010faka n\u00e1\u0161mu z\u00e1v\u00e4zku k excelentnosti, pokro\u010dil\u00fdm v\u00fdrobn\u00fdm mo\u017enostiam a pr\u00edstupu orientovan\u00e9mu na z\u00e1kazn\u00edka je spolo\u010dnos\u0165 FMP ide\u00e1lnym partnerom pre v\u0161etky va\u0161e potreby v oblasti hydraulick\u00fdch valcov. Kontaktujte n\u00e1s e\u0161te dnes a preberte s nami, ako m\u00f4\u017eeme spolupracova\u0165 na dosiahnut\u00ed va\u0161ich cie\u013eov.<\/p>\n<p>Autor: CX<\/p>","protected":false},"excerpt":{"rendered":"<p>The 10011 Excellent Quality Stainless Steel Small Double Acting Hydraulic Cylinder is specifically designed to meet the rigorous demands of agricultural applications. Engineered for durability and efficiency, this hydraulic cylinder is an essential tool for enhancing productivity in farming operations. Key Features: Double Acting Design: This hydraulic cylinder operates in both extension and retraction, providing [&hellip;]<\/p>","protected":false},"featured_media":1133,"comment_status":"closed","ping_status":"closed","template":"","meta":{"_et_pb_use_builder":"","_et_pb_old_content":"","_et_gb_content_width":""},"product_brand":[],"product_cat":[31],"product_tag":[34,35],"class_list":{"0":"post-931","1":"product","2":"type-product","3":"status-publish","4":"has-post-thumbnail","6":"product_cat-welded-tee-type-cylinder","7":"product_tag-hydraulic-cylinder","8":"product_tag-welded-tee-type-cylinder","10":"first","11":"instock","12":"product-type-simple"},"_links":{"self":[{"href":"https:\/\/fmp-components.com\/sk\/wp-json\/wp\/v2\/product\/931","targetHints":{"allow":["GET"]}}],"collection":[{"href":"https:\/\/fmp-components.com\/sk\/wp-json\/wp\/v2\/product"}],"about":[{"href":"https:\/\/fmp-components.com\/sk\/wp-json\/wp\/v2\/types\/product"}],"replies":[{"embeddable":true,"href":"https:\/\/fmp-components.com\/sk\/wp-json\/wp\/v2\/comments?post=931"}],"wp:featuredmedia":[{"embeddable":true,"href":"https:\/\/fmp-components.com\/sk\/wp-json\/wp\/v2\/media\/1133"}],"wp:attachment":[{"href":"https:\/\/fmp-components.com\/sk\/wp-json\/wp\/v2\/media?parent=931"}],"wp:term":[{"taxonomy":"product_brand","embeddable":true,"href":"https:\/\/fmp-components.com\/sk\/wp-json\/wp\/v2\/product_brand?post=931"},{"taxonomy":"product_cat","embeddable":true,"href":"https:\/\/fmp-components.com\/sk\/wp-json\/wp\/v2\/product_cat?post=931"},{"taxonomy":"product_tag","embeddable":true,"href":"https:\/\/fmp-components.com\/sk\/wp-json\/wp\/v2\/product_tag?post=931"}],"curies":[{"name":"pracovn\u00fd list","href":"https:\/\/api.w.org\/{rel}","templated":true}]}}