{"id":929,"date":"2024-12-19T03:39:00","date_gmt":"2024-12-19T03:39:00","guid":{"rendered":"https:\/\/fmp-components.com\/product\/10009-customized-stainless-steel-hydraulic-cylinders-mini-hydraulic-cylinder\/"},"modified":"2024-12-19T08:59:13","modified_gmt":"2024-12-19T08:59:13","slug":"10009-customized-stainless-steel-hydraulic-cylinders-mini-hydraulic-cylinder","status":"publish","type":"product","link":"https:\/\/fmp-components.com\/sk\/product\/10009-customized-stainless-steel-hydraulic-cylinders-mini-hydraulic-cylinder\/","title":{"rendered":"10009 Prisp\u00f4soben\u00e9 hydraulick\u00e9 valce z nehrdzavej\u00facej ocele Mini hydraulick\u00fd valec"},"content":{"rendered":"<p>Mini hydraulick\u00fd valec 10009 z nehrdzavej\u00facej ocele na mieru je kompaktn\u00e9, ale v\u00fdkonn\u00e9 rie\u0161enie ur\u010den\u00e9 pre aplik\u00e1cie vy\u017eaduj\u00face presnos\u0165 a odolnos\u0165. Tento mini hydraulick\u00fd valec je vyroben\u00fd z vysoko kvalitnej nehrdzavej\u00facej ocele a je odoln\u00fd vo\u010di kor\u00f3zii a opotrebeniu, v\u010faka \u010domu je ide\u00e1lny na vn\u00fatorn\u00e9 aj vonkaj\u0161ie pou\u017eitie.<\/p>\n<p><img decoding=\"async\" src=\"https:\/\/hzpt.com\/wp-content\/uploads\/2023\/12\/random-2.webp\" alt=\"\" title=\"\"><\/p>\n<h4>K\u013e\u00fa\u010dov\u00e9 vlastnosti:<\/h4>\n<ul>\n<li><strong>Prisp\u00f4sobite\u013en\u00fd dizajn:<\/strong><br \/>\nMini hydraulick\u00fd valec 10009, prisp\u00f4soben\u00fd \u0161pecifick\u00fdm prev\u00e1dzkov\u00fdm po\u017eiadavk\u00e1m, sa d\u00e1 prisp\u00f4sobi\u0165 z h\u013eadiska d\u013a\u017eky zdvihu, ve\u013ekosti otvoru a typov pripojen\u00ed tak, aby vyhovoval r\u00f4znym aplik\u00e1ci\u00e1m.<\/li>\n<li><strong>Kompaktn\u00e1 ve\u013ekos\u0165:<\/strong><br \/>\nJeho mini dizajn umo\u017e\u0148uje jednoduch\u00fa in\u0161tal\u00e1ciu v stiesnen\u00fdch priestoroch, v\u010faka \u010domu je ide\u00e1lny pre stroje a syst\u00e9my s obmedzen\u00fdm priestorom bez kompromisov vo v\u00fdkone.<\/li>\n<li><strong>Kon\u0161trukcia z nehrdzavej\u00facej ocele:<\/strong><br \/>\nT\u00e1to f\u013ea\u0161a je vyroben\u00e1 z vysoko kvalitnej nehrdzavej\u00facej ocele a pon\u00faka v\u00fdnimo\u010dn\u00fa odolnos\u0165 vo\u010di kor\u00f3zii a drsn\u00fdm podmienkam prostredia, \u010do zaru\u010duje dlh\u00fa \u017eivotnos\u0165 a spo\u013eahlivos\u0165.<\/li>\n<li><strong>Vysok\u00fd v\u00fdkon:<\/strong><br \/>\nNapriek svojej malej ve\u013ekosti poskytuje hydraulick\u00fd valec p\u00f4sobiv\u00fa silu a \u00fa\u010dinnos\u0165, v\u010faka \u010domu je vhodn\u00fd pre r\u00f4zne aplik\u00e1cie vr\u00e1tane automatiz\u00e1cie, robotiky a manipul\u00e1cie s materi\u00e1lom.<\/li>\n<li><strong>V\u0161estrann\u00e9 aplik\u00e1cie:<\/strong><br \/>\nMini hydraulick\u00fd valec 10009 je ide\u00e1lny na pou\u017eitie v r\u00f4znych odvetviach vr\u00e1tane v\u00fdroby, automobilov\u00e9ho priemyslu a zdravotn\u00edckych zariaden\u00ed, kde s\u00fa presnos\u0165 a spo\u013eahlivos\u0165 prvorad\u00e9.<\/li>\n<\/ul>\n<h4>Technick\u00e9 \u0161pecifik\u00e1cie:<\/h4>\n<table style=\"width: 91.1077%; height: 188px;\">\n<thead>\n<tr>\n<th>\u0160pecifik\u00e1cia<\/th>\n<th>Popis<\/th>\n<\/tr>\n<\/thead>\n<tbody>\n<tr>\n<td><strong>Ve\u013ekos\u0165 otvoru<\/strong><\/td>\n<td>Prisp\u00f4sobite\u013en\u00e9<\/td>\n<\/tr>\n<tr>\n<td><strong>D\u013a\u017eka zdvihu<\/strong><\/td>\n<td>Prisp\u00f4sobite\u013en\u00e9<\/td>\n<\/tr>\n<tr>\n<td><strong>Maxim\u00e1lny tlak<\/strong><\/td>\n<td>A\u017e 3000 PSI<\/td>\n<\/tr>\n<tr>\n<td><strong>Materi\u00e1l<\/strong><\/td>\n<td>Vysokokvalitn\u00e1 nehrdzavej\u00faca oce\u013e<\/td>\n<\/tr>\n<tr>\n<td><strong>Typ pripojenia<\/strong><\/td>\n<td>Pr\u00edrubov\u00e9, z\u00e1vitov\u00e9 alebo na mieru<\/td>\n<\/tr>\n<\/tbody>\n<\/table>\n<h4><\/h4>\n<h4><img loading=\"lazy\" decoding=\"async\" class=\"size-full wp-image-977 aligncenter\" src=\"https:\/\/fmp-components.com\/wp-content\/uploads\/2024\/12\/Welded-Tee-Type-Cylinder3.webp\" alt=\"Zv\u00e1ran\u00fd valec s T-kusom\" width=\"653\" height=\"600\" title=\"\" srcset=\"https:\/\/fmp-components.com\/wp-content\/uploads\/2024\/12\/Welded-Tee-Type-Cylinder3.webp 653w, https:\/\/fmp-components.com\/wp-content\/uploads\/2024\/12\/Welded-Tee-Type-Cylinder3-480x441.webp 480w\" sizes=\"(min-width: 0px) and (max-width: 480px) 480px, (min-width: 481px) 653px, 100vw\" \/>Princ\u00edp fungovania:<\/h4>\n<p>Mini hydraulick\u00fd valec 10009 z nehrdzavej\u00facej ocele na mieru funguje na princ\u00edpe tlaku hydraulickej kvapaliny. Ke\u010f sa hydraulick\u00e1 kvapalina \u010derp\u00e1 do valca, vyv\u00edja tlak na piest, \u010d\u00edm vytv\u00e1ra line\u00e1rny pohyb. Tento mechanizmus umo\u017e\u0148uje presn\u00e9 ovl\u00e1danie a siln\u00fd pohyb, v\u010faka \u010domu je nevyhnutn\u00fd pre aplik\u00e1cie vy\u017eaduj\u00face presn\u00fd a spo\u013eahliv\u00fd v\u00fdkon.<\/p>\n<p>Stru\u010dne povedan\u00e9, mini hydraulick\u00fd valec 10009 z nehrdzavej\u00facej ocele na mieru je v\u0161estrann\u00e9 a efekt\u00edvne rie\u0161enie pre r\u00f4zne priemyseln\u00e9 potreby. Jeho prisp\u00f4sobite\u013en\u00e9 funkcie, odoln\u00e1 kon\u0161trukcia z nehrdzavej\u00facej ocele a vysok\u00fd v\u00fdkon z neho robia nepostr\u00e1date\u013en\u00fd komponent pre zv\u00fd\u0161enie produktivity a prev\u00e1dzkovej efekt\u00edvnosti v r\u00f4znych aplik\u00e1ci\u00e1ch.<\/p>\n<p><img decoding=\"async\" src=\"https:\/\/hzpt.com\/wp-content\/uploads\/2023\/12\/random-1.webp?v=1694163707\" alt=\"\" title=\"\"><\/p>\n<h3>Jedine\u010dn\u00e9 vlastnosti<\/h3>\n<ul>\n<li><strong>\u00daspora energie:<\/strong><br \/>\nHydraulick\u00fd valec je navrhnut\u00fd tak, aby po\u010das prev\u00e1dzky spotrebov\u00e1val minim\u00e1lnu energiu, \u010do sa v priebehu \u010dasu premieta do v\u00fdznamn\u00fdch \u00faspor n\u00e1kladov. Optimaliz\u00e1ciou spotreby energie tento produkt nielen\u017ee zni\u017euje \u00fa\u010dty za energiu, ale tie\u017e prispieva k \u00fasiliu o udr\u017eate\u013enos\u0165 minimaliz\u00e1ciou svojho vplyvu na \u017eivotn\u00e9 prostredie. T\u00e1to energeticky \u00fasporn\u00e1 kon\u0161trukcia z neho rob\u00ed ekonomick\u00fa vo\u013ebu pre podniky, ktor\u00e9 chc\u00fa zv\u00fd\u0161i\u0165 svoju prev\u00e1dzkov\u00fa efektivitu bez kompromisov vo v\u00fdkone.<\/li>\n<li><strong>Vysok\u00e1 \u00fa\u010dinnos\u0165:<\/strong><br \/>\nHydraulick\u00fd valec, navrhnut\u00fd pre maxim\u00e1lnu produktivitu, pracuje s mimoriadne vysokou \u00farov\u0148ou \u00fa\u010dinnosti. Jeho pokro\u010dil\u00e1 kon\u0161trukcia zabezpe\u010duje konzistentn\u00fd a spo\u013eahliv\u00fd v\u00fdkon, \u010do umo\u017e\u0148uje r\u00fdchlej\u0161ie cykly a lep\u0161\u00ed v\u00fdstup. T\u00e1to vysoko\u00fa\u010dinn\u00e1 prev\u00e1dzka je k\u013e\u00fa\u010dov\u00e1 v n\u00e1ro\u010dn\u00fdch priemyseln\u00fdch prostrediach, kde sa po\u010d\u00edta ka\u017ed\u00e1 sekunda, \u010do z nej rob\u00ed neocenite\u013en\u00fd pr\u00ednos pre zlep\u0161enie pracovn\u00e9ho postupu a dosiahnutie v\u00fdrobn\u00fdch cie\u013eov.<\/li>\n<li><strong>Bezpe\u010dnos\u0165:<\/strong><br \/>\nBezpe\u010dnos\u0165 je pri kon\u0161trukcii tohto hydraulick\u00e9ho valca prvorad\u00fdm krit\u00e9riom. Obsahuje viacero bezpe\u010dnostn\u00fdch prvkov vr\u00e1tane pretlakov\u00fdch ventilov, robustn\u00fdch tesnen\u00ed a bezpe\u010dnostn\u00fdch mechanizmov, ktor\u00e9 zais\u0165uj\u00fa bezpe\u010dn\u00fa prev\u00e1dzku za r\u00f4znych podmienok. Tieto bezpe\u010dnostn\u00e9 vylep\u0161enia chr\u00e1nia zariadenie aj obsluhu, \u010d\u00edm zni\u017euj\u00fa riziko neh\u00f4d a prestojov. V\u010faka uprednost\u0148ovaniu bezpe\u010dnosti tento produkt vzbudzuje d\u00f4veru v pou\u017e\u00edvate\u013eov a umo\u017e\u0148uje im obsluhova\u0165 stroje s pokojom na du\u0161i.<\/li>\n<\/ul>\n<h2>V\u00fdhody zv\u00e1ran\u00e9ho valca s T-kusom<\/h2>\n<ul>\n<li style=\"list-style-type: none;\">\n<ul>\n<li><strong>Zv\u00fd\u0161en\u00e1 pevnos\u0165:<\/strong> Zv\u00e1ran\u00e9 valce typu T s\u00fa zn\u00e1me svojou vysokou pevnos\u0165ou, v\u010faka \u010domu s\u00fa vhodn\u00e9 pre aplik\u00e1cie vy\u017eaduj\u00face zdv\u00edhanie \u0165a\u017ek\u00fdch bremien. Proces zv\u00e1rania pou\u017eit\u00fd pri v\u00fdrobe t\u00fdchto valcov zais\u0165uje, \u017ee valec nem\u00e1 slab\u00e9 miesta a odol\u00e1 vysok\u00e9mu tlaku a nam\u00e1haniu.<\/li>\n<\/ul>\n<\/li>\n<\/ul>\n<p>Ke\u010f sa na valec vyv\u00edja tlak, rovnomerne sa rozlo\u017e\u00ed po celom povrchu, v\u010faka \u010domu je odoln\u00fd vo\u010di deform\u00e1cii. T\u00e1to vlastnos\u0165 zais\u0165uje, \u017ee valec si zachov\u00e1 svoj tvar a \u0161truktur\u00e1lnu integritu aj v extr\u00e9mnych podmienkach.<\/p>\n<ul>\n<li style=\"list-style-type: none;\">\n<ul>\n<li><strong>Prevencia \u00faniku:<\/strong> Zv\u00e1ran\u00e9 valce typu T s\u00fa navrhnut\u00e9 tak, aby sa zabr\u00e1nilo \u00faniku. Proces zv\u00e1rania pou\u017eit\u00fd po\u010das v\u00fdrobn\u00e9ho procesu zais\u0165uje, \u017ee valec je \u00faplne utesnen\u00fd a bez ak\u00fdchko\u013evek mo\u017en\u00fdch \u00fanikov. V\u010faka tejto vlastnosti s\u00fa vhodn\u00e9 na pou\u017eitie v aplik\u00e1ci\u00e1ch, kde by \u00fanik mohol sp\u00f4sobi\u0165 v\u00e1\u017ene po\u0161kodenie alebo zranenie.<\/li>\n<\/ul>\n<\/li>\n<\/ul>\n<p>Zvarov\u00e9 spoje s\u00fa hladk\u00e9, bez ak\u00fdchko\u013evek \u0161trb\u00edn alebo dr\u00e1\u017eok, kde by sa mohli hromadi\u0165 ne\u010distoty alebo ne\u010distoty, \u010d\u00edm sa zni\u017euje riziko kor\u00f3zie a po\u0161kodenia valca.<\/p>\n<ul>\n<li style=\"list-style-type: none;\">\n<ul>\n<li><strong>Prisp\u00f4sobite\u013en\u00e9:<\/strong> Zv\u00e1ran\u00e9 valce s T-kusom je mo\u017en\u00e9 prisp\u00f4sobi\u0165 \u0161pecifick\u00fdm aplik\u00e1ci\u00e1m. Valce s\u00fa dostupn\u00e9 v r\u00f4znych ve\u013ekostiach a tvaroch a je mo\u017en\u00e9 ich vyrobi\u0165 tak, aby sp\u013a\u0148ali \u0161pecifick\u00e9 po\u017eiadavky aplik\u00e1cie.<\/li>\n<\/ul>\n<\/li>\n<\/ul>\n<p>Proces prisp\u00f4sobenia umo\u017e\u0148uje optimalizova\u0165 v\u00fdkon valca a zabezpe\u010di\u0165, aby bol vhodn\u00fd pre zam\u00fd\u0161\u013ean\u00e9 pou\u017eitie. T\u00e1to vlastnos\u0165 rob\u00ed zv\u00e1ran\u00e9 valce typu T ide\u00e1lne na pou\u017eitie v r\u00f4znych priemyseln\u00fdch aplik\u00e1ci\u00e1ch vr\u00e1tane stavebn\u00edctva, ban\u00edctva a manipul\u00e1cie s materi\u00e1lom.<\/p>\n<ul>\n<li style=\"list-style-type: none;\">\n<ul>\n<li><strong>Cenovo v\u00fdhodn\u00e9:<\/strong> Zv\u00e1ran\u00e9 valce typu T s\u00fa v porovnan\u00ed s in\u00fdmi typmi valcov n\u00e1kladovo efekt\u00edvne. V\u00fdrobn\u00fd proces pou\u017e\u00edvan\u00fd na v\u00fdrobu t\u00fdchto valcov je jednoduch\u00fd, v\u010faka \u010domu s\u00fa lacnej\u0161ie ako in\u00e9 typy valcov.<\/li>\n<\/ul>\n<\/li>\n<\/ul>\n<p>Vysok\u00e1 pevnos\u0165 a odolnos\u0165 zv\u00e1ran\u00fdch valcov typu T navy\u0161e zni\u017euje potrebu \u010dast\u00fdch opr\u00e1v a v\u00fdmen, \u010d\u00edm \u0161etr\u00ed n\u00e1klady na \u00fadr\u017ebu. T\u00e1to vlastnos\u0165 z nich rob\u00ed ob\u013e\u00faben\u00fa vo\u013ebu v mnoh\u00fdch odvetviach, najm\u00e4 v t\u00fdch s obmedzen\u00fdm rozpo\u010dtom.<\/p>\n<ul>\n<li style=\"list-style-type: none;\">\n<ul>\n<li><strong>Zv\u00fd\u0161en\u00e1 \u00fa\u010dinnos\u0165:<\/strong> Zv\u00e1ran\u00e9 valce typu T s\u00fa vysoko \u00fa\u010dinn\u00e9 a efekt\u00edvne. Kon\u0161trukcia valca zais\u0165uje, \u017ee aplikovan\u00e1 sila sa pren\u00e1\u0161a priamo na z\u00e1\u0165a\u017e, \u010d\u00edm sa zni\u017euj\u00fa straty energie a zvy\u0161uje sa \u00fa\u010dinnos\u0165.<\/li>\n<\/ul>\n<\/li>\n<\/ul>\n<p>Zvarov\u00e9 spoje s\u00fa pevn\u00e9 a tuh\u00e9, minimalizuj\u00fa priehyb a zabezpe\u010duj\u00fa, \u017ee valec si zachov\u00e1va svoj tvar a \u0161truktur\u00e1lnu integritu aj v extr\u00e9mnych podmienkach. V\u010faka tejto vlastnosti s\u00fa zvarov\u00e9 valce typu T ide\u00e1lne na pou\u017eitie v aplik\u00e1ci\u00e1ch vy\u017eaduj\u00facich vysok\u00fa \u00fa\u010dinnos\u0165 a spo\u013eahlivos\u0165.<\/p>\n<p><img loading=\"lazy\" decoding=\"async\" class=\"size-full wp-image-974 aligncenter\" src=\"https:\/\/fmp-components.com\/wp-content\/uploads\/2024\/12\/application-of-Welded-Tee-Type-Cylinder.webp\" alt=\"aplik\u00e1cia zv\u00e1ran\u00e9ho valca s T-kusom\" width=\"760\" height=\"860\" title=\"\" srcset=\"https:\/\/fmp-components.com\/wp-content\/uploads\/2024\/12\/application-of-Welded-Tee-Type-Cylinder.webp 760w, https:\/\/fmp-components.com\/wp-content\/uploads\/2024\/12\/application-of-Welded-Tee-Type-Cylinder-480x543.webp 480w\" sizes=\"(min-width: 0px) and (max-width: 480px) 480px, (min-width: 481px) 760px, 100vw\" \/><\/p>\n<h2>Pou\u017eitie zv\u00e1ran\u00e9ho valca typu T<\/h2>\n<ol>\n<li>\n<h3>Automobilov\u00fd priemysel<\/h3>\n<p>Zv\u00e1ran\u00e9 valce typu T sa \u0161iroko pou\u017e\u00edvaj\u00fa v automobilovom priemysle. Pou\u017e\u00edvaj\u00fa sa vo dver\u00e1ch automobilov, zdvih\u00e1koch kapoty a kufra, strech\u00e1ch kabrioletov a syst\u00e9moch posil\u0148ova\u010dov riadenia. Tieto valce s\u00fa uprednost\u0148ovan\u00e9 kv\u00f4li ich schopnosti poskytova\u0165 vysok\u00fd v\u00fdkon s n\u00edzkymi priestorov\u00fdmi n\u00e1rokmi. Kon\u0161trukcia valca typu T je vhodn\u00e1 pre aplik\u00e1cie, kde je potrebn\u00e9 pren\u00e1\u0161a\u0165 silu v dvoch r\u00f4znych smeroch.<\/p>\n<p>Zv\u00e1ran\u00e1 kon\u0161trukcia t\u00fdchto valcov im navy\u0161e umo\u017e\u0148uje pracova\u0165 pri vysok\u00fdch teplot\u00e1ch a tlakoch bez ak\u00fdchko\u013evek \u00fanikov. V\u010faka tomu s\u00fa vhodn\u00e9 na pou\u017eitie v motoroch, prevodovk\u00e1ch a brzdov\u00fdch syst\u00e9moch.<\/li>\n<li>\n<h3>V\u00fdrobn\u00fd priemysel<\/h3>\n<p>Zv\u00e1ran\u00e9 valce typu T sa pou\u017e\u00edvaj\u00fa aj vo v\u00fdrobnom priemysle. Pou\u017e\u00edvaj\u00fa sa v hydraulick\u00fdch lisoch, kovac\u00edch strojoch a obr\u00e1bac\u00edch strojoch na kov. V\u010faka vysokej sile s\u00fa tieto valce ide\u00e1lne pre aplik\u00e1cie, kde je potrebn\u00e1 ve\u013ek\u00e1 sila v malom priestore.<\/p>\n<p>Kon\u0161trukcia valca typu T je tie\u017e vhodn\u00e1 pre aplik\u00e1cie, kde je potrebn\u00e9 pren\u00e1\u0161a\u0165 silu v dvoch r\u00f4znych smeroch. Napr\u00edklad v hydraulickom lise sa valec typu T m\u00f4\u017ee pou\u017ei\u0165 na p\u00f4sobenie sily vertik\u00e1lne aj horizont\u00e1lne, \u010do umo\u017e\u0148uje zlo\u017eitej\u0161ie v\u00fdrobn\u00e9 procesy.<\/li>\n<li>\n<h3>Leteck\u00fd priemysel<\/h3>\n<p>Zv\u00e1ran\u00e9 valce s T-kusom sa pou\u017e\u00edvaj\u00fa v leteckom priemysle na r\u00f4zne \u00fa\u010dely. Pou\u017e\u00edvaj\u00fa sa v syst\u00e9moch podvozkov, n\u00e1kladn\u00fdch dver\u00e1ch a syst\u00e9moch riadenia letu. V\u010faka vysokej sile a kompaktnej kon\u0161trukcii s\u00fa tieto valce ide\u00e1lne na pou\u017eitie v obmedzenom priestore lietadla.<\/p>\n<p>Zv\u00e1ran\u00e1 kon\u0161trukcia t\u00fdchto valcov ich tie\u017e rob\u00ed odoln\u00fdmi vo\u010di vysok\u00fdm tlakom a teplot\u00e1m, ktor\u00fdm s\u00fa vystaven\u00e9 po\u010das letu. Okrem toho, kon\u0161trukcia valca v tvare T umo\u017e\u0148uje prenos sily v dvoch r\u00f4znych smeroch, v\u010faka \u010domu je vhodn\u00fd pre aplik\u00e1cie, kde je potrebn\u00e9 silu aplikova\u0165 pod uhlom.<\/li>\n<li>\n<h3>Stavebn\u00fd priemysel<\/h3>\n<p>Zv\u00e1ran\u00e9 valce typu T sa pou\u017e\u00edvaj\u00fa v stavebn\u00edctve na zdv\u00edhanie a premiest\u0148ovanie \u0165a\u017ek\u00fdch bremien. Pou\u017e\u00edvaj\u00fa sa v \u017eeriavoch, bagroch a r\u00fdpadl\u00e1ch-naklada\u010doch. V\u010faka vysokej sile a kompaktnej kon\u0161trukcii s\u00fa tieto valce ide\u00e1lne na pou\u017eitie v obmedzenom priestore na stavenisku.<\/p>\n<p>Kon\u0161trukcia valca v tvare T umo\u017e\u0148uje prenos sily v dvoch r\u00f4znych smeroch, v\u010faka \u010domu je vhodn\u00fd pre aplik\u00e1cie, kde je potrebn\u00e9 silu p\u00f4sobi\u0165 pod uhlom. Zv\u00e1ran\u00e1 kon\u0161trukcia t\u00fdchto valcov im navy\u0161e umo\u017e\u0148uje pracova\u0165 pri vysok\u00fdch tlakoch a teplot\u00e1ch bez ak\u00fdchko\u013evek \u00fanikov, v\u010faka \u010domu s\u00fa vhodn\u00e9 na pou\u017eitie v n\u00e1ro\u010dn\u00fdch vonkaj\u0161\u00edch podmienkach.<\/li>\n<\/ol>\n<h3>O FMP<\/h3>\n<p>Spolo\u010dnos\u0165 FMP je popredn\u00fdm v\u00fdrobcom a dod\u00e1vate\u013eom hydraulick\u00fdch valcov u\u017e viac ako 30 rokov. Na\u0161a priemyseln\u00e1 oblas\u0165 sa nach\u00e1dza v Taliansku a m\u00e1me viac ako 100 zariaden\u00ed vr\u00e1tane automatick\u00fdch zv\u00e1ra\u010diek v ochrannej atmosf\u00e9re plynu, vyv\u0155tava\u010diek hlbok\u00fdch otvorov, CNC s\u00fastruhov, valcov\u00fdch br\u00fasok, automatick\u00fdch \u010distiacich strojov, automatick\u00fdch in\u0161tala\u010dn\u00fdch strojov, automatick\u00fdch sk\u00fa\u0161obn\u00fdch stol\u00edc pre hydraulick\u00e9 valce, automatick\u00fdch lakovac\u00edch liniek a \u010fal\u0161\u00edch.<\/p>\n<p>Na\u0161e hydraulick\u00e9 valce s\u00fa navrhnut\u00e9 a vyroben\u00e9 s pr\u00edsnou kontrolou kvality, aby sme na\u0161im z\u00e1kazn\u00edkom zabezpe\u010dili len to najlep\u0161ie. Na\u0161e slu\u017eby zah\u0155\u0148aj\u00fa:<\/p>\n<ol>\n<li><strong>Dizajn\u00e9rska slu\u017eba:<\/strong> N\u00e1\u0161 sk\u00fasen\u00fd dizajn\u00e9rsky t\u00edm v\u00e1m m\u00f4\u017ee pom\u00f4c\u0165 s ak\u00fdmiko\u013evek potrebami t\u00fdkaj\u00facimi sa nov\u00fdch produktov alebo vylep\u0161en\u00ed, ktor\u00e9 by ste si mohli pria\u0165.<\/li>\n<li><strong>Produktov\u00fd servis:<\/strong> Zabezpe\u010dujeme kvalitu po\u010das cel\u00e9ho procesu v\u00fdberu surov\u00edn, rezania, hrub\u00e9ho spracovania, testovania, \u010distenia, mont\u00e1\u017ee, balenia a prepravy.<\/li>\n<li><strong>Uk\u00e1\u017ekov\u00fd proces:<\/strong> Vzorky vieme vyv\u00edja\u0165 a neust\u00e1le upravova\u0165 pod\u013ea va\u0161ich \u0161pecifick\u00fdch po\u017eiadaviek.<\/li>\n<li><strong>V\u00fdskum a v\u00fdvoj:<\/strong> \u0160tudujeme nov\u00e9 potreby trhu a pod\u013ea toho vyv\u00edjame nov\u00e9 modely.<\/li>\n<li><strong>Prisp\u00f4sobenie:<\/strong> Prij\u00edmame po\u017eiadavky na \u00fapravu v\u0161etk\u00fdch typov hydraulick\u00fdch valcov.<\/li>\n<\/ol>\n<p>N\u00e1\u0161 z\u00e1v\u00e4zok ku kvalite a spokojnosti z\u00e1kazn\u00edkov n\u00e1s odli\u0161uje od ostatn\u00fdch v\u00fdrobcov. Sna\u017e\u00edme sa poskytova\u0165 tie najlep\u0161ie produkty a slu\u017eby, ktor\u00e9 sp\u013a\u0148aj\u00fa va\u0161e potreby.<\/p>\n<p><img decoding=\"async\" src=\"https:\/\/fmp-components.com\/wp-content\/uploads\/2024\/12\/fmp-factory-4.webp\" alt=\"Tov\u00e1re\u0148 na v\u00fdrobu FMP\" width=\"800\" title=\"\"><br \/>\nAutor: CX<\/p>","protected":false},"excerpt":{"rendered":"<p>The 10009 Customized Stainless Steel Mini Hydraulic Cylinder is a compact yet powerful solution designed for applications requiring precision and durability. Crafted from high-quality stainless steel, this mini hydraulic cylinder is resistant to corrosion and wear, making it ideal for both indoor and outdoor use. Key Features: Customizable Design: Tailored to meet specific operational requirements, [&hellip;]<\/p>","protected":false},"featured_media":1132,"comment_status":"closed","ping_status":"closed","template":"","meta":{"_et_pb_use_builder":"","_et_pb_old_content":"","_et_gb_content_width":""},"product_brand":[],"product_cat":[31],"product_tag":[34,35],"class_list":{"0":"post-929","1":"product","2":"type-product","3":"status-publish","4":"has-post-thumbnail","6":"product_cat-welded-tee-type-cylinder","7":"product_tag-hydraulic-cylinder","8":"product_tag-welded-tee-type-cylinder","10":"first","11":"instock","12":"product-type-simple"},"_links":{"self":[{"href":"https:\/\/fmp-components.com\/sk\/wp-json\/wp\/v2\/product\/929","targetHints":{"allow":["GET"]}}],"collection":[{"href":"https:\/\/fmp-components.com\/sk\/wp-json\/wp\/v2\/product"}],"about":[{"href":"https:\/\/fmp-components.com\/sk\/wp-json\/wp\/v2\/types\/product"}],"replies":[{"embeddable":true,"href":"https:\/\/fmp-components.com\/sk\/wp-json\/wp\/v2\/comments?post=929"}],"wp:featuredmedia":[{"embeddable":true,"href":"https:\/\/fmp-components.com\/sk\/wp-json\/wp\/v2\/media\/1132"}],"wp:attachment":[{"href":"https:\/\/fmp-components.com\/sk\/wp-json\/wp\/v2\/media?parent=929"}],"wp:term":[{"taxonomy":"product_brand","embeddable":true,"href":"https:\/\/fmp-components.com\/sk\/wp-json\/wp\/v2\/product_brand?post=929"},{"taxonomy":"product_cat","embeddable":true,"href":"https:\/\/fmp-components.com\/sk\/wp-json\/wp\/v2\/product_cat?post=929"},{"taxonomy":"product_tag","embeddable":true,"href":"https:\/\/fmp-components.com\/sk\/wp-json\/wp\/v2\/product_tag?post=929"}],"curies":[{"name":"pracovn\u00fd list","href":"https:\/\/api.w.org\/{rel}","templated":true}]}}