{"id":927,"date":"2024-12-19T03:39:00","date_gmt":"2024-12-19T03:39:00","guid":{"rendered":"https:\/\/fmp-components.com\/product\/10007-high-quality-double-acting-hydraulic-ram-cylinder-for-sale\/"},"modified":"2024-12-19T09:01:14","modified_gmt":"2024-12-19T09:01:14","slug":"10007-high-quality-double-acting-hydraulic-ram-cylinder-for-sale","status":"publish","type":"product","link":"https:\/\/fmp-components.com\/sk\/product\/10007-high-quality-double-acting-hydraulic-ram-cylinder-for-sale\/","title":{"rendered":"10007 Vysokokvalitn\u00fd dvoj\u010dinn\u00fd hydraulick\u00fd valec na predaj"},"content":{"rendered":"<h3>Objavte silu hydraulick\u00e9ho valca<\/h3>\n<p>Za\u017eite vysoko\u00fa\u010dinn\u00fd v\u00fdkon s vysoko kvalitn\u00fdm dvoj\u010dinn\u00fdm hydraulick\u00fdm valcom FMP. Od svojho zalo\u017eenia v roku 2006 je spolo\u010dnos\u0165 FMP v popred\u00ed v poskytovan\u00ed \u0161pi\u010dkov\u00fdch hydraulick\u00fdch rie\u0161en\u00ed pre priemyseln\u00e9 odvetvia na celom svete a prin\u00e1\u0161a revol\u00faciu v sp\u00f4sobe, ak\u00fdm vyu\u017e\u00edvame hydraulick\u00fa energiu. S d\u00f4razom na inov\u00e1cie a kvalitu spolo\u010dnos\u0165 FMP navrhla hydraulick\u00fd valec tak, aby sp\u013a\u0148al n\u00e1ro\u010dn\u00e9 potreby modern\u00fdch aplik\u00e1ci\u00ed a zabezpe\u010doval, \u017ee podniky m\u00f4\u017eu pracova\u0165 s maxim\u00e1lnym v\u00fdkonom.<\/p>\n<p><img loading=\"lazy\" decoding=\"async\" class=\"size-full wp-image-976 aligncenter\" src=\"https:\/\/fmp-components.com\/wp-content\/uploads\/2024\/12\/Welded-Tee-Type-Cylinder2.webp\" alt=\"Zv\u00e1ran\u00fd valec s T-kusom\" width=\"764\" height=\"675\" title=\"\" srcset=\"https:\/\/fmp-components.com\/wp-content\/uploads\/2024\/12\/Welded-Tee-Type-Cylinder2.webp 764w, https:\/\/fmp-components.com\/wp-content\/uploads\/2024\/12\/Welded-Tee-Type-Cylinder2-480x424.webp 480w\" sizes=\"(min-width: 0px) and (max-width: 480px) 480px, (min-width: 481px) 764px, 100vw\" \/><\/p>\n<h3>Funkcie a \u0161pecifik\u00e1cie<\/h3>\n<h4>K\u013e\u00fa\u010dov\u00e9 vlastnosti produktu<\/h4>\n<ul>\n<li><strong>Energeticky \u00fasporn\u00e9:<\/strong><br \/>\nDvoj\u010dinn\u00fd hydraulick\u00fd valec je navrhnut\u00fd tak, aby maximalizoval energetick\u00fa \u00fa\u010dinnos\u0165, \u010do umo\u017e\u0148uje jeho efekt\u00edvnu prev\u00e1dzku a z\u00e1rove\u0148 minimalizuje spotrebu energie. T\u00e1to funkcia nielen zni\u017euje prev\u00e1dzkov\u00e9 n\u00e1klady, ale tie\u017e prispieva k environment\u00e1lnej udr\u017eate\u013enosti zn\u00ed\u017een\u00edm celkovej energetickej stopy hydraulick\u00fdch oper\u00e1ci\u00ed.<\/li>\n<li><strong>Vysok\u00e1 prev\u00e1dzkov\u00e1 \u00fa\u010dinnos\u0165:<\/strong><br \/>\nTento hydraulick\u00fd valec je navrhnut\u00fd pre optim\u00e1lny v\u00fdkon a poskytuje v\u00fdnimo\u010dn\u00fa prev\u00e1dzkov\u00fa \u00fa\u010dinnos\u0165. Jeho robustn\u00e1 kon\u0161trukcia a pokro\u010dil\u00e9 in\u017einierstvo mu umo\u017e\u0148uj\u00fa spo\u013eahlivo fungova\u0165 pri vysokom tlaku a \u0165a\u017ek\u00fdch za\u0165a\u017eeniach, v\u010faka \u010domu je ide\u00e1lny pre r\u00f4zne n\u00e1ro\u010dn\u00e9 priemyseln\u00e9 aplik\u00e1cie.<\/li>\n<li><strong>Bezpe\u010dn\u00e9 a spo\u013eahliv\u00e9:<\/strong><br \/>\nBezpe\u010dnos\u0165 je pri kon\u0161trukcii hydraulick\u00e9ho valca prvorad\u00fdm krit\u00e9riom. Tento valec je vyroben\u00fd z vysoko kvalitn\u00fdch materi\u00e1lov a obsahuje pokro\u010dil\u00e9 bezpe\u010dnostn\u00e9 prvky, tak\u017ee je odoln\u00fd vo\u010di \u00fanikom a poruch\u00e1m. T\u00e1to spo\u013eahlivos\u0165 zaru\u010duje, \u017ee oper\u00e1tori m\u00f4\u017eu pracova\u0165 s istotou s vedom\u00edm, \u017ee zariadenie je bezpe\u010dn\u00e9 a spo\u013eahliv\u00e9 aj v t\u00fdch najn\u00e1ro\u010dnej\u0161\u00edch prostrediach.<\/li>\n<\/ul>\n<h3>Princ\u00edp fungovania hydraulick\u00fdch syst\u00e9mov<\/h3>\n<p>Hydraulick\u00fd valec pracuje na z\u00e1kladnom princ\u00edpe tlaku kvapaliny. Ke\u010f sa hydraulick\u00e1 kvapalina zavedie do valca, vyv\u00edja tlak na piest vo vn\u00fatri. Tento tlak vytv\u00e1ra line\u00e1rnu silu, ktor\u00e1 umo\u017e\u0148uje piestu pohybova\u0165 sa v oboch smeroch, \u010do je nevyhnutn\u00e9 pre \u0161irok\u00fa \u0161k\u00e1lu aplik\u00e1ci\u00ed.<\/p>\n<p>Ke\u010f hydraulick\u00e1 kvapalina pr\u00fadi do valca, tla\u010d\u00ed na piest a vytv\u00e1ra potrebn\u00fa silu na zdv\u00edhanie alebo premiest\u0148ovanie \u0165a\u017ek\u00fdch bremien. Dvoj\u010dinn\u00e1 kon\u0161trukcia umo\u017e\u0148uje valcu vykon\u00e1va\u0165 pr\u00e1cu po\u010das f\u00e1zy vys\u00favania aj zas\u00favania, \u010d\u00edm sa maximalizuje \u00fa\u010dinnos\u0165 a v\u0161estrannos\u0165. Tento princ\u00edp fungovania rob\u00ed hydraulick\u00e9 syst\u00e9my tak v\u00fdkonn\u00fdmi a \u00fa\u010dinn\u00fdmi v r\u00f4znych priemyseln\u00fdch aplik\u00e1ci\u00e1ch, od stavebn\u00edctva a\u017e po v\u00fdrobu.<\/p>\n<p>Stru\u010dne povedan\u00e9, dvoj\u010dinn\u00fd hydraulick\u00fd valec FMP je stelesnen\u00edm \u00fa\u010dinnosti a spo\u013eahlivosti. V\u010faka svojim jedine\u010dn\u00fdm vlastnostiam, technick\u00fdm \u0161pecifik\u00e1ci\u00e1m a robustn\u00e9mu princ\u00edpu fungovania je nevyhnutn\u00fdm n\u00e1strojom pre podniky, ktor\u00e9 chc\u00fa zlep\u0161i\u0165 svoje hydraulick\u00e9 oper\u00e1cie a dosiahnu\u0165 vy\u0161\u0161iu produktivitu. Vysk\u00fa\u0161ajte silu hydraulickej technol\u00f3gie s FMP a transformujte sp\u00f4sob, ak\u00fdm vyu\u017e\u00edvate energiu vo svojich prev\u00e1dzkach.<\/p>\n<p><img decoding=\"async\" src=\"https:\/\/hzpt.com\/wp-content\/uploads\/2023\/12\/random-2.webp\" alt=\"\" title=\"\"><\/p>\n<h2>V\u00fdhody zv\u00e1ran\u00e9ho valca s T-kusom<\/h2>\n<ul>\n<li style=\"list-style-type: none;\">\n<ul>\n<li><strong>Zv\u00fd\u0161en\u00e1 pevnos\u0165:<\/strong> Zv\u00e1ran\u00e9 valce typu T s\u00fa zn\u00e1me svojou vysokou pevnos\u0165ou, v\u010faka \u010domu s\u00fa vhodn\u00e9 pre aplik\u00e1cie vy\u017eaduj\u00face zdv\u00edhanie \u0165a\u017ek\u00fdch bremien. Proces zv\u00e1rania pou\u017eit\u00fd pri v\u00fdrobe t\u00fdchto valcov zais\u0165uje, \u017ee valec nem\u00e1 slab\u00e9 miesta a odol\u00e1 vysok\u00e9mu tlaku a nam\u00e1haniu.<\/li>\n<\/ul>\n<\/li>\n<\/ul>\n<p>Ke\u010f sa na valec vyv\u00edja tlak, rovnomerne sa rozlo\u017e\u00ed po celom povrchu, v\u010faka \u010domu je odoln\u00fd vo\u010di deform\u00e1cii. T\u00e1to vlastnos\u0165 zais\u0165uje, \u017ee valec si zachov\u00e1 svoj tvar a \u0161truktur\u00e1lnu integritu aj v extr\u00e9mnych podmienkach.<\/p>\n<ul>\n<li style=\"list-style-type: none;\">\n<ul>\n<li><strong>Prevencia \u00faniku:<\/strong> Zv\u00e1ran\u00e9 valce typu T s\u00fa navrhnut\u00e9 tak, aby sa zabr\u00e1nilo \u00faniku. Proces zv\u00e1rania pou\u017eit\u00fd po\u010das v\u00fdrobn\u00e9ho procesu zais\u0165uje, \u017ee valec je \u00faplne utesnen\u00fd a bez ak\u00fdchko\u013evek mo\u017en\u00fdch \u00fanikov. V\u010faka tejto vlastnosti s\u00fa vhodn\u00e9 na pou\u017eitie v aplik\u00e1ci\u00e1ch, kde by \u00fanik mohol sp\u00f4sobi\u0165 v\u00e1\u017ene po\u0161kodenie alebo zranenie.<\/li>\n<\/ul>\n<\/li>\n<\/ul>\n<p>Zvarov\u00e9 spoje s\u00fa hladk\u00e9, bez ak\u00fdchko\u013evek \u0161trb\u00edn alebo dr\u00e1\u017eok, kde by sa mohli hromadi\u0165 ne\u010distoty alebo ne\u010distoty, \u010d\u00edm sa zni\u017euje riziko kor\u00f3zie a po\u0161kodenia valca.<\/p>\n<ul>\n<li style=\"list-style-type: none;\">\n<ul>\n<li><strong>Prisp\u00f4sobite\u013en\u00e9:<\/strong> Zv\u00e1ran\u00e9 valce s T-kusom je mo\u017en\u00e9 prisp\u00f4sobi\u0165 \u0161pecifick\u00fdm aplik\u00e1ci\u00e1m. Valce s\u00fa dostupn\u00e9 v r\u00f4znych ve\u013ekostiach a tvaroch a je mo\u017en\u00e9 ich vyrobi\u0165 tak, aby sp\u013a\u0148ali \u0161pecifick\u00e9 po\u017eiadavky aplik\u00e1cie.<\/li>\n<\/ul>\n<\/li>\n<\/ul>\n<p>Proces prisp\u00f4sobenia umo\u017e\u0148uje optimalizova\u0165 v\u00fdkon valca a zabezpe\u010di\u0165, aby bol vhodn\u00fd pre zam\u00fd\u0161\u013ean\u00e9 pou\u017eitie. T\u00e1to vlastnos\u0165 rob\u00ed zv\u00e1ran\u00e9 valce typu T ide\u00e1lne na pou\u017eitie v r\u00f4znych priemyseln\u00fdch aplik\u00e1ci\u00e1ch vr\u00e1tane stavebn\u00edctva, ban\u00edctva a manipul\u00e1cie s materi\u00e1lom.<\/p>\n<ul>\n<li style=\"list-style-type: none;\">\n<ul>\n<li><strong>Cenovo v\u00fdhodn\u00e9:<\/strong> Zv\u00e1ran\u00e9 valce typu T s\u00fa v porovnan\u00ed s in\u00fdmi typmi valcov n\u00e1kladovo efekt\u00edvne. V\u00fdrobn\u00fd proces pou\u017e\u00edvan\u00fd na v\u00fdrobu t\u00fdchto valcov je jednoduch\u00fd, v\u010faka \u010domu s\u00fa lacnej\u0161ie ako in\u00e9 typy valcov.<\/li>\n<\/ul>\n<\/li>\n<\/ul>\n<p>Vysok\u00e1 pevnos\u0165 a odolnos\u0165 zv\u00e1ran\u00fdch valcov typu T navy\u0161e zni\u017euje potrebu \u010dast\u00fdch opr\u00e1v a v\u00fdmen, \u010d\u00edm \u0161etr\u00ed n\u00e1klady na \u00fadr\u017ebu. T\u00e1to vlastnos\u0165 z nich rob\u00ed ob\u013e\u00faben\u00fa vo\u013ebu v mnoh\u00fdch odvetviach, najm\u00e4 v t\u00fdch s obmedzen\u00fdm rozpo\u010dtom.<\/p>\n<ul>\n<li style=\"list-style-type: none;\">\n<ul>\n<li><strong>Zv\u00fd\u0161en\u00e1 \u00fa\u010dinnos\u0165:<\/strong> Zv\u00e1ran\u00e9 valce typu T s\u00fa vysoko \u00fa\u010dinn\u00e9 a efekt\u00edvne. Kon\u0161trukcia valca zais\u0165uje, \u017ee aplikovan\u00e1 sila sa pren\u00e1\u0161a priamo na z\u00e1\u0165a\u017e, \u010d\u00edm sa zni\u017euj\u00fa straty energie a zvy\u0161uje sa \u00fa\u010dinnos\u0165.<\/li>\n<\/ul>\n<\/li>\n<\/ul>\n<p>Zvarov\u00e9 spoje s\u00fa pevn\u00e9 a tuh\u00e9, minimalizuj\u00fa priehyb a zabezpe\u010duj\u00fa, \u017ee valec si zachov\u00e1va svoj tvar a \u0161truktur\u00e1lnu integritu aj v extr\u00e9mnych podmienkach. V\u010faka tejto vlastnosti s\u00fa zvarov\u00e9 valce typu T ide\u00e1lne na pou\u017eitie v aplik\u00e1ci\u00e1ch vy\u017eaduj\u00facich vysok\u00fa \u00fa\u010dinnos\u0165 a spo\u013eahlivos\u0165.<\/p>\n<p><img decoding=\"async\" class=\"aligncenter\" src=\"https:\/\/hzpt.com\/wp-content\/uploads\/2023\/12\/random-4.webp\" alt=\"\" title=\"\"><\/p>\n<h2>Pou\u017eitie zv\u00e1ran\u00e9ho valca typu T<\/h2>\n<h3>\u00davod<\/h3>\n<p>Zv\u00e1ran\u00fd valec typu T je typ hydraulick\u00e9ho valca, ktor\u00fd sa be\u017ene pou\u017e\u00edva v priemyseln\u00fdch aplik\u00e1ci\u00e1ch. Je navrhnut\u00fd tak, aby poskytoval vysok\u00fd v\u00fdkon v kompaktnom a cenovo dostupnom balen\u00ed. Tento typ valca pozost\u00e1va z zv\u00e1ran\u00e9ho T-kusu a piestnej ty\u010de, ktor\u00e1 je pripevnen\u00e1 k T-kusu. T-kus je pripojen\u00fd k valcu valca a obsahuje piest, ktor\u00fd sa pohybuje tam a sp\u00e4\u0165 vo vn\u00fatri valca a vytv\u00e1ra tak silu.<\/p>\n<h3>V\u00fdhody zv\u00e1ran\u00e9ho valca s T-kusom<\/h3>\n<p>Pou\u017eitie zv\u00e1ran\u00e9ho valca typu T v priemyseln\u00fdch aplik\u00e1ci\u00e1ch m\u00e1 nieko\u013eko v\u00fdhod:<\/p>\n<ul>\n<li><b>Kompaktn\u00fd dizajn:<\/b> Zv\u00e1ran\u00e9 valce s T-kusom s\u00fa navrhnut\u00e9 tak, aby boli kompaktn\u00e9, v\u010faka \u010domu s\u00fa ide\u00e1lne na pou\u017eitie v aplik\u00e1ci\u00e1ch s obmedzen\u00fdm priestorom.<\/li>\n<li><b>Vysok\u00e1 \u00fa\u010dinnos\u0165:<\/b> Zv\u00e1ran\u00e9 valce typu T s\u00fa vysoko \u00fa\u010dinn\u00e9, \u010do znamen\u00e1, \u017ee dok\u00e1\u017eu vygenerova\u0165 ve\u013ek\u00e9 mno\u017estvo sily s minim\u00e1lnym vstupom energie.<\/li>\n<li><b>Odoln\u00e9:<\/b> Zv\u00e1ran\u00e9 valce s T-kusom s\u00fa navrhnut\u00e9 tak, aby boli vysoko odoln\u00e9, \u010do znamen\u00e1, \u017ee vydr\u017eia n\u00e1ro\u010dn\u00e9 prev\u00e1dzkov\u00e9 podmienky a vydr\u017eia dlho.<\/li>\n<li><b>N\u00e1kladovo efekt\u00edvne:<\/b> Zv\u00e1ran\u00e9 valce typu T s\u00fa cenovo v\u00fdhodn\u00e9, \u010do znamen\u00e1, \u017ee poskytuj\u00fa dobr\u00fd pomer ceny a kvality.<\/li>\n<\/ul>\n<p><img loading=\"lazy\" decoding=\"async\" class=\"size-full wp-image-977 aligncenter\" src=\"https:\/\/fmp-components.com\/wp-content\/uploads\/2024\/12\/Welded-Tee-Type-Cylinder3.webp\" alt=\"Zv\u00e1ran\u00fd valec s T-kusom\" width=\"653\" height=\"600\" title=\"\" srcset=\"https:\/\/fmp-components.com\/wp-content\/uploads\/2024\/12\/Welded-Tee-Type-Cylinder3.webp 653w, https:\/\/fmp-components.com\/wp-content\/uploads\/2024\/12\/Welded-Tee-Type-Cylinder3-480x441.webp 480w\" sizes=\"(min-width: 0px) and (max-width: 480px) 480px, (min-width: 481px) 653px, 100vw\" \/><\/p>\n<h3>Aplik\u00e1cie zv\u00e1ran\u00e9ho valca typu T<\/h3>\n<p>Zv\u00e1ran\u00e9 valce typu T maj\u00fa mnoho aplik\u00e1ci\u00ed v r\u00f4znych odvetviach, vr\u00e1tane:<\/p>\n<ul>\n<li><b>V\u00fdroba:<\/b> Zv\u00e1ran\u00e9 valce s T-kusom sa pou\u017e\u00edvaj\u00fa vo v\u00fdrobe na obsluhu strojov, premiest\u0148ovanie \u0165a\u017ek\u00fdch bremien a tvarovanie kovov\u00fdch dielov.<\/li>\n<li><b>Po\u013enohospod\u00e1rstvo:<\/b> Zv\u00e1ran\u00e9 valce s T-kusom sa pou\u017e\u00edvaj\u00fa v po\u013enohospod\u00e1rstve na ovl\u00e1danie hydraulick\u00fdch syst\u00e9mov traktorov, kombajnov a in\u00fdch po\u013enohospod\u00e1rskych strojov.<\/li>\n<li><b>Kon\u0161trukcia:<\/b> Zv\u00e1ran\u00e9 valce s T-kusom sa pou\u017e\u00edvaj\u00fa v stavebn\u00edctve na ovl\u00e1danie strojov, ako s\u00fa \u017eeriavy, bagre a r\u00fdpadl\u00e1-naklada\u010de.<\/li>\n<li><b>\u0164a\u017eba:<\/b> Zv\u00e1ran\u00e9 valce s T-kusom sa pou\u017e\u00edvaj\u00fa v ban\u00edctve na ovl\u00e1danie hydraulick\u00fdch syst\u00e9mov \u0165a\u017ek\u00fdch zariaden\u00ed, ako s\u00fa buldoz\u00e9ry, naklada\u010de a v\u0155ta\u010dky.<\/li>\n<li><b>Doprava:<\/b> Zv\u00e1ran\u00e9 valce s T-kusom sa pou\u017e\u00edvaj\u00fa v doprave na ovl\u00e1danie hydraulick\u00fdch syst\u00e9mov v n\u00e1kladn\u00fdch aut\u00e1ch, autobusoch a in\u00fdch vozidl\u00e1ch.<\/li>\n<\/ul>\n<p>Z\u00e1verom mo\u017eno poveda\u0165, \u017ee zv\u00e1ran\u00e9 valce typu T s\u00fa d\u00f4le\u017eitou s\u00fa\u010das\u0165ou mnoh\u00fdch priemyseln\u00fdch aplik\u00e1ci\u00ed. S\u00fa navrhnut\u00e9 tak, aby boli kompaktn\u00e9, efekt\u00edvne, odoln\u00e9 a n\u00e1kladovo efekt\u00edvne, v\u010faka \u010domu s\u00fa ide\u00e1lnou vo\u013ebou pre \u0161irok\u00fa \u0161k\u00e1lu aplik\u00e1ci\u00ed. \u010ci u\u017e obsluhujete stroje vo v\u00fdrobnom z\u00e1vode, po\u013enohospod\u00e1rske zariadenia na farme alebo \u0165a\u017ek\u00e9 zariadenia v bani, zv\u00e1ran\u00e9 valce typu T v\u00e1m m\u00f4\u017eu pom\u00f4c\u0165 vykon\u00e1va\u0165 pr\u00e1cu efekt\u00edvne a \u00fa\u010dinne.<\/p>\n<h3>O FMP<\/h3>\n<p>Spolo\u010dnos\u0165 FMP, s viac ako 30-ro\u010dn\u00fdmi sk\u00fasenos\u0165ami, je renomovan\u00fdm v\u00fdrobcom a dod\u00e1vate\u013eom r\u00f4znych typov hydraulick\u00fdch valcov. Na\u0161a priemyseln\u00e1 oblas\u0165 sa nach\u00e1dza v Taliansku a sme hrd\u00ed na to, \u017ee prev\u00e1dzkujeme viac ako 100 najmodernej\u0161\u00edch zariaden\u00ed. N\u00e1\u0161 rozsiahly sortiment strojov zah\u0155\u0148a automatick\u00e9 zv\u00e1racie stroje v ochrannej atmosf\u00e9re plynu, v\u0155ta\u010dky na hlbok\u00e9 otvory, CNC s\u00fastruhy, valcov\u00e9 br\u00fasky, automatick\u00e9 \u010distiace stroje, automatick\u00e9 in\u0161tala\u010dn\u00e9 stroje, automatick\u00e9 sk\u00fa\u0161obn\u00e9 stolice na hydraulick\u00e9 valce, automatick\u00e9 lakovacie linky a \u010fal\u0161ie.<\/p>\n<p><img decoding=\"async\" src=\"https:\/\/fmp-components.com\/wp-content\/uploads\/2024\/12\/fmp-factory-4.webp\" alt=\"Tov\u00e1re\u0148 na v\u00fdrobu FMP\" width=\"800\" title=\"\"><\/p>\n<p>Pokia\u013e ide o hydraulick\u00e9 valce, spolo\u010dnos\u0165 FMP zaru\u010duje najvy\u0161\u0161iu kvalitu a spo\u013eahlivos\u0165. Ka\u017ed\u00fd hydraulick\u00fd valec prech\u00e1dza d\u00f4kladn\u00fdm spracovan\u00edm a kontrolou, aby sme na\u0161im v\u00e1\u017een\u00fdm z\u00e1kazn\u00edkom zaru\u010dili v\u00fdnimo\u010dn\u00fd v\u00fdkon. Sme hrd\u00ed na to, \u017ee pon\u00fakame nasleduj\u00face v\u00fdhody:<\/p>\n<ol>\n<li><strong>Dizajn\u00e9rska slu\u017eba:<\/strong> N\u00e1\u0161 sk\u00fasen\u00fd dizajn\u00e9rsky t\u00edm vynik\u00e1 v oblasti n\u00e1vrhu a v\u00fdvoja univerz\u00e1lnych hriade\u013eov. Ak m\u00e1te ak\u00e9ko\u013evek \u0161pecifick\u00e9 po\u017eiadavky na nov\u00e9 produkty alebo h\u013ead\u00e1te \u010fal\u0161ie vylep\u0161enia, sme tu, aby sme v\u00e1m pomohli.<\/li>\n<li><strong>Produktov\u00fd servis:<\/strong> N\u00e1\u0161 komplexn\u00fd produktov\u00fd servis zah\u0155\u0148a zjednodu\u0161en\u00fd proces od surov\u00edn a\u017e po prepravu. Zabezpe\u010dujeme prec\u00edzne kroky, ako je rezanie, hrub\u00e9 spracovanie, testovanie, \u010distenie, mont\u00e1\u017e, balenie a preprava, aby sme v\u00e1m dodali \u0161pi\u010dkov\u00e9 hydraulick\u00e9 valce.<\/li>\n<li><strong>Uk\u00e1\u017ekov\u00fd proces:<\/strong> V spolo\u010dnosti FMP ch\u00e1peme d\u00f4le\u017eitos\u0165 prisp\u00f4soben\u00fdch vzoriek. Sme schopn\u00ed vyv\u00edja\u0165 vzorky na z\u00e1klade va\u0161ich po\u017eiadaviek a priebe\u017ene ich upravova\u0165 tak, aby sp\u013a\u0148ali va\u0161e \u0161pecifick\u00e9 potreby.<\/li>\n<li><strong>V\u00fdskum a v\u00fdvoj:<\/strong> Ako progres\u00edvna spolo\u010dnos\u0165 neust\u00e1le sk\u00famame vyv\u00edjaj\u00face sa potreby trhu, najm\u00e4 ke\u010f sa uv\u00e1dzaj\u00fa na trh nov\u00e9 vozidl\u00e1. To n\u00e1m umo\u017e\u0148uje vyv\u00edja\u0165 nov\u00e9 modely a zosta\u0165 na \u010dele odvetvia.<\/li>\n<li><strong>Prisp\u00f4sobenie:<\/strong> \u0160pecializujeme sa na v\u00fdrobu a predaj r\u00f4znych typov hydraulick\u00fdch valcov a v\u00edtame prisp\u00f4sobenie. \u010ci u\u017e po\u017eadujete \u0161pecifick\u00e9 rozmery, funkcie alebo in\u00e9 \u0161pecifik\u00e1cie, n\u00e1\u0161 t\u00edm je odhodlan\u00fd splni\u0165 va\u0161e jedine\u010dn\u00e9 po\u017eiadavky.<\/li>\n<\/ol>\n<p>S FMP sa m\u00f4\u017eete spo\u013eahn\u00fa\u0165, \u017ee na\u0161e produkty s\u00fa vyroben\u00e9 s prec\u00edznos\u0165ou a prech\u00e1dzaj\u00fa pr\u00edsnymi opatreniami kontroly kvality. Poz\u00fdvame v\u00e1s, aby ste s nami spolupracovali pre v\u0161etky va\u0161e potreby v oblasti hydraulick\u00fdch valcov. Kontaktujte n\u00e1s e\u0161te dnes a presk\u00famajte mo\u017enosti.<\/p>\n<p><img loading=\"lazy\" decoding=\"async\" class=\"size-full wp-image-974 aligncenter\" src=\"https:\/\/fmp-components.com\/wp-content\/uploads\/2024\/12\/application-of-Welded-Tee-Type-Cylinder.webp\" alt=\"aplik\u00e1cia zv\u00e1ran\u00e9ho valca s T-kusom\" width=\"760\" height=\"860\" title=\"\" srcset=\"https:\/\/fmp-components.com\/wp-content\/uploads\/2024\/12\/application-of-Welded-Tee-Type-Cylinder.webp 760w, https:\/\/fmp-components.com\/wp-content\/uploads\/2024\/12\/application-of-Welded-Tee-Type-Cylinder-480x543.webp 480w\" sizes=\"(min-width: 0px) and (max-width: 480px) 480px, (min-width: 481px) 760px, 100vw\" \/><\/p>\n<h2>\u010casto kladen\u00e9 ot\u00e1zky<\/h2>\n<p><b>Ot\u00e1zka 1:<\/b> \u010co je hydraulick\u00fd valec?<\/p>\n<p><b>A1:<\/b> Hydraulick\u00fd valec je vysoko\u00fa\u010dinn\u00e9 hydraulick\u00e9 rie\u0161enie, ktor\u00e9 vyu\u017e\u00edva na prev\u00e1dzku silu tlaku kvapaliny.<\/p>\n<p><b>Ot\u00e1zka 2:<\/b> Ak\u00e9 s\u00fa k\u013e\u00fa\u010dov\u00e9 vlastnosti hydraulick\u00e9ho valca?<\/p>\n<p><b>A2:<\/b> Hydraulick\u00fd valec je energeticky \u00fasporn\u00fd, vysoko prev\u00e1dzkov\u00fd, bezpe\u010dn\u00fd a spo\u013eahliv\u00fd.<\/p>\n<p><b>Ot\u00e1zka 3:<\/b> Ak\u00e9 s\u00fa niektor\u00e9 aplik\u00e1cie hydraulick\u00e9ho valca?<\/p>\n<p><b>A3:<\/b> Hydraulick\u00fd valec sa \u0161iroko pou\u017e\u00edva v\u2026<\/p>\n<p><b>4. ot\u00e1zka:<\/b> Pre\u010do by som si mal vybra\u0165 hydraulick\u00fd valec FMP?<\/p>\n<p><b>A4:<\/b> Hydraulick\u00fd valec FMP je vynikaj\u00facej kvality a pon\u00faka vysok\u00fd v\u00fdkon, spo\u013eahlivos\u0165 a energetick\u00fa \u00fa\u010dinnos\u0165.<\/p>\n<p><b>Ot\u00e1zka 5:<\/b> Ak\u00e9 \u010fal\u0161ie produkty pon\u00faka FMP?<\/p>\n<p><b>A5:<\/b> Okrem hydraulick\u00fdch valcov pon\u00faka spolo\u010dnos\u0165 FMP cel\u00fd rad \u010fal\u0161\u00edch hydraulick\u00fdch rie\u0161en\u00ed pre r\u00f4zne odvetvia a aplik\u00e1cie, vr\u00e1tane hydraulick\u00fdch valcov pre vysokozdvi\u017en\u00e9 voz\u00edky, valcov pre bansk\u00e9 skl\u00e1pa\u010de a hydraulick\u00fdch valcov pre sanit\u00e1rne stroje.<\/p>\n<p>Autor: CX<\/p>","protected":false},"excerpt":{"rendered":"<p>Discover the Power of the Hydraulic Ram Cylinder Experience high-efficiency power with FMP&#8217;s superior quality Double Acting Hydraulic Ram Cylinder. Since its establishment in 2006, FMP has been at the forefront of providing top-of-the-line hydraulic solutions to industries around the world, revolutionizing the way we harness and utilize hydraulic power. With a commitment to innovation [&hellip;]<\/p>","protected":false},"featured_media":1132,"comment_status":"closed","ping_status":"closed","template":"","meta":{"_et_pb_use_builder":"","_et_pb_old_content":"","_et_gb_content_width":""},"product_brand":[],"product_cat":[31],"product_tag":[34,35],"class_list":{"0":"post-927","1":"product","2":"type-product","3":"status-publish","4":"has-post-thumbnail","6":"product_cat-welded-tee-type-cylinder","7":"product_tag-hydraulic-cylinder","8":"product_tag-welded-tee-type-cylinder","10":"first","11":"instock","12":"product-type-simple"},"_links":{"self":[{"href":"https:\/\/fmp-components.com\/sk\/wp-json\/wp\/v2\/product\/927","targetHints":{"allow":["GET"]}}],"collection":[{"href":"https:\/\/fmp-components.com\/sk\/wp-json\/wp\/v2\/product"}],"about":[{"href":"https:\/\/fmp-components.com\/sk\/wp-json\/wp\/v2\/types\/product"}],"replies":[{"embeddable":true,"href":"https:\/\/fmp-components.com\/sk\/wp-json\/wp\/v2\/comments?post=927"}],"wp:featuredmedia":[{"embeddable":true,"href":"https:\/\/fmp-components.com\/sk\/wp-json\/wp\/v2\/media\/1132"}],"wp:attachment":[{"href":"https:\/\/fmp-components.com\/sk\/wp-json\/wp\/v2\/media?parent=927"}],"wp:term":[{"taxonomy":"product_brand","embeddable":true,"href":"https:\/\/fmp-components.com\/sk\/wp-json\/wp\/v2\/product_brand?post=927"},{"taxonomy":"product_cat","embeddable":true,"href":"https:\/\/fmp-components.com\/sk\/wp-json\/wp\/v2\/product_cat?post=927"},{"taxonomy":"product_tag","embeddable":true,"href":"https:\/\/fmp-components.com\/sk\/wp-json\/wp\/v2\/product_tag?post=927"}],"curies":[{"name":"pracovn\u00fd list","href":"https:\/\/api.w.org\/{rel}","templated":true}]}}