{"id":926,"date":"2024-12-19T03:39:00","date_gmt":"2024-12-19T03:39:00","guid":{"rendered":"https:\/\/fmp-components.com\/product\/10006-factory-price-stainless-steel-cylinder-piston-hydraulic-cylinder\/"},"modified":"2024-12-19T09:00:21","modified_gmt":"2024-12-19T09:00:21","slug":"10006-factory-price-stainless-steel-cylinder-piston-hydraulic-cylinder","status":"publish","type":"product","link":"https:\/\/fmp-components.com\/sk\/product\/10006-factory-price-stainless-steel-cylinder-piston-hydraulic-cylinder\/","title":{"rendered":"10006 V\u00fdrobn\u00e1 cena z nehrdzavej\u00facej ocele, piestov\u00fd hydraulick\u00fd valec"},"content":{"rendered":"<h3>Funkcie a v\u00fdznam hydraulick\u00e9ho valca s piestom z nehrdzavej\u00facej ocele<\/h3>\n<p>Hydraulick\u00fd valec s piestom z nehrdzavej\u00facej ocele je z\u00e1kladnou s\u00fa\u010das\u0165ou prev\u00e1dzky mnoh\u00fdch strojov v r\u00f4znych odvetviach. Jeho prim\u00e1rnou funkciou je premie\u0148a\u0165 energiu kvapaliny na line\u00e1rnu mechanick\u00fa silu, \u010do umo\u017e\u0148uje presn\u00fd pohyb potrebn\u00fd na vykon\u00e1vanie \u0161irokej \u0161k\u00e1ly \u00faloh. T\u00e1to schopnos\u0165 ho rob\u00ed neoddelite\u013enou s\u00fa\u010das\u0165ou mnoh\u00fdch priemyseln\u00fdch aplik\u00e1ci\u00ed vr\u00e1tane v\u00fdroby, stavebn\u00edctva a automobilov\u00fdch syst\u00e9mov. Spo\u013eahlivos\u0165 a \u00fa\u010dinnos\u0165 hydraulick\u00fdch valcov z nehrdzavej\u00facej ocele zvy\u0161uj\u00fa produktivitu a zabezpe\u010duj\u00fa plynul\u00fd chod, \u010d\u00edm pod\u010diarkuj\u00fa ich d\u00f4le\u017eitos\u0165 v modern\u00fdch strojoch.<\/p>\n<h3>Jedine\u010dn\u00e9 vlastnosti a v\u00fdhody<\/h3>\n<ul>\n<li><strong>Energeticky \u00fasporn\u00e9:<\/strong><br \/>\nKon\u0161trukcia hydraulick\u00e9ho valca s piestom z nehrdzavej\u00facej ocele kladie d\u00f4raz na energetick\u00fa \u00fa\u010dinnos\u0165, \u010do umo\u017e\u0148uje jeho prev\u00e1dzku s minim\u00e1lnou spotrebou energie. T\u00e1to \u00fa\u010dinnos\u0165 nielen zni\u017euje prev\u00e1dzkov\u00e9 n\u00e1klady, ale tie\u017e podporuje udr\u017eate\u013enos\u0165 minimaliz\u00e1ciou odpadu a zv\u00fd\u0161en\u00edm celkovej \u00fa\u010dinnosti hydraulick\u00fdch syst\u00e9mov.<\/li>\n<li><strong>Vysok\u00fd v\u00fdkon:<\/strong><br \/>\nTento hydraulick\u00fd valec, navrhnut\u00fd pre vynikaj\u00facu funk\u010dnos\u0165, poskytuje konzistentn\u00fd a v\u00fdkonn\u00fd v\u00fdkon. Jeho robustn\u00e1 kon\u0161trukcia zabezpe\u010duje, \u017ee zvl\u00e1dne zna\u010dn\u00e9 za\u0165a\u017eenie a efekt\u00edvne pracuje v n\u00e1ro\u010dn\u00fdch prostrediach. Vysok\u00fd v\u00fdkon valcov z nehrdzavej\u00facej ocele ich rob\u00ed vhodn\u00fdmi pre aplik\u00e1cie vy\u017eaduj\u00face presnos\u0165 a spo\u013eahlivos\u0165.<\/li>\n<li><strong>Bezpe\u010dnos\u0165:<\/strong><br \/>\nBezpe\u010dnos\u0165 je k\u013e\u00fa\u010dovou vlastnos\u0165ou hydraulick\u00e9ho valca s piestom z nehrdzavej\u00facej ocele. Jeho kon\u0161trukcia z vysoko kvalitnej nehrdzavej\u00facej ocele poskytuje odolnos\u0165 vo\u010di kor\u00f3zii a opotrebovaniu, \u010d\u00edm zais\u0165uje dlhotrvaj\u00facu \u017eivotnos\u0165. Hydraulick\u00fd valec je navy\u0161e navrhnut\u00fd s bezpe\u010dnostn\u00fdmi mechanizmami, ktor\u00e9 zabra\u0148uj\u00fa \u00fanikom a poruch\u00e1m, \u010do umo\u017e\u0148uje obsluhe s istotou pracova\u0165 vo vysokotlakov\u00fdch prostrediach.<\/li>\n<\/ul>\n<h3>Pochopenie hydraulick\u00e9ho syst\u00e9mu<\/h3>\n<p>Hydraulick\u00fd syst\u00e9m je sofistikovan\u00e1 sie\u0165 komponentov, ktor\u00e9 spolupracuj\u00fa na prenose v\u00fdkonu a u\u013eah\u010den\u00ed pohybu. V r\u00e1mci tohto syst\u00e9mu sl\u00fa\u017ei k\u013e\u00fa\u010dov\u00fd hr\u00e1\u010d hydraulick\u00fd valec s piestom z nehrdzavej\u00facej ocele, ktor\u00fd premie\u0148a hydraulick\u00fa energiu na mechanick\u00fa silu.<\/p>\n<p>Ke\u010f sa hydraulick\u00e1 kvapalina \u010derp\u00e1 do valca, vyv\u00edja tlak na piest, ktor\u00fd sa potom pohybuje v line\u00e1rnom smere. Tento pohyb vytv\u00e1ra silu potrebn\u00fa na vykon\u00e1vanie r\u00f4znych \u00faloh, ako je zdv\u00edhanie, tla\u010denie alebo \u0165ahanie \u0165a\u017ek\u00fdch predmetov. Pochopenie funkcie hydraulick\u00e9ho valca s piestom z nehrdzavej\u00facej ocele je nevyhnutn\u00e9 pre pochopenie celkovej \u010dinnosti hydraulick\u00e9ho syst\u00e9mu.<\/p>\n<p>Ka\u017ed\u00fd komponent v hydraulickom syst\u00e9me \u2013 ako s\u00fa \u010derpadl\u00e1, ventily a hadice \u2013 interaguje s hydraulick\u00fdm valcom a vytv\u00e1ra tak plynul\u00fd tok energie. Pochopen\u00edm toho, ako sa hydraulick\u00fd valec s piestom z nehrdzavej\u00facej ocele integruje s t\u00fdmito ostatn\u00fdmi prvkami, je mo\u017en\u00e9 pochopi\u0165 zlo\u017eitos\u0165 a \u00fa\u010dinnos\u0165 hydraulick\u00fdch syst\u00e9mov ako celku.<\/p>\n<p>Stru\u010dne povedan\u00e9, hydraulick\u00fd valec s piestom z nehrdzavej\u00facej ocele je d\u00f4le\u017eit\u00fdm komponentom, ktor\u00fd zvy\u0161uje funk\u010dnos\u0165 a bezpe\u010dnos\u0165 hydraulick\u00fdch syst\u00e9mov. Jeho jedine\u010dn\u00e9 vlastnosti a v\u00fdhody ho robia nevyhnutn\u00fdm v r\u00f4znych priemyseln\u00fdch aplik\u00e1ci\u00e1ch a zabezpe\u010duj\u00fa efekt\u00edvnu a \u00fa\u010dinn\u00fa prev\u00e1dzku strojov.<img decoding=\"async\" src=\"https:\/\/hzpt.com\/wp-content\/uploads\/2023\/12\/random-2.webp\" alt=\"\" title=\"\"><\/p>\n<h2>V\u00fdhody zv\u00e1ran\u00e9ho valca s T-kusom<\/h2>\n<ul>\n<li style=\"list-style-type: none;\">\n<ul>\n<li><strong>Zv\u00fd\u0161en\u00e1 pevnos\u0165:<\/strong> Zv\u00e1ran\u00e9 valce typu T s\u00fa zn\u00e1me svojou vysokou pevnos\u0165ou, v\u010faka \u010domu s\u00fa vhodn\u00e9 pre aplik\u00e1cie vy\u017eaduj\u00face zdv\u00edhanie \u0165a\u017ek\u00fdch bremien. Proces zv\u00e1rania pou\u017eit\u00fd pri v\u00fdrobe t\u00fdchto valcov zais\u0165uje, \u017ee valec nem\u00e1 slab\u00e9 miesta a odol\u00e1 vysok\u00e9mu tlaku a nam\u00e1haniu.<\/li>\n<\/ul>\n<\/li>\n<\/ul>\n<p>Ke\u010f sa na valec vyv\u00edja tlak, rovnomerne sa rozlo\u017e\u00ed po celom povrchu, v\u010faka \u010domu je odoln\u00fd vo\u010di deform\u00e1cii. T\u00e1to vlastnos\u0165 zais\u0165uje, \u017ee valec si zachov\u00e1 svoj tvar a \u0161truktur\u00e1lnu integritu aj v extr\u00e9mnych podmienkach.<\/p>\n<ul>\n<li style=\"list-style-type: none;\">\n<ul>\n<li><strong>Prevencia \u00faniku:<\/strong> Zv\u00e1ran\u00e9 valce typu T s\u00fa navrhnut\u00e9 tak, aby sa zabr\u00e1nilo \u00faniku. Proces zv\u00e1rania pou\u017eit\u00fd po\u010das v\u00fdrobn\u00e9ho procesu zais\u0165uje, \u017ee valec je \u00faplne utesnen\u00fd a bez ak\u00fdchko\u013evek mo\u017en\u00fdch \u00fanikov. V\u010faka tejto vlastnosti s\u00fa vhodn\u00e9 na pou\u017eitie v aplik\u00e1ci\u00e1ch, kde by \u00fanik mohol sp\u00f4sobi\u0165 v\u00e1\u017ene po\u0161kodenie alebo zranenie.<\/li>\n<\/ul>\n<\/li>\n<\/ul>\n<p>Zvarov\u00e9 spoje s\u00fa hladk\u00e9, bez ak\u00fdchko\u013evek \u0161trb\u00edn alebo dr\u00e1\u017eok, kde by sa mohli hromadi\u0165 ne\u010distoty alebo ne\u010distoty, \u010d\u00edm sa zni\u017euje riziko kor\u00f3zie a po\u0161kodenia valca.<\/p>\n<ul>\n<li style=\"list-style-type: none;\">\n<ul>\n<li><strong>Prisp\u00f4sobite\u013en\u00e9:<\/strong> Zv\u00e1ran\u00e9 valce s T-kusom je mo\u017en\u00e9 prisp\u00f4sobi\u0165 \u0161pecifick\u00fdm aplik\u00e1ci\u00e1m. Valce s\u00fa dostupn\u00e9 v r\u00f4znych ve\u013ekostiach a tvaroch a je mo\u017en\u00e9 ich vyrobi\u0165 tak, aby sp\u013a\u0148ali \u0161pecifick\u00e9 po\u017eiadavky aplik\u00e1cie.<\/li>\n<\/ul>\n<\/li>\n<\/ul>\n<p>Proces prisp\u00f4sobenia umo\u017e\u0148uje optimalizova\u0165 v\u00fdkon valca a zabezpe\u010di\u0165, aby bol vhodn\u00fd pre zam\u00fd\u0161\u013ean\u00e9 pou\u017eitie. T\u00e1to vlastnos\u0165 rob\u00ed zv\u00e1ran\u00e9 valce typu T ide\u00e1lne na pou\u017eitie v r\u00f4znych priemyseln\u00fdch aplik\u00e1ci\u00e1ch vr\u00e1tane stavebn\u00edctva, ban\u00edctva a manipul\u00e1cie s materi\u00e1lom.<\/p>\n<ul>\n<li style=\"list-style-type: none;\">\n<ul>\n<li><strong>Cenovo v\u00fdhodn\u00e9:<\/strong> Zv\u00e1ran\u00e9 valce typu T s\u00fa v porovnan\u00ed s in\u00fdmi typmi valcov n\u00e1kladovo efekt\u00edvne. V\u00fdrobn\u00fd proces pou\u017e\u00edvan\u00fd na v\u00fdrobu t\u00fdchto valcov je jednoduch\u00fd, v\u010faka \u010domu s\u00fa lacnej\u0161ie ako in\u00e9 typy valcov.<\/li>\n<\/ul>\n<\/li>\n<\/ul>\n<p>Vysok\u00e1 pevnos\u0165 a odolnos\u0165 zv\u00e1ran\u00fdch valcov typu T navy\u0161e zni\u017euje potrebu \u010dast\u00fdch opr\u00e1v a v\u00fdmen, \u010d\u00edm \u0161etr\u00ed n\u00e1klady na \u00fadr\u017ebu. T\u00e1to vlastnos\u0165 z nich rob\u00ed ob\u013e\u00faben\u00fa vo\u013ebu v mnoh\u00fdch odvetviach, najm\u00e4 v t\u00fdch s obmedzen\u00fdm rozpo\u010dtom.<\/p>\n<ul>\n<li style=\"list-style-type: none;\">\n<ul>\n<li><strong>Zv\u00fd\u0161en\u00e1 \u00fa\u010dinnos\u0165:<\/strong> Zv\u00e1ran\u00e9 valce typu T s\u00fa vysoko \u00fa\u010dinn\u00e9 a efekt\u00edvne. Kon\u0161trukcia valca zais\u0165uje, \u017ee aplikovan\u00e1 sila sa pren\u00e1\u0161a priamo na z\u00e1\u0165a\u017e, \u010d\u00edm sa zni\u017euj\u00fa straty energie a zvy\u0161uje sa \u00fa\u010dinnos\u0165.<\/li>\n<\/ul>\n<\/li>\n<\/ul>\n<p>Zvarov\u00e9 spoje s\u00fa pevn\u00e9 a tuh\u00e9, minimalizuj\u00fa priehyb a zabezpe\u010duj\u00fa, \u017ee valec si zachov\u00e1va svoj tvar a \u0161truktur\u00e1lnu integritu aj v extr\u00e9mnych podmienkach. V\u010faka tejto vlastnosti s\u00fa zvarov\u00e9 valce typu T ide\u00e1lne na pou\u017eitie v aplik\u00e1ci\u00e1ch vy\u017eaduj\u00facich vysok\u00fa \u00fa\u010dinnos\u0165 a spo\u013eahlivos\u0165.<\/p>\n<p><img loading=\"lazy\" decoding=\"async\" class=\"size-full wp-image-977 aligncenter\" src=\"https:\/\/fmp-components.com\/wp-content\/uploads\/2024\/12\/Welded-Tee-Type-Cylinder3.webp\" alt=\"Zv\u00e1ran\u00fd valec s T-kusom\" width=\"653\" height=\"600\" title=\"\" srcset=\"https:\/\/fmp-components.com\/wp-content\/uploads\/2024\/12\/Welded-Tee-Type-Cylinder3.webp 653w, https:\/\/fmp-components.com\/wp-content\/uploads\/2024\/12\/Welded-Tee-Type-Cylinder3-480x441.webp 480w\" sizes=\"(min-width: 0px) and (max-width: 480px) 480px, (min-width: 481px) 653px, 100vw\" \/><\/p>\n<h2>Pou\u017eitie zv\u00e1ran\u00e9ho valca typu T<\/h2>\n<h3>\u00davod<\/h3>\n<p>Zv\u00e1ran\u00fd valec typu T je typ hydraulick\u00e9ho valca, ktor\u00fd sa be\u017ene pou\u017e\u00edva v priemyseln\u00fdch aplik\u00e1ci\u00e1ch. Je navrhnut\u00fd tak, aby poskytoval vysok\u00fd v\u00fdkon v kompaktnom a cenovo dostupnom balen\u00ed. Tento typ valca pozost\u00e1va z zv\u00e1ran\u00e9ho T-kusu a piestnej ty\u010de, ktor\u00e1 je pripevnen\u00e1 k T-kusu. T-kus je pripojen\u00fd k valcu valca a obsahuje piest, ktor\u00fd sa pohybuje tam a sp\u00e4\u0165 vo vn\u00fatri valca a vytv\u00e1ra tak silu.<\/p>\n<h3>V\u00fdhody zv\u00e1ran\u00e9ho valca s T-kusom<\/h3>\n<p>Pou\u017eitie zv\u00e1ran\u00e9ho valca typu T v priemyseln\u00fdch aplik\u00e1ci\u00e1ch m\u00e1 nieko\u013eko v\u00fdhod:<\/p>\n<ul>\n<li><b>Kompaktn\u00fd dizajn:<\/b> Zv\u00e1ran\u00e9 valce s T-kusom s\u00fa navrhnut\u00e9 tak, aby boli kompaktn\u00e9, v\u010faka \u010domu s\u00fa ide\u00e1lne na pou\u017eitie v aplik\u00e1ci\u00e1ch s obmedzen\u00fdm priestorom.<\/li>\n<li><b>Vysok\u00e1 \u00fa\u010dinnos\u0165:<\/b> Zv\u00e1ran\u00e9 valce typu T s\u00fa vysoko \u00fa\u010dinn\u00e9, \u010do znamen\u00e1, \u017ee dok\u00e1\u017eu vygenerova\u0165 ve\u013ek\u00e9 mno\u017estvo sily s minim\u00e1lnym vstupom energie.<\/li>\n<li><b>Odoln\u00e9:<\/b> Zv\u00e1ran\u00e9 valce s T-kusom s\u00fa navrhnut\u00e9 tak, aby boli vysoko odoln\u00e9, \u010do znamen\u00e1, \u017ee vydr\u017eia n\u00e1ro\u010dn\u00e9 prev\u00e1dzkov\u00e9 podmienky a vydr\u017eia dlho.<\/li>\n<li><b>N\u00e1kladovo efekt\u00edvne:<\/b> Zv\u00e1ran\u00e9 valce typu T s\u00fa cenovo v\u00fdhodn\u00e9, \u010do znamen\u00e1, \u017ee poskytuj\u00fa dobr\u00fd pomer ceny a kvality.<\/li>\n<\/ul>\n<h3>Aplik\u00e1cie zv\u00e1ran\u00e9ho valca typu T<\/h3>\n<p>Zv\u00e1ran\u00e9 valce typu T maj\u00fa mnoho aplik\u00e1ci\u00ed v r\u00f4znych odvetviach, vr\u00e1tane:<\/p>\n<ul>\n<li><b>V\u00fdroba:<\/b> Zv\u00e1ran\u00e9 valce s T-kusom sa pou\u017e\u00edvaj\u00fa vo v\u00fdrobe na obsluhu strojov, premiest\u0148ovanie \u0165a\u017ek\u00fdch bremien a tvarovanie kovov\u00fdch dielov.<\/li>\n<li><b>Po\u013enohospod\u00e1rstvo:<\/b> Zv\u00e1ran\u00e9 valce s T-kusom sa pou\u017e\u00edvaj\u00fa v po\u013enohospod\u00e1rstve na ovl\u00e1danie hydraulick\u00fdch syst\u00e9mov traktorov, kombajnov a in\u00fdch po\u013enohospod\u00e1rskych strojov.<\/li>\n<li><b>Kon\u0161trukcia:<\/b> Zv\u00e1ran\u00e9 valce s T-kusom sa pou\u017e\u00edvaj\u00fa v stavebn\u00edctve na ovl\u00e1danie strojov, ako s\u00fa \u017eeriavy, bagre a r\u00fdpadl\u00e1-naklada\u010de.<\/li>\n<li><b>\u0164a\u017eba:<\/b> Zv\u00e1ran\u00e9 valce s T-kusom sa pou\u017e\u00edvaj\u00fa v ban\u00edctve na ovl\u00e1danie hydraulick\u00fdch syst\u00e9mov \u0165a\u017ek\u00fdch zariaden\u00ed, ako s\u00fa buldoz\u00e9ry, naklada\u010de a v\u0155ta\u010dky.<\/li>\n<li><b>Doprava:<\/b> Zv\u00e1ran\u00e9 valce s T-kusom sa pou\u017e\u00edvaj\u00fa v doprave na ovl\u00e1danie hydraulick\u00fdch syst\u00e9mov v n\u00e1kladn\u00fdch aut\u00e1ch, autobusoch a in\u00fdch vozidl\u00e1ch.<\/li>\n<\/ul>\n<p>Z\u00e1verom mo\u017eno poveda\u0165, \u017ee zv\u00e1ran\u00e9 valce typu T s\u00fa d\u00f4le\u017eitou s\u00fa\u010das\u0165ou mnoh\u00fdch priemyseln\u00fdch aplik\u00e1ci\u00ed. S\u00fa navrhnut\u00e9 tak, aby boli kompaktn\u00e9, efekt\u00edvne, odoln\u00e9 a n\u00e1kladovo efekt\u00edvne, v\u010faka \u010domu s\u00fa ide\u00e1lnou vo\u013ebou pre \u0161irok\u00fa \u0161k\u00e1lu aplik\u00e1ci\u00ed. \u010ci u\u017e obsluhujete stroje vo v\u00fdrobnom z\u00e1vode, po\u013enohospod\u00e1rske zariadenia na farme alebo \u0165a\u017ek\u00e9 zariadenia v bani, zv\u00e1ran\u00e9 valce typu T v\u00e1m m\u00f4\u017eu pom\u00f4c\u0165 vykon\u00e1va\u0165 pr\u00e1cu efekt\u00edvne a \u00fa\u010dinne.<\/p>\n<p><img loading=\"lazy\" decoding=\"async\" class=\"size-full wp-image-974 aligncenter\" src=\"https:\/\/fmp-components.com\/wp-content\/uploads\/2024\/12\/application-of-Welded-Tee-Type-Cylinder.webp\" alt=\"aplik\u00e1cia zv\u00e1ran\u00e9ho valca s T-kusom\" width=\"760\" height=\"860\" title=\"\" srcset=\"https:\/\/fmp-components.com\/wp-content\/uploads\/2024\/12\/application-of-Welded-Tee-Type-Cylinder.webp 760w, https:\/\/fmp-components.com\/wp-content\/uploads\/2024\/12\/application-of-Welded-Tee-Type-Cylinder-480x543.webp 480w\" sizes=\"(min-width: 0px) and (max-width: 480px) 480px, (min-width: 481px) 760px, 100vw\" \/><\/p>\n<h3>O FMP<\/h3>\n<p>FMP je popredn\u00fd v\u00fdrobca hydraulick\u00fdch valcov s viac ako 30-ro\u010dn\u00fdmi sk\u00fasenos\u0165ami. Na\u0161a priemyseln\u00e1 oblas\u0165 sa nach\u00e1dza v Taliansku a m\u00e1me viac ako 100 kusov zariaden\u00ed vr\u00e1tane automatick\u00fdch zv\u00e1ra\u010diek v ochrannej atmosf\u00e9re plynu, v\u0155ta\u010diek na hlbok\u00e9 otvory, CNC s\u00fastruhov, valcov\u00fdch br\u00fasok, automatick\u00fdch \u010distiacich strojov, automatick\u00fdch in\u0161tala\u010dn\u00fdch strojov, automatick\u00fdch sk\u00fa\u0161obn\u00fdch stol\u00edc na hydraulick\u00e9 valce, automatick\u00fdch lakovac\u00edch liniek a \u010fal\u0161\u00edch.<\/p>\n<p>Na\u0161e hydraulick\u00e9 valce zah\u0155\u0148aj\u00fa n\u00e1u\u0161nicov\u00e9 valce, obojsmern\u00e9 automatick\u00e9 teleskopick\u00e9 valce a \u010fal\u0161ie. Ka\u017ed\u00fd valec prech\u00e1dza pr\u00edsnym spracovan\u00edm a kontrolou, aby sme na\u0161im z\u00e1kazn\u00edkom zabezpe\u010dili vysok\u00fa kvalitu.<\/p>\n<p>Tu je p\u00e4\u0165 d\u00f4vodov, pre\u010do si vybra\u0165 FMP:<\/p>\n<ul>\n<li><b>Dizajn\u00e9rska slu\u017eba:<\/b> N\u00e1\u0161 sk\u00fasen\u00fd dizajn\u00e9rsky t\u00edm v\u00e1m m\u00f4\u017ee pom\u00f4c\u0165 s v\u00fdvojom nov\u00fdch produktov a vylep\u0161eniami existuj\u00facich dizajnov.<\/li>\n<li><b>Produktov\u00fd servis:<\/b> N\u00e1\u0161 komplexn\u00fd v\u00fdrobn\u00fd proces zah\u0155\u0148a v\u00fdber surov\u00edn, rezanie, hrub\u00e9 spracovanie, testovanie, \u010distenie, mont\u00e1\u017e, balenie a prepravu.<\/li>\n<li><b>Uk\u00e1\u017ekov\u00fd proces:<\/b> Vieme vyvin\u00fa\u0165 vzorky pod\u013ea va\u0161ich po\u017eiadaviek a upravova\u0165 ich, k\u00fdm nebud\u00fa vyhovova\u0165 va\u0161im potreb\u00e1m.<\/li>\n<li><b>V\u00fdskum a v\u00fdvoj:<\/b> Akt\u00edvne sk\u00famame trh, aby sme identifikovali nov\u00e9 potreby a vyv\u00edjali nov\u00e9 modely, ktor\u00e9 tieto potreby sp\u013a\u0148aj\u00fa.<\/li>\n<li><b>Sk\u00fasenosti:<\/b> S viac ako 30-ro\u010dn\u00fdmi sk\u00fasenos\u0165ami v tomto odvetv\u00ed sme si vybudovali reput\u00e1ciu kvality, spo\u013eahlivosti a spokojnosti z\u00e1kazn\u00edkov.<\/li>\n<\/ul>\n<p><img decoding=\"async\" src=\"https:\/\/fmp-components.com\/wp-content\/uploads\/2024\/12\/fmp-factory-4.webp\" alt=\"Tov\u00e1re\u0148 na v\u00fdrobu FMP\" width=\"800\" title=\"\"><\/p>\n<h2>\u010casto kladen\u00e9 ot\u00e1zky<\/h2>\n<p>Ot\u00e1zka: Ak\u00e1 je \u017eivotnos\u0165 hydraulick\u00e9ho valca?<br \/>\nA: Pri spr\u00e1vnej \u00fadr\u017ebe m\u00f4\u017ee hydraulick\u00fd valec vydr\u017ea\u0165 a\u017e 10 rokov alebo viac.<\/p>\n<p>Ot\u00e1zka: Ako \u010dasto by som mal vymie\u0148a\u0165 hydraulick\u00fd olej?<br \/>\nA: Z\u00e1le\u017e\u00ed to od pou\u017e\u00edvania, ale zvy\u010dajne by sa mal vymie\u0148a\u0165 ka\u017ed\u00e9 1-2 roky.<\/p>\n<p>Ot\u00e1zka: V ktor\u00fdch odvetviach sa pou\u017e\u00edvaj\u00fa hydraulick\u00e9 valce?<br \/>\nA: Hydraulick\u00e9 valce sa pou\u017e\u00edvaj\u00fa v odvetviach ako stavebn\u00edctvo, v\u00fdroba, automobilov\u00fd priemysel a \u010fal\u0161\u00edch.<\/p>\n<p>Ot\u00e1zka: Ako m\u00f4\u017eem zabezpe\u010di\u0165 dlh\u00fa \u017eivotnos\u0165 hydraulick\u00e9ho valca?<br \/>\nA: Pravideln\u00e1 \u00fadr\u017eba, spr\u00e1vne pou\u017e\u00edvanie a v\u00fdber spr\u00e1vneho oleja a tesnen\u00ed prispievaj\u00fa k \u017eivotnosti hydraulick\u00e9ho valca.<\/p>\n<p>Ot\u00e1zka: M\u00f4\u017eem si prisp\u00f4sobi\u0165 hydraulick\u00fd valec?<br \/>\nA: \u00c1no, FMP pon\u00faka rie\u0161enia na mieru, ktor\u00e9 sp\u013a\u0148aj\u00fa va\u0161e \u0161pecifick\u00e9 po\u017eiadavky.<\/p>\n<p>Autor: CX<\/p>","protected":false},"excerpt":{"rendered":"<p>Functions and Importance of the Stainless Steel Cylinder Piston Hydraulic Cylinder The stainless steel cylinder piston hydraulic cylinder is an essential component in the operation of numerous machines across various industries. Its primary function is to convert fluid power into linear mechanical force, enabling precise movement necessary for executing a wide range of tasks. This [&hellip;]<\/p>","protected":false},"featured_media":1132,"comment_status":"closed","ping_status":"closed","template":"","meta":{"_et_pb_use_builder":"","_et_pb_old_content":"","_et_gb_content_width":""},"product_brand":[],"product_cat":[31],"product_tag":[34,35],"class_list":{"0":"post-926","1":"product","2":"type-product","3":"status-publish","4":"has-post-thumbnail","6":"product_cat-welded-tee-type-cylinder","7":"product_tag-hydraulic-cylinder","8":"product_tag-welded-tee-type-cylinder","10":"first","11":"instock","12":"product-type-simple"},"_links":{"self":[{"href":"https:\/\/fmp-components.com\/sk\/wp-json\/wp\/v2\/product\/926","targetHints":{"allow":["GET"]}}],"collection":[{"href":"https:\/\/fmp-components.com\/sk\/wp-json\/wp\/v2\/product"}],"about":[{"href":"https:\/\/fmp-components.com\/sk\/wp-json\/wp\/v2\/types\/product"}],"replies":[{"embeddable":true,"href":"https:\/\/fmp-components.com\/sk\/wp-json\/wp\/v2\/comments?post=926"}],"wp:featuredmedia":[{"embeddable":true,"href":"https:\/\/fmp-components.com\/sk\/wp-json\/wp\/v2\/media\/1132"}],"wp:attachment":[{"href":"https:\/\/fmp-components.com\/sk\/wp-json\/wp\/v2\/media?parent=926"}],"wp:term":[{"taxonomy":"product_brand","embeddable":true,"href":"https:\/\/fmp-components.com\/sk\/wp-json\/wp\/v2\/product_brand?post=926"},{"taxonomy":"product_cat","embeddable":true,"href":"https:\/\/fmp-components.com\/sk\/wp-json\/wp\/v2\/product_cat?post=926"},{"taxonomy":"product_tag","embeddable":true,"href":"https:\/\/fmp-components.com\/sk\/wp-json\/wp\/v2\/product_tag?post=926"}],"curies":[{"name":"pracovn\u00fd list","href":"https:\/\/api.w.org\/{rel}","templated":true}]}}