{"id":924,"date":"2024-12-19T03:39:00","date_gmt":"2024-12-19T03:39:00","guid":{"rendered":"https:\/\/fmp-components.com\/product\/10004-factory-price-double-acting-tractor-hydraulic-cylinder\/"},"modified":"2024-12-19T09:02:15","modified_gmt":"2024-12-19T09:02:15","slug":"10004-factory-price-double-acting-tractor-hydraulic-cylinder","status":"publish","type":"product","link":"https:\/\/fmp-components.com\/sk\/product\/10004-factory-price-double-acting-tractor-hydraulic-cylinder\/","title":{"rendered":"10004 V\u00fdrobn\u00e1 cena Dvoj\u010dinn\u00fd hydraulick\u00fd valec traktora"},"content":{"rendered":"<p>Dvoj\u010dinn\u00fd hydraulick\u00fd valec pre traktory s v\u00fdrobnou cenou je k\u013e\u00fa\u010dov\u00fdm komponentom pou\u017e\u00edvan\u00fdm v r\u00f4znych strojoch, najm\u00e4 v traktoroch, kde zohr\u00e1va v\u00fdznamn\u00fa \u00falohu pri zvy\u0161ovan\u00ed prev\u00e1dzkovej efekt\u00edvnosti. Tento hydraulick\u00fd valec, vyroben\u00fd spolo\u010dnos\u0165ou FMP, renomovanou spolo\u010dnos\u0165ou so s\u00eddlom v meste Italy City, je pr\u00edkladom pokro\u010dil\u00e9ho in\u017einierstva a prec\u00edzneho dizajnu. Spolo\u010dnos\u0165 FMP so z\u00e1v\u00e4zkom ku kvalite a inov\u00e1ci\u00e1m vyvinula produkt, ktor\u00fd sp\u013a\u0148a pr\u00edsne po\u017eiadavky modern\u00fdch po\u013enohospod\u00e1rskych a priemyseln\u00fdch aplik\u00e1ci\u00ed. Tento hydraulick\u00fd valec nielen prispieva k funk\u010dnosti traktorov, ale zais\u0165uje aj spo\u013eahlivos\u0165 a v\u00fdkon, v\u010faka \u010domu je nevyhnutn\u00fdm n\u00e1strojom pre oper\u00e1torov aj v\u00fdrobcov.<\/p>\n<p><img decoding=\"async\" class=\"aligncenter\" src=\"https:\/\/hzpt.com\/wp-content\/uploads\/2023\/12\/random-3.webp\" alt=\"\" title=\"\"><\/p>\n<h3>Jedine\u010dn\u00e9 vlastnosti a v\u00fdhody<\/h3>\n<ul>\n<li><strong>Energeticky \u00fasporn\u00e9:<\/strong><br \/>\nKon\u0161trukcia dvoj\u010dinn\u00e9ho hydraulick\u00e9ho valca kladie d\u00f4raz na energetick\u00fa \u00fa\u010dinnos\u0165, \u010do umo\u017e\u0148uje jeho prev\u00e1dzku s minim\u00e1lnou spotrebou energie. T\u00e1to funkcia nielen\u017ee zni\u017euje prev\u00e1dzkov\u00e9 n\u00e1klady, ale je aj v s\u00falade s udr\u017eate\u013en\u00fdmi postupmi, v\u010faka \u010domu je ekologickou vo\u013ebou pre stroje.<\/li>\n<li><strong>Vysok\u00fd v\u00fdkon:<\/strong><br \/>\nTento hydraulick\u00fd valec, navrhnut\u00fd pre vynikaj\u00facu funk\u010dnos\u0165, poskytuje konzistentn\u00fd a v\u00fdkonn\u00fd v\u00fdkon. Jeho schopnos\u0165 generova\u0165 zna\u010dn\u00fa silu pri vys\u00favan\u00ed aj zas\u00favan\u00ed zabezpe\u010duje, \u017ee zvl\u00e1dne n\u00e1ro\u010dn\u00e9 \u00falohy, ako je zdv\u00edhanie \u0165a\u017ek\u00fdch bremien a u\u013eah\u010denie presn\u00fdch pohybov, v\u010faka \u010domu je ide\u00e1lny pre po\u013enohospod\u00e1rske a priemyseln\u00e9 aplik\u00e1cie.<\/li>\n<li><strong>Bezpe\u010dnos\u0165:<\/strong><br \/>\nBezpe\u010dnos\u0165 je pri kon\u0161trukcii dvoj\u010dinn\u00e9ho hydraulick\u00e9ho valca pre traktory s v\u00fdrobnou cenou prvorad\u00fdm krit\u00e9riom. Obsahuje pokro\u010dil\u00e9 bezpe\u010dnostn\u00e9 prvky, ktor\u00e9 zabra\u0148uj\u00fa \u00fanikom a hydraulick\u00fdm poruch\u00e1m, \u010d\u00edm zabezpe\u010duj\u00fa, \u017ee obsluha m\u00f4\u017ee pracova\u0165 s istotou. T\u00e1to spo\u013eahlivos\u0165 je obzvl\u00e1\u0161\u0165 d\u00f4le\u017eit\u00e1 vo vysokotlakov\u00fdch prostrediach, kde je potrebn\u00e9 minimalizova\u0165 bezpe\u010dnostn\u00e9 rizik\u00e1.<\/li>\n<\/ul>\n<p><img loading=\"lazy\" decoding=\"async\" class=\"size-full wp-image-977 aligncenter\" src=\"https:\/\/fmp-components.com\/wp-content\/uploads\/2024\/12\/Welded-Tee-Type-Cylinder3.webp\" alt=\"Zv\u00e1ran\u00fd valec s T-kusom\" width=\"653\" height=\"600\" title=\"\" srcset=\"https:\/\/fmp-components.com\/wp-content\/uploads\/2024\/12\/Welded-Tee-Type-Cylinder3.webp 653w, https:\/\/fmp-components.com\/wp-content\/uploads\/2024\/12\/Welded-Tee-Type-Cylinder3-480x441.webp 480w\" sizes=\"(min-width: 0px) and (max-width: 480px) 480px, (min-width: 481px) 653px, 100vw\" \/><\/p>\n<h3>Hydraulick\u00fd syst\u00e9m a jeho princ\u00edp fungovania<\/h3>\n<p>Pochopenie zlo\u017eitosti hydraulick\u00e9ho syst\u00e9mu a princ\u00edpu fungovania hydraulick\u00e9ho valca poskytuje cenn\u00e9 poznatky o jeho prev\u00e1dzke a \u00fa\u010dinnosti. Hydraulick\u00fd syst\u00e9m sa spolieha na princ\u00edpy mechaniky tekut\u00edn a vyu\u017e\u00edva hydraulick\u00fa kvapalinu pod tlakom na vytvorenie line\u00e1rneho pohybu. Ke\u010f sa hydraulick\u00e1 kvapalina \u010derp\u00e1 do valca, vyv\u00edja tlak na vn\u00fatorn\u00fd piest a vytv\u00e1ra silu, ktor\u00e1 poh\u00e1\u0148a piest v oboch smeroch.<\/p>\n<p>T\u00e1to dvoj\u010dinn\u00e1 funkcia umo\u017e\u0148uje v\u0161estrann\u00e9 pou\u017eitie, preto\u017ee umo\u017e\u0148uje plynul\u00e9 vys\u00favanie a zas\u00favanie valca. V kontexte traktorov to znamen\u00e1, \u017ee hydraulick\u00fd syst\u00e9m dok\u00e1\u017ee efekt\u00edvne ovl\u00e1da\u0165 n\u00e1stroje, ako s\u00fa pluhy, naklada\u010de a in\u00e9 pr\u00edslu\u0161enstvo, \u010d\u00edm sa zvy\u0161uje celkov\u00e1 produktivita.<\/p>\n<p>Presk\u00faman\u00edm t\u00fdchto prev\u00e1dzkov\u00fdch princ\u00edpov si pou\u017e\u00edvatelia m\u00f4\u017eu uvedomi\u0165 v\u00fdznamn\u00fa \u00falohu, ktor\u00fa zohr\u00e1va dvoj\u010dinn\u00fd hydraulick\u00fd valec pre traktory s v\u00fdrobnou cenou pri optimaliz\u00e1cii v\u00fdkonu strojov, \u010d\u00edm sa zabezpe\u010d\u00ed, \u017ee sp\u013a\u0148aj\u00fa pr\u00edsne po\u017eiadavky r\u00f4znych aplik\u00e1ci\u00ed a z\u00e1rove\u0148 sa zachov\u00e1 bezpe\u010dnos\u0165 a \u00fa\u010dinnos\u0165.<\/p>\n<p><img decoding=\"async\" src=\"https:\/\/hzpt.com\/wp-content\/uploads\/2023\/12\/random-2.webp\" alt=\"\" title=\"\"><\/p>\n<p>Okrem uveden\u00e9ho produktu dod\u00e1vame aj hydraulick\u00e9 valce pre plo\u0161iny, hydraulick\u00e9 valce pre priemyseln\u00e9 vozidl\u00e1, hydraulick\u00e9 valce pre rota\u010dn\u00e9 v\u0155ta\u010dky, hydraulick\u00e9 valce pre automobilov\u00e9 \u017eeriavy, hydraulick\u00e9 valce pre stavebn\u00e9 stroje, hydraulick\u00e9 valce pre vysokozdvi\u017en\u00e9 voz\u00edky, valce pre bansk\u00e9 skl\u00e1pa\u010de a hydraulick\u00e9 valce pre sanita\u010dn\u00e9 stroje. \u00dapravy na mieru s\u00fa k dispoz\u00edcii na po\u017eiadanie.<\/p>\n<h2>V\u00fdhody zv\u00e1ran\u00e9ho valca s T-kusom<\/h2>\n<ul>\n<li style=\"list-style-type: none;\">\n<ul>\n<li><strong>Zv\u00fd\u0161en\u00e1 pevnos\u0165:<\/strong> Zv\u00e1ran\u00e9 valce typu T s\u00fa zn\u00e1me svojou vysokou pevnos\u0165ou, v\u010faka \u010domu s\u00fa vhodn\u00e9 pre aplik\u00e1cie vy\u017eaduj\u00face zdv\u00edhanie \u0165a\u017ek\u00fdch bremien. Proces zv\u00e1rania pou\u017eit\u00fd pri v\u00fdrobe t\u00fdchto valcov zais\u0165uje, \u017ee valec nem\u00e1 slab\u00e9 miesta a odol\u00e1 vysok\u00e9mu tlaku a nam\u00e1haniu.<\/li>\n<\/ul>\n<\/li>\n<\/ul>\n<p>Ke\u010f sa na valec vyv\u00edja tlak, rovnomerne sa rozlo\u017e\u00ed po celom povrchu, v\u010faka \u010domu je odoln\u00fd vo\u010di deform\u00e1cii. T\u00e1to vlastnos\u0165 zais\u0165uje, \u017ee valec si zachov\u00e1 svoj tvar a \u0161truktur\u00e1lnu integritu aj v extr\u00e9mnych podmienkach.<\/p>\n<ul>\n<li style=\"list-style-type: none;\">\n<ul>\n<li><strong>Prevencia \u00faniku:<\/strong> Zv\u00e1ran\u00e9 valce typu T s\u00fa navrhnut\u00e9 tak, aby sa zabr\u00e1nilo \u00faniku. Proces zv\u00e1rania pou\u017eit\u00fd po\u010das v\u00fdrobn\u00e9ho procesu zais\u0165uje, \u017ee valec je \u00faplne utesnen\u00fd a bez ak\u00fdchko\u013evek mo\u017en\u00fdch \u00fanikov. V\u010faka tejto vlastnosti s\u00fa vhodn\u00e9 na pou\u017eitie v aplik\u00e1ci\u00e1ch, kde by \u00fanik mohol sp\u00f4sobi\u0165 v\u00e1\u017ene po\u0161kodenie alebo zranenie.<\/li>\n<\/ul>\n<\/li>\n<\/ul>\n<p>Zvarov\u00e9 spoje s\u00fa hladk\u00e9, bez ak\u00fdchko\u013evek \u0161trb\u00edn alebo dr\u00e1\u017eok, kde by sa mohli hromadi\u0165 ne\u010distoty alebo ne\u010distoty, \u010d\u00edm sa zni\u017euje riziko kor\u00f3zie a po\u0161kodenia valca.<\/p>\n<ul>\n<li style=\"list-style-type: none;\">\n<ul>\n<li><strong>Prisp\u00f4sobite\u013en\u00e9:<\/strong> Zv\u00e1ran\u00e9 valce s T-kusom je mo\u017en\u00e9 prisp\u00f4sobi\u0165 \u0161pecifick\u00fdm aplik\u00e1ci\u00e1m. Valce s\u00fa dostupn\u00e9 v r\u00f4znych ve\u013ekostiach a tvaroch a je mo\u017en\u00e9 ich vyrobi\u0165 tak, aby sp\u013a\u0148ali \u0161pecifick\u00e9 po\u017eiadavky aplik\u00e1cie.<\/li>\n<\/ul>\n<\/li>\n<\/ul>\n<p>Proces prisp\u00f4sobenia umo\u017e\u0148uje optimalizova\u0165 v\u00fdkon valca a zabezpe\u010di\u0165, aby bol vhodn\u00fd pre zam\u00fd\u0161\u013ean\u00e9 pou\u017eitie. T\u00e1to vlastnos\u0165 rob\u00ed zv\u00e1ran\u00e9 valce typu T ide\u00e1lne na pou\u017eitie v r\u00f4znych priemyseln\u00fdch aplik\u00e1ci\u00e1ch vr\u00e1tane stavebn\u00edctva, ban\u00edctva a manipul\u00e1cie s materi\u00e1lom.<\/p>\n<ul>\n<li style=\"list-style-type: none;\">\n<ul>\n<li><strong>Cenovo v\u00fdhodn\u00e9:<\/strong> Zv\u00e1ran\u00e9 valce typu T s\u00fa v porovnan\u00ed s in\u00fdmi typmi valcov n\u00e1kladovo efekt\u00edvne. V\u00fdrobn\u00fd proces pou\u017e\u00edvan\u00fd na v\u00fdrobu t\u00fdchto valcov je jednoduch\u00fd, v\u010faka \u010domu s\u00fa lacnej\u0161ie ako in\u00e9 typy valcov.<\/li>\n<\/ul>\n<\/li>\n<\/ul>\n<p>Vysok\u00e1 pevnos\u0165 a odolnos\u0165 zv\u00e1ran\u00fdch valcov typu T navy\u0161e zni\u017euje potrebu \u010dast\u00fdch opr\u00e1v a v\u00fdmen, \u010d\u00edm \u0161etr\u00ed n\u00e1klady na \u00fadr\u017ebu. T\u00e1to vlastnos\u0165 z nich rob\u00ed ob\u013e\u00faben\u00fa vo\u013ebu v mnoh\u00fdch odvetviach, najm\u00e4 v t\u00fdch s obmedzen\u00fdm rozpo\u010dtom.<\/p>\n<ul>\n<li style=\"list-style-type: none;\">\n<ul>\n<li><strong>Zv\u00fd\u0161en\u00e1 \u00fa\u010dinnos\u0165:<\/strong> Zv\u00e1ran\u00e9 valce typu T s\u00fa vysoko \u00fa\u010dinn\u00e9 a efekt\u00edvne. Kon\u0161trukcia valca zais\u0165uje, \u017ee aplikovan\u00e1 sila sa pren\u00e1\u0161a priamo na z\u00e1\u0165a\u017e, \u010d\u00edm sa zni\u017euj\u00fa straty energie a zvy\u0161uje sa \u00fa\u010dinnos\u0165.<\/li>\n<\/ul>\n<\/li>\n<\/ul>\n<p>Zvarov\u00e9 spoje s\u00fa pevn\u00e9 a tuh\u00e9, minimalizuj\u00fa priehyb a zabezpe\u010duj\u00fa, \u017ee valec si zachov\u00e1va svoj tvar a \u0161truktur\u00e1lnu integritu aj v extr\u00e9mnych podmienkach. V\u010faka tejto vlastnosti s\u00fa zvarov\u00e9 valce typu T ide\u00e1lne na pou\u017eitie v aplik\u00e1ci\u00e1ch vy\u017eaduj\u00facich vysok\u00fa \u00fa\u010dinnos\u0165 a spo\u013eahlivos\u0165.<\/p>\n<p><img loading=\"lazy\" decoding=\"async\" class=\"size-full wp-image-976 aligncenter\" src=\"https:\/\/fmp-components.com\/wp-content\/uploads\/2024\/12\/Welded-Tee-Type-Cylinder2.webp\" alt=\"Zv\u00e1ran\u00fd valec s T-kusom\" width=\"764\" height=\"675\" title=\"\" srcset=\"https:\/\/fmp-components.com\/wp-content\/uploads\/2024\/12\/Welded-Tee-Type-Cylinder2.webp 764w, https:\/\/fmp-components.com\/wp-content\/uploads\/2024\/12\/Welded-Tee-Type-Cylinder2-480x424.webp 480w\" sizes=\"(min-width: 0px) and (max-width: 480px) 480px, (min-width: 481px) 764px, 100vw\" \/><\/p>\n<h2>Pou\u017eitie zv\u00e1ran\u00e9ho valca typu T<\/h2>\n<ol>\n<li>\n<h3>Automobilov\u00fd priemysel<\/h3>\n<p>Zv\u00e1ran\u00e9 valce typu T sa \u0161iroko pou\u017e\u00edvaj\u00fa v automobilovom priemysle. Pou\u017e\u00edvaj\u00fa sa vo dver\u00e1ch automobilov, zdvih\u00e1koch kapoty a kufra, strech\u00e1ch kabrioletov a syst\u00e9moch posil\u0148ova\u010dov riadenia. Tieto valce s\u00fa uprednost\u0148ovan\u00e9 kv\u00f4li ich schopnosti poskytova\u0165 vysok\u00fd v\u00fdkon s n\u00edzkymi priestorov\u00fdmi n\u00e1rokmi. Kon\u0161trukcia valca typu T je vhodn\u00e1 pre aplik\u00e1cie, kde je potrebn\u00e9 pren\u00e1\u0161a\u0165 silu v dvoch r\u00f4znych smeroch.<\/p>\n<p>Zv\u00e1ran\u00e1 kon\u0161trukcia t\u00fdchto valcov im navy\u0161e umo\u017e\u0148uje pracova\u0165 pri vysok\u00fdch teplot\u00e1ch a tlakoch bez ak\u00fdchko\u013evek \u00fanikov. V\u010faka tomu s\u00fa vhodn\u00e9 na pou\u017eitie v motoroch, prevodovk\u00e1ch a brzdov\u00fdch syst\u00e9moch.<\/li>\n<li>\n<h3>V\u00fdrobn\u00fd priemysel<\/h3>\n<p>Zv\u00e1ran\u00e9 valce typu T sa pou\u017e\u00edvaj\u00fa aj vo v\u00fdrobnom priemysle. Pou\u017e\u00edvaj\u00fa sa v hydraulick\u00fdch lisoch, kovac\u00edch strojoch a obr\u00e1bac\u00edch strojoch na kov. V\u010faka vysokej sile s\u00fa tieto valce ide\u00e1lne pre aplik\u00e1cie, kde je potrebn\u00e1 ve\u013ek\u00e1 sila v malom priestore.<\/p>\n<p>Kon\u0161trukcia valca typu T je tie\u017e vhodn\u00e1 pre aplik\u00e1cie, kde je potrebn\u00e9 pren\u00e1\u0161a\u0165 silu v dvoch r\u00f4znych smeroch. Napr\u00edklad v hydraulickom lise sa valec typu T m\u00f4\u017ee pou\u017ei\u0165 na p\u00f4sobenie sily vertik\u00e1lne aj horizont\u00e1lne, \u010do umo\u017e\u0148uje zlo\u017eitej\u0161ie v\u00fdrobn\u00e9 procesy.<\/li>\n<li>\n<h3>Leteck\u00fd priemysel<\/h3>\n<p>Zv\u00e1ran\u00e9 valce s T-kusom sa pou\u017e\u00edvaj\u00fa v leteckom priemysle na r\u00f4zne \u00fa\u010dely. Pou\u017e\u00edvaj\u00fa sa v syst\u00e9moch podvozkov, n\u00e1kladn\u00fdch dver\u00e1ch a syst\u00e9moch riadenia letu. V\u010faka vysokej sile a kompaktnej kon\u0161trukcii s\u00fa tieto valce ide\u00e1lne na pou\u017eitie v obmedzenom priestore lietadla.<\/p>\n<p>Zv\u00e1ran\u00e1 kon\u0161trukcia t\u00fdchto valcov ich tie\u017e rob\u00ed odoln\u00fdmi vo\u010di vysok\u00fdm tlakom a teplot\u00e1m, ktor\u00fdm s\u00fa vystaven\u00e9 po\u010das letu. Okrem toho, kon\u0161trukcia valca v tvare T umo\u017e\u0148uje prenos sily v dvoch r\u00f4znych smeroch, v\u010faka \u010domu je vhodn\u00fd pre aplik\u00e1cie, kde je potrebn\u00e9 silu aplikova\u0165 pod uhlom.<\/li>\n<li>\n<h3>Stavebn\u00fd priemysel<\/h3>\n<p>Zv\u00e1ran\u00e9 valce typu T sa pou\u017e\u00edvaj\u00fa v stavebn\u00edctve na zdv\u00edhanie a premiest\u0148ovanie \u0165a\u017ek\u00fdch bremien. Pou\u017e\u00edvaj\u00fa sa v \u017eeriavoch, bagroch a r\u00fdpadl\u00e1ch-naklada\u010doch. V\u010faka vysokej sile a kompaktnej kon\u0161trukcii s\u00fa tieto valce ide\u00e1lne na pou\u017eitie v obmedzenom priestore na stavenisku.<\/p>\n<p>Kon\u0161trukcia valca v tvare T umo\u017e\u0148uje prenos sily v dvoch r\u00f4znych smeroch, v\u010faka \u010domu je vhodn\u00fd pre aplik\u00e1cie, kde je potrebn\u00e9 silu p\u00f4sobi\u0165 pod uhlom. Zv\u00e1ran\u00e1 kon\u0161trukcia t\u00fdchto valcov im navy\u0161e umo\u017e\u0148uje pracova\u0165 pri vysok\u00fdch tlakoch a teplot\u00e1ch bez ak\u00fdchko\u013evek \u00fanikov, v\u010faka \u010domu s\u00fa vhodn\u00e9 na pou\u017eitie v n\u00e1ro\u010dn\u00fdch vonkaj\u0161\u00edch podmienkach.<\/li>\n<\/ol>\n<p><img loading=\"lazy\" decoding=\"async\" class=\"size-full wp-image-977 aligncenter\" src=\"https:\/\/fmp-components.com\/wp-content\/uploads\/2024\/12\/Welded-Tee-Type-Cylinder3.webp\" alt=\"Zv\u00e1ran\u00fd valec s T-kusom\" width=\"653\" height=\"600\" title=\"\" srcset=\"https:\/\/fmp-components.com\/wp-content\/uploads\/2024\/12\/Welded-Tee-Type-Cylinder3.webp 653w, https:\/\/fmp-components.com\/wp-content\/uploads\/2024\/12\/Welded-Tee-Type-Cylinder3-480x441.webp 480w\" sizes=\"(min-width: 0px) and (max-width: 480px) 480px, (min-width: 481px) 653px, 100vw\" \/><\/p>\n<h3>O FMP<\/h3>\n<p>Spolo\u010dnos\u0165 FMP je popredn\u00fdm v\u00fdrobcom hydraulick\u00fdch valcov s viac ako 30-ro\u010dn\u00fdmi sk\u00fasenos\u0165ami v tomto odvetv\u00ed. Na\u0161a priemyseln\u00e1 oblas\u0165 sa nach\u00e1dza v Taliansku a m\u00e1me \u0161irok\u00fa \u0161k\u00e1lu zariaden\u00ed vr\u00e1tane automatick\u00fdch zv\u00e1ra\u010diek v ochrannej atmosf\u00e9re plynu, v\u0155ta\u010diek na hlbok\u00e9 otvory, CNC s\u00fastruhov, valcov\u00fdch br\u00fasok, automatick\u00fdch \u010distiacich strojov, automatick\u00fdch in\u0161tala\u010dn\u00fdch strojov, automatick\u00fdch sk\u00fa\u0161obn\u00fdch stol\u00edc na hydraulick\u00e9 valce, automatick\u00fdch lakovac\u00edch liniek a \u010fal\u0161\u00edch. \u0160pecializujeme sa na v\u00fdrobu hydraulick\u00fdch valcov na mieru, ktor\u00e9 s\u00fa navrhnut\u00e9 a vyroben\u00e9 tak, aby sp\u013a\u0148ali jedine\u010dn\u00e9 potreby na\u0161ich z\u00e1kazn\u00edkov.<\/p>\n<p>V spolo\u010dnosti FMP sa zav\u00e4zujeme poskytova\u0165 na\u0161im klientom vysoko kvalitn\u00e9 hydraulick\u00e9 valce, ktor\u00e9 s\u00fa vyroben\u00e9 pre dlh\u00fa \u017eivotnos\u0165. Na\u0161e v\u00fdrobky prech\u00e1dzaj\u00fa pr\u00edsnym spracovan\u00edm a kontrolou, aby sa zabezpe\u010dilo, \u017ee sp\u013a\u0148aj\u00fa najvy\u0161\u0161ie \u0161tandardy kvality. Tu je len nieko\u013eko d\u00f4vodov, pre\u010do by ste mali spolupracova\u0165 s nami:<\/p>\n<ol>\n<li><strong>Dizajn\u00e9rska slu\u017eba:<\/strong> N\u00e1\u0161 sk\u00fasen\u00fd dizajn\u00e9rsky t\u00edm v\u00e1m m\u00f4\u017ee pom\u00f4c\u0165 s vytvoren\u00edm nov\u00fdch produktov alebo s vylep\u0161en\u00edm existuj\u00facich. Sme odhodlan\u00ed \u00fazko spolupracova\u0165 s na\u0161imi z\u00e1kazn\u00edkmi, aby sme zabezpe\u010dili splnenie ich potrieb.<\/li>\n<li><strong>Produktov\u00fd servis:<\/strong> Dodr\u017eiavame pr\u00edsny proces, ktor\u00fd zah\u0155\u0148a z\u00edskavanie surov\u00edn, rezanie, hrub\u00e9 spracovanie, testovanie, \u010distenie, mont\u00e1\u017e, balenie a prepravu. Tento proces je navrhnut\u00fd tak, aby zabezpe\u010dil najvy\u0161\u0161iu kvalitu na\u0161ich produktov.<\/li>\n<li><strong>Uk\u00e1\u017ekov\u00fd proces:<\/strong> Vieme vyv\u00edja\u0165 a upravova\u0165 vzorky tak, aby vyhovovali va\u0161im potreb\u00e1m. Zaviazali sme sa poskytova\u0165 na\u0161im z\u00e1kazn\u00edkom vysoko kvalitn\u00e9 produkty, ktor\u00e9 sp\u013a\u0148aj\u00fa ich \u0161pecifick\u00e9 po\u017eiadavky.<\/li>\n<li><strong>V\u00fdskum a v\u00fdvoj:<\/strong> Neust\u00e1le sk\u00famame trh, aby sme identifikovali nov\u00e9 potreby a vyv\u00edjali nov\u00e9 modely. To n\u00e1m umo\u017e\u0148uje udr\u017ea\u0165 si n\u00e1skok pred konkurenciou a poskytova\u0165 na\u0161im z\u00e1kazn\u00edkom najnov\u0161ie a najinovat\u00edvnej\u0161ie produkty hydraulick\u00fdch valcov na trhu.<\/li>\n<li><strong>Prisp\u00f4sobenie:<\/strong> \u0160pecializujeme sa na v\u00fdrobu hydraulick\u00fdch valcov na mieru, ktor\u00e9 s\u00fa navrhnut\u00e9 a vyroben\u00e9 tak, aby sp\u013a\u0148ali jedine\u010dn\u00e9 potreby na\u0161ich z\u00e1kazn\u00edkov. Na\u0161e produkty s\u00fa dostupn\u00e9 v \u0161irokej \u0161k\u00e1le ve\u013ekost\u00ed a konfigur\u00e1ci\u00ed, aby vyhovovali va\u0161im \u0161pecifick\u00fdm po\u017eiadavk\u00e1m.<\/li>\n<\/ol>\n<p><img decoding=\"async\" src=\"https:\/\/fmp-components.com\/wp-content\/uploads\/2024\/12\/fmp-factory-4.webp\" alt=\"Tov\u00e1re\u0148 na v\u00fdrobu FMP\" width=\"800\" title=\"\"><br \/>\nAutor: CX<\/p>","protected":false},"excerpt":{"rendered":"<p>The Factory Price Double Acting Tractor Hydraulic Cylinder is a crucial component utilized in a variety of machinery, particularly in tractors where it plays a significant role in enhancing operational efficiency. Manufactured by FMP, a reputable company based in Italy City, this hydraulic cylinder exemplifies advanced engineering and meticulous design. With a commitment to quality [&hellip;]<\/p>","protected":false},"featured_media":1132,"comment_status":"closed","ping_status":"closed","template":"","meta":{"_et_pb_use_builder":"","_et_pb_old_content":"","_et_gb_content_width":""},"product_brand":[],"product_cat":[31],"product_tag":[34,35],"class_list":{"0":"post-924","1":"product","2":"type-product","3":"status-publish","4":"has-post-thumbnail","6":"product_cat-welded-tee-type-cylinder","7":"product_tag-hydraulic-cylinder","8":"product_tag-welded-tee-type-cylinder","10":"first","11":"instock","12":"product-type-simple"},"_links":{"self":[{"href":"https:\/\/fmp-components.com\/sk\/wp-json\/wp\/v2\/product\/924","targetHints":{"allow":["GET"]}}],"collection":[{"href":"https:\/\/fmp-components.com\/sk\/wp-json\/wp\/v2\/product"}],"about":[{"href":"https:\/\/fmp-components.com\/sk\/wp-json\/wp\/v2\/types\/product"}],"replies":[{"embeddable":true,"href":"https:\/\/fmp-components.com\/sk\/wp-json\/wp\/v2\/comments?post=924"}],"wp:featuredmedia":[{"embeddable":true,"href":"https:\/\/fmp-components.com\/sk\/wp-json\/wp\/v2\/media\/1132"}],"wp:attachment":[{"href":"https:\/\/fmp-components.com\/sk\/wp-json\/wp\/v2\/media?parent=924"}],"wp:term":[{"taxonomy":"product_brand","embeddable":true,"href":"https:\/\/fmp-components.com\/sk\/wp-json\/wp\/v2\/product_brand?post=924"},{"taxonomy":"product_cat","embeddable":true,"href":"https:\/\/fmp-components.com\/sk\/wp-json\/wp\/v2\/product_cat?post=924"},{"taxonomy":"product_tag","embeddable":true,"href":"https:\/\/fmp-components.com\/sk\/wp-json\/wp\/v2\/product_tag?post=924"}],"curies":[{"name":"pracovn\u00fd list","href":"https:\/\/api.w.org\/{rel}","templated":true}]}}