{"id":921,"date":"2024-12-19T03:39:00","date_gmt":"2024-12-19T03:39:00","guid":{"rendered":"https:\/\/fmp-components.com\/product\/10002-professional-craftsmanship-small-double-acting-stainless-steel-hydraulic-cylinder-for-tractor\/"},"modified":"2024-12-19T09:01:32","modified_gmt":"2024-12-19T09:01:32","slug":"10002-professional-craftsmanship-small-double-acting-stainless-steel-hydraulic-cylinder-for-tractor","status":"publish","type":"product","link":"https:\/\/fmp-components.com\/sk\/product\/10002-professional-craftsmanship-small-double-acting-stainless-steel-hydraulic-cylinder-for-tractor\/","title":{"rendered":"10002 Profesion\u00e1lne remeseln\u00e9 spracovanie Mal\u00fd dvoj\u010dinn\u00fd hydraulick\u00fd valec z nehrdzavej\u00facej ocele pre traktor"},"content":{"rendered":"<p>Profesion\u00e1lny remeseln\u00fd mal\u00fd dvoj\u010dinn\u00fd hydraulick\u00fd valec z nehrdzavej\u00facej ocele 10002 je navrhnut\u00fd pre optim\u00e1lny v\u00fdkon v traktorov\u00fdch aplik\u00e1ci\u00e1ch. Tento hydraulick\u00fd valec, ktor\u00fd kombinuje inovat\u00edvny dizajn s vysoko kvalitn\u00fdmi materi\u00e1lmi, je nevyhnutn\u00fdm n\u00e1strojom na zv\u00fd\u0161enie efekt\u00edvnosti a \u00fa\u010dinnosti va\u0161ich po\u013enohospod\u00e1rskych oper\u00e1ci\u00ed.<\/p>\n<p><img loading=\"lazy\" decoding=\"async\" class=\"size-full wp-image-977 aligncenter\" src=\"https:\/\/fmp-components.com\/wp-content\/uploads\/2024\/12\/Welded-Tee-Type-Cylinder3.webp\" alt=\"Zv\u00e1ran\u00fd valec s T-kusom\" width=\"653\" height=\"600\" title=\"\" srcset=\"https:\/\/fmp-components.com\/wp-content\/uploads\/2024\/12\/Welded-Tee-Type-Cylinder3.webp 653w, https:\/\/fmp-components.com\/wp-content\/uploads\/2024\/12\/Welded-Tee-Type-Cylinder3-480x441.webp 480w\" sizes=\"(min-width: 0px) and (max-width: 480px) 480px, (min-width: 481px) 653px, 100vw\" \/><\/p>\n<h4>K\u013e\u00fa\u010dov\u00e9 vlastnosti:<\/h4>\n<ul>\n<li><strong>Dvoj\u010dinn\u00fd dizajn:<\/strong><br \/>\nTento hydraulick\u00fd valec pracuje v re\u017eime vys\u00favania aj zas\u00favania, \u010do umo\u017e\u0148uje v\u0161estrann\u00fa funk\u010dnos\u0165. Dvoj\u010dinn\u00fd mechanizmus zais\u0165uje plynul\u00fd a kontrolovan\u00fd pohyb, v\u010faka \u010domu je ide\u00e1lny pre \u00falohy, ktor\u00e9 vy\u017eaduj\u00fa presn\u00e9 polohovanie, ako je zdv\u00edhanie a nastavovanie n\u00e1radia.<\/li>\n<li><strong>Pr\u00e9miov\u00e1 kon\u0161trukcia z nehrdzavej\u00facej ocele:<\/strong><br \/>\nTento hydraulick\u00fd valec je vyroben\u00fd z vysoko kvalitnej nehrdzavej\u00facej ocele a pon\u00faka v\u00fdnimo\u010dn\u00fa odolnos\u0165 vo\u010di kor\u00f3zii a opotrebeniu. T\u00e1to trvanlivos\u0165 zaru\u010duje, \u017ee vydr\u017e\u00ed n\u00e1ro\u010dn\u00e9 podmienky, ktor\u00e9 sa \u010dasto vyskytuj\u00fa v po\u013enohospod\u00e1rskom prostred\u00ed, \u010d\u00edm sa predl\u017euje jeho \u017eivotnos\u0165 a zachov\u00e1va spo\u013eahliv\u00fd v\u00fdkon.<\/li>\n<li><strong>Kompaktn\u00e1 ve\u013ekos\u0165:<\/strong><br \/>\nMal\u00e1 kon\u0161trukcia hydraulick\u00e9ho valca 10002 umo\u017e\u0148uje jednoduch\u00fa in\u0161tal\u00e1ciu v stiesnen\u00fdch priestoroch bez straty v\u00fdkonu alebo \u00fa\u010dinnosti. Jeho kompaktnos\u0165 ho rob\u00ed vhodn\u00fdm pre r\u00f4zne modely traktorov a aplik\u00e1cie, \u010do umo\u017e\u0148uje flexibilitu pri pou\u017e\u00edvan\u00ed.<\/li>\n<li><strong>Vysok\u00fd v\u00fdkon:<\/strong><br \/>\nTento hydraulick\u00fd valec, navrhnut\u00fd na dod\u00e1vanie silnej sily, je schopn\u00fd zvl\u00e1dnu\u0165 zna\u010dn\u00e9 za\u0165a\u017eenie, v\u010faka \u010domu je ide\u00e1lny pre cel\u00fd rad po\u013enohospod\u00e1rskych \u00faloh. Jeho vysok\u00fd v\u00fdkon zvy\u0161uje celkov\u00fa produktivitu prev\u00e1dzky traktora a zabezpe\u010duje efekt\u00edvne vykon\u00e1vanie \u00faloh.<\/li>\n<li><strong>V\u0161estrann\u00e9 aplik\u00e1cie:<\/strong><br \/>\nHydraulick\u00fd valec 10002 je ide\u00e1lny na r\u00f4zne aplik\u00e1cie vr\u00e1tane obr\u00e1bania p\u00f4dy, zdv\u00edhania a \u0165ahania. Jeho v\u0161estrannos\u0165 zaru\u010duje, \u017ee ho mo\u017eno efekt\u00edvne pou\u017e\u00edva\u0165 so \u0161irokou \u0161k\u00e1lou pr\u00edslu\u0161enstva traktora, \u010d\u00edm sa maximalizuje prev\u00e1dzkov\u00e1 efektivita.<\/li>\n<\/ul>\n<h4>Technick\u00e9 \u0161pecifik\u00e1cie:<\/h4>\n<table style=\"width: 94.2857%; height: 160px;\">\n<thead>\n<tr>\n<th>\u0160pecifik\u00e1cia<\/th>\n<th>Popis<\/th>\n<\/tr>\n<\/thead>\n<tbody>\n<tr>\n<td><strong>Ve\u013ekos\u0165 otvoru<\/strong><\/td>\n<td>Prisp\u00f4sobite\u013en\u00e9<\/td>\n<\/tr>\n<tr>\n<td><strong>D\u013a\u017eka zdvihu<\/strong><\/td>\n<td>R\u00f4zne dostupn\u00e9 mo\u017enosti<\/td>\n<\/tr>\n<tr>\n<td><strong>Maxim\u00e1lny tlak<\/strong><\/td>\n<td>A\u017e 3000 PSI<\/td>\n<\/tr>\n<tr>\n<td><strong>Materi\u00e1l<\/strong><\/td>\n<td>Vysokokvalitn\u00e1 nehrdzavej\u00faca oce\u013e<\/td>\n<\/tr>\n<tr>\n<td><strong>Typ pripojenia<\/strong><\/td>\n<td>Pr\u00edrubov\u00e9 alebo z\u00e1vitov\u00e9<\/td>\n<\/tr>\n<\/tbody>\n<\/table>\n<h4>Princ\u00edp fungovania:<\/h4>\n<p>Mal\u00fd dvoj\u010dinn\u00fd hydraulick\u00fd valec z nehrdzavej\u00facej ocele 10002 funguje na princ\u00edpe tlaku hydraulickej kvapaliny. Ke\u010f sa hydraulick\u00e1 kvapalina \u010derp\u00e1 do valca, p\u00f4sob\u00ed silou na piest, \u010d\u00edm sa vytv\u00e1ra line\u00e1rny pohyb v oboch smeroch. T\u00e1to dvoj\u010dinn\u00e1 funkcia umo\u017e\u0148uje efekt\u00edvne ovl\u00e1danie r\u00f4znych funkci\u00ed traktora, \u010d\u00edm sa zvy\u0161uje v\u00fdkon a produktivita.<\/p>\n<p>Stru\u010dne povedan\u00e9, mal\u00fd dvoj\u010dinn\u00fd hydraulick\u00fd valec 10002 Professional Craftsmanship z nehrdzavej\u00facej ocele je robustn\u00e9 a efekt\u00edvne rie\u0161enie pre traktorov\u00e9 aplik\u00e1cie. Jeho vysoko kvalitn\u00e1 kon\u0161trukcia, dvoj\u010dinn\u00fd dizajn a kompaktn\u00e9 rozmery z neho robia neocenite\u013en\u00fd n\u00e1stroj na zlep\u0161enie v\u00fdkonu a spo\u013eahlivosti po\u013enohospod\u00e1rskych strojov. \u010ci u\u017e ide o zdv\u00edhanie, nastavovanie alebo \u0165ahanie, tento hydraulick\u00fd valec je navrhnut\u00fd tak, aby sp\u013a\u0148al n\u00e1ro\u010dn\u00e9 potreby modern\u00e9ho po\u013enohospod\u00e1rstva.<\/p>\n<p><img decoding=\"async\" class=\"aligncenter\" src=\"https:\/\/hzpt.com\/wp-content\/uploads\/2023\/12\/random-4.webp\" alt=\"Tov\u00e1re\u0148 na v\u00fdrobu FMP\" title=\"\"><\/p>\n<h2>V\u00fdhody zv\u00e1ran\u00e9ho valca s T-kusom<\/h2>\n<ul>\n<li style=\"list-style-type: none;\">\n<ul>\n<li><strong>Zv\u00fd\u0161en\u00e1 pevnos\u0165:<\/strong> Zv\u00e1ran\u00e9 valce typu T s\u00fa zn\u00e1me svojou vysokou pevnos\u0165ou, v\u010faka \u010domu s\u00fa vhodn\u00e9 pre aplik\u00e1cie vy\u017eaduj\u00face zdv\u00edhanie \u0165a\u017ek\u00fdch bremien. Proces zv\u00e1rania pou\u017eit\u00fd pri v\u00fdrobe t\u00fdchto valcov zais\u0165uje, \u017ee valec nem\u00e1 slab\u00e9 miesta a odol\u00e1 vysok\u00e9mu tlaku a nam\u00e1haniu.<\/li>\n<\/ul>\n<\/li>\n<\/ul>\n<p>Ke\u010f sa na valec vyv\u00edja tlak, rovnomerne sa rozlo\u017e\u00ed po celom povrchu, v\u010faka \u010domu je odoln\u00fd vo\u010di deform\u00e1cii. T\u00e1to vlastnos\u0165 zais\u0165uje, \u017ee valec si zachov\u00e1 svoj tvar a \u0161truktur\u00e1lnu integritu aj v extr\u00e9mnych podmienkach.<\/p>\n<ul>\n<li style=\"list-style-type: none;\">\n<ul>\n<li><strong>Prevencia \u00faniku:<\/strong> Zv\u00e1ran\u00e9 valce typu T s\u00fa navrhnut\u00e9 tak, aby sa zabr\u00e1nilo \u00faniku. Proces zv\u00e1rania pou\u017eit\u00fd po\u010das v\u00fdrobn\u00e9ho procesu zais\u0165uje, \u017ee valec je \u00faplne utesnen\u00fd a bez ak\u00fdchko\u013evek mo\u017en\u00fdch \u00fanikov. V\u010faka tejto vlastnosti s\u00fa vhodn\u00e9 na pou\u017eitie v aplik\u00e1ci\u00e1ch, kde by \u00fanik mohol sp\u00f4sobi\u0165 v\u00e1\u017ene po\u0161kodenie alebo zranenie.<\/li>\n<\/ul>\n<\/li>\n<\/ul>\n<p>Zvarov\u00e9 spoje s\u00fa hladk\u00e9, bez ak\u00fdchko\u013evek \u0161trb\u00edn alebo dr\u00e1\u017eok, kde by sa mohli hromadi\u0165 ne\u010distoty alebo ne\u010distoty, \u010d\u00edm sa zni\u017euje riziko kor\u00f3zie a po\u0161kodenia valca.<\/p>\n<ul>\n<li style=\"list-style-type: none;\">\n<ul>\n<li><strong>Prisp\u00f4sobite\u013en\u00e9:<\/strong> Zv\u00e1ran\u00e9 valce s T-kusom je mo\u017en\u00e9 prisp\u00f4sobi\u0165 \u0161pecifick\u00fdm aplik\u00e1ci\u00e1m. Valce s\u00fa dostupn\u00e9 v r\u00f4znych ve\u013ekostiach a tvaroch a je mo\u017en\u00e9 ich vyrobi\u0165 tak, aby sp\u013a\u0148ali \u0161pecifick\u00e9 po\u017eiadavky aplik\u00e1cie.<\/li>\n<\/ul>\n<\/li>\n<\/ul>\n<p>Proces prisp\u00f4sobenia umo\u017e\u0148uje optimalizova\u0165 v\u00fdkon valca a zabezpe\u010di\u0165, aby bol vhodn\u00fd pre zam\u00fd\u0161\u013ean\u00e9 pou\u017eitie. T\u00e1to vlastnos\u0165 rob\u00ed zv\u00e1ran\u00e9 valce typu T ide\u00e1lne na pou\u017eitie v r\u00f4znych priemyseln\u00fdch aplik\u00e1ci\u00e1ch vr\u00e1tane stavebn\u00edctva, ban\u00edctva a manipul\u00e1cie s materi\u00e1lom.<\/p>\n<ul>\n<li style=\"list-style-type: none;\">\n<ul>\n<li><strong>Cenovo v\u00fdhodn\u00e9:<\/strong> Zv\u00e1ran\u00e9 valce typu T s\u00fa v porovnan\u00ed s in\u00fdmi typmi valcov n\u00e1kladovo efekt\u00edvne. V\u00fdrobn\u00fd proces pou\u017e\u00edvan\u00fd na v\u00fdrobu t\u00fdchto valcov je jednoduch\u00fd, v\u010faka \u010domu s\u00fa lacnej\u0161ie ako in\u00e9 typy valcov.<\/li>\n<\/ul>\n<\/li>\n<\/ul>\n<p>Vysok\u00e1 pevnos\u0165 a odolnos\u0165 zv\u00e1ran\u00fdch valcov typu T navy\u0161e zni\u017euje potrebu \u010dast\u00fdch opr\u00e1v a v\u00fdmen, \u010d\u00edm \u0161etr\u00ed n\u00e1klady na \u00fadr\u017ebu. T\u00e1to vlastnos\u0165 z nich rob\u00ed ob\u013e\u00faben\u00fa vo\u013ebu v mnoh\u00fdch odvetviach, najm\u00e4 v t\u00fdch s obmedzen\u00fdm rozpo\u010dtom.<\/p>\n<ul>\n<li style=\"list-style-type: none;\">\n<ul>\n<li><strong>Zv\u00fd\u0161en\u00e1 \u00fa\u010dinnos\u0165:<\/strong> Zv\u00e1ran\u00e9 valce typu T s\u00fa vysoko \u00fa\u010dinn\u00e9 a efekt\u00edvne. Kon\u0161trukcia valca zais\u0165uje, \u017ee aplikovan\u00e1 sila sa pren\u00e1\u0161a priamo na z\u00e1\u0165a\u017e, \u010d\u00edm sa zni\u017euj\u00fa straty energie a zvy\u0161uje sa \u00fa\u010dinnos\u0165.<\/li>\n<\/ul>\n<\/li>\n<\/ul>\n<p>Zvarov\u00e9 spoje s\u00fa pevn\u00e9 a tuh\u00e9, minimalizuj\u00fa priehyb a zabezpe\u010duj\u00fa, \u017ee valec si zachov\u00e1va svoj tvar a \u0161truktur\u00e1lnu integritu aj v extr\u00e9mnych podmienkach. V\u010faka tejto vlastnosti s\u00fa zvarov\u00e9 valce typu T ide\u00e1lne na pou\u017eitie v aplik\u00e1ci\u00e1ch vy\u017eaduj\u00facich vysok\u00fa \u00fa\u010dinnos\u0165 a spo\u013eahlivos\u0165.<\/p>\n<h2>Pou\u017eitie zv\u00e1ran\u00e9ho valca typu T<\/h2>\n<ol>\n<li>\n<h3>Automobilov\u00fd priemysel<\/h3>\n<p>Zv\u00e1ran\u00e9 valce typu T sa \u0161iroko pou\u017e\u00edvaj\u00fa v automobilovom priemysle. Pou\u017e\u00edvaj\u00fa sa vo dver\u00e1ch automobilov, zdvih\u00e1koch kapoty a kufra, strech\u00e1ch kabrioletov a syst\u00e9moch posil\u0148ova\u010dov riadenia. Tieto valce s\u00fa uprednost\u0148ovan\u00e9 kv\u00f4li ich schopnosti poskytova\u0165 vysok\u00fd v\u00fdkon s n\u00edzkymi priestorov\u00fdmi n\u00e1rokmi. Kon\u0161trukcia valca typu T je vhodn\u00e1 pre aplik\u00e1cie, kde je potrebn\u00e9 pren\u00e1\u0161a\u0165 silu v dvoch r\u00f4znych smeroch.<\/p>\n<p>Zv\u00e1ran\u00e1 kon\u0161trukcia t\u00fdchto valcov im navy\u0161e umo\u017e\u0148uje pracova\u0165 pri vysok\u00fdch teplot\u00e1ch a tlakoch bez ak\u00fdchko\u013evek \u00fanikov. V\u010faka tomu s\u00fa vhodn\u00e9 na pou\u017eitie v motoroch, prevodovk\u00e1ch a brzdov\u00fdch syst\u00e9moch.<\/li>\n<li>\n<h3>V\u00fdrobn\u00fd priemysel<\/h3>\n<p>Zv\u00e1ran\u00e9 valce typu T sa pou\u017e\u00edvaj\u00fa aj vo v\u00fdrobnom priemysle. Pou\u017e\u00edvaj\u00fa sa v hydraulick\u00fdch lisoch, kovac\u00edch strojoch a obr\u00e1bac\u00edch strojoch na kov. V\u010faka vysokej sile s\u00fa tieto valce ide\u00e1lne pre aplik\u00e1cie, kde je potrebn\u00e1 ve\u013ek\u00e1 sila v malom priestore.<\/p>\n<p>Kon\u0161trukcia valca typu T je tie\u017e vhodn\u00e1 pre aplik\u00e1cie, kde je potrebn\u00e9 pren\u00e1\u0161a\u0165 silu v dvoch r\u00f4znych smeroch. Napr\u00edklad v hydraulickom lise sa valec typu T m\u00f4\u017ee pou\u017ei\u0165 na p\u00f4sobenie sily vertik\u00e1lne aj horizont\u00e1lne, \u010do umo\u017e\u0148uje zlo\u017eitej\u0161ie v\u00fdrobn\u00e9 procesy.<\/li>\n<li>\n<h3>Leteck\u00fd priemysel<\/h3>\n<p>Zv\u00e1ran\u00e9 valce s T-kusom sa pou\u017e\u00edvaj\u00fa v leteckom priemysle na r\u00f4zne \u00fa\u010dely. Pou\u017e\u00edvaj\u00fa sa v syst\u00e9moch podvozkov, n\u00e1kladn\u00fdch dver\u00e1ch a syst\u00e9moch riadenia letu. V\u010faka vysokej sile a kompaktnej kon\u0161trukcii s\u00fa tieto valce ide\u00e1lne na pou\u017eitie v obmedzenom priestore lietadla.<\/p>\n<p>Zv\u00e1ran\u00e1 kon\u0161trukcia t\u00fdchto valcov ich tie\u017e rob\u00ed odoln\u00fdmi vo\u010di vysok\u00fdm tlakom a teplot\u00e1m, ktor\u00fdm s\u00fa vystaven\u00e9 po\u010das letu. Okrem toho, kon\u0161trukcia valca v tvare T umo\u017e\u0148uje prenos sily v dvoch r\u00f4znych smeroch, v\u010faka \u010domu je vhodn\u00fd pre aplik\u00e1cie, kde je potrebn\u00e9 silu aplikova\u0165 pod uhlom.<\/li>\n<li>\n<h3>Stavebn\u00fd priemysel<\/h3>\n<p>Zv\u00e1ran\u00e9 valce typu T sa pou\u017e\u00edvaj\u00fa v stavebn\u00edctve na zdv\u00edhanie a premiest\u0148ovanie \u0165a\u017ek\u00fdch bremien. Pou\u017e\u00edvaj\u00fa sa v \u017eeriavoch, bagroch a r\u00fdpadl\u00e1ch-naklada\u010doch. V\u010faka vysokej sile a kompaktnej kon\u0161trukcii s\u00fa tieto valce ide\u00e1lne na pou\u017eitie v obmedzenom priestore na stavenisku.<\/p>\n<p>Kon\u0161trukcia valca v tvare T umo\u017e\u0148uje prenos sily v dvoch r\u00f4znych smeroch, v\u010faka \u010domu je vhodn\u00fd pre aplik\u00e1cie, kde je potrebn\u00e9 silu p\u00f4sobi\u0165 pod uhlom. Zv\u00e1ran\u00e1 kon\u0161trukcia t\u00fdchto valcov im navy\u0161e umo\u017e\u0148uje pracova\u0165 pri vysok\u00fdch tlakoch a teplot\u00e1ch bez ak\u00fdchko\u013evek \u00fanikov, v\u010faka \u010domu s\u00fa vhodn\u00e9 na pou\u017eitie v n\u00e1ro\u010dn\u00fdch vonkaj\u0161\u00edch podmienkach.<\/li>\n<\/ol>\n<p><img loading=\"lazy\" decoding=\"async\" class=\"size-full wp-image-974 aligncenter\" src=\"https:\/\/fmp-components.com\/wp-content\/uploads\/2024\/12\/application-of-Welded-Tee-Type-Cylinder.webp\" alt=\"aplik\u00e1cia zv\u00e1ran\u00e9ho valca s T-kusom\" width=\"760\" height=\"860\" title=\"\" srcset=\"https:\/\/fmp-components.com\/wp-content\/uploads\/2024\/12\/application-of-Welded-Tee-Type-Cylinder.webp 760w, https:\/\/fmp-components.com\/wp-content\/uploads\/2024\/12\/application-of-Welded-Tee-Type-Cylinder-480x543.webp 480w\" sizes=\"(min-width: 0px) and (max-width: 480px) 480px, (min-width: 481px) 760px, 100vw\" \/><\/p>\n<h3>O FMP<\/h3>\n<p>FMP je zaveden\u00fd v\u00fdrobca hydraulick\u00fdch valcov s viac ako 30-ro\u010dn\u00fdmi sk\u00fasenos\u0165ami v tomto odvetv\u00ed so s\u00eddlom v Taliansku. \u0160pecializujeme sa na v\u00fdrobu \u0161irokej \u0161k\u00e1ly hydraulick\u00fdch valcov a tie\u017e poskytujeme mo\u017enosti prisp\u00f4sobenia, aby sme splnili \u0161pecifick\u00e9 potreby na\u0161ich z\u00e1kazn\u00edkov.<\/p>\n<p>Tu je p\u00e4\u0165 d\u00f4vodov, pre\u010do by ste si mali pre svoje potreby v oblasti hydraulick\u00fdch valcov vybra\u0165 FMP:<\/p>\n<p>1. Najmodernej\u0161ie vybavenie<\/p>\n<p>Disponujeme viac ako 100 kusmi modern\u00e9ho vybavenia vr\u00e1tane automatick\u00fdch zv\u00e1ra\u010diek v ochrannej atmosf\u00e9re plynu, v\u0155ta\u010diek na hlbok\u00e9 otvory, CNC s\u00fastruhov, valcov\u00fdch br\u00fasok, automatick\u00fdch \u010distiacich strojov, automatick\u00fdch mont\u00e1\u017enych strojov, automatick\u00fdch sk\u00fa\u0161obn\u00fdch stol\u00edc na hydraulick\u00e9 valce, automatick\u00fdch lakovac\u00edch liniek a \u010fal\u0161\u00edch. V\u010faka n\u00e1\u0161mu modern\u00e9mu strojov\u00e9mu vybaveniu m\u00f4\u017eeme zaru\u010di\u0165 kvalitu a presnos\u0165 na\u0161ich hydraulick\u00fdch valcov.<\/p>\n<p>2. Pr\u00edsna kontrola kvality<\/p>\n<p>V\u0161etky na\u0161e hydraulick\u00e9 valce prech\u00e1dzaj\u00fa pr\u00edsnym spracovan\u00edm a kontrolou, aby sme zabezpe\u010dili, \u017ee sp\u013a\u0148aj\u00fa na\u0161e vysok\u00e9 \u0161tandardy kvality. Sna\u017e\u00edme sa poskytova\u0165 na\u0161im z\u00e1kazn\u00edkom tie najlep\u0161ie mo\u017en\u00e9 produkty.<\/p>\n<p>3. Dizajn\u00e9rske slu\u017eby<\/p>\n<p>N\u00e1\u0161 sk\u00fasen\u00fd dizajn\u00e9rsky t\u00edm v\u00e1m m\u00f4\u017ee pom\u00f4c\u0165 s v\u00fdvojom nov\u00fdch produktov alebo s vylep\u0161eniami existuj\u00facich. Po\u010das cel\u00e9ho procesu n\u00e1vrhu v\u00e1m vieme poskytn\u00fa\u0165 odborn\u00e9 poradenstvo a podporu.<\/p>\n<p>4. Kompletn\u00fd servis produktov<\/p>\n<p>Pon\u00fakame kompletn\u00fd sortiment slu\u017eieb, od v\u00fdberu surov\u00edn a\u017e po prepravu. N\u00e1\u0161 proces zah\u0155\u0148a rezanie, hrub\u00e9 spracovanie, testovanie, \u010distenie, mont\u00e1\u017e, balenie a \u010fal\u0161ie. Na\u0161im z\u00e1kazn\u00edkom poskytujeme komplexn\u00e9 slu\u017eby, aby sme zabezpe\u010dili ich spokojnos\u0165 s ich hydraulick\u00fdmi valcami.<\/p>\n<p>5. V\u00fdskum a v\u00fdvoj<\/p>\n<p>Neust\u00e1le sk\u00famame najnov\u0161ie trendy na trhu a vyv\u00edjame nov\u00e9 modely hydraulick\u00fdch valcov, aby sme splnili potreby na\u0161ich z\u00e1kazn\u00edkov. Zaviazali sme sa zosta\u0165 na \u010dele odvetvia a poskytova\u0165 na\u0161im z\u00e1kazn\u00edkom inovat\u00edvne rie\u0161enia.<\/p>\n<p><img decoding=\"async\" src=\"https:\/\/fmp-components.com\/wp-content\/uploads\/2024\/12\/fmp-factory-4.webp\" alt=\"Tov\u00e1re\u0148 na v\u00fdrobu FMP\" width=\"800\" title=\"\"><br \/>\nAutor: CX<\/p>","protected":false},"excerpt":{"rendered":"<p>The 10002 Professional Craftsmanship Small Double Acting Stainless Steel Hydraulic Cylinder is engineered for optimal performance in tractor applications. Combining innovative design with high-quality materials, this hydraulic cylinder is an essential tool for enhancing the efficiency and effectiveness of your agricultural operations. Key Features: Double Acting Design: This hydraulic cylinder operates in both extension and [&hellip;]<\/p>","protected":false},"featured_media":1133,"comment_status":"closed","ping_status":"closed","template":"","meta":{"_et_pb_use_builder":"","_et_pb_old_content":"","_et_gb_content_width":""},"product_brand":[],"product_cat":[31],"product_tag":[34,35],"class_list":{"0":"post-921","1":"product","2":"type-product","3":"status-publish","4":"has-post-thumbnail","6":"product_cat-welded-tee-type-cylinder","7":"product_tag-hydraulic-cylinder","8":"product_tag-welded-tee-type-cylinder","10":"first","11":"instock","12":"product-type-simple"},"_links":{"self":[{"href":"https:\/\/fmp-components.com\/sk\/wp-json\/wp\/v2\/product\/921","targetHints":{"allow":["GET"]}}],"collection":[{"href":"https:\/\/fmp-components.com\/sk\/wp-json\/wp\/v2\/product"}],"about":[{"href":"https:\/\/fmp-components.com\/sk\/wp-json\/wp\/v2\/types\/product"}],"replies":[{"embeddable":true,"href":"https:\/\/fmp-components.com\/sk\/wp-json\/wp\/v2\/comments?post=921"}],"wp:featuredmedia":[{"embeddable":true,"href":"https:\/\/fmp-components.com\/sk\/wp-json\/wp\/v2\/media\/1133"}],"wp:attachment":[{"href":"https:\/\/fmp-components.com\/sk\/wp-json\/wp\/v2\/media?parent=921"}],"wp:term":[{"taxonomy":"product_brand","embeddable":true,"href":"https:\/\/fmp-components.com\/sk\/wp-json\/wp\/v2\/product_brand?post=921"},{"taxonomy":"product_cat","embeddable":true,"href":"https:\/\/fmp-components.com\/sk\/wp-json\/wp\/v2\/product_cat?post=921"},{"taxonomy":"product_tag","embeddable":true,"href":"https:\/\/fmp-components.com\/sk\/wp-json\/wp\/v2\/product_tag?post=921"}],"curies":[{"name":"pracovn\u00fd list","href":"https:\/\/api.w.org\/{rel}","templated":true}]}}