{"id":885,"date":"2024-12-19T02:48:59","date_gmt":"2024-12-19T02:48:59","guid":{"rendered":"https:\/\/fmp-components.com\/?page_id=8"},"modified":"2024-12-19T02:50:44","modified_gmt":"2024-12-19T02:50:44","slug":"hydraulic-cylinder-for-double-shield-tunnel-boring-machine","status":"publish","type":"product","link":"https:\/\/fmp-components.com\/sk\/product\/hydraulic-cylinder-for-double-shield-tunnel-boring-machine\/","title":{"rendered":"Hydraulick\u00fd valec pre dvoj\u0161t\u00edtov\u00fd tunelov\u00fd v\u0155tac\u00ed stroj"},"content":{"rendered":"<p style=\"text-align: center;\"><span style=\"font-size: 18pt;\">Hydraulick\u00fd valec pre dvoj\u0161t\u00edtov\u00fd tunelov\u00fd v\u0155tac\u00ed stroj<\/span><\/p>\n<p>Hydraulick\u00fd valec pre dvojpl\u00e1\u0161\u0165ov\u00e9 tunelov\u00e9 raziace stroje je z\u00e1kladn\u00fdm komponentom navrhnut\u00fdm na zv\u00fd\u0161enie \u00fa\u010dinnosti a presnosti razenia tunelov. Tento pokro\u010dil\u00fd hydraulick\u00fd syst\u00e9m umo\u017e\u0148uje efekt\u00edvnu prev\u00e1dzku v r\u00e1mci jedine\u010dn\u00e9ho dvojpl\u00e1\u0161\u0165ov\u00e9ho r\u00e1mu, \u010do umo\u017e\u0148uje s\u00fa\u010dasn\u00e9 razenie tunelov a in\u0161tal\u00e1ciu podpier.<\/p>\n<p><img loading=\"lazy\" decoding=\"async\" class=\"alignnone size-full wp-image-911\" src=\"https:\/\/fmp-components.com\/wp-content\/uploads\/2024\/12\/Double-Shield-Tunnel-Boring-Machine-Support-Shoe-Cylinder-1.webp\" alt=\"Dvojit\u00fd \u0161t\u00edtov\u00fd valec na podopieranie p\u00e4tky tunelov\u00e9ho v\u0155tacieho stroja\" width=\"980\" height=\"554\" title=\"\" srcset=\"https:\/\/fmp-components.com\/wp-content\/uploads\/2024\/12\/Double-Shield-Tunnel-Boring-Machine-Support-Shoe-Cylinder-1.webp 980w, https:\/\/fmp-components.com\/wp-content\/uploads\/2024\/12\/Double-Shield-Tunnel-Boring-Machine-Support-Shoe-Cylinder-1-480x271.webp 480w\" sizes=\"(min-width: 0px) and (max-width: 480px) 480px, (min-width: 481px) 980px, 100vw\" \/><\/p>\n<h4>K\u013e\u00fa\u010dov\u00e9 vlastnosti:<\/h4>\n<ul>\n<li><strong>Vysok\u00e1 \u0165ahov\u00e1 kapacita:<\/strong><br \/>\nTieto hydraulick\u00e9 valce, navrhnut\u00e9 tak, aby dod\u00e1vali zna\u010dn\u00fa silu, umo\u017e\u0148uj\u00fa r\u00fdchle v\u00fdkopov\u00e9 pr\u00e1ce, \u010d\u00edm v\u00fdrazne skracuj\u00fa \u010dasov\u00fd harmonogram projektu a zlep\u0161uj\u00fa celkov\u00fa produktivitu.<\/li>\n<li><strong>Robustn\u00e1 odolnos\u0165:<\/strong><br \/>\nValce s\u00fa vyroben\u00e9 z vysokopevnostn\u00fdch materi\u00e1lov a s\u00fa skon\u0161truovan\u00e9 tak, aby odolali drsn\u00fdm podmienkam, s ktor\u00fdmi sa stret\u00e1vame pri razen\u00ed tunelov, a zabezpe\u010duj\u00fa tak dlhotrvaj\u00faci v\u00fdkon a spo\u013eahlivos\u0165.<\/li>\n<li><strong>Presn\u00e9 ovl\u00e1danie:<\/strong><br \/>\nHydraulick\u00fd syst\u00e9m umo\u017e\u0148uje presn\u00fd pohyb a ovl\u00e1danie v\u0155tacieho stroja, \u010do umo\u017e\u0148uje presn\u00e9 zarovnanie a razenie tunelov, \u010do je k\u013e\u00fa\u010dov\u00e9 pre splnenie projektov\u00fdch \u0161pecifik\u00e1ci\u00ed a bezpe\u010dnostn\u00fdch noriem.<\/li>\n<li><strong>Zv\u00fd\u0161en\u00e1 stabilita:<\/strong><br \/>\nTieto valce prispievaj\u00fa k celkovej stabilite syst\u00e9mu dvojit\u00e9ho \u0161t\u00edtu, zabezpe\u010duj\u00fa bezpe\u010dn\u00fa prev\u00e1dzku v r\u00f4znych geologick\u00fdch form\u00e1ci\u00e1ch a minimalizuj\u00fa riziko neh\u00f4d.<\/li>\n<li><strong>V\u0161estrann\u00e9 aplik\u00e1cie:<\/strong><br \/>\nTieto hydraulick\u00e9 valce s\u00fa vhodn\u00e9 pre \u0161irok\u00fa \u0161k\u00e1lu projektov vr\u00e1tane syst\u00e9mov metra, tunelov in\u017einierskych siet\u00ed a rozvoja infra\u0161trukt\u00fary a s\u00fa prisp\u00f4sobite\u013en\u00e9 r\u00f4znym potreb\u00e1m pri razen\u00ed tunelov.<\/li>\n<li><strong>N\u00edzke n\u00e1roky na \u00fadr\u017ebu:<\/strong><br \/>\nOdoln\u00e1 kon\u0161trukcia zni\u017euje opotrebovanie, \u010do vedie k ni\u017e\u0161\u00edm n\u00e1kladom na \u00fadr\u017ebu a krat\u0161\u00edm prestojom, \u010do zvy\u0161uje celkov\u00fa efektivitu projektu.<\/li>\n<li><strong>Pokro\u010dil\u00e9 bezpe\u010dnostn\u00e9 funkcie:<\/strong><br \/>\nTieto hydraulick\u00e9 valce s\u00fa vybaven\u00e9 bezpe\u010dnostn\u00fdmi mechanizmami, ktor\u00e9 zabra\u0148uj\u00fa n\u00e1hodn\u00e9mu uvo\u013eneniu, a zais\u0165uj\u00fa bezpe\u010dn\u00fa prev\u00e1dzku, \u010d\u00edm chr\u00e1nia pos\u00e1dku aj stroje po\u010das v\u00fdkopov\u00fdch pr\u00e1c.<\/li>\n<\/ul>\n<p>Hydraulick\u00fd valec pre dvojpl\u00e1\u0161\u0165ov\u00e9 tunelov\u00e9 raziace stroje je d\u00f4le\u017eitou s\u00fa\u010das\u0165ou modernej tunelovacej technol\u00f3gie, ktor\u00e1 poskytuje vysok\u00fd v\u00fdkon, odolnos\u0165 a bezpe\u010dnos\u0165. Jeho integr\u00e1cia do tunelov\u00fdch raziacich strojov v\u00fdrazne zvy\u0161uje efektivitu a \u00faspe\u0161nos\u0165 podzemn\u00fdch stavebn\u00fdch projektov, v\u010faka \u010domu je nevyhnutn\u00fd pre rozvoj infra\u0161trukt\u00fary.<\/p>\n<h2>Dvojit\u00fd \u0161t\u00edtov\u00fd valec na podporu p\u00e4tky tunelov\u00e9ho v\u0155tacieho stroja<\/h2>\n<p><img loading=\"lazy\" decoding=\"async\" class=\"size-full wp-image-912 aligncenter\" src=\"https:\/\/fmp-components.com\/wp-content\/uploads\/2024\/12\/Double-Shield-Tunnel-Boring-Machine-Support-Shoe-Cylinder.webp\" alt=\"Dvojit\u00fd \u0161t\u00edtov\u00fd valec na podporu p\u00e4tky tunelov\u00e9ho v\u0155tacieho stroja\" width=\"500\" height=\"200\" title=\"\" srcset=\"https:\/\/fmp-components.com\/wp-content\/uploads\/2024\/12\/Double-Shield-Tunnel-Boring-Machine-Support-Shoe-Cylinder.webp 500w, https:\/\/fmp-components.com\/wp-content\/uploads\/2024\/12\/Double-Shield-Tunnel-Boring-Machine-Support-Shoe-Cylinder-480x192.webp 480w\" sizes=\"(min-width: 0px) and (max-width: 480px) 480px, (min-width: 481px) 500px, 100vw\" \/><\/p>\n<table style=\"width: 94.1786%; height: 146px;\" border=\"1\" cellspacing=\"0\" cellpadding=\"0\">\n<tbody>\n<tr>\n<td>N\u00e1zov produktu<\/td>\n<td>Dvojit\u00fd \u0161t\u00edtov\u00fd valec na podporu p\u00e4tky tunelov\u00e9ho v\u0155tacieho stroja<\/td>\n<\/tr>\n<tr>\n<td>Vlastnosti:<\/td>\n<td>Poskytuje posuv pri razen\u00ed tunelov fr\u00e9zovacou hlavou<\/td>\n<\/tr>\n<tr>\n<td>Priemer otvoru:<\/td>\n<td>320 mm\uff5e700 mm<\/td>\n<\/tr>\n<tr>\n<td>Priemer ty\u010de:<\/td>\n<td>220 mm\uff5e500 mm<br \/>\nZdvih: 300 mm\uff5e1200 mm<\/td>\n<\/tr>\n<tr>\n<td>Tlak:<\/td>\n<td>a\u017e 35 MPa<\/td>\n<\/tr>\n<tr>\n<td>Aplik\u00e1cie:<\/td>\n<td>Dvojit\u00fd \u0161t\u00edtov\u00fd tunelov\u00fd v\u0155tac\u00ed stroj<\/td>\n<\/tr>\n<\/tbody>\n<\/table>\n<h2>Kr\u00fatiaci moment valca pre tunelov\u00fd v\u0155tac\u00ed stroj s dvojit\u00fdm \u0161t\u00edtom<\/h2>\n<p><img loading=\"lazy\" decoding=\"async\" class=\"size-full wp-image-907 aligncenter\" src=\"https:\/\/fmp-components.com\/wp-content\/uploads\/2024\/12\/Double-Shield-Tunnel-Boring-Machine-Torque-Cylinder.webp\" alt=\"Kr\u00fatiaci moment valca pre tunelov\u00fd v\u0155tac\u00ed stroj s dvojit\u00fdm \u0161t\u00edtom\" width=\"500\" height=\"200\" title=\"\" srcset=\"https:\/\/fmp-components.com\/wp-content\/uploads\/2024\/12\/Double-Shield-Tunnel-Boring-Machine-Torque-Cylinder.webp 500w, https:\/\/fmp-components.com\/wp-content\/uploads\/2024\/12\/Double-Shield-Tunnel-Boring-Machine-Torque-Cylinder-480x192.webp 480w\" sizes=\"(min-width: 0px) and (max-width: 480px) 480px, (min-width: 481px) 500px, 100vw\" \/><\/p>\n<table style=\"width: 94.832%; height: 150px;\" border=\"1\" cellspacing=\"0\" cellpadding=\"0\">\n<tbody>\n<tr>\n<td>N\u00e1zov produktu<\/td>\n<td>Kr\u00fatiaci moment valca pre tunelov\u00fd v\u0155tac\u00ed stroj s dvojit\u00fdm \u0161t\u00edtom<\/td>\n<\/tr>\n<tr>\n<td>Vlastnosti:<\/td>\n<td>Pren\u00e1\u0161ajte kr\u00fatiaci moment fr\u00e9zovacej hlavy<\/td>\n<\/tr>\n<tr>\n<td>\u0160pecifik\u00e1cia:<\/td>\n<td>R\u00f4zne kon\u0161trukcie a \u0161pecifik\u00e1cie momentov\u00fdch valcov je mo\u017en\u00e9 navrhn\u00fa\u0165 a vyrobi\u0165 pod\u013ea po\u017eiadaviek z\u00e1kazn\u00edka.<\/td>\n<\/tr>\n<tr>\n<td>Tlak:<\/td>\n<td>do 25 MPa<br \/>\n\u0160peci\u00e1lne po\u017eiadavky do 35 MPa<\/td>\n<\/tr>\n<tr>\n<td>Aplik\u00e1cie:<\/td>\n<td>Dvojit\u00fd \u0161t\u00edtov\u00fd tunelov\u00fd v\u0155tac\u00ed stroj<\/td>\n<\/tr>\n<\/tbody>\n<\/table>\n<h2>Hlavn\u00fd pr\u00edtla\u010dn\u00fd valec tunelov\u00e9ho v\u0155tacieho stroja s dvojit\u00fdm \u0161t\u00edtom<\/h2>\n<p><img loading=\"lazy\" decoding=\"async\" class=\"size-full wp-image-906 aligncenter\" src=\"https:\/\/fmp-components.com\/wp-content\/uploads\/2024\/12\/Double-Shield-Tunnel-Boring-Machine-Main-Thrust-Cylinder.webp\" alt=\"Hlavn\u00fd pr\u00edtla\u010dn\u00fd valec tunelov\u00e9ho v\u0155tacieho stroja s dvojit\u00fdm \u0161t\u00edtom\" width=\"500\" height=\"200\" title=\"\" srcset=\"https:\/\/fmp-components.com\/wp-content\/uploads\/2024\/12\/Double-Shield-Tunnel-Boring-Machine-Main-Thrust-Cylinder.webp 500w, https:\/\/fmp-components.com\/wp-content\/uploads\/2024\/12\/Double-Shield-Tunnel-Boring-Machine-Main-Thrust-Cylinder-480x192.webp 480w\" sizes=\"(min-width: 0px) and (max-width: 480px) 480px, (min-width: 481px) 500px, 100vw\" \/><\/p>\n<table style=\"width: 96.1207%; height: 146px;\" border=\"1\" cellspacing=\"0\" cellpadding=\"0\">\n<tbody>\n<tr>\n<td>N\u00e1zov produktu<\/td>\n<td>Hlavn\u00fd pr\u00edtla\u010dn\u00fd valec tunelov\u00e9ho v\u0155tacieho stroja s dvojit\u00fdm \u0161t\u00edtom<\/td>\n<\/tr>\n<tr>\n<td>Vlastnosti:<\/td>\n<td>Zabezpe\u010di\u0165 \u0165ah TBM pri razen\u00ed tunelov vpred<\/td>\n<\/tr>\n<tr>\n<td>Priemer otvoru:<\/td>\n<td>220 mm\uff5e380 mm<\/td>\n<\/tr>\n<tr>\n<td>Priemer ty\u010de:<\/td>\n<td>150 mm\uff5e280 mm<br \/>\nZdvih: 1100 mm\uff5e1700 mm<\/td>\n<\/tr>\n<tr>\n<td>Tlak:<\/td>\n<td>a\u017e 35 MPa<\/td>\n<\/tr>\n<tr>\n<td>Aplik\u00e1cie:<\/td>\n<td>Dvojit\u00fd \u0161t\u00edtov\u00fd tunelov\u00fd v\u0155tac\u00ed stroj<\/td>\n<\/tr>\n<\/tbody>\n<\/table>\n<h2>Pomocn\u00fd pr\u00edtla\u010dn\u00fd valec pre dvoj\u0161t\u00edtov\u00fd tunelov\u00fd v\u0155tac\u00ed stroj<\/h2>\n<p><img loading=\"lazy\" decoding=\"async\" class=\"size-full wp-image-904 aligncenter\" src=\"https:\/\/fmp-components.com\/wp-content\/uploads\/2024\/12\/Double-Shield-Tunnel-Boring-Machine-Auxiliary-Thrust-Cylinder.webp\" alt=\"Pomocn\u00fd pr\u00edtla\u010dn\u00fd valec pre dvoj\u0161t\u00edtov\u00fd tunelov\u00fd v\u0155tac\u00ed stroj\" width=\"500\" height=\"200\" title=\"\" srcset=\"https:\/\/fmp-components.com\/wp-content\/uploads\/2024\/12\/Double-Shield-Tunnel-Boring-Machine-Auxiliary-Thrust-Cylinder.webp 500w, https:\/\/fmp-components.com\/wp-content\/uploads\/2024\/12\/Double-Shield-Tunnel-Boring-Machine-Auxiliary-Thrust-Cylinder-480x192.webp 480w\" sizes=\"(min-width: 0px) and (max-width: 480px) 480px, (min-width: 481px) 500px, 100vw\" \/><\/p>\n<table style=\"width: 97.5599%; height: 190px;\" border=\"1\" cellspacing=\"0\" cellpadding=\"0\">\n<tbody>\n<tr>\n<td>N\u00e1zov produktu<\/td>\n<td>Pomocn\u00fd pr\u00edtla\u010dn\u00fd valec pre dvoj\u0161t\u00edtov\u00fd tunelov\u00fd v\u0155tac\u00ed stroj<\/td>\n<\/tr>\n<tr>\n<td>Vlastnosti:<\/td>\n<td>Spoliehanie sa na reak\u010dn\u00fa silu pomocn\u00e9ho tla\u010dn\u00e9ho valca na zatla\u010denie r\u00farkov\u00e9ho kusu, aby sa TBM pohyboval dopredu<\/td>\n<\/tr>\n<tr>\n<td>Priemer otvoru:<\/td>\n<td>220 mm\uff5e320 mm<\/td>\n<\/tr>\n<tr>\n<td>Priemer ty\u010de:<\/td>\n<td>180 mm\uff5e240 mm<br \/>\nZdvih: 2100 mm\uff5e2600 mm<\/td>\n<\/tr>\n<tr>\n<td>Tlak:<\/td>\n<td>a\u017e 35 MPa<br \/>\n\u0160peci\u00e1lne po\u017eiadavky do 45 MPa<\/td>\n<\/tr>\n<tr>\n<td>Aplik\u00e1cie:<\/td>\n<td>Dvojit\u00fd \u0161t\u00edtov\u00fd tunelov\u00fd v\u0155tac\u00ed stroj<\/td>\n<\/tr>\n<\/tbody>\n<\/table>\n<h3><\/h3>\n<h3>Ako funguje hydraulick\u00fd valec pre dvojpl\u00e1\u0161\u0165ov\u00fd tunelov\u00fd v\u0155tac\u00ed stroj?<\/h3>\n<p>Hydraulick\u00fd valec v dvojpl\u00e1\u0161\u0165ovom tunelovom v\u0155tacom stroji (TBM) zohr\u00e1va k\u013e\u00fa\u010dov\u00fa \u00falohu v procese razenia tunelov. Tu je preh\u013ead jeho fungovania:<\/p>\n<ul>\n<li><strong>V\u00fdroba hydraulickej energie:<\/strong><br \/>\nHydraulick\u00fd syst\u00e9m generuje energiu pomocou hydraulickej kvapaliny, ktor\u00e1 je natlakovan\u00e1 hydraulick\u00fdmi \u010derpadlami. Toto natlakovanie vytv\u00e1ra silu, ktor\u00e1 sa pren\u00e1\u0161a do hydraulick\u00fdch valcov.<\/li>\n<li><strong>Generovanie \u0165ahu:<\/strong><br \/>\nHydraulick\u00fd valec premie\u0148a energiu hydraulickej kvapaliny na mechanick\u00fa energiu a poskytuje hydraulick\u00e9mu valcu tlak. Tento tlak tla\u010d\u00ed stroj dopredu do skaly alebo p\u00f4dy, \u010do umo\u017e\u0148uje efekt\u00edvne v\u00fdkopov\u00e9 pr\u00e1ce.<\/li>\n<li><strong>Mechanizmus dvojit\u00e9ho \u0161t\u00edtu:<\/strong><br \/>\nV dvoj\u0161t\u00edtovom TBM s\u00fa dva \u0161t\u00edty: predn\u00fd \u0161t\u00edt (rezac\u00ed \u0161t\u00edt) a zadn\u00fd \u0161t\u00edt (podporn\u00fd \u0161t\u00edt). Do oboch \u0161t\u00edtov s\u00fa integrovan\u00e9 hydraulick\u00e9 valce, \u010do umo\u017e\u0148uje s\u00fa\u010dasn\u00e9 v\u00fdkopov\u00e9 pr\u00e1ce a in\u0161tal\u00e1ciu podpier.<\/li>\n<li><strong>Obsluha rezacej hlavy:<\/strong><br \/>\nHydraulick\u00e9 valce ovl\u00e1daj\u00fa pohyb reznej hlavy v prednej \u010dasti TBM. Vys\u00favan\u00edm a zas\u00favan\u00edm pom\u00e1haj\u00fa umiestni\u0165 rezn\u00e9 n\u00e1stroje tak, aby efekt\u00edvne prer\u00e1\u017eali zem.<\/li>\n<\/ul>\n<p><img loading=\"lazy\" decoding=\"async\" class=\"alignnone size-full wp-image-909\" src=\"https:\/\/fmp-components.com\/wp-content\/uploads\/2024\/12\/Double-Shield-Tunnel-Boring-Machine-Torque-Cylinder-1.webp\" alt=\"Dvojit\u00fd \u0161t\u00edtov\u00fd kr\u00fatiaci momentov\u00fd valec na tunelov\u00e9 v\u0155tanie\" width=\"1024\" height=\"555\" title=\"\" srcset=\"https:\/\/fmp-components.com\/wp-content\/uploads\/2024\/12\/Double-Shield-Tunnel-Boring-Machine-Torque-Cylinder-1.webp 1024w, https:\/\/fmp-components.com\/wp-content\/uploads\/2024\/12\/Double-Shield-Tunnel-Boring-Machine-Torque-Cylinder-1-980x531.webp 980w, https:\/\/fmp-components.com\/wp-content\/uploads\/2024\/12\/Double-Shield-Tunnel-Boring-Machine-Torque-Cylinder-1-480x260.webp 480w\" sizes=\"(min-width: 0px) and (max-width: 480px) 480px, (min-width: 481px) and (max-width: 980px) 980px, (min-width: 981px) 1024px, 100vw\" \/><\/p>\n<ul>\n<li><strong>In\u0161tal\u00e1cia podpory:<\/strong><br \/>\nAko sa stroj pohybuje vpred, zadn\u00fd \u0161t\u00edt vyu\u017e\u00edva hydraulick\u00e9 valce na in\u0161tal\u00e1ciu nosn\u00fdch kon\u0161trukci\u00ed (ako s\u00fa segmenty alebo vlo\u017eky) za rezn\u00fa hlavu, \u010d\u00edm sa zabezpe\u010duje stabilita tunela po\u010das razenia.<\/li>\n<li><strong>Riadenie sp\u00e4tnej v\u00e4zby:<\/strong><br \/>\nHydraulick\u00fd syst\u00e9m je vybaven\u00fd senzormi a riadiacimi syst\u00e9mami, ktor\u00e9 monitoruj\u00fa tlak a polohu hydraulick\u00fdch valcov. T\u00e1to sp\u00e4tn\u00e1 v\u00e4zba umo\u017e\u0148uje presn\u00e9 nastavenie a zais\u0165uje optim\u00e1lny v\u00fdkon a bezpe\u010dnos\u0165.<\/li>\n<li><strong>Stabilita a bezpe\u010dnos\u0165:<\/strong><br \/>\nHydraulick\u00e9 valce prispievaj\u00fa k celkovej stabilite TBM, pom\u00e1haj\u00fa udr\u017eiava\u0165 vyrovnanie a rovnov\u00e1hu, \u010do zni\u017euje riziko neh\u00f4d a prev\u00e1dzkov\u00fdch preru\u0161en\u00ed.<\/li>\n<li><strong>Prisp\u00f4sobivos\u0165:<\/strong><br \/>\nHydraulick\u00fd syst\u00e9m je mo\u017en\u00e9 nastavi\u0165 tak, aby vyhovoval r\u00f4znym typom p\u00f4dy a geologick\u00fdm podmienkam, v\u010faka \u010domu je v\u0161estrann\u00fd pre r\u00f4zne tunelovacie projekty.<\/li>\n<\/ul>\n<p>V\u010faka efekt\u00edvnemu riadeniu \u0165ahu, stability a podopretia s\u00fa hydraulick\u00e9 valce v dvojpl\u00e1\u0161\u0165ovom tunelovom v\u0155tacom stroji nevyhnutn\u00e9 pre \u00faspe\u0161n\u00e9 a bezpe\u010dn\u00e9 razenie tunelov, \u010d\u00edm sa zvy\u0161uje efektivita a spo\u013eahlivos\u0165 modernej podzemnej v\u00fdstavby.<\/p>\n<p><img loading=\"lazy\" decoding=\"async\" class=\"alignnone  wp-image-914\" src=\"https:\/\/fmp-components.com\/wp-content\/uploads\/2024\/12\/Double-Shield-Tunnel-Boring-Machine-Main-Thrust-Cylinder-1.webp\" alt=\"Hlavn\u00fd pr\u00edtla\u010dn\u00fd valec tunelov\u00e9ho v\u0155tacieho stroja s dvojit\u00fdm \u0161t\u00edtom\" width=\"907\" height=\"305\" title=\"\" srcset=\"https:\/\/fmp-components.com\/wp-content\/uploads\/2024\/12\/Double-Shield-Tunnel-Boring-Machine-Main-Thrust-Cylinder-1.webp 907w, https:\/\/fmp-components.com\/wp-content\/uploads\/2024\/12\/Double-Shield-Tunnel-Boring-Machine-Main-Thrust-Cylinder-1-480x161.webp 480w\" sizes=\"(min-width: 0px) and (max-width: 480px) 480px, (min-width: 481px) 907px, 100vw\" \/><\/p>\n<h3>O FMP<\/h3>\n<p>FMP je \u0161pecializovan\u00e1 spolo\u010dnos\u0165 zaoberaj\u00faca sa stroj\u00e1rskou v\u00fdrobou hydraulick\u00fdch valcov. Od svojho zalo\u017eenia sa spolo\u010dnos\u0165 zameriava na v\u00fdskum a v\u00fdrobu hydraulick\u00fdch technol\u00f3gi\u00ed a \u00faspe\u0161ne pre\u0161la z rozmanit\u00e9ho sortimentu produktov, ktor\u00fd zah\u0155\u0148al zberov\u00e9 a stavebn\u00e9 stroje, na \u0161pecializ\u00e1ciu na komponenty po\u013enohospod\u00e1rskych traktorov. S viac ako desa\u0165ro\u010dn\u00fdmi sk\u00fasenos\u0165ami vo v\u00fdrobe a riaden\u00ed zabezpe\u010duje FMP vysoko kvalitn\u00e9 produkty prostredn\u00edctvom pokro\u010dil\u00fdch v\u00fdrobn\u00fdch techn\u00edk.<\/p>\n<p>Ako sa spolo\u010dnos\u0165 vyv\u00edjala, vyvinula komplexn\u00fa obr\u00e1baciu v\u00fdrobn\u00fa linku, mont\u00e1\u017enu linku a linku na lakovanie. N\u00e1\u0161 t\u00edm pozost\u00e1va zo sk\u00fasen\u00fdch mana\u017e\u00e9rov, sk\u00fasen\u00fdch strojn\u00fdch kon\u0161trukt\u00e9rov a vysoko kvalifikovan\u00fdch technikov, ktor\u00ed spolo\u010dne pracuj\u00fa na udr\u017ean\u00ed stabilnej kvality v\u00fdroby a z\u00e1rove\u0148 efekt\u00edvnej kontrole kontinuity a efektivity procesov.<\/p>\n<p>Spolo\u010dnos\u0165 FMP sa riadi filozofiou \u201eTechnologick\u00e9 inov\u00e1cie poh\u00e1\u0148aj\u00face pokrok, kvalita vytv\u00e1raj\u00faca zna\u010dky, remeseln\u00e9 spracovanie zabezpe\u010duj\u00face kvalitu a budovanie dlhodob\u00fdch obojstranne v\u00fdhodn\u00fdch vz\u0165ahov\u201c. N\u00e1\u0161 z\u00e1v\u00e4zok poskytova\u0165 vysokokvalitn\u00e9 produkty a vynikaj\u00face slu\u017eby z\u00e1kazn\u00edkom zost\u00e1va hlavn\u00fdm cie\u013eom, ke\u010f\u017ee neust\u00e1le uspokojujeme vyv\u00edjaj\u00face sa potreby trhu.<\/p>\n<p><img loading=\"lazy\" decoding=\"async\" class=\"alignnone size-full wp-image-426\" src=\"https:\/\/fmp-components.com\/wp-content\/uploads\/2024\/12\/Sanitation-Machinery-Locking-Hydraulic-Cylinder-factory.webp\" sizes=\"(min-width: 0px) and (max-width: 480px) 480px, (min-width: 481px) and (max-width: 980px) 980px, (min-width: 981px) and (max-width: 1280px) 1280px, (min-width: 1281px) 1414px, 100vw\" srcset=\"https:\/\/fmp-components.com\/wp-content\/uploads\/2024\/12\/Sanitation-Machinery-Locking-Hydraulic-Cylinder-factory.webp 1414w, https:\/\/fmp-components.com\/wp-content\/uploads\/2024\/12\/Sanitation-Machinery-Locking-Hydraulic-Cylinder-factory-1280x529.webp 1280w, https:\/\/fmp-components.com\/wp-content\/uploads\/2024\/12\/Sanitation-Machinery-Locking-Hydraulic-Cylinder-factory-980x405.webp 980w, https:\/\/fmp-components.com\/wp-content\/uploads\/2024\/12\/Sanitation-Machinery-Locking-Hydraulic-Cylinder-factory-480x198.webp 480w\" alt=\"Sanit\u00e1rne stroje, uzamykacie hydraulick\u00e9 valce, tov\u00e1re\u0148\" width=\"1414\" height=\"584\" title=\"\"><\/p>\n<p>Autor: CX<\/p>","protected":false},"excerpt":{"rendered":"<p>Hydraulick\u00fd valec pre dvojpl\u00e1\u0161\u0165ov\u00e9 tunelov\u00e9 raziace stroje je kritick\u00fdm komponentom navrhnut\u00fdm na zabezpe\u010denie robustn\u00e9ho tlaku a presn\u00e9ho ovl\u00e1dania po\u010das procesu razenia tunela. Tieto valce, navrhnut\u00e9 tak, aby efekt\u00edvne fungovali v n\u00e1ro\u010dn\u00fdch geologick\u00fdch podmienkach, podporuj\u00fa syst\u00e9m dvojit\u00e9ho \u0161t\u00edtu, \u010do umo\u017e\u0148uje s\u00fa\u010dasn\u00e9 razenie a in\u0161tal\u00e1ciu podpier. Ich odoln\u00e1 kon\u0161trukcia zais\u0165uje dlh\u00fa \u017eivotnos\u0165 a spo\u013eahlivos\u0165, zatia\u013e \u010do pokro\u010dil\u00e1 hydraulick\u00e1 technol\u00f3gia umo\u017e\u0148uje plynul\u00e9 a presn\u00e9 pohyby, ktor\u00e9 s\u00fa nevyhnutn\u00e9 pre udr\u017eanie zarovnania a bezpe\u010dnosti. Tento hydraulick\u00fd syst\u00e9m v\u00fdrazne zvy\u0161uje \u00fa\u010dinnos\u0165 a efekt\u00edvnos\u0165 v\u00fdstavby tunelov, v\u010faka \u010domu je vhodn\u00fd pre r\u00f4zne podzemn\u00e9 projekty vr\u00e1tane syst\u00e9mov metra a tunelov in\u017einierskych siet\u00ed.<\/p>","protected":false},"featured_media":908,"comment_status":"open","ping_status":"closed","template":"","meta":{"_et_pb_use_builder":"","_et_pb_old_content":"","_et_gb_content_width":""},"product_brand":[],"product_cat":[30],"product_tag":[],"class_list":{"0":"post-885","1":"product","2":"type-product","3":"status-publish","4":"has-post-thumbnail","6":"product_cat-tunnel-boring-machine-hydraulic-cylinders","8":"first","9":"instock","10":"shipping-taxable","11":"product-type-simple"},"_links":{"self":[{"href":"https:\/\/fmp-components.com\/sk\/wp-json\/wp\/v2\/product\/885","targetHints":{"allow":["GET"]}}],"collection":[{"href":"https:\/\/fmp-components.com\/sk\/wp-json\/wp\/v2\/product"}],"about":[{"href":"https:\/\/fmp-components.com\/sk\/wp-json\/wp\/v2\/types\/product"}],"replies":[{"embeddable":true,"href":"https:\/\/fmp-components.com\/sk\/wp-json\/wp\/v2\/comments?post=885"}],"wp:featuredmedia":[{"embeddable":true,"href":"https:\/\/fmp-components.com\/sk\/wp-json\/wp\/v2\/media\/908"}],"wp:attachment":[{"href":"https:\/\/fmp-components.com\/sk\/wp-json\/wp\/v2\/media?parent=885"}],"wp:term":[{"taxonomy":"product_brand","embeddable":true,"href":"https:\/\/fmp-components.com\/sk\/wp-json\/wp\/v2\/product_brand?post=885"},{"taxonomy":"product_cat","embeddable":true,"href":"https:\/\/fmp-components.com\/sk\/wp-json\/wp\/v2\/product_cat?post=885"},{"taxonomy":"product_tag","embeddable":true,"href":"https:\/\/fmp-components.com\/sk\/wp-json\/wp\/v2\/product_tag?post=885"}],"curies":[{"name":"pracovn\u00fd list","href":"https:\/\/api.w.org\/{rel}","templated":true}]}}