{"id":883,"date":"2024-12-19T02:28:37","date_gmt":"2024-12-19T02:28:37","guid":{"rendered":"https:\/\/fmp-components.com\/?page_id=8"},"modified":"2024-12-19T02:28:37","modified_gmt":"2024-12-19T02:28:37","slug":"hydraulic-cylinder-for-open-tunnel-boring-machine","status":"publish","type":"product","link":"https:\/\/fmp-components.com\/sk\/product\/hydraulic-cylinder-for-open-tunnel-boring-machine\/","title":{"rendered":"Hydraulick\u00fd valec pre otvoren\u00fd tunelov\u00fd v\u0155tac\u00ed stroj"},"content":{"rendered":"<p style=\"text-align: center;\"><span style=\"font-size: 18pt;\">Hydraulick\u00fd valec pre otvoren\u00fd tunelov\u00fd v\u0155tac\u00ed stroj<\/span><\/p>\n<p>Hydraulick\u00fd valec pre otvoren\u00e9 tunelov\u00e9 raziace stroje je z\u00e1kladn\u00fdm komponentom navrhnut\u00fdm na zv\u00fd\u0161enie \u00fa\u010dinnosti a efekt\u00edvnosti procesov razenia tunelov. Tieto hydraulick\u00e9 valce, navrhnut\u00e9 tak, aby poskytovali siln\u00fd posuv a presn\u00e9 ovl\u00e1danie, umo\u017e\u0148uj\u00fa plynul\u00fa prev\u00e1dzku v n\u00e1ro\u010dn\u00fdch prostrediach.\u00a0\u00a0\u00a0<img loading=\"lazy\" decoding=\"async\" class=\"wp-image-896 aligncenter\" src=\"https:\/\/fmp-components.com\/wp-content\/uploads\/2024\/12\/The-Role-of-Open-Tunnel-Boring-Machine-Shield-Cylinder.webp\" alt=\"\u00daloha \u0161t\u00edtov\u00e9ho valca pre otvoren\u00e9 tunelov\u00e9 v\u0155tacie stroje\" width=\"722\" height=\"457\" title=\"\" srcset=\"https:\/\/fmp-components.com\/wp-content\/uploads\/2024\/12\/The-Role-of-Open-Tunnel-Boring-Machine-Shield-Cylinder.webp 722w, https:\/\/fmp-components.com\/wp-content\/uploads\/2024\/12\/The-Role-of-Open-Tunnel-Boring-Machine-Shield-Cylinder-480x304.webp 480w\" sizes=\"(min-width: 0px) and (max-width: 480px) 480px, (min-width: 481px) 722px, 100vw\" \/><\/p>\n<h4>K\u013e\u00fa\u010dov\u00e9 vlastnosti:<\/h4>\n<ul>\n<li><strong>Vysok\u00fd v\u00fdkon:<\/strong> Tieto valce, ktor\u00e9 s\u00fa schopn\u00e9 generova\u0165 zna\u010dn\u00fa silu, zabezpe\u010duj\u00fa r\u00fdchle a efekt\u00edvne razenie tunelov, \u010d\u00edm skracuj\u00fa \u010dasov\u00e9 harmonogramy projektu a zvy\u0161uj\u00fa produktivitu.<\/li>\n<li><strong>Robustn\u00fd dizajn:<\/strong> Valce s\u00fa vyroben\u00e9 z vysokopevnostn\u00fdch materi\u00e1lov a s\u00fa skon\u0161truovan\u00e9 tak, aby odolali n\u00e1ro\u010dn\u00fdm podmienkam vr\u00e1tane vysok\u00e9ho tlaku a abraz\u00edvneho prostredia, \u010d\u00edm sa zabezpe\u010duje dlhotrvaj\u00faca \u017eivotnos\u0165.<\/li>\n<li><strong>Presn\u00e9 in\u017einierstvo:<\/strong> Hydraulick\u00fd syst\u00e9m umo\u017e\u0148uje presn\u00fd pohyb a ovl\u00e1danie v\u0155tacieho stroja, \u010do umo\u017e\u0148uje presn\u00e9 razenie tunelov a zarovnanie, \u010do je rozhoduj\u00face pre \u00faspe\u0161n\u00e9 v\u00fdkopov\u00e9 pr\u00e1ce.<\/li>\n<li><strong>Zv\u00fd\u0161en\u00e1 stabilita:<\/strong> Tieto valce prispievaj\u00fa k celkovej stabilite v\u0155tacieho stroja, \u010do mu umo\u017e\u0148uje pohybova\u0165 sa cez r\u00f4zne geologick\u00e9 form\u00e1cie bez ohrozenia bezpe\u010dnosti.<\/li>\n<li><strong>V\u0161estrann\u00e9 aplik\u00e1cie:<\/strong> Tieto valce s\u00fa vhodn\u00e9 pre \u0161irok\u00fa \u0161k\u00e1lu projektov vr\u00e1tane metra, tunelov in\u017einierskych siet\u00ed a rozvoja infra\u0161trukt\u00fary a s\u00fa prisp\u00f4sobite\u013en\u00e9 r\u00f4znym potreb\u00e1m pri razen\u00ed tunelov.<\/li>\n<li><strong>Minim\u00e1lna \u00fadr\u017eba:<\/strong> Odoln\u00e1 kon\u0161trukcia zni\u017euje opotrebovanie, \u010do vedie k ni\u017e\u0161\u00edm n\u00e1kladom na \u00fadr\u017ebu a minimaliz\u00e1cii prestojov, \u010do zvy\u0161uje celkov\u00fa efektivitu projektu.<\/li>\n<li><strong>Bezpe\u010dnostn\u00e9 mechanizmy:<\/strong> Tieto hydraulick\u00e9 valce s\u00fa vybaven\u00e9 pokro\u010dil\u00fdmi bezpe\u010dnostn\u00fdmi prvkami a pom\u00e1haj\u00fa predch\u00e1dza\u0165 n\u00e1hodn\u00e9mu uvo\u013eneniu, \u010d\u00edm zais\u0165uj\u00fa bezpe\u010dn\u00fa a spo\u013eahliv\u00fa prev\u00e1dzku po\u010das v\u00fdkopov\u00fdch pr\u00e1c.<\/li>\n<\/ul>\n<p>Hydraulick\u00fd valec pre otvoren\u00e9 tunelovacie raziace stroje je k\u013e\u00fa\u010dov\u00fdm prvkom modernej tunelovacej technol\u00f3gie, ktor\u00fd poskytuje vysok\u00fd v\u00fdkon, spo\u013eahlivos\u0165 a bezpe\u010dnos\u0165. Jeho integr\u00e1cia do tunelovac\u00edch raziacich strojov v\u00fdrazne zvy\u0161uje efektivitu podzemn\u00fdch stavebn\u00fdch projektov a prispieva k \u00faspe\u0161n\u00e9mu dokon\u010deniu z\u00e1kladnej infra\u0161trukt\u00fary.<\/p>\n<h2>Valec podpery p\u00e4tky otvoren\u00e9ho tunelov\u00e9ho v\u0155tacieho stroja<\/h2>\n<p><img loading=\"lazy\" decoding=\"async\" class=\"size-full wp-image-893 aligncenter\" src=\"https:\/\/fmp-components.com\/wp-content\/uploads\/2024\/12\/Open-Tunnel-Boring-Machine-Support-Shoe-Cylinder.webp\" alt=\"Valec podpery p\u00e4tky otvoren\u00e9ho tunelov\u00e9ho v\u0155tacieho stroja\" width=\"500\" height=\"200\" title=\"\" srcset=\"https:\/\/fmp-components.com\/wp-content\/uploads\/2024\/12\/Open-Tunnel-Boring-Machine-Support-Shoe-Cylinder.webp 500w, https:\/\/fmp-components.com\/wp-content\/uploads\/2024\/12\/Open-Tunnel-Boring-Machine-Support-Shoe-Cylinder-480x192.webp 480w\" sizes=\"(min-width: 0px) and (max-width: 480px) 480px, (min-width: 481px) 500px, 100vw\" \/><\/p>\n<table style=\"width: 95.809%; height: 180px;\" border=\"1\" cellspacing=\"0\" cellpadding=\"0\">\n<tbody>\n<tr>\n<td>N\u00e1zov produktu<\/td>\n<td>Valec podpery p\u00e4tky otvoren\u00e9ho tunelov\u00e9ho v\u0155tacieho stroja<\/td>\n<\/tr>\n<tr>\n<td>Vlastnosti:<\/td>\n<td>Poskytuje posuv pri razen\u00ed tunelov fr\u00e9zovacou hlavou<\/td>\n<\/tr>\n<tr>\n<td>Priemer otvoru:<\/td>\n<td>\u00a0480 mm\uff5e1000 mm<\/td>\n<\/tr>\n<tr>\n<td>Priemer ty\u010de:<\/td>\n<td>400 mm\uff5e730 mm<br \/>\nZdvih 400 mm\uff5e825 mm<\/td>\n<\/tr>\n<tr>\n<td>Tlak:<\/td>\n<td>a\u017e 35 MPa<\/td>\n<\/tr>\n<tr>\n<td>Aplik\u00e1cie:<\/td>\n<td>Otvoren\u00fd tunelov\u00fd v\u0155tac\u00ed stroj<\/td>\n<\/tr>\n<\/tbody>\n<\/table>\n<h2><img loading=\"lazy\" decoding=\"async\" class=\"alignnone  wp-image-902\" src=\"https:\/\/fmp-components.com\/wp-content\/uploads\/2024\/12\/Open-Tunnel-Boring-Machine-Support-Shoe-Cylinder-1.webp\" alt=\"Valec s opornou p\u00e4tkou pre otvoren\u00e9 tunelov\u00e9 v\u0155ta\u010dky\" width=\"891\" height=\"502\" title=\"\">Pr\u00edtla\u010dn\u00fd valec otvoren\u00e9ho tunelov\u00e9ho v\u0155tacieho stroja<\/h2>\n<p><img loading=\"lazy\" decoding=\"async\" class=\"size-full wp-image-894 aligncenter\" src=\"https:\/\/fmp-components.com\/wp-content\/uploads\/2024\/12\/Open-Tunnel-Boring-Machine-Thrust-Cylinder.webp\" alt=\"Pr\u00edtla\u010dn\u00fd valec otvoren\u00e9ho tunelov\u00e9ho v\u0155tacieho stroja\" width=\"500\" height=\"200\" title=\"\" srcset=\"https:\/\/fmp-components.com\/wp-content\/uploads\/2024\/12\/Open-Tunnel-Boring-Machine-Thrust-Cylinder.webp 500w, https:\/\/fmp-components.com\/wp-content\/uploads\/2024\/12\/Open-Tunnel-Boring-Machine-Thrust-Cylinder-480x192.webp 480w\" sizes=\"(min-width: 0px) and (max-width: 480px) 480px, (min-width: 481px) 500px, 100vw\" \/><\/p>\n<table style=\"width: 95.7726%; height: 154px;\" border=\"1\" cellspacing=\"0\" cellpadding=\"0\">\n<tbody>\n<tr>\n<td>N\u00e1zov produktu<\/td>\n<td>Pr\u00edtla\u010dn\u00fd valec otvoren\u00e9ho tunelov\u00e9ho v\u0155tacieho stroja<\/td>\n<\/tr>\n<tr>\n<td>Vlastnosti:<\/td>\n<td>Zabezpe\u010dte \u0165ah tunelov\u00e9ho raziaceho stroja dopredu pri razen\u00ed tunelov<\/td>\n<\/tr>\n<tr>\n<td>Priemer otvoru:<\/td>\n<td>300 mm\uff5e600 mm<\/td>\n<\/tr>\n<tr>\n<td>Priemer ty\u010de:<\/td>\n<td>200 mm\uff5e400 mm<br \/>\nZdvih 1100 mm\uff5e2050 mm<\/td>\n<\/tr>\n<tr>\n<td>Tlak:<\/td>\n<td>a\u017e 35 MPa<\/td>\n<\/tr>\n<tr>\n<td>Aplik\u00e1cie:<\/td>\n<td>Otvoren\u00fd tunelov\u00fd v\u0155tac\u00ed stroj<\/td>\n<\/tr>\n<\/tbody>\n<\/table>\n<h2><img loading=\"lazy\" decoding=\"async\" class=\"alignnone  wp-image-898\" src=\"https:\/\/fmp-components.com\/wp-content\/uploads\/2024\/12\/Tunnel-Boring-Machine-Thrust-Cylinder-1.webp\" alt=\"Pr\u00edtla\u010dn\u00fd valec pre tunelov\u00fd v\u0155tac\u00ed stroj\" width=\"883\" height=\"474\" title=\"\">Momentov\u00fd valec pre otvoren\u00e9 tunelov\u00e9 v\u0155ta\u010dky<\/h2>\n<p><img loading=\"lazy\" decoding=\"async\" class=\"size-full wp-image-892 aligncenter\" src=\"https:\/\/fmp-components.com\/wp-content\/uploads\/2024\/12\/Open-Tunnel-Boring-Machine-Shield-Cylinder.webp\" alt=\"Otvoren\u00fd \u0161t\u00edtov\u00fd valec tunelov\u00e9ho v\u0155tacieho stroja\" width=\"500\" height=\"200\" title=\"\" srcset=\"https:\/\/fmp-components.com\/wp-content\/uploads\/2024\/12\/Open-Tunnel-Boring-Machine-Shield-Cylinder.webp 500w, https:\/\/fmp-components.com\/wp-content\/uploads\/2024\/12\/Open-Tunnel-Boring-Machine-Shield-Cylinder-480x192.webp 480w\" sizes=\"(min-width: 0px) and (max-width: 480px) 480px, (min-width: 481px) 500px, 100vw\" \/><\/p>\n<table style=\"width: 97.0823%; height: 142px;\" border=\"1\" cellspacing=\"0\" cellpadding=\"0\">\n<tbody>\n<tr style=\"height: 23px;\">\n<td style=\"height: 23px;\">N\u00e1zov produktu<\/td>\n<td style=\"height: 23px;\">Momentov\u00fd valec pre otvoren\u00e9 tunelov\u00e9 v\u0155ta\u010dky<\/td>\n<\/tr>\n<tr style=\"height: 23px;\">\n<td style=\"height: 23px;\">Vlastnosti:<\/td>\n<td style=\"height: 23px;\">Pou\u017e\u00edva sa na nastavenie smeru tunelov\u00e9ho v\u0155tacieho stroja a prenos kr\u00fatiaceho momentu fr\u00e9zovacej hlavy<\/td>\n<\/tr>\n<tr style=\"height: 23px;\">\n<td style=\"height: 23px;\">Priemer otvoru:<\/td>\n<td style=\"height: 23px;\">220 mm\uff5e450 mm<\/td>\n<\/tr>\n<tr style=\"height: 47px;\">\n<td style=\"height: 47px;\">Priemer ty\u010de:<\/td>\n<td style=\"height: 47px;\">125 mm\uff5e260 mm<br \/>\nZdvih 200 mm\uff5e260 mm<\/td>\n<\/tr>\n<tr style=\"height: 23px;\">\n<td style=\"height: 23px;\">Tlak:<\/td>\n<td style=\"height: 23px;\">a\u017e 35 MPa<\/td>\n<\/tr>\n<tr style=\"height: 23px;\">\n<td style=\"height: 23px;\">Aplik\u00e1cie:<\/td>\n<td style=\"height: 23px;\">Otvoren\u00fd tunelov\u00fd v\u0155tac\u00ed stroj<\/td>\n<\/tr>\n<\/tbody>\n<\/table>\n<p><img loading=\"lazy\" decoding=\"async\" class=\"alignnone  wp-image-897\" src=\"https:\/\/fmp-components.com\/wp-content\/uploads\/2024\/12\/Tunnel-Boring-Machine-Torque-Cylinder-1.webp\" alt=\"Kr\u00fatiaci moment valca pre tunelov\u00e9 v\u0155tacie stroje\" width=\"863\" height=\"578\" title=\"\"><\/p>\n<p><img loading=\"lazy\" decoding=\"async\" class=\"alignnone  wp-image-901\" src=\"https:\/\/fmp-components.com\/wp-content\/uploads\/2024\/12\/Open-Tunnel-Boring-Machine-Torque-Cylinder-1.webp\" alt=\"Momentov\u00fd valec pre otvoren\u00e9 tunelov\u00e9 v\u0155ta\u010dky\" width=\"884\" height=\"328\" title=\"\" srcset=\"https:\/\/fmp-components.com\/wp-content\/uploads\/2024\/12\/Open-Tunnel-Boring-Machine-Torque-Cylinder-1.webp 884w, https:\/\/fmp-components.com\/wp-content\/uploads\/2024\/12\/Open-Tunnel-Boring-Machine-Torque-Cylinder-1-480x178.webp 480w\" sizes=\"(min-width: 0px) and (max-width: 480px) 480px, (min-width: 481px) 884px, 100vw\" \/><\/p>\n<h2>Otvoren\u00fd \u0161t\u00edtov\u00fd valec tunelov\u00e9ho v\u0155tacieho stroja<\/h2>\n<p><img loading=\"lazy\" decoding=\"async\" class=\"size-full wp-image-895 aligncenter\" src=\"https:\/\/fmp-components.com\/wp-content\/uploads\/2024\/12\/Open-Tunnel-Boring-Machine-Torque-Cylinder.webp\" alt=\"Momentov\u00fd valec pre otvoren\u00e9 tunelov\u00e9 v\u0155ta\u010dky\" width=\"500\" height=\"200\" title=\"\" srcset=\"https:\/\/fmp-components.com\/wp-content\/uploads\/2024\/12\/Open-Tunnel-Boring-Machine-Torque-Cylinder.webp 500w, https:\/\/fmp-components.com\/wp-content\/uploads\/2024\/12\/Open-Tunnel-Boring-Machine-Torque-Cylinder-480x192.webp 480w\" sizes=\"(min-width: 0px) and (max-width: 480px) 480px, (min-width: 481px) 500px, 100vw\" \/><\/p>\n<table style=\"width: 96.9901%; height: 226px;\" border=\"1\" cellspacing=\"0\" cellpadding=\"0\">\n<tbody>\n<tr style=\"height: 23px;\">\n<td style=\"height: 23px; width: 17.706%;\">N\u00e1zov produktu<\/td>\n<td style=\"height: 23px; width: 82.1826%;\">Otvoren\u00fd \u0161t\u00edtov\u00fd valec tunelov\u00e9ho v\u0155tacieho stroja<\/td>\n<\/tr>\n<tr style=\"height: 47px;\">\n<td style=\"height: 47px; width: 17.706%;\">Vlastnosti:<\/td>\n<td style=\"height: 47px; width: 82.1826%;\">Stabiliz\u00e1cia fr\u00e9zovacej hlavy\/zabr\u00e1nenie zaseknutiu sp\u00f4soben\u00e9mu konvergenciou<\/td>\n<\/tr>\n<tr style=\"height: 47px;\">\n<td style=\"height: 47px; width: 17.706%;\">Priemer otvoru:<\/td>\n<td style=\"height: 47px; width: 82.1826%;\">130 mm\uff5e360 mm<\/td>\n<\/tr>\n<tr style=\"height: 47px;\">\n<td style=\"height: 47px; width: 17.706%;\">Priemer ty\u010de:<\/td>\n<td style=\"height: 47px; width: 82.1826%;\">80 mm\uff5e220 mm<br \/>\nZdvih 100 mm\uff5e420 mm<\/td>\n<\/tr>\n<tr style=\"height: 47px;\">\n<td style=\"height: 47px; width: 17.706%;\">Tlak:<\/td>\n<td style=\"height: 47px; width: 82.1826%;\">do 25 MPa<br \/>\n\u0160peci\u00e1lne po\u017eiadavky do 35 MPa<\/td>\n<\/tr>\n<tr style=\"height: 23px;\">\n<td style=\"height: 23px; width: 17.706%;\">Aplik\u00e1cie:<\/td>\n<td style=\"height: 23px; width: 82.1826%;\">Otvoren\u00fd tunelov\u00fd v\u0155tac\u00ed stroj<\/td>\n<\/tr>\n<\/tbody>\n<\/table>\n<h3><img loading=\"lazy\" decoding=\"async\" class=\"alignnone  wp-image-899\" src=\"https:\/\/fmp-components.com\/wp-content\/uploads\/2024\/12\/Open-Tunnel-Boring-Machine-Shield-Cylinder-1.webp\" alt=\"Ochrann\u00fd valec pre otvoren\u00e9 tunelov\u00e9 v\u0155tacie stroje\" width=\"900\" height=\"378\" title=\"\">V\u00fdhody hydraulick\u00e9ho valca pre otvoren\u00e9 tunelov\u00e9 v\u0155ta\u010dky<\/h3>\n<ol>\n<li><strong>Vysok\u00e1 \u0165ahov\u00e1 kapacita:<\/strong><br \/>\nHydraulick\u00e9 valce otvoren\u00fdch tunelov\u00fdch v\u0155tac\u00edch strojov s\u00fa navrhnut\u00e9 tak, aby poskytovali siln\u00fd tlak, \u010do umo\u017e\u0148uje r\u00fdchle razenie a efekt\u00edvne tunelovacie oper\u00e1cie. T\u00e1to kapacita umo\u017e\u0148uje r\u00fdchlej\u0161ie dokon\u010denie projektu a zv\u00fd\u0161enie produktivity.<\/li>\n<li><strong>Odoln\u00e1 kon\u0161trukcia:<\/strong><br \/>\nTieto hydraulick\u00e9 valce s\u00fa vyroben\u00e9 z vysokopevnostn\u00fdch materi\u00e1lov a s\u00fa skon\u0161truovan\u00e9 tak, aby odolali n\u00e1ro\u010dn\u00fdm podmienkam a extr\u00e9mnym tlakom, \u010d\u00edm zabezpe\u010duj\u00fa dlhodob\u00fa spo\u013eahlivos\u0165 a zni\u017euj\u00fa riziko poruchy po\u010das prev\u00e1dzky.<\/li>\n<li><strong>Presn\u00e9 ovl\u00e1danie:<\/strong><br \/>\nHydraulick\u00fd syst\u00e9m zabezpe\u010duje presn\u00fd pohyb a ovl\u00e1danie v\u0155tacieho stroja, \u010do umo\u017e\u0148uje presn\u00e9 razenie tunelov a ich zarovnanie. T\u00e1to presnos\u0165 je nevyhnutn\u00e1 pre zachovanie integrity tunela a splnenie projektov\u00fdch \u0161pecifik\u00e1ci\u00ed.<\/li>\n<li><strong>Zv\u00fd\u0161en\u00e1 stabilita:<\/strong><br \/>\nTieto valce prispievaj\u00fa k celkovej stabilite v\u0155tacieho stroja, \u010do mu umo\u017e\u0148uje pohybova\u0165 sa cez r\u00f4zne geologick\u00e9 form\u00e1cie bez ohrozenia bezpe\u010dnosti. T\u00e1to stabilita zni\u017euje riziko neh\u00f4d a prev\u00e1dzkov\u00fdch preru\u0161en\u00ed.<\/li>\n<li><strong>Zn\u00ed\u017een\u00e9 po\u017eiadavky na \u00fadr\u017ebu:<\/strong><br \/>\nRobustn\u00e1 kon\u0161trukcia minimalizuje opotrebenie, \u010do vedie k ni\u017e\u0161\u00edm n\u00e1kladom na \u00fadr\u017ebu a krat\u0161\u00edm prestojom. T\u00e1to \u00fa\u010dinnos\u0165 zais\u0165uje, \u017ee v\u0155ta\u010dka zostane v prev\u00e1dzke dlh\u0161iu dobu, \u010d\u00edm sa zvy\u0161uje celkov\u00e1 efektivita projektu.<\/li>\n<li><strong>V\u0161estrannos\u0165 v aplik\u00e1ci\u00e1ch:<\/strong><br \/>\nTieto hydraulick\u00e9 valce s\u00fa vhodn\u00e9 pre r\u00f4zne tunelovacie projekty vr\u00e1tane metra, syst\u00e9mov prepravy vody a tunelov pre in\u017einierske siete a s\u00fa prisp\u00f4sobite\u013en\u00e9 r\u00f4znym potreb\u00e1m, v\u010faka \u010domu s\u00fa cenn\u00fdm pr\u00ednosom v r\u00f4znych stavebn\u00fdch prostrediach.<\/li>\n<li><strong>Bezpe\u010dnostn\u00e9 prvky:<\/strong><br \/>\nHydraulick\u00e9 valce vybaven\u00e9 pokro\u010dil\u00fdmi bezpe\u010dnostn\u00fdmi mechanizmami pom\u00e1haj\u00fa predch\u00e1dza\u0165 n\u00e1hodn\u00e9mu uvo\u013eneniu, \u010d\u00edm zabezpe\u010duj\u00fa bezpe\u010dn\u00fa a spo\u013eahliv\u00fa prev\u00e1dzku po\u010das n\u00e1ro\u010dn\u00fdch v\u00fdkopov\u00fdch pr\u00e1c. To zvy\u0161uje bezpe\u010dnos\u0165 obsluhy aj zariadenia.<\/li>\n<li><strong>Kompaktn\u00fd dizajn s vysok\u00fdm v\u00fdkonom:<\/strong><br \/>\nHydraulick\u00e1 kon\u0161trukcia umo\u017e\u0148uje generovanie zna\u010dnej sily v kompaktnom preveden\u00ed, \u010do u\u013eah\u010duje zvl\u00e1danie \u0165a\u017ek\u00fdch bremien a zlo\u017eit\u00fdch pohybov bez zv\u00e4\u010d\u0161enia celkovej ve\u013ekosti stroja.<\/li>\n<\/ol>\n<p>V\u010faka t\u00fdmto v\u00fdhod\u00e1m zohr\u00e1vaj\u00fa hydraulick\u00e9 valce otvoren\u00fdch tunelov\u00fdch raziacich strojov k\u013e\u00fa\u010dov\u00fa \u00falohu v efekt\u00edvnosti, bezpe\u010dnosti a \u00faspechu modern\u00fdch tunelov\u00fdch projektov. Ich v\u00fdkon a spo\u013eahlivos\u0165 s\u00fa k\u013e\u00fa\u010dom k dosiahnutiu efekt\u00edvnej podzemnej v\u00fdstavby.<\/p>\n<h2><img loading=\"lazy\" decoding=\"async\" class=\"alignnone  wp-image-903\" src=\"https:\/\/fmp-components.com\/wp-content\/uploads\/2024\/12\/Hydraulic-Cylinder-for-Open-Tunnel-Boring-Machine-1.webp\" alt=\"Hydraulick\u00fd valec pre otvoren\u00fd tunelov\u00fd v\u0155tac\u00ed stroj\" width=\"893\" height=\"607\" title=\"\"><\/h2>\n<h3>Pou\u017eitie hydraulick\u00e9ho valca pre otvoren\u00e9 tunelov\u00e9 v\u0155ta\u010dky<\/h3>\n<p>Hydraulick\u00e9 valce pre otvoren\u00e9 tunelov\u00e9 raziace stroje (OTBM) s\u00fa neoddelite\u013enou s\u00fa\u010das\u0165ou r\u00f4znych projektov podzemn\u00fdch v\u00fdkopov\u00fdch pr\u00e1c a pon\u00fakaj\u00fa v\u0161estrannos\u0165 a efekt\u00edvnos\u0165 vo svojich aplik\u00e1ci\u00e1ch. Tu s\u00fa niektor\u00e9 k\u013e\u00fa\u010dov\u00e9 aplik\u00e1cie:<\/p>\n<ol>\n<li><strong>V\u00fdstavba metra:<\/strong><br \/>\nHydraulick\u00e9 valce sa pou\u017e\u00edvaj\u00fa na h\u013abenie tunelov pre syst\u00e9my metra, \u010do umo\u017e\u0148uje r\u00fdchle a bezpe\u010dn\u00e9 vytv\u00e1ranie podzemn\u00fdch dopravn\u00fdch tr\u00e1s v mestsk\u00fdch oblastiach.<\/li>\n<li><strong>Tunelovanie in\u017einierskych siet\u00ed:<\/strong><br \/>\nTieto tlakov\u00e9 f\u013ea\u0161e u\u013eah\u010duj\u00fa in\u0161tal\u00e1ciu z\u00e1kladn\u00fdch in\u017einierskych siet\u00ed, ako je voda, plyn a elektrina, t\u00fdm, \u017ee umo\u017e\u0148uj\u00fa vytv\u00e1ranie tunelov, v ktor\u00fdch s\u00fa tieto slu\u017eby umiestnen\u00e9 pod zemou.<\/li>\n<li><strong>Kanaliza\u010dn\u00e9 a odvod\u0148ovacie syst\u00e9my:<\/strong><br \/>\nHydraulick\u00e9 valce OTBM sa pou\u017e\u00edvaj\u00fa pri v\u00fdstavbe kanaliza\u010dn\u00fdch a odvod\u0148ovac\u00edch tunelov, \u010d\u00edm zabezpe\u010duj\u00fa efekt\u00edvne nakladanie s odpadom a kontrolu da\u017e\u010fovej vody v mestskom prostred\u00ed.<\/li>\n<li><strong>Podzemn\u00e9 skladovacie zariadenia:<\/strong><br \/>\nPou\u017e\u00edvaj\u00fa sa pri h\u013aben\u00ed tunelov pre podzemn\u00e9 skladovanie, ako s\u00fa sklady paliva alebo d\u00e1tov\u00e9 centr\u00e1, a poskytuj\u00fa bezpe\u010dn\u00e9 prostredie pre citliv\u00e9 materi\u00e1ly.<\/li>\n<li><strong>\u0164a\u017eobn\u00e9 oper\u00e1cie:<\/strong><br \/>\nHydraulick\u00e9 valce zohr\u00e1vaj\u00fa k\u013e\u00fa\u010dov\u00fa \u00falohu pri razen\u00ed tunelov pre bansk\u00e9 oper\u00e1cie, ktor\u00e9 umo\u017e\u0148uj\u00fa \u0165a\u017ebu nerastov a zdrojov spod zemsk\u00e9ho povrchu.<\/li>\n<li><strong>Dopravn\u00e9 tunely:<\/strong><br \/>\nTieto valce sa pou\u017e\u00edvaj\u00fa pri v\u00fdstavbe dopravn\u00fdch tunelov, vr\u00e1tane tunelov pre vozidl\u00e1 a \u017eeleznice, a zabezpe\u010duj\u00fa bezpe\u010dn\u00fd a efekt\u00edvny prechod horsk\u00fdm alebo mestsk\u00fdm ter\u00e9nom.<\/li>\n<li><strong>Rozvoj infra\u0161trukt\u00fary:<\/strong><br \/>\nHydraulick\u00e9 valce OTBM prispievaj\u00fa k r\u00f4znym infra\u0161trukt\u00farnym projektom vr\u00e1tane v\u00fdstavby podzemn\u00fdch parkovac\u00edch miest a suter\u00e9nov budov.<\/li>\n<li><strong>Environment\u00e1lne projekty:<\/strong><br \/>\nVyu\u017e\u00edvaj\u00fa sa aj v projektoch zameran\u00fdch na san\u00e1ciu \u017eivotn\u00e9ho prostredia, ako je napr\u00edklad vytv\u00e1ranie tunelov na mana\u017ement podzemn\u00fdch v\u00f4d alebo \u010distenie kontaminovan\u00fdch lokal\u00edt.<\/li>\n<\/ol>\n<p>Podporou t\u00fdchto rozmanit\u00fdch aplik\u00e1ci\u00ed zvy\u0161uj\u00fa hydraulick\u00e9 valce pre otvoren\u00e9 tunelov\u00e9 v\u0155tacie stroje \u00fa\u010dinnos\u0165, bezpe\u010dnos\u0165 a efekt\u00edvnos\u0165 modern\u00fdch podzemn\u00fdch stavebn\u00fdch projektov. Ich \u00faloha je k\u013e\u00fa\u010dov\u00e1 pri u\u013eah\u010dovan\u00ed rozvoja z\u00e1kladnej infra\u0161trukt\u00fary a slu\u017eieb.<\/p>\n<p><img loading=\"lazy\" decoding=\"async\" class=\"alignnone  wp-image-900\" src=\"https:\/\/fmp-components.com\/wp-content\/uploads\/2024\/12\/Open-Tunnel-Boring-Machine-Thrust-Cylinder-1.webp\" alt=\"Pr\u00edtla\u010dn\u00fd valec otvoren\u00e9ho tunelov\u00e9ho v\u0155tacieho stroja\" width=\"897\" height=\"345\" title=\"\" srcset=\"https:\/\/fmp-components.com\/wp-content\/uploads\/2024\/12\/Open-Tunnel-Boring-Machine-Thrust-Cylinder-1.webp 897w, https:\/\/fmp-components.com\/wp-content\/uploads\/2024\/12\/Open-Tunnel-Boring-Machine-Thrust-Cylinder-1-480x184.webp 480w\" sizes=\"(min-width: 0px) and (max-width: 480px) 480px, (min-width: 481px) 897px, 100vw\" \/><\/p>\n<h3>O FMP<\/h3>\n<p>FMP je \u0161pecializovan\u00e1 spolo\u010dnos\u0165 zaoberaj\u00faca sa stroj\u00e1rskou v\u00fdrobou hydraulick\u00fdch valcov. Od svojho zalo\u017eenia sa spolo\u010dnos\u0165 zameriava na v\u00fdskum a v\u00fdrobu hydraulick\u00fdch technol\u00f3gi\u00ed a \u00faspe\u0161ne pre\u0161la z rozmanit\u00e9ho sortimentu produktov, ktor\u00fd zah\u0155\u0148al zberov\u00e9 a stavebn\u00e9 stroje, na \u0161pecializ\u00e1ciu na komponenty po\u013enohospod\u00e1rskych traktorov. S viac ako desa\u0165ro\u010dn\u00fdmi sk\u00fasenos\u0165ami vo v\u00fdrobe a riaden\u00ed zabezpe\u010duje FMP vysoko kvalitn\u00e9 produkty prostredn\u00edctvom pokro\u010dil\u00fdch v\u00fdrobn\u00fdch techn\u00edk.<\/p>\n<p>Ako sa spolo\u010dnos\u0165 vyv\u00edjala, vyvinula komplexn\u00fa obr\u00e1baciu v\u00fdrobn\u00fa linku, mont\u00e1\u017enu linku a linku na lakovanie. N\u00e1\u0161 t\u00edm pozost\u00e1va zo sk\u00fasen\u00fdch mana\u017e\u00e9rov, sk\u00fasen\u00fdch strojn\u00fdch kon\u0161trukt\u00e9rov a vysoko kvalifikovan\u00fdch technikov, ktor\u00ed spolo\u010dne pracuj\u00fa na udr\u017ean\u00ed stabilnej kvality v\u00fdroby a z\u00e1rove\u0148 efekt\u00edvnej kontrole kontinuity a efektivity procesov.<\/p>\n<p>Spolo\u010dnos\u0165 FMP sa riadi filozofiou \u201eTechnologick\u00e9 inov\u00e1cie poh\u00e1\u0148aj\u00face pokrok, kvalita vytv\u00e1raj\u00faca zna\u010dky, remeseln\u00e9 spracovanie zabezpe\u010duj\u00face kvalitu a budovanie dlhodob\u00fdch obojstranne v\u00fdhodn\u00fdch vz\u0165ahov\u201c. N\u00e1\u0161 z\u00e1v\u00e4zok poskytova\u0165 vysokokvalitn\u00e9 produkty a vynikaj\u00face slu\u017eby z\u00e1kazn\u00edkom zost\u00e1va hlavn\u00fdm cie\u013eom, ke\u010f\u017ee neust\u00e1le uspokojujeme vyv\u00edjaj\u00face sa potreby trhu.<\/p>\n<p><img loading=\"lazy\" decoding=\"async\" class=\"alignnone size-full wp-image-426\" src=\"https:\/\/fmp-components.com\/wp-content\/uploads\/2024\/12\/Sanitation-Machinery-Locking-Hydraulic-Cylinder-factory.webp\" sizes=\"(min-width: 0px) and (max-width: 480px) 480px, (min-width: 481px) and (max-width: 980px) 980px, (min-width: 981px) and (max-width: 1280px) 1280px, (min-width: 1281px) 1414px, 100vw\" srcset=\"https:\/\/fmp-components.com\/wp-content\/uploads\/2024\/12\/Sanitation-Machinery-Locking-Hydraulic-Cylinder-factory.webp 1414w, https:\/\/fmp-components.com\/wp-content\/uploads\/2024\/12\/Sanitation-Machinery-Locking-Hydraulic-Cylinder-factory-1280x529.webp 1280w, https:\/\/fmp-components.com\/wp-content\/uploads\/2024\/12\/Sanitation-Machinery-Locking-Hydraulic-Cylinder-factory-980x405.webp 980w, https:\/\/fmp-components.com\/wp-content\/uploads\/2024\/12\/Sanitation-Machinery-Locking-Hydraulic-Cylinder-factory-480x198.webp 480w\" alt=\"Sanit\u00e1rne stroje, uzamykacie hydraulick\u00e9 valce, tov\u00e1re\u0148\" width=\"1414\" height=\"584\" title=\"\"><\/p>\n<p>Autor: CX<\/p>","protected":false},"excerpt":{"rendered":"<p>Hydraulick\u00fd valec pre otvoren\u00e9 tunelov\u00e9 raziace stroje je d\u00f4le\u017eit\u00fdm komponentom navrhnut\u00fdm na zabezpe\u010denie siln\u00e9ho tlaku a presn\u00e9ho ovl\u00e1dania po\u010das procesu razenia. Tieto valce, skon\u0161truovan\u00e9 tak, aby odol\u00e1vali vysok\u00e9mu tlaku a n\u00e1ro\u010dn\u00fdm podmienkam prostredia, umo\u017e\u0148uj\u00fa efekt\u00edvne tunelovacie oper\u00e1cie t\u00fdm, \u017ee u\u013eah\u010duj\u00fa plynul\u00fd pohyb a stabilitu v\u0155tacieho stroja. Ich robustn\u00e1 kon\u0161trukcia zais\u0165uje dlhodob\u00fa \u017eivotnos\u0165, v\u010faka \u010domu s\u00fa ide\u00e1lne pre r\u00f4zne podzemn\u00e9 projekty vr\u00e1tane rozsiahlych infra\u0161trukt\u00farnych projektov. V\u010faka vylep\u0161en\u00e9mu hydraulick\u00e9mu v\u00fdkonu tieto valce v\u00fdznamne prispievaj\u00fa k celkovej \u00fa\u010dinnosti a bezpe\u010dnosti otvoren\u00fdch tunelov\u00fdch raziacich oper\u00e1ci\u00ed.<\/p>","protected":false},"featured_media":891,"comment_status":"open","ping_status":"closed","template":"","meta":{"_et_pb_use_builder":"","_et_pb_old_content":"","_et_gb_content_width":""},"product_brand":[],"product_cat":[30],"product_tag":[],"class_list":{"0":"post-883","1":"product","2":"type-product","3":"status-publish","4":"has-post-thumbnail","6":"product_cat-tunnel-boring-machine-hydraulic-cylinders","8":"first","9":"instock","10":"shipping-taxable","11":"product-type-simple"},"_links":{"self":[{"href":"https:\/\/fmp-components.com\/sk\/wp-json\/wp\/v2\/product\/883","targetHints":{"allow":["GET"]}}],"collection":[{"href":"https:\/\/fmp-components.com\/sk\/wp-json\/wp\/v2\/product"}],"about":[{"href":"https:\/\/fmp-components.com\/sk\/wp-json\/wp\/v2\/types\/product"}],"replies":[{"embeddable":true,"href":"https:\/\/fmp-components.com\/sk\/wp-json\/wp\/v2\/comments?post=883"}],"wp:featuredmedia":[{"embeddable":true,"href":"https:\/\/fmp-components.com\/sk\/wp-json\/wp\/v2\/media\/891"}],"wp:attachment":[{"href":"https:\/\/fmp-components.com\/sk\/wp-json\/wp\/v2\/media?parent=883"}],"wp:term":[{"taxonomy":"product_brand","embeddable":true,"href":"https:\/\/fmp-components.com\/sk\/wp-json\/wp\/v2\/product_brand?post=883"},{"taxonomy":"product_cat","embeddable":true,"href":"https:\/\/fmp-components.com\/sk\/wp-json\/wp\/v2\/product_cat?post=883"},{"taxonomy":"product_tag","embeddable":true,"href":"https:\/\/fmp-components.com\/sk\/wp-json\/wp\/v2\/product_tag?post=883"}],"curies":[{"name":"pracovn\u00fd list","href":"https:\/\/api.w.org\/{rel}","templated":true}]}}