{"id":866,"date":"2024-12-19T00:54:04","date_gmt":"2024-12-19T00:54:04","guid":{"rendered":"https:\/\/fmp-components.com\/?page_id=8"},"modified":"2024-12-19T02:46:26","modified_gmt":"2024-12-19T02:46:26","slug":"hydraulic-cylinder-for-shield-machine","status":"publish","type":"product","link":"https:\/\/fmp-components.com\/sk\/product\/hydraulic-cylinder-for-shield-machine\/","title":{"rendered":"Hydraulick\u00fd valec pre \u0161t\u00edtov\u00fd stroj"},"content":{"rendered":"<p style=\"text-align: center;\"><span style=\"font-size: 18pt;\">Hydraulick\u00fd valec pre \u0161t\u00edtov\u00fd stroj<\/span><\/p>\n<p>Hydraulick\u00fd valec pre \u0161t\u00edtov\u00e9 stroje je z\u00e1kladn\u00fdm komponentom navrhnut\u00fdm \u0161peci\u00e1lne pre tunelov\u00e9 razenie. Tieto valce, skon\u0161truovan\u00e9 tak, aby poskytovali vysokov\u00fdkonn\u00fd posuv a oporu, zohr\u00e1vaj\u00fa k\u013e\u00fa\u010dov\u00fa \u00falohu v efekt\u00edvnej prev\u00e1dzke \u0161t\u00edtov\u00fdch strojov pou\u017e\u00edvan\u00fdch pri podzemn\u00fdch v\u00fdkopov\u00fdch pr\u00e1cach.<\/p>\n<p><img loading=\"lazy\" decoding=\"async\" class=\"alignnone size-full wp-image-870\" src=\"https:\/\/fmp-components.com\/wp-content\/uploads\/2024\/12\/Shield-Machine-Thrust-Cylinder-2.webp\" alt=\"\u0160t\u00edt-Stroj-Axi\u00e1lny valec\" width=\"1024\" height=\"559\" title=\"\" srcset=\"https:\/\/fmp-components.com\/wp-content\/uploads\/2024\/12\/Shield-Machine-Thrust-Cylinder-2.webp 1024w, https:\/\/fmp-components.com\/wp-content\/uploads\/2024\/12\/Shield-Machine-Thrust-Cylinder-2-980x535.webp 980w, https:\/\/fmp-components.com\/wp-content\/uploads\/2024\/12\/Shield-Machine-Thrust-Cylinder-2-480x262.webp 480w\" sizes=\"(min-width: 0px) and (max-width: 480px) 480px, (min-width: 481px) and (max-width: 980px) 980px, (min-width: 981px) 1024px, 100vw\" \/><\/p>\n<h4>K\u013e\u00fa\u010dov\u00e9 vlastnosti:<\/h4>\n<ul>\n<li><strong>Odolnos\u0165 vo\u010di vysok\u00e9mu tlaku:<\/strong> Tieto hydraulick\u00e9 valce s\u00fa vyroben\u00e9 tak, aby odol\u00e1vali extr\u00e9mnym tlakom, a zabezpe\u010duj\u00fa spo\u013eahliv\u00fd v\u00fdkon aj v n\u00e1ro\u010dn\u00fdch geologick\u00fdch podmienkach.<\/li>\n<li><strong>Odoln\u00e1 kon\u0161trukcia:<\/strong> S\u00fa vyroben\u00e9 z vysokopevnostn\u00fdch materi\u00e1lov, tak\u017ee odol\u00e1vaj\u00fa n\u00e1ro\u010dn\u00fdm podmienkam, zabezpe\u010duj\u00fa dlh\u00fa \u017eivotnos\u0165 a zni\u017euj\u00fa potrebu \u00fadr\u017eby.<\/li>\n<li><strong>Presn\u00fd pohyb:<\/strong> Hydraulick\u00e9 valce umo\u017e\u0148uj\u00fa presn\u00e9 a kontrolovan\u00e9 pohyby \u0161t\u00edtu, \u010do umo\u017e\u0148uje efekt\u00edvne tunelovanie a zarovnanie v r\u00e1mci otvoru.<\/li>\n<li><strong>Stabilita a podpora:<\/strong> V\u00fdznamne prispievaj\u00fa k celkovej stabilite \u0161t\u00edtov\u00e9ho stroja, \u010do mu umo\u017e\u0148uje pohybova\u0165 sa v r\u00f4znych typoch p\u00f4dy a udr\u017eiava\u0165 prev\u00e1dzkov\u00fa integritu.<\/li>\n<li><strong>V\u0161estrann\u00e9 aplik\u00e1cie:<\/strong> Tieto valce s\u00fa vhodn\u00e9 pre r\u00f4zne tunelovacie projekty a s\u00fa ide\u00e1lne na v\u00fdstavbu metra, kanaliza\u010dn\u00fdch syst\u00e9mov a inej podzemnej infra\u0161trukt\u00fary.<\/li>\n<\/ul>\n<p>Hydraulick\u00fd valec pre \u0161t\u00edtov\u00e9 stroje je d\u00f4le\u017eit\u00fdm prvkom modernej tunelovacej technol\u00f3gie, ktor\u00fd zais\u0165uje bezpe\u010dn\u00e9, efekt\u00edvne a \u00fa\u010dinn\u00e9 raziace procesy. Jeho robustn\u00e1 kon\u0161trukcia a vysok\u00fd v\u00fdkon z neho robia nevyhnutn\u00fa s\u00fa\u010das\u0165 \u00faspe\u0161n\u00fdch podzemn\u00fdch projektov.<\/p>\n<p><img loading=\"lazy\" decoding=\"async\" class=\"alignnone wp-image-868\" src=\"https:\/\/fmp-components.com\/wp-content\/uploads\/2024\/12\/Shield-Machine-Articulated-Cylinder-for-Tunnel-Boring.webp\" alt=\"K\u013abov\u00fd valec Shield Machine na v\u0155tanie tunelov\" width=\"904\" height=\"303\" title=\"\" srcset=\"https:\/\/fmp-components.com\/wp-content\/uploads\/2024\/12\/Shield-Machine-Articulated-Cylinder-for-Tunnel-Boring.webp 904w, https:\/\/fmp-components.com\/wp-content\/uploads\/2024\/12\/Shield-Machine-Articulated-Cylinder-for-Tunnel-Boring-480x161.webp 480w\" sizes=\"(min-width: 0px) and (max-width: 480px) 480px, (min-width: 481px) 904px, 100vw\" \/><\/p>\n<h2>Pr\u00edtla\u010dn\u00fd valec \u0161t\u00edtov\u00e9ho stroja<\/h2>\n<p><img loading=\"lazy\" decoding=\"async\" class=\"size-full wp-image-878 aligncenter\" src=\"https:\/\/fmp-components.com\/wp-content\/uploads\/2024\/12\/Shield-Machine-Thrust-Cylinder-for-Tunnel-Boring.webp\" alt=\"Pr\u00edtla\u010dn\u00fd valec \u0161t\u00edtov\u00e9ho stroja na v\u0155tanie tunelov\" width=\"500\" height=\"200\" title=\"\" srcset=\"https:\/\/fmp-components.com\/wp-content\/uploads\/2024\/12\/Shield-Machine-Thrust-Cylinder-for-Tunnel-Boring.webp 500w, https:\/\/fmp-components.com\/wp-content\/uploads\/2024\/12\/Shield-Machine-Thrust-Cylinder-for-Tunnel-Boring-480x192.webp 480w\" sizes=\"(min-width: 0px) and (max-width: 480px) 480px, (min-width: 481px) 500px, 100vw\" \/><\/p>\n<table style=\"width: 97.095%; height: 210px;\" border=\"1\" cellspacing=\"0\" cellpadding=\"0\">\n<tbody>\n<tr>\n<td>N\u00e1zov produktu<\/td>\n<td>Pr\u00edtla\u010dn\u00fd valec \u0161t\u00edtov\u00e9ho stroja<\/td>\n<\/tr>\n<tr>\n<td>Vlastnosti:<\/td>\n<td>Posu\u0148te stroj so \u0161t\u00edtmi dopredu<\/td>\n<\/tr>\n<tr>\n<td>Priemer otvoru:<\/td>\n<td>140 mm\uff5e550 mm<\/td>\n<\/tr>\n<tr>\n<td>Priemer ty\u010de:<\/td>\n<td>120 mm\uff5e420 mm<br \/>\nZdvih: 900 mm\uff5e4100 mm<\/td>\n<\/tr>\n<tr>\n<td>Tlak\uff1a<\/td>\n<td>a\u017e 35 MPa<br \/>\n\u0160peci\u00e1lne po\u017eiadavky m\u00f4\u017eu dosiahnu\u0165 a\u017e 45 MPa<\/td>\n<\/tr>\n<tr>\n<td>Aplik\u00e1cie:<\/td>\n<td>\u0160t\u00edtov\u00fd stroj, stroje na v\u0155tanie tunelov<\/td>\n<\/tr>\n<\/tbody>\n<\/table>\n<h2><img loading=\"lazy\" decoding=\"async\" class=\"alignnone wp-image-872\" src=\"https:\/\/fmp-components.com\/wp-content\/uploads\/2024\/12\/Shield-Machine-Thrust-Cylinder.webp\" alt=\"\u0160t\u00edt-Stroj-Axi\u00e1lny valec\" width=\"901\" height=\"513\" title=\"\">K\u013abov\u00fd valec Shield Machine<\/h2>\n<p><img loading=\"lazy\" decoding=\"async\" class=\"size-full wp-image-875 aligncenter\" src=\"https:\/\/fmp-components.com\/wp-content\/uploads\/2024\/12\/Shield-Machine-Articulated-Cylinder-for-Tunnel-Boring-1.webp\" alt=\"K\u013abov\u00fd valec Shield Machine na v\u0155tanie tunelov\" width=\"500\" height=\"200\" title=\"\" srcset=\"https:\/\/fmp-components.com\/wp-content\/uploads\/2024\/12\/Shield-Machine-Articulated-Cylinder-for-Tunnel-Boring-1.webp 500w, https:\/\/fmp-components.com\/wp-content\/uploads\/2024\/12\/Shield-Machine-Articulated-Cylinder-for-Tunnel-Boring-1-480x192.webp 480w\" sizes=\"(min-width: 0px) and (max-width: 480px) 480px, (min-width: 481px) 500px, 100vw\" \/><\/p>\n<table style=\"width: 97.2566%; height: 209px;\" border=\"1\" cellspacing=\"0\" cellpadding=\"0\">\n<tbody>\n<tr>\n<td>N\u00e1zov produktu<\/td>\n<td>K\u013abov\u00fd valec Shield Machine<\/td>\n<\/tr>\n<tr>\n<td>Vlastnosti:<\/td>\n<td>Akt\u00edvne k\u013abov\u00e9 spojenie: riadenie fr\u00e9zovacej hlavy\/koordinovan\u00e1 v\u00fdmena n\u00e1stroja<br \/>\nPas\u00edvna artikul\u00e1cia: potiahnite chvost \u0161t\u00edtu dopredu<\/td>\n<\/tr>\n<tr>\n<td>Priemer otvoru:<\/td>\n<td>125 mm\uff5e550 mm<\/td>\n<\/tr>\n<tr>\n<td>Priemer ty\u010de:<\/td>\n<td>\u00a070 mm\uff5e370 mm<br \/>\nZdvih 140 mm\uff5e1200 mm<\/td>\n<\/tr>\n<tr>\n<td>Tlak\uff1a<\/td>\n<td>A\u017e 35 MPa<\/td>\n<\/tr>\n<tr>\n<td>Aplik\u00e1cie:<\/td>\n<td>\u0160t\u00edtov\u00fd stroj, stroje na v\u0155tanie tunelov<\/td>\n<\/tr>\n<\/tbody>\n<\/table>\n<p><img loading=\"lazy\" decoding=\"async\" class=\"alignnone wp-image-882\" src=\"https:\/\/fmp-components.com\/wp-content\/uploads\/2024\/12\/Shield-Machine-Articulated-Cylinder-1.webp\" alt=\"K\u013abov\u00fd valec so \u0161t\u00edtov\u00fdm strojom\" width=\"901\" height=\"501\" title=\"\" srcset=\"https:\/\/fmp-components.com\/wp-content\/uploads\/2024\/12\/Shield-Machine-Articulated-Cylinder-1.webp 901w, https:\/\/fmp-components.com\/wp-content\/uploads\/2024\/12\/Shield-Machine-Articulated-Cylinder-1-480x267.webp 480w\" sizes=\"(min-width: 0px) and (max-width: 480px) 480px, (min-width: 481px) 901px, 100vw\" \/><\/p>\n<h2>Zdv\u00edhac\u00ed valec zostavy \u0161t\u00edtov\u00e9ho stroja<\/h2>\n<p><img loading=\"lazy\" decoding=\"async\" class=\"size-full wp-image-876 aligncenter\" src=\"https:\/\/fmp-components.com\/wp-content\/uploads\/2024\/12\/Shield-Machine-Assembly-Lifting-Cylinder-for-Tunnel-Boring.webp\" alt=\"Zdv\u00edhac\u00ed valec zostavy \u0161t\u00edtov\u00e9ho stroja na v\u0155tanie tunelov\" width=\"500\" height=\"200\" title=\"\" srcset=\"https:\/\/fmp-components.com\/wp-content\/uploads\/2024\/12\/Shield-Machine-Assembly-Lifting-Cylinder-for-Tunnel-Boring.webp 500w, https:\/\/fmp-components.com\/wp-content\/uploads\/2024\/12\/Shield-Machine-Assembly-Lifting-Cylinder-for-Tunnel-Boring-480x192.webp 480w\" sizes=\"(min-width: 0px) and (max-width: 480px) 480px, (min-width: 481px) 500px, 100vw\" \/><\/p>\n<table style=\"width: 97.9899%; height: 171px;\" border=\"1\" cellspacing=\"0\" cellpadding=\"0\">\n<tbody>\n<tr>\n<td>N\u00e1zov produktu<\/td>\n<td>Zdv\u00edhac\u00ed valec zostavy \u0161t\u00edtov\u00e9ho stroja<\/td>\n<\/tr>\n<tr>\n<td>Vlastnosti:<\/td>\n<td>Premiestnite segmenty na ur\u010den\u00e9 miesto a zostavte ich do kr\u00fa\u017eku<\/td>\n<\/tr>\n<tr>\n<td>\u0160pecifik\u00e1cia:<\/td>\n<td>V\u0161eobecne dvoj\u00farov\u0148ov\u00e1 \u0161trukt\u00fara<br \/>\n\u0164ah a \u0165ah zabezpe\u010duje mal\u00fd vn\u00fatorn\u00fd olejov\u00fd valec<br \/>\nMal\u00e1 piestna ty\u010d pevn\u00e1<br \/>\nVe\u013ek\u00e9 piestne ty\u010de odol\u00e1vaj\u00fa ve\u013ek\u00fdm bo\u010dn\u00fdm sil\u00e1m pri teleskopickom vys\u00favan\u00ed<\/td>\n<\/tr>\n<tr>\n<td>Aplik\u00e1cie:<\/td>\n<td>\u0160t\u00edtov\u00fd stroj, stroje na v\u0155tanie tunelov<\/td>\n<\/tr>\n<\/tbody>\n<\/table>\n<h2><img loading=\"lazy\" decoding=\"async\" class=\"alignnone wp-image-881\" src=\"https:\/\/fmp-components.com\/wp-content\/uploads\/2024\/12\/Shield-Machine-Assembly-Lifting-Cylinder-1.webp\" alt=\"Zdv\u00edhac\u00ed valec mont\u00e1\u017eneho stroja \u0161t\u00edtu\" width=\"896\" height=\"637\" title=\"\" srcset=\"https:\/\/fmp-components.com\/wp-content\/uploads\/2024\/12\/Shield-Machine-Assembly-Lifting-Cylinder-1.webp 896w, https:\/\/fmp-components.com\/wp-content\/uploads\/2024\/12\/Shield-Machine-Assembly-Lifting-Cylinder-1-480x341.webp 480w\" sizes=\"(min-width: 0px) and (max-width: 480px) 480px, (min-width: 481px) 896px, 100vw\" \/>Valec proti kr\u00fatiacemu momentu \u0161t\u00edtov\u00e9ho stroja<\/h2>\n<p><img loading=\"lazy\" decoding=\"async\" class=\"size-full wp-image-874 aligncenter\" src=\"https:\/\/fmp-components.com\/wp-content\/uploads\/2024\/12\/Shield-Machine-Anti-torque-Cylinder-for-Tunnel-Boring-1.webp\" alt=\"Valec s stabiliz\u00e1torom kr\u00fatiaceho momentu pre v\u0155tanie tunelov\" width=\"500\" height=\"200\" title=\"\" srcset=\"https:\/\/fmp-components.com\/wp-content\/uploads\/2024\/12\/Shield-Machine-Anti-torque-Cylinder-for-Tunnel-Boring-1.webp 500w, https:\/\/fmp-components.com\/wp-content\/uploads\/2024\/12\/Shield-Machine-Anti-torque-Cylinder-for-Tunnel-Boring-1-480x192.webp 480w\" sizes=\"(min-width: 0px) and (max-width: 480px) 480px, (min-width: 481px) 500px, 100vw\" \/><\/p>\n<table style=\"width: 97.4236%; height: 200px;\" border=\"1\" cellspacing=\"0\" cellpadding=\"0\">\n<tbody>\n<tr>\n<td>N\u00e1zov produktu<\/td>\n<td>Valec proti kr\u00fatiacemu momentu \u0161t\u00edtov\u00e9ho stroja<\/td>\n<\/tr>\n<tr>\n<td>Vlastnosti:<\/td>\n<td>Pren\u00e1\u0161ajte kr\u00fatiaci moment pri ot\u00e1\u010dan\u00ed fr\u00e9zovacej hlavy<\/td>\n<\/tr>\n<tr>\n<td>Priemer otvoru:<\/td>\n<td>330 mm\uff5e570 mm<\/td>\n<\/tr>\n<tr>\n<td>Priemer ty\u010de:<\/td>\n<td>260 mm\uff5e530 mm<br \/>\nZdvih 120 mm\uff5e160 mm<\/td>\n<\/tr>\n<tr>\n<td>Tlak:<\/td>\n<td>Spravidla do 35 MPa<br \/>\nMaxim\u00e1lne do 42 MPa<\/td>\n<\/tr>\n<tr>\n<td>Aplik\u00e1cie:<\/td>\n<td>\u0160t\u00edtov\u00fd stroj, stroje na v\u0155tanie tunelov<\/td>\n<\/tr>\n<\/tbody>\n<\/table>\n<p><img loading=\"lazy\" decoding=\"async\" class=\"alignnone wp-image-880\" src=\"https:\/\/fmp-components.com\/wp-content\/uploads\/2024\/12\/Shield-Machine-Anti-torque-Cylinder-1.webp\" alt=\"\u0160t\u00edt-Stroj-Anti-Torque-Cylinder\" width=\"906\" height=\"453\" title=\"\"><\/p>\n<h2>Valec drvi\u010da \u0161t\u00edtov\u00e9ho stroja<\/h2>\n<p><img loading=\"lazy\" decoding=\"async\" class=\"size-full wp-image-877 aligncenter\" src=\"https:\/\/fmp-components.com\/wp-content\/uploads\/2024\/12\/Shield-Machine-Crusher-Cylinder-for-Tunnel-Boring.webp\" alt=\"Valec drvi\u010da \u0161t\u00edtov\u00e9ho stroja na v\u0155tanie tunelov\" width=\"500\" height=\"200\" title=\"\" srcset=\"https:\/\/fmp-components.com\/wp-content\/uploads\/2024\/12\/Shield-Machine-Crusher-Cylinder-for-Tunnel-Boring.webp 500w, https:\/\/fmp-components.com\/wp-content\/uploads\/2024\/12\/Shield-Machine-Crusher-Cylinder-for-Tunnel-Boring-480x192.webp 480w\" sizes=\"(min-width: 0px) and (max-width: 480px) 480px, (min-width: 481px) 500px, 100vw\" \/><\/p>\n<table style=\"width: 97.4971%; height: 117px;\" border=\"1\" cellspacing=\"0\" cellpadding=\"0\">\n<tbody>\n<tr style=\"height: 23px;\">\n<td style=\"height: 23px;\">N\u00e1zov produktu<\/td>\n<td style=\"height: 23px;\">Valec drvi\u010da \u0161t\u00edtov\u00e9ho stroja<\/td>\n<\/tr>\n<tr style=\"height: 23px;\">\n<td style=\"height: 23px;\">Vlastnosti:<\/td>\n<td style=\"height: 23px;\">Upnite drviace klie\u0161te, aby ste zabezpe\u010dili, \u017ee ve\u013ek\u00e9 kusy \u0161trku bud\u00fa rozdrven\u00e9 predt\u00fdm, ako vst\u00fapia do v\u00fdtla\u010dn\u00e9ho otvoru.<\/td>\n<\/tr>\n<tr style=\"height: 23px;\">\n<td style=\"height: 23px;\">\n<div class=\"txtboxL\">\u0160pecifik\u00e1cia:<\/div>\n<\/td>\n<td style=\"height: 23px;\">R\u00f4zne \u0161pecifik\u00e1cie drvi\u010dov\u00fdch valcov je mo\u017en\u00e9 navrhn\u00fa\u0165 a vyrobi\u0165 pod\u013ea po\u017eiadaviek z\u00e1kazn\u00edka.<\/td>\n<\/tr>\n<tr style=\"height: 23px;\">\n<td style=\"height: 23px;\">Aplik\u00e1cie:<\/td>\n<td style=\"height: 23px;\">\u0160t\u00edtov\u00fd stroj, stroje na v\u0155tanie tunelov<\/td>\n<\/tr>\n<\/tbody>\n<\/table>\n<p><img loading=\"lazy\" decoding=\"async\" class=\"alignnone wp-image-869\" src=\"https:\/\/fmp-components.com\/wp-content\/uploads\/2024\/12\/Shield-Machine-Crusher-Cylinder-for-Tunnel-Boring2.webp\" alt=\"Valec drvi\u010da \u0161t\u00edtov\u00e9ho stroja na v\u0155tanie tunelov2\" width=\"907\" height=\"324\" title=\"\" srcset=\"https:\/\/fmp-components.com\/wp-content\/uploads\/2024\/12\/Shield-Machine-Crusher-Cylinder-for-Tunnel-Boring2.webp 907w, https:\/\/fmp-components.com\/wp-content\/uploads\/2024\/12\/Shield-Machine-Crusher-Cylinder-for-Tunnel-Boring2-480x171.webp 480w\" sizes=\"(min-width: 0px) and (max-width: 480px) 480px, (min-width: 481px) 907px, 100vw\" \/><\/p>\n<h3>V\u00fdhody hydraulick\u00e9ho valca Shield Machine<\/h3>\n<ol>\n<li><strong>Vysok\u00e1 \u00fa\u010dinnos\u0165:<\/strong><br \/>\nHydraulick\u00e9 valce strojov Shield s\u00fa skon\u0161truovan\u00e9 tak, aby poskytovali siln\u00fd tlak, ktor\u00fd v\u00fdrazne zvy\u0161uje r\u00fdchlos\u0165 a efektivitu razenia tunelov. T\u00e1to schopnos\u0165 umo\u017e\u0148uje stavebn\u00fdm t\u00edmom dokon\u010di\u0165 projekty r\u00fdchlej\u0161ie, \u010d\u00edm sa skracuje celkov\u00fd \u010dasov\u00fd harmonogram projektu. V\u010faka r\u00fdchlej\u0161\u00edm temp\u00e1m v\u00fdkopov\u00fdch pr\u00e1c m\u00f4\u017eu dod\u00e1vatelia efekt\u00edvnej\u0161ie dodr\u017eiava\u0165 term\u00edny, \u010do vedie k zv\u00fd\u0161enej produktivite a \u00faspore n\u00e1kladov.<\/li>\n<li><strong>Robustn\u00e1 odolnos\u0165:<\/strong><br \/>\nTieto hydraulick\u00e9 valce s\u00fa vyroben\u00e9 z vysokopevnostn\u00fdch materi\u00e1lov \u0161peci\u00e1lne navrhnut\u00fdch tak, aby odolali drsn\u00fdm podmienkam prostredia a extr\u00e9mnym tlakom, ktor\u00fdm doch\u00e1dza po\u010das razenia tunelov. Ich robustn\u00e1 odolnos\u0165 zais\u0165uje dlhodob\u00fa spo\u013eahlivos\u0165 a minimalizuje riziko por\u00fach, ktor\u00e9 by mohli vies\u0165 k n\u00e1kladn\u00fdm oneskoreniam. T\u00e1to odolnos\u0165 ich rob\u00ed vhodn\u00fdmi pre r\u00f4zne geologick\u00e9 form\u00e1cie a zabezpe\u010duje konzistentn\u00fd v\u00fdkon po\u010das cel\u00e9ho \u017eivotn\u00e9ho cyklu projektu.<\/li>\n<li><strong>Presn\u00e9 ovl\u00e1danie:<\/strong><br \/>\nHydraulick\u00fd syst\u00e9m vo valcoch stroja na razenie \u0161t\u00edtov umo\u017e\u0148uje vysoko presn\u00fd pohyb \u0161t\u00edtu, \u010do je nevyhnutn\u00e9 pre presn\u00e9 razenie a zarovnanie tunelov. T\u00e1to presnos\u0165 je k\u013e\u00fa\u010dov\u00e1 pre \u00faspe\u0161n\u00e9 razenie, preto\u017ee umo\u017e\u0148uje oper\u00e1torom s istotou navigova\u0165 v zlo\u017eit\u00fdch podzemn\u00fdch prostrediach. Schopnos\u0165 ovl\u00e1da\u0165 jemn\u00e9 pohyby zni\u017euje riziko nespr\u00e1vneho zarovnania a zabezpe\u010duje, \u017ee tunel sp\u013a\u0148a stanoven\u00e9 kon\u0161truk\u010dn\u00e9 parametre.<\/li>\n<li><strong>Zv\u00fd\u0161en\u00e1 stabilita:<\/strong><br \/>\nTieto valce zohr\u00e1vaj\u00fa k\u013e\u00fa\u010dov\u00fa \u00falohu pri udr\u017eiavan\u00ed stability \u0161t\u00edtov\u00e9ho stroja po\u010das prev\u00e1dzky. Poskytovan\u00edm konzistentnej podpory umo\u017e\u0148uj\u00fa stroju prech\u00e1dza\u0165 r\u00f4znymi geologick\u00fdmi podmienkami bez ohrozenia bezpe\u010dnosti. T\u00e1to stabilita je nevyhnutn\u00e1 na predch\u00e1dzanie nehod\u00e1m a zaistenie bezpe\u010dnosti pracovn\u00edkov aj samotn\u00fdch strojov, najm\u00e4 v nepredv\u00eddate\u013enom prostred\u00ed.<\/li>\n<li><strong>Zn\u00ed\u017een\u00e1 \u00fadr\u017eba:<\/strong><br \/>\nOdoln\u00e1 kon\u0161trukcia hydraulick\u00fdch valcov pre \u0161t\u00edtov\u00e9 stroje minimalizuje opotrebovanie, \u010do vedie k ni\u017e\u0161\u00edm n\u00e1kladom na \u00fadr\u017ebu a krat\u0161\u00edm prestojom. V\u010faka men\u0161ej potrebe opr\u00e1v a v\u00fdmen tieto valce prispievaj\u00fa k celkovej efektivite projektu. Toto zn\u00ed\u017eenie \u00fadr\u017eby nielen \u0161etr\u00ed peniaze, ale umo\u017e\u0148uje aj nepretr\u017eitej\u0161iu prev\u00e1dzku, \u010d\u00edm sa zvy\u0161uje produktivita na mieste.<\/li>\n<li><strong>V\u0161estrannos\u0165:<\/strong><br \/>\nHydraulick\u00e9 valce pre \u0161t\u00edtov\u00e9 stroje s\u00fa vhodn\u00e9 pre \u0161irok\u00fa \u0161k\u00e1lu aplik\u00e1ci\u00ed vr\u00e1tane metra, kanaliza\u010dn\u00fdch syst\u00e9mov a in\u00fdch foriem podzemnej infra\u0161trukt\u00fary. V\u010faka svojej prisp\u00f4sobivosti s\u00fa ide\u00e1lnou vo\u013ebou pre r\u00f4zne potreby razenia tunelov, \u010do umo\u017e\u0148uje dod\u00e1vate\u013eom pou\u017e\u00edva\u0165 rovnak\u00e9 zariadenie v r\u00f4znych projektoch. T\u00e1to v\u0161estrannos\u0165 zjednodu\u0161uje logistiku a zni\u017euje potrebu viacer\u00fdch \u0161pecializovan\u00fdch n\u00e1strojov.<\/li>\n<li><strong>Bezpe\u010dnostn\u00e9 prvky:<\/strong><br \/>\nTieto hydraulick\u00e9 valce s\u00fa vybaven\u00e9 pokro\u010dil\u00fdmi bezpe\u010dnostn\u00fdmi mechanizmami a pom\u00e1haj\u00fa predch\u00e1dza\u0165 n\u00e1hodn\u00e9mu uvo\u013eneniu po\u010das prev\u00e1dzky. T\u00e1to funkcia zais\u0165uje bezpe\u010dn\u00fa prev\u00e1dzku aj pri n\u00e1ro\u010dn\u00fdch v\u00fdkopov\u00fdch \u00faloh\u00e1ch, \u010d\u00edm v\u00fdrazne zvy\u0161uje bezpe\u010dnos\u0165 procesu razenia tunelov. Tak\u00e9to bezpe\u010dnostn\u00e9 opatrenia s\u00fa k\u013e\u00fa\u010dov\u00e9 pre udr\u017eanie bezpe\u010dn\u00e9ho pracovn\u00e9ho prostredia a ochranu zdravia pracovn\u00edkov.<\/li>\n<li><strong>Hydraulick\u00fd v\u00fdkon:<\/strong><br \/>\nPou\u017eitie hydraulick\u00fdch syst\u00e9mov v t\u00fdchto valcoch umo\u017e\u0148uje generovanie v\u00e4\u010d\u0161ej sily v r\u00e1mci kompaktnej kon\u0161trukcie. T\u00e1to schopnos\u0165 u\u013eah\u010duje zvl\u00e1danie \u0165a\u017ek\u00fdch bremien a vykon\u00e1vanie zlo\u017eit\u00fdch pohybov s presnos\u0165ou. Hydraulick\u00fd v\u00fdkon umo\u017e\u0148uje \u0161t\u00edtov\u00fdm strojom pracova\u0165 efekt\u00edvne aj v n\u00e1ro\u010dn\u00fdch podmienkach, \u010d\u00edm sa zlep\u0161uje celkov\u00e1 \u00fa\u010dinnos\u0165 tunelovac\u00edch oper\u00e1ci\u00ed.<\/li>\n<\/ol>\n<p>V\u010faka t\u00fdmto v\u00fdhod\u00e1m zohr\u00e1vaj\u00fa hydraulick\u00e9 valce pre \u0161t\u00edtov\u00e9 raziace stroje k\u013e\u00fa\u010dov\u00fa \u00falohu v \u00faspechu modern\u00fdch tunelovac\u00edch projektov, zabezpe\u010duj\u00fa efekt\u00edvnos\u0165, bezpe\u010dnos\u0165 a spo\u013eahlivos\u0165 po\u010das cel\u00e9ho procesu razenia. Ich integr\u00e1cia do tunelovac\u00edch strojov je nevyhnutn\u00e1 pre splnenie po\u017eiadaviek s\u00fa\u010dasn\u00e9ho rozvoja infra\u0161trukt\u00fary.<\/p>\n<p><img loading=\"lazy\" decoding=\"async\" class=\"alignnone wp-image-879\" src=\"https:\/\/fmp-components.com\/wp-content\/uploads\/2024\/12\/Shield-Machine-Crusher-Cylinder-1.webp\" alt=\"\u0160t\u00edt-Stroj-Drvi\u010d-Valec\" width=\"903\" height=\"601\" title=\"\"><\/p>\n<h3>O FMP<\/h3>\n<p>FMP je \u0161pecializovan\u00e1 spolo\u010dnos\u0165 zaoberaj\u00faca sa stroj\u00e1rskou v\u00fdrobou hydraulick\u00fdch valcov. Od svojho zalo\u017eenia sa spolo\u010dnos\u0165 zameriava na v\u00fdskum a v\u00fdrobu hydraulick\u00fdch technol\u00f3gi\u00ed a \u00faspe\u0161ne pre\u0161la z rozmanit\u00e9ho sortimentu produktov, ktor\u00fd zah\u0155\u0148al zberov\u00e9 a stavebn\u00e9 stroje, na \u0161pecializ\u00e1ciu na komponenty po\u013enohospod\u00e1rskych traktorov. S viac ako desa\u0165ro\u010dn\u00fdmi sk\u00fasenos\u0165ami vo v\u00fdrobe a riaden\u00ed zabezpe\u010duje FMP vysoko kvalitn\u00e9 produkty prostredn\u00edctvom pokro\u010dil\u00fdch v\u00fdrobn\u00fdch techn\u00edk.<\/p>\n<p>Ako sa spolo\u010dnos\u0165 vyv\u00edjala, vyvinula komplexn\u00fa obr\u00e1baciu v\u00fdrobn\u00fa linku, mont\u00e1\u017enu linku a linku na lakovanie. N\u00e1\u0161 t\u00edm pozost\u00e1va zo sk\u00fasen\u00fdch mana\u017e\u00e9rov, sk\u00fasen\u00fdch strojn\u00fdch kon\u0161trukt\u00e9rov a vysoko kvalifikovan\u00fdch technikov, ktor\u00ed spolo\u010dne pracuj\u00fa na udr\u017ean\u00ed stabilnej kvality v\u00fdroby a z\u00e1rove\u0148 efekt\u00edvnej kontrole kontinuity a efektivity procesov.<\/p>\n<p>Spolo\u010dnos\u0165 FMP sa riadi filozofiou \u201eTechnologick\u00e9 inov\u00e1cie poh\u00e1\u0148aj\u00face pokrok, kvalita vytv\u00e1raj\u00faca zna\u010dky, remeseln\u00e9 spracovanie zabezpe\u010duj\u00face kvalitu a budovanie dlhodob\u00fdch obojstranne v\u00fdhodn\u00fdch vz\u0165ahov\u201c. N\u00e1\u0161 z\u00e1v\u00e4zok poskytova\u0165 vysokokvalitn\u00e9 produkty a vynikaj\u00face slu\u017eby z\u00e1kazn\u00edkom zost\u00e1va hlavn\u00fdm cie\u013eom, ke\u010f\u017ee neust\u00e1le uspokojujeme vyv\u00edjaj\u00face sa potreby trhu.<\/p>\n<p><img loading=\"lazy\" decoding=\"async\" class=\"alignnone size-full wp-image-426\" src=\"https:\/\/fmp-components.com\/wp-content\/uploads\/2024\/12\/Sanitation-Machinery-Locking-Hydraulic-Cylinder-factory.webp\" sizes=\"(min-width: 0px) and (max-width: 480px) 480px, (min-width: 481px) and (max-width: 980px) 980px, (min-width: 981px) and (max-width: 1280px) 1280px, (min-width: 1281px) 1414px, 100vw\" srcset=\"https:\/\/fmp-components.com\/wp-content\/uploads\/2024\/12\/Sanitation-Machinery-Locking-Hydraulic-Cylinder-factory.webp 1414w, https:\/\/fmp-components.com\/wp-content\/uploads\/2024\/12\/Sanitation-Machinery-Locking-Hydraulic-Cylinder-factory-1280x529.webp 1280w, https:\/\/fmp-components.com\/wp-content\/uploads\/2024\/12\/Sanitation-Machinery-Locking-Hydraulic-Cylinder-factory-980x405.webp 980w, https:\/\/fmp-components.com\/wp-content\/uploads\/2024\/12\/Sanitation-Machinery-Locking-Hydraulic-Cylinder-factory-480x198.webp 480w\" alt=\"Sanit\u00e1rne stroje, uzamykacie hydraulick\u00e9 valce, tov\u00e1re\u0148\" width=\"1414\" height=\"584\" title=\"\"><\/p>\n<p>Autor: CX<\/p>","protected":false},"excerpt":{"rendered":"<p>Hydraulick\u00fd valec pre \u0161t\u00edtov\u00e9 stroje je kritick\u00fdm komponentom ur\u010den\u00fdm na zabezpe\u010denie siln\u00e9ho tlaku a podpory pri razen\u00ed tunelov. Tieto valce s\u00fa skon\u0161truovan\u00e9 tak, aby odolali vysok\u00e9mu tlaku a drsn\u00fdm podmienkam, \u010d\u00edm zabezpe\u010duj\u00fa spo\u013eahliv\u00fd v\u00fdkon po\u010das razenia. V\u010faka svojej robustnej kon\u0161trukcii u\u013eah\u010duj\u00fa presn\u00e9 pohyby \u0161t\u00edtu, \u010do umo\u017e\u0148uje presn\u00e9 razenie tunelov a efekt\u00edvnu prev\u00e1dzku. Hydraulick\u00e9 valce tie\u017e zohr\u00e1vaj\u00fa d\u00f4le\u017eit\u00fa \u00falohu pri udr\u017eiavan\u00ed stability stroja, \u010do mu umo\u017e\u0148uje pohybova\u0165 sa cez r\u00f4zne geologick\u00e9 form\u00e1cie. V\u010faka svojej odolnosti a \u00fa\u010dinnosti s\u00fa nevyhnutn\u00e9 v modern\u00fdch tunelovac\u00edch projektoch a prispievaj\u00fa k \u00faspe\u0161n\u00e9mu dokon\u010deniu podzemnej infra\u0161trukt\u00fary.<\/p>","protected":false},"featured_media":873,"comment_status":"open","ping_status":"closed","template":"","meta":{"_et_pb_use_builder":"","_et_pb_old_content":"","_et_gb_content_width":""},"product_brand":[],"product_cat":[30],"product_tag":[],"class_list":{"0":"post-866","1":"product","2":"type-product","3":"status-publish","4":"has-post-thumbnail","6":"product_cat-tunnel-boring-machine-hydraulic-cylinders","8":"first","9":"instock","10":"shipping-taxable","11":"product-type-simple"},"_links":{"self":[{"href":"https:\/\/fmp-components.com\/sk\/wp-json\/wp\/v2\/product\/866","targetHints":{"allow":["GET"]}}],"collection":[{"href":"https:\/\/fmp-components.com\/sk\/wp-json\/wp\/v2\/product"}],"about":[{"href":"https:\/\/fmp-components.com\/sk\/wp-json\/wp\/v2\/types\/product"}],"replies":[{"embeddable":true,"href":"https:\/\/fmp-components.com\/sk\/wp-json\/wp\/v2\/comments?post=866"}],"wp:featuredmedia":[{"embeddable":true,"href":"https:\/\/fmp-components.com\/sk\/wp-json\/wp\/v2\/media\/873"}],"wp:attachment":[{"href":"https:\/\/fmp-components.com\/sk\/wp-json\/wp\/v2\/media?parent=866"}],"wp:term":[{"taxonomy":"product_brand","embeddable":true,"href":"https:\/\/fmp-components.com\/sk\/wp-json\/wp\/v2\/product_brand?post=866"},{"taxonomy":"product_cat","embeddable":true,"href":"https:\/\/fmp-components.com\/sk\/wp-json\/wp\/v2\/product_cat?post=866"},{"taxonomy":"product_tag","embeddable":true,"href":"https:\/\/fmp-components.com\/sk\/wp-json\/wp\/v2\/product_tag?post=866"}],"curies":[{"name":"pracovn\u00fd list","href":"https:\/\/api.w.org\/{rel}","templated":true}]}}