{"id":809,"date":"2024-12-18T07:45:43","date_gmt":"2024-12-18T07:45:43","guid":{"rendered":"https:\/\/fmp-components.com\/?page_id=8"},"modified":"2024-12-18T07:51:27","modified_gmt":"2024-12-18T07:51:27","slug":"desalination-equipment-hydraulic-cylinders","status":"publish","type":"product","link":"https:\/\/fmp-components.com\/sk\/product\/desalination-equipment-hydraulic-cylinders\/","title":{"rendered":"Hydraulick\u00e9 valce na odso\u013eovanie"},"content":{"rendered":"<p style=\"text-align: center;\"><span style=\"font-size: 18pt;\">Hydraulick\u00e9 valce na odso\u013eovanie<\/span><\/p>\n<p>Hydraulick\u00e9 valce odso\u013eovac\u00edch zariaden\u00ed s\u00fa z\u00e1kladn\u00e9 hydraulick\u00e9 komponenty \u0161peci\u00e1lne navrhnut\u00e9 na pou\u017eitie v odso\u013eovac\u00edch zariadeniach. Tieto valce zohr\u00e1vaj\u00fa k\u013e\u00fa\u010dov\u00fa \u00falohu pri u\u013eah\u010dovan\u00ed pohybu a prev\u00e1dzky r\u00f4znych strojov zapojen\u00fdch do procesu \u00fapravy vody, ako s\u00fa \u010derpadl\u00e1, ventily a filtra\u010dn\u00e9 syst\u00e9my.<\/p>\n<h4>K\u013e\u00fa\u010dov\u00e9 vlastnosti:<\/h4>\n<ul>\n<li><strong>Vysokopevnostn\u00e1 kon\u0161trukcia:<\/strong> Tieto hydraulick\u00e9 valce, vyroben\u00e9 z odoln\u00fdch materi\u00e1lov odoln\u00fdch vo\u010di kor\u00f3zii, s\u00fa navrhnut\u00e9 tak, aby odolali drsn\u00e9mu prostrediu typick\u00e9mu pre odso\u013eovacie oper\u00e1cie vr\u00e1tane vystavenia slanej vode a vysok\u00e9mu tlaku.<\/li>\n<li><strong>Spo\u013eahliv\u00fd v\u00fdkon:<\/strong> Tieto valce s\u00fa navrhnut\u00e9 pre vysok\u00fa \u00fa\u010dinnos\u0165 a poskytuj\u00fa konzistentn\u00fa a siln\u00fa hydraulick\u00fa silu, \u010d\u00edm zabezpe\u010duj\u00fa efekt\u00edvnu prev\u00e1dzku odso\u013eovacieho zariadenia a prispievaj\u00fa k celkovej spo\u013eahlivosti procesu \u00fapravy vody.<\/li>\n<li><strong>Presn\u00e9 ovl\u00e1danie:<\/strong> Hydraulick\u00e1 kon\u0161trukcia umo\u017e\u0148uje plynul\u00e9 a presn\u00e9 nastavenie, \u010d\u00edm sa zvy\u0161uje prev\u00e1dzkov\u00e1 \u00fa\u010dinnos\u0165 ventilov a \u010derpadiel, \u010do je k\u013e\u00fa\u010dov\u00e9 pre optimaliz\u00e1ciu prietoku vody a procesov \u00fapravy.<\/li>\n<li><strong>V\u0161estrann\u00e9 pou\u017eitie:<\/strong> Tieto hydraulick\u00e9 valce s\u00fa vhodn\u00e9 pre r\u00f4zne technol\u00f3gie odso\u013eovania vr\u00e1tane reverznej osm\u00f3zy a viacstup\u0148ovej bleskovej destil\u00e1cie a dok\u00e1\u017eu sa prisp\u00f4sobi\u0165 r\u00f4znym prev\u00e1dzkov\u00fdm potreb\u00e1m, v\u010faka \u010domu s\u00fa v\u0161estrann\u00e9 pre r\u00f4zne aplik\u00e1cie.<\/li>\n<li><strong>N\u00edzke n\u00e1roky na \u00fadr\u017ebu:<\/strong> Tieto valce s\u00fa navrhnut\u00e9 s oh\u013eadom na minim\u00e1lne opotrebovanie, zni\u017euj\u00fa potrebu \u010dastej \u00fadr\u017eby, \u010do prispieva k ni\u017e\u0161\u00edm prev\u00e1dzkov\u00fdm n\u00e1kladom a zv\u00fd\u0161enej produktivite v odso\u013eovac\u00edch zariadeniach.<\/li>\n<\/ul>\n<p>Stru\u010dne povedan\u00e9, hydraulick\u00e9 valce odso\u013eovac\u00edch zariaden\u00ed s\u00fa d\u00f4le\u017eit\u00fdmi komponentmi, ktor\u00e9 optimalizuj\u00fa v\u00fdkon a \u00fa\u010dinnos\u0165 odso\u013eovac\u00edch zariaden\u00ed, \u010d\u00edm v\u00fdrazne zvy\u0161uj\u00fa ich \u00fa\u010dinnos\u0165 pri zabezpe\u010dovan\u00ed sladkej vody z morskej vody a zabezpe\u010duj\u00fa udr\u017eate\u013en\u00e9 hospod\u00e1renie s vodn\u00fdmi zdrojmi.<\/p>\n<h2>Hydraulick\u00fd valec odso\u013eovacieho zariadenia<\/h2>\n<table style=\"width: 98.4268%; height: 316px;\" border=\"1\" cellspacing=\"0\" cellpadding=\"0\">\n<tbody>\n<tr>\n<td>N\u00e1zov produktu<\/td>\n<td>Hydraulick\u00e9 valce pre odso\u013eovacie zariadenia<\/td>\n<\/tr>\n<tr>\n<td>Vlastnosti:<\/td>\n<td>Extrahujte a stla\u010dte morsk\u00fa vodu a dopravte ju do filtra\u010dn\u00e9ho zariadenia.<\/td>\n<\/tr>\n<tr>\n<td>Priemer otvoru:<\/td>\n<td>Do 300 mm<\/td>\n<\/tr>\n<tr>\n<td>Priemer ty\u010de:<\/td>\n<td>A\u017e 185 mm<br \/>\nZdvih do 1000 mm<\/td>\n<\/tr>\n<tr>\n<td>Pracovn\u00e1 teplota:<\/td>\n<td>-20~30\u2103<\/td>\n<\/tr>\n<tr>\n<td>Pracovn\u00e1 r\u00fdchlos\u0165:<\/td>\n<td>a\u017e 110 mm\/s<\/td>\n<\/tr>\n<tr>\n<td>Pracovn\u00e1 frekvencia:<\/td>\n<td>24 hod\u00edn<\/td>\n<\/tr>\n<tr>\n<td>Vn\u00fatorn\u00fd a vonkaj\u0161\u00ed \u00fanik:<\/td>\n<td>&lt; 5 ml\/min<\/td>\n<\/tr>\n<tr>\n<td>Tlak\uff1a<\/td>\n<td>do 11 MPa<br \/>\npo\u010diato\u010dn\u00fd tlak &lt;0,1 MPa<\/td>\n<\/tr>\n<tr>\n<td>Aplik\u00e1cie:<\/td>\n<td>Odso\u013eovacie zariadenie<\/td>\n<\/tr>\n<\/tbody>\n<\/table>\n<h2>Kon\u0161truk\u010dn\u00e9 vlastnosti hydraulick\u00e9ho valca odso\u013eovacieho zariadenia<\/h2>\n<ul>\n<li><strong>Odolnos\u0165 proti kor\u00f3zii:<\/strong> T\u00e1to kon\u0161trukcia, vyroben\u00e1 z duplexnej nehrdzavej\u00facej ocele bez zvarov, \u00fa\u010dinne odol\u00e1va kor\u00f3zii morskou vodou, \u010d\u00edm zais\u0165uje dlh\u00fa \u017eivotnos\u0165 a spo\u013eahlivos\u0165.<\/li>\n<li><strong>Zv\u00fd\u0161en\u00e1 odolnos\u0165:<\/strong> Valec hydraulick\u00e9ho valca a piestna ty\u010d s\u00fa potiahnut\u00e9 keramickou farbou, \u010do zais\u0165uje zv\u00fd\u0161en\u00fa odolnos\u0165 povrchu proti opotrebovaniu a celkov\u00fa trvanlivos\u0165.<\/li>\n<li><strong>Prisp\u00f4soben\u00e9 tesnenie:<\/strong> Na \u00fa\u010dinn\u00e9 odstra\u0148ovanie mikr\u00f3bov a jemn\u00e9ho piesku z morskej vody sa pou\u017e\u00edvaj\u00fa \u0161peci\u00e1lne konfigur\u00e1cie tesnen\u00ed a materi\u00e1ly, \u010d\u00edm sa maximalizuje spo\u013eahlivos\u0165 a \u017eivotnos\u0165 tesnen\u00ed.<\/li>\n<li><strong>Optimalizovan\u00fd dizajn ventilu:<\/strong> Hydraulick\u00fd valec m\u00e1 \u0161peci\u00e1lne navrhnut\u00fd vstupn\u00fd a v\u00fdstupn\u00fd ventil pre morsk\u00fa vodu, ktor\u00fd zabezpe\u010duje efekt\u00edvnu prepravu morskej vody.<\/li>\n<li><strong>\u010cist\u00fd proces mont\u00e1\u017ee:<\/strong> Jedine\u010dn\u00fd postup mont\u00e1\u017ee a odmas\u0165ovania zais\u0165uje, \u017ee hydraulick\u00fd valec je bez olejov\u00fdch \u0161kv\u0155n, \u010d\u00edm sa zachov\u00e1va optim\u00e1lny v\u00fdkon a \u010distota.<\/li>\n<\/ul>\n<p><img loading=\"lazy\" decoding=\"async\" class=\"wp-image-813 aligncenter\" src=\"https:\/\/fmp-components.com\/wp-content\/uploads\/2024\/12\/Hydraulic-Cylinders-in-Desalination-Equipment-Benefits.webp\" alt=\"V\u00fdhody hydraulick\u00fdch valcov v odso\u013eovac\u00edch zariadeniach\" width=\"814\" height=\"407\" title=\"\"><\/p>\n<h2>V\u00fdhody hydraulick\u00fdch valcov v odso\u013eovac\u00edch zariadeniach<\/h2>\n<p>Hydraulick\u00e9 valce poskytuj\u00fa odso\u013eovac\u00edm zariadeniam mno\u017estvo v\u00fdhod vr\u00e1tane:<\/p>\n<ol>\n<li><strong>Vysok\u00fd pomer v\u00fdkonu a hmotnosti:<\/strong> Tieto valce poskytuj\u00fa zna\u010dn\u00fa silu a z\u00e1rove\u0148 zost\u00e1vaj\u00fa relat\u00edvne \u013eahk\u00e9, \u010do je k\u013e\u00fa\u010dov\u00e9 pre odso\u013eovacie syst\u00e9my, ktor\u00e9 potrebuj\u00fa prepravova\u0165 \u0165a\u017ek\u00e9 komponenty, ako s\u00fa membr\u00e1ny RO a kolektory so\u013eanky.<\/li>\n<li><strong>Regul\u00e1cia r\u00fdchlosti:<\/strong> Hydraulick\u00e9 valce je mo\u017en\u00e9 nastavi\u0165 tak, aby sa pohybovali r\u00f4znymi r\u00fdchlos\u0165ami, \u010do umo\u017e\u0148uje presn\u00fa kontrolu nad procesmi odso\u013eovania, ako je r\u00fdchlos\u0165 odv\u00e1dzania so\u013eanky a r\u00fdchlos\u0165 \u010distenia membr\u00e1ny.<\/li>\n<li><strong>Presnos\u0165 polohovania:<\/strong> Umo\u017e\u0148uj\u00fa vysoko presn\u00e9 polohovanie komponentov zariadenia, \u010d\u00edm zabezpe\u010duj\u00fa optim\u00e1lnu prev\u00e1dzku a \u00fa\u010dinnos\u0165 procesov odso\u013eovania.<\/li>\n<li><strong>Efekt\u00edvne vyu\u017e\u00edvanie energie:<\/strong> Hydraulick\u00e9 syst\u00e9my s\u00fa zn\u00e1me svojou energetickou \u00fa\u010dinnos\u0165ou, \u010do je nevyhnutn\u00e9 pre odso\u013eovacie zariadenia, ktor\u00e9 musia pracova\u0165 nepretr\u017eite.<\/li>\n<li><strong>Trvanlivos\u0165 a spo\u013eahlivos\u0165:<\/strong> Hydraulick\u00e9 valce s\u00fa vyroben\u00e9 tak, aby boli robustn\u00e9 a spo\u013eahliv\u00e9, schopn\u00e9 odola\u0165 drsn\u00fdm podmienkam typick\u00fdm pre odso\u013eovacie zariadenia, vr\u00e1tane vysok\u00fdch tepl\u00f4t a vystavenia koroz\u00edvnym chemik\u00e1li\u00e1m.<\/li>\n<\/ol>\n<p><img loading=\"lazy\" decoding=\"async\" class=\"alignnone  wp-image-814\" src=\"https:\/\/fmp-components.com\/wp-content\/uploads\/2024\/12\/Desalination-Equipment-Hydraulic-Cylinder.webp\" alt=\"Odso\u013eovacie zariadenie - hydraulick\u00fd valec\" width=\"900\" height=\"451\" title=\"\"><\/p>\n<h3>O FMP<\/h3>\n<p>FMP je \u0161pecializovan\u00e1 spolo\u010dnos\u0165 zaoberaj\u00faca sa stroj\u00e1rskou v\u00fdrobou hydraulick\u00fdch valcov. Od svojho zalo\u017eenia sa spolo\u010dnos\u0165 zameriava na v\u00fdskum a v\u00fdrobu hydraulick\u00fdch technol\u00f3gi\u00ed a \u00faspe\u0161ne pre\u0161la z rozmanit\u00e9ho sortimentu produktov, ktor\u00fd zah\u0155\u0148al zberov\u00e9 a stavebn\u00e9 stroje, na \u0161pecializ\u00e1ciu na komponenty po\u013enohospod\u00e1rskych traktorov. S viac ako desa\u0165ro\u010dn\u00fdmi sk\u00fasenos\u0165ami vo v\u00fdrobe a riaden\u00ed zabezpe\u010duje FMP vysoko kvalitn\u00e9 produkty prostredn\u00edctvom pokro\u010dil\u00fdch v\u00fdrobn\u00fdch techn\u00edk.<\/p>\n<p>Ako sa spolo\u010dnos\u0165 vyv\u00edjala, vyvinula komplexn\u00fa obr\u00e1baciu v\u00fdrobn\u00fa linku, mont\u00e1\u017enu linku a linku na lakovanie. N\u00e1\u0161 t\u00edm pozost\u00e1va zo sk\u00fasen\u00fdch mana\u017e\u00e9rov, sk\u00fasen\u00fdch strojn\u00fdch kon\u0161trukt\u00e9rov a vysoko kvalifikovan\u00fdch technikov, ktor\u00ed spolo\u010dne pracuj\u00fa na udr\u017ean\u00ed stabilnej kvality v\u00fdroby a z\u00e1rove\u0148 efekt\u00edvnej kontrole kontinuity a efektivity procesov.<\/p>\n<p>Spolo\u010dnos\u0165 FMP sa riadi filozofiou \u201eTechnologick\u00e9 inov\u00e1cie poh\u00e1\u0148aj\u00face pokrok, kvalita vytv\u00e1raj\u00faca zna\u010dky, remeseln\u00e9 spracovanie zabezpe\u010duj\u00face kvalitu a budovanie dlhodob\u00fdch obojstranne v\u00fdhodn\u00fdch vz\u0165ahov\u201c. N\u00e1\u0161 z\u00e1v\u00e4zok poskytova\u0165 vysokokvalitn\u00e9 produkty a vynikaj\u00face slu\u017eby z\u00e1kazn\u00edkom zost\u00e1va hlavn\u00fdm cie\u013eom, ke\u010f\u017ee neust\u00e1le uspokojujeme vyv\u00edjaj\u00face sa potreby trhu.<\/p>\n<p><img loading=\"lazy\" decoding=\"async\" class=\"alignnone size-full wp-image-426\" src=\"https:\/\/fmp-components.com\/wp-content\/uploads\/2024\/12\/Sanitation-Machinery-Locking-Hydraulic-Cylinder-factory.webp\" sizes=\"(min-width: 0px) and (max-width: 480px) 480px, (min-width: 481px) and (max-width: 980px) 980px, (min-width: 981px) and (max-width: 1280px) 1280px, (min-width: 1281px) 1414px, 100vw\" srcset=\"https:\/\/fmp-components.com\/wp-content\/uploads\/2024\/12\/Sanitation-Machinery-Locking-Hydraulic-Cylinder-factory.webp 1414w, https:\/\/fmp-components.com\/wp-content\/uploads\/2024\/12\/Sanitation-Machinery-Locking-Hydraulic-Cylinder-factory-1280x529.webp 1280w, https:\/\/fmp-components.com\/wp-content\/uploads\/2024\/12\/Sanitation-Machinery-Locking-Hydraulic-Cylinder-factory-980x405.webp 980w, https:\/\/fmp-components.com\/wp-content\/uploads\/2024\/12\/Sanitation-Machinery-Locking-Hydraulic-Cylinder-factory-480x198.webp 480w\" alt=\"Sanit\u00e1rne stroje, uzamykacie hydraulick\u00e9 valce, tov\u00e1re\u0148\" width=\"1414\" height=\"584\" title=\"\"><\/p>\n<p>Autor: CX<\/p>\n<p>&nbsp;<\/p>","protected":false},"excerpt":{"rendered":"<p>Hydraulick\u00e9 valce odso\u013eovac\u00edch zariaden\u00ed s\u00fa k\u013e\u00fa\u010dov\u00fdmi komponentmi pou\u017e\u00edvan\u00fdmi v odso\u013eovac\u00edch zariadeniach na u\u013eah\u010denie pohybu a prev\u00e1dzky r\u00f4znych strojov zapojen\u00fdch do procesu \u00fapravy vody. Tieto hydraulick\u00e9 valce poskytuj\u00fa potrebn\u00fa silu na ovl\u00e1danie ventilov, \u010derpadiel a in\u00fdch zariaden\u00ed, \u010d\u00edm zabezpe\u010duj\u00fa efekt\u00edvnu prev\u00e1dzku pri premene morskej vody na sladk\u00fa vodu. S\u00fa vyroben\u00e9 z vysoko pevn\u00fdch a kor\u00f3zii odoln\u00fdch materi\u00e1lov a s\u00fa navrhnut\u00e9 tak, aby odolali drsn\u00fdm podmienkam typick\u00fdm pre odso\u013eovacie prostredie vr\u00e1tane vystavenia slanej vode a vysok\u00e9mu tlaku. Plynul\u00fd hydraulick\u00fd chod umo\u017e\u0148uje presn\u00e9 ovl\u00e1danie a nastavenie, \u010d\u00edm sa zvy\u0161uje celkov\u00e1 \u00fa\u010dinnos\u0165 a spo\u013eahlivos\u0165 procesu odso\u013eovania. Tieto hydraulick\u00e9 valce zohr\u00e1vaj\u00fa d\u00f4le\u017eit\u00fa \u00falohu pri optimaliz\u00e1cii v\u00fdkonu odso\u013eovac\u00edch zariaden\u00ed a v\u00fdznamne prispievaj\u00fa k efekt\u00edvnemu hospod\u00e1reniu s vodn\u00fdmi zdrojmi.<\/p>","protected":false},"featured_media":812,"comment_status":"open","ping_status":"closed","template":"","meta":{"_et_pb_use_builder":"","_et_pb_old_content":"","_et_gb_content_width":""},"product_brand":[],"product_cat":[29],"product_tag":[],"class_list":{"0":"post-809","1":"product","2":"type-product","3":"status-publish","4":"has-post-thumbnail","6":"product_cat-energy-technology-hydraulic-cylinders","8":"first","9":"instock","10":"shipping-taxable","11":"product-type-simple"},"_links":{"self":[{"href":"https:\/\/fmp-components.com\/sk\/wp-json\/wp\/v2\/product\/809","targetHints":{"allow":["GET"]}}],"collection":[{"href":"https:\/\/fmp-components.com\/sk\/wp-json\/wp\/v2\/product"}],"about":[{"href":"https:\/\/fmp-components.com\/sk\/wp-json\/wp\/v2\/types\/product"}],"replies":[{"embeddable":true,"href":"https:\/\/fmp-components.com\/sk\/wp-json\/wp\/v2\/comments?post=809"}],"wp:featuredmedia":[{"embeddable":true,"href":"https:\/\/fmp-components.com\/sk\/wp-json\/wp\/v2\/media\/812"}],"wp:attachment":[{"href":"https:\/\/fmp-components.com\/sk\/wp-json\/wp\/v2\/media?parent=809"}],"wp:term":[{"taxonomy":"product_brand","embeddable":true,"href":"https:\/\/fmp-components.com\/sk\/wp-json\/wp\/v2\/product_brand?post=809"},{"taxonomy":"product_cat","embeddable":true,"href":"https:\/\/fmp-components.com\/sk\/wp-json\/wp\/v2\/product_cat?post=809"},{"taxonomy":"product_tag","embeddable":true,"href":"https:\/\/fmp-components.com\/sk\/wp-json\/wp\/v2\/product_tag?post=809"}],"curies":[{"name":"pracovn\u00fd list","href":"https:\/\/api.w.org\/{rel}","templated":true}]}}