{"id":8005,"date":"2025-04-15T05:33:41","date_gmt":"2025-04-15T05:33:41","guid":{"rendered":"https:\/\/fmp-components.com\/?post_type=product&#038;p=8005"},"modified":"2025-04-15T06:05:24","modified_gmt":"2025-04-15T06:05:24","slug":"plastic-gear-rack","status":"publish","type":"product","link":"https:\/\/fmp-components.com\/sk\/product\/plastic-gear-rack\/","title":{"rendered":"Plastov\u00fd ozuben\u00fd stojan"},"content":{"rendered":"<h2>Plastov\u00fd ozuben\u00fd hrebe\u0148: Presnos\u0165 a v\u00fdkon pre taliansky priemysel<\/h2>\n<p>Plastov\u00e9 reg\u00e1ly s\u00fa k\u013e\u00fa\u010dov\u00fdmi komponentmi strojov, automatiza\u010dn\u00fdch syst\u00e9mov a riadiacich mechanizmov, ktor\u00e9 premie\u0148aj\u00fa rota\u010dn\u00fd pohyb na presn\u00fd line\u00e1rny pohyb. Na rozdiel od tradi\u010dn\u00fdch kovov\u00fdch reg\u00e1lov pon\u00fakaj\u00fa plastov\u00e9 reg\u00e1ly vyroben\u00e9 z vysoko v\u00fdkonn\u00fdch materi\u00e1lov, ako je nylon a polyoxymetyl\u00e9n (POM), jedine\u010dn\u00e9 v\u00fdhody vr\u00e1tane odolnosti proti kor\u00f3zii, n\u00edzkej hlu\u010dnosti a samomazn\u00fdch vlastnost\u00ed, v\u010faka \u010domu s\u00fa ide\u00e1lnou vo\u013ebou pre \u0161irok\u00fa \u0161k\u00e1lu priemyseln\u00fdch odvetv\u00ed v Taliansku.<\/p>\n<p><img loading=\"lazy\" decoding=\"async\" class=\"size-full wp-image-8009 aligncenter\" src=\"https:\/\/fmp-components.com\/wp-content\/uploads\/2025\/04\/plastic-gear-rack-product-1.webp\" alt=\"plastov\u00fd ozuben\u00fd hrebe\u0148\" width=\"1000\" height=\"1000\" title=\"\" srcset=\"https:\/\/fmp-components.com\/wp-content\/uploads\/2025\/04\/plastic-gear-rack-product-1.webp 1000w, https:\/\/fmp-components.com\/wp-content\/uploads\/2025\/04\/plastic-gear-rack-product-1-980x980.webp 980w, https:\/\/fmp-components.com\/wp-content\/uploads\/2025\/04\/plastic-gear-rack-product-1-480x480.webp 480w\" sizes=\"(min-width: 0px) and (max-width: 480px) 480px, (min-width: 481px) and (max-width: 980px) 980px, (min-width: 981px) 1000px, 100vw\" \/><\/p>\n<div class=\"message-bubble rounded-3xl prose dark:prose-invert break-words text-primary min-h-7 prose-p:opacity-95 prose-strong:opacity-100 w-full max-w-none\" dir=\"auto\">\n<h3 class=\"\" dir=\"auto\">Pre\u010do si vybra\u0165 plastov\u00e9 ozuben\u00e9 reg\u00e1ly?<\/h3>\n<p class=\"break-words\" dir=\"auto\">Plastov\u00e9 ozuben\u00e9 ty\u010de, najm\u00e4 tie s uhlom z\u00e1beru 20\u00b0, s\u00fa priemyseln\u00fdm \u0161tandardom v\u010faka svojim hrub\u0161\u00edm a pevnej\u0161\u00edm zubom v porovnan\u00ed s alternat\u00edvami so 14\u00bd\u00b0. Vyroben\u00e9 z materi\u00e1lov, ako je potravin\u00e1rsky nylon a biely POM, vynikaj\u00fa v prostrediach vy\u017eaduj\u00facich hygienu, ako s\u00fa napr\u00edklad z\u00e1vody na spracovanie potrav\u00edn alebo vedeck\u00e9 aplik\u00e1cie. Medzi k\u013e\u00fa\u010dov\u00e9 v\u00fdhody patria:<\/p>\n<ul class=\"marker:text-secondary\" dir=\"auto\">\n<li class=\"break-words\"><strong>Trvanlivos\u0165 a odolnos\u0165 vo\u010di opotrebovaniu<\/strong>Nylonov\u00e9 a acetalov\u00e9 ozuben\u00e9 ty\u010de odol\u00e1vaj\u00fa opotrebovaniu, ne\u010distot\u00e1m a prachu, \u010d\u00edm zais\u0165uj\u00fa dlhotrvaj\u00faci v\u00fdkon.<\/li>\n<li class=\"break-words\"><strong>Nie je potrebn\u00e9 mazanie<\/strong>Samomazacie vlastnosti ich robia vhodn\u00fdmi pre n\u00e1ro\u010dn\u00e9 prostredia, ako s\u00fa CNC stroje alebo ko\u013eajnicov\u00e9 syst\u00e9my.<\/li>\n<li class=\"break-words\"><strong>Tich\u00e1 prev\u00e1dzka<\/strong>Plastov\u00e9 ozuben\u00e9 ty\u010de be\u017eia tich\u0161ie ako kovov\u00e9, ide\u00e1lne pre aplik\u00e1cie citliv\u00e9 na hluk.<\/li>\n<li class=\"break-words\"><strong>Odolnos\u0165 vo\u010di kor\u00f3zii a chemik\u00e1li\u00e1m<\/strong>Ide\u00e1lne pre odvetvia, kde m\u00f4\u017ee d\u00f4js\u0165 k degrad\u00e1cii kovov\u00fdch komponentov.<\/li>\n<\/ul>\n<p class=\"break-words\" dir=\"auto\">Plastov\u00e9 ozuben\u00e9 ty\u010de poskytuj\u00fa presnos\u0165 a spo\u013eahlivos\u0165 pre aplik\u00e1cie ako automatiza\u010dn\u00e9 syst\u00e9my a v\u00fd\u0165ahy.<\/p>\n<div>\n<h3 dir=\"auto\">Aplik\u00e1cie plastov\u00fdch ozuben\u00fdch stojanov<\/h3>\n<p class=\"break-words\" dir=\"auto\">Plastov\u00e9 ozuben\u00e9 ty\u010de s\u00fa v\u0161estrann\u00e9 a podporuj\u00fa \u0161irok\u00fa \u0161k\u00e1lu odvetv\u00ed v celom Taliansku:<\/p>\n<ul class=\"marker:text-secondary\" dir=\"auto\">\n<li class=\"break-words\"><strong>CNC stroje<\/strong>V priemyseln\u00fdch z\u00f3nach Mil\u00e1na zabezpe\u010duj\u00fa ozuben\u00e9 ty\u010de presn\u00e9 riadenie pohybu.<\/li>\n<li class=\"break-words\"><strong>Spracovanie potrav\u00edn<\/strong>Potravin\u00e1rsky sektor v Bologni vyu\u017e\u00edva v\u00fdhody ozuben\u00fdch ty\u010d\u00ed z POM potravin\u00e1rskej kvality, ktor\u00e9 sp\u013a\u0148aj\u00fa pr\u00edsne hygienick\u00e9 normy.<\/li>\n<li class=\"break-words\"><strong>Automatiza\u010dn\u00e9 syst\u00e9my<\/strong>Od Ben\u00e1tok po Florenciu, ozuben\u00e9 ty\u010de poh\u00e1\u0148aj\u00fa robotiku a dopravn\u00edkov\u00e9 syst\u00e9my.<\/li>\n<li class=\"break-words\"><strong>Riadiace mechanizmy<\/strong>Pou\u017e\u00edva sa vo vozidl\u00e1ch a strojoch v celom Taliansku a zabezpe\u010duje hladk\u00fd chod.<\/li>\n<\/ul>\n<p class=\"break-words\" dir=\"auto\">V\u010faka svojej \u013eahkej kon\u0161trukcii a vysokej nosnosti s\u00fa ide\u00e1lnou vo\u013ebou pre in\u017einierov, ktor\u00ed h\u013eadaj\u00fa efektivitu a v\u00fdkon.<\/p>\n<table style=\"border-collapse: collapse; width: 96.3542%; height: 122px;\" border=\"0\" width=\"180\" cellspacing=\"0\" cellpadding=\"0\">\n<tbody>\n<tr style=\"height: 14.40pt;\">\n<td style=\"height: 14.40pt; width: 54.00pt;\" align=\"right\" width=\"90\" height=\"24\"><img loading=\"lazy\" decoding=\"async\" class=\"size-full wp-image-8013 aligncenter\" src=\"https:\/\/fmp-components.com\/wp-content\/uploads\/2025\/04\/plastic-gear-rack-product-5.webp\" alt=\"plastov\u00fd ozuben\u00fd hrebe\u0148\" width=\"810\" height=\"810\" title=\"\" srcset=\"https:\/\/fmp-components.com\/wp-content\/uploads\/2025\/04\/plastic-gear-rack-product-5.webp 810w, https:\/\/fmp-components.com\/wp-content\/uploads\/2025\/04\/plastic-gear-rack-product-5-480x480.webp 480w\" sizes=\"(min-width: 0px) and (max-width: 480px) 480px, (min-width: 481px) 810px, 100vw\" \/><\/td>\n<td style=\"width: 54.00pt;\" align=\"right\" width=\"90\"><img loading=\"lazy\" decoding=\"async\" class=\"size-full wp-image-8012 aligncenter\" src=\"https:\/\/fmp-components.com\/wp-content\/uploads\/2025\/04\/plastic-gear-rack-product-6.webp\" alt=\"plastov\u00fd ozuben\u00fd hrebe\u0148\" width=\"810\" height=\"810\" title=\"\" srcset=\"https:\/\/fmp-components.com\/wp-content\/uploads\/2025\/04\/plastic-gear-rack-product-6.webp 810w, https:\/\/fmp-components.com\/wp-content\/uploads\/2025\/04\/plastic-gear-rack-product-6-480x480.webp 480w\" sizes=\"(min-width: 0px) and (max-width: 480px) 480px, (min-width: 481px) 810px, 100vw\" \/><\/td>\n<\/tr>\n<tr style=\"height: 14.40pt;\">\n<td style=\"height: 14.40pt;\" align=\"right\" height=\"24\"><img loading=\"lazy\" decoding=\"async\" class=\"size-full wp-image-8014 aligncenter\" src=\"https:\/\/fmp-components.com\/wp-content\/uploads\/2025\/04\/plastic-gear-rack-product-4.webp\" alt=\"plastov\u00fd ozuben\u00fd hrebe\u0148\" width=\"810\" height=\"810\" title=\"\" srcset=\"https:\/\/fmp-components.com\/wp-content\/uploads\/2025\/04\/plastic-gear-rack-product-4.webp 810w, https:\/\/fmp-components.com\/wp-content\/uploads\/2025\/04\/plastic-gear-rack-product-4-480x480.webp 480w\" sizes=\"(min-width: 0px) and (max-width: 480px) 480px, (min-width: 481px) 810px, 100vw\" \/><\/td>\n<td align=\"right\"><img loading=\"lazy\" decoding=\"async\" class=\"size-full wp-image-8015 aligncenter\" src=\"https:\/\/fmp-components.com\/wp-content\/uploads\/2025\/04\/plastic-gear-rack-product-3.webp\" alt=\"plastov\u00fd ozuben\u00fd hrebe\u0148\" width=\"810\" height=\"810\" title=\"\" srcset=\"https:\/\/fmp-components.com\/wp-content\/uploads\/2025\/04\/plastic-gear-rack-product-3.webp 810w, https:\/\/fmp-components.com\/wp-content\/uploads\/2025\/04\/plastic-gear-rack-product-3-480x480.webp 480w\" sizes=\"(min-width: 0px) and (max-width: 480px) 480px, (min-width: 481px) 810px, 100vw\" \/><\/td>\n<\/tr>\n<\/tbody>\n<\/table>\n<div>\n<h2 class=\"\" dir=\"auto\">Technick\u00e9 \u0161pecifik\u00e1cie modulu 1 Plastov\u00fd ozuben\u00fd stojan<\/h2>\n<p class=\"break-words\" dir=\"auto\">N\u00e1\u0161 plastov\u00fd ozuben\u00fd hrebe\u0148 Modul 1, vyroben\u00fd z bieleho POM, je uk\u00e1\u017ekov\u00fdm pr\u00edkladom kvalitn\u00e9ho in\u017einierstva. Medzi k\u013e\u00fa\u010dov\u00e9 \u0161pecifik\u00e1cie patria:<\/p>\n<ul class=\"marker:text-secondary\" dir=\"auto\">\n<li class=\"break-words\"><strong>Rozmery<\/strong>: 15 mm (\u0161) x 15 mm (v) x 14 mm (v), s nomin\u00e1lnou d\u013a\u017ekou 250 mm.<\/li>\n<li class=\"break-words\"><strong>Modul<\/strong>: 1, v s\u00falade s normami DIN 867\/DIN 3972.<\/li>\n<li class=\"break-words\"><strong>Uhol tlaku<\/strong>: 20\u00b0, \u010do zais\u0165uje kompatibilitu so \u0161tandardn\u00fdmi \u010deln\u00fdmi ozuben\u00fdmi kolesami.<\/li>\n<li class=\"break-words\"><strong>Hmotnos\u0165<\/strong>Iba 75 gramov, ide\u00e1lne pre \u013eahk\u00e9 zostavy.<\/li>\n<li class=\"break-words\"><strong>Materi\u00e1l<\/strong>POM potravin\u00e1rskej kvality, vhodn\u00fd na abraz\u00edvne a vedeck\u00e9 aplik\u00e1cie.<\/li>\n<\/ul>\n<p class=\"break-words\" dir=\"auto\">T\u00e1to ozuben\u00e1 ty\u010d sa bezprobl\u00e9movo sp\u00e1ruje s pr\u00edslu\u0161n\u00fdmi \u010deln\u00fdmi ozuben\u00fdmi kolesami, \u010do umo\u017e\u0148uje plynul\u00fd line\u00e1rny pohyb v aplik\u00e1ci\u00e1ch od robotiky v Bologni a\u017e po ko\u013eajov\u00e9 syst\u00e9my v Ben\u00e1tkach.<\/p>\n<div>\n<h2 class=\"\" dir=\"auto\">O spolo\u010dnosti FMP: V\u00e1\u0161 d\u00f4veryhodn\u00fd partner pre plastov\u00e9 ozuben\u00e9 reg\u00e1ly<\/h2>\n<p class=\"break-words\" dir=\"auto\">V spolo\u010dnosti FMP sa \u0161pecializujeme na v\u00fdrobu \u0161irokej \u0161k\u00e1ly plastov\u00fdch ozuben\u00fdch ty\u010d\u00ed, vr\u00e1tane nylonov\u00fdch a acetalov\u00fdch (POM) v\u00fdrobkov, navrhnut\u00fdch tak, aby sp\u013a\u0148ali potreby priemyseln\u00fdch odvetv\u00ed v celom Taliansku. Na z\u00e1klade odborn\u00fdch znalost\u00ed spolo\u010dnosti Plastic Machining Company vyr\u00e1bame ozuben\u00e9 ty\u010de OEM a kovov\u00e9 n\u00e1hradn\u00e9 ozuben\u00e9 ty\u010de, ktor\u00e9 sp\u013a\u0148aj\u00fa priemyseln\u00e9 \u0161tandardy a z\u00e1rove\u0148 pon\u00fakaj\u00fa vynikaj\u00facu odolnos\u0165 proti opotrebovaniu a tich\u00fa prev\u00e1dzku. Na\u0161a produktov\u00e1 rada zah\u0155\u0148a kompletn\u00fd rad Poly-Hi Solidur, \u010do zais\u0165uje v\u0161estrannos\u0165 pre aplik\u00e1cie v Mil\u00e1ne, Ben\u00e1tkach, Florencii, Bologni a \u010fal\u0161\u00edch krajin\u00e1ch.<\/p>\n<p class=\"break-words\" dir=\"auto\">Ch\u00e1peme, \u017ee v\u00e1\u0161 projekt m\u00f4\u017ee vy\u017eadova\u0165 jedine\u010dn\u00e9 \u0161pecifik\u00e1cie. Preto pon\u00fakame plastov\u00e9 ozuben\u00e9 ty\u010de na mieru prisp\u00f4soben\u00e9 va\u0161im presn\u00fdm potreb\u00e1m. Ak v na\u0161om zozname produktov nen\u00e1jdete model, ktor\u00fd h\u013ead\u00e1te, nebojte sa \u2013 mo\u017eno e\u0161te nie je nahran\u00fd. Jednoducho n\u00e1m po\u0161lite e-mail s va\u0161imi po\u017eiadavkami a na\u0161i technici v\u00e1m do 24 hod\u00edn odpovedia s rie\u0161en\u00edm. Kontaktujte FMP e\u0161te dnes a pozdvihnite svoje stroje pomocou prec\u00edzne vyroben\u00fdch plastov\u00fdch ozuben\u00fdch ty\u010d\u00ed, ktor\u00e9 hrdo sl\u00fa\u017eia inovat\u00edvnym talianskym priemyseln\u00fdm odvetviam.<\/p>\n<p dir=\"auto\"><img loading=\"lazy\" decoding=\"async\" class=\"size-full wp-image-8010 aligncenter\" src=\"https:\/\/fmp-components.com\/wp-content\/uploads\/2025\/04\/plastic-gear-rack-product-2.webp\" alt=\"plastov\u00fd ozuben\u00fd hrebe\u0148\" width=\"1005\" height=\"638\" title=\"\"><\/p>\n<\/div>\n<\/div>\n<\/div>\n<\/div>","protected":false},"excerpt":{"rendered":"<p>Plastic Gear Rack: Precision and Performance for Italian Industries Plastic racks are key components in machinery, automation systems and steering mechanisms that convert rotary motion into precise linear motion. Unlike traditional metal racks, plastic racks made from high-performance materials such as nylon and polyoxymethylene (POM) offer unique advantages, including corrosion resistance, low noise and self-lubricating [&hellip;]<\/p>","protected":false},"featured_media":8008,"comment_status":"open","ping_status":"closed","template":"","meta":{"_et_pb_use_builder":"","_et_pb_old_content":"","_et_gb_content_width":""},"product_brand":[],"product_cat":[117],"product_tag":[],"class_list":{"0":"post-8005","1":"product","2":"type-product","3":"status-publish","4":"has-post-thumbnail","6":"product_cat-plastic-gears","8":"first","9":"instock","10":"shipping-taxable","11":"product-type-simple"},"_links":{"self":[{"href":"https:\/\/fmp-components.com\/sk\/wp-json\/wp\/v2\/product\/8005","targetHints":{"allow":["GET"]}}],"collection":[{"href":"https:\/\/fmp-components.com\/sk\/wp-json\/wp\/v2\/product"}],"about":[{"href":"https:\/\/fmp-components.com\/sk\/wp-json\/wp\/v2\/types\/product"}],"replies":[{"embeddable":true,"href":"https:\/\/fmp-components.com\/sk\/wp-json\/wp\/v2\/comments?post=8005"}],"wp:featuredmedia":[{"embeddable":true,"href":"https:\/\/fmp-components.com\/sk\/wp-json\/wp\/v2\/media\/8008"}],"wp:attachment":[{"href":"https:\/\/fmp-components.com\/sk\/wp-json\/wp\/v2\/media?parent=8005"}],"wp:term":[{"taxonomy":"product_brand","embeddable":true,"href":"https:\/\/fmp-components.com\/sk\/wp-json\/wp\/v2\/product_brand?post=8005"},{"taxonomy":"product_cat","embeddable":true,"href":"https:\/\/fmp-components.com\/sk\/wp-json\/wp\/v2\/product_cat?post=8005"},{"taxonomy":"product_tag","embeddable":true,"href":"https:\/\/fmp-components.com\/sk\/wp-json\/wp\/v2\/product_tag?post=8005"}],"curies":[{"name":"pracovn\u00fd list","href":"https:\/\/api.w.org\/{rel}","templated":true}]}}