{"id":7992,"date":"2025-04-15T03:11:58","date_gmt":"2025-04-15T03:11:58","guid":{"rendered":"https:\/\/fmp-components.com\/?post_type=product&#038;p=7992"},"modified":"2025-04-15T03:37:35","modified_gmt":"2025-04-15T03:37:35","slug":"plastic-planetary-gear","status":"publish","type":"product","link":"https:\/\/fmp-components.com\/sk\/product\/plastic-planetary-gear\/","title":{"rendered":"Plastov\u00e9 plan\u00e9tov\u00e9 prevodovky"},"content":{"rendered":"<h2>Plastov\u00e9 plan\u00e9tov\u00e9 prevody: Presnos\u0165 a \u00fa\u010dinnos\u0165<\/h2>\n<p>Plastov\u00e9 plan\u00e9tov\u00e9 prevody s\u00fa z\u00e1kladn\u00fdm kame\u0148om modern\u00e9ho stroj\u00e1rstva a poskytuj\u00fa kompaktn\u00e9, efekt\u00edvne a v\u0161estrann\u00e9 rie\u0161enie pre prenos kr\u00fatiaceho momentu a riadenie pohybu. Tieto prevodov\u00e9 syst\u00e9my, ktor\u00e9 pozost\u00e1vaj\u00fa z centr\u00e1lneho centr\u00e1lneho kolesa, viacer\u00fdch plan\u00e9tov\u00fdch prevodov a vonkaj\u0161ieho ozuben\u00e9ho kolesa, s\u00fa navrhnut\u00e9 tak, aby poskytovali vysok\u00e9 reduk\u010dn\u00e9 pomery na malom priestore. V Taliansku sa mestsk\u00fd priemysel spolieha na plastov\u00e9 plan\u00e9tov\u00e9 prevody kv\u00f4li ich n\u00edzkej hmotnosti, n\u00edzkej hlu\u010dnosti a n\u00e1kladovej efekt\u00edvnosti, v\u010faka \u010domu s\u00fa ide\u00e1lne pre \u0161irok\u00fa \u0161k\u00e1lu aplik\u00e1ci\u00ed od robotiky a\u017e po automobilov\u00e9 syst\u00e9my.<\/p>\n<p>Plastov\u00e9 plan\u00e9tov\u00e9 prevody, vyroben\u00e9 z vysoko kvalitn\u00fdch materi\u00e1lov, ako je nylon, polyoxymetyl\u00e9n a \u010fal\u0161ie pokro\u010dil\u00e9 plasty, pon\u00fakaj\u00fa v\u00fdnimo\u010dn\u00fa odolnos\u0165 a v\u00fdkon. Na rozdiel od tradi\u010dn\u00fdch kovov\u00fdch prevodov pon\u00fakaj\u00fa tieto plastov\u00e9 syst\u00e9my jedine\u010dn\u00e9 v\u00fdhody, ktor\u00e9 sp\u013a\u0148aj\u00fa po\u017eiadavky modern\u00fdch technol\u00f3gi\u00ed, najm\u00e4 v prostrediach, kde je kritick\u00e1 hmotnos\u0165, hluk a odolnos\u0165 vo\u010di kor\u00f3zii.<\/p>\n<p><img loading=\"lazy\" decoding=\"async\" class=\"size-full wp-image-8002 aligncenter\" src=\"https:\/\/fmp-components.com\/wp-content\/uploads\/2025\/04\/plastic-planetary-gear-product-1.webp\" alt=\"plastov\u00fd planet\u00e1rny prevodov\u00fd v\u00fdrobok\" width=\"750\" height=\"1288\" title=\"\" srcset=\"https:\/\/fmp-components.com\/wp-content\/uploads\/2025\/04\/plastic-planetary-gear-product-1.webp 750w, https:\/\/fmp-components.com\/wp-content\/uploads\/2025\/04\/plastic-planetary-gear-product-1-480x824.webp 480w\" sizes=\"(min-width: 0px) and (max-width: 480px) 480px, (min-width: 481px) 750px, 100vw\" \/><\/p>\n<div>\n<div>\n<h3 dir=\"auto\">V\u00fdhody plastov\u00fdch plan\u00e9tov\u00fdch prevodov<\/h3>\n<h4 dir=\"auto\">\u013dahk\u00fd a kompaktn\u00fd dizajn<\/h4>\n<p class=\"break-words\" dir=\"auto\">Jednou z vynikaj\u00facich vlastnost\u00ed plastov\u00fdch plan\u00e9tov\u00fdch prevodov je ich \u013eahk\u00e1 kon\u0161trukcia. Pou\u017eit\u00edm plastu na vonkaj\u0161\u00ed ozuben\u00fd veniec a jeho kombin\u00e1ciou so spekan\u00fdm kovom na vn\u00fatorn\u00e9 komponenty tieto prevody v\u00fdrazne zni\u017euj\u00fa hmotnos\u0165 v porovnan\u00ed s kovov\u00fdmi alternat\u00edvami. V\u010faka tomu s\u00fa ide\u00e1lne pre aplik\u00e1cie, kde je minimaliz\u00e1cia hmotnosti kritick\u00e1, ako s\u00fa napr\u00edklad prenosn\u00e9 zariadenia alebo zariadenia s obmedzen\u00fdm priestorom.<\/p>\n<h4 dir=\"auto\">N\u00edzka hlu\u010dnos\u0165 a vibr\u00e1cie<\/h4>\n<p class=\"break-words\" dir=\"auto\">Plastov\u00e9 plan\u00e9tov\u00e9 prevody vynikaj\u00fa v zni\u017eovan\u00ed hluku a vibr\u00e1ci\u00ed v\u010faka tlmiacim vlastnostiam plastov\u00fdch materi\u00e1lov. T\u00e1to vlastnos\u0165 je obzvl\u00e1\u0161\u0165 cenn\u00e1 v odvetviach, ako s\u00fa zdravotn\u00edcke zariadenia a spotrebn\u00e1 elektronika, kde tich\u00e1 prev\u00e1dzka zvy\u0161uje pou\u017e\u00edvate\u013esk\u00fa sk\u00fasenos\u0165 a bezpe\u010dnos\u0165 na pracovisku.<\/p>\n<h4 dir=\"auto\">Odolnos\u0165 proti kor\u00f3zii<\/h4>\n<p class=\"break-words\" dir=\"auto\">Na rozdiel od kovov\u00fdch ozuben\u00fdch kolies s\u00fa plastov\u00e9 plan\u00e9tov\u00e9 ozuben\u00e9 koles\u00e1 odoln\u00e9 vo\u010di kor\u00f3zii bez nutnosti mazania. V\u010faka tomu s\u00fa vhodn\u00e9 do n\u00e1ro\u010dn\u00fdch prostred\u00ed, ako je chemick\u00e9 spracovanie alebo vlhk\u00e9 podmienky, a zabezpe\u010duj\u00fa spo\u013eahliv\u00fd v\u00fdkon v r\u00f4znych odvetviach.<\/p>\n<h4 dir=\"auto\">Cenovo v\u00fdhodn\u00e9 rie\u0161enie<\/h4>\n<p class=\"break-words\" dir=\"auto\">Plastov\u00e9 ozuben\u00e9 koles\u00e1 s\u00fa vo v\u0161eobecnosti cenovo dostupnej\u0161ie na v\u00fdrobu ako kovov\u00e9 ozuben\u00e9 koles\u00e1, \u010do pon\u00faka v\u00fdrobcom n\u00e1kladovo efekt\u00edvnu mo\u017enos\u0165. Ich ni\u017e\u0161ie v\u00fdrobn\u00e9 n\u00e1klady neohrozuj\u00fa kvalitu, v\u010faka \u010domu s\u00fa inteligentnou vo\u013ebou pre firmy s obmedzen\u00fdm rozpo\u010dtom, ktor\u00e9 h\u013eadaj\u00fa vysok\u00fd v\u00fdkon.<\/p>\n<h4 dir=\"auto\">Prisp\u00f4sobenie a flexibilita<\/h4>\n<p class=\"break-words\" dir=\"auto\">Plastov\u00e9 plan\u00e9tov\u00e9 prevody je mo\u017en\u00e9 tvarova\u0165 do zlo\u017eit\u00fdch tvarov, \u010do umo\u017e\u0148uje prisp\u00f4sobi\u0165 n\u00e1vrhy \u0161pecifick\u00fdm po\u017eiadavk\u00e1m. \u010ci u\u017e ide o \u00fapravu prevodov\u00fdch pomerov, ve\u013ekost\u00ed alebo kr\u00fatiaceho momentu, t\u00e1to flexibilita optimalizuje v\u00fdkon pre jedine\u010dn\u00e9 aplik\u00e1cie.<\/p>\n<h4 dir=\"auto\">Nemagnetick\u00e9 vlastnosti<\/h4>\n<p class=\"break-words\" dir=\"auto\">Nemagnetick\u00e1 povaha plastov\u00fdch ozuben\u00fdch kolies je k\u013e\u00fa\u010dovou v\u00fdhodou v citliv\u00fdch aplik\u00e1ci\u00e1ch, ako s\u00fa napr\u00edklad lek\u00e1rske zobrazovacie zariadenia alebo elektronick\u00e9 zariadenia. T\u00e1to vlastnos\u0165 zais\u0165uje minim\u00e1lne ru\u0161enie a podporuje presnos\u0165 v high-tech odvetviach.<\/p>\n<h3 dir=\"auto\">Aplik\u00e1cie plastov\u00fdch plan\u00e9tov\u00fdch prevodov<\/h3>\n<p class=\"break-words\" dir=\"auto\">Plastov\u00e9 plan\u00e9tov\u00e9 prevody s\u00fa neoddelite\u013enou s\u00fa\u010das\u0165ou mnoh\u00fdch odvetv\u00ed a poskytuj\u00fa spo\u013eahliv\u00e9 riadenie pohybu a prenos kr\u00fatiaceho momentu:<\/p>\n<ul class=\"marker:text-secondary\" dir=\"auto\">\n<li class=\"break-words\"><strong>Robotika<\/strong>Plastov\u00e9 plan\u00e9tov\u00e9 prevody poh\u00e1\u0148aj\u00fa presn\u00e9 pohyby v robotick\u00fdch syst\u00e9moch, \u010d\u00edm zvy\u0161uj\u00fa efektivitu automatiza\u010dn\u00fdch aplik\u00e1ci\u00ed.<\/li>\n<li class=\"break-words\"><strong>Automobilov\u00fd priemysel<\/strong>\u013dahk\u00e9 prevody podporuj\u00fa kompaktn\u00e9 kon\u0161trukcie komponentov elektrick\u00fdch vozidiel, \u010d\u00edm prispievaj\u00fa k inovat\u00edvnym automobilov\u00fdm rie\u0161eniam.<\/li>\n<li class=\"break-words\"><strong>Dom\u00e1ce spotrebi\u010de<\/strong>Plastov\u00e9 prevody zais\u0165uj\u00fa plynul\u00fd chod v spotrebi\u010doch, ako s\u00fa pr\u00e1\u010dky a mix\u00e9ry, a poskytuj\u00fa konzistentn\u00fd v\u00fdkon.<\/li>\n<li class=\"break-words\"><strong>Zdravotn\u00edcke vybavenie<\/strong>Ozuben\u00e9 koles\u00e1 odoln\u00e9 vo\u010di kor\u00f3zii s\u00fa nevyhnutn\u00e9 pre zdravotn\u00edcke pom\u00f4cky, kde je spo\u013eahlivos\u0165 a odolnos\u0165 nevyhnutn\u00e1.<\/li>\n<li class=\"break-words\"><strong>Kancel\u00e1rske vybavenie<\/strong>Od tla\u010diarn\u00ed a\u017e po kop\u00edrky, plastov\u00e9 plan\u00e9tov\u00e9 prevody poskytuj\u00fa spo\u013eahliv\u00fd v\u00fdkon v komer\u010dn\u00fdch aplik\u00e1ci\u00e1ch.<\/li>\n<\/ul>\n<p class=\"break-words\" dir=\"auto\">Tieto aplik\u00e1cie zd\u00f4raz\u0148uj\u00fa v\u0161estrannos\u0165 plastov\u00fdch plan\u00e9tov\u00fdch prevodov, ktor\u00e9 sp\u013a\u0148aj\u00fa r\u00f4zne priemyseln\u00e9 potreby s presnos\u0165ou a odolnos\u0165ou.<\/p>\n<\/div>\n<div>\n<h3 dir=\"auto\">Obmedzenia plastov\u00fdch plan\u00e9tov\u00fdch prevodov<\/h3>\n<p class=\"break-words\" dir=\"auto\">Hoci plastov\u00e9 plan\u00e9tov\u00e9 prevody pon\u00fakaj\u00fa mno\u017estvo v\u00fdhod, maj\u00fa v porovnan\u00ed s kovov\u00fdmi prevodmi ur\u010dit\u00e9 obmedzenia:<\/p>\n<ul class=\"marker:text-secondary\" dir=\"auto\">\n<li class=\"break-words\"><strong>Nosnos\u0165<\/strong>Plastov\u00e9 ozuben\u00e9 koles\u00e1 nemusia zvl\u00e1da\u0165 extr\u00e9mne vysok\u00e9 kr\u00fatiace momenty tak efekt\u00edvne ako kovov\u00e9 ozuben\u00e9 koles\u00e1, \u010do si vy\u017eaduje starostliv\u00e9 pos\u00fadenie pou\u017eitia.<\/li>\n<li class=\"break-words\"><strong>Tepeln\u00e1 odolnos\u0165<\/strong>Plastov\u00e9 ozuben\u00e9 koles\u00e1 sa m\u00f4\u017eu pri vysok\u00fdch teplot\u00e1ch deformova\u0165, \u010d\u00edm sa st\u00e1vaj\u00fa menej vhodn\u00fdmi do extr\u00e9mnych tepeln\u00fdch prostred\u00ed.<\/li>\n<li class=\"break-words\"><strong>Presnos\u0165<\/strong>Kovov\u00e9 ozuben\u00e9 koles\u00e1 \u010dasto poskytuj\u00fa u\u017e\u0161ie tolerancie, \u010do m\u00f4\u017ee by\u0165 v\u00fdhodn\u00e9 pre ultra presn\u00e9 aplik\u00e1cie.<\/li>\n<\/ul>\n<p class=\"break-words\" dir=\"auto\">Pre v\u00e4\u010d\u0161inu aplik\u00e1ci\u00ed v\u0161ak plastov\u00e9 plan\u00e9tov\u00e9 prevody dosahuj\u00fa vynikaj\u00facu rovnov\u00e1hu medzi v\u00fdkonom, cenou a praktickos\u0165ou, najm\u00e4 ak s\u00fa prisp\u00f4soben\u00e9 \u0161pecifick\u00fdm potreb\u00e1m.<\/p>\n<div>\n<h2 class=\"\" dir=\"auto\">Plastov\u00e9 plan\u00e9tov\u00e9 prevodovky vs. plastov\u00e9 plan\u00e9tov\u00e9 prevodovky<\/h2>\n<p class=\"break-words\" dir=\"auto\">Plastov\u00e9 plan\u00e9tov\u00e9 prevodovky s\u00fa z\u00e1kladn\u00fdmi komponentmi plastov\u00fdch plan\u00e9tov\u00fdch prevodoviek, ktor\u00e9 integruj\u00fa ozuben\u00e9 koles\u00e1 do kompletn\u00e9ho syst\u00e9mu s motorom, krytom a nosn\u00fdmi doskami. Zatia\u013e \u010do samotn\u00e9 ozuben\u00e9 koles\u00e1 \u2013 pozost\u00e1vaj\u00face z centr\u00e1lneho, plan\u00e9tov\u00e9ho a korunov\u00e9ho ozuben\u00e9ho kolesa \u2013 zabezpe\u010duj\u00fa prenos kr\u00fatiaceho momentu a riadenie pohybu, prevodovka poskytuje kompaktn\u00e9, pripraven\u00e9 rie\u0161enie, ktor\u00e9 zvy\u0161uje \u00fa\u010dinnos\u0165 a zjednodu\u0161uje integr\u00e1ciu. V podstate s\u00fa ozuben\u00e9 koles\u00e1 funk\u010dn\u00fdm srdcom prevodovky, ktor\u00e9 s\u00fa navrhnut\u00e9 pre \u0161pecifick\u00e9 v\u00fdkonnostn\u00e9 metriky, zatia\u013e \u010do prevodovka pon\u00faka syst\u00e9m plug-and-play pre r\u00f4zne priemyseln\u00e9 aplik\u00e1cie. \u010ci u\u017e potrebujete samostatn\u00e9 ozuben\u00e9 koles\u00e1 alebo kompletn\u00fa prevodovku, obe vyu\u017e\u00edvaj\u00fa v\u00fdhody n\u00edzkej hmotnosti a n\u00edzkej hlu\u010dnosti plastov\u00fdch materi\u00e1lov.<\/p>\n<table style=\"border-collapse: collapse; width: 97.6042%; height: 220px;\" border=\"0\" width=\"180\" cellspacing=\"0\" cellpadding=\"0\">\n<tbody>\n<tr style=\"height: 14.40pt;\">\n<td style=\"height: 14.40pt; width: 54.00pt;\" align=\"right\" width=\"90\" height=\"24\"><img loading=\"lazy\" decoding=\"async\" class=\"size-full wp-image-7996 aligncenter\" src=\"https:\/\/fmp-components.com\/wp-content\/uploads\/2025\/04\/plastic-planetary-gear-product-5.webp\" alt=\"plastov\u00fd planet\u00e1rny prevodov\u00fd v\u00fdrobok\" width=\"800\" height=\"800\" title=\"\" srcset=\"https:\/\/fmp-components.com\/wp-content\/uploads\/2025\/04\/plastic-planetary-gear-product-5.webp 800w, https:\/\/fmp-components.com\/wp-content\/uploads\/2025\/04\/plastic-planetary-gear-product-5-480x480.webp 480w\" sizes=\"(min-width: 0px) and (max-width: 480px) 480px, (min-width: 481px) 800px, 100vw\" \/><\/td>\n<td style=\"width: 54.00pt;\" align=\"right\" width=\"90\"><img loading=\"lazy\" decoding=\"async\" class=\"size-full wp-image-7995 aligncenter\" src=\"https:\/\/fmp-components.com\/wp-content\/uploads\/2025\/04\/plastic-planetary-gear-product-4.webp\" alt=\"plastov\u00fd planet\u00e1rny prevodov\u00fd v\u00fdrobok\" width=\"800\" height=\"800\" title=\"\" srcset=\"https:\/\/fmp-components.com\/wp-content\/uploads\/2025\/04\/plastic-planetary-gear-product-4.webp 800w, https:\/\/fmp-components.com\/wp-content\/uploads\/2025\/04\/plastic-planetary-gear-product-4-480x480.webp 480w\" sizes=\"(min-width: 0px) and (max-width: 480px) 480px, (min-width: 481px) 800px, 100vw\" \/><\/td>\n<\/tr>\n<tr style=\"height: 14.40pt;\">\n<td style=\"height: 14.40pt;\" align=\"right\" height=\"24\"><img loading=\"lazy\" decoding=\"async\" class=\"size-full wp-image-7998 aligncenter\" src=\"https:\/\/fmp-components.com\/wp-content\/uploads\/2025\/04\/plastic-planetary-gear-product-7.webp\" alt=\"plastov\u00fd planet\u00e1rny prevodov\u00fd v\u00fdrobok\" width=\"800\" height=\"800\" title=\"\" srcset=\"https:\/\/fmp-components.com\/wp-content\/uploads\/2025\/04\/plastic-planetary-gear-product-7.webp 800w, https:\/\/fmp-components.com\/wp-content\/uploads\/2025\/04\/plastic-planetary-gear-product-7-480x480.webp 480w\" sizes=\"(min-width: 0px) and (max-width: 480px) 480px, (min-width: 481px) 800px, 100vw\" \/><\/td>\n<td align=\"right\"><img loading=\"lazy\" decoding=\"async\" class=\"size-full wp-image-7997 aligncenter\" src=\"https:\/\/fmp-components.com\/wp-content\/uploads\/2025\/04\/plastic-planetary-gear-product-6.webp\" alt=\"plastov\u00fd planet\u00e1rny prevodov\u00fd v\u00fdrobok\" width=\"800\" height=\"800\" title=\"\" srcset=\"https:\/\/fmp-components.com\/wp-content\/uploads\/2025\/04\/plastic-planetary-gear-product-6.webp 800w, https:\/\/fmp-components.com\/wp-content\/uploads\/2025\/04\/plastic-planetary-gear-product-6-480x480.webp 480w\" sizes=\"(min-width: 0px) and (max-width: 480px) 480px, (min-width: 481px) 800px, 100vw\" \/><\/td>\n<\/tr>\n<\/tbody>\n<\/table>\n<div>\n<table style=\"border-collapse: collapse; width: 98.4086%; height: 29px;\" border=\"0\" width=\"180\" cellspacing=\"0\" cellpadding=\"0\">\n<tbody>\n<tr style=\"height: 14.40pt;\">\n<td style=\"height: 14.4pt; width: 49.7337%;\" align=\"right\" width=\"90\" height=\"24\"><img loading=\"lazy\" decoding=\"async\" class=\"wp-image-7999 aligncenter\" src=\"https:\/\/fmp-components.com\/wp-content\/uploads\/2025\/04\/plastic-planetary-gearbox-product-1.webp\" alt=\"plastov\u00fd planet\u00e1rny prevodov\u00fd v\u00fdrobok\" width=\"746\" height=\"746\" title=\"\"><\/td>\n<td style=\"width: 53.0741%;\" align=\"right\" width=\"90\"><img loading=\"lazy\" decoding=\"async\" class=\"wp-image-8001 aligncenter\" src=\"https:\/\/fmp-components.com\/wp-content\/uploads\/2025\/04\/plastic-planetary-gearbox-product-2.webp\" alt=\"plastov\u00fd planet\u00e1rny prevodov\u00fd v\u00fdrobok\" width=\"469\" height=\"469\" title=\"\"><\/td>\n<\/tr>\n<\/tbody>\n<\/table>\n<h3>S\u00favisiace produkty \u2013 Plan\u00e9tov\u00e1 prevodovka<\/h3>\n<p>V spolo\u010dnosti FMP sme hrd\u00ed na to, \u017ee pon\u00fakame komplexn\u00fd sortiment plastov\u00fdch plan\u00e9tov\u00fdch prevodov a <a href=\"https:\/\/fmp-components.com\/sk\/planetary-gearbox\/\">plan\u00e9tov\u00e9 prevodovky<\/a>, navrhnut\u00e9 tak, aby sp\u013a\u0148ali r\u00f4zne priemyseln\u00e9 potreby. Na\u0161e plastov\u00e9 plan\u00e9tov\u00e9 prevodovky poskytuj\u00fa presnos\u0165 a \u00fa\u010dinnos\u0165 prenosu kr\u00fatiaceho momentu, zatia\u013e \u010do na\u0161e plan\u00e9tov\u00e9 prevodovky integruj\u00fa tieto prevody s motormi, krytmi a nosn\u00fdmi doskami, \u010d\u00edm poskytuj\u00fa kompaktn\u00e9 rie\u0161enia pripraven\u00e9 na pou\u017eitie. Obe produktov\u00e9 rady s\u00fa vyroben\u00e9 z vysoko kvalitn\u00fdch materi\u00e1lov, ako je nylon a acetal, \u010do zais\u0165uje \u013eahk\u00fa kon\u0161trukciu, n\u00edzku hlu\u010dnos\u0165 a odolnos\u0165. \u010ci u\u017e potrebujete samostatn\u00e9 prevodovky alebo kompletn\u00e9 prevodov\u00e9 syst\u00e9my, FMP poskytuje prisp\u00f4sobite\u013en\u00e9, vysoko v\u00fdkonn\u00e9 rie\u0161enia prisp\u00f4soben\u00e9 va\u0161im \u0161pecifick\u00fdm aplik\u00e1ci\u00e1m.<\/p>\n<p><img loading=\"lazy\" decoding=\"async\" class=\"size-full wp-image-6316 aligncenter\" src=\"https:\/\/fmp-components.com\/wp-content\/uploads\/2025\/03\/planetary-gearbox-banner.webp\" alt=\"banner plan\u00e9tovej prevodovky\" width=\"1772\" height=\"945\" title=\"\" srcset=\"https:\/\/fmp-components.com\/wp-content\/uploads\/2025\/03\/planetary-gearbox-banner.webp 1772w, https:\/\/fmp-components.com\/wp-content\/uploads\/2025\/03\/planetary-gearbox-banner-1280x683.webp 1280w, https:\/\/fmp-components.com\/wp-content\/uploads\/2025\/03\/planetary-gearbox-banner-980x523.webp 980w, https:\/\/fmp-components.com\/wp-content\/uploads\/2025\/03\/planetary-gearbox-banner-480x256.webp 480w\" sizes=\"(min-width: 0px) and (max-width: 480px) 480px, (min-width: 481px) and (max-width: 980px) 980px, (min-width: 981px) and (max-width: 1280px) 1280px, (min-width: 1281px) 1772px, 100vw\" \/><\/p>\n<p style=\"text-align: center;\"><strong>Pros\u00edm <a href=\"mailto:info@fmpcomponents.it\">kontaktujte n\u00e1s<\/a> pre viac produktov<\/strong><\/p>\n<\/div>\n<div>\n<h2 class=\"\" dir=\"auto\">O spolo\u010dnosti FMP: V\u00e1\u0161 d\u00f4veryhodn\u00fd partner pre plastov\u00e9 plan\u00e9tov\u00e9 prevody v Taliansku<\/h2>\n<p class=\"break-words\" dir=\"auto\">V spolo\u010dnosti FMP sa \u0161pecializujeme na v\u00fdrobu \u0161irokej \u0161k\u00e1ly plastov\u00fdch plan\u00e9tov\u00fdch prevodov a s\u00favisiacich produktov, ktor\u00e9 sl\u00fa\u017eia priemyseln\u00fdm odvetviam v Mil\u00e1ne, Ben\u00e1tkach, Florencii a Bologni. Na\u0161a ponuka zah\u0155\u0148a \u0161tandardn\u00e9 aj z\u00e1kazkov\u00e9 prevody vyroben\u00e9 z pr\u00e9miov\u00fdch materi\u00e1lov, ako je nylon a acetal, ktor\u00e9 s\u00fa navrhnut\u00e9 tak, aby poskytovali vysok\u00fa \u00fa\u010dinnos\u0165, odolnos\u0165 a presnos\u0165. Sme hrd\u00ed na to, \u017ee sp\u013a\u0148ame jedine\u010dn\u00e9 potreby na\u0161ich klientov, \u010di u\u017e ide o robotiku, automobilov\u00fd priemysel alebo medic\u00ednske aplik\u00e1cie.<\/p>\n<p class=\"break-words\" dir=\"auto\">Spolo\u010dnos\u0165 FMP pon\u00faka aj slu\u017eby prisp\u00f4sobenia, ktor\u00e9 n\u00e1m umo\u017e\u0148uj\u00fa prisp\u00f4sobi\u0165 plastov\u00e9 plan\u00e9tov\u00e9 prevody va\u0161im presn\u00fdm \u0161pecifik\u00e1ci\u00e1m. Ak v na\u0161ich zoznamoch produktov nen\u00e1jdete model, ktor\u00fd potrebujete, je mo\u017en\u00e9, \u017ee e\u0161te nie je nahran\u00fd. Jednoducho n\u00e1m po\u0161lite e-mail s va\u0161imi po\u017eiadavkami a na\u0161i \u0161pecializovan\u00ed technici v\u00e1m do 24 hod\u00edn odpovedia s rie\u0161en\u00edm navrhnut\u00fdm tak, aby vyhovovalo va\u0161im potreb\u00e1m. D\u00f4verujte spolo\u010dnosti FMP, \u017ee v\u00e1m dod\u00e1 inovat\u00edvne, vysoko kvalitn\u00e9 rie\u0161enia plastov\u00fdch prevodov, ktor\u00e9 zabezpe\u010dia \u00faspech va\u0161ich projektov v celom Taliansku.<\/p>\n<\/div>\n<\/div>\n<\/div>\n<div>\n<p dir=\"auto\"><img loading=\"lazy\" decoding=\"async\" class=\"wp-image-8000 aligncenter\" src=\"https:\/\/fmp-components.com\/wp-content\/uploads\/2025\/04\/plastic-planetary-gear-product-2.webp\" alt=\"plastov\u00fd planet\u00e1rny prevodov\u00fd v\u00fdrobok\" width=\"880\" height=\"880\" title=\"\" srcset=\"https:\/\/fmp-components.com\/wp-content\/uploads\/2025\/04\/plastic-planetary-gear-product-2.webp 880w, https:\/\/fmp-components.com\/wp-content\/uploads\/2025\/04\/plastic-planetary-gear-product-2-480x480.webp 480w\" sizes=\"(min-width: 0px) and (max-width: 480px) 480px, (min-width: 481px) 880px, 100vw\" \/><\/p>\n<\/div>\n<\/div>","protected":false},"excerpt":{"rendered":"<p>Plastic Planetary Gears: Precision and Efficiency Plastic planetary gears are a cornerstone of modern mechanical engineering, providing a compact, efficient and versatile solution for torque transmission and motion control. Consisting of a central sun gear, multiple planetary gears and an outer ring gear, these gear systems are designed to provide high reduction ratios in a [&hellip;]<\/p>","protected":false},"featured_media":7994,"comment_status":"open","ping_status":"closed","template":"","meta":{"_et_pb_use_builder":"","_et_pb_old_content":"","_et_gb_content_width":""},"product_brand":[],"product_cat":[117],"product_tag":[],"class_list":{"0":"post-7992","1":"product","2":"type-product","3":"status-publish","4":"has-post-thumbnail","6":"product_cat-plastic-gears","8":"first","9":"instock","10":"shipping-taxable","11":"product-type-simple"},"_links":{"self":[{"href":"https:\/\/fmp-components.com\/sk\/wp-json\/wp\/v2\/product\/7992","targetHints":{"allow":["GET"]}}],"collection":[{"href":"https:\/\/fmp-components.com\/sk\/wp-json\/wp\/v2\/product"}],"about":[{"href":"https:\/\/fmp-components.com\/sk\/wp-json\/wp\/v2\/types\/product"}],"replies":[{"embeddable":true,"href":"https:\/\/fmp-components.com\/sk\/wp-json\/wp\/v2\/comments?post=7992"}],"wp:featuredmedia":[{"embeddable":true,"href":"https:\/\/fmp-components.com\/sk\/wp-json\/wp\/v2\/media\/7994"}],"wp:attachment":[{"href":"https:\/\/fmp-components.com\/sk\/wp-json\/wp\/v2\/media?parent=7992"}],"wp:term":[{"taxonomy":"product_brand","embeddable":true,"href":"https:\/\/fmp-components.com\/sk\/wp-json\/wp\/v2\/product_brand?post=7992"},{"taxonomy":"product_cat","embeddable":true,"href":"https:\/\/fmp-components.com\/sk\/wp-json\/wp\/v2\/product_cat?post=7992"},{"taxonomy":"product_tag","embeddable":true,"href":"https:\/\/fmp-components.com\/sk\/wp-json\/wp\/v2\/product_tag?post=7992"}],"curies":[{"name":"pracovn\u00fd list","href":"https:\/\/api.w.org\/{rel}","templated":true}]}}