{"id":7920,"date":"2025-04-11T03:30:53","date_gmt":"2025-04-11T03:30:53","guid":{"rendered":"https:\/\/fmp-components.com\/?post_type=product&#038;p=7920"},"modified":"2025-04-11T03:45:02","modified_gmt":"2025-04-11T03:45:02","slug":"external-ring-gear","status":"publish","type":"product","link":"https:\/\/fmp-components.com\/sk\/product\/external-ring-gear\/","title":{"rendered":"Vonkaj\u0161\u00ed ozuben\u00fd veniec"},"content":{"rendered":"<h2>Vysokokvalitn\u00e9 vonkaj\u0161ie ozuben\u00e9 koles\u00e1 pre presn\u00e9 stroj\u00e1rstvo<\/h2>\n<p>Vonkaj\u0161ie ozuben\u00e9 koles\u00e1 s\u00fa k\u013e\u00fa\u010dov\u00fdmi komponentmi v r\u00f4znych mechanick\u00fdch syst\u00e9moch, zn\u00e1mymi svojou odolnos\u0165ou a presnos\u0165ou pri prenose kr\u00fatiaceho momentu a pohybu. Tieto ozuben\u00e9 koles\u00e1 so zubami na vonkaj\u0161om obvode sa \u0161iroko pou\u017e\u00edvaj\u00fa v odvetviach, ako je automobilov\u00fd, leteck\u00fd a stroj\u00e1rsky priemysel. V mest\u00e1ch ako Mil\u00e1no a Ben\u00e1tky, kde sa rozv\u00edja pokro\u010dil\u00e1 v\u00fdroba, zohr\u00e1vaj\u00fa vonkaj\u0161ie ozuben\u00e9 koles\u00e1 k\u013e\u00fa\u010dov\u00fa \u00falohu pri zabezpe\u010dovan\u00ed bezprobl\u00e9movej prev\u00e1dzky vysokov\u00fdkonn\u00fdch zariaden\u00ed. S\u00fa navrhnut\u00e9 tak, aby sa do nich zap\u00e1jali pastorky alebo in\u00e9 ozuben\u00e9 koles\u00e1, a preto poskytuj\u00fa spo\u013eahliv\u00fd prenos v\u00fdkonu, v\u010faka \u010domu s\u00fa nevyhnutn\u00e9 pre aplik\u00e1cie vy\u017eaduj\u00face robustn\u00e9 a efekt\u00edvne mechanick\u00e9 rie\u0161enia.<\/p>\n<h2>Mie\u0161a\u010dka cementov\u00fdch dielov Micro 5000 mm, oce\u013eov\u00fd ozuben\u00fd veniec s vonkaj\u0161\u00edm odliatkom<\/h2>\n<p>Spolo\u010dnos\u0165 FMP sa zaober\u00e1 najm\u00e4 v\u00fdskumom, v\u00fdvojom a v\u00fdrobou n\u00edzkor\u00fdchlostn\u00fdch, vysokoz\u00e1\u0165a\u017eov\u00fdch a vysokov\u00fdkonn\u00fdch prevodov. Zaviedla syst\u00e9m \u0161tandardn\u00fdch \u0161pecifik\u00e1ci\u00ed pre n\u00e1vrh, v\u00fdrobu, testovanie a kontrolu zalo\u017een\u00fd na pokro\u010dil\u00fdch \u0161tandardoch a m\u00e1 skupinu inovat\u00edvnych in\u017einierov a technick\u00fdch pracovn\u00edkov.<\/p>\n<p><img loading=\"lazy\" decoding=\"async\" class=\"size-full wp-image-7922 aligncenter\" src=\"https:\/\/fmp-components.com\/wp-content\/uploads\/2025\/04\/External-Ring-Gear-1.webp\" alt=\"Vonkaj\u0161\u00ed ozuben\u00fd veniec\" width=\"790\" height=\"686\" title=\"\" srcset=\"https:\/\/fmp-components.com\/wp-content\/uploads\/2025\/04\/External-Ring-Gear-1.webp 790w, https:\/\/fmp-components.com\/wp-content\/uploads\/2025\/04\/External-Ring-Gear-1-480x417.webp 480w\" sizes=\"(min-width: 0px) and (max-width: 480px) 480px, (min-width: 481px) 790px, 100vw\" \/><\/p>\n<table style=\"width: 100%;\" border=\"1\" width=\"100%\" cellspacing=\"0\" cellpadding=\"0\">\n<tbody>\n<tr>\n<th style=\"width: 13.8116%;\">Tvar:<\/th>\n<td style=\"width: 35.9743%;\">\u010cerv<\/td>\n<th style=\"width: 15.2034%;\">Stav:<\/th>\n<td style=\"width: 34.6895%;\">Nov\u00e9<\/td>\n<\/tr>\n<tr class=\"bg_gray\">\n<th style=\"width: 13.8116%;\">Pou\u017eite\u013en\u00e9 odvetvia:<\/th>\n<td style=\"width: 35.9743%;\">V\u00fdrobn\u00fd z\u00e1vod, Stavebn\u00e9 pr\u00e1ce, Energetika a ban\u00edctvo<\/td>\n<th style=\"width: 15.2034%;\">Umiestnenie showroomu:<\/th>\n<td style=\"width: 34.6895%;\">\u017diadne<\/td>\n<\/tr>\n<tr>\n<th style=\"width: 13.8116%;\">Materi\u00e1l:<\/th>\n<td style=\"width: 35.9743%;\">Nerezov\u00e1 oce\u013e, ZG35CrMo\/42CrMo<\/td>\n<th style=\"width: 15.2034%;\">\u0160tandardn\u00e9 alebo ne\u0161tandardn\u00e9:<\/th>\n<td style=\"width: 34.6895%;\">Ne\u0161tandardn\u00e9<\/td>\n<\/tr>\n<tr class=\"bg_gray\">\n<th style=\"width: 13.8116%;\">Smer:<\/th>\n<td style=\"width: 35.9743%;\">V\u013eavo, vpravo<\/td>\n<th style=\"width: 15.2034%;\">Meno:<\/th>\n<td style=\"width: 34.6895%;\">\u010casti mie\u0161a\u010dky cementu Mikro oce\u013eov\u00fd z\u00e1vitovkov\u00fd prevod<\/td>\n<\/tr>\n<tr>\n<th style=\"width: 13.8116%;\">Priemer:<\/th>\n<td style=\"width: 35.9743%;\">2000 \u2013 8000 mm<\/td>\n<th style=\"width: 15.2034%;\">Typ spracovania:<\/th>\n<td style=\"width: 34.6895%;\">Odlievanie<\/td>\n<\/tr>\n<tr class=\"bg_gray\">\n<th style=\"width: 13.8116%;\">Certifik\u00e1t:<\/th>\n<td style=\"width: 35.9743%;\">ISO 9001:2000, ANSI, ASME, GES<\/td>\n<th style=\"width: 15.2034%;\">Rozsah pou\u017eitia:<\/th>\n<td style=\"width: 34.6895%;\">Cement\u00e1rne a bansk\u00e9 zariadenia, reduktor r\u00fdchlosti, gu\u013eov\u00fd mlyn, bansk\u00fd zdvih\u00e1k<\/td>\n<\/tr>\n<tr>\n<th style=\"width: 13.8116%;\">Exportn\u00e9 oblasti:<\/th>\n<td style=\"width: 35.9743%;\">Rusko, juhov\u00fdchodn\u00e1 \u00c1zia, India, Ju\u017en\u00e1 Afrika, Austr\u00e1lia<\/td>\n<th style=\"width: 15.2034%;\">Tvrdos\u0165:<\/th>\n<td style=\"width: 34.6895%;\">&lt;=217<\/td>\n<\/tr>\n<tr>\n<th style=\"width: 13.8116%;\" colspan=\"1\">Vysok\u00e9 svetlo:<\/th>\n<td style=\"width: 85.8672%;\" colspan=\"3\">mikro oce\u013eov\u00e9 z\u00e1vitovkov\u00e9 koleso, oce\u013eov\u00e9 z\u00e1vitovkov\u00e9 koleso 5000 mm<\/td>\n<\/tr>\n<\/tbody>\n<\/table>\n<h3>FMP: V\u00e1\u0161 d\u00f4veryhodn\u00fd partner pre vonkaj\u0161ie ozuben\u00e9 koles\u00e1<\/h3>\n<p>V spolo\u010dnosti FMP sme hrd\u00ed na to, \u017ee vyr\u00e1bame \u0161irok\u00fa \u0161k\u00e1lu extern\u00fdch <a href=\"https:\/\/fmp-components.com\/sk\/ring-gear\/\">ozuben\u00e9 koles\u00e1<\/a>, vyroben\u00e9 tak, aby sp\u013a\u0148ali najvy\u0161\u0161ie priemyseln\u00e9 \u0161tandardy. S\u00eddlime v srdci talianskej priemyselnej siete a sl\u00fa\u017eime podnikom v Mil\u00e1ne, Ben\u00e1tkach, Florencii, Bologni a \u010fal\u0161\u00edch krajin\u00e1ch, pri\u010dom pon\u00fakame \u0161tandardn\u00e9 aj z\u00e1kazkov\u00e9 rie\u0161enia. Ak v na\u0161om zozname produktov nen\u00e1jdete konkr\u00e9tny model ozuben\u00e9ho vence, ktor\u00fd potrebujete, nebojte sa \u2013 pravdepodobne sme ho e\u0161te nemali mo\u017enos\u0165 nahra\u0165. Jednoducho n\u00e1m po\u0161lite e-mail s va\u0161imi po\u017eiadavkami a na\u0161i sk\u00fasen\u00ed technici v\u00e1m do 24 hod\u00edn odpovedia s rie\u0161eniami na mieru, ktor\u00e9 zvl\u00e1dnu va\u0161e oper\u00e1cie. Vyberte si FMP pre presnos\u0165, spo\u013eahlivos\u0165 a bezkonkuren\u010dn\u00fd z\u00e1kazn\u00edcky servis v celom Taliansku.<\/p>\n<p><img loading=\"lazy\" decoding=\"async\" class=\"wp-image-7924 aligncenter\" src=\"https:\/\/fmp-components.com\/wp-content\/uploads\/2025\/04\/external_casting_steel_ring_gear_1.webp\" alt=\"vonkaj\u0161\u00ed odliatok z ocele s ozuben\u00fdm veniecom \" width=\"913\" height=\"667\" title=\"\" srcset=\"https:\/\/fmp-components.com\/wp-content\/uploads\/2025\/04\/external_casting_steel_ring_gear_1.webp 913w, https:\/\/fmp-components.com\/wp-content\/uploads\/2025\/04\/external_casting_steel_ring_gear_1-480x351.webp 480w\" sizes=\"(min-width: 0px) and (max-width: 480px) 480px, (min-width: 481px) 913px, 100vw\" \/><\/p>","protected":false},"excerpt":{"rendered":"<p>High-Quality External Ring Gears for Precision Engineering External ring gears are critical components in various mechanical systems, known for their durability and precision in transmitting torque and motion. These gears, featuring teeth on the outer circumference, are widely used in industries such as automotive, aerospace, and industrial machinery. In cities like Milan and Venice, where [&hellip;]<\/p>","protected":false},"featured_media":7923,"comment_status":"open","ping_status":"closed","template":"","meta":{"_et_pb_use_builder":"on","_et_pb_old_content":"<h2>High-Quality External Ring Gears for Precision Engineering<\/h2>\r\nExternal ring gears are critical components in various mechanical systems, known for their durability and precision in transmitting torque and motion. These gears, featuring teeth on the outer circumference, are widely used in industries such as automotive, aerospace, and industrial machinery. In cities like Milan and Venice, where advanced manufacturing thrives, external ring gears play a pivotal role in ensuring seamless operations for high-performance equipment. Designed to mesh with pinions or other gears, they provide reliable power transmission, making them indispensable for applications requiring robust and efficient mechanical solutions.\r\n<h2>Cement Parts Mixer Micro 5000mm External Casting Steel Ring Gear<\/h2>\r\nFMP is mainly engaged in the research, development and manufacturing of low-speed, heavy-load and high-power gears. It has established a standard specification system for design, manufacturing, testing and inspection based on advanced standards and has a group of innovative engineering and technical personnel.\r\n\r\n<img class=\"size-full wp-image-7922 aligncenter\" src=\"https:\/\/fmp-components.com\/wp-content\/uploads\/2025\/04\/External-Ring-Gear-1.webp\" alt=\"External Ring Gear\" width=\"790\" height=\"686\" \/>\r\n<table style=\"width: 100%;\" border=\"1\" width=\"100%\" cellspacing=\"0\" cellpadding=\"0\">\r\n<tbody>\r\n<tr>\r\n<th style=\"width: 13.8116%;\">Shape:<\/th>\r\n<td style=\"width: 35.9743%;\">Worm<\/td>\r\n<th style=\"width: 15.2034%;\">Condition:<\/th>\r\n<td style=\"width: 34.6895%;\">New<\/td>\r\n<\/tr>\r\n<tr class=\"bg_gray\">\r\n<th style=\"width: 13.8116%;\">Applicable Industries:<\/th>\r\n<td style=\"width: 35.9743%;\">Manufacturing Plant, Construction Works\u00a0, Energy &amp; Mining<\/td>\r\n<th style=\"width: 15.2034%;\">Showroom Location:<\/th>\r\n<td style=\"width: 34.6895%;\">None<\/td>\r\n<\/tr>\r\n<tr>\r\n<th style=\"width: 13.8116%;\">Material:<\/th>\r\n<td style=\"width: 35.9743%;\">Stainless Steel, ZG35CrMo\/42CrMo<\/td>\r\n<th style=\"width: 15.2034%;\">Standard Or Nonstandard:<\/th>\r\n<td style=\"width: 34.6895%;\">Nonstandard<\/td>\r\n<\/tr>\r\n<tr class=\"bg_gray\">\r\n<th style=\"width: 13.8116%;\">Direction:<\/th>\r\n<td style=\"width: 35.9743%;\">Left, Right<\/td>\r\n<th style=\"width: 15.2034%;\">Name:<\/th>\r\n<td style=\"width: 34.6895%;\">Cement Mixer Parts Micro Steel Worm Gear<\/td>\r\n<\/tr>\r\n<tr>\r\n<th style=\"width: 13.8116%;\">Diameter:<\/th>\r\n<td style=\"width: 35.9743%;\">2000-8000mm<\/td>\r\n<th style=\"width: 15.2034%;\">Processing Type:<\/th>\r\n<td style=\"width: 34.6895%;\">Casting<\/td>\r\n<\/tr>\r\n<tr class=\"bg_gray\">\r\n<th style=\"width: 13.8116%;\">Certificate:<\/th>\r\n<td style=\"width: 35.9743%;\">ISO 9001:2000,ANSI,ASME,GES<\/td>\r\n<th style=\"width: 15.2034%;\">Application Range:<\/th>\r\n<td style=\"width: 34.6895%;\">Cement And Mining Facilities,speed Reducer,ball Mill,mine Hoist<\/td>\r\n<\/tr>\r\n<tr>\r\n<th style=\"width: 13.8116%;\">Export Areas:<\/th>\r\n<td style=\"width: 35.9743%;\">Russia, Southeast Asia, India,South Africa, Australia<\/td>\r\n<th style=\"width: 15.2034%;\">Hardness:<\/th>\r\n<td style=\"width: 34.6895%;\">&lt;=217<\/td>\r\n<\/tr>\r\n<tr>\r\n<th style=\"width: 13.8116%;\" colspan=\"1\">High Light:<\/th>\r\n<td style=\"width: 85.8672%;\" colspan=\"3\">micro steel worm gear,\u00a0 5000mm steel worm gear<\/td>\r\n<\/tr>\r\n<\/tbody>\r\n<\/table>\r\n<h3>FMP: Your Trusted Partner for External Ring Gears<\/h3>\r\nAt FMP, we pride ourselves on manufacturing a wide range of external <a href=\"https:\/\/fmp-components.com\/en\/ring-gear\">ring gears<\/a>, crafted to meet the highest industry standards. Based in the heart of Italy\u2019s industrial network, we serve businesses in Milan, Venice, Florence, Bologna, and beyond, offering both standard and custom solutions. If you don\u2019t find the specific ring gear model you need in our product list, don\u2019t worry\u2014we likely haven\u2019t had the chance to upload it yet. Simply email us with your requirements, and our skilled engineers will respond within 24 hours with tailored solutions to power your operations. Choose FMP for precision, reliability, and unmatched customer service across Italy.\r\n\r\n<img class=\"wp-image-7924 aligncenter\" src=\"https:\/\/fmp-components.com\/wp-content\/uploads\/2025\/04\/external_casting_steel_ring_gear_1.webp\" alt=\"external casting steel ring gear \" width=\"913\" height=\"667\" \/>","_et_gb_content_width":""},"product_brand":[],"product_cat":[114],"product_tag":[],"class_list":{"0":"post-7920","1":"product","2":"type-product","3":"status-publish","4":"has-post-thumbnail","6":"product_cat-ring-gear","8":"first","9":"instock","10":"shipping-taxable","11":"product-type-simple"},"_links":{"self":[{"href":"https:\/\/fmp-components.com\/sk\/wp-json\/wp\/v2\/product\/7920","targetHints":{"allow":["GET"]}}],"collection":[{"href":"https:\/\/fmp-components.com\/sk\/wp-json\/wp\/v2\/product"}],"about":[{"href":"https:\/\/fmp-components.com\/sk\/wp-json\/wp\/v2\/types\/product"}],"replies":[{"embeddable":true,"href":"https:\/\/fmp-components.com\/sk\/wp-json\/wp\/v2\/comments?post=7920"}],"wp:featuredmedia":[{"embeddable":true,"href":"https:\/\/fmp-components.com\/sk\/wp-json\/wp\/v2\/media\/7923"}],"wp:attachment":[{"href":"https:\/\/fmp-components.com\/sk\/wp-json\/wp\/v2\/media?parent=7920"}],"wp:term":[{"taxonomy":"product_brand","embeddable":true,"href":"https:\/\/fmp-components.com\/sk\/wp-json\/wp\/v2\/product_brand?post=7920"},{"taxonomy":"product_cat","embeddable":true,"href":"https:\/\/fmp-components.com\/sk\/wp-json\/wp\/v2\/product_cat?post=7920"},{"taxonomy":"product_tag","embeddable":true,"href":"https:\/\/fmp-components.com\/sk\/wp-json\/wp\/v2\/product_tag?post=7920"}],"curies":[{"name":"pracovn\u00fd list","href":"https:\/\/api.w.org\/{rel}","templated":true}]}}