{"id":7915,"date":"2025-04-11T02:22:27","date_gmt":"2025-04-11T02:22:27","guid":{"rendered":"https:\/\/fmp-components.com\/?post_type=product&#038;p=7915"},"modified":"2025-04-11T03:15:34","modified_gmt":"2025-04-11T03:15:34","slug":"precision-gear-ring-and-pinion","status":"publish","type":"product","link":"https:\/\/fmp-components.com\/sk\/product\/precision-gear-ring-and-pinion\/","title":{"rendered":"Presn\u00fd ozuben\u00fd veniec a pastorok"},"content":{"rendered":"<div>\n<h2 dir=\"auto\">Technick\u00e1 excelentnos\u0165 pre talianske cesty<\/h2>\n<p class=\"break-words\" dir=\"auto\">Pokia\u013e ide o optimaliz\u00e1ciu v\u00fdkonu v\u00e1\u0161ho vozidla, sady ozuben\u00fdch kr\u00fa\u017ekov a pastorkov Precision Gear s\u00fa pre vodi\u010dov v celom Taliansku, od ru\u0161n\u00fdch ul\u00edc Mil\u00e1na a\u017e po malebn\u00e9 cesty Florencie, tou spr\u00e1vnou vo\u013ebou. Tieto vysokokvalitn\u00e9 sady ozuben\u00fdch kolies s\u00fa vyroben\u00e9 s pou\u017eit\u00edm pokro\u010dil\u00fdch v\u00fdrobn\u00fdch techn\u00edk a pr\u00e9miov\u00fdch kovan\u00ed 8620, \u010do zaru\u010duje odolnos\u0165 a presnos\u0165 pre pou\u017eitie na cest\u00e1ch aj na okruhoch. \u010ci u\u017e vylep\u0161ujete svoje muscle car v Ben\u00e1tkach alebo dola\u010fujete pohon 4\u00d74 pre ter\u00e9nne dobrodru\u017estv\u00e1 ne\u010faleko Bologne, Precision Gear pon\u00faka \u0161irok\u00fa \u0161k\u00e1lu prevodov\u00fdch pomerov \u2013 napr\u00edklad 3,08:1 pre GM 8,5\/8,6 palca, 4,56:1 pre Dana 44 alebo 5,13:1 pre Ford 8,8 palca \u2013 aby vyhovovali va\u0161im \u0161pecifick\u00fdm potreb\u00e1m. Tieto sady ozuben\u00fdch kolies s\u00fa navrhnut\u00e9 tak, aby zvl\u00e1dli n\u00e1ro\u010dn\u00e9 podmienky vysok\u00e9ho v\u00fdkonu a poskytuj\u00fa efekt\u00edvny prenos v\u00fdkonu, aby sa va\u0161e vozidlo pohybovalo plynule bez oh\u013eadu na ter\u00e9n.<\/p>\n<p dir=\"auto\"><img loading=\"lazy\" decoding=\"async\" class=\"size-full wp-image-7917 aligncenter\" src=\"https:\/\/fmp-components.com\/wp-content\/uploads\/2025\/04\/Precision-Gear-Ring-and-Pinion-2.webp\" alt=\"Presn\u00fd ozuben\u00fd veniec a pastorok\" width=\"800\" height=\"800\" title=\"\" srcset=\"https:\/\/fmp-components.com\/wp-content\/uploads\/2025\/04\/Precision-Gear-Ring-and-Pinion-2.webp 800w, https:\/\/fmp-components.com\/wp-content\/uploads\/2025\/04\/Precision-Gear-Ring-and-Pinion-2-480x480.webp 480w\" sizes=\"(min-width: 0px) and (max-width: 480px) 480px, (min-width: 481px) 800px, 100vw\" \/><\/p>\n<h3 dir=\"auto\">\u0160pecifik\u00e1cia<\/h3>\n<\/div>\n<div>\n<table style=\"width: 100%;\" border=\"1\" width=\"100%\" cellspacing=\"0\" cellpadding=\"0\">\n<tbody>\n<tr>\n<td colspan=\"1\" rowspan=\"1\">\n<div class=\"magic-13\" data-spm-anchor-id=\"a2700.details-description.0.i1.1c4atCsDtCsDdk\">Dostupn\u00fd materi\u00e1l:<\/div>\n<\/td>\n<td colspan=\"1\" rowspan=\"1\">\n<div class=\"magic-14\">Mosadz, me\u010f, uhl\u00edkov\u00e1 oce\u013e, nehrdzavej\u00faca oce\u013e, oce\u013eov\u00e1 zliatina, hlin\u00edkov\u00e1 zliatina at\u010f.<\/div>\n<\/td>\n<\/tr>\n<tr>\n<td colspan=\"1\" rowspan=\"1\">\n<div class=\"magic-13\">Tolerancia:<\/div>\n<\/td>\n<td colspan=\"1\" rowspan=\"1\">\n<div class=\"magic-14\">Pod\u013ea v\u00fdkresu (+\/- 0,05 mm, +\/- 0,01 mm)<\/div>\n<\/td>\n<\/tr>\n<tr>\n<td colspan=\"1\" rowspan=\"1\">\n<div class=\"magic-13\">Povrchov\u00e1 \u00faprava:<\/div>\n<\/td>\n<td colspan=\"1\" rowspan=\"1\">\n<div class=\"magic-14\">Pozinkovan\u00e9, niklovan\u00e9, chr\u00f3movan\u00e9, eloxovan\u00e9, fosf\u00e1tovan\u00e9, chemick\u00e9 \u010diernenie, nitridovanie v so\u013enom k\u00fapeli at\u010f.<\/div>\n<\/td>\n<\/tr>\n<tr>\n<td colspan=\"1\" rowspan=\"1\">\n<div class=\"magic-13\">Dodacia lehota:<\/div>\n<\/td>\n<td colspan=\"1\" rowspan=\"1\">\n<div class=\"magic-14\">20-45 dn\u00ed z\u00e1vis\u00ed od mno\u017estva a zlo\u017eitosti<\/div>\n<\/td>\n<\/tr>\n<tr>\n<td colspan=\"1\" rowspan=\"1\">\n<div class=\"magic-13\">Aplik\u00e1cia:<\/div>\n<\/td>\n<td colspan=\"1\" rowspan=\"1\">\n<div class=\"magic-14\">Vysokozdvi\u017en\u00fd voz\u00edk, \u017eeriav, vlak, n\u00e1kladn\u00e9 auto, kosa\u010dka na tr\u00e1vu, \u017eelezni\u010dn\u00e9 zariadenia, zdravotn\u00edcke pom\u00f4cky, priemyseln\u00e9 stroje, automobily, elektrick\u00e9<br \/>\nspotrebi\u010d, automatiza\u010dn\u00fd stroj, in\u00e9 odvetvia at\u010f.<\/div>\n<\/td>\n<\/tr>\n<tr>\n<td colspan=\"1\" rowspan=\"1\">\n<div class=\"magic-13\">Platobn\u00e1 lehota:<\/div>\n<\/td>\n<td colspan=\"1\" rowspan=\"1\">\n<div class=\"magic-14\">\n<p>Akredit\u00edv na videnie<\/p>\n<div>Z\u00e1loha T\/T 30% a vyrovnan\u00e1 suma 70% na \u00fahradu pred odoslan\u00edm.<\/div>\n<\/div>\n<\/td>\n<\/tr>\n<tr>\n<td colspan=\"1\" rowspan=\"1\">\n<div class=\"magic-13\">V\u00fdrobn\u00e9 vybavenie:<\/div>\n<\/td>\n<td colspan=\"1\" rowspan=\"1\">\n<div class=\"magic-14\">CNC obr\u00e1bacie centrum, CNC s\u00fastruh, br\u00faska, fr\u00e9zka, p\u00edla, zv\u00e1ra\u010dka, hydraulick\u00fd lis, v\u0155ta\u010dka<br \/>\na z\u00e1vitorezn\u00fd stroj, stroj na tvarovanie ozuben\u00fdch kolies at\u010f.<\/div>\n<\/td>\n<\/tr>\n<tr>\n<td colspan=\"1\" rowspan=\"1\">\n<div class=\"magic-13\">In\u0161pek\u010dn\u00e9 vybavenie:<\/div>\n<\/td>\n<td colspan=\"1\" rowspan=\"1\">\n<div class=\"magic-14\">Elektronick\u00fd penumatick\u00fd merac\u00ed pr\u00edstroj, zariadenie na detekciu troch s\u00faradn\u00edc, tester tvrdosti pod\u013ea Rockwella, digit\u00e1lny ultrazvukov\u00fd defektoskop<br \/>\nDetektor, Meradlo drsnosti povrchu, Tester tvrdosti pod\u013ea Leeba, Meradlo opl\u00e1\u0161tenia, Tester so\u013en\u00e9ho postreku, Prevodov\u00e9 zariadenie<br \/>\nMeracie centrum at\u010f.<\/div>\n<\/td>\n<\/tr>\n<tr>\n<td colspan=\"1\" rowspan=\"1\">\n<div class=\"magic-13\">Kontrola kvality:<\/div>\n<\/td>\n<td colspan=\"1\" rowspan=\"1\">\n<div class=\"magic-14\">\n<p>1. Prich\u00e1dzaj\u00faci materi\u00e1l bude pred v\u00fdrobou skontrolovan\u00fd.<\/p>\n<div data-spm-anchor-id=\"a2700.pc-decorate.0.i39.bc343333CIclSA\">2. Pr\u00edsna kontrola kvality spracovania.<\/div>\n<div data-spm-anchor-id=\"a2700.pc-decorate.0.i39.bc343333CIclSA\">3.100% kontrola pred odoslan\u00edm.<\/div>\n<div data-spm-anchor-id=\"a2700.pc-decorate.0.i39.bc343333CIclSA\">4. Zodpoved\u00e1me za kvalitu produktu vo\u010di koncov\u00e9mu pou\u017e\u00edvate\u013eovi.<\/div>\n<\/div>\n<\/td>\n<\/tr>\n<tr>\n<td colspan=\"1\" rowspan=\"1\">\n<div class=\"magic-13\">Bal\u00edk:<\/div>\n<\/td>\n<td colspan=\"1\" rowspan=\"1\">\n<div class=\"magic-14\">\n<p>Met\u00f3da 1: Kart\u00f3nov\u00e1 krabica alebo vlnit\u00fd kart\u00f3n<\/p>\n<div data-spm-anchor-id=\"a2700.pc-decorate.0.i43.bc343333CIclSA\">Met\u00f3da 2: Dreven\u00e1 debna alebo dreven\u00e1 debna<\/div>\n<div data-spm-anchor-id=\"a2700.pc-decorate.0.i43.bc343333CIclSA\">Met\u00f3da 3: \u017delezn\u00fd k\u00f4\u0161 alebo plastov\u00fd k\u00f4\u0161<\/div>\n<div data-spm-anchor-id=\"a2700.pc-decorate.0.i43.bc343333CIclSA\">Met\u00f3da 4: Paleta<\/div>\n<\/div>\n<\/td>\n<\/tr>\n<tr>\n<td colspan=\"1\" rowspan=\"1\">\n<div class=\"magic-13\">Popredajn\u00fd servis:<\/div>\n<\/td>\n<td colspan=\"1\" rowspan=\"1\">\n<div class=\"magic-14\">Budeme sledova\u0165 tovar pre z\u00e1kazn\u00edkov a pom\u00e1ha\u0165 rie\u0161i\u0165 probl\u00e9my po predaji<\/div>\n<\/td>\n<\/tr>\n<\/tbody>\n<\/table>\n<div>\n<h2 dir=\"auto\">V\u0161estrann\u00fd v\u00fdkon pre ka\u017ed\u00fa jazdu<\/h2>\n<p class=\"break-words\" dir=\"auto\">Sady ozuben\u00fdch kr\u00fa\u017ekov a pastorkov Precision Gear s\u00fa vyroben\u00e9 tak, aby poskytovali v\u00fdnimo\u010dn\u00fa hodnotu bez kompromisov v kvalite, \u010do z nich rob\u00ed najlep\u0161iu vo\u013ebu pre automobilov\u00fdch nad\u0161encov v mest\u00e1ch ako R\u00edm a Tur\u00edn. S mo\u017enos\u0165ami v\u00fdberu pre GM, Ford, Dana, Toyota a \u010fal\u0161ie s\u00fa tieto sady ozuben\u00fdch kolies vhodn\u00e9 pre r\u00f4zne vozidl\u00e1, \u010d\u00edm sa zabezpe\u010duje kompatibilita a v\u00fdkon. Napr\u00edklad modely ako F88\/410 Ford 8,8 palcov 4,10 Gears alebo TOY\/456 Toyota 8 palcov 4,56 Gears s\u00fa skon\u0161truovan\u00e9 tak, aby odolali n\u00e1ro\u010dn\u00fdm podmienkam a pon\u00fakaj\u00fa spo\u013eahlivos\u0165 pri ka\u017edodennom doch\u00e1dzan\u00ed do pr\u00e1ce v Neapole alebo pri temperamentn\u00fdch jazd\u00e1ch po tosk\u00e1nskych kopcoch. Sady Precision Gear, ktor\u00e9 z\u00edskali 4,0-hviezdi\u010dkov\u00e9 hodnotenie od z\u00e1kazn\u00edkov, s\u00fa synonymom pevnosti a dostupnosti a pom\u00e1haj\u00fa talianskym vodi\u010dom s istotou dosiahnu\u0165 ich v\u00fdkonnostn\u00e9 ciele.<\/p>\n<h3 dir=\"auto\">FMP: V\u00e1\u0161 d\u00f4veryhodn\u00fd partner pre rie\u0161enia na mieru<\/h3>\n<p dir=\"auto\">V spolo\u010dnosti FMP sme hrd\u00ed na to, \u017ee sme popredn\u00fdm v\u00fdrobcom ozuben\u00fdch kolies s vejcami a pastorkami a pon\u00fakame \u0161irok\u00fd v\u00fdber s\u00faprav presn\u00fdch ozuben\u00fdch kolies, ktor\u00e9 sp\u013a\u0148aj\u00fa potreby talianskej automobilovej komunity. S\u00eddlime v srdci tohto odvetvia, vyr\u00e1bame ozuben\u00e9 koles\u00e1 pre r\u00f4zne aplik\u00e1cie a \u0161pecializujeme sa aj na z\u00e1kazkov\u00e9 rie\u0161enia pre jedine\u010dn\u00e9 kon\u0161trukcie vozidiel.<\/p>\n<p dir=\"auto\">Ak v na\u0161om zozname produktov nen\u00e1jdete model, ktor\u00fd potrebujete, nebojte sa \u2013 je pravdepodobn\u00e9, \u017ee sme ho e\u0161te nenahrali. Jednoducho n\u00e1m po\u0161lite svoje po\u017eiadavky e-mailom a jeden z na\u0161ich sk\u00fasen\u00fdch technikov v\u00e1m do 24 hod\u00edn odpovie a poskytne v\u00e1m pomoc na mieru.<\/p>\n<\/div>\n<p dir=\"auto\"><img loading=\"lazy\" decoding=\"async\" class=\"wp-image-7919 aligncenter\" src=\"https:\/\/fmp-components.com\/wp-content\/uploads\/2025\/04\/Precision-Gear-Ring-and-Pinion-3.webp\" alt=\"Presn\u00fd ozuben\u00fd veniec a pastorok\" width=\"860\" height=\"860\" title=\"\" srcset=\"https:\/\/fmp-components.com\/wp-content\/uploads\/2025\/04\/Precision-Gear-Ring-and-Pinion-3.webp 860w, https:\/\/fmp-components.com\/wp-content\/uploads\/2025\/04\/Precision-Gear-Ring-and-Pinion-3-480x480.webp 480w\" sizes=\"(min-width: 0px) and (max-width: 480px) 480px, (min-width: 481px) 860px, 100vw\" \/><\/p>\n<\/div>","protected":false},"excerpt":{"rendered":"<p>Engineered Excellence for Italian Roads When it comes to optimizing your vehicle\u2019s performance, Precision Gear ring and pinion sets are the go-to choice for drivers across Italy, from the bustling streets of Milan to the scenic roads of Florence. These high-quality gear sets are engineered with advanced manufacturing techniques and premium 8620 forgings, ensuring durability [&hellip;]<\/p>","protected":false},"featured_media":7916,"comment_status":"open","ping_status":"closed","template":"","meta":{"_et_pb_use_builder":"","_et_pb_old_content":"","_et_gb_content_width":""},"product_brand":[],"product_cat":[114],"product_tag":[],"class_list":{"0":"post-7915","1":"product","2":"type-product","3":"status-publish","4":"has-post-thumbnail","6":"product_cat-ring-gear","8":"first","9":"instock","10":"shipping-taxable","11":"product-type-simple"},"_links":{"self":[{"href":"https:\/\/fmp-components.com\/sk\/wp-json\/wp\/v2\/product\/7915","targetHints":{"allow":["GET"]}}],"collection":[{"href":"https:\/\/fmp-components.com\/sk\/wp-json\/wp\/v2\/product"}],"about":[{"href":"https:\/\/fmp-components.com\/sk\/wp-json\/wp\/v2\/types\/product"}],"replies":[{"embeddable":true,"href":"https:\/\/fmp-components.com\/sk\/wp-json\/wp\/v2\/comments?post=7915"}],"wp:featuredmedia":[{"embeddable":true,"href":"https:\/\/fmp-components.com\/sk\/wp-json\/wp\/v2\/media\/7916"}],"wp:attachment":[{"href":"https:\/\/fmp-components.com\/sk\/wp-json\/wp\/v2\/media?parent=7915"}],"wp:term":[{"taxonomy":"product_brand","embeddable":true,"href":"https:\/\/fmp-components.com\/sk\/wp-json\/wp\/v2\/product_brand?post=7915"},{"taxonomy":"product_cat","embeddable":true,"href":"https:\/\/fmp-components.com\/sk\/wp-json\/wp\/v2\/product_cat?post=7915"},{"taxonomy":"product_tag","embeddable":true,"href":"https:\/\/fmp-components.com\/sk\/wp-json\/wp\/v2\/product_tag?post=7915"}],"curies":[{"name":"pracovn\u00fd list","href":"https:\/\/api.w.org\/{rel}","templated":true}]}}