{"id":791,"date":"2024-12-18T06:57:05","date_gmt":"2024-12-18T06:57:05","guid":{"rendered":"https:\/\/fmp-components.com\/?page_id=8"},"modified":"2024-12-18T07:38:40","modified_gmt":"2024-12-18T07:38:40","slug":"hydraulic-cylinder-for-stacker-reclaimer","status":"publish","type":"product","link":"https:\/\/fmp-components.com\/sk\/product\/hydraulic-cylinder-for-stacker-reclaimer\/","title":{"rendered":"Hydraulick\u00fd valec pre stohova\u010d"},"content":{"rendered":"<p style=\"text-align: center;\"><span style=\"font-size: 18pt;\">Hydraulick\u00fd valec pre stohova\u010d<\/span><\/p>\n<p>Hydraulick\u00fd valec pre stohova\u010de a regener\u00e1tory je z\u00e1kladn\u00fd hydraulick\u00fd komponent ur\u010den\u00fd na zv\u00fd\u0161enie \u00fa\u010dinnosti a funk\u010dnosti stohova\u010dov a regener\u00e1torov pou\u017e\u00edvan\u00fdch pri manipul\u00e1cii so sypk\u00fdm materi\u00e1lom. Tento valec zohr\u00e1va k\u013e\u00fa\u010dov\u00fa \u00falohu pri zabezpe\u010dovan\u00ed potrebn\u00fdch zdv\u00edhac\u00edch a pohybliv\u00fdch schopnost\u00ed potrebn\u00fdch na presn\u00e9 stohovanie a regener\u00e1ciu materi\u00e1lov, ako je uhlie, obilie a miner\u00e1ly.<\/p>\n<p><img loading=\"lazy\" decoding=\"async\" class=\"alignnone size-full wp-image-804\" src=\"https:\/\/fmp-components.com\/wp-content\/uploads\/2024\/12\/Stacker-Reclaimer-Belt-Tensioning-Cylinder-1-1.webp\" alt=\"Nap\u00ednac\u00ed valec reme\u0148a stohova\u010da-removalera-1\" width=\"1024\" height=\"545\" title=\"\" srcset=\"https:\/\/fmp-components.com\/wp-content\/uploads\/2024\/12\/Stacker-Reclaimer-Belt-Tensioning-Cylinder-1-1.webp 1024w, https:\/\/fmp-components.com\/wp-content\/uploads\/2024\/12\/Stacker-Reclaimer-Belt-Tensioning-Cylinder-1-1-980x522.webp 980w, https:\/\/fmp-components.com\/wp-content\/uploads\/2024\/12\/Stacker-Reclaimer-Belt-Tensioning-Cylinder-1-1-480x255.webp 480w\" sizes=\"(min-width: 0px) and (max-width: 480px) 480px, (min-width: 481px) and (max-width: 980px) 980px, (min-width: 981px) 1024px, 100vw\" \/><\/p>\n<h4>K\u013e\u00fa\u010dov\u00e9 vlastnosti:<\/h4>\n<ul>\n<li><strong>Vysok\u00e1 nosnos\u0165:<\/strong> Tento hydraulick\u00fd valec, navrhnut\u00fd na manipul\u00e1ciu s ve\u013ek\u00fdmi hmotnos\u0165ami, zais\u0165uje bezpe\u010dn\u00fa a spo\u013eahliv\u00fa prev\u00e1dzku po\u010das zdv\u00edhac\u00edch \u00faloh, \u010do je k\u013e\u00fa\u010dov\u00e9 pre efekt\u00edvne hospod\u00e1renie s materi\u00e1lom.<\/li>\n<li><strong>Robustn\u00e1 kon\u0161trukcia:<\/strong> Vyroben\u00fd z vysokopevnostn\u00fdch materi\u00e1lov, je navrhnut\u00fd tak, aby odolal n\u00e1ro\u010dn\u00fdm podmienkam priemyseln\u00e9ho prostredia vr\u00e1tane vystavenia abraz\u00edvnym materi\u00e1lom, vlhkosti a extr\u00e9mnym teplot\u00e1m, \u010d\u00edm zabezpe\u010duje dlhotrvaj\u00facu odolnos\u0165.<\/li>\n<li><strong>Plynul\u00e1 prev\u00e1dzka:<\/strong> Pokro\u010dil\u00e1 hydraulick\u00e1 kon\u0161trukcia umo\u017e\u0148uje plynul\u00e9 a kontrolovan\u00e9 pohyby, \u010do umo\u017e\u0148uje r\u00fdchle nastavenie optim\u00e1lneho umiestnenia v\u00fdlo\u017en\u00edka a \u010fal\u0161\u00edch komponentov po\u010das procesov stohovania a vyberania.<\/li>\n<li><strong>Zv\u00fd\u0161en\u00e1 bezpe\u010dnos\u0165:<\/strong> Vybaven\u00e9 bezpe\u010dnostn\u00fdmi prvkami, ktor\u00e9 zabra\u0148uj\u00fa pre\u0165a\u017eeniu a zais\u0165uj\u00fa bezpe\u010dn\u00fa prev\u00e1dzku, \u010d\u00edm chr\u00e1nia obsluhu aj zariadenie po\u010das manipul\u00e1cie s materi\u00e1lom.<\/li>\n<li><strong>V\u0161estrann\u00e9 pou\u017eitie:<\/strong> Tento hydraulick\u00fd valec, vhodn\u00fd pre r\u00f4zne konfigur\u00e1cie stohovac\u00edch naklada\u010dov, sa dok\u00e1\u017ee prisp\u00f4sobi\u0165 r\u00f4znym prev\u00e1dzkov\u00fdm potreb\u00e1m, v\u010faka \u010domu je ide\u00e1lny pre r\u00f4zne aplik\u00e1cie manipul\u00e1cie s hromadn\u00fdm materi\u00e1lom.<\/li>\n<li><strong>N\u00edzke n\u00e1roky na \u00fadr\u017ebu:<\/strong> Je navrhnut\u00fd pre minim\u00e1lne opotrebovanie, zni\u017euje potrebu \u010dastej \u00fadr\u017eby, \u010do prispieva k zv\u00fd\u0161eniu produktivity a ni\u017e\u0161\u00edm prev\u00e1dzkov\u00fdm n\u00e1kladom.<\/li>\n<\/ul>\n<p>Stru\u010dne povedan\u00e9, hydraulick\u00fd valec pre stohova\u010d a recykl\u00e1tor je k\u013e\u00fa\u010dovou s\u00fa\u010das\u0165ou, ktor\u00e1 optimalizuje v\u00fdkon a \u00fa\u010dinnos\u0165 stohova\u010dov a recykl\u00e1torov, \u010d\u00edm v\u00fdrazne zvy\u0161uje ich \u00fa\u010dinnos\u0165 pri manipul\u00e1cii s sypk\u00fdm materi\u00e1lom v r\u00f4znych odvetviach.<\/p>\n<h2>Valec na nakl\u00e1panie kostry stohova\u010da<\/h2>\n<p>Hydraulick\u00fd valec na nastavenie uhla r\u00e1mu stohova\u010da a naklada\u010da je d\u00f4le\u017eit\u00fd hydraulick\u00fd komponent ur\u010den\u00fd na riadenie pohybu r\u00e1mu skeletu v stohova\u010doch a naklada\u010doch. Tento valec poskytuje potrebn\u00fa silu na nastavenie uhla r\u00e1mu, \u010do umo\u017e\u0148uje presn\u00e9 polohovanie po\u010das stohovania a nakladania sypk\u00fdch materi\u00e1lov, ako s\u00fa uhlie, obilie a miner\u00e1ly. Je vyroben\u00fd z vysokopevnostn\u00fdch materi\u00e1lov a je navrhnut\u00fd tak, aby odolal n\u00e1ro\u010dn\u00fdm podmienkam priemyseln\u00e9ho prostredia a zabezpe\u010dil odolnos\u0165 a spo\u013eahlivos\u0165 pri vysok\u00fdch za\u0165a\u017eeniach. Plynul\u00fd hydraulick\u00fd chod umo\u017e\u0148uje r\u00fdchle a presn\u00e9 nastavenie, \u010d\u00edm zvy\u0161uje prev\u00e1dzkov\u00fa efektivitu a bezpe\u010dnos\u0165. Tento valec na nastavenie je nevyhnutn\u00fd pre optimaliz\u00e1ciu v\u00fdkonu stohova\u010dov a naklada\u010dov a v\u00fdznamne prispieva k efekt\u00edvnej manipul\u00e1cii s sypk\u00fdm materi\u00e1lom v r\u00f4znych aplik\u00e1ci\u00e1ch.<\/p>\n<p><img loading=\"lazy\" decoding=\"async\" class=\"size-full wp-image-799 aligncenter\" src=\"https:\/\/fmp-components.com\/wp-content\/uploads\/2024\/12\/Stacker-Reclaimer-Skeleton-Pitch-Cylinder.webp\" alt=\"Valec na nakl\u00e1panie kostry stohova\u010da\" width=\"500\" height=\"200\" title=\"\" srcset=\"https:\/\/fmp-components.com\/wp-content\/uploads\/2024\/12\/Stacker-Reclaimer-Skeleton-Pitch-Cylinder.webp 500w, https:\/\/fmp-components.com\/wp-content\/uploads\/2024\/12\/Stacker-Reclaimer-Skeleton-Pitch-Cylinder-480x192.webp 480w\" sizes=\"(min-width: 0px) and (max-width: 480px) 480px, (min-width: 481px) 500px, 100vw\" \/><\/p>\n<table style=\"width: 91.0504%; height: 178px;\" border=\"1\" cellspacing=\"0\" cellpadding=\"0\">\n<tbody>\n<tr style=\"height: 23px;\">\n<td style=\"height: 23px;\">N\u00e1zov produktu<\/td>\n<td style=\"height: 23px;\">Valec na nakl\u00e1panie kostry stohova\u010da<\/td>\n<\/tr>\n<tr style=\"height: 23px;\">\n<td style=\"height: 23px;\">Vlastnosti:<\/td>\n<td style=\"height: 23px;\">Uvedomte si akciu konzolov\u00e9ho nadhadzovania<\/td>\n<\/tr>\n<tr style=\"height: 23px;\">\n<td style=\"height: 23px;\">Priemer otvoru:<\/td>\n<td style=\"height: 23px;\">300 mm\uff5e400 m<\/td>\n<\/tr>\n<tr style=\"height: 47px;\">\n<td style=\"height: 47px;\">Priemer ty\u010de:<\/td>\n<td style=\"height: 47px;\">200 mm\uff5e320 mm<br \/>\nZdvih 1000 mm\uff5e4500 mm<\/td>\n<\/tr>\n<tr style=\"height: 23px;\">\n<td style=\"height: 23px;\">Tlak\uff1a<\/td>\n<td style=\"height: 23px;\">a\u017e 35 MPa<\/td>\n<\/tr>\n<tr style=\"height: 23px;\">\n<td style=\"height: 23px;\">Aplik\u00e1cie:<\/td>\n<td style=\"height: 23px;\">Recykl\u00e1tor stohova\u010dov<\/td>\n<\/tr>\n<\/tbody>\n<\/table>\n<p><img loading=\"lazy\" decoding=\"async\" class=\"alignnone  wp-image-807\" src=\"https:\/\/fmp-components.com\/wp-content\/uploads\/2024\/12\/Stacker-Reclaimer-Skeleton-Pitch-Cylinder-2.webp\" alt=\"Stohova\u010d-Zberate\u013e-Kostra-Stohovac\u00ed-Valec\" width=\"849\" height=\"433\" title=\"\"><\/p>\n<p><img loading=\"lazy\" decoding=\"async\" class=\"alignnone  wp-image-803\" src=\"https:\/\/fmp-components.com\/wp-content\/uploads\/2024\/12\/Stacker-Reclaimer-Skeleton-Pitch-Cylinder-1.webp\" alt=\"Valec na nakl\u00e1panie kostry stohova\u010da\" width=\"864\" height=\"259\" title=\"\" srcset=\"https:\/\/fmp-components.com\/wp-content\/uploads\/2024\/12\/Stacker-Reclaimer-Skeleton-Pitch-Cylinder-1.webp 864w, https:\/\/fmp-components.com\/wp-content\/uploads\/2024\/12\/Stacker-Reclaimer-Skeleton-Pitch-Cylinder-1-480x144.webp 480w\" sizes=\"(min-width: 0px) and (max-width: 480px) 480px, (min-width: 481px) 864px, 100vw\" \/><\/p>\n<h2>Stohova\u010d, Reclaimer, Chaser, Sklonov\u00fd valec<\/h2>\n<p>Hydraulick\u00fd valec s nastavite\u013en\u00fdm uhlom sklonu pre stohovacie a regenera\u010dn\u00e9 zariadenia je k\u013e\u00fa\u010dov\u00fd hydraulick\u00fd komponent pou\u017e\u00edvan\u00fd na ovl\u00e1danie uhla sklonu mechanizmu fr\u00e9zy v stohovac\u00edch a regenera\u010dn\u00fdch zariadeniach. Tento valec poskytuje potrebn\u00fa silu na presn\u00e9 nastavenie, \u010do umo\u017e\u0148uje fr\u00e9ze efekt\u00edvne stohova\u0165 a regenerova\u0165 sypk\u00e9 materi\u00e1ly, ako je uhlie, \u017eelezn\u00e1 ruda a obilie. Je vyroben\u00fd z vysokopevnostn\u00fdch materi\u00e1lov a je navrhnut\u00fd tak, aby odolal n\u00e1ro\u010dn\u00fdm podmienkam priemyseln\u00e9ho prostredia, \u010d\u00edm zais\u0165uje odolnos\u0165 a spo\u013eahliv\u00fd v\u00fdkon pri zna\u010dnom za\u0165a\u017een\u00ed. Plynul\u00fd hydraulick\u00fd chod umo\u017e\u0148uje r\u00fdchle a presn\u00e9 polohovanie, \u010d\u00edm zvy\u0161uje prev\u00e1dzkov\u00fa efektivitu a bezpe\u010dnos\u0165 po\u010das manipul\u00e1cie s materi\u00e1lom. Tento valec s nastavite\u013en\u00fdm uhlom sklonu je nevyhnutn\u00fd pre optimaliz\u00e1ciu funk\u010dnosti stohovac\u00edch a regenera\u010dn\u00fdch zariaden\u00ed, \u010d\u00edm sa v\u00fdrazne zlep\u0161uje \u00fa\u010dinnos\u0165 syst\u00e9mov riadenia sypk\u00e9ho materi\u00e1lu.<\/p>\n<p><img loading=\"lazy\" decoding=\"async\" class=\"size-full wp-image-798 aligncenter\" src=\"https:\/\/fmp-components.com\/wp-content\/uploads\/2024\/12\/Stacker-Reclaimer-Chaser-Pitch-Cylinder.webp\" alt=\"Stohova\u010d, Reclaimer, Chaser, Sklonov\u00fd valec\" width=\"500\" height=\"200\" title=\"\" srcset=\"https:\/\/fmp-components.com\/wp-content\/uploads\/2024\/12\/Stacker-Reclaimer-Chaser-Pitch-Cylinder.webp 500w, https:\/\/fmp-components.com\/wp-content\/uploads\/2024\/12\/Stacker-Reclaimer-Chaser-Pitch-Cylinder-480x192.webp 480w\" sizes=\"(min-width: 0px) and (max-width: 480px) 480px, (min-width: 481px) 500px, 100vw\" \/><\/p>\n<table style=\"width: 93.3894%; height: 160px;\" border=\"1\" cellspacing=\"0\" cellpadding=\"0\">\n<tbody>\n<tr>\n<td>N\u00e1zov produktu<\/td>\n<td>Stohova\u010d, Reclaimer, Chaser, Sklonov\u00fd valec<\/td>\n<\/tr>\n<tr>\n<td>Vlastnosti:<\/td>\n<td>Uvedomte si k\u00fdvanie mechanizmu chvostov\u00e9ho p\u00e1su<\/td>\n<\/tr>\n<tr>\n<td>Priemer otvoru:<\/td>\n<td>300 mm\uff5e400 m<\/td>\n<\/tr>\n<tr>\n<td>Priemer ty\u010de:<\/td>\n<td>200 mm\uff5e320 mm<br \/>\nZdvih 1000 mm\uff5e4500 mm<\/td>\n<\/tr>\n<tr>\n<td>Tlak\uff1a<\/td>\n<td>a\u017e 35 MPa<\/td>\n<\/tr>\n<tr>\n<td>Aplik\u00e1cie:<\/td>\n<td>Recykl\u00e1tor stohova\u010dov<\/td>\n<\/tr>\n<\/tbody>\n<\/table>\n<p><img loading=\"lazy\" decoding=\"async\" class=\"alignnone  wp-image-808\" src=\"https:\/\/fmp-components.com\/wp-content\/uploads\/2024\/12\/Stacker-Reclaimer-Chaser-Pitch-Cylinders-1-1.webp\" alt=\"Stohova\u010d-Reclaimer-Chaser-Pitch-Cylindri-1\" width=\"860\" height=\"475\" title=\"\"><\/p>\n<p><img loading=\"lazy\" decoding=\"async\" class=\"alignnone  wp-image-802\" src=\"https:\/\/fmp-components.com\/wp-content\/uploads\/2024\/12\/Stacker-Reclaimer-Chaser-Pitch-Cylinder-1.webp\" alt=\"Stohova\u010d, Reclaimer, Chaser, Sklonov\u00fd valec\" width=\"871\" height=\"289\" title=\"\" srcset=\"https:\/\/fmp-components.com\/wp-content\/uploads\/2024\/12\/Stacker-Reclaimer-Chaser-Pitch-Cylinder-1.webp 871w, https:\/\/fmp-components.com\/wp-content\/uploads\/2024\/12\/Stacker-Reclaimer-Chaser-Pitch-Cylinder-1-480x159.webp 480w\" sizes=\"(min-width: 0px) and (max-width: 480px) 480px, (min-width: 481px) 871px, 100vw\" \/><\/p>\n<h2>Nap\u00ednac\u00ed valec reme\u0148a stohova\u010da<\/h2>\n<p>Nap\u00ednac\u00ed valec p\u00e1su stohova\u010da a regener\u00e1tora je z\u00e1kladn\u00fd hydraulick\u00fd komponent ur\u010den\u00fd na udr\u017eiavanie spr\u00e1vneho napnutia dopravn\u00fdch p\u00e1sov stohova\u010dov a regener\u00e1torov. Tento valec poskytuje potrebn\u00fa silu na nastavenie a udr\u017eiavanie napnutia p\u00e1su, \u010d\u00edm zabezpe\u010duje optim\u00e1lny v\u00fdkon po\u010das stohovania a regener\u00e1cie sypk\u00fdch materi\u00e1lov, ako s\u00fa uhlie, obilie a miner\u00e1ly. Je vyroben\u00fd z vysokopevnostn\u00fdch materi\u00e1lov a je navrhnut\u00fd tak, aby odolal pr\u00edsnym po\u017eiadavk\u00e1m priemyseln\u00e9ho prostredia a pon\u00faka odolnos\u0165 a spo\u013eahlivos\u0165 pri vysok\u00fdch za\u0165a\u017eeniach. Plynul\u00fd hydraulick\u00fd chod umo\u017e\u0148uje presn\u00e9 nastavenie, zvy\u0161uje prev\u00e1dzkov\u00fa efektivitu a zabra\u0148uje sk\u013aznutiu alebo opotrebovaniu p\u00e1su. Tento nap\u00ednac\u00ed valec je k\u013e\u00fa\u010dov\u00fd pre optimaliz\u00e1ciu v\u00fdkonu a \u017eivotnosti dopravn\u00edkov\u00fdch syst\u00e9mov v aplik\u00e1ci\u00e1ch manipul\u00e1cie s sypk\u00fdm materi\u00e1lom.<\/p>\n<p><img loading=\"lazy\" decoding=\"async\" class=\"size-full wp-image-797 aligncenter\" src=\"https:\/\/fmp-components.com\/wp-content\/uploads\/2024\/12\/Stacker-Reclaimer-Belt-Tensioning-Cylinder.webp\" alt=\"Nap\u00ednac\u00ed valec reme\u0148a stohova\u010da\" width=\"500\" height=\"200\" title=\"\" srcset=\"https:\/\/fmp-components.com\/wp-content\/uploads\/2024\/12\/Stacker-Reclaimer-Belt-Tensioning-Cylinder.webp 500w, https:\/\/fmp-components.com\/wp-content\/uploads\/2024\/12\/Stacker-Reclaimer-Belt-Tensioning-Cylinder-480x192.webp 480w\" sizes=\"(min-width: 0px) and (max-width: 480px) 480px, (min-width: 481px) 500px, 100vw\" \/><\/p>\n<table style=\"width: 93.3905%; height: 211px;\" border=\"1\" cellspacing=\"0\" cellpadding=\"0\">\n<tbody>\n<tr style=\"height: 47px;\">\n<td style=\"height: 47px;\">N\u00e1zov produktu<\/td>\n<td style=\"height: 47px;\">Nap\u00ednac\u00ed valec reme\u0148a stohova\u010da<\/td>\n<\/tr>\n<tr style=\"height: 23px;\">\n<td style=\"height: 23px;\">Vlastnosti:<\/td>\n<td style=\"height: 23px;\">Uvedomte si napnutie a v\u00f4\u013eu reme\u0148a<\/td>\n<\/tr>\n<tr style=\"height: 47px;\">\n<td style=\"height: 47px;\">Priemer otvoru:<\/td>\n<td style=\"height: 47px;\">80 mm\uff5e180 m<\/td>\n<\/tr>\n<tr style=\"height: 47px;\">\n<td style=\"height: 47px;\">Priemer ty\u010de:<\/td>\n<td style=\"height: 47px;\">45 mm\uff5e120 mm<br \/>\nZdvih 500 mm\uff5e1500 mm<\/td>\n<\/tr>\n<tr style=\"height: 23px;\">\n<td style=\"height: 23px;\">Tlak\uff1a<\/td>\n<td style=\"height: 23px;\">a\u017e 35 MPa<\/td>\n<\/tr>\n<tr style=\"height: 23px;\">\n<td style=\"height: 23px;\">Aplik\u00e1cie:<\/td>\n<td style=\"height: 23px;\">Recykl\u00e1tor stohova\u010dov<\/td>\n<\/tr>\n<\/tbody>\n<\/table>\n<h2><img loading=\"lazy\" decoding=\"async\" class=\"alignnone  wp-image-801\" src=\"https:\/\/fmp-components.com\/wp-content\/uploads\/2024\/12\/Stacker-Reclaimer-Belt-Tensioning-Cylinder-1.webp\" alt=\"Nap\u00ednac\u00ed valec reme\u0148a stohova\u010da\" width=\"865\" height=\"255\" title=\"\" srcset=\"https:\/\/fmp-components.com\/wp-content\/uploads\/2024\/12\/Stacker-Reclaimer-Belt-Tensioning-Cylinder-1.webp 865w, https:\/\/fmp-components.com\/wp-content\/uploads\/2024\/12\/Stacker-Reclaimer-Belt-Tensioning-Cylinder-1-480x141.webp 480w\" sizes=\"(min-width: 0px) and (max-width: 480px) 480px, (min-width: 481px) 865px, 100vw\" \/>V\u00fdhody hydraulick\u00e9ho valca pre recykl\u00e1ciu stohova\u010dov<\/h2>\n<p>Hydraulick\u00fd valec pre stohovacie zariadenia pon\u00faka nieko\u013eko k\u013e\u00fa\u010dov\u00fdch v\u00fdhod, ktor\u00e9 zvy\u0161uj\u00fa v\u00fdkon a spo\u013eahlivos\u0165 stohovac\u00edch zariaden\u00ed pri manipul\u00e1cii s sypk\u00fdm materi\u00e1lom.<\/p>\n<ol>\n<li><strong>Vysok\u00e1 nosnos\u0165:<\/strong> Tento hydraulick\u00fd valec, navrhnut\u00fd na manipul\u00e1ciu s ve\u013ek\u00fdmi hmotnos\u0165ami, zais\u0165uje bezpe\u010dn\u00fa a efekt\u00edvnu prev\u00e1dzku pri zdv\u00edhan\u00ed \u0165a\u017ek\u00fdch bremien a manipul\u00e1cii s materi\u00e1lom, \u010do je k\u013e\u00fa\u010dov\u00e9 pre efekt\u00edvny v\u00fdkon v priemyselnom prostred\u00ed.<\/li>\n<li><strong>Presn\u00e9 ovl\u00e1danie:<\/strong> Hydraulick\u00fd syst\u00e9m umo\u017e\u0148uje plynul\u00e9 a presn\u00e9 nastavenie, \u010do obsluhe umo\u017e\u0148uje efekt\u00edvne umiestni\u0165 stohova\u010d a naklada\u010d. T\u00e1to presnos\u0165 zni\u017euje riziko neh\u00f4d a zlep\u0161uje celkov\u00fa prev\u00e1dzkov\u00fa efektivitu.<\/li>\n<li><strong>Robustn\u00e1 kon\u0161trukcia:<\/strong> Hydraulick\u00fd valec je vyroben\u00fd z vysokopevnostn\u00fdch materi\u00e1lov a je skon\u0161truovan\u00fd tak, aby odolal n\u00e1ro\u010dn\u00fdm priemyseln\u00fdm podmienkam vr\u00e1tane vystavenia abraz\u00edvnym materi\u00e1lom, vlhkosti a extr\u00e9mnym teplot\u00e1m, \u010d\u00edm zais\u0165uje odolnos\u0165 a dlhotrvaj\u00faci v\u00fdkon.<\/li>\n<li><strong>Vylep\u0161en\u00e9 bezpe\u010dnostn\u00e9 funkcie:<\/strong> Hydraulick\u00fd valec je vybaven\u00fd bezpe\u010dnostn\u00fdmi mechanizmami, ktor\u00e9 zabra\u0148uj\u00fa pre\u0165a\u017eeniu a zais\u0165uj\u00fa bezpe\u010dn\u00fa prev\u00e1dzku, a chr\u00e1ni tak obsluhu aj zariadenie po\u010das manipul\u00e1cie s materi\u00e1lom.<\/li>\n<li><strong>Efekt\u00edvna prev\u00e1dzka:<\/strong> Plynul\u00fd hydraulick\u00fd chod minimalizuje opotrebovanie valca aj regener\u00e1tora stohova\u010da, \u010do prispieva k zn\u00ed\u017eeniu po\u017eiadaviek na \u00fadr\u017ebu a zv\u00fd\u0161eniu produktivity.<\/li>\n<li><strong>V\u0161estrann\u00e9 pou\u017eitie:<\/strong> Tento hydraulick\u00fd valec je vhodn\u00fd pre r\u00f4zne konfigur\u00e1cie stohovac\u00edch naklada\u010dov a dok\u00e1\u017ee sa prisp\u00f4sobi\u0165 r\u00f4znym prev\u00e1dzkov\u00fdm potreb\u00e1m, v\u010faka \u010domu je ide\u00e1lny pre \u0161irok\u00fa \u0161k\u00e1lu aplik\u00e1ci\u00ed manipul\u00e1cie s hromadn\u00fdm materi\u00e1lom.<\/li>\n<li><strong>N\u00edzke n\u00e1roky na \u00fadr\u017ebu:<\/strong> Je navrhnut\u00fd s oh\u013eadom na minim\u00e1lne opotrebenie, zni\u017euje frekvenciu \u00fadr\u017eby a prestojov, \u010do vedie k ni\u017e\u0161\u00edm prev\u00e1dzkov\u00fdm n\u00e1kladom a zv\u00fd\u0161enej produktivite.<\/li>\n<li><strong>Vylep\u0161en\u00e1 manipul\u00e1cia s materi\u00e1lom:<\/strong> Udr\u017eiavan\u00edm optim\u00e1lneho napnutia a polohy komponentov hydraulick\u00fd valec zvy\u0161uje efektivitu stohovac\u00edch a regenera\u010dn\u00fdch oper\u00e1ci\u00ed, \u010do prispieva k lep\u0161ej celkovej spr\u00e1ve sypk\u00fdch materi\u00e1lov.<\/li>\n<\/ol>\n<p>Stru\u010dne povedan\u00e9, hydraulick\u00fd valec pre stohovacie zdv\u00edha\u010de je nevyhnutn\u00fd pre optimaliz\u00e1ciu \u00fa\u010dinnosti, bezpe\u010dnosti a spo\u013eahlivosti stohovac\u00edch zdv\u00edha\u010dov, \u010d\u00edm sa v\u00fdrazne zvy\u0161uje ich v\u00fdkon v r\u00f4znych priemyseln\u00fdch aplik\u00e1ci\u00e1ch.<\/p>\n<p><img loading=\"lazy\" decoding=\"async\" class=\"alignnone  wp-image-805\" src=\"https:\/\/fmp-components.com\/wp-content\/uploads\/2024\/12\/Chaser-Pitch-Cylinder-for-Stacker-Reclaimer.webp\" alt=\"Valec Chaser-Pitch-Cylinder-for-Stacker-Reclaimer\" width=\"911\" height=\"501\" title=\"\"><\/p>\n<h3>O FMP<\/h3>\n<p>FMP je \u0161pecializovan\u00e1 spolo\u010dnos\u0165 zaoberaj\u00faca sa stroj\u00e1rskou v\u00fdrobou hydraulick\u00fdch valcov. Od svojho zalo\u017eenia sa spolo\u010dnos\u0165 zameriava na v\u00fdskum a v\u00fdrobu hydraulick\u00fdch technol\u00f3gi\u00ed a \u00faspe\u0161ne pre\u0161la z rozmanit\u00e9ho sortimentu produktov, ktor\u00fd zah\u0155\u0148al zberov\u00e9 a stavebn\u00e9 stroje, na \u0161pecializ\u00e1ciu na komponenty po\u013enohospod\u00e1rskych traktorov. S viac ako desa\u0165ro\u010dn\u00fdmi sk\u00fasenos\u0165ami vo v\u00fdrobe a riaden\u00ed zabezpe\u010duje FMP vysoko kvalitn\u00e9 produkty prostredn\u00edctvom pokro\u010dil\u00fdch v\u00fdrobn\u00fdch techn\u00edk.<\/p>\n<p>Ako sa spolo\u010dnos\u0165 vyv\u00edjala, vyvinula komplexn\u00fa obr\u00e1baciu v\u00fdrobn\u00fa linku, mont\u00e1\u017enu linku a linku na lakovanie. N\u00e1\u0161 t\u00edm pozost\u00e1va zo sk\u00fasen\u00fdch mana\u017e\u00e9rov, sk\u00fasen\u00fdch strojn\u00fdch kon\u0161trukt\u00e9rov a vysoko kvalifikovan\u00fdch technikov, ktor\u00ed spolo\u010dne pracuj\u00fa na udr\u017ean\u00ed stabilnej kvality v\u00fdroby a z\u00e1rove\u0148 efekt\u00edvnej kontrole kontinuity a efektivity procesov.<\/p>\n<p>Spolo\u010dnos\u0165 FMP sa riadi filozofiou \u201eTechnologick\u00e9 inov\u00e1cie poh\u00e1\u0148aj\u00face pokrok, kvalita vytv\u00e1raj\u00faca zna\u010dky, remeseln\u00e9 spracovanie zabezpe\u010duj\u00face kvalitu a budovanie dlhodob\u00fdch obojstranne v\u00fdhodn\u00fdch vz\u0165ahov\u201c. N\u00e1\u0161 z\u00e1v\u00e4zok poskytova\u0165 vysokokvalitn\u00e9 produkty a vynikaj\u00face slu\u017eby z\u00e1kazn\u00edkom zost\u00e1va hlavn\u00fdm cie\u013eom, ke\u010f\u017ee neust\u00e1le uspokojujeme vyv\u00edjaj\u00face sa potreby trhu.<\/p>\n<p><img loading=\"lazy\" decoding=\"async\" class=\"alignnone size-full wp-image-426\" src=\"https:\/\/fmp-components.com\/wp-content\/uploads\/2024\/12\/Sanitation-Machinery-Locking-Hydraulic-Cylinder-factory.webp\" sizes=\"(min-width: 0px) and (max-width: 480px) 480px, (min-width: 481px) and (max-width: 980px) 980px, (min-width: 981px) and (max-width: 1280px) 1280px, (min-width: 1281px) 1414px, 100vw\" srcset=\"https:\/\/fmp-components.com\/wp-content\/uploads\/2024\/12\/Sanitation-Machinery-Locking-Hydraulic-Cylinder-factory.webp 1414w, https:\/\/fmp-components.com\/wp-content\/uploads\/2024\/12\/Sanitation-Machinery-Locking-Hydraulic-Cylinder-factory-1280x529.webp 1280w, https:\/\/fmp-components.com\/wp-content\/uploads\/2024\/12\/Sanitation-Machinery-Locking-Hydraulic-Cylinder-factory-980x405.webp 980w, https:\/\/fmp-components.com\/wp-content\/uploads\/2024\/12\/Sanitation-Machinery-Locking-Hydraulic-Cylinder-factory-480x198.webp 480w\" alt=\"Sanit\u00e1rne stroje, uzamykacie hydraulick\u00e9 valce, tov\u00e1re\u0148\" width=\"1414\" height=\"584\" title=\"\"><\/p>\n<p>Autor: CX<\/p>","protected":false},"excerpt":{"rendered":"<p>Hydraulick\u00fd valec pre stohovacie a nakladacie zariadenia je k\u013e\u00fa\u010dov\u00fd hydraulick\u00fd komponent pou\u017e\u00edvan\u00fd v syst\u00e9moch manipul\u00e1cie s sypk\u00fdm materi\u00e1lom, navrhnut\u00fd tak, aby poskytoval potrebn\u00e9 zdv\u00edhacie a pohybov\u00e9 schopnosti pre stohovacie zariadenia a naklada\u010de. Tento valec umo\u017e\u0148uje presn\u00e9 ovl\u00e1danie polohy v\u00fdlo\u017en\u00edka a \u010fal\u0161\u00edch prev\u00e1dzkov\u00fdch mechanizmov, \u010do umo\u017e\u0148uje efekt\u00edvne stohovanie a nakladanie materi\u00e1lov, ako s\u00fa uhlie, obilie a miner\u00e1ly. Je vyroben\u00fd z vysokopevnostn\u00fdch materi\u00e1lov a je navrhnut\u00fd tak, aby odolal n\u00e1ro\u010dn\u00fdm podmienkam priemyseln\u00e9ho prostredia a zabezpe\u010dil odolnos\u0165 a spo\u013eahlivos\u0165 pri vysok\u00fdch za\u0165a\u017eeniach. Plynul\u00fd hydraulick\u00fd chod umo\u017e\u0148uje r\u00fdchle nastavenie a zvy\u0161uje prev\u00e1dzkov\u00fa efektivitu, v\u010faka \u010domu je nevyhnutn\u00fd pre optimaliz\u00e1ciu v\u00fdkonu stohovac\u00edch a nakladac\u00edch zariaden\u00ed v r\u00f4znych aplik\u00e1ci\u00e1ch vr\u00e1tane pr\u00edstavov, elektr\u00e1rn\u00ed a v\u00fdrobn\u00fdch zariaden\u00ed.<\/p>","protected":false},"featured_media":796,"comment_status":"open","ping_status":"closed","template":"","meta":{"_et_pb_use_builder":"","_et_pb_old_content":"","_et_gb_content_width":""},"product_brand":[],"product_cat":[28],"product_tag":[],"class_list":{"0":"post-791","1":"product","2":"type-product","3":"status-publish","4":"has-post-thumbnail","6":"product_cat-offshore-hydraulic-cylinders","8":"first","9":"instock","10":"shipping-taxable","11":"product-type-simple"},"_links":{"self":[{"href":"https:\/\/fmp-components.com\/sk\/wp-json\/wp\/v2\/product\/791","targetHints":{"allow":["GET"]}}],"collection":[{"href":"https:\/\/fmp-components.com\/sk\/wp-json\/wp\/v2\/product"}],"about":[{"href":"https:\/\/fmp-components.com\/sk\/wp-json\/wp\/v2\/types\/product"}],"replies":[{"embeddable":true,"href":"https:\/\/fmp-components.com\/sk\/wp-json\/wp\/v2\/comments?post=791"}],"wp:featuredmedia":[{"embeddable":true,"href":"https:\/\/fmp-components.com\/sk\/wp-json\/wp\/v2\/media\/796"}],"wp:attachment":[{"href":"https:\/\/fmp-components.com\/sk\/wp-json\/wp\/v2\/media?parent=791"}],"wp:term":[{"taxonomy":"product_brand","embeddable":true,"href":"https:\/\/fmp-components.com\/sk\/wp-json\/wp\/v2\/product_brand?post=791"},{"taxonomy":"product_cat","embeddable":true,"href":"https:\/\/fmp-components.com\/sk\/wp-json\/wp\/v2\/product_cat?post=791"},{"taxonomy":"product_tag","embeddable":true,"href":"https:\/\/fmp-components.com\/sk\/wp-json\/wp\/v2\/product_tag?post=791"}],"curies":[{"name":"pracovn\u00fd list","href":"https:\/\/api.w.org\/{rel}","templated":true}]}}