{"id":7898,"date":"2025-04-09T08:43:15","date_gmt":"2025-04-09T08:43:15","guid":{"rendered":"https:\/\/fmp-components.com\/?post_type=product&#038;p=7898"},"modified":"2025-04-14T08:55:11","modified_gmt":"2025-04-14T08:55:11","slug":"internal-ring-gear","status":"publish","type":"product","link":"https:\/\/fmp-components.com\/sk\/product\/internal-ring-gear\/","title":{"rendered":"Vn\u00fatorn\u00fd ozuben\u00fd veniec"},"content":{"rendered":"<h2>Pochopenie vn\u00fatorn\u00fdch ozuben\u00fdch kolies<\/h2>\n<div><\/div>\n<div>Intern\u00e9 <a href=\"https:\/\/fmp-components.com\/sk\/ring-gear\/\">ozuben\u00e9 koles\u00e1<\/a> s\u00fa z\u00e1kladn\u00fdmi komponentmi mechanick\u00fdch syst\u00e9mov ur\u010den\u00fdch na zn\u00ed\u017eenie r\u00fdchlosti a zv\u00fd\u0161enie kr\u00fatiaceho momentu v aplik\u00e1ci\u00e1ch s radov\u00fdmi hriade\u013emi. Na rozdiel od vonkaj\u0161\u00edch ozuben\u00fdch kolies maj\u00fa tieto valcov\u00e9 ozuben\u00e9 koles\u00e1 zuby vyrezan\u00e9 do vn\u00fatorn\u00e9ho priemeru, \u010do im umo\u017e\u0148uje bezprobl\u00e9mov\u00fd z\u00e1ber s \u010deln\u00fdmi ozuben\u00fdmi kolesami alebo pastorkami. T\u00e1to kon\u0161trukcia umo\u017e\u0148uje hnaciemu pastorku ot\u00e1\u010da\u0165 sa vo vn\u00fatri ozuben\u00e9ho kolesa, \u010do zais\u0165uje plynul\u00fd a efekt\u00edvny v\u00fdkon. Vn\u00fatorn\u00e9 ozuben\u00e9 koles\u00e1 sa \u0161iroko pou\u017e\u00edvaj\u00fa v plan\u00e9tov\u00fdch prevodov\u00fdch syst\u00e9moch, ozuben\u00fdch spojk\u00e1ch a in\u00fdch zariadeniach vy\u017eaduj\u00facich kompaktn\u00e9 rie\u0161enia s vysok\u00fdm kr\u00fatiacim momentom. V\u00fdroba t\u00fdchto ozuben\u00fdch kolies zvy\u010dajne zah\u0155\u0148a obr\u00e1\u017eacie stroje na ozuben\u00e9 koles\u00e1 s fr\u00e9zami na pastorky, hoci modern\u00e9 techniky, ako je br\u00fasenie, zv\u00fd\u0161ili efektivitu v\u00fdroby. Ich zlo\u017eit\u00e1 geometria v\u0161ak predstavuje v\u00fdzvy \u2013 najm\u00e4 pre ten\u0161ie ozuben\u00e9 koles\u00e1, ktor\u00e9 m\u00f4\u017eu \u010deli\u0165 probl\u00e9mom so \u0161truktur\u00e1lnou integritou alebo nam\u00e1haniu pri obr\u00e1ban\u00ed.<\/div>\n<h3>\u0160pecifik\u00e1cia<\/h3>\n<p>Vn\u00fatorn\u00e9 ozuben\u00e9 koleso s ozuben\u00fdm lemom na vn\u00fatornom povrchu r\u00e1fika.<\/p>\n<table border=\"1\" width=\"881\" cellspacing=\"0\" cellpadding=\"0\">\n<tbody>\n<tr>\n<td height=\"39\">Produkty<\/td>\n<td>Vn\u00fatorn\u00fd ozuben\u00fd veniec<\/td>\n<\/tr>\n<tr>\n<td height=\"39\">Vyroben\u00e9 na mieru<\/td>\n<td>\u221a<\/td>\n<\/tr>\n<tr>\n<td height=\"39\">Typ profilu ozuben\u00e9ho kolesa<\/td>\n<td>Valcov\u00e9 ozuben\u00e9 koleso<\/td>\n<\/tr>\n<tr>\n<td height=\"39\">V\u00fdroba ozuben\u00fdch kolies<\/td>\n<td>Tvarovanie ozuben\u00fdch kolies<\/td>\n<\/tr>\n<tr>\n<td height=\"39\">Br\u00fasenie zubov ozuben\u00fdch kolies<\/td>\n<td>* Ak je to potrebn\u00e9<\/td>\n<\/tr>\n<tr>\n<td height=\"39\">Modul (M)<\/td>\n<td>Vlastn\u00e9<\/td>\n<\/tr>\n<tr>\n<td height=\"39\">Po\u010det zubov (Z)<\/td>\n<td>Vlastn\u00e9<\/td>\n<\/tr>\n<tr>\n<td>Uhol tlaku (\u03b1)<\/td>\n<td>Vlastn\u00e9<\/td>\n<\/tr>\n<tr>\n<td height=\"31\">Uhol \u0161pir\u00e1ly (\u03b2)<\/td>\n<td>Vlastn\u00e9<\/td>\n<\/tr>\n<tr>\n<td height=\"23\">Stupe\u0148 presnosti zubov<\/td>\n<td>Trieda ISO 8-9<\/td>\n<\/tr>\n<tr>\n<td height=\"15\">Tepeln\u00e9 spracovanie<\/td>\n<td>Kalenie a pop\u00fa\u0161\u0165anie\/induk\u010dn\u00e9 kalenie<\/td>\n<\/tr>\n<tr>\n<td>Tvrdos\u0165<\/td>\n<td>230 \u2013 260 HB<\/td>\n<\/tr>\n<\/tbody>\n<\/table>\n<p>&nbsp;<\/p>\n<table style=\"width: 99.1544%;\" border=\"1\" width=\"796\" cellspacing=\"0\" cellpadding=\"0\">\n<tbody>\n<tr>\n<td style=\"width: 116.377%;\" colspan=\"6\" height=\"36\">POROVNANIE KLASIFIKA\u010cN\u00ddCH TRIEDN\u00ddCH OZNA\u010cEN\u00cd OCELE<\/td>\n<\/tr>\n<tr>\n<td style=\"width: 18.5139%;\" height=\"36\">\u010c\u00cdNA\/VB<\/td>\n<td style=\"width: 18.136%;\">ISO<\/td>\n<td style=\"width: 17.3804%;\">GOST<\/td>\n<td style=\"width: 10.0756%;\">ASTM<\/td>\n<td style=\"width: 16.4987%;\">JIS<\/td>\n<td style=\"width: 35.7722%;\">DIN<\/td>\n<\/tr>\n<tr>\n<td style=\"width: 18.5139%;\" height=\"36\">45<\/td>\n<td style=\"width: 18.136%;\">C45E4<\/td>\n<td style=\"width: 17.3804%;\">45<\/td>\n<td style=\"width: 10.0756%;\">1045<\/td>\n<td style=\"width: 16.4987%;\">S45C<\/td>\n<td style=\"width: 35.7722%;\">CK45<\/td>\n<\/tr>\n<tr>\n<td style=\"width: 18.5139%;\" height=\"36\">40Cr<\/td>\n<td style=\"width: 18.136%;\">41Cr4<\/td>\n<td style=\"width: 17.3804%;\">40-n\u00e1sobok<\/td>\n<td style=\"width: 10.0756%;\">5140<\/td>\n<td style=\"width: 16.4987%;\">SCR440<\/td>\n<td style=\"width: 35.7722%;\">41Cr4<\/td>\n<\/tr>\n<tr>\n<td style=\"width: 18.5139%;\" height=\"36\">20CrMo<\/td>\n<td style=\"width: 18.136%;\">18CrMo4<\/td>\n<td style=\"width: 17.3804%;\">20XM<\/td>\n<td style=\"width: 10.0756%;\">4118<\/td>\n<td style=\"width: 16.4987%;\">SCM22<\/td>\n<td style=\"width: 35.7722%;\">25CrMo4<\/td>\n<\/tr>\n<tr>\n<td style=\"width: 18.5139%;\" height=\"36\">42CrMo<\/td>\n<td style=\"width: 18.136%;\">42CrMo4<\/td>\n<td style=\"width: 17.3804%;\">38XM<\/td>\n<td style=\"width: 10.0756%;\">4140<\/td>\n<td style=\"width: 16.4987%;\">SCM440<\/td>\n<td style=\"width: 35.7722%;\">42CrMo4<\/td>\n<\/tr>\n<tr>\n<td style=\"width: 18.5139%;\" height=\"36\">20CrMnTi<\/td>\n<td style=\"width: 18.136%;\"><\/td>\n<td style=\"width: 17.3804%;\">18X\u0413T<\/td>\n<td style=\"width: 10.0756%;\"><\/td>\n<td style=\"width: 16.4987%;\">SMK22<\/td>\n<td style=\"width: 35.7722%;\"><\/td>\n<\/tr>\n<tr>\n<td style=\"width: 18.5139%;\" height=\"36\">20Cr2Ni4<\/td>\n<td style=\"width: 18.136%;\"><\/td>\n<td style=\"width: 17.3804%;\">20X2H4A<\/td>\n<td style=\"width: 10.0756%;\"><\/td>\n<td style=\"width: 16.4987%;\"><\/td>\n<td style=\"width: 35.7722%;\"><\/td>\n<\/tr>\n<tr>\n<td style=\"width: 18.5139%;\" height=\"36\">20CrNiMo<\/td>\n<td style=\"width: 18.136%;\">20CrNiMo2<\/td>\n<td style=\"width: 17.3804%;\">20XHM<\/td>\n<td style=\"width: 10.0756%;\">8720<\/td>\n<td style=\"width: 16.4987%;\">SNCM220<\/td>\n<td style=\"width: 35.7722%;\">21NiCrMo2<\/td>\n<\/tr>\n<tr>\n<td style=\"width: 18.5139%;\" height=\"36\">40CrNiMoA<\/td>\n<td style=\"width: 18.136%;\"><\/td>\n<td style=\"width: 17.3804%;\">40XH2MA\/<br \/>\n40XHMA<\/td>\n<td style=\"width: 10.0756%;\">4340<\/td>\n<td style=\"width: 16.4987%;\">SNCM439<\/td>\n<td style=\"width: 35.7722%;\">40NiCrMo6\/<br \/>\n36NiCrMo4<\/td>\n<\/tr>\n<tr>\n<td style=\"width: 18.5139%;\" height=\"36\">20CrNi2Mo<\/td>\n<td style=\"width: 18.136%;\">20NiCrMo7<\/td>\n<td style=\"width: 17.3804%;\">20XH2MA<\/td>\n<td style=\"width: 10.0756%;\">4320<\/td>\n<td style=\"width: 16.4987%;\">SNCM420<\/td>\n<td style=\"width: 35.7722%;\"><\/td>\n<\/tr>\n<\/tbody>\n<\/table>\n<p><img loading=\"lazy\" decoding=\"async\" class=\"alignnone size-full wp-image-7899\" src=\"https:\/\/fmp-components.com\/wp-content\/uploads\/2025\/04\/internal-ring-gear-product-image.webp\" alt=\"obr\u00e1zok produktu s vn\u00fatorn\u00fdm ozuben\u00fdm vencom\" width=\"2000\" height=\"1400\" title=\"\" srcset=\"https:\/\/fmp-components.com\/wp-content\/uploads\/2025\/04\/internal-ring-gear-product-image.webp 2000w, https:\/\/fmp-components.com\/wp-content\/uploads\/2025\/04\/internal-ring-gear-product-image-1280x896.webp 1280w, https:\/\/fmp-components.com\/wp-content\/uploads\/2025\/04\/internal-ring-gear-product-image-980x686.webp 980w, https:\/\/fmp-components.com\/wp-content\/uploads\/2025\/04\/internal-ring-gear-product-image-480x336.webp 480w\" sizes=\"(min-width: 0px) and (max-width: 480px) 480px, (min-width: 481px) and (max-width: 980px) 980px, (min-width: 981px) and (max-width: 1280px) 1280px, (min-width: 1281px) 2000px, 100vw\" \/><\/p>\n<h2>Preh\u013eady dizajnu a aplik\u00e1ci\u00ed<\/h2>\n<div>V\u00fdkon ozuben\u00e9ho kolesa s vn\u00fatorn\u00fdm vencom z\u00e1vis\u00ed od k\u013e\u00fa\u010dov\u00fdch parametrov, ako je vonkaj\u0161\u00ed priemer, hr\u00fabka a profil zuba. Dostato\u010dne ve\u013ek\u00fd vonkaj\u0161\u00ed priemer zais\u0165uje \u0161truktur\u00e1lnu stabilitu, zatia\u013e \u010do primeran\u00e1 hr\u00fabka zabra\u0148uje nadmern\u00e9mu nam\u00e1haniu po\u010das prev\u00e1dzky. Tieto ozuben\u00e9 koles\u00e1 m\u00f4\u017eu by\u0165 vyroben\u00e9 z materi\u00e1lov, ako je oce\u013e, mosadz, bronz alebo plast, s kalen\u00edm na z\u00e1klade potrieb pevnosti a odolnosti. Pri p\u00e1rovan\u00ed s \u010deln\u00fdm ozuben\u00fdm kolesom alebo pastorkom je kritick\u00e1 kompatibilita st\u00fapania, uhla tlaku a uhla skrutkovice (pre \u0161pir\u00e1lov\u00e9 ozuben\u00e9 koles\u00e1), spolu s kontrolami evolventn\u00fdch, trochoidn\u00fdch a trimovac\u00edch interferenci\u00ed, aby sa zabezpe\u010dila bezchybn\u00e1 funk\u010dnos\u0165. Vn\u00fatorn\u00e9 ozuben\u00e9 koles\u00e1 vynikaj\u00fa v plan\u00e9tov\u00fdch prevodov\u00fdch pohonoch, pon\u00fakaj\u00fa r\u00f4zne prevodov\u00e9 pomery r\u00fdchlosti a smery ot\u00e1\u010dania v z\u00e1vislosti od konfigur\u00e1cie, v\u010faka \u010domu s\u00fa v\u0161estrannou vo\u013ebou v r\u00f4znych odvetviach.<\/div>\n<div><img loading=\"lazy\" decoding=\"async\" class=\"size-full wp-image-7913 aligncenter\" src=\"https:\/\/fmp-components.com\/wp-content\/uploads\/2025\/04\/internal_spur_ring_gear.webp\" alt=\"vn\u00fatorn\u00fd_ozuben\u00fd_kruh_s_\u010deln\u00fdm_prevodom\" width=\"1024\" height=\"764\" title=\"\" srcset=\"https:\/\/fmp-components.com\/wp-content\/uploads\/2025\/04\/internal_spur_ring_gear.webp 1024w, https:\/\/fmp-components.com\/wp-content\/uploads\/2025\/04\/internal_spur_ring_gear-980x731.webp 980w, https:\/\/fmp-components.com\/wp-content\/uploads\/2025\/04\/internal_spur_ring_gear-480x358.webp 480w\" sizes=\"(min-width: 0px) and (max-width: 480px) 480px, (min-width: 481px) and (max-width: 980px) 980px, (min-width: 981px) 1024px, 100vw\" \/><\/div>\n<div>\n<h2>FMP: V\u00e1\u0161 d\u00f4veryhodn\u00fd partner v Taliansku<\/h2>\n<p>V spolo\u010dnosti FMP sme hrd\u00ed na to, \u017ee vyr\u00e1bame \u0161irok\u00fa \u0161k\u00e1lu vn\u00fatorn\u00fdch ozuben\u00fdch kolies, ktor\u00e9 sp\u013a\u0148aj\u00fa priemyseln\u00e9 po\u017eiadavky v celom Taliansku, od prosperuj\u00facich v\u00fdrobn\u00fdch centier v Mil\u00e1ne a\u017e po centr\u00e1 presn\u00e9ho in\u017einierstva v Ben\u00e1tkach, remeseln\u00e9 dielne vo Florencii a automobilov\u00fd sektor v Bologni. N\u00e1\u0161 sortiment zah\u0155\u0148a \u0161tandardn\u00e9 vn\u00fatorn\u00e9 ozuben\u00e9 koles\u00e1 v r\u00f4znych ve\u013ekostiach a \u0161pecifik\u00e1ci\u00e1ch, ale na\u0161ou silnou str\u00e1nkou je prisp\u00f4sobenie \u2013 prisp\u00f4sobenie rie\u0161en\u00ed va\u0161im presn\u00fdm potreb\u00e1m. Ak v na\u0161om zozname produktov nevid\u00edte po\u017eadovan\u00fd model, znamen\u00e1 to jednoducho, \u017ee sme ho e\u0161te neuviedli. Kontaktujte n\u00e1s e-mailom s va\u0161imi \u0161pecifik\u00e1ciami a na\u0161i sk\u00fasen\u00ed technici v\u00e1m do 24 hod\u00edn odpovedia s rie\u0161en\u00edm na mieru.<\/p>\n<p><img loading=\"lazy\" decoding=\"async\" class=\"size-full wp-image-7914 aligncenter\" src=\"https:\/\/fmp-components.com\/wp-content\/uploads\/2025\/04\/fmp-ring-gear-product.webp\" alt=\"produkt ozuben\u00e9ho vence fmp\" width=\"1040\" height=\"502\" title=\"\" srcset=\"https:\/\/fmp-components.com\/wp-content\/uploads\/2025\/04\/fmp-ring-gear-product.webp 1040w, https:\/\/fmp-components.com\/wp-content\/uploads\/2025\/04\/fmp-ring-gear-product-980x473.webp 980w, https:\/\/fmp-components.com\/wp-content\/uploads\/2025\/04\/fmp-ring-gear-product-480x232.webp 480w\" sizes=\"(min-width: 0px) and (max-width: 480px) 480px, (min-width: 481px) and (max-width: 980px) 980px, (min-width: 981px) 1040px, 100vw\" \/><\/p>\n<\/div>","protected":false},"excerpt":{"rendered":"<p>Understanding Internal Ring Gears Internal ring gears are essential components in mechanical systems designed to reduce speed and increase torque in inline shaft applications. Unlike external gears, these cylindrical gears feature teeth cut into the inside diameter, allowing them to mesh seamlessly with spur gears or pinions. This design enables the driving pinion to rotate [&hellip;]<\/p>","protected":false},"featured_media":7911,"comment_status":"open","ping_status":"closed","template":"","meta":{"_et_pb_use_builder":"","_et_pb_old_content":"","_et_gb_content_width":""},"product_brand":[],"product_cat":[114],"product_tag":[],"class_list":{"0":"post-7898","1":"product","2":"type-product","3":"status-publish","4":"has-post-thumbnail","6":"product_cat-ring-gear","8":"first","9":"instock","10":"shipping-taxable","11":"product-type-simple"},"_links":{"self":[{"href":"https:\/\/fmp-components.com\/sk\/wp-json\/wp\/v2\/product\/7898","targetHints":{"allow":["GET"]}}],"collection":[{"href":"https:\/\/fmp-components.com\/sk\/wp-json\/wp\/v2\/product"}],"about":[{"href":"https:\/\/fmp-components.com\/sk\/wp-json\/wp\/v2\/types\/product"}],"replies":[{"embeddable":true,"href":"https:\/\/fmp-components.com\/sk\/wp-json\/wp\/v2\/comments?post=7898"}],"wp:featuredmedia":[{"embeddable":true,"href":"https:\/\/fmp-components.com\/sk\/wp-json\/wp\/v2\/media\/7911"}],"wp:attachment":[{"href":"https:\/\/fmp-components.com\/sk\/wp-json\/wp\/v2\/media?parent=7898"}],"wp:term":[{"taxonomy":"product_brand","embeddable":true,"href":"https:\/\/fmp-components.com\/sk\/wp-json\/wp\/v2\/product_brand?post=7898"},{"taxonomy":"product_cat","embeddable":true,"href":"https:\/\/fmp-components.com\/sk\/wp-json\/wp\/v2\/product_cat?post=7898"},{"taxonomy":"product_tag","embeddable":true,"href":"https:\/\/fmp-components.com\/sk\/wp-json\/wp\/v2\/product_tag?post=7898"}],"curies":[{"name":"pracovn\u00fd list","href":"https:\/\/api.w.org\/{rel}","templated":true}]}}