{"id":7829,"date":"2025-04-08T07:33:38","date_gmt":"2025-04-08T07:33:38","guid":{"rendered":"https:\/\/fmp-components.com\/?post_type=product&#038;p=7829"},"modified":"2025-04-08T07:33:39","modified_gmt":"2025-04-08T07:33:39","slug":"differential-ring-and-pinion-gears10-bolt-fmp-c8-456","status":"publish","type":"product","link":"https:\/\/fmp-components.com\/sk\/product\/differential-ring-and-pinion-gears10-bolt-fmp-c8-456\/","title":{"rendered":"Ozuben\u00e9 koles\u00e1 diferenci\u00e1lu a pastorky (10 skrutiek) FMP-C8-456"},"content":{"rendered":"<h2>\u0160pecifik\u00e1cia<\/h2>\n<table style=\"width: 100%;\" border=\"1\" width=\"100%\" cellspacing=\"0\" cellpadding=\"0\">\n<thead>\n<tr>\n<th><strong>\u0160pecifik\u00e1cia<\/strong><\/th>\n<th><strong>Hodnota<\/strong><\/th>\n<\/tr>\n<\/thead>\n<tbody>\n<tr>\n<td>Model aplik\u00e1cie<\/td>\n<td>Chrysler 8<\/td>\n<\/tr>\n<tr>\n<td>Mno\u017estvo krytu skrutky<\/td>\n<td>10<\/td>\n<\/tr>\n<tr>\n<td>Preru\u0161enie diferenci\u00e1lneho nosi\u010da<\/td>\n<td>Pomer 3,54 a vy\u0161\u0161\u00ed<\/td>\n<\/tr>\n<tr>\n<td>Typ kon\u0161trukcie diferenci\u00e1lnej skrine<\/td>\n<td>Chrysler 8<\/td>\n<\/tr>\n<tr>\n<td>Prevodov\u00fd pomer<\/td>\n<td>4.56<\/td>\n<\/tr>\n<tr>\n<td>Mno\u017estvo zubov pastorka<\/td>\n<td>9<\/td>\n<\/tr>\n<tr>\n<td>Priemer hriade\u013ea pastorka<\/td>\n<td>1,406 (palca)<\/td>\n<\/tr>\n<tr>\n<td>Po\u010det dr\u00e1\u017eok pastorka<\/td>\n<td>27<\/td>\n<\/tr>\n<tr>\n<td>Mno\u017estvo skrutky ozuben\u00e9ho venca<\/td>\n<td>10<\/td>\n<\/tr>\n<tr>\n<td>Materi\u00e1l ozuben\u00e9ho vence<\/td>\n<td>8620 Oce\u013e<\/td>\n<\/tr>\n<tr>\n<td>Vonkaj\u0161\u00ed priemer ozuben\u00e9ho vence<\/td>\n<td>8 (palcov)<\/td>\n<\/tr>\n<tr>\n<td>Rot\u00e1cia ozuben\u00e9ho vence<\/td>\n<td>\u0160tandard<\/td>\n<\/tr>\n<tr>\n<td>Mno\u017estvo zubov ozuben\u00e9ho vence<\/td>\n<td>41<\/td>\n<\/tr>\n<tr>\n<td>Taxon\u00f3mia A<\/td>\n<td>LD diferenci\u00e1l<\/td>\n<\/tr>\n<tr>\n<td>Taxon\u00f3mia B<\/td>\n<td>Kr\u00fa\u017eok a pastorok<\/td>\n<\/tr>\n<tr>\n<td>Taxon\u00f3mia C<\/td>\n<td>Predn\u00e1 strana<\/td>\n<\/tr>\n<tr>\n<td>Taxon\u00f3mia D<\/td>\n<td>4.56<\/td>\n<\/tr>\n<\/tbody>\n<\/table>\n<div><img loading=\"lazy\" decoding=\"async\" class=\"size-full wp-image-7830 aligncenter\" src=\"https:\/\/fmp-components.com\/wp-content\/uploads\/2025\/04\/Differential-Ring-and-Pinion-10-Bolt-C8-456-6.webp\" alt=\"Diferenci\u00e1lny kr\u00fa\u017eok a pastorok (10 skrutiek) C8-456\" width=\"1500\" height=\"500\" title=\"\" srcset=\"https:\/\/fmp-components.com\/wp-content\/uploads\/2025\/04\/Differential-Ring-and-Pinion-10-Bolt-C8-456-6.webp 1500w, https:\/\/fmp-components.com\/wp-content\/uploads\/2025\/04\/Differential-Ring-and-Pinion-10-Bolt-C8-456-6-1280x427.webp 1280w, https:\/\/fmp-components.com\/wp-content\/uploads\/2025\/04\/Differential-Ring-and-Pinion-10-Bolt-C8-456-6-980x327.webp 980w, https:\/\/fmp-components.com\/wp-content\/uploads\/2025\/04\/Differential-Ring-and-Pinion-10-Bolt-C8-456-6-480x160.webp 480w\" sizes=\"(min-width: 0px) and (max-width: 480px) 480px, (min-width: 481px) and (max-width: 980px) 980px, (min-width: 981px) and (max-width: 1280px) 1280px, (min-width: 1281px) 1500px, 100vw\" \/><\/div>\n<div class=\"Message_messageMetadataContainer__nBPq7\">\n<h3 class=\"\" dir=\"auto\">FMP: Pr\u00e9miov\u00e9 rie\u0161enia pre ozuben\u00e9 koles\u00e1 a pastorky<\/h3>\n<p class=\"break-words\" dir=\"auto\">V spolo\u010dnosti FMP s hrdos\u0165ou vyr\u00e1bame \u0161pi\u010dkov\u00e9 sady ozuben\u00fdch kolies s pastorkom, ktor\u00e9 s\u00fa kompatibiln\u00e9 s 10,5-palcov\u00fdmi diferenci\u00e1lmi Ford a poskytuj\u00fa vodi\u010dom v\u00fdnimo\u010dn\u00fd v\u00fdkon v r\u00f4znych ter\u00e9noch. \u010ci u\u017e zdol\u00e1vate n\u00e1ro\u010dn\u00e9 ter\u00e9nne cesty alebo plynule jazd\u00edte po dia\u013enici, na\u0161e pr\u00e9miov\u00e9 sady ozuben\u00fdch kolies s\u00fa navrhnut\u00e9 tak, aby zlep\u0161ili v\u00e1\u0161 z\u00e1\u017eitok z jazdy. S viac ako 40-ro\u010dn\u00fdmi sk\u00fasenos\u0165ami sa spolo\u010dnos\u0165 FMP zaviazala poskytova\u0165 vysokokvalitn\u00e9 komponenty, ktor\u00e9 zvy\u0161uj\u00fa schopnosti vozidla a zabezpe\u010duj\u00fa, \u017ee si za volantom u\u017eijete v\u00fdkon aj presnos\u0165.<\/p>\n<p class=\"break-words\" dir=\"auto\">Na\u0161e ozuben\u00e9 koles\u00e1 s pastorkom pon\u00fakaj\u00fa cel\u00fd rad k\u013e\u00fa\u010dov\u00fdch v\u00fdhod prisp\u00f4soben\u00fdch va\u0161im potreb\u00e1m. S\u00fa vyroben\u00e9 z vysoko kvalitnej ocele pomocou pokro\u010dil\u00fdch procesov presn\u00e9ho rezania a tepeln\u00e9ho spracovania a poskytuj\u00fa vynikaj\u00facu pevnos\u0165 a odolnos\u0165, pri\u010dom sp\u013a\u0148aj\u00fa alebo prekra\u010duj\u00fa \u0161tandardy origin\u00e1lneho vybavenia. To zais\u0165uje spo\u013eahliv\u00fd v\u00fdkon v ka\u017edodenn\u00fdch jazdn\u00fdch podmienkach alebo v extr\u00e9mnych ter\u00e9nnych v\u00fdzvach. Optimalizovan\u00e9 prevodov\u00e9 pomery zlep\u0161uj\u00fa prenos kr\u00fatiaceho momentu pre lep\u0161iu trakciu, \u00fa\u010dinnos\u0165 \u0165ahania a ovl\u00e1danie a z\u00e1rove\u0148 zvy\u0161uj\u00fa spotrebu paliva pri dia\u013eni\u010dn\u00fdch r\u00fdchlostiach udr\u017eiavan\u00edm ide\u00e1lnych ot\u00e1\u010dok motora. Na\u0161e ozuben\u00e9 koles\u00e1 s\u00fa navy\u0161e navrhnut\u00e9 pre jednoduch\u00fa in\u0161tal\u00e1ciu a tich\u00fa prev\u00e1dzku, \u010d\u00edm eliminuj\u00fa ne\u017eiaduci hluk pre pohodln\u00fa jazdu.<\/p>\n<p class=\"break-words\" dir=\"auto\">Spolo\u010dnos\u0165 FMP si s d\u00f4verou stoj\u00ed za ka\u017ed\u00fdm produktom a pon\u00faka 2-ro\u010dn\u00fa z\u00e1ruku na v\u00fdrobn\u00e9 chyby. Na\u0161e ozuben\u00e9 vence a pastorky s\u00fa d\u00f4kladne testovan\u00e9 pre cestn\u00e9, ter\u00e9nne a dokonca aj pretek\u00e1rske aplik\u00e1cie, v\u010faka \u010domu s\u00fa d\u00f4veryhodnou vo\u013ebou pre nad\u0161encov aj profesion\u00e1lov. Moderniz\u00e1cia s FMP nie je len \u00faprava \u2013 je to invest\u00edcia do v\u00fdkonu, efektivity a dlhotrvaj\u00facej spo\u013eahlivosti. V pr\u00edpade z\u00e1ujmu o rie\u0161enia na mieru alebo \u0161pecifick\u00e9 ot\u00e1zky n\u00e1s kontaktujte a n\u00e1\u0161 \u0161pecializovan\u00fd t\u00edm v\u00e1m zabezpe\u010d\u00ed perfektn\u00fa ozuben\u00fa s\u00fapravu pre va\u0161e vozidlo.<\/p>\n<\/div>","protected":false},"excerpt":{"rendered":"<p>Specification Specification Value App Model Chrysler 8 Cover Bolt Quantity 10 Differential Carrier Break 3.54 Ratio and Higher Differential Case Design Type Chrysler 8 Gear Ratio 4.56 Pinion Gear Tooth Quantity 9 Pinion Shaft Diameter 1.406 (Inch) Pinion Spline Count 27 Ring Gear Bolt Quantity 10 Ring Gear Material 8620 Steel Ring Gear Outside Diameter [&hellip;]<\/p>","protected":false},"featured_media":7831,"comment_status":"open","ping_status":"closed","template":"","meta":{"_et_pb_use_builder":"","_et_pb_old_content":"","_et_gb_content_width":""},"product_brand":[],"product_cat":[115],"product_tag":[],"class_list":{"0":"post-7829","1":"product","2":"type-product","3":"status-publish","4":"has-post-thumbnail","6":"product_cat-ring-and-pinion-gears","8":"first","9":"instock","10":"shipping-taxable","11":"product-type-simple"},"_links":{"self":[{"href":"https:\/\/fmp-components.com\/sk\/wp-json\/wp\/v2\/product\/7829","targetHints":{"allow":["GET"]}}],"collection":[{"href":"https:\/\/fmp-components.com\/sk\/wp-json\/wp\/v2\/product"}],"about":[{"href":"https:\/\/fmp-components.com\/sk\/wp-json\/wp\/v2\/types\/product"}],"replies":[{"embeddable":true,"href":"https:\/\/fmp-components.com\/sk\/wp-json\/wp\/v2\/comments?post=7829"}],"wp:featuredmedia":[{"embeddable":true,"href":"https:\/\/fmp-components.com\/sk\/wp-json\/wp\/v2\/media\/7831"}],"wp:attachment":[{"href":"https:\/\/fmp-components.com\/sk\/wp-json\/wp\/v2\/media?parent=7829"}],"wp:term":[{"taxonomy":"product_brand","embeddable":true,"href":"https:\/\/fmp-components.com\/sk\/wp-json\/wp\/v2\/product_brand?post=7829"},{"taxonomy":"product_cat","embeddable":true,"href":"https:\/\/fmp-components.com\/sk\/wp-json\/wp\/v2\/product_cat?post=7829"},{"taxonomy":"product_tag","embeddable":true,"href":"https:\/\/fmp-components.com\/sk\/wp-json\/wp\/v2\/product_tag?post=7829"}],"curies":[{"name":"pracovn\u00fd list","href":"https:\/\/api.w.org\/{rel}","templated":true}]}}