{"id":7805,"date":"2025-04-08T05:32:24","date_gmt":"2025-04-08T05:32:24","guid":{"rendered":"https:\/\/fmp-components.com\/?post_type=product&#038;p=7805"},"modified":"2025-04-08T05:32:24","modified_gmt":"2025-04-08T05:32:24","slug":"ring-and-pinion-gears","status":"publish","type":"product","link":"https:\/\/fmp-components.com\/sk\/product\/ring-and-pinion-gears\/","title":{"rendered":"Ozuben\u00e9 koles\u00e1 s pastorkom a kr\u00fa\u017ekom"},"content":{"rendered":"<div>\n<h3 class=\"\" dir=\"auto\">Pochopenie ozuben\u00fdch kolies a pastorkov: Pohon v\u00e1\u0161ho vozidla<\/h3>\n<p class=\"break-words\" dir=\"auto\">Venkov\u00e9 ozuben\u00e9 koles\u00e1 s\u00fa z\u00e1kladn\u00fdmi s\u00fa\u010das\u0165ami pohonu vozidla, najm\u00e4 v diferenci\u00e1lnom syst\u00e9me. Tieto hypoidn\u00e9 ozuben\u00e9 koles\u00e1 efekt\u00edvne pren\u00e1\u0161aj\u00fa kr\u00fatiaci moment z motora na koles\u00e1 presmerovan\u00edm rot\u00e1cie hnacieho hriade\u013ea o 90 stup\u0148ov k n\u00e1prav\u00e1m. Venkov\u00e9 ozuben\u00e9 koles\u00e1 s\u00fa zn\u00e1me svojou pevnos\u0165ou, tich\u00fdm chodom a schopnos\u0165ou zvl\u00e1da\u0165 vysok\u00e9 reduk\u010dn\u00e9 pomery, prekon\u00e1vaj\u00fa alternat\u00edvne met\u00f3dy, v\u010faka \u010domu s\u00fa \u0161pi\u010dkovou vo\u013ebou v automobilovom priemysle. \u010ci u\u017e jazd\u00edte ru\u0161n\u00fdmi ulicami Mil\u00e1na alebo malebn\u00fdmi trasami Ben\u00e1tok, tieto ozuben\u00e9 koles\u00e1 zabezpe\u010duj\u00fa plynul\u00fd prenos v\u00fdkonu, spoma\u013euj\u00fa ot\u00e1\u010danie prevodovky na zvl\u00e1dnute\u013en\u00fa r\u00fdchlos\u0165 n\u00e1pravy a z\u00e1rove\u0148 zvy\u0161uj\u00fa kr\u00fatiaci moment pre optim\u00e1lny v\u00fdkon.<\/p>\n<h3 class=\"\" dir=\"auto\">Typy a v\u00fdhody ozuben\u00fdch kolies s vejcami a pastorkami<\/h3>\n<p class=\"break-words\" dir=\"auto\">Sady ozuben\u00fdch kolies s pastorkom sa dod\u00e1vaj\u00fa v troch hlavn\u00fdch typoch: loveck\u00e9, neloveck\u00e9 a \u010diasto\u010dn\u00e9 loveck\u00e9, pri\u010dom ka\u017ed\u00fd z nich je definovan\u00fd t\u00fdm, ako zuby pastorka interaguj\u00fa s ozuben\u00fdm vencom. Sady loveck\u00fdch kolies umo\u017e\u0148uj\u00fa \u0161ir\u0161\u00ed kontakt zubov po\u010das viacer\u00fdch ot\u00e1\u010dok, zatia\u013e \u010do sady bez lovu opakuj\u00fa kontakt s rovnak\u00fdmi zubami po\u010das jednej ot\u00e1\u010dky. \u010ciasto\u010dn\u00e9 lovenie sa nach\u00e1dza medzi nimi a pon\u00faka kombin\u00e1ciu oboch. Prevodov\u00fd pomer n\u00e1pravy \u2013 vypo\u010d\u00edtan\u00fd vydelen\u00edm zubov ozuben\u00e9ho venca po\u010dtom zubov pastorka \u2013 \u010falej upravuje v\u00fdkon. Vy\u0161\u0161\u00ed pomer (napr. 4,10) zvy\u0161uje zr\u00fdchlenie a \u0165a\u017en\u00fa silu, \u010do je ide\u00e1lne pre kopcovit\u00fd ter\u00e9n Florencie, zatia\u013e \u010do ni\u017e\u0161\u00ed pomer zvy\u0161uje spotrebu paliva pri dlh\u00fdch jazd\u00e1ch do Bologne. V\u010faka tejto v\u0161estrannosti s\u00fa ozuben\u00e9 koles\u00e1 s pastorkom k\u013e\u00fa\u010dovou vo\u013ebou pre vodi\u010dov v celom Taliansku.<\/p>\n<h3 class=\"\" dir=\"auto\">FMP: V\u00e1\u0161 d\u00f4veryhodn\u00fd dod\u00e1vate\u013e ozuben\u00fdch kolies a pastorkov v Taliansku<\/h3>\n<p class=\"break-words\" dir=\"auto\">V spolo\u010dnosti FMP sa \u0161pecializujeme na v\u00fdrobu vysokokvalitn\u00fdch ozuben\u00fdch kolies a pastorkov prisp\u00f4soben\u00fdch r\u00f4znym potreb\u00e1m, od \u0161tandardn\u00fdch s\u00faprav a\u017e po z\u00e1kazkov\u00e9 n\u00e1vrhy. V r\u00e1mci slu\u017eieb klientom v Mil\u00e1ne, Ben\u00e1tkach, Florencii, Bologni a \u010fal\u0161\u00edch krajin\u00e1ch vyr\u00e1bame ozuben\u00e9 koles\u00e1 v r\u00f4znych prevodov\u00fdch pomeroch a toleranci\u00e1ch, aby sme maximalizovali v\u00fdkon pohonu pre pou\u017eitie na cest\u00e1ch, v ter\u00e9ne alebo na trati. Ak v na\u0161om zozname produktov nevid\u00edte po\u017eadovan\u00fd model, nebojte sa, pravdepodobne \u010dak\u00e1 len na nahranie. Jednoducho n\u00e1m po\u0161lite svoje po\u017eiadavky e-mailom a na\u0161i sk\u00fasen\u00ed in\u017einieri, ktor\u00ed dodr\u017eiavaj\u00fa normy ISO9001, v\u00e1m do 24 hod\u00edn odpovedia s rie\u0161en\u00edm. D\u00f4verujte spolo\u010dnosti FMP, pokia\u013e ide o prec\u00edzne in\u017einierstvo, ktor\u00e9 spo\u013eahlivo a excelentne poh\u00e1\u0148a talianske cesty.<\/p>\n<\/div>","protected":false},"excerpt":{"rendered":"<p>Understanding Ring and Pinion Gears: Powering Your Vehicle Ring and pinion gears are essential components in a vehicle\u2019s drivetrain, particularly within the differential system. These hypoid gears efficiently transfer torque from the engine to the wheels by redirecting the driveshaft\u2019s rotation 90 degrees to the axle shafts. Known for their strength, quiet operation, and ability [&hellip;]<\/p>","protected":false},"featured_media":0,"comment_status":"open","ping_status":"closed","template":"","meta":{"_et_pb_use_builder":"","_et_pb_old_content":"","_et_gb_content_width":""},"product_brand":[],"product_cat":[114],"product_tag":[],"class_list":{"0":"post-7805","1":"product","2":"type-product","3":"status-publish","5":"product_cat-ring-gear","7":"first","8":"instock","9":"shipping-taxable","10":"product-type-simple"},"_links":{"self":[{"href":"https:\/\/fmp-components.com\/sk\/wp-json\/wp\/v2\/product\/7805","targetHints":{"allow":["GET"]}}],"collection":[{"href":"https:\/\/fmp-components.com\/sk\/wp-json\/wp\/v2\/product"}],"about":[{"href":"https:\/\/fmp-components.com\/sk\/wp-json\/wp\/v2\/types\/product"}],"replies":[{"embeddable":true,"href":"https:\/\/fmp-components.com\/sk\/wp-json\/wp\/v2\/comments?post=7805"}],"wp:attachment":[{"href":"https:\/\/fmp-components.com\/sk\/wp-json\/wp\/v2\/media?parent=7805"}],"wp:term":[{"taxonomy":"product_brand","embeddable":true,"href":"https:\/\/fmp-components.com\/sk\/wp-json\/wp\/v2\/product_brand?post=7805"},{"taxonomy":"product_cat","embeddable":true,"href":"https:\/\/fmp-components.com\/sk\/wp-json\/wp\/v2\/product_cat?post=7805"},{"taxonomy":"product_tag","embeddable":true,"href":"https:\/\/fmp-components.com\/sk\/wp-json\/wp\/v2\/product_tag?post=7805"}],"curies":[{"name":"pracovn\u00fd list","href":"https:\/\/api.w.org\/{rel}","templated":true}]}}